{"id":6981,"date":"2021-05-11T13:39:48","date_gmt":"2021-09-07T10:23:58","guid":{"rendered":"https:\/\/naturalpoland.pl\/produkty\/nezarazene\/extrakt-z-korene-zazvoru\/"},"modified":"2021-09-07T12:23:58","modified_gmt":"2021-09-07T10:23:58","slug":"vytazek-z-korene-zazvoru","status":"publish","type":"product","link":"https:\/\/naturalpoland.com\/cs\/produkty\/rostlinne-vytazky\/vytazek-z-korene-zazvoru\/","title":{"rendered":"Extrakt z ko\u0159ene z\u00e1zvoru"},"content":{"rendered":"<p>Extrakt ze z\u00e1zvoru p\u0159edch\u00e1z\u00ed infekc\u00edm a podporuje imunitu. Pokud se pou\u017e\u00edv\u00e1 jako p\u0159\u00eddavek do pol\u00e9vek, om\u00e1\u010dek nebo \u010daje, dokonale proh\u0159eje t\u011blo a pom\u016f\u017ee v boji proti nachlazen\u00ed a ch\u0159ipce. Z\u00e1zvor dod\u00e1v\u00e1 pokrm\u016fm v\u00fdraznou ko\u0159en\u011bnou a p\u00e1livou chu\u0165 s citronov\u00fdm n\u00e1dechem.<\/p>\n<p>Z\u00e1zvor m\u00e1 za n\u00e1sledek sn\u00ed\u017een\u00ed nevolnosti b\u011bhem t\u011bhotenstv\u00ed a po rakovin\u011b. Studie tak\u00e9 ukazuj\u00ed, \u017ee sni\u017euje bolest a z\u00e1n\u011bt.<\/p>\n","protected":false},"excerpt":{"rendered":"<p>Vysoce kvalitn\u00ed z\u00e1zvorov\u00fd extrakt.<\/p>\n<p>Z\u00e1zvor (Zingiber officinale) m\u00e1 sladce ko\u0159en\u011bnou, lehce citronovou chu\u0165. Zn\u00e1m\u00fd jako ko\u0159en\u00ed po tis\u00edce let, m\u00e1 tak\u00e9 \u0161irok\u00fd \u00fa\u010dinek na zdrav\u00ed. B\u011b\u017en\u011b se pou\u017e\u00edv\u00e1 do such\u00fdch a sladk\u00fdch pokrm\u016f, stejn\u011b jako h\u0159ejiv\u00fd dopln\u011bk \u010daje p\u0159i nachlazen\u00ed.<\/p>\n","protected":false},"featured_media":28906,"template":"","meta":{"_acf_changed":false},"product_brand":[],"product_cat":[622],"product_tag":[],"class_list":{"0":"post-6981","1":"product","2":"type-product","3":"status-publish","4":"has-post-thumbnail","6":"product_cat-rostlinne-vytazky","7":"pa_czesc-rosliny-root","9":"first","10":"instock","11":"shipping-taxable","12":"product-type-simple"},"acf":[],"yoast_head":"<!-- This site is optimized with the Yoast SEO plugin v27.5 - https:\/\/yoast.com\/product\/yoast-seo-wordpress\/ -->\n<title>Extrakt z ko\u0159ene z\u00e1zvoru - Velkoobchodn\u00ed distributor<\/title>\n<meta name=\"robots\" content=\"index, follow, max-snippet:-1, max-image-preview:large, max-video-preview:-1\" \/>\n<link rel=\"canonical\" href=\"https:\/\/naturalpoland.com\/cs\/produkty\/rostlinne-vytazky\/vytazek-z-korene-zazvoru\/\" \/>\n<meta property=\"og:locale\" content=\"cs_CZ\" \/>\n<meta property=\"og:type\" content=\"article\" \/>\n<meta property=\"og:title\" content=\"Extrakt z ko\u0159ene z\u00e1zvoru - Velkoobchodn\u00ed distributor\" \/>\n<meta property=\"og:description\" content=\"Vysoce kvalitn\u00ed z\u00e1zvorov\u00fd extrakt. Z\u00e1zvor (Zingiber officinale) m\u00e1 sladce ko\u0159en\u011bnou, lehce citronovou chu\u0165. Zn\u00e1m\u00fd jako ko\u0159en\u00ed po tis\u00edce let, m\u00e1 tak\u00e9 \u0161irok\u00fd \u00fa\u010dinek na zdrav\u00ed. B\u011b\u017en\u011b se pou\u017e\u00edv\u00e1 do such\u00fdch a sladk\u00fdch pokrm\u016f, stejn\u011b jako h\u0159ejiv\u00fd dopln\u011bk \u010daje p\u0159i nachlazen\u00ed.\" \/>\n<meta property=\"og:url\" content=\"https:\/\/naturalpoland.com\/cs\/produkty\/rostlinne-vytazky\/vytazek-z-korene-zazvoru\/\" \/>\n<meta property=\"og:site_name\" content=\"NATURAL POLAND - Velkoobchodn\u00ed distributor surovin\" \/>\n<meta property=\"article:publisher\" content=\"https:\/\/www.facebook.com\/naturalpoland.b2b\" \/>\n<meta property=\"og:image\" content=\"https:\/\/naturalpoland.com\/wp-content\/uploads\/ginger_root_extract.webp\" \/>\n\t<meta property=\"og:image:width\" content=\"612\" \/>\n\t<meta property=\"og:image:height\" content=\"612\" \/>\n\t<meta property=\"og:image:type\" content=\"image\/webp\" \/>\n<script type=\"application\/ld+json\" class=\"yoast-schema-graph\">{\"@context\":\"https:\\\/\\\/schema.org\",\"@graph\":[{\"@type\":\"WebPage\",\"@id\":\"https:\\\/\\\/naturalpoland.com\\\/cs\\\/produkty\\\/rostlinne-vytazky\\\/vytazek-z-korene-zazvoru\\\/\",\"url\":\"https:\\\/\\\/naturalpoland.com\\\/cs\\\/produkty\\\/rostlinne-vytazky\\\/vytazek-z-korene-zazvoru\\\/\",\"name\":\"Extrakt z ko\u0159ene z\u00e1zvoru - Velkoobchodn\u00ed distributor\",\"isPartOf\":{\"@id\":\"https:\\\/\\\/naturalpoland.com\\\/cs\\\/#website\"},\"primaryImageOfPage\":{\"@id\":\"https:\\\/\\\/naturalpoland.com\\\/cs\\\/produkty\\\/rostlinne-vytazky\\\/vytazek-z-korene-zazvoru\\\/#primaryimage\"},\"image\":{\"@id\":\"https:\\\/\\\/naturalpoland.com\\\/cs\\\/produkty\\\/rostlinne-vytazky\\\/vytazek-z-korene-zazvoru\\\/#primaryimage\"},\"thumbnailUrl\":\"https:\\\/\\\/naturalpoland.com\\\/wp-content\\\/uploads\\\/ginger_root_extract.webp\",\"datePublished\":\"2021-09-07T10:23:58+00:00\",\"breadcrumb\":{\"@id\":\"https:\\\/\\\/naturalpoland.com\\\/cs\\\/produkty\\\/rostlinne-vytazky\\\/vytazek-z-korene-zazvoru\\\/#breadcrumb\"},\"inLanguage\":\"cs\",\"potentialAction\":[{\"@type\":\"ReadAction\",\"target\":[\"https:\\\/\\\/naturalpoland.com\\\/cs\\\/produkty\\\/rostlinne-vytazky\\\/vytazek-z-korene-zazvoru\\\/\"]}]},{\"@type\":\"ImageObject\",\"inLanguage\":\"cs\",\"@id\":\"https:\\\/\\\/naturalpoland.com\\\/cs\\\/produkty\\\/rostlinne-vytazky\\\/vytazek-z-korene-zazvoru\\\/#primaryimage\",\"url\":\"https:\\\/\\\/naturalpoland.com\\\/wp-content\\\/uploads\\\/ginger_root_extract.webp\",\"contentUrl\":\"https:\\\/\\\/naturalpoland.com\\\/wp-content\\\/uploads\\\/ginger_root_extract.webp\",\"width\":612,\"height\":612,\"caption\":\"ginger root extract\"},{\"@type\":\"BreadcrumbList\",\"@id\":\"https:\\\/\\\/naturalpoland.com\\\/cs\\\/produkty\\\/rostlinne-vytazky\\\/vytazek-z-korene-zazvoru\\\/#breadcrumb\",\"itemListElement\":[{\"@type\":\"ListItem\",\"position\":1,\"name\":\"Dom\u016f\",\"item\":\"https:\\\/\\\/naturalpoland.com\\\/cs\\\/\"},{\"@type\":\"ListItem\",\"position\":2,\"name\":\"Produkty\",\"item\":\"https:\\\/\\\/naturalpoland.com\\\/cs\\\/produkty\\\/\"},{\"@type\":\"ListItem\",\"position\":3,\"name\":\"Extrakt z ko\u0159ene z\u00e1zvoru\"}]},{\"@type\":\"WebSite\",\"@id\":\"https:\\\/\\\/naturalpoland.com\\\/cs\\\/#website\",\"url\":\"https:\\\/\\\/naturalpoland.com\\\/cs\\\/\",\"name\":\"NATURAL POLAND - Velkoobchodn\u00ed distributor surovin\",\"description\":\"Surowce dla przemys\u0142u spo\u017cywczego, kosmetycznego i farmaceutycznego\",\"publisher\":{\"@id\":\"https:\\\/\\\/naturalpoland.com\\\/cs\\\/#organization\"},\"potentialAction\":[{\"@type\":\"SearchAction\",\"target\":{\"@type\":\"EntryPoint\",\"urlTemplate\":\"https:\\\/\\\/naturalpoland.com\\\/cs\\\/?s={search_term_string}\"},\"query-input\":{\"@type\":\"PropertyValueSpecification\",\"valueRequired\":true,\"valueName\":\"search_term_string\"}}],\"inLanguage\":\"cs\"},{\"@type\":\"Organization\",\"@id\":\"https:\\\/\\\/naturalpoland.com\\\/cs\\\/#organization\",\"name\":\"Natural Poland\",\"url\":\"https:\\\/\\\/naturalpoland.com\\\/cs\\\/\",\"logo\":{\"@type\":\"ImageObject\",\"inLanguage\":\"cs\",\"@id\":\"https:\\\/\\\/naturalpoland.com\\\/cs\\\/#\\\/schema\\\/logo\\\/image\\\/\",\"url\":\"https:\\\/\\\/naturalpoland.com\\\/wp-content\\\/uploads\\\/2021\\\/05\\\/natural-poland-icon.png\",\"contentUrl\":\"https:\\\/\\\/naturalpoland.com\\\/wp-content\\\/uploads\\\/2021\\\/05\\\/natural-poland-icon.png\",\"width\":512,\"height\":512,\"caption\":\"Natural Poland\"},\"image\":{\"@id\":\"https:\\\/\\\/naturalpoland.com\\\/cs\\\/#\\\/schema\\\/logo\\\/image\\\/\"},\"sameAs\":[\"https:\\\/\\\/www.facebook.com\\\/naturalpoland.b2b\",\"https:\\\/\\\/pl.linkedin.com\\\/company\\\/natural-poland\",\"https:\\\/\\\/www.youtube.com\\\/channel\\\/UCgeGGkvOMahZo-xu_MSEWxg\"]}]}<\/script>\n<!-- \/ Yoast SEO plugin. -->","yoast_head_json":{"title":"Extrakt z ko\u0159ene z\u00e1zvoru - Velkoobchodn\u00ed distributor","robots":{"index":"index","follow":"follow","max-snippet":"max-snippet:-1","max-image-preview":"max-image-preview:large","max-video-preview":"max-video-preview:-1"},"canonical":"https:\/\/naturalpoland.com\/cs\/produkty\/rostlinne-vytazky\/vytazek-z-korene-zazvoru\/","og_locale":"cs_CZ","og_type":"article","og_title":"Extrakt z ko\u0159ene z\u00e1zvoru - Velkoobchodn\u00ed distributor","og_description":"Vysoce kvalitn\u00ed z\u00e1zvorov\u00fd extrakt. Z\u00e1zvor (Zingiber officinale) m\u00e1 sladce ko\u0159en\u011bnou, lehce citronovou chu\u0165. Zn\u00e1m\u00fd jako ko\u0159en\u00ed po tis\u00edce let, m\u00e1 tak\u00e9 \u0161irok\u00fd \u00fa\u010dinek na zdrav\u00ed. B\u011b\u017en\u011b se pou\u017e\u00edv\u00e1 do such\u00fdch a sladk\u00fdch pokrm\u016f, stejn\u011b jako h\u0159ejiv\u00fd dopln\u011bk \u010daje p\u0159i nachlazen\u00ed.","og_url":"https:\/\/naturalpoland.com\/cs\/produkty\/rostlinne-vytazky\/vytazek-z-korene-zazvoru\/","og_site_name":"NATURAL POLAND - Velkoobchodn\u00ed distributor surovin","article_publisher":"https:\/\/www.facebook.com\/naturalpoland.b2b","og_image":[{"width":612,"height":612,"url":"https:\/\/naturalpoland.com\/wp-content\/uploads\/ginger_root_extract.webp","type":"image\/webp"}],"schema":{"@context":"https:\/\/schema.org","@graph":[{"@type":"WebPage","@id":"https:\/\/naturalpoland.com\/cs\/produkty\/rostlinne-vytazky\/vytazek-z-korene-zazvoru\/","url":"https:\/\/naturalpoland.com\/cs\/produkty\/rostlinne-vytazky\/vytazek-z-korene-zazvoru\/","name":"Extrakt z ko\u0159ene z\u00e1zvoru - Velkoobchodn\u00ed distributor","isPartOf":{"@id":"https:\/\/naturalpoland.com\/cs\/#website"},"primaryImageOfPage":{"@id":"https:\/\/naturalpoland.com\/cs\/produkty\/rostlinne-vytazky\/vytazek-z-korene-zazvoru\/#primaryimage"},"image":{"@id":"https:\/\/naturalpoland.com\/cs\/produkty\/rostlinne-vytazky\/vytazek-z-korene-zazvoru\/#primaryimage"},"thumbnailUrl":"https:\/\/naturalpoland.com\/wp-content\/uploads\/ginger_root_extract.webp","datePublished":"2021-09-07T10:23:58+00:00","breadcrumb":{"@id":"https:\/\/naturalpoland.com\/cs\/produkty\/rostlinne-vytazky\/vytazek-z-korene-zazvoru\/#breadcrumb"},"inLanguage":"cs","potentialAction":[{"@type":"ReadAction","target":["https:\/\/naturalpoland.com\/cs\/produkty\/rostlinne-vytazky\/vytazek-z-korene-zazvoru\/"]}]},{"@type":"ImageObject","inLanguage":"cs","@id":"https:\/\/naturalpoland.com\/cs\/produkty\/rostlinne-vytazky\/vytazek-z-korene-zazvoru\/#primaryimage","url":"https:\/\/naturalpoland.com\/wp-content\/uploads\/ginger_root_extract.webp","contentUrl":"https:\/\/naturalpoland.com\/wp-content\/uploads\/ginger_root_extract.webp","width":612,"height":612,"caption":"ginger root extract"},{"@type":"BreadcrumbList","@id":"https:\/\/naturalpoland.com\/cs\/produkty\/rostlinne-vytazky\/vytazek-z-korene-zazvoru\/#breadcrumb","itemListElement":[{"@type":"ListItem","position":1,"name":"Dom\u016f","item":"https:\/\/naturalpoland.com\/cs\/"},{"@type":"ListItem","position":2,"name":"Produkty","item":"https:\/\/naturalpoland.com\/cs\/produkty\/"},{"@type":"ListItem","position":3,"name":"Extrakt z ko\u0159ene z\u00e1zvoru"}]},{"@type":"WebSite","@id":"https:\/\/naturalpoland.com\/cs\/#website","url":"https:\/\/naturalpoland.com\/cs\/","name":"NATURAL POLAND - Velkoobchodn\u00ed distributor surovin","description":"Surowce dla przemys\u0142u spo\u017cywczego, kosmetycznego i farmaceutycznego","publisher":{"@id":"https:\/\/naturalpoland.com\/cs\/#organization"},"potentialAction":[{"@type":"SearchAction","target":{"@type":"EntryPoint","urlTemplate":"https:\/\/naturalpoland.com\/cs\/?s={search_term_string}"},"query-input":{"@type":"PropertyValueSpecification","valueRequired":true,"valueName":"search_term_string"}}],"inLanguage":"cs"},{"@type":"Organization","@id":"https:\/\/naturalpoland.com\/cs\/#organization","name":"Natural Poland","url":"https:\/\/naturalpoland.com\/cs\/","logo":{"@type":"ImageObject","inLanguage":"cs","@id":"https:\/\/naturalpoland.com\/cs\/#\/schema\/logo\/image\/","url":"https:\/\/naturalpoland.com\/wp-content\/uploads\/2021\/05\/natural-poland-icon.png","contentUrl":"https:\/\/naturalpoland.com\/wp-content\/uploads\/2021\/05\/natural-poland-icon.png","width":512,"height":512,"caption":"Natural Poland"},"image":{"@id":"https:\/\/naturalpoland.com\/cs\/#\/schema\/logo\/image\/"},"sameAs":["https:\/\/www.facebook.com\/naturalpoland.b2b","https:\/\/pl.linkedin.com\/company\/natural-poland","https:\/\/www.youtube.com\/channel\/UCgeGGkvOMahZo-xu_MSEWxg"]}]}},"_links":{"self":[{"href":"https:\/\/naturalpoland.com\/cs\/wp-json\/wp\/v2\/product\/6981","targetHints":{"allow":["GET"]}}],"collection":[{"href":"https:\/\/naturalpoland.com\/cs\/wp-json\/wp\/v2\/product"}],"about":[{"href":"https:\/\/naturalpoland.com\/cs\/wp-json\/wp\/v2\/types\/product"}],"wp:featuredmedia":[{"embeddable":true,"href":"https:\/\/naturalpoland.com\/cs\/wp-json\/wp\/v2\/media\/28906"}],"wp:attachment":[{"href":"https:\/\/naturalpoland.com\/cs\/wp-json\/wp\/v2\/media?parent=6981"}],"wp:term":[{"taxonomy":"product_brand","embeddable":true,"href":"https:\/\/naturalpoland.com\/cs\/wp-json\/wp\/v2\/product_brand?post=6981"},{"taxonomy":"product_cat","embeddable":true,"href":"https:\/\/naturalpoland.com\/cs\/wp-json\/wp\/v2\/product_cat?post=6981"},{"taxonomy":"product_tag","embeddable":true,"href":"https:\/\/naturalpoland.com\/cs\/wp-json\/wp\/v2\/product_tag?post=6981"}],"curies":[{"name":"wp","href":"https:\/\/api.w.org\/{rel}","templated":true}]}}