{"id":7000,"date":"2021-05-11T13:49:21","date_gmt":"2021-09-07T10:24:20","guid":{"rendered":"https:\/\/naturalpoland.pl\/produkty\/nezarazene\/amarantovy-olej\/"},"modified":"2024-11-06T13:16:46","modified_gmt":"2024-11-06T12:16:46","slug":"olej-z-amarantu","status":"publish","type":"product","link":"https:\/\/naturalpoland.com\/cs\/produkty\/produkty-pro-potravinarsky-prumysl\/jedle-oleje\/olej-z-amarantu\/","title":{"rendered":"Amarantov\u00fd olej"},"content":{"rendered":"<p>Amarantov\u00fd olej m\u00e1 charakteristickou jemnou chu\u0165 a v\u016fni a jeho na\u017eloutl\u00e1 barva sv\u011bd\u010d\u00ed o p\u0159\u00edrodn\u00edm p\u016fvodu.<\/p>\n<h2>Pou\u017eit\u00ed:<\/h2>\n<p><strong>V potravin\u00e1\u0159stv\u00ed<\/strong> se amarantov\u00fd olej pou\u017e\u00edv\u00e1 jako chu\u0165ov\u011b v\u00fdrazn\u00fd dopln\u011bk sal\u00e1t\u016f, pol\u00e9vek, dip\u016f a pokrm\u016f z quinoy, raj\u010dat a lu\u0161t\u011bnin. V kuchyni je cen\u011bn tak\u00e9 jako dopln\u011bk stravy pro ty, kte\u0159\u00ed ocen\u00ed zdrav\u00e9 tuky, kter\u00e9 pom\u00e1haj\u00ed regulovat hladinu krevn\u00edch lipid\u016f. Obsah kyselin linolov\u00e9 a olejov\u00e9, kter\u00e9 jsou pro amarant charakteristick\u00e9, podporuje metabolismus lipid\u016f v t\u011ble a p\u0159\u00edtomnost skvalenu dod\u00e1v\u00e1 oleji siln\u00e9 antioxida\u010dn\u00ed vlastnosti, kter\u00e9 pom\u00e1haj\u00ed v boji proti oxida\u010dn\u00edmu stresu a zpomaluj\u00ed proces st\u00e1rnut\u00ed. <strong>V kosmetice<\/strong> je amarantov\u00fd olej cen\u011bn pro sv\u00e9 hydrata\u010dn\u00ed a regenera\u010dn\u00ed vlastnosti. Jeho vysok\u00fd obsah skvalenu a <a href=\"https:\/\/naturalpoland.com\/produkty\/produkty-dla-przemyslu-farmaceutycznego-i-medycznego\/witaminy\/witamina-e\/\"><strong>vitaminu E<\/strong><\/a> poskytuje poko\u017ece intenzivn\u00ed hydrataci a ochranu p\u0159ed ztr\u00e1tou vody a z\u00e1rove\u0148 posiluje epiderm\u00e1ln\u00ed lipidovou bari\u00e9ru. M\u00e1 tak\u00e9 zklid\u0148uj\u00edc\u00ed \u00fa\u010dinek na podr\u00e1\u017ed\u011bn\u00ed a z\u00e1n\u011bty, podporuje hojen\u00ed a d\u00edky vysok\u00e9mu obsahu kyseliny linolov\u00e9 sni\u017euje riziko tvorby \u010dern\u00fdch te\u010dek. Jako slo\u017eka vlasov\u00fdch p\u0159\u00edpravk\u016f posiluje vlasov\u00e9 ko\u0159\u00ednky a podporuje regeneraci vlasov\u00e9 struktury, \u010d\u00edm\u017e zabra\u0148uje nadm\u011brn\u00e9mu vypad\u00e1v\u00e1n\u00ed vlas\u016f. Olej ze semen amarantu vykazuje tak\u00e9 antibakteri\u00e1ln\u00ed a protipl\u00eds\u0148ov\u00e9 vlastnosti pou\u017e\u00edvan\u00e9 v dermatologick\u00fdch p\u0159\u00edpravc\u00edch a jeho hypolipemick\u00e9 p\u016fsoben\u00ed z n\u011bj \u010din\u00ed cennou slo\u017eku pro prevenci kardiovaskul\u00e1rn\u00edch onemocn\u011bn\u00ed.  <\/p>\n","protected":false},"excerpt":{"rendered":"<p><strong>Amarantov\u00fd olej<\/strong> se z\u00edsk\u00e1v\u00e1 ze semen <strong>amarantu<\/strong> lisov\u00e1n\u00edm za studena. Je bohat\u00fd na skvalen a vitaminy A a E a je cennou slo\u017ekou stravy a kosmetiky. <\/p>\n","protected":false},"featured_media":6824,"template":"","meta":{"_acf_changed":false},"product_brand":[],"product_cat":[625,640,636],"product_tag":[6846],"class_list":{"0":"post-7000","1":"product","2":"type-product","3":"status-publish","4":"has-post-thumbnail","6":"product_cat-jedle-a-kosmeticke-oleje","7":"product_cat-jedle-oleje","8":"product_cat-kosmeticke-oleje","9":"product_tag-bylinny-olej","10":"pa_czesc-rosliny-semena","11":"pa_metoda-pozyskiwania-lisovani-za-studena","13":"first","14":"instock","15":"shipping-taxable","16":"product-type-simple"},"acf":[],"yoast_head":"<!-- This site is optimized with the Yoast SEO plugin v27.5 - https:\/\/yoast.com\/product\/yoast-seo-wordpress\/ -->\n<title>Amarantov\u00fd olej - NATURAL POLAND - Velkoobchodn\u00ed distributor surovin<\/title>\n<meta name=\"description\" content=\"Amarantov\u00fd olej z\u00edskan\u00fd lisov\u00e1n\u00edm za studena ze semen amarantu se vyzna\u010duje v\u0161estrann\u00fdm p\u016fsoben\u00edm a vysokou kvalitou.\" \/>\n<meta name=\"robots\" content=\"index, follow, max-snippet:-1, max-image-preview:large, max-video-preview:-1\" \/>\n<link rel=\"canonical\" href=\"https:\/\/naturalpoland.com\/cs\/produkty\/produkty-pro-potravinarsky-prumysl\/jedle-oleje\/olej-z-amarantu\/\" \/>\n<meta property=\"og:locale\" content=\"cs_CZ\" \/>\n<meta property=\"og:type\" content=\"article\" \/>\n<meta property=\"og:title\" content=\"Amarantov\u00fd olej - NATURAL POLAND - Velkoobchodn\u00ed distributor surovin\" \/>\n<meta property=\"og:description\" content=\"Amarantov\u00fd olej z\u00edskan\u00fd lisov\u00e1n\u00edm za studena ze semen amarantu se vyzna\u010duje v\u0161estrann\u00fdm p\u016fsoben\u00edm a vysokou kvalitou.\" \/>\n<meta property=\"og:url\" content=\"https:\/\/naturalpoland.com\/cs\/produkty\/produkty-pro-potravinarsky-prumysl\/jedle-oleje\/olej-z-amarantu\/\" \/>\n<meta property=\"og:site_name\" content=\"NATURAL POLAND - Velkoobchodn\u00ed distributor surovin\" \/>\n<meta property=\"article:publisher\" content=\"https:\/\/www.facebook.com\/naturalpoland.b2b\" \/>\n<meta property=\"article:modified_time\" content=\"2024-11-06T12:16:46+00:00\" \/>\n<meta property=\"og:image\" content=\"https:\/\/naturalpoland.com\/wp-content\/uploads\/olej-z-amarantusa-natural-poland.jpg\" \/>\n\t<meta property=\"og:image:width\" content=\"650\" \/>\n\t<meta property=\"og:image:height\" content=\"650\" \/>\n\t<meta property=\"og:image:type\" content=\"image\/jpeg\" \/>\n<script type=\"application\/ld+json\" class=\"yoast-schema-graph\">{\"@context\":\"https:\\\/\\\/schema.org\",\"@graph\":[{\"@type\":\"WebPage\",\"@id\":\"https:\\\/\\\/naturalpoland.com\\\/cs\\\/produkty\\\/produkty-pro-potravinarsky-prumysl\\\/jedle-oleje\\\/olej-z-amarantu\\\/\",\"url\":\"https:\\\/\\\/naturalpoland.com\\\/cs\\\/produkty\\\/produkty-pro-potravinarsky-prumysl\\\/jedle-oleje\\\/olej-z-amarantu\\\/\",\"name\":\"Amarantov\u00fd olej - NATURAL POLAND - Velkoobchodn\u00ed distributor surovin\",\"isPartOf\":{\"@id\":\"https:\\\/\\\/naturalpoland.com\\\/cs\\\/#website\"},\"primaryImageOfPage\":{\"@id\":\"https:\\\/\\\/naturalpoland.com\\\/cs\\\/produkty\\\/produkty-pro-potravinarsky-prumysl\\\/jedle-oleje\\\/olej-z-amarantu\\\/#primaryimage\"},\"image\":{\"@id\":\"https:\\\/\\\/naturalpoland.com\\\/cs\\\/produkty\\\/produkty-pro-potravinarsky-prumysl\\\/jedle-oleje\\\/olej-z-amarantu\\\/#primaryimage\"},\"thumbnailUrl\":\"https:\\\/\\\/naturalpoland.com\\\/wp-content\\\/uploads\\\/olej-z-amarantusa-natural-poland.jpg\",\"datePublished\":\"2021-09-07T10:24:20+00:00\",\"dateModified\":\"2024-11-06T12:16:46+00:00\",\"description\":\"Amarantov\u00fd olej z\u00edskan\u00fd lisov\u00e1n\u00edm za studena ze semen amarantu se vyzna\u010duje v\u0161estrann\u00fdm p\u016fsoben\u00edm a vysokou kvalitou.\",\"breadcrumb\":{\"@id\":\"https:\\\/\\\/naturalpoland.com\\\/cs\\\/produkty\\\/produkty-pro-potravinarsky-prumysl\\\/jedle-oleje\\\/olej-z-amarantu\\\/#breadcrumb\"},\"inLanguage\":\"cs\",\"potentialAction\":[{\"@type\":\"ReadAction\",\"target\":[\"https:\\\/\\\/naturalpoland.com\\\/cs\\\/produkty\\\/produkty-pro-potravinarsky-prumysl\\\/jedle-oleje\\\/olej-z-amarantu\\\/\"]}]},{\"@type\":\"ImageObject\",\"inLanguage\":\"cs\",\"@id\":\"https:\\\/\\\/naturalpoland.com\\\/cs\\\/produkty\\\/produkty-pro-potravinarsky-prumysl\\\/jedle-oleje\\\/olej-z-amarantu\\\/#primaryimage\",\"url\":\"https:\\\/\\\/naturalpoland.com\\\/wp-content\\\/uploads\\\/olej-z-amarantusa-natural-poland.jpg\",\"contentUrl\":\"https:\\\/\\\/naturalpoland.com\\\/wp-content\\\/uploads\\\/olej-z-amarantusa-natural-poland.jpg\",\"width\":650,\"height\":650,\"caption\":\"amarantov\u00fd olej\"},{\"@type\":\"BreadcrumbList\",\"@id\":\"https:\\\/\\\/naturalpoland.com\\\/cs\\\/produkty\\\/produkty-pro-potravinarsky-prumysl\\\/jedle-oleje\\\/olej-z-amarantu\\\/#breadcrumb\",\"itemListElement\":[{\"@type\":\"ListItem\",\"position\":1,\"name\":\"Dom\u016f\",\"item\":\"https:\\\/\\\/naturalpoland.com\\\/cs\\\/\"},{\"@type\":\"ListItem\",\"position\":2,\"name\":\"Produkty\",\"item\":\"https:\\\/\\\/naturalpoland.com\\\/cs\\\/produkty\\\/\"},{\"@type\":\"ListItem\",\"position\":3,\"name\":\"Amarantov\u00fd olej\"}]},{\"@type\":\"WebSite\",\"@id\":\"https:\\\/\\\/naturalpoland.com\\\/cs\\\/#website\",\"url\":\"https:\\\/\\\/naturalpoland.com\\\/cs\\\/\",\"name\":\"NATURAL POLAND - Velkoobchodn\u00ed distributor surovin\",\"description\":\"Surowce dla przemys\u0142u spo\u017cywczego, kosmetycznego i farmaceutycznego\",\"publisher\":{\"@id\":\"https:\\\/\\\/naturalpoland.com\\\/cs\\\/#organization\"},\"potentialAction\":[{\"@type\":\"SearchAction\",\"target\":{\"@type\":\"EntryPoint\",\"urlTemplate\":\"https:\\\/\\\/naturalpoland.com\\\/cs\\\/?s={search_term_string}\"},\"query-input\":{\"@type\":\"PropertyValueSpecification\",\"valueRequired\":true,\"valueName\":\"search_term_string\"}}],\"inLanguage\":\"cs\"},{\"@type\":\"Organization\",\"@id\":\"https:\\\/\\\/naturalpoland.com\\\/cs\\\/#organization\",\"name\":\"Natural Poland\",\"url\":\"https:\\\/\\\/naturalpoland.com\\\/cs\\\/\",\"logo\":{\"@type\":\"ImageObject\",\"inLanguage\":\"cs\",\"@id\":\"https:\\\/\\\/naturalpoland.com\\\/cs\\\/#\\\/schema\\\/logo\\\/image\\\/\",\"url\":\"https:\\\/\\\/naturalpoland.com\\\/wp-content\\\/uploads\\\/2021\\\/05\\\/natural-poland-icon.png\",\"contentUrl\":\"https:\\\/\\\/naturalpoland.com\\\/wp-content\\\/uploads\\\/2021\\\/05\\\/natural-poland-icon.png\",\"width\":512,\"height\":512,\"caption\":\"Natural Poland\"},\"image\":{\"@id\":\"https:\\\/\\\/naturalpoland.com\\\/cs\\\/#\\\/schema\\\/logo\\\/image\\\/\"},\"sameAs\":[\"https:\\\/\\\/www.facebook.com\\\/naturalpoland.b2b\",\"https:\\\/\\\/pl.linkedin.com\\\/company\\\/natural-poland\",\"https:\\\/\\\/www.youtube.com\\\/channel\\\/UCgeGGkvOMahZo-xu_MSEWxg\"]}]}<\/script>\n<!-- \/ Yoast SEO plugin. -->","yoast_head_json":{"title":"Amarantov\u00fd olej - NATURAL POLAND - Velkoobchodn\u00ed distributor surovin","description":"Amarantov\u00fd olej z\u00edskan\u00fd lisov\u00e1n\u00edm za studena ze semen amarantu se vyzna\u010duje v\u0161estrann\u00fdm p\u016fsoben\u00edm a vysokou kvalitou.","robots":{"index":"index","follow":"follow","max-snippet":"max-snippet:-1","max-image-preview":"max-image-preview:large","max-video-preview":"max-video-preview:-1"},"canonical":"https:\/\/naturalpoland.com\/cs\/produkty\/produkty-pro-potravinarsky-prumysl\/jedle-oleje\/olej-z-amarantu\/","og_locale":"cs_CZ","og_type":"article","og_title":"Amarantov\u00fd olej - NATURAL POLAND - Velkoobchodn\u00ed distributor surovin","og_description":"Amarantov\u00fd olej z\u00edskan\u00fd lisov\u00e1n\u00edm za studena ze semen amarantu se vyzna\u010duje v\u0161estrann\u00fdm p\u016fsoben\u00edm a vysokou kvalitou.","og_url":"https:\/\/naturalpoland.com\/cs\/produkty\/produkty-pro-potravinarsky-prumysl\/jedle-oleje\/olej-z-amarantu\/","og_site_name":"NATURAL POLAND - Velkoobchodn\u00ed distributor surovin","article_publisher":"https:\/\/www.facebook.com\/naturalpoland.b2b","article_modified_time":"2024-11-06T12:16:46+00:00","og_image":[{"width":650,"height":650,"url":"https:\/\/naturalpoland.com\/wp-content\/uploads\/olej-z-amarantusa-natural-poland.jpg","type":"image\/jpeg"}],"schema":{"@context":"https:\/\/schema.org","@graph":[{"@type":"WebPage","@id":"https:\/\/naturalpoland.com\/cs\/produkty\/produkty-pro-potravinarsky-prumysl\/jedle-oleje\/olej-z-amarantu\/","url":"https:\/\/naturalpoland.com\/cs\/produkty\/produkty-pro-potravinarsky-prumysl\/jedle-oleje\/olej-z-amarantu\/","name":"Amarantov\u00fd olej - NATURAL POLAND - Velkoobchodn\u00ed distributor surovin","isPartOf":{"@id":"https:\/\/naturalpoland.com\/cs\/#website"},"primaryImageOfPage":{"@id":"https:\/\/naturalpoland.com\/cs\/produkty\/produkty-pro-potravinarsky-prumysl\/jedle-oleje\/olej-z-amarantu\/#primaryimage"},"image":{"@id":"https:\/\/naturalpoland.com\/cs\/produkty\/produkty-pro-potravinarsky-prumysl\/jedle-oleje\/olej-z-amarantu\/#primaryimage"},"thumbnailUrl":"https:\/\/naturalpoland.com\/wp-content\/uploads\/olej-z-amarantusa-natural-poland.jpg","datePublished":"2021-09-07T10:24:20+00:00","dateModified":"2024-11-06T12:16:46+00:00","description":"Amarantov\u00fd olej z\u00edskan\u00fd lisov\u00e1n\u00edm za studena ze semen amarantu se vyzna\u010duje v\u0161estrann\u00fdm p\u016fsoben\u00edm a vysokou kvalitou.","breadcrumb":{"@id":"https:\/\/naturalpoland.com\/cs\/produkty\/produkty-pro-potravinarsky-prumysl\/jedle-oleje\/olej-z-amarantu\/#breadcrumb"},"inLanguage":"cs","potentialAction":[{"@type":"ReadAction","target":["https:\/\/naturalpoland.com\/cs\/produkty\/produkty-pro-potravinarsky-prumysl\/jedle-oleje\/olej-z-amarantu\/"]}]},{"@type":"ImageObject","inLanguage":"cs","@id":"https:\/\/naturalpoland.com\/cs\/produkty\/produkty-pro-potravinarsky-prumysl\/jedle-oleje\/olej-z-amarantu\/#primaryimage","url":"https:\/\/naturalpoland.com\/wp-content\/uploads\/olej-z-amarantusa-natural-poland.jpg","contentUrl":"https:\/\/naturalpoland.com\/wp-content\/uploads\/olej-z-amarantusa-natural-poland.jpg","width":650,"height":650,"caption":"amarantov\u00fd olej"},{"@type":"BreadcrumbList","@id":"https:\/\/naturalpoland.com\/cs\/produkty\/produkty-pro-potravinarsky-prumysl\/jedle-oleje\/olej-z-amarantu\/#breadcrumb","itemListElement":[{"@type":"ListItem","position":1,"name":"Dom\u016f","item":"https:\/\/naturalpoland.com\/cs\/"},{"@type":"ListItem","position":2,"name":"Produkty","item":"https:\/\/naturalpoland.com\/cs\/produkty\/"},{"@type":"ListItem","position":3,"name":"Amarantov\u00fd olej"}]},{"@type":"WebSite","@id":"https:\/\/naturalpoland.com\/cs\/#website","url":"https:\/\/naturalpoland.com\/cs\/","name":"NATURAL POLAND - Velkoobchodn\u00ed distributor surovin","description":"Surowce dla przemys\u0142u spo\u017cywczego, kosmetycznego i farmaceutycznego","publisher":{"@id":"https:\/\/naturalpoland.com\/cs\/#organization"},"potentialAction":[{"@type":"SearchAction","target":{"@type":"EntryPoint","urlTemplate":"https:\/\/naturalpoland.com\/cs\/?s={search_term_string}"},"query-input":{"@type":"PropertyValueSpecification","valueRequired":true,"valueName":"search_term_string"}}],"inLanguage":"cs"},{"@type":"Organization","@id":"https:\/\/naturalpoland.com\/cs\/#organization","name":"Natural Poland","url":"https:\/\/naturalpoland.com\/cs\/","logo":{"@type":"ImageObject","inLanguage":"cs","@id":"https:\/\/naturalpoland.com\/cs\/#\/schema\/logo\/image\/","url":"https:\/\/naturalpoland.com\/wp-content\/uploads\/2021\/05\/natural-poland-icon.png","contentUrl":"https:\/\/naturalpoland.com\/wp-content\/uploads\/2021\/05\/natural-poland-icon.png","width":512,"height":512,"caption":"Natural Poland"},"image":{"@id":"https:\/\/naturalpoland.com\/cs\/#\/schema\/logo\/image\/"},"sameAs":["https:\/\/www.facebook.com\/naturalpoland.b2b","https:\/\/pl.linkedin.com\/company\/natural-poland","https:\/\/www.youtube.com\/channel\/UCgeGGkvOMahZo-xu_MSEWxg"]}]}},"_links":{"self":[{"href":"https:\/\/naturalpoland.com\/cs\/wp-json\/wp\/v2\/product\/7000","targetHints":{"allow":["GET"]}}],"collection":[{"href":"https:\/\/naturalpoland.com\/cs\/wp-json\/wp\/v2\/product"}],"about":[{"href":"https:\/\/naturalpoland.com\/cs\/wp-json\/wp\/v2\/types\/product"}],"wp:featuredmedia":[{"embeddable":true,"href":"https:\/\/naturalpoland.com\/cs\/wp-json\/wp\/v2\/media\/6824"}],"wp:attachment":[{"href":"https:\/\/naturalpoland.com\/cs\/wp-json\/wp\/v2\/media?parent=7000"}],"wp:term":[{"taxonomy":"product_brand","embeddable":true,"href":"https:\/\/naturalpoland.com\/cs\/wp-json\/wp\/v2\/product_brand?post=7000"},{"taxonomy":"product_cat","embeddable":true,"href":"https:\/\/naturalpoland.com\/cs\/wp-json\/wp\/v2\/product_cat?post=7000"},{"taxonomy":"product_tag","embeddable":true,"href":"https:\/\/naturalpoland.com\/cs\/wp-json\/wp\/v2\/product_tag?post=7000"}],"curies":[{"name":"wp","href":"https:\/\/api.w.org\/{rel}","templated":true}]}}