{"id":8445,"date":"2021-06-09T14:27:27","date_gmt":"2021-09-10T13:18:33","guid":{"rendered":"https:\/\/naturalpoland.pl\/produkty\/nezarazene\/boruvkovy-extrakt\/"},"modified":"2021-09-10T15:18:33","modified_gmt":"2021-09-10T13:18:33","slug":"boruvkovy-extrakt","status":"publish","type":"product","link":"https:\/\/naturalpoland.com\/cs\/produkty\/rostlinne-vytazky\/boruvkovy-extrakt\/","title":{"rendered":"Bor\u016fvkov\u00fd extrakt"},"content":{"rendered":"<p>Bor\u016fvky obsahuj\u00ed resveratrol, slou\u010deninu, kter\u00e1 sni\u017euje po\u0161kozen\u00ed zp\u016fsoben\u00e9 nadm\u011brn\u00fdm slune\u010dn\u00edm z\u00e1\u0159en\u00edm. Bor\u016fvky tak\u00e9 obsahuj\u00ed spoustu vitam\u00edn\u016f A, B, C a zinek, m\u011b\u010f, drasl\u00edk, selen, ho\u0159\u010d\u00edk a v\u00e1pn\u00edk. D\u00edky nim m\u016f\u017ee poko\u017eka vypadat mlad\u011b, rychleji se regeneruje a zdrav\u011b z\u00e1\u0159\u00ed. Extrakt z bor\u016fvek je d\u016fle\u017eitou slo\u017ekou ple\u0165ov\u00fdch kr\u00e9m\u016f, s\u00e9r a \u010distic\u00edch gel\u016f.<\/p>\n","protected":false},"excerpt":{"rendered":"<p>Extrakt z bor\u016fvek je jedn\u00edm z produkt\u016f s nejvy\u0161\u0161\u00edm obsahem antioxidant\u016f. Tento extrakt se pou\u017e\u00edv\u00e1 v kosmetice a dopl\u0148c\u00edch stravy, kter\u00e9 pom\u00e1haj\u00ed udr\u017eovat ml\u00e1d\u00ed. D\u00edky jeho pou\u017eit\u00ed jsou t\u011blu dod\u00e1v\u00e1ny antioxidanty, kter\u00e9 odstra\u0148uj\u00ed voln\u00e9 radik\u00e1ly a p\u016fsob\u00ed proti projev\u016fm st\u00e1rnut\u00ed.<\/p>\n","protected":false},"featured_media":8448,"template":"","meta":{"_acf_changed":false},"product_brand":[],"product_cat":[622],"product_tag":[],"class_list":{"0":"post-8445","1":"product","2":"type-product","3":"status-publish","4":"has-post-thumbnail","6":"product_cat-rostlinne-vytazky","7":"pa_certyfikaty-koser-certifikace","8":"pa_certyfikaty-halal-cs","9":"pa_grupa-substancji-antioxidanty","11":"first","12":"instock","13":"shipping-taxable","14":"product-type-simple"},"acf":[],"yoast_head":"<!-- This site is optimized with the Yoast SEO plugin v27.5 - https:\/\/yoast.com\/product\/yoast-seo-wordpress\/ -->\n<title>Bor\u016fvkov\u00fd extrakt - Velkoobchodn\u00ed distributor<\/title>\n<meta name=\"robots\" content=\"index, follow, max-snippet:-1, max-image-preview:large, max-video-preview:-1\" \/>\n<link rel=\"canonical\" href=\"https:\/\/naturalpoland.com\/cs\/produkty\/rostlinne-vytazky\/boruvkovy-extrakt\/\" \/>\n<meta property=\"og:locale\" content=\"cs_CZ\" \/>\n<meta property=\"og:type\" content=\"article\" \/>\n<meta property=\"og:title\" content=\"Bor\u016fvkov\u00fd extrakt - Velkoobchodn\u00ed distributor\" \/>\n<meta property=\"og:description\" content=\"Extrakt z bor\u016fvek je jedn\u00edm z produkt\u016f s nejvy\u0161\u0161\u00edm obsahem antioxidant\u016f. Tento extrakt se pou\u017e\u00edv\u00e1 v kosmetice a dopl\u0148c\u00edch stravy, kter\u00e9 pom\u00e1haj\u00ed udr\u017eovat ml\u00e1d\u00ed. D\u00edky jeho pou\u017eit\u00ed jsou t\u011blu dod\u00e1v\u00e1ny antioxidanty, kter\u00e9 odstra\u0148uj\u00ed voln\u00e9 radik\u00e1ly a p\u016fsob\u00ed proti projev\u016fm st\u00e1rnut\u00ed.\" \/>\n<meta property=\"og:url\" content=\"https:\/\/naturalpoland.com\/cs\/produkty\/rostlinne-vytazky\/boruvkovy-extrakt\/\" \/>\n<meta property=\"og:site_name\" content=\"NATURAL POLAND - Velkoobchodn\u00ed distributor surovin\" \/>\n<meta property=\"article:publisher\" content=\"https:\/\/www.facebook.com\/naturalpoland.b2b\" \/>\n<meta property=\"og:image\" content=\"https:\/\/naturalpoland.com\/wp-content\/uploads\/2021\/05\/blueberry-seeds-peeling.png\" \/>\n\t<meta property=\"og:image:width\" content=\"427\" \/>\n\t<meta property=\"og:image:height\" content=\"268\" \/>\n\t<meta property=\"og:image:type\" content=\"image\/png\" \/>\n<script type=\"application\/ld+json\" class=\"yoast-schema-graph\">{\"@context\":\"https:\\\/\\\/schema.org\",\"@graph\":[{\"@type\":\"WebPage\",\"@id\":\"https:\\\/\\\/naturalpoland.com\\\/cs\\\/produkty\\\/rostlinne-vytazky\\\/boruvkovy-extrakt\\\/\",\"url\":\"https:\\\/\\\/naturalpoland.com\\\/cs\\\/produkty\\\/rostlinne-vytazky\\\/boruvkovy-extrakt\\\/\",\"name\":\"Bor\u016fvkov\u00fd extrakt - Velkoobchodn\u00ed distributor\",\"isPartOf\":{\"@id\":\"https:\\\/\\\/naturalpoland.com\\\/cs\\\/#website\"},\"primaryImageOfPage\":{\"@id\":\"https:\\\/\\\/naturalpoland.com\\\/cs\\\/produkty\\\/rostlinne-vytazky\\\/boruvkovy-extrakt\\\/#primaryimage\"},\"image\":{\"@id\":\"https:\\\/\\\/naturalpoland.com\\\/cs\\\/produkty\\\/rostlinne-vytazky\\\/boruvkovy-extrakt\\\/#primaryimage\"},\"thumbnailUrl\":\"https:\\\/\\\/naturalpoland.com\\\/wp-content\\\/uploads\\\/2021\\\/05\\\/blueberry-seeds-peeling.png\",\"datePublished\":\"2021-09-10T13:18:33+00:00\",\"breadcrumb\":{\"@id\":\"https:\\\/\\\/naturalpoland.com\\\/cs\\\/produkty\\\/rostlinne-vytazky\\\/boruvkovy-extrakt\\\/#breadcrumb\"},\"inLanguage\":\"cs\",\"potentialAction\":[{\"@type\":\"ReadAction\",\"target\":[\"https:\\\/\\\/naturalpoland.com\\\/cs\\\/produkty\\\/rostlinne-vytazky\\\/boruvkovy-extrakt\\\/\"]}]},{\"@type\":\"ImageObject\",\"inLanguage\":\"cs\",\"@id\":\"https:\\\/\\\/naturalpoland.com\\\/cs\\\/produkty\\\/rostlinne-vytazky\\\/boruvkovy-extrakt\\\/#primaryimage\",\"url\":\"https:\\\/\\\/naturalpoland.com\\\/wp-content\\\/uploads\\\/2021\\\/05\\\/blueberry-seeds-peeling.png\",\"contentUrl\":\"https:\\\/\\\/naturalpoland.com\\\/wp-content\\\/uploads\\\/2021\\\/05\\\/blueberry-seeds-peeling.png\",\"width\":427,\"height\":268},{\"@type\":\"BreadcrumbList\",\"@id\":\"https:\\\/\\\/naturalpoland.com\\\/cs\\\/produkty\\\/rostlinne-vytazky\\\/boruvkovy-extrakt\\\/#breadcrumb\",\"itemListElement\":[{\"@type\":\"ListItem\",\"position\":1,\"name\":\"Dom\u016f\",\"item\":\"https:\\\/\\\/naturalpoland.com\\\/cs\\\/\"},{\"@type\":\"ListItem\",\"position\":2,\"name\":\"Produkty\",\"item\":\"https:\\\/\\\/naturalpoland.com\\\/cs\\\/produkty\\\/\"},{\"@type\":\"ListItem\",\"position\":3,\"name\":\"Bor\u016fvkov\u00fd extrakt\"}]},{\"@type\":\"WebSite\",\"@id\":\"https:\\\/\\\/naturalpoland.com\\\/cs\\\/#website\",\"url\":\"https:\\\/\\\/naturalpoland.com\\\/cs\\\/\",\"name\":\"NATURAL POLAND - Velkoobchodn\u00ed distributor surovin\",\"description\":\"Surowce dla przemys\u0142u spo\u017cywczego, kosmetycznego i farmaceutycznego\",\"publisher\":{\"@id\":\"https:\\\/\\\/naturalpoland.com\\\/cs\\\/#organization\"},\"potentialAction\":[{\"@type\":\"SearchAction\",\"target\":{\"@type\":\"EntryPoint\",\"urlTemplate\":\"https:\\\/\\\/naturalpoland.com\\\/cs\\\/?s={search_term_string}\"},\"query-input\":{\"@type\":\"PropertyValueSpecification\",\"valueRequired\":true,\"valueName\":\"search_term_string\"}}],\"inLanguage\":\"cs\"},{\"@type\":\"Organization\",\"@id\":\"https:\\\/\\\/naturalpoland.com\\\/cs\\\/#organization\",\"name\":\"Natural Poland\",\"url\":\"https:\\\/\\\/naturalpoland.com\\\/cs\\\/\",\"logo\":{\"@type\":\"ImageObject\",\"inLanguage\":\"cs\",\"@id\":\"https:\\\/\\\/naturalpoland.com\\\/cs\\\/#\\\/schema\\\/logo\\\/image\\\/\",\"url\":\"https:\\\/\\\/naturalpoland.com\\\/wp-content\\\/uploads\\\/2021\\\/05\\\/natural-poland-icon.png\",\"contentUrl\":\"https:\\\/\\\/naturalpoland.com\\\/wp-content\\\/uploads\\\/2021\\\/05\\\/natural-poland-icon.png\",\"width\":512,\"height\":512,\"caption\":\"Natural Poland\"},\"image\":{\"@id\":\"https:\\\/\\\/naturalpoland.com\\\/cs\\\/#\\\/schema\\\/logo\\\/image\\\/\"},\"sameAs\":[\"https:\\\/\\\/www.facebook.com\\\/naturalpoland.b2b\",\"https:\\\/\\\/pl.linkedin.com\\\/company\\\/natural-poland\",\"https:\\\/\\\/www.youtube.com\\\/channel\\\/UCgeGGkvOMahZo-xu_MSEWxg\"]}]}<\/script>\n<!-- \/ Yoast SEO plugin. -->","yoast_head_json":{"title":"Bor\u016fvkov\u00fd extrakt - Velkoobchodn\u00ed distributor","robots":{"index":"index","follow":"follow","max-snippet":"max-snippet:-1","max-image-preview":"max-image-preview:large","max-video-preview":"max-video-preview:-1"},"canonical":"https:\/\/naturalpoland.com\/cs\/produkty\/rostlinne-vytazky\/boruvkovy-extrakt\/","og_locale":"cs_CZ","og_type":"article","og_title":"Bor\u016fvkov\u00fd extrakt - Velkoobchodn\u00ed distributor","og_description":"Extrakt z bor\u016fvek je jedn\u00edm z produkt\u016f s nejvy\u0161\u0161\u00edm obsahem antioxidant\u016f. Tento extrakt se pou\u017e\u00edv\u00e1 v kosmetice a dopl\u0148c\u00edch stravy, kter\u00e9 pom\u00e1haj\u00ed udr\u017eovat ml\u00e1d\u00ed. D\u00edky jeho pou\u017eit\u00ed jsou t\u011blu dod\u00e1v\u00e1ny antioxidanty, kter\u00e9 odstra\u0148uj\u00ed voln\u00e9 radik\u00e1ly a p\u016fsob\u00ed proti projev\u016fm st\u00e1rnut\u00ed.","og_url":"https:\/\/naturalpoland.com\/cs\/produkty\/rostlinne-vytazky\/boruvkovy-extrakt\/","og_site_name":"NATURAL POLAND - Velkoobchodn\u00ed distributor surovin","article_publisher":"https:\/\/www.facebook.com\/naturalpoland.b2b","og_image":[{"width":427,"height":268,"url":"https:\/\/naturalpoland.com\/wp-content\/uploads\/2021\/05\/blueberry-seeds-peeling.png","type":"image\/png"}],"schema":{"@context":"https:\/\/schema.org","@graph":[{"@type":"WebPage","@id":"https:\/\/naturalpoland.com\/cs\/produkty\/rostlinne-vytazky\/boruvkovy-extrakt\/","url":"https:\/\/naturalpoland.com\/cs\/produkty\/rostlinne-vytazky\/boruvkovy-extrakt\/","name":"Bor\u016fvkov\u00fd extrakt - Velkoobchodn\u00ed distributor","isPartOf":{"@id":"https:\/\/naturalpoland.com\/cs\/#website"},"primaryImageOfPage":{"@id":"https:\/\/naturalpoland.com\/cs\/produkty\/rostlinne-vytazky\/boruvkovy-extrakt\/#primaryimage"},"image":{"@id":"https:\/\/naturalpoland.com\/cs\/produkty\/rostlinne-vytazky\/boruvkovy-extrakt\/#primaryimage"},"thumbnailUrl":"https:\/\/naturalpoland.com\/wp-content\/uploads\/2021\/05\/blueberry-seeds-peeling.png","datePublished":"2021-09-10T13:18:33+00:00","breadcrumb":{"@id":"https:\/\/naturalpoland.com\/cs\/produkty\/rostlinne-vytazky\/boruvkovy-extrakt\/#breadcrumb"},"inLanguage":"cs","potentialAction":[{"@type":"ReadAction","target":["https:\/\/naturalpoland.com\/cs\/produkty\/rostlinne-vytazky\/boruvkovy-extrakt\/"]}]},{"@type":"ImageObject","inLanguage":"cs","@id":"https:\/\/naturalpoland.com\/cs\/produkty\/rostlinne-vytazky\/boruvkovy-extrakt\/#primaryimage","url":"https:\/\/naturalpoland.com\/wp-content\/uploads\/2021\/05\/blueberry-seeds-peeling.png","contentUrl":"https:\/\/naturalpoland.com\/wp-content\/uploads\/2021\/05\/blueberry-seeds-peeling.png","width":427,"height":268},{"@type":"BreadcrumbList","@id":"https:\/\/naturalpoland.com\/cs\/produkty\/rostlinne-vytazky\/boruvkovy-extrakt\/#breadcrumb","itemListElement":[{"@type":"ListItem","position":1,"name":"Dom\u016f","item":"https:\/\/naturalpoland.com\/cs\/"},{"@type":"ListItem","position":2,"name":"Produkty","item":"https:\/\/naturalpoland.com\/cs\/produkty\/"},{"@type":"ListItem","position":3,"name":"Bor\u016fvkov\u00fd extrakt"}]},{"@type":"WebSite","@id":"https:\/\/naturalpoland.com\/cs\/#website","url":"https:\/\/naturalpoland.com\/cs\/","name":"NATURAL POLAND - Velkoobchodn\u00ed distributor surovin","description":"Surowce dla przemys\u0142u spo\u017cywczego, kosmetycznego i farmaceutycznego","publisher":{"@id":"https:\/\/naturalpoland.com\/cs\/#organization"},"potentialAction":[{"@type":"SearchAction","target":{"@type":"EntryPoint","urlTemplate":"https:\/\/naturalpoland.com\/cs\/?s={search_term_string}"},"query-input":{"@type":"PropertyValueSpecification","valueRequired":true,"valueName":"search_term_string"}}],"inLanguage":"cs"},{"@type":"Organization","@id":"https:\/\/naturalpoland.com\/cs\/#organization","name":"Natural Poland","url":"https:\/\/naturalpoland.com\/cs\/","logo":{"@type":"ImageObject","inLanguage":"cs","@id":"https:\/\/naturalpoland.com\/cs\/#\/schema\/logo\/image\/","url":"https:\/\/naturalpoland.com\/wp-content\/uploads\/2021\/05\/natural-poland-icon.png","contentUrl":"https:\/\/naturalpoland.com\/wp-content\/uploads\/2021\/05\/natural-poland-icon.png","width":512,"height":512,"caption":"Natural Poland"},"image":{"@id":"https:\/\/naturalpoland.com\/cs\/#\/schema\/logo\/image\/"},"sameAs":["https:\/\/www.facebook.com\/naturalpoland.b2b","https:\/\/pl.linkedin.com\/company\/natural-poland","https:\/\/www.youtube.com\/channel\/UCgeGGkvOMahZo-xu_MSEWxg"]}]}},"_links":{"self":[{"href":"https:\/\/naturalpoland.com\/cs\/wp-json\/wp\/v2\/product\/8445","targetHints":{"allow":["GET"]}}],"collection":[{"href":"https:\/\/naturalpoland.com\/cs\/wp-json\/wp\/v2\/product"}],"about":[{"href":"https:\/\/naturalpoland.com\/cs\/wp-json\/wp\/v2\/types\/product"}],"wp:featuredmedia":[{"embeddable":true,"href":"https:\/\/naturalpoland.com\/cs\/wp-json\/wp\/v2\/media\/8448"}],"wp:attachment":[{"href":"https:\/\/naturalpoland.com\/cs\/wp-json\/wp\/v2\/media?parent=8445"}],"wp:term":[{"taxonomy":"product_brand","embeddable":true,"href":"https:\/\/naturalpoland.com\/cs\/wp-json\/wp\/v2\/product_brand?post=8445"},{"taxonomy":"product_cat","embeddable":true,"href":"https:\/\/naturalpoland.com\/cs\/wp-json\/wp\/v2\/product_cat?post=8445"},{"taxonomy":"product_tag","embeddable":true,"href":"https:\/\/naturalpoland.com\/cs\/wp-json\/wp\/v2\/product_tag?post=8445"}],"curies":[{"name":"wp","href":"https:\/\/api.w.org\/{rel}","templated":true}]}}