{"id":8578,"date":"2021-05-11T13:40:34","date_gmt":"2021-09-10T13:21:32","guid":{"rendered":"https:\/\/naturalpoland.pl\/produkty\/nezarazene\/vytazek-z-cesminy\/"},"modified":"2024-09-17T12:32:42","modified_gmt":"2024-09-17T10:32:42","slug":"cesmina-paraguaysky-extrakt","status":"publish","type":"product","link":"https:\/\/naturalpoland.com\/cs\/produkty\/rostlinne-vytazky\/cesmina-paraguaysky-extrakt\/","title":{"rendered":"V\u00fdta\u017eek z cesm\u00edny"},"content":{"rendered":"<h2>Vlastnosti extraktu:<\/h2>\n<p>  Extrakt z list\u016f cesm\u00edny paraguaysk\u00e9 vykazuje siln\u00e9 antioxida\u010dn\u00ed vlastnosti, chr\u00e1n\u00ed DNA, proteiny a lipidy p\u0159ed po\u0161kozen\u00edm voln\u00fdmi radik\u00e1ly.<br \/>\nJeho pravideln\u00e1 konzumace podporuje fungov\u00e1n\u00ed cel\u00e9ho organismu, zvy\u0161uje odolnost v\u016f\u010di stresu, zlep\u0161uje koncentraci a fyzickou v\u00fdkonnost a podporuje procesy hubnut\u00ed t\u00edm, \u017ee zm\u00edr\u0148uje pocity hladu.<br \/>\nYerba Mate je tak\u00e9 bohat\u00fdm zdrojem vitamin\u016f (A, B1, B2, C, E) a miner\u00e1ln\u00edch l\u00e1tek (ho\u0159\u010d\u00edk, v\u00e1pn\u00edk, drasl\u00edk, \u017eelezo), co\u017e p\u0159isp\u00edv\u00e1 ke zlep\u0161en\u00ed metabolismu, krevn\u00edho ob\u011bhu a podpo\u0159e imunitn\u00edho syst\u00e9mu.    <\/p>\n<h2>Akce:<\/h2>\n<p>  \u00da\u010dinnou slo\u017ekou extraktu je <a href=\"https:\/\/naturalpoland.com\/produkty\/produkty-dla-przemyslu-kosmetycznego\/surowce-kosmetyczne\/kofeina\/\"><strong>kofein<\/strong><\/a>kter\u00fd stimuluje centr\u00e1ln\u00ed nervov\u00fd syst\u00e9m, zvy\u0161uje hladinu energie a zlep\u0161uje koncentraci.<br \/>\nExtrakt byl z\u00edsk\u00e1n vodn\u00ed extrakc\u00ed.<br \/>\nPomocnou l\u00e1tkou je maltodextrin pou\u017e\u00edvan\u00fd jako nosi\u010d.  <\/p>\n","protected":false},"excerpt":{"rendered":"<p><strong>Extrakt Yerba Mate <\/strong>se vyr\u00e1b\u00ed z list\u016f cesm\u00edny<em>paraguaysk\u00e9 (Ilex paraguariensis A.St.-Hil.)<\/em>, kter\u00e1 poch\u00e1z\u00ed z \u010c\u00edny.<br \/>\nV\u00fdrobek je ve form\u011b jemn\u00e9ho hn\u011bd\u00e9ho pr\u00e1\u0161ku s charakteristickou chut\u00ed a v\u016fn\u00ed. <\/p>\n","protected":false},"featured_media":35642,"template":"","meta":{"_acf_changed":false},"product_brand":[],"product_cat":[622],"product_tag":[],"class_list":{"0":"post-8578","1":"product","2":"type-product","3":"status-publish","4":"has-post-thumbnail","6":"product_cat-rostlinne-vytazky","7":"pa_czesc-rosliny-listy","8":"pa_skladnik-aktywny-kofein","10":"first","11":"instock","12":"shipping-taxable","13":"product-type-simple"},"acf":[],"yoast_head":"<!-- This site is optimized with the Yoast SEO plugin v27.6 - https:\/\/yoast.com\/product\/yoast-seo-wordpress\/ -->\n<title>V\u00fdta\u017eek z cesm\u00edny - NATURAL POLAND - Velkoobchodn\u00ed distributor surovin<\/title>\n<meta name=\"description\" content=\"Extrakt z je\u0159\u00e1bu je produkt pro ty, kte\u0159\u00ed hledaj\u00ed p\u0159\u00edrodn\u00ed zp\u016fsoby, jak zv\u00fd\u0161it energii a podpo\u0159it sv\u016fj organismus.\" \/>\n<meta name=\"robots\" content=\"index, follow, max-snippet:-1, max-image-preview:large, max-video-preview:-1\" \/>\n<link rel=\"canonical\" href=\"https:\/\/naturalpoland.com\/cs\/produkty\/rostlinne-vytazky\/cesmina-paraguaysky-extrakt\/\" \/>\n<meta property=\"og:locale\" content=\"cs_CZ\" \/>\n<meta property=\"og:type\" content=\"article\" \/>\n<meta property=\"og:title\" content=\"V\u00fdta\u017eek z cesm\u00edny - NATURAL POLAND - Velkoobchodn\u00ed distributor surovin\" \/>\n<meta property=\"og:description\" content=\"Extrakt z je\u0159\u00e1bu je produkt pro ty, kte\u0159\u00ed hledaj\u00ed p\u0159\u00edrodn\u00ed zp\u016fsoby, jak zv\u00fd\u0161it energii a podpo\u0159it sv\u016fj organismus.\" \/>\n<meta property=\"og:url\" content=\"https:\/\/naturalpoland.com\/cs\/produkty\/rostlinne-vytazky\/cesmina-paraguaysky-extrakt\/\" \/>\n<meta property=\"og:site_name\" content=\"NATURAL POLAND - Velkoobchodn\u00ed distributor surovin\" \/>\n<meta property=\"article:publisher\" content=\"https:\/\/www.facebook.com\/naturalpoland.b2b\" \/>\n<meta property=\"article:modified_time\" content=\"2024-09-17T10:32:42+00:00\" \/>\n<meta property=\"og:image\" content=\"https:\/\/naturalpoland.com\/wp-content\/uploads\/ekstrakt-yerba-mate.webp\" \/>\n\t<meta property=\"og:image:width\" content=\"619\" \/>\n\t<meta property=\"og:image:height\" content=\"619\" \/>\n\t<meta property=\"og:image:type\" content=\"image\/webp\" \/>\n<script type=\"application\/ld+json\" class=\"yoast-schema-graph\">{\"@context\":\"https:\\\/\\\/schema.org\",\"@graph\":[{\"@type\":\"WebPage\",\"@id\":\"https:\\\/\\\/naturalpoland.com\\\/cs\\\/produkty\\\/rostlinne-vytazky\\\/cesmina-paraguaysky-extrakt\\\/\",\"url\":\"https:\\\/\\\/naturalpoland.com\\\/cs\\\/produkty\\\/rostlinne-vytazky\\\/cesmina-paraguaysky-extrakt\\\/\",\"name\":\"V\u00fdta\u017eek z cesm\u00edny - NATURAL POLAND - Velkoobchodn\u00ed distributor surovin\",\"isPartOf\":{\"@id\":\"https:\\\/\\\/naturalpoland.com\\\/cs\\\/#website\"},\"primaryImageOfPage\":{\"@id\":\"https:\\\/\\\/naturalpoland.com\\\/cs\\\/produkty\\\/rostlinne-vytazky\\\/cesmina-paraguaysky-extrakt\\\/#primaryimage\"},\"image\":{\"@id\":\"https:\\\/\\\/naturalpoland.com\\\/cs\\\/produkty\\\/rostlinne-vytazky\\\/cesmina-paraguaysky-extrakt\\\/#primaryimage\"},\"thumbnailUrl\":\"https:\\\/\\\/naturalpoland.com\\\/wp-content\\\/uploads\\\/ekstrakt-yerba-mate.webp\",\"datePublished\":\"2021-09-10T13:21:32+00:00\",\"dateModified\":\"2024-09-17T10:32:42+00:00\",\"description\":\"Extrakt z je\u0159\u00e1bu je produkt pro ty, kte\u0159\u00ed hledaj\u00ed p\u0159\u00edrodn\u00ed zp\u016fsoby, jak zv\u00fd\u0161it energii a podpo\u0159it sv\u016fj organismus.\",\"breadcrumb\":{\"@id\":\"https:\\\/\\\/naturalpoland.com\\\/cs\\\/produkty\\\/rostlinne-vytazky\\\/cesmina-paraguaysky-extrakt\\\/#breadcrumb\"},\"inLanguage\":\"cs\",\"potentialAction\":[{\"@type\":\"ReadAction\",\"target\":[\"https:\\\/\\\/naturalpoland.com\\\/cs\\\/produkty\\\/rostlinne-vytazky\\\/cesmina-paraguaysky-extrakt\\\/\"]}]},{\"@type\":\"ImageObject\",\"inLanguage\":\"cs\",\"@id\":\"https:\\\/\\\/naturalpoland.com\\\/cs\\\/produkty\\\/rostlinne-vytazky\\\/cesmina-paraguaysky-extrakt\\\/#primaryimage\",\"url\":\"https:\\\/\\\/naturalpoland.com\\\/wp-content\\\/uploads\\\/ekstrakt-yerba-mate.webp\",\"contentUrl\":\"https:\\\/\\\/naturalpoland.com\\\/wp-content\\\/uploads\\\/ekstrakt-yerba-mate.webp\",\"width\":619,\"height\":619,\"caption\":\"Ekstrakt proszkowy z li\u015bci ostrokrzewu paragwajskiego\"},{\"@type\":\"BreadcrumbList\",\"@id\":\"https:\\\/\\\/naturalpoland.com\\\/cs\\\/produkty\\\/rostlinne-vytazky\\\/cesmina-paraguaysky-extrakt\\\/#breadcrumb\",\"itemListElement\":[{\"@type\":\"ListItem\",\"position\":1,\"name\":\"Dom\u016f\",\"item\":\"https:\\\/\\\/naturalpoland.com\\\/cs\\\/\"},{\"@type\":\"ListItem\",\"position\":2,\"name\":\"Produkty\",\"item\":\"https:\\\/\\\/naturalpoland.com\\\/cs\\\/produkty\\\/\"},{\"@type\":\"ListItem\",\"position\":3,\"name\":\"V\u00fdta\u017eek z cesm\u00edny\"}]},{\"@type\":\"WebSite\",\"@id\":\"https:\\\/\\\/naturalpoland.com\\\/cs\\\/#website\",\"url\":\"https:\\\/\\\/naturalpoland.com\\\/cs\\\/\",\"name\":\"NATURAL POLAND - Velkoobchodn\u00ed distributor surovin\",\"description\":\"Surowce dla przemys\u0142u spo\u017cywczego, kosmetycznego i farmaceutycznego\",\"publisher\":{\"@id\":\"https:\\\/\\\/naturalpoland.com\\\/cs\\\/#organization\"},\"potentialAction\":[{\"@type\":\"SearchAction\",\"target\":{\"@type\":\"EntryPoint\",\"urlTemplate\":\"https:\\\/\\\/naturalpoland.com\\\/cs\\\/?s={search_term_string}\"},\"query-input\":{\"@type\":\"PropertyValueSpecification\",\"valueRequired\":true,\"valueName\":\"search_term_string\"}}],\"inLanguage\":\"cs\"},{\"@type\":\"Organization\",\"@id\":\"https:\\\/\\\/naturalpoland.com\\\/cs\\\/#organization\",\"name\":\"Natural Poland\",\"url\":\"https:\\\/\\\/naturalpoland.com\\\/cs\\\/\",\"logo\":{\"@type\":\"ImageObject\",\"inLanguage\":\"cs\",\"@id\":\"https:\\\/\\\/naturalpoland.com\\\/cs\\\/#\\\/schema\\\/logo\\\/image\\\/\",\"url\":\"https:\\\/\\\/naturalpoland.com\\\/wp-content\\\/uploads\\\/2021\\\/05\\\/natural-poland-icon.png\",\"contentUrl\":\"https:\\\/\\\/naturalpoland.com\\\/wp-content\\\/uploads\\\/2021\\\/05\\\/natural-poland-icon.png\",\"width\":512,\"height\":512,\"caption\":\"Natural Poland\"},\"image\":{\"@id\":\"https:\\\/\\\/naturalpoland.com\\\/cs\\\/#\\\/schema\\\/logo\\\/image\\\/\"},\"sameAs\":[\"https:\\\/\\\/www.facebook.com\\\/naturalpoland.b2b\",\"https:\\\/\\\/pl.linkedin.com\\\/company\\\/natural-poland\",\"https:\\\/\\\/www.youtube.com\\\/channel\\\/UCgeGGkvOMahZo-xu_MSEWxg\"]}]}<\/script>\n<!-- \/ Yoast SEO plugin. -->","yoast_head_json":{"title":"V\u00fdta\u017eek z cesm\u00edny - NATURAL POLAND - Velkoobchodn\u00ed distributor surovin","description":"Extrakt z je\u0159\u00e1bu je produkt pro ty, kte\u0159\u00ed hledaj\u00ed p\u0159\u00edrodn\u00ed zp\u016fsoby, jak zv\u00fd\u0161it energii a podpo\u0159it sv\u016fj organismus.","robots":{"index":"index","follow":"follow","max-snippet":"max-snippet:-1","max-image-preview":"max-image-preview:large","max-video-preview":"max-video-preview:-1"},"canonical":"https:\/\/naturalpoland.com\/cs\/produkty\/rostlinne-vytazky\/cesmina-paraguaysky-extrakt\/","og_locale":"cs_CZ","og_type":"article","og_title":"V\u00fdta\u017eek z cesm\u00edny - NATURAL POLAND - Velkoobchodn\u00ed distributor surovin","og_description":"Extrakt z je\u0159\u00e1bu je produkt pro ty, kte\u0159\u00ed hledaj\u00ed p\u0159\u00edrodn\u00ed zp\u016fsoby, jak zv\u00fd\u0161it energii a podpo\u0159it sv\u016fj organismus.","og_url":"https:\/\/naturalpoland.com\/cs\/produkty\/rostlinne-vytazky\/cesmina-paraguaysky-extrakt\/","og_site_name":"NATURAL POLAND - Velkoobchodn\u00ed distributor surovin","article_publisher":"https:\/\/www.facebook.com\/naturalpoland.b2b","article_modified_time":"2024-09-17T10:32:42+00:00","og_image":[{"width":619,"height":619,"url":"https:\/\/naturalpoland.com\/wp-content\/uploads\/ekstrakt-yerba-mate.webp","type":"image\/webp"}],"schema":{"@context":"https:\/\/schema.org","@graph":[{"@type":"WebPage","@id":"https:\/\/naturalpoland.com\/cs\/produkty\/rostlinne-vytazky\/cesmina-paraguaysky-extrakt\/","url":"https:\/\/naturalpoland.com\/cs\/produkty\/rostlinne-vytazky\/cesmina-paraguaysky-extrakt\/","name":"V\u00fdta\u017eek z cesm\u00edny - NATURAL POLAND - Velkoobchodn\u00ed distributor surovin","isPartOf":{"@id":"https:\/\/naturalpoland.com\/cs\/#website"},"primaryImageOfPage":{"@id":"https:\/\/naturalpoland.com\/cs\/produkty\/rostlinne-vytazky\/cesmina-paraguaysky-extrakt\/#primaryimage"},"image":{"@id":"https:\/\/naturalpoland.com\/cs\/produkty\/rostlinne-vytazky\/cesmina-paraguaysky-extrakt\/#primaryimage"},"thumbnailUrl":"https:\/\/naturalpoland.com\/wp-content\/uploads\/ekstrakt-yerba-mate.webp","datePublished":"2021-09-10T13:21:32+00:00","dateModified":"2024-09-17T10:32:42+00:00","description":"Extrakt z je\u0159\u00e1bu je produkt pro ty, kte\u0159\u00ed hledaj\u00ed p\u0159\u00edrodn\u00ed zp\u016fsoby, jak zv\u00fd\u0161it energii a podpo\u0159it sv\u016fj organismus.","breadcrumb":{"@id":"https:\/\/naturalpoland.com\/cs\/produkty\/rostlinne-vytazky\/cesmina-paraguaysky-extrakt\/#breadcrumb"},"inLanguage":"cs","potentialAction":[{"@type":"ReadAction","target":["https:\/\/naturalpoland.com\/cs\/produkty\/rostlinne-vytazky\/cesmina-paraguaysky-extrakt\/"]}]},{"@type":"ImageObject","inLanguage":"cs","@id":"https:\/\/naturalpoland.com\/cs\/produkty\/rostlinne-vytazky\/cesmina-paraguaysky-extrakt\/#primaryimage","url":"https:\/\/naturalpoland.com\/wp-content\/uploads\/ekstrakt-yerba-mate.webp","contentUrl":"https:\/\/naturalpoland.com\/wp-content\/uploads\/ekstrakt-yerba-mate.webp","width":619,"height":619,"caption":"Ekstrakt proszkowy z li\u015bci ostrokrzewu paragwajskiego"},{"@type":"BreadcrumbList","@id":"https:\/\/naturalpoland.com\/cs\/produkty\/rostlinne-vytazky\/cesmina-paraguaysky-extrakt\/#breadcrumb","itemListElement":[{"@type":"ListItem","position":1,"name":"Dom\u016f","item":"https:\/\/naturalpoland.com\/cs\/"},{"@type":"ListItem","position":2,"name":"Produkty","item":"https:\/\/naturalpoland.com\/cs\/produkty\/"},{"@type":"ListItem","position":3,"name":"V\u00fdta\u017eek z cesm\u00edny"}]},{"@type":"WebSite","@id":"https:\/\/naturalpoland.com\/cs\/#website","url":"https:\/\/naturalpoland.com\/cs\/","name":"NATURAL POLAND - Velkoobchodn\u00ed distributor surovin","description":"Surowce dla przemys\u0142u spo\u017cywczego, kosmetycznego i farmaceutycznego","publisher":{"@id":"https:\/\/naturalpoland.com\/cs\/#organization"},"potentialAction":[{"@type":"SearchAction","target":{"@type":"EntryPoint","urlTemplate":"https:\/\/naturalpoland.com\/cs\/?s={search_term_string}"},"query-input":{"@type":"PropertyValueSpecification","valueRequired":true,"valueName":"search_term_string"}}],"inLanguage":"cs"},{"@type":"Organization","@id":"https:\/\/naturalpoland.com\/cs\/#organization","name":"Natural Poland","url":"https:\/\/naturalpoland.com\/cs\/","logo":{"@type":"ImageObject","inLanguage":"cs","@id":"https:\/\/naturalpoland.com\/cs\/#\/schema\/logo\/image\/","url":"https:\/\/naturalpoland.com\/wp-content\/uploads\/2021\/05\/natural-poland-icon.png","contentUrl":"https:\/\/naturalpoland.com\/wp-content\/uploads\/2021\/05\/natural-poland-icon.png","width":512,"height":512,"caption":"Natural Poland"},"image":{"@id":"https:\/\/naturalpoland.com\/cs\/#\/schema\/logo\/image\/"},"sameAs":["https:\/\/www.facebook.com\/naturalpoland.b2b","https:\/\/pl.linkedin.com\/company\/natural-poland","https:\/\/www.youtube.com\/channel\/UCgeGGkvOMahZo-xu_MSEWxg"]}]}},"_links":{"self":[{"href":"https:\/\/naturalpoland.com\/cs\/wp-json\/wp\/v2\/product\/8578","targetHints":{"allow":["GET"]}}],"collection":[{"href":"https:\/\/naturalpoland.com\/cs\/wp-json\/wp\/v2\/product"}],"about":[{"href":"https:\/\/naturalpoland.com\/cs\/wp-json\/wp\/v2\/types\/product"}],"wp:featuredmedia":[{"embeddable":true,"href":"https:\/\/naturalpoland.com\/cs\/wp-json\/wp\/v2\/media\/35642"}],"wp:attachment":[{"href":"https:\/\/naturalpoland.com\/cs\/wp-json\/wp\/v2\/media?parent=8578"}],"wp:term":[{"taxonomy":"product_brand","embeddable":true,"href":"https:\/\/naturalpoland.com\/cs\/wp-json\/wp\/v2\/product_brand?post=8578"},{"taxonomy":"product_cat","embeddable":true,"href":"https:\/\/naturalpoland.com\/cs\/wp-json\/wp\/v2\/product_cat?post=8578"},{"taxonomy":"product_tag","embeddable":true,"href":"https:\/\/naturalpoland.com\/cs\/wp-json\/wp\/v2\/product_tag?post=8578"}],"curies":[{"name":"wp","href":"https:\/\/api.w.org\/{rel}","templated":true}]}}