{"id":8720,"date":"2021-05-11T13:41:45","date_gmt":"2021-09-10T13:23:49","guid":{"rendered":"https:\/\/naturalpoland.pl\/produkty\/nezarazene\/zensenovy-extrakt\/"},"modified":"2024-08-20T11:13:12","modified_gmt":"2024-08-20T09:13:12","slug":"zensenovy-extrakt","status":"publish","type":"product","link":"https:\/\/naturalpoland.com\/cs\/produkty\/rostlinne-vytazky\/zensenovy-extrakt\/","title":{"rendered":"\u017den\u0161enov\u00fd extrakt"},"content":{"rendered":"<p>Kl\u00ed\u010dovou \u00fa\u010dinnou slo\u017ekou <strong>\u017een\u0161enu jsou ginsenosidy<\/strong>, kter\u00e9 vykazuj\u00ed \u0159adu zdrav\u00ed prosp\u011b\u0161n\u00fdch \u00fa\u010dink\u016f. Jedn\u00edm z nich je inhibi\u010dn\u00ed \u00fa\u010dinek na rakovinn\u00e9 bu\u0148ky, kter\u00fd p\u0159isp\u00edv\u00e1 k jejich eliminaci. Krom\u011b toho ginsenosidy posiluj\u00ed imunitn\u00ed syst\u00e9m a zvy\u0161uj\u00ed odolnost organismu v\u016f\u010di infekc\u00edm a nemocem.<\/p>\n<p><a href=\"https:\/\/naturalpoland.com\/cs\/kategorie\/produkty-pro-kosmeticky-prumysl\/\">V kosmetick\u00e9m pr\u016fmyslu<\/a> je \u017een\u0161enov\u00fd extrakt vysoce cen\u011bn\u00fd pro sv\u00e9 \u00fa\u010dinky proti st\u00e1rnut\u00ed. Antioxidanty obsa\u017een\u00e9 v extraktu chr\u00e1n\u00ed poko\u017eku p\u0159ed po\u0161kozen\u00edm voln\u00fdmi radik\u00e1ly a pom\u00e1haj\u00ed zpomalit proces st\u00e1rnut\u00ed. Pravideln\u00e9 pou\u017e\u00edv\u00e1n\u00ed extraktu zlep\u0161uje krevn\u00ed ob\u011bh a regeneraci poko\u017eky, co\u017e vede k lep\u0161\u00ed v\u00fd\u017eiv\u011b a obnov\u011b bun\u011bk. M\u00e1 tak\u00e9 anticelulitidn\u00ed \u00fa\u010dinek a pom\u00e1h\u00e1 redukovat p\u0159ebyte\u010dn\u00fd t\u011blesn\u00fd tuk, co\u017e je dal\u0161\u00ed v\u00fdhodou v produktech p\u00e9\u010de o ple\u0165 a formov\u00e1n\u00ed postavy.<\/p>\n<p>\u017den\u0161enov\u00fd extrakt se pou\u017e\u00edv\u00e1 tak\u00e9 v potravin\u00e1\u0159stv\u00ed jako <a href=\"https:\/\/naturalpoland.com\/cs\/kategorie\/produkty-pro-farmaceuticky-a-zdravotnicky-prumysl\/pridavky-k-doplnkum-stravy\/\">slo\u017eka dopl\u0148k\u016f stravy<\/a> na podporu celkov\u00e9 vitality a v\u00fdkonnosti. M\u00e1 adaptogenn\u00ed \u00fa\u010dinek, co\u017e znamen\u00e1, \u017ee pom\u00e1h\u00e1 t\u011blu vyrovnat se se stresem a \u00fanavou.<\/p>\n<p>Kontrola kvality tohoto v\u00fdrobku je p\u0159\u00edsn\u00e1. Testy HPLC potvrzuj\u00ed vysok\u00fd obsah ginsenosid\u016f a mikrobiologick\u00e9 a chemick\u00e9 anal\u00fdzy zaru\u010duj\u00ed bezpe\u010dnost pou\u017eit\u00ed. V\u00fdrobek neobsahuje GMO, t\u011b\u017ek\u00e9 kovy ani bakterie a pl\u00edsn\u011b, co\u017e potvrdily testy AOAC a USP.<\/p>\n","protected":false},"excerpt":{"rendered":"<p><em>\u017den\u0161enov\u00fd <\/em><strong>extrakt<\/strong> se z\u00edsk\u00e1v\u00e1 z ko\u0159ene <em>Panax Ginseng C.A.. Meyer<\/em>. M\u00e1 zdravotn\u00ed a omlazuj\u00edc\u00ed \u00fa\u010dinky.<\/p>\n","protected":false},"featured_media":31563,"template":"","meta":{"_acf_changed":false},"product_brand":[],"product_cat":[622],"product_tag":[],"class_list":{"0":"post-8720","1":"product","2":"type-product","3":"status-publish","4":"has-post-thumbnail","6":"product_cat-rostlinne-vytazky","7":"pa_czesc-rosliny-root","8":"pa_skladnik-aktywny-ginsenosidy","10":"first","11":"instock","12":"shipping-taxable","13":"product-type-simple"},"acf":[],"yoast_head":"<!-- This site is optimized with the Yoast SEO plugin v27.5 - https:\/\/yoast.com\/product\/yoast-seo-wordpress\/ -->\n<title>\u017den\u0161enov\u00fd extrakt - NATURAL POLAND - Velkoobchodn\u00ed distributor surovin<\/title>\n<meta name=\"description\" content=\"\u017den\u0161enov\u00fd extrakt je cen\u011bn\u00fd pro sv\u00e9 siln\u00e9 cytotoxick\u00e9, antivirov\u00e9 a omlazuj\u00edc\u00ed vlastnosti, \u010dasto je ozna\u010dov\u00e1n jako elix\u00edr ml\u00e1d\u00ed.\" \/>\n<meta name=\"robots\" content=\"index, follow, max-snippet:-1, max-image-preview:large, max-video-preview:-1\" \/>\n<link rel=\"canonical\" href=\"https:\/\/naturalpoland.com\/cs\/produkty\/rostlinne-vytazky\/zensenovy-extrakt\/\" \/>\n<meta property=\"og:locale\" content=\"cs_CZ\" \/>\n<meta property=\"og:type\" content=\"article\" \/>\n<meta property=\"og:title\" content=\"\u017den\u0161enov\u00fd extrakt - NATURAL POLAND - Velkoobchodn\u00ed distributor surovin\" \/>\n<meta property=\"og:description\" content=\"\u017den\u0161enov\u00fd extrakt je cen\u011bn\u00fd pro sv\u00e9 siln\u00e9 cytotoxick\u00e9, antivirov\u00e9 a omlazuj\u00edc\u00ed vlastnosti, \u010dasto je ozna\u010dov\u00e1n jako elix\u00edr ml\u00e1d\u00ed.\" \/>\n<meta property=\"og:url\" content=\"https:\/\/naturalpoland.com\/cs\/produkty\/rostlinne-vytazky\/zensenovy-extrakt\/\" \/>\n<meta property=\"og:site_name\" content=\"NATURAL POLAND - Velkoobchodn\u00ed distributor surovin\" \/>\n<meta property=\"article:publisher\" content=\"https:\/\/www.facebook.com\/naturalpoland.b2b\" \/>\n<meta property=\"article:modified_time\" content=\"2024-08-20T09:13:12+00:00\" \/>\n<meta property=\"og:image\" content=\"https:\/\/naturalpoland.com\/wp-content\/uploads\/panax_ginseng_extract.webp\" \/>\n\t<meta property=\"og:image:width\" content=\"426\" \/>\n\t<meta property=\"og:image:height\" content=\"426\" \/>\n\t<meta property=\"og:image:type\" content=\"image\/webp\" \/>\n<script type=\"application\/ld+json\" class=\"yoast-schema-graph\">{\"@context\":\"https:\\\/\\\/schema.org\",\"@graph\":[{\"@type\":\"WebPage\",\"@id\":\"https:\\\/\\\/naturalpoland.com\\\/cs\\\/produkty\\\/rostlinne-vytazky\\\/zensenovy-extrakt\\\/\",\"url\":\"https:\\\/\\\/naturalpoland.com\\\/cs\\\/produkty\\\/rostlinne-vytazky\\\/zensenovy-extrakt\\\/\",\"name\":\"\u017den\u0161enov\u00fd extrakt - NATURAL POLAND - Velkoobchodn\u00ed distributor surovin\",\"isPartOf\":{\"@id\":\"https:\\\/\\\/naturalpoland.com\\\/cs\\\/#website\"},\"primaryImageOfPage\":{\"@id\":\"https:\\\/\\\/naturalpoland.com\\\/cs\\\/produkty\\\/rostlinne-vytazky\\\/zensenovy-extrakt\\\/#primaryimage\"},\"image\":{\"@id\":\"https:\\\/\\\/naturalpoland.com\\\/cs\\\/produkty\\\/rostlinne-vytazky\\\/zensenovy-extrakt\\\/#primaryimage\"},\"thumbnailUrl\":\"https:\\\/\\\/naturalpoland.com\\\/wp-content\\\/uploads\\\/panax_ginseng_extract.webp\",\"datePublished\":\"2021-09-10T13:23:49+00:00\",\"dateModified\":\"2024-08-20T09:13:12+00:00\",\"description\":\"\u017den\u0161enov\u00fd extrakt je cen\u011bn\u00fd pro sv\u00e9 siln\u00e9 cytotoxick\u00e9, antivirov\u00e9 a omlazuj\u00edc\u00ed vlastnosti, \u010dasto je ozna\u010dov\u00e1n jako elix\u00edr ml\u00e1d\u00ed.\",\"breadcrumb\":{\"@id\":\"https:\\\/\\\/naturalpoland.com\\\/cs\\\/produkty\\\/rostlinne-vytazky\\\/zensenovy-extrakt\\\/#breadcrumb\"},\"inLanguage\":\"cs\",\"potentialAction\":[{\"@type\":\"ReadAction\",\"target\":[\"https:\\\/\\\/naturalpoland.com\\\/cs\\\/produkty\\\/rostlinne-vytazky\\\/zensenovy-extrakt\\\/\"]}]},{\"@type\":\"ImageObject\",\"inLanguage\":\"cs\",\"@id\":\"https:\\\/\\\/naturalpoland.com\\\/cs\\\/produkty\\\/rostlinne-vytazky\\\/zensenovy-extrakt\\\/#primaryimage\",\"url\":\"https:\\\/\\\/naturalpoland.com\\\/wp-content\\\/uploads\\\/panax_ginseng_extract.webp\",\"contentUrl\":\"https:\\\/\\\/naturalpoland.com\\\/wp-content\\\/uploads\\\/panax_ginseng_extract.webp\",\"width\":426,\"height\":426,\"caption\":\"proszkowy ekstrakt z \u017ce\u0144-szenia\"},{\"@type\":\"BreadcrumbList\",\"@id\":\"https:\\\/\\\/naturalpoland.com\\\/cs\\\/produkty\\\/rostlinne-vytazky\\\/zensenovy-extrakt\\\/#breadcrumb\",\"itemListElement\":[{\"@type\":\"ListItem\",\"position\":1,\"name\":\"Dom\u016f\",\"item\":\"https:\\\/\\\/naturalpoland.com\\\/cs\\\/\"},{\"@type\":\"ListItem\",\"position\":2,\"name\":\"Produkty\",\"item\":\"https:\\\/\\\/naturalpoland.com\\\/cs\\\/produkty\\\/\"},{\"@type\":\"ListItem\",\"position\":3,\"name\":\"\u017den\u0161enov\u00fd extrakt\"}]},{\"@type\":\"WebSite\",\"@id\":\"https:\\\/\\\/naturalpoland.com\\\/cs\\\/#website\",\"url\":\"https:\\\/\\\/naturalpoland.com\\\/cs\\\/\",\"name\":\"NATURAL POLAND - Velkoobchodn\u00ed distributor surovin\",\"description\":\"Surowce dla przemys\u0142u spo\u017cywczego, kosmetycznego i farmaceutycznego\",\"publisher\":{\"@id\":\"https:\\\/\\\/naturalpoland.com\\\/cs\\\/#organization\"},\"potentialAction\":[{\"@type\":\"SearchAction\",\"target\":{\"@type\":\"EntryPoint\",\"urlTemplate\":\"https:\\\/\\\/naturalpoland.com\\\/cs\\\/?s={search_term_string}\"},\"query-input\":{\"@type\":\"PropertyValueSpecification\",\"valueRequired\":true,\"valueName\":\"search_term_string\"}}],\"inLanguage\":\"cs\"},{\"@type\":\"Organization\",\"@id\":\"https:\\\/\\\/naturalpoland.com\\\/cs\\\/#organization\",\"name\":\"Natural Poland\",\"url\":\"https:\\\/\\\/naturalpoland.com\\\/cs\\\/\",\"logo\":{\"@type\":\"ImageObject\",\"inLanguage\":\"cs\",\"@id\":\"https:\\\/\\\/naturalpoland.com\\\/cs\\\/#\\\/schema\\\/logo\\\/image\\\/\",\"url\":\"https:\\\/\\\/naturalpoland.com\\\/wp-content\\\/uploads\\\/2021\\\/05\\\/natural-poland-icon.png\",\"contentUrl\":\"https:\\\/\\\/naturalpoland.com\\\/wp-content\\\/uploads\\\/2021\\\/05\\\/natural-poland-icon.png\",\"width\":512,\"height\":512,\"caption\":\"Natural Poland\"},\"image\":{\"@id\":\"https:\\\/\\\/naturalpoland.com\\\/cs\\\/#\\\/schema\\\/logo\\\/image\\\/\"},\"sameAs\":[\"https:\\\/\\\/www.facebook.com\\\/naturalpoland.b2b\",\"https:\\\/\\\/pl.linkedin.com\\\/company\\\/natural-poland\",\"https:\\\/\\\/www.youtube.com\\\/channel\\\/UCgeGGkvOMahZo-xu_MSEWxg\"]}]}<\/script>\n<!-- \/ Yoast SEO plugin. -->","yoast_head_json":{"title":"\u017den\u0161enov\u00fd extrakt - NATURAL POLAND - Velkoobchodn\u00ed distributor surovin","description":"\u017den\u0161enov\u00fd extrakt je cen\u011bn\u00fd pro sv\u00e9 siln\u00e9 cytotoxick\u00e9, antivirov\u00e9 a omlazuj\u00edc\u00ed vlastnosti, \u010dasto je ozna\u010dov\u00e1n jako elix\u00edr ml\u00e1d\u00ed.","robots":{"index":"index","follow":"follow","max-snippet":"max-snippet:-1","max-image-preview":"max-image-preview:large","max-video-preview":"max-video-preview:-1"},"canonical":"https:\/\/naturalpoland.com\/cs\/produkty\/rostlinne-vytazky\/zensenovy-extrakt\/","og_locale":"cs_CZ","og_type":"article","og_title":"\u017den\u0161enov\u00fd extrakt - NATURAL POLAND - Velkoobchodn\u00ed distributor surovin","og_description":"\u017den\u0161enov\u00fd extrakt je cen\u011bn\u00fd pro sv\u00e9 siln\u00e9 cytotoxick\u00e9, antivirov\u00e9 a omlazuj\u00edc\u00ed vlastnosti, \u010dasto je ozna\u010dov\u00e1n jako elix\u00edr ml\u00e1d\u00ed.","og_url":"https:\/\/naturalpoland.com\/cs\/produkty\/rostlinne-vytazky\/zensenovy-extrakt\/","og_site_name":"NATURAL POLAND - Velkoobchodn\u00ed distributor surovin","article_publisher":"https:\/\/www.facebook.com\/naturalpoland.b2b","article_modified_time":"2024-08-20T09:13:12+00:00","og_image":[{"width":426,"height":426,"url":"https:\/\/naturalpoland.com\/wp-content\/uploads\/panax_ginseng_extract.webp","type":"image\/webp"}],"schema":{"@context":"https:\/\/schema.org","@graph":[{"@type":"WebPage","@id":"https:\/\/naturalpoland.com\/cs\/produkty\/rostlinne-vytazky\/zensenovy-extrakt\/","url":"https:\/\/naturalpoland.com\/cs\/produkty\/rostlinne-vytazky\/zensenovy-extrakt\/","name":"\u017den\u0161enov\u00fd extrakt - NATURAL POLAND - Velkoobchodn\u00ed distributor surovin","isPartOf":{"@id":"https:\/\/naturalpoland.com\/cs\/#website"},"primaryImageOfPage":{"@id":"https:\/\/naturalpoland.com\/cs\/produkty\/rostlinne-vytazky\/zensenovy-extrakt\/#primaryimage"},"image":{"@id":"https:\/\/naturalpoland.com\/cs\/produkty\/rostlinne-vytazky\/zensenovy-extrakt\/#primaryimage"},"thumbnailUrl":"https:\/\/naturalpoland.com\/wp-content\/uploads\/panax_ginseng_extract.webp","datePublished":"2021-09-10T13:23:49+00:00","dateModified":"2024-08-20T09:13:12+00:00","description":"\u017den\u0161enov\u00fd extrakt je cen\u011bn\u00fd pro sv\u00e9 siln\u00e9 cytotoxick\u00e9, antivirov\u00e9 a omlazuj\u00edc\u00ed vlastnosti, \u010dasto je ozna\u010dov\u00e1n jako elix\u00edr ml\u00e1d\u00ed.","breadcrumb":{"@id":"https:\/\/naturalpoland.com\/cs\/produkty\/rostlinne-vytazky\/zensenovy-extrakt\/#breadcrumb"},"inLanguage":"cs","potentialAction":[{"@type":"ReadAction","target":["https:\/\/naturalpoland.com\/cs\/produkty\/rostlinne-vytazky\/zensenovy-extrakt\/"]}]},{"@type":"ImageObject","inLanguage":"cs","@id":"https:\/\/naturalpoland.com\/cs\/produkty\/rostlinne-vytazky\/zensenovy-extrakt\/#primaryimage","url":"https:\/\/naturalpoland.com\/wp-content\/uploads\/panax_ginseng_extract.webp","contentUrl":"https:\/\/naturalpoland.com\/wp-content\/uploads\/panax_ginseng_extract.webp","width":426,"height":426,"caption":"proszkowy ekstrakt z \u017ce\u0144-szenia"},{"@type":"BreadcrumbList","@id":"https:\/\/naturalpoland.com\/cs\/produkty\/rostlinne-vytazky\/zensenovy-extrakt\/#breadcrumb","itemListElement":[{"@type":"ListItem","position":1,"name":"Dom\u016f","item":"https:\/\/naturalpoland.com\/cs\/"},{"@type":"ListItem","position":2,"name":"Produkty","item":"https:\/\/naturalpoland.com\/cs\/produkty\/"},{"@type":"ListItem","position":3,"name":"\u017den\u0161enov\u00fd extrakt"}]},{"@type":"WebSite","@id":"https:\/\/naturalpoland.com\/cs\/#website","url":"https:\/\/naturalpoland.com\/cs\/","name":"NATURAL POLAND - Velkoobchodn\u00ed distributor surovin","description":"Surowce dla przemys\u0142u spo\u017cywczego, kosmetycznego i farmaceutycznego","publisher":{"@id":"https:\/\/naturalpoland.com\/cs\/#organization"},"potentialAction":[{"@type":"SearchAction","target":{"@type":"EntryPoint","urlTemplate":"https:\/\/naturalpoland.com\/cs\/?s={search_term_string}"},"query-input":{"@type":"PropertyValueSpecification","valueRequired":true,"valueName":"search_term_string"}}],"inLanguage":"cs"},{"@type":"Organization","@id":"https:\/\/naturalpoland.com\/cs\/#organization","name":"Natural Poland","url":"https:\/\/naturalpoland.com\/cs\/","logo":{"@type":"ImageObject","inLanguage":"cs","@id":"https:\/\/naturalpoland.com\/cs\/#\/schema\/logo\/image\/","url":"https:\/\/naturalpoland.com\/wp-content\/uploads\/2021\/05\/natural-poland-icon.png","contentUrl":"https:\/\/naturalpoland.com\/wp-content\/uploads\/2021\/05\/natural-poland-icon.png","width":512,"height":512,"caption":"Natural Poland"},"image":{"@id":"https:\/\/naturalpoland.com\/cs\/#\/schema\/logo\/image\/"},"sameAs":["https:\/\/www.facebook.com\/naturalpoland.b2b","https:\/\/pl.linkedin.com\/company\/natural-poland","https:\/\/www.youtube.com\/channel\/UCgeGGkvOMahZo-xu_MSEWxg"]}]}},"_links":{"self":[{"href":"https:\/\/naturalpoland.com\/cs\/wp-json\/wp\/v2\/product\/8720","targetHints":{"allow":["GET"]}}],"collection":[{"href":"https:\/\/naturalpoland.com\/cs\/wp-json\/wp\/v2\/product"}],"about":[{"href":"https:\/\/naturalpoland.com\/cs\/wp-json\/wp\/v2\/types\/product"}],"wp:featuredmedia":[{"embeddable":true,"href":"https:\/\/naturalpoland.com\/cs\/wp-json\/wp\/v2\/media\/31563"}],"wp:attachment":[{"href":"https:\/\/naturalpoland.com\/cs\/wp-json\/wp\/v2\/media?parent=8720"}],"wp:term":[{"taxonomy":"product_brand","embeddable":true,"href":"https:\/\/naturalpoland.com\/cs\/wp-json\/wp\/v2\/product_brand?post=8720"},{"taxonomy":"product_cat","embeddable":true,"href":"https:\/\/naturalpoland.com\/cs\/wp-json\/wp\/v2\/product_cat?post=8720"},{"taxonomy":"product_tag","embeddable":true,"href":"https:\/\/naturalpoland.com\/cs\/wp-json\/wp\/v2\/product_tag?post=8720"}],"curies":[{"name":"wp","href":"https:\/\/api.w.org\/{rel}","templated":true}]}}