{"id":8750,"date":"2021-05-11T13:41:46","date_gmt":"2021-05-11T11:41:46","guid":{"rendered":"https:\/\/naturalpoland.pl\/produkty\/nezarazene\/extrakt-ze-zeleneho-caje\/"},"modified":"2025-09-09T12:14:27","modified_gmt":"2025-09-09T10:14:27","slug":"extrakt-ze-zeleneho-caje","status":"publish","type":"product","link":"https:\/\/naturalpoland.com\/cs\/produkty\/produkty-pro-potravinarsky-prumysl\/suroviny-pro-vyrobu\/extrakt-ze-zeleneho-caje\/","title":{"rendered":"Extrakt ze zelen\u00e9ho \u010daje"},"content":{"rendered":"<h2>Pou\u017eit\u00ed a vlastnosti extraktu ze zelen\u00e9ho \u010daje<\/h2>\n<p>Zelen\u00fd \u010daj je \u0161iroce cen\u011bn pro sv\u00e9 zdrav\u00ed prosp\u011b\u0161n\u00e9 vlastnosti, a proto jej pije mnoho lid\u00ed. Extrakt ze zelen\u00e9ho \u010daje m\u00e1 podobnou pov\u011bst \u2013 podporuje metabolismus tuk\u016f, pom\u00e1h\u00e1 t\u011blu v boji proti \u0161kodliv\u00fdm voln\u00fdm radik\u00e1l\u016fm, chr\u00e1n\u00ed poko\u017eku p\u0159ed UV z\u00e1\u0159en\u00edm a pom\u00e1h\u00e1 udr\u017eovat spr\u00e1vnou hladinu cholesterolu v krvi. Extrakt ze zelen\u00e9ho \u010daje je obzvl\u00e1\u0161t\u011b doporu\u010dov\u00e1n lidem, kte\u0159\u00ed proch\u00e1zej\u00ed procesem hubnut\u00ed. Zelen\u00fd \u010daj tak\u00e9 obsahuje ur\u010dit\u00e9 mno\u017estv\u00ed kofeinu, kter\u00e9 p\u016fsob\u00ed stimula\u010dn\u011b na organismus. Dod\u00e1v\u00e1 nejen energii, ale tak\u00e9 podporuje metabolismus.<\/p>\n<p>Zelen\u00fd \u010daj, z\u00edskan\u00fd z nefermentovan\u00fdch list\u016f \u010d\u00ednsk\u00e9ho \u010dajovn\u00edku (<em>Camellia sinensis<\/em>), je pova\u017eov\u00e1n za jeden z nejzdrav\u011bj\u0161\u00edch n\u00e1poj\u016f na sv\u011bt\u011b. Extrakt z n\u011bj se vyzna\u010duje nejen cenn\u00fdmi l\u00e9\u010div\u00fdmi vlastnostmi, ale m\u00e1 tak\u00e9 \u0161irok\u00e9 vyu\u017eit\u00ed v kosmetick\u00e9m pr\u016fmyslu.<\/p>\n<h2>Polyfenolov\u00e9 slou\u010deniny v zelen\u00e9m \u010daji<\/h2>\n<p><strong>Vlastnosti zelen\u00e9ho \u010daje vypl\u00fdvaj\u00ed p\u0159edev\u0161\u00edm z jeho vysok\u00e9ho obsahu polyfenolov\u00fdch slou\u010denin<\/strong>. Obsah flavonoid\u016f m\u016f\u017ee dosahovat a\u017e 30\u201336 % su\u0161iny list\u016f. Nejv\u011bt\u0161\u00ed roli hraj\u00ed katechinov\u00e9 slou\u010deniny (flavanoly), kter\u00e9 tvo\u0159\u00ed p\u0159ibli\u017en\u011b 80 % skupiny flavonoid\u016f: epigalokatechin gal\u00e1t, epigalokatechin, epikatechin gal\u00e1t a epikatechin.<\/p>\n<p>Tyto slou\u010deniny se vyzna\u010duj\u00ed velmi <strong>siln\u00fdm antioxida\u010dn\u00edm \u00fa\u010dinkem<\/strong>, vypl\u00fdvaj\u00edc\u00edm z jejich schopnosti zachycovat a sni\u017eovat tvorbu voln\u00fdch radik\u00e1l\u016f, a tak\u00e9 cen\u011bn\u00fdm <strong>protiotokov\u00fdm \u00fa\u010dinkem<\/strong> v kosmetice.<\/p>\n<p>Nav\u00edc jsou v ni\u017e\u0161\u00edch koncentrac\u00edch p\u0159\u00edtomny i dal\u0161\u00ed <strong>flavonoidy<\/strong> \u2014 <strong>kaempferol, rutin, kvercetin, myricetin a jejich glykosidy<\/strong> \u2014 kter\u00e9 vykazuj\u00ed mimo jin\u00e9 <strong>antioxida\u010dn\u00ed \u00fa\u010dinky a inhibici agregace krevn\u00edch desti\u010dek<\/strong>.<\/p>\n<h2>L\u00e9\u010div\u00e9 vlastnosti zelen\u00e9ho \u010daje<\/h2>\n<p>D\u00edky sv\u00e9mu chemick\u00e9mu slo\u017een\u00ed je extrakt ze zelen\u00e9ho \u010daje \u0161iroce vyu\u017e\u00edv\u00e1n v potravin\u00e1\u0159sk\u00e9m a farmaceutick\u00e9m pr\u016fmyslu. Pit\u00ed zelen\u00e9ho \u010daje nebo u\u017e\u00edv\u00e1n\u00ed extraktu jako dopl\u0148ku stravy (kapsle, tablety) se zvl\u00e1\u0161t\u011b doporu\u010duje lidem, kte\u0159\u00ed cht\u011bj\u00ed <strong>shodit p\u0159ebyte\u010dn\u00e1 kila<\/strong> a db\u00e1t na <strong>prevenci kardiovaskul\u00e1rn\u00edch onemocn\u011bn\u00ed<\/strong>. Extrakt ze zelen\u00e9ho \u010daje m\u00e1 <strong>antiaterosklerotick\u00e9 \u00fa\u010dinky<\/strong>, chr\u00e1n\u00ed c\u00e9vy, <strong>sni\u017euje hladinu cholesterolu a triglycerid\u016f<\/strong>, brzd\u00ed r\u016fst tukov\u00fdch bun\u011bk a omezuje vst\u0159eb\u00e1v\u00e1n\u00ed tuk\u016f. Tyto vlastnosti zp\u016fsobuj\u00ed, \u017ee pravideln\u00e9 u\u017e\u00edv\u00e1n\u00ed extraktu ze zelen\u00e9ho \u010daje napom\u00e1h\u00e1 stabilizaci t\u011blesn\u00e9 hmotnosti, zabra\u0148uje ukl\u00e1d\u00e1n\u00ed tukov\u00e9 tk\u00e1n\u011b a sni\u017euje riziko kardiovaskul\u00e1rn\u00edch onemocn\u011bn\u00ed.<\/p>\n<p>K dal\u0161\u00edm p\u0159\u00edzniv\u00fdm vlastnostem extraktu pat\u0159\u00ed jeho <strong>neuroprotektivn\u00ed \u00fa\u010dinek<\/strong>. Antioxida\u010dn\u00ed, vazodilata\u010dn\u00ed a detoxika\u010dn\u00ed \u00fa\u010dinky (schopnost v\u00e1zat ionty kov\u016f) jej \u0159ad\u00ed mezi potenci\u00e1ln\u00ed terapeutick\u00e9 prost\u0159edky u Alzheimerovy choroby, Parkinsonovy choroby a postupuj\u00edc\u00ed skler\u00f3zy. V\u00fdsledky v\u00fdzkum\u016f tak\u00e9 nazna\u010duj\u00ed mo\u017en\u00fd <strong>protir\u00e1\u00adkov\u00fd \u00fa\u010dinek extraktu<\/strong>, podpo\u0159en\u00fd statistikami ukazuj\u00edc\u00edmi souvislost mezi vysokou spot\u0159ebou zelen\u00e9ho \u010daje v asijsk\u00fdch zem\u00edch a n\u00edzk\u00fdm v\u00fdskytem n\u00e1dorov\u00fdch onemocn\u011bn\u00ed.<\/p>\n<h2>Kosmetick\u00e9 vlastnosti extraktu ze zelen\u00e9ho \u010daje<\/h2>\n<p>Extrakt ze zelen\u00e9ho \u010daje nemus\u00ed b\u00fdt pou\u017e\u00edv\u00e1n pouze vnit\u0159n\u011b. M\u00e1 tak\u00e9 p\u0159\u00edzniv\u00fd vliv na poko\u017eku a jej\u00ed adnexa, co\u017e z n\u011bj \u010din\u00ed cen\u011bnou slo\u017eku ve farmaceutick\u00e9m a kosmetick\u00e9m pr\u016fmyslu.<\/p>\n<p>Slou\u010deniny obsa\u017een\u00e9 v extraktu ze zelen\u00e9ho \u010daje vykazuj\u00ed \u0159adu vlastnost\u00ed, jako nap\u0159\u00edklad:<\/p>\n<ul>\n<li><strong>protiz\u00e1n\u011btliv\u00e9 \u00fa\u010dinky<\/strong>,<\/li>\n<li><strong>antibakteri\u00e1ln\u00ed<\/strong>,<\/li>\n<li><strong>antioxida\u010dn\u00ed<\/strong>,<\/li>\n<li><strong>zlep\u0161uj\u00ed mikrocirkulaci poko\u017eky<\/strong>,<\/li>\n<li><strong>sni\u017euj\u00ed aktivitu mazov\u00fdch \u017el\u00e1z<\/strong>.<\/li>\n<\/ul>\n<p>Proto jej lze nal\u00e9zt mimo jin\u00e9 v tonik\u00e1ch, hydrata\u010dn\u00edch ml\u00e9c\u00edch, p\u0159\u00edpravc\u00edch na vlasy, sprchov\u00fdch gelech nebo hydrata\u010dn\u00edch kr\u00e9mech.<\/p>\n<p>V kosmetice vykazuje extrakt ze zelen\u00e9ho \u010daje velmi \u0161irok\u00e9 spektrum \u00fa\u010dink\u016f. Jeho siln\u00e9 hydrata\u010dn\u00ed a antioxida\u010dn\u00ed vlastnosti z n\u011bj \u010din\u00ed <strong>vhodnou slo\u017eku p\u0159\u00edpravk\u016f <em>anti-aging<\/em><\/strong> pro zralou ple\u0165, a z\u00e1rove\u0148 je d\u00edky sv\u00fdm seboregula\u010dn\u00edm a antibakteri\u00e1ln\u00edm vlastnostem <strong>cen\u011bn v kosmetice pro mladou, akn\u00f3zn\u00ed ple\u0165<\/strong>.<\/p>\n<p>Tyto vlastnosti souvisej\u00ed tak\u00e9 s mo\u017enost\u00ed pou\u017eit\u00ed extraktu ze zelen\u00e9ho \u010daje v <strong>p\u00e9\u010di o vlasy a poko\u017eku hlavy<\/strong> \u2014 p\u016fsob\u00ed <strong>proti lup\u016fm<\/strong> a <strong>sni\u017euje mastnotu<\/strong>.<\/p>\n<p>Na poko\u017eku jej lze pou\u017e\u00edt tak\u00e9 l\u00e9\u010debn\u011b \u2014 <strong>zklid\u0148uje podr\u00e1\u017ed\u011bn\u00ed<\/strong>, <strong>sni\u017euje otoky<\/strong> a zarudnut\u00ed, <strong>podporuje hojen\u00ed ran<\/strong> a <strong>p\u016fsob\u00ed protiz\u00e1n\u011btliv\u011b<\/strong>. Tato posledn\u00ed vlastnost se vyu\u017e\u00edv\u00e1 tak\u00e9 v p\u0159\u00edpravc\u00edch pro intimn\u00ed hygienu a v prost\u0159edc\u00edch pro p\u00e9\u010di o o\u010dn\u00ed okol\u00ed.<\/p>\n<p>Produkty obsahuj\u00edc\u00ed extrakt ze zelen\u00e9ho \u010daje ocen\u00ed i milovn\u00edci zdrav\u00e9ho op\u00e1len\u00ed \u2014 b\u011bhem slun\u011bn\u00ed <strong>chr\u00e1n\u00ed p\u0159ed \u0161kodliv\u00fdm \u00fa\u010dinkem UV z\u00e1\u0159en\u00ed<\/strong> a stimulac\u00ed synt\u00e9zy melaninu se osv\u011bd\u010duje tak\u00e9 jako p\u0159\u00edrodn\u00ed slo\u017eka samoopalovac\u00edch p\u0159\u00edpravk\u016f.<\/p>\n<p><strong>Bibliografia:<\/strong><\/p>\n<ol>\n<li style=\"list-style-type: none;\">Arct J, Tomaszewska K, Pytkowska K (2016). Zielona Herbata. <em>Pol J Cosmetol<\/em>, 19(2): 110-115<\/li>\n<li>Ca\u0142ka J, Zasadowski A, Juranek J. (2008). Niekt\u00f3re aspekty leczniczego dzia\u0142ania zielonej herbaty. <em>Bromat. Chem. Toksykol<\/em>, 41: 5-14.<\/li>\n<li>Matysek-Nawrocka M, Cyrankiewicz P. (2016). Substancje biologicznie aktywne pozyskiwane z herbaty, kawy i kakao oraz jejich zastosowanie w kosmetykach. <em>Post Fitoter<\/em>, 17(2): 139-144.<\/li>\n<\/ol>\n<h4><strong>AUTOR \u010cL\u00c1NKU:<\/strong><\/h4>\n<p><strong>DR. KATARZYNA KIMEL<\/strong><br \/>\nDoktorka farmaceutick\u00fdch v\u011bd, jej\u00ed\u017e v\u011bdeck\u00e9 z\u00e1jmy se soust\u0159ed\u00ed na v\u00fdzkum rostlinn\u00fdch l\u00e9\u010div a biologicky aktivn\u00edch l\u00e1tek p\u0159\u00edrodn\u00edho p\u016fvodu. Milovnice cestov\u00e1n\u00ed a tr\u00e1ven\u00ed voln\u00e9ho \u010dasu v p\u0159\u00edrod\u011b.<\/p>\n","protected":false},"excerpt":{"rendered":"<p>Extrakt ze zelen\u00e9ho \u010daje (Camellia Sinensis Leaf Extract) s 85% \u2013 95% extraktu v su\u0161in\u011b. V\u00fdrobek se pou\u017e\u00edv\u00e1 ve farmaceutick\u00e9m, kosmetick\u00e9m, potravin\u00e1\u0159sk\u00e9m a laboratorn\u00edm pr\u016fmyslu. Tento rostlinn\u00fd extrakt je dostupn\u00fd ve form\u011b pr\u00e1\u0161ku.  <\/p>\n","protected":false},"featured_media":35926,"template":"","meta":{"_acf_changed":false},"product_brand":[],"product_cat":[622,641],"product_tag":[],"class_list":{"0":"post-8750","1":"product","2":"type-product","3":"status-publish","4":"has-post-thumbnail","6":"product_cat-rostlinne-vytazky","7":"product_cat-suroviny-pro-vyrobu","8":"pa_czesc-rosliny-listy","9":"pa_grupa-substancji-antioxidanty","11":"first","12":"instock","13":"shipping-taxable","14":"product-type-simple"},"acf":[],"yoast_head":"<!-- This site is optimized with the Yoast SEO plugin v27.4 - https:\/\/yoast.com\/product\/yoast-seo-wordpress\/ -->\n<title>Extrakt ze zelen\u00e9ho \u010daje - Velkoobchodn\u00ed distributor<\/title>\n<meta name=\"robots\" content=\"index, follow, max-snippet:-1, max-image-preview:large, max-video-preview:-1\" \/>\n<link rel=\"canonical\" href=\"https:\/\/naturalpoland.com\/cs\/produkty\/produkty-pro-potravinarsky-prumysl\/suroviny-pro-vyrobu\/extrakt-ze-zeleneho-caje\/\" \/>\n<meta property=\"og:locale\" content=\"cs_CZ\" \/>\n<meta property=\"og:type\" content=\"article\" \/>\n<meta property=\"og:title\" content=\"Extrakt ze zelen\u00e9ho \u010daje - Velkoobchodn\u00ed distributor\" \/>\n<meta property=\"og:description\" content=\"Extrakt ze zelen\u00e9ho \u010daje (Camellia Sinensis Leaf Extract) s 85% \u2013 95% extraktu v su\u0161in\u011b. V\u00fdrobek se pou\u017e\u00edv\u00e1 ve farmaceutick\u00e9m, kosmetick\u00e9m, potravin\u00e1\u0159sk\u00e9m a laboratorn\u00edm pr\u016fmyslu. Tento rostlinn\u00fd extrakt je dostupn\u00fd ve form\u011b pr\u00e1\u0161ku.\" \/>\n<meta property=\"og:url\" content=\"https:\/\/naturalpoland.com\/cs\/produkty\/produkty-pro-potravinarsky-prumysl\/suroviny-pro-vyrobu\/extrakt-ze-zeleneho-caje\/\" \/>\n<meta property=\"og:site_name\" content=\"NATURAL POLAND - Velkoobchodn\u00ed distributor surovin\" \/>\n<meta property=\"article:publisher\" content=\"https:\/\/www.facebook.com\/naturalpoland.b2b\" \/>\n<meta property=\"article:modified_time\" content=\"2025-09-09T10:14:27+00:00\" \/>\n<meta property=\"og:image\" content=\"https:\/\/naturalpoland.com\/wp-content\/uploads\/ekstrakt-z-zielonej-herbaty.webp\" \/>\n\t<meta property=\"og:image:width\" content=\"350\" \/>\n\t<meta property=\"og:image:height\" content=\"350\" \/>\n\t<meta property=\"og:image:type\" content=\"image\/webp\" \/>\n<script type=\"application\/ld+json\" class=\"yoast-schema-graph\">{\"@context\":\"https:\\\/\\\/schema.org\",\"@graph\":[{\"@type\":\"WebPage\",\"@id\":\"https:\\\/\\\/naturalpoland.com\\\/cs\\\/produkty\\\/produkty-pro-potravinarsky-prumysl\\\/suroviny-pro-vyrobu\\\/extrakt-ze-zeleneho-caje\\\/\",\"url\":\"https:\\\/\\\/naturalpoland.com\\\/cs\\\/produkty\\\/produkty-pro-potravinarsky-prumysl\\\/suroviny-pro-vyrobu\\\/extrakt-ze-zeleneho-caje\\\/\",\"name\":\"Extrakt ze zelen\u00e9ho \u010daje - Velkoobchodn\u00ed distributor\",\"isPartOf\":{\"@id\":\"https:\\\/\\\/naturalpoland.com\\\/cs\\\/#website\"},\"primaryImageOfPage\":{\"@id\":\"https:\\\/\\\/naturalpoland.com\\\/cs\\\/produkty\\\/produkty-pro-potravinarsky-prumysl\\\/suroviny-pro-vyrobu\\\/extrakt-ze-zeleneho-caje\\\/#primaryimage\"},\"image\":{\"@id\":\"https:\\\/\\\/naturalpoland.com\\\/cs\\\/produkty\\\/produkty-pro-potravinarsky-prumysl\\\/suroviny-pro-vyrobu\\\/extrakt-ze-zeleneho-caje\\\/#primaryimage\"},\"thumbnailUrl\":\"https:\\\/\\\/naturalpoland.com\\\/wp-content\\\/uploads\\\/ekstrakt-z-zielonej-herbaty.webp\",\"datePublished\":\"2021-05-11T11:41:46+00:00\",\"dateModified\":\"2025-09-09T10:14:27+00:00\",\"breadcrumb\":{\"@id\":\"https:\\\/\\\/naturalpoland.com\\\/cs\\\/produkty\\\/produkty-pro-potravinarsky-prumysl\\\/suroviny-pro-vyrobu\\\/extrakt-ze-zeleneho-caje\\\/#breadcrumb\"},\"inLanguage\":\"cs\",\"potentialAction\":[{\"@type\":\"ReadAction\",\"target\":[\"https:\\\/\\\/naturalpoland.com\\\/cs\\\/produkty\\\/produkty-pro-potravinarsky-prumysl\\\/suroviny-pro-vyrobu\\\/extrakt-ze-zeleneho-caje\\\/\"]}]},{\"@type\":\"ImageObject\",\"inLanguage\":\"cs\",\"@id\":\"https:\\\/\\\/naturalpoland.com\\\/cs\\\/produkty\\\/produkty-pro-potravinarsky-prumysl\\\/suroviny-pro-vyrobu\\\/extrakt-ze-zeleneho-caje\\\/#primaryimage\",\"url\":\"https:\\\/\\\/naturalpoland.com\\\/wp-content\\\/uploads\\\/ekstrakt-z-zielonej-herbaty.webp\",\"contentUrl\":\"https:\\\/\\\/naturalpoland.com\\\/wp-content\\\/uploads\\\/ekstrakt-z-zielonej-herbaty.webp\",\"width\":350,\"height\":350,\"caption\":\"ekstrakt z zielonej herbaty\"},{\"@type\":\"BreadcrumbList\",\"@id\":\"https:\\\/\\\/naturalpoland.com\\\/cs\\\/produkty\\\/produkty-pro-potravinarsky-prumysl\\\/suroviny-pro-vyrobu\\\/extrakt-ze-zeleneho-caje\\\/#breadcrumb\",\"itemListElement\":[{\"@type\":\"ListItem\",\"position\":1,\"name\":\"Dom\u016f\",\"item\":\"https:\\\/\\\/naturalpoland.com\\\/cs\\\/\"},{\"@type\":\"ListItem\",\"position\":2,\"name\":\"Produkty\",\"item\":\"https:\\\/\\\/naturalpoland.com\\\/cs\\\/produkty\\\/\"},{\"@type\":\"ListItem\",\"position\":3,\"name\":\"Extrakt ze zelen\u00e9ho \u010daje\"}]},{\"@type\":\"WebSite\",\"@id\":\"https:\\\/\\\/naturalpoland.com\\\/cs\\\/#website\",\"url\":\"https:\\\/\\\/naturalpoland.com\\\/cs\\\/\",\"name\":\"NATURAL POLAND - Velkoobchodn\u00ed distributor surovin\",\"description\":\"Surowce dla przemys\u0142u spo\u017cywczego, kosmetycznego i farmaceutycznego\",\"publisher\":{\"@id\":\"https:\\\/\\\/naturalpoland.com\\\/cs\\\/#organization\"},\"potentialAction\":[{\"@type\":\"SearchAction\",\"target\":{\"@type\":\"EntryPoint\",\"urlTemplate\":\"https:\\\/\\\/naturalpoland.com\\\/cs\\\/?s={search_term_string}\"},\"query-input\":{\"@type\":\"PropertyValueSpecification\",\"valueRequired\":true,\"valueName\":\"search_term_string\"}}],\"inLanguage\":\"cs\"},{\"@type\":\"Organization\",\"@id\":\"https:\\\/\\\/naturalpoland.com\\\/cs\\\/#organization\",\"name\":\"Natural Poland\",\"url\":\"https:\\\/\\\/naturalpoland.com\\\/cs\\\/\",\"logo\":{\"@type\":\"ImageObject\",\"inLanguage\":\"cs\",\"@id\":\"https:\\\/\\\/naturalpoland.com\\\/cs\\\/#\\\/schema\\\/logo\\\/image\\\/\",\"url\":\"https:\\\/\\\/naturalpoland.com\\\/wp-content\\\/uploads\\\/2021\\\/05\\\/natural-poland-icon.png\",\"contentUrl\":\"https:\\\/\\\/naturalpoland.com\\\/wp-content\\\/uploads\\\/2021\\\/05\\\/natural-poland-icon.png\",\"width\":512,\"height\":512,\"caption\":\"Natural Poland\"},\"image\":{\"@id\":\"https:\\\/\\\/naturalpoland.com\\\/cs\\\/#\\\/schema\\\/logo\\\/image\\\/\"},\"sameAs\":[\"https:\\\/\\\/www.facebook.com\\\/naturalpoland.b2b\",\"https:\\\/\\\/pl.linkedin.com\\\/company\\\/natural-poland\",\"https:\\\/\\\/www.youtube.com\\\/channel\\\/UCgeGGkvOMahZo-xu_MSEWxg\"]}]}<\/script>\n<!-- \/ Yoast SEO plugin. -->","yoast_head_json":{"title":"Extrakt ze zelen\u00e9ho \u010daje - Velkoobchodn\u00ed distributor","robots":{"index":"index","follow":"follow","max-snippet":"max-snippet:-1","max-image-preview":"max-image-preview:large","max-video-preview":"max-video-preview:-1"},"canonical":"https:\/\/naturalpoland.com\/cs\/produkty\/produkty-pro-potravinarsky-prumysl\/suroviny-pro-vyrobu\/extrakt-ze-zeleneho-caje\/","og_locale":"cs_CZ","og_type":"article","og_title":"Extrakt ze zelen\u00e9ho \u010daje - Velkoobchodn\u00ed distributor","og_description":"Extrakt ze zelen\u00e9ho \u010daje (Camellia Sinensis Leaf Extract) s 85% \u2013 95% extraktu v su\u0161in\u011b. V\u00fdrobek se pou\u017e\u00edv\u00e1 ve farmaceutick\u00e9m, kosmetick\u00e9m, potravin\u00e1\u0159sk\u00e9m a laboratorn\u00edm pr\u016fmyslu. Tento rostlinn\u00fd extrakt je dostupn\u00fd ve form\u011b pr\u00e1\u0161ku.","og_url":"https:\/\/naturalpoland.com\/cs\/produkty\/produkty-pro-potravinarsky-prumysl\/suroviny-pro-vyrobu\/extrakt-ze-zeleneho-caje\/","og_site_name":"NATURAL POLAND - Velkoobchodn\u00ed distributor surovin","article_publisher":"https:\/\/www.facebook.com\/naturalpoland.b2b","article_modified_time":"2025-09-09T10:14:27+00:00","og_image":[{"width":350,"height":350,"url":"https:\/\/naturalpoland.com\/wp-content\/uploads\/ekstrakt-z-zielonej-herbaty.webp","type":"image\/webp"}],"schema":{"@context":"https:\/\/schema.org","@graph":[{"@type":"WebPage","@id":"https:\/\/naturalpoland.com\/cs\/produkty\/produkty-pro-potravinarsky-prumysl\/suroviny-pro-vyrobu\/extrakt-ze-zeleneho-caje\/","url":"https:\/\/naturalpoland.com\/cs\/produkty\/produkty-pro-potravinarsky-prumysl\/suroviny-pro-vyrobu\/extrakt-ze-zeleneho-caje\/","name":"Extrakt ze zelen\u00e9ho \u010daje - Velkoobchodn\u00ed distributor","isPartOf":{"@id":"https:\/\/naturalpoland.com\/cs\/#website"},"primaryImageOfPage":{"@id":"https:\/\/naturalpoland.com\/cs\/produkty\/produkty-pro-potravinarsky-prumysl\/suroviny-pro-vyrobu\/extrakt-ze-zeleneho-caje\/#primaryimage"},"image":{"@id":"https:\/\/naturalpoland.com\/cs\/produkty\/produkty-pro-potravinarsky-prumysl\/suroviny-pro-vyrobu\/extrakt-ze-zeleneho-caje\/#primaryimage"},"thumbnailUrl":"https:\/\/naturalpoland.com\/wp-content\/uploads\/ekstrakt-z-zielonej-herbaty.webp","datePublished":"2021-05-11T11:41:46+00:00","dateModified":"2025-09-09T10:14:27+00:00","breadcrumb":{"@id":"https:\/\/naturalpoland.com\/cs\/produkty\/produkty-pro-potravinarsky-prumysl\/suroviny-pro-vyrobu\/extrakt-ze-zeleneho-caje\/#breadcrumb"},"inLanguage":"cs","potentialAction":[{"@type":"ReadAction","target":["https:\/\/naturalpoland.com\/cs\/produkty\/produkty-pro-potravinarsky-prumysl\/suroviny-pro-vyrobu\/extrakt-ze-zeleneho-caje\/"]}]},{"@type":"ImageObject","inLanguage":"cs","@id":"https:\/\/naturalpoland.com\/cs\/produkty\/produkty-pro-potravinarsky-prumysl\/suroviny-pro-vyrobu\/extrakt-ze-zeleneho-caje\/#primaryimage","url":"https:\/\/naturalpoland.com\/wp-content\/uploads\/ekstrakt-z-zielonej-herbaty.webp","contentUrl":"https:\/\/naturalpoland.com\/wp-content\/uploads\/ekstrakt-z-zielonej-herbaty.webp","width":350,"height":350,"caption":"ekstrakt z zielonej herbaty"},{"@type":"BreadcrumbList","@id":"https:\/\/naturalpoland.com\/cs\/produkty\/produkty-pro-potravinarsky-prumysl\/suroviny-pro-vyrobu\/extrakt-ze-zeleneho-caje\/#breadcrumb","itemListElement":[{"@type":"ListItem","position":1,"name":"Dom\u016f","item":"https:\/\/naturalpoland.com\/cs\/"},{"@type":"ListItem","position":2,"name":"Produkty","item":"https:\/\/naturalpoland.com\/cs\/produkty\/"},{"@type":"ListItem","position":3,"name":"Extrakt ze zelen\u00e9ho \u010daje"}]},{"@type":"WebSite","@id":"https:\/\/naturalpoland.com\/cs\/#website","url":"https:\/\/naturalpoland.com\/cs\/","name":"NATURAL POLAND - Velkoobchodn\u00ed distributor surovin","description":"Surowce dla przemys\u0142u spo\u017cywczego, kosmetycznego i farmaceutycznego","publisher":{"@id":"https:\/\/naturalpoland.com\/cs\/#organization"},"potentialAction":[{"@type":"SearchAction","target":{"@type":"EntryPoint","urlTemplate":"https:\/\/naturalpoland.com\/cs\/?s={search_term_string}"},"query-input":{"@type":"PropertyValueSpecification","valueRequired":true,"valueName":"search_term_string"}}],"inLanguage":"cs"},{"@type":"Organization","@id":"https:\/\/naturalpoland.com\/cs\/#organization","name":"Natural Poland","url":"https:\/\/naturalpoland.com\/cs\/","logo":{"@type":"ImageObject","inLanguage":"cs","@id":"https:\/\/naturalpoland.com\/cs\/#\/schema\/logo\/image\/","url":"https:\/\/naturalpoland.com\/wp-content\/uploads\/2021\/05\/natural-poland-icon.png","contentUrl":"https:\/\/naturalpoland.com\/wp-content\/uploads\/2021\/05\/natural-poland-icon.png","width":512,"height":512,"caption":"Natural Poland"},"image":{"@id":"https:\/\/naturalpoland.com\/cs\/#\/schema\/logo\/image\/"},"sameAs":["https:\/\/www.facebook.com\/naturalpoland.b2b","https:\/\/pl.linkedin.com\/company\/natural-poland","https:\/\/www.youtube.com\/channel\/UCgeGGkvOMahZo-xu_MSEWxg"]}]}},"_links":{"self":[{"href":"https:\/\/naturalpoland.com\/cs\/wp-json\/wp\/v2\/product\/8750","targetHints":{"allow":["GET"]}}],"collection":[{"href":"https:\/\/naturalpoland.com\/cs\/wp-json\/wp\/v2\/product"}],"about":[{"href":"https:\/\/naturalpoland.com\/cs\/wp-json\/wp\/v2\/types\/product"}],"wp:featuredmedia":[{"embeddable":true,"href":"https:\/\/naturalpoland.com\/cs\/wp-json\/wp\/v2\/media\/35926"}],"wp:attachment":[{"href":"https:\/\/naturalpoland.com\/cs\/wp-json\/wp\/v2\/media?parent=8750"}],"wp:term":[{"taxonomy":"product_brand","embeddable":true,"href":"https:\/\/naturalpoland.com\/cs\/wp-json\/wp\/v2\/product_brand?post=8750"},{"taxonomy":"product_cat","embeddable":true,"href":"https:\/\/naturalpoland.com\/cs\/wp-json\/wp\/v2\/product_cat?post=8750"},{"taxonomy":"product_tag","embeddable":true,"href":"https:\/\/naturalpoland.com\/cs\/wp-json\/wp\/v2\/product_tag?post=8750"}],"curies":[{"name":"wp","href":"https:\/\/api.w.org\/{rel}","templated":true}]}}