{"id":8770,"date":"2021-05-11T13:41:47","date_gmt":"2021-09-10T13:24:20","guid":{"rendered":"https:\/\/naturalpoland.pl\/produkty\/nezarazene\/brusinkovy-extrakt-5-pac\/"},"modified":"2024-08-20T11:14:45","modified_gmt":"2024-08-20T09:14:45","slug":"brusinkovy-extrakt-5-pac","status":"publish","type":"product","link":"https:\/\/naturalpoland.com\/cs\/produkty\/rostlinne-vytazky\/brusinkovy-extrakt-5-pac\/","title":{"rendered":"Brusinkov\u00fd extrakt 5% PAC"},"content":{"rendered":"<p>V\u00fdrobek je nab\u00edzen jako fialov\u011b \u010derven\u00fd pr\u00e1\u0161ek, kter\u00fd je v\u00fdsledkem p\u0159irozen\u00e9ho zbarven\u00ed brusinek. Vyzna\u010duje se v\u00fdraznou chut\u00ed a v\u016fn\u00ed, co\u017e potvrzuj\u00ed organoleptick\u00e9 testy. D\u00edky p\u0159\u00edsn\u00fdm kontrol\u00e1m kvality neobsahuje extrakt GMO, t\u011b\u017ek\u00e9 kovy ani mikroorganismy.<\/p>\n<p>Extrakt je stabiln\u00ed a dlouhodob\u011b \u00fa\u010dinn\u00fd a p\u0159i spr\u00e1vn\u00e9m skladov\u00e1n\u00ed na such\u00e9m a tmav\u00e9m m\u00edst\u011b poskytuje dlouhodobou \u00fa\u010dinnost.<\/p>\n<p>Extrakt z brusinek se z\u00edsk\u00e1v\u00e1 extrakc\u00ed etanolem a vodou. Tento postup zaji\u0161\u0165uje \u00fa\u010dinnou extrakci bioaktivn\u00edch slo\u017eek, p\u0159edev\u0161\u00edm <strong>proanthokyanidin\u016f<\/strong> (PAC), kter\u00e9 obsahuj\u00ed v\u00edce ne\u017e 5 %.<\/p>\n<h2>Co jsou proanthokyanidiny?<\/h2>\n<p>Proantokyanidiny jsou slou\u010deniny s prok\u00e1zan\u00fdmi antioxida\u010dn\u00edmi a protiz\u00e1n\u011btliv\u00fdmi vlastnostmi. Hraj\u00ed kl\u00ed\u010dovou roli v <strong>ochran\u011b p\u0159ed infekcemi mo\u010dov\u00fdch cest<\/strong> t\u00edm, \u017ee zabra\u0148uj\u00ed adhezi bakteri\u00ed na st\u011bny mo\u010dov\u00fdch cest. D\u00edky tomu je extrakt neoceniteln\u00fd p\u0159i v\u00fdrob\u011b dopl\u0148k\u016f na podporu zdrav\u00ed mo\u010dov\u00fdch cest.<\/p>\n<h2>Vlastnosti brusinkov\u00e9ho extraktu<\/h2>\n<p>Brusinkov\u00fd extrakt je cen\u011bn\u00fd nejen pro sv\u00e9 mo\u010dopudn\u00e9 vlastnosti, ale tak\u00e9 pro sv\u00e9 <strong>antimikrobi\u00e1ln\u00ed<\/strong> a antioxida\u010dn\u00ed vlastnosti a schopnost podporovat <strong>zdrav\u00ed kardiovaskul\u00e1rn\u00edho syst\u00e9mu<\/strong>. Obsahuje nejen proanthokyanidiny, ale tak\u00e9 vitaminy A, C a E a mikro\u017eiviny, jako je selen, v\u00e1pn\u00edk a drasl\u00edk, kter\u00e9 spole\u010dn\u011b posiluj\u00ed imunitu organismu a prosp\u00edvaj\u00ed celkov\u00e9mu zdrav\u00ed.<\/p>\n<h2>Brusinkov\u00fd extrakt v kosmetice<\/h2>\n<p>Extrakt z brusinek se hojn\u011b vyu\u017e\u00edv\u00e1 tak\u00e9 v <a href=\"https:\/\/naturalpoland.com\/cs\/kategorie\/produkty-pro-kosmeticky-prumysl\/\">kosmetick\u00e9m pr\u016fmyslu<\/a>, kde se pou\u017e\u00edv\u00e1 pro sv\u00e9 <strong>hydrata\u010dn\u00ed<\/strong>, regenera\u010dn\u00ed a vy\u017eivuj\u00edc\u00ed <strong>vlastnosti<\/strong>. Je bohat\u00fd na vitaminy A a E, je slo\u017ekou mnoha kr\u00e9m\u016f, s\u00e9r a produkt\u016f p\u00e9\u010de o t\u011blo a pom\u00e1h\u00e1 zlep\u0161ovat pru\u017enost poko\u017eky, redukovat v\u00fdskyt vr\u00e1sek a celkov\u011b zlep\u0161ovat vzhled pleti.<\/p>\n","protected":false},"excerpt":{"rendered":"<p>Extrakt z brusinek 5% PAC se vyr\u00e1b\u00ed z plod\u016f <em>Vaccinium Macrocarpon L<\/em>. D\u00edky sv\u00fdm zdravotn\u00edm a pe\u010duj\u00edc\u00edm vlastnostem se pou\u017e\u00edv\u00e1 v \u0161irok\u00e9 \u0161k\u00e1le aplikac\u00ed, od dopl\u0148k\u016f stravy p\u0159es farmaceutick\u00e9 v\u00fdrobky a\u017e po modern\u00ed kosmetiku.<\/p>\n","protected":false},"featured_media":31577,"template":"","meta":{"_acf_changed":false},"product_brand":[],"product_cat":[622],"product_tag":[],"class_list":{"0":"post-8770","1":"product","2":"type-product","3":"status-publish","4":"has-post-thumbnail","6":"product_cat-rostlinne-vytazky","7":"pa_czesc-rosliny-ovoce","8":"pa_skladnik-aktywny-proantokyanidiny","10":"first","11":"instock","12":"shipping-taxable","13":"product-type-simple"},"acf":[],"yoast_head":"<!-- This site is optimized with the Yoast SEO plugin v27.5 - https:\/\/yoast.com\/product\/yoast-seo-wordpress\/ -->\n<title>Brusinkov\u00fd extrakt 5% PAC - NATURAL POLAND - Velkoobchodn\u00ed distributor surovin<\/title>\n<meta name=\"description\" content=\"Extrakt z brusinek 5% PAC se pou\u017e\u00edv\u00e1 v \u0161irok\u00e9 \u0161k\u00e1le aplikac\u00ed, od dopl\u0148k\u016f stravy p\u0159es farmaceutick\u00e9 v\u00fdrobky a\u017e po modern\u00ed kosmetiku.\" \/>\n<meta name=\"robots\" content=\"index, follow, max-snippet:-1, max-image-preview:large, max-video-preview:-1\" \/>\n<link rel=\"canonical\" href=\"https:\/\/naturalpoland.com\/cs\/produkty\/rostlinne-vytazky\/brusinkovy-extrakt-5-pac\/\" \/>\n<meta property=\"og:locale\" content=\"cs_CZ\" \/>\n<meta property=\"og:type\" content=\"article\" \/>\n<meta property=\"og:title\" content=\"Brusinkov\u00fd extrakt 5% PAC - NATURAL POLAND - Velkoobchodn\u00ed distributor surovin\" \/>\n<meta property=\"og:description\" content=\"Extrakt z brusinek 5% PAC se pou\u017e\u00edv\u00e1 v \u0161irok\u00e9 \u0161k\u00e1le aplikac\u00ed, od dopl\u0148k\u016f stravy p\u0159es farmaceutick\u00e9 v\u00fdrobky a\u017e po modern\u00ed kosmetiku.\" \/>\n<meta property=\"og:url\" content=\"https:\/\/naturalpoland.com\/cs\/produkty\/rostlinne-vytazky\/brusinkovy-extrakt-5-pac\/\" \/>\n<meta property=\"og:site_name\" content=\"NATURAL POLAND - Velkoobchodn\u00ed distributor surovin\" \/>\n<meta property=\"article:publisher\" content=\"https:\/\/www.facebook.com\/naturalpoland.b2b\" \/>\n<meta property=\"article:modified_time\" content=\"2024-08-20T09:14:45+00:00\" \/>\n<meta property=\"og:image\" content=\"https:\/\/naturalpoland.com\/wp-content\/uploads\/ekstrakt-z-zurawiny.webp\" \/>\n\t<meta property=\"og:image:width\" content=\"426\" \/>\n\t<meta property=\"og:image:height\" content=\"426\" \/>\n\t<meta property=\"og:image:type\" content=\"image\/webp\" \/>\n<script type=\"application\/ld+json\" class=\"yoast-schema-graph\">{\"@context\":\"https:\\\/\\\/schema.org\",\"@graph\":[{\"@type\":\"WebPage\",\"@id\":\"https:\\\/\\\/naturalpoland.com\\\/cs\\\/produkty\\\/rostlinne-vytazky\\\/brusinkovy-extrakt-5-pac\\\/\",\"url\":\"https:\\\/\\\/naturalpoland.com\\\/cs\\\/produkty\\\/rostlinne-vytazky\\\/brusinkovy-extrakt-5-pac\\\/\",\"name\":\"Brusinkov\u00fd extrakt 5% PAC - NATURAL POLAND - Velkoobchodn\u00ed distributor surovin\",\"isPartOf\":{\"@id\":\"https:\\\/\\\/naturalpoland.com\\\/cs\\\/#website\"},\"primaryImageOfPage\":{\"@id\":\"https:\\\/\\\/naturalpoland.com\\\/cs\\\/produkty\\\/rostlinne-vytazky\\\/brusinkovy-extrakt-5-pac\\\/#primaryimage\"},\"image\":{\"@id\":\"https:\\\/\\\/naturalpoland.com\\\/cs\\\/produkty\\\/rostlinne-vytazky\\\/brusinkovy-extrakt-5-pac\\\/#primaryimage\"},\"thumbnailUrl\":\"https:\\\/\\\/naturalpoland.com\\\/wp-content\\\/uploads\\\/ekstrakt-z-zurawiny.webp\",\"datePublished\":\"2021-09-10T13:24:20+00:00\",\"dateModified\":\"2024-08-20T09:14:45+00:00\",\"description\":\"Extrakt z brusinek 5% PAC se pou\u017e\u00edv\u00e1 v \u0161irok\u00e9 \u0161k\u00e1le aplikac\u00ed, od dopl\u0148k\u016f stravy p\u0159es farmaceutick\u00e9 v\u00fdrobky a\u017e po modern\u00ed kosmetiku.\",\"breadcrumb\":{\"@id\":\"https:\\\/\\\/naturalpoland.com\\\/cs\\\/produkty\\\/rostlinne-vytazky\\\/brusinkovy-extrakt-5-pac\\\/#breadcrumb\"},\"inLanguage\":\"cs\",\"potentialAction\":[{\"@type\":\"ReadAction\",\"target\":[\"https:\\\/\\\/naturalpoland.com\\\/cs\\\/produkty\\\/rostlinne-vytazky\\\/brusinkovy-extrakt-5-pac\\\/\"]}]},{\"@type\":\"ImageObject\",\"inLanguage\":\"cs\",\"@id\":\"https:\\\/\\\/naturalpoland.com\\\/cs\\\/produkty\\\/rostlinne-vytazky\\\/brusinkovy-extrakt-5-pac\\\/#primaryimage\",\"url\":\"https:\\\/\\\/naturalpoland.com\\\/wp-content\\\/uploads\\\/ekstrakt-z-zurawiny.webp\",\"contentUrl\":\"https:\\\/\\\/naturalpoland.com\\\/wp-content\\\/uploads\\\/ekstrakt-z-zurawiny.webp\",\"width\":426,\"height\":426,\"caption\":\"proszkowy Ekstrakt z \u017curawiny 5% PAC\"},{\"@type\":\"BreadcrumbList\",\"@id\":\"https:\\\/\\\/naturalpoland.com\\\/cs\\\/produkty\\\/rostlinne-vytazky\\\/brusinkovy-extrakt-5-pac\\\/#breadcrumb\",\"itemListElement\":[{\"@type\":\"ListItem\",\"position\":1,\"name\":\"Dom\u016f\",\"item\":\"https:\\\/\\\/naturalpoland.com\\\/cs\\\/\"},{\"@type\":\"ListItem\",\"position\":2,\"name\":\"Produkty\",\"item\":\"https:\\\/\\\/naturalpoland.com\\\/cs\\\/produkty\\\/\"},{\"@type\":\"ListItem\",\"position\":3,\"name\":\"Brusinkov\u00fd extrakt 5% PAC\"}]},{\"@type\":\"WebSite\",\"@id\":\"https:\\\/\\\/naturalpoland.com\\\/cs\\\/#website\",\"url\":\"https:\\\/\\\/naturalpoland.com\\\/cs\\\/\",\"name\":\"NATURAL POLAND - Velkoobchodn\u00ed distributor surovin\",\"description\":\"Surowce dla przemys\u0142u spo\u017cywczego, kosmetycznego i farmaceutycznego\",\"publisher\":{\"@id\":\"https:\\\/\\\/naturalpoland.com\\\/cs\\\/#organization\"},\"potentialAction\":[{\"@type\":\"SearchAction\",\"target\":{\"@type\":\"EntryPoint\",\"urlTemplate\":\"https:\\\/\\\/naturalpoland.com\\\/cs\\\/?s={search_term_string}\"},\"query-input\":{\"@type\":\"PropertyValueSpecification\",\"valueRequired\":true,\"valueName\":\"search_term_string\"}}],\"inLanguage\":\"cs\"},{\"@type\":\"Organization\",\"@id\":\"https:\\\/\\\/naturalpoland.com\\\/cs\\\/#organization\",\"name\":\"Natural Poland\",\"url\":\"https:\\\/\\\/naturalpoland.com\\\/cs\\\/\",\"logo\":{\"@type\":\"ImageObject\",\"inLanguage\":\"cs\",\"@id\":\"https:\\\/\\\/naturalpoland.com\\\/cs\\\/#\\\/schema\\\/logo\\\/image\\\/\",\"url\":\"https:\\\/\\\/naturalpoland.com\\\/wp-content\\\/uploads\\\/2021\\\/05\\\/natural-poland-icon.png\",\"contentUrl\":\"https:\\\/\\\/naturalpoland.com\\\/wp-content\\\/uploads\\\/2021\\\/05\\\/natural-poland-icon.png\",\"width\":512,\"height\":512,\"caption\":\"Natural Poland\"},\"image\":{\"@id\":\"https:\\\/\\\/naturalpoland.com\\\/cs\\\/#\\\/schema\\\/logo\\\/image\\\/\"},\"sameAs\":[\"https:\\\/\\\/www.facebook.com\\\/naturalpoland.b2b\",\"https:\\\/\\\/pl.linkedin.com\\\/company\\\/natural-poland\",\"https:\\\/\\\/www.youtube.com\\\/channel\\\/UCgeGGkvOMahZo-xu_MSEWxg\"]}]}<\/script>\n<!-- \/ Yoast SEO plugin. -->","yoast_head_json":{"title":"Brusinkov\u00fd extrakt 5% PAC - NATURAL POLAND - Velkoobchodn\u00ed distributor surovin","description":"Extrakt z brusinek 5% PAC se pou\u017e\u00edv\u00e1 v \u0161irok\u00e9 \u0161k\u00e1le aplikac\u00ed, od dopl\u0148k\u016f stravy p\u0159es farmaceutick\u00e9 v\u00fdrobky a\u017e po modern\u00ed kosmetiku.","robots":{"index":"index","follow":"follow","max-snippet":"max-snippet:-1","max-image-preview":"max-image-preview:large","max-video-preview":"max-video-preview:-1"},"canonical":"https:\/\/naturalpoland.com\/cs\/produkty\/rostlinne-vytazky\/brusinkovy-extrakt-5-pac\/","og_locale":"cs_CZ","og_type":"article","og_title":"Brusinkov\u00fd extrakt 5% PAC - NATURAL POLAND - Velkoobchodn\u00ed distributor surovin","og_description":"Extrakt z brusinek 5% PAC se pou\u017e\u00edv\u00e1 v \u0161irok\u00e9 \u0161k\u00e1le aplikac\u00ed, od dopl\u0148k\u016f stravy p\u0159es farmaceutick\u00e9 v\u00fdrobky a\u017e po modern\u00ed kosmetiku.","og_url":"https:\/\/naturalpoland.com\/cs\/produkty\/rostlinne-vytazky\/brusinkovy-extrakt-5-pac\/","og_site_name":"NATURAL POLAND - Velkoobchodn\u00ed distributor surovin","article_publisher":"https:\/\/www.facebook.com\/naturalpoland.b2b","article_modified_time":"2024-08-20T09:14:45+00:00","og_image":[{"width":426,"height":426,"url":"https:\/\/naturalpoland.com\/wp-content\/uploads\/ekstrakt-z-zurawiny.webp","type":"image\/webp"}],"schema":{"@context":"https:\/\/schema.org","@graph":[{"@type":"WebPage","@id":"https:\/\/naturalpoland.com\/cs\/produkty\/rostlinne-vytazky\/brusinkovy-extrakt-5-pac\/","url":"https:\/\/naturalpoland.com\/cs\/produkty\/rostlinne-vytazky\/brusinkovy-extrakt-5-pac\/","name":"Brusinkov\u00fd extrakt 5% PAC - NATURAL POLAND - Velkoobchodn\u00ed distributor surovin","isPartOf":{"@id":"https:\/\/naturalpoland.com\/cs\/#website"},"primaryImageOfPage":{"@id":"https:\/\/naturalpoland.com\/cs\/produkty\/rostlinne-vytazky\/brusinkovy-extrakt-5-pac\/#primaryimage"},"image":{"@id":"https:\/\/naturalpoland.com\/cs\/produkty\/rostlinne-vytazky\/brusinkovy-extrakt-5-pac\/#primaryimage"},"thumbnailUrl":"https:\/\/naturalpoland.com\/wp-content\/uploads\/ekstrakt-z-zurawiny.webp","datePublished":"2021-09-10T13:24:20+00:00","dateModified":"2024-08-20T09:14:45+00:00","description":"Extrakt z brusinek 5% PAC se pou\u017e\u00edv\u00e1 v \u0161irok\u00e9 \u0161k\u00e1le aplikac\u00ed, od dopl\u0148k\u016f stravy p\u0159es farmaceutick\u00e9 v\u00fdrobky a\u017e po modern\u00ed kosmetiku.","breadcrumb":{"@id":"https:\/\/naturalpoland.com\/cs\/produkty\/rostlinne-vytazky\/brusinkovy-extrakt-5-pac\/#breadcrumb"},"inLanguage":"cs","potentialAction":[{"@type":"ReadAction","target":["https:\/\/naturalpoland.com\/cs\/produkty\/rostlinne-vytazky\/brusinkovy-extrakt-5-pac\/"]}]},{"@type":"ImageObject","inLanguage":"cs","@id":"https:\/\/naturalpoland.com\/cs\/produkty\/rostlinne-vytazky\/brusinkovy-extrakt-5-pac\/#primaryimage","url":"https:\/\/naturalpoland.com\/wp-content\/uploads\/ekstrakt-z-zurawiny.webp","contentUrl":"https:\/\/naturalpoland.com\/wp-content\/uploads\/ekstrakt-z-zurawiny.webp","width":426,"height":426,"caption":"proszkowy Ekstrakt z \u017curawiny 5% PAC"},{"@type":"BreadcrumbList","@id":"https:\/\/naturalpoland.com\/cs\/produkty\/rostlinne-vytazky\/brusinkovy-extrakt-5-pac\/#breadcrumb","itemListElement":[{"@type":"ListItem","position":1,"name":"Dom\u016f","item":"https:\/\/naturalpoland.com\/cs\/"},{"@type":"ListItem","position":2,"name":"Produkty","item":"https:\/\/naturalpoland.com\/cs\/produkty\/"},{"@type":"ListItem","position":3,"name":"Brusinkov\u00fd extrakt 5% PAC"}]},{"@type":"WebSite","@id":"https:\/\/naturalpoland.com\/cs\/#website","url":"https:\/\/naturalpoland.com\/cs\/","name":"NATURAL POLAND - Velkoobchodn\u00ed distributor surovin","description":"Surowce dla przemys\u0142u spo\u017cywczego, kosmetycznego i farmaceutycznego","publisher":{"@id":"https:\/\/naturalpoland.com\/cs\/#organization"},"potentialAction":[{"@type":"SearchAction","target":{"@type":"EntryPoint","urlTemplate":"https:\/\/naturalpoland.com\/cs\/?s={search_term_string}"},"query-input":{"@type":"PropertyValueSpecification","valueRequired":true,"valueName":"search_term_string"}}],"inLanguage":"cs"},{"@type":"Organization","@id":"https:\/\/naturalpoland.com\/cs\/#organization","name":"Natural Poland","url":"https:\/\/naturalpoland.com\/cs\/","logo":{"@type":"ImageObject","inLanguage":"cs","@id":"https:\/\/naturalpoland.com\/cs\/#\/schema\/logo\/image\/","url":"https:\/\/naturalpoland.com\/wp-content\/uploads\/2021\/05\/natural-poland-icon.png","contentUrl":"https:\/\/naturalpoland.com\/wp-content\/uploads\/2021\/05\/natural-poland-icon.png","width":512,"height":512,"caption":"Natural Poland"},"image":{"@id":"https:\/\/naturalpoland.com\/cs\/#\/schema\/logo\/image\/"},"sameAs":["https:\/\/www.facebook.com\/naturalpoland.b2b","https:\/\/pl.linkedin.com\/company\/natural-poland","https:\/\/www.youtube.com\/channel\/UCgeGGkvOMahZo-xu_MSEWxg"]}]}},"_links":{"self":[{"href":"https:\/\/naturalpoland.com\/cs\/wp-json\/wp\/v2\/product\/8770","targetHints":{"allow":["GET"]}}],"collection":[{"href":"https:\/\/naturalpoland.com\/cs\/wp-json\/wp\/v2\/product"}],"about":[{"href":"https:\/\/naturalpoland.com\/cs\/wp-json\/wp\/v2\/types\/product"}],"wp:featuredmedia":[{"embeddable":true,"href":"https:\/\/naturalpoland.com\/cs\/wp-json\/wp\/v2\/media\/31577"}],"wp:attachment":[{"href":"https:\/\/naturalpoland.com\/cs\/wp-json\/wp\/v2\/media?parent=8770"}],"wp:term":[{"taxonomy":"product_brand","embeddable":true,"href":"https:\/\/naturalpoland.com\/cs\/wp-json\/wp\/v2\/product_brand?post=8770"},{"taxonomy":"product_cat","embeddable":true,"href":"https:\/\/naturalpoland.com\/cs\/wp-json\/wp\/v2\/product_cat?post=8770"},{"taxonomy":"product_tag","embeddable":true,"href":"https:\/\/naturalpoland.com\/cs\/wp-json\/wp\/v2\/product_tag?post=8770"}],"curies":[{"name":"wp","href":"https:\/\/api.w.org\/{rel}","templated":true}]}}