{"id":8799,"date":"2021-05-11T13:42:09","date_gmt":"2021-09-10T13:24:42","guid":{"rendered":"https:\/\/naturalpoland.pl\/produkty\/nezarazene\/svetluskovy-extrakt\/"},"modified":"2025-06-24T10:52:58","modified_gmt":"2025-06-24T08:52:58","slug":"svetluskovy-extrakt","status":"publish","type":"product","link":"https:\/\/naturalpoland.com\/cs\/produkty\/rostlinne-vytazky\/svetluskovy-extrakt\/","title":{"rendered":"Extrakt ze sv\u011btl\u00edku l\u00e9ka\u0159sk\u00e9ho"},"content":{"rendered":"<p>Sv\u011btl\u00edk l\u00e9ka\u0159sk\u00fd je bylinka bohat\u00e1 na flavonoidy, kter\u00e9 jsou zodpov\u011bdn\u00e9 za jeho vysokou \u00fa\u010dinnost p\u0159i p\u00e9\u010di o citlivou poko\u017eku. Krom\u011b toho obsahuje t\u0159\u00edsloviny s antibakteri\u00e1ln\u00edmi a protiz\u00e1n\u011btliv\u00fdmi vlastnostmi.<\/p>\n<p>Sv\u011btl\u00edk je tak\u00e9 zdrojem ho\u0159\u010d\u00edku, m\u011bdi a manganu. Obsahuje kyselinu k\u00e1vovou, chlorogenovou a kumarin. Krom\u011b kosmetiky se \u010dasto pou\u017e\u00edv\u00e1 tak\u00e9 v o\u010dn\u00edch kapk\u00e1ch, kde pom\u00e1h\u00e1 zklidnit podr\u00e1\u017ed\u011bn\u00e9 o\u010di.<\/p>\n","protected":false},"excerpt":{"rendered":"<p>V kosmetice je v\u00fdta\u017eek ze sv\u011btl\u00edku l\u00e9ka\u0159sk\u00e9ho obl\u00edbenou slo\u017ekou p\u0159\u00edpravk\u016f ur\u010den\u00fdch k p\u00e9\u010di o poko\u017eku v okol\u00ed o\u010d\u00ed. Pom\u00e1h\u00e1 rozjasnit o\u010dn\u00ed okol\u00ed, zm\u00edr\u0148uje tmav\u00e9 kruhy a barevn\u00e9 nerovnosti a zklid\u0148uje zarudl\u00e9 o\u010di i pocit unaven\u00fdch v\u00ed\u010dek.<\/p>\n","protected":false},"featured_media":8802,"template":"","meta":{"_acf_changed":false},"product_brand":[],"product_cat":[622],"product_tag":[],"class_list":{"0":"post-8799","1":"product","2":"type-product","3":"status-publish","4":"has-post-thumbnail","6":"product_cat-rostlinne-vytazky","8":"first","9":"instock","10":"shipping-taxable","11":"product-type-simple"},"acf":[],"yoast_head":"<!-- This site is optimized with the Yoast SEO plugin v27.6 - https:\/\/yoast.com\/product\/yoast-seo-wordpress\/ -->\n<title>Extrakt ze sv\u011btl\u00edku l\u00e9ka\u0159sk\u00e9ho - Velkoobchodn\u00ed distributor<\/title>\n<meta name=\"description\" content=\"V kosmetice je v\u00fdta\u017eek ze sv\u011btl\u00edku l\u00e9ka\u0159sk\u00e9ho obl\u00edbenou slo\u017ekou p\u0159\u00edpravk\u016f ur\u010den\u00fdch k p\u00e9\u010di o poko\u017eku v okol\u00ed o\u010d\u00ed.\" \/>\n<meta name=\"robots\" content=\"index, follow, max-snippet:-1, max-image-preview:large, max-video-preview:-1\" \/>\n<link rel=\"canonical\" href=\"https:\/\/naturalpoland.com\/cs\/produkty\/rostlinne-vytazky\/svetluskovy-extrakt\/\" \/>\n<meta property=\"og:locale\" content=\"cs_CZ\" \/>\n<meta property=\"og:type\" content=\"article\" \/>\n<meta property=\"og:title\" content=\"Extrakt ze sv\u011btl\u00edku l\u00e9ka\u0159sk\u00e9ho - Velkoobchodn\u00ed distributor\" \/>\n<meta property=\"og:description\" content=\"V kosmetice je v\u00fdta\u017eek ze sv\u011btl\u00edku l\u00e9ka\u0159sk\u00e9ho obl\u00edbenou slo\u017ekou p\u0159\u00edpravk\u016f ur\u010den\u00fdch k p\u00e9\u010di o poko\u017eku v okol\u00ed o\u010d\u00ed.\" \/>\n<meta property=\"og:url\" content=\"https:\/\/naturalpoland.com\/cs\/produkty\/rostlinne-vytazky\/svetluskovy-extrakt\/\" \/>\n<meta property=\"og:site_name\" content=\"NATURAL POLAND - Velkoobchodn\u00ed distributor surovin\" \/>\n<meta property=\"article:publisher\" content=\"https:\/\/www.facebook.com\/naturalpoland.b2b\" \/>\n<meta property=\"article:modified_time\" content=\"2025-06-24T08:52:58+00:00\" \/>\n<meta property=\"og:image\" content=\"https:\/\/naturalpoland.com\/wp-content\/uploads\/2021\/05\/eyebright-extract.jpg\" \/>\n\t<meta property=\"og:image:width\" content=\"178\" \/>\n\t<meta property=\"og:image:height\" content=\"300\" \/>\n\t<meta property=\"og:image:type\" content=\"image\/jpeg\" \/>\n<script type=\"application\/ld+json\" class=\"yoast-schema-graph\">{\"@context\":\"https:\\\/\\\/schema.org\",\"@graph\":[{\"@type\":\"WebPage\",\"@id\":\"https:\\\/\\\/naturalpoland.com\\\/cs\\\/produkty\\\/rostlinne-vytazky\\\/svetluskovy-extrakt\\\/\",\"url\":\"https:\\\/\\\/naturalpoland.com\\\/cs\\\/produkty\\\/rostlinne-vytazky\\\/svetluskovy-extrakt\\\/\",\"name\":\"Extrakt ze sv\u011btl\u00edku l\u00e9ka\u0159sk\u00e9ho - Velkoobchodn\u00ed distributor\",\"isPartOf\":{\"@id\":\"https:\\\/\\\/naturalpoland.com\\\/cs\\\/#website\"},\"primaryImageOfPage\":{\"@id\":\"https:\\\/\\\/naturalpoland.com\\\/cs\\\/produkty\\\/rostlinne-vytazky\\\/svetluskovy-extrakt\\\/#primaryimage\"},\"image\":{\"@id\":\"https:\\\/\\\/naturalpoland.com\\\/cs\\\/produkty\\\/rostlinne-vytazky\\\/svetluskovy-extrakt\\\/#primaryimage\"},\"thumbnailUrl\":\"https:\\\/\\\/naturalpoland.com\\\/wp-content\\\/uploads\\\/2021\\\/05\\\/eyebright-extract.jpg\",\"datePublished\":\"2021-09-10T13:24:42+00:00\",\"dateModified\":\"2025-06-24T08:52:58+00:00\",\"description\":\"V kosmetice je v\u00fdta\u017eek ze sv\u011btl\u00edku l\u00e9ka\u0159sk\u00e9ho obl\u00edbenou slo\u017ekou p\u0159\u00edpravk\u016f ur\u010den\u00fdch k p\u00e9\u010di o poko\u017eku v okol\u00ed o\u010d\u00ed.\",\"breadcrumb\":{\"@id\":\"https:\\\/\\\/naturalpoland.com\\\/cs\\\/produkty\\\/rostlinne-vytazky\\\/svetluskovy-extrakt\\\/#breadcrumb\"},\"inLanguage\":\"cs\",\"potentialAction\":[{\"@type\":\"ReadAction\",\"target\":[\"https:\\\/\\\/naturalpoland.com\\\/cs\\\/produkty\\\/rostlinne-vytazky\\\/svetluskovy-extrakt\\\/\"]}]},{\"@type\":\"ImageObject\",\"inLanguage\":\"cs\",\"@id\":\"https:\\\/\\\/naturalpoland.com\\\/cs\\\/produkty\\\/rostlinne-vytazky\\\/svetluskovy-extrakt\\\/#primaryimage\",\"url\":\"https:\\\/\\\/naturalpoland.com\\\/wp-content\\\/uploads\\\/2021\\\/05\\\/eyebright-extract.jpg\",\"contentUrl\":\"https:\\\/\\\/naturalpoland.com\\\/wp-content\\\/uploads\\\/2021\\\/05\\\/eyebright-extract.jpg\",\"width\":178,\"height\":300},{\"@type\":\"BreadcrumbList\",\"@id\":\"https:\\\/\\\/naturalpoland.com\\\/cs\\\/produkty\\\/rostlinne-vytazky\\\/svetluskovy-extrakt\\\/#breadcrumb\",\"itemListElement\":[{\"@type\":\"ListItem\",\"position\":1,\"name\":\"Dom\u016f\",\"item\":\"https:\\\/\\\/naturalpoland.com\\\/cs\\\/\"},{\"@type\":\"ListItem\",\"position\":2,\"name\":\"Produkty\",\"item\":\"https:\\\/\\\/naturalpoland.com\\\/cs\\\/produkty\\\/\"},{\"@type\":\"ListItem\",\"position\":3,\"name\":\"Extrakt ze sv\u011btl\u00edku l\u00e9ka\u0159sk\u00e9ho\"}]},{\"@type\":\"WebSite\",\"@id\":\"https:\\\/\\\/naturalpoland.com\\\/cs\\\/#website\",\"url\":\"https:\\\/\\\/naturalpoland.com\\\/cs\\\/\",\"name\":\"NATURAL POLAND - Velkoobchodn\u00ed distributor surovin\",\"description\":\"Surowce dla przemys\u0142u spo\u017cywczego, kosmetycznego i farmaceutycznego\",\"publisher\":{\"@id\":\"https:\\\/\\\/naturalpoland.com\\\/cs\\\/#organization\"},\"potentialAction\":[{\"@type\":\"SearchAction\",\"target\":{\"@type\":\"EntryPoint\",\"urlTemplate\":\"https:\\\/\\\/naturalpoland.com\\\/cs\\\/?s={search_term_string}\"},\"query-input\":{\"@type\":\"PropertyValueSpecification\",\"valueRequired\":true,\"valueName\":\"search_term_string\"}}],\"inLanguage\":\"cs\"},{\"@type\":\"Organization\",\"@id\":\"https:\\\/\\\/naturalpoland.com\\\/cs\\\/#organization\",\"name\":\"Natural Poland\",\"url\":\"https:\\\/\\\/naturalpoland.com\\\/cs\\\/\",\"logo\":{\"@type\":\"ImageObject\",\"inLanguage\":\"cs\",\"@id\":\"https:\\\/\\\/naturalpoland.com\\\/cs\\\/#\\\/schema\\\/logo\\\/image\\\/\",\"url\":\"https:\\\/\\\/naturalpoland.com\\\/wp-content\\\/uploads\\\/2021\\\/05\\\/natural-poland-icon.png\",\"contentUrl\":\"https:\\\/\\\/naturalpoland.com\\\/wp-content\\\/uploads\\\/2021\\\/05\\\/natural-poland-icon.png\",\"width\":512,\"height\":512,\"caption\":\"Natural Poland\"},\"image\":{\"@id\":\"https:\\\/\\\/naturalpoland.com\\\/cs\\\/#\\\/schema\\\/logo\\\/image\\\/\"},\"sameAs\":[\"https:\\\/\\\/www.facebook.com\\\/naturalpoland.b2b\",\"https:\\\/\\\/pl.linkedin.com\\\/company\\\/natural-poland\",\"https:\\\/\\\/www.youtube.com\\\/channel\\\/UCgeGGkvOMahZo-xu_MSEWxg\"]}]}<\/script>\n<!-- \/ Yoast SEO plugin. -->","yoast_head_json":{"title":"Extrakt ze sv\u011btl\u00edku l\u00e9ka\u0159sk\u00e9ho - Velkoobchodn\u00ed distributor","description":"V kosmetice je v\u00fdta\u017eek ze sv\u011btl\u00edku l\u00e9ka\u0159sk\u00e9ho obl\u00edbenou slo\u017ekou p\u0159\u00edpravk\u016f ur\u010den\u00fdch k p\u00e9\u010di o poko\u017eku v okol\u00ed o\u010d\u00ed.","robots":{"index":"index","follow":"follow","max-snippet":"max-snippet:-1","max-image-preview":"max-image-preview:large","max-video-preview":"max-video-preview:-1"},"canonical":"https:\/\/naturalpoland.com\/cs\/produkty\/rostlinne-vytazky\/svetluskovy-extrakt\/","og_locale":"cs_CZ","og_type":"article","og_title":"Extrakt ze sv\u011btl\u00edku l\u00e9ka\u0159sk\u00e9ho - Velkoobchodn\u00ed distributor","og_description":"V kosmetice je v\u00fdta\u017eek ze sv\u011btl\u00edku l\u00e9ka\u0159sk\u00e9ho obl\u00edbenou slo\u017ekou p\u0159\u00edpravk\u016f ur\u010den\u00fdch k p\u00e9\u010di o poko\u017eku v okol\u00ed o\u010d\u00ed.","og_url":"https:\/\/naturalpoland.com\/cs\/produkty\/rostlinne-vytazky\/svetluskovy-extrakt\/","og_site_name":"NATURAL POLAND - Velkoobchodn\u00ed distributor surovin","article_publisher":"https:\/\/www.facebook.com\/naturalpoland.b2b","article_modified_time":"2025-06-24T08:52:58+00:00","og_image":[{"width":178,"height":300,"url":"https:\/\/naturalpoland.com\/wp-content\/uploads\/2021\/05\/eyebright-extract.jpg","type":"image\/jpeg"}],"schema":{"@context":"https:\/\/schema.org","@graph":[{"@type":"WebPage","@id":"https:\/\/naturalpoland.com\/cs\/produkty\/rostlinne-vytazky\/svetluskovy-extrakt\/","url":"https:\/\/naturalpoland.com\/cs\/produkty\/rostlinne-vytazky\/svetluskovy-extrakt\/","name":"Extrakt ze sv\u011btl\u00edku l\u00e9ka\u0159sk\u00e9ho - Velkoobchodn\u00ed distributor","isPartOf":{"@id":"https:\/\/naturalpoland.com\/cs\/#website"},"primaryImageOfPage":{"@id":"https:\/\/naturalpoland.com\/cs\/produkty\/rostlinne-vytazky\/svetluskovy-extrakt\/#primaryimage"},"image":{"@id":"https:\/\/naturalpoland.com\/cs\/produkty\/rostlinne-vytazky\/svetluskovy-extrakt\/#primaryimage"},"thumbnailUrl":"https:\/\/naturalpoland.com\/wp-content\/uploads\/2021\/05\/eyebright-extract.jpg","datePublished":"2021-09-10T13:24:42+00:00","dateModified":"2025-06-24T08:52:58+00:00","description":"V kosmetice je v\u00fdta\u017eek ze sv\u011btl\u00edku l\u00e9ka\u0159sk\u00e9ho obl\u00edbenou slo\u017ekou p\u0159\u00edpravk\u016f ur\u010den\u00fdch k p\u00e9\u010di o poko\u017eku v okol\u00ed o\u010d\u00ed.","breadcrumb":{"@id":"https:\/\/naturalpoland.com\/cs\/produkty\/rostlinne-vytazky\/svetluskovy-extrakt\/#breadcrumb"},"inLanguage":"cs","potentialAction":[{"@type":"ReadAction","target":["https:\/\/naturalpoland.com\/cs\/produkty\/rostlinne-vytazky\/svetluskovy-extrakt\/"]}]},{"@type":"ImageObject","inLanguage":"cs","@id":"https:\/\/naturalpoland.com\/cs\/produkty\/rostlinne-vytazky\/svetluskovy-extrakt\/#primaryimage","url":"https:\/\/naturalpoland.com\/wp-content\/uploads\/2021\/05\/eyebright-extract.jpg","contentUrl":"https:\/\/naturalpoland.com\/wp-content\/uploads\/2021\/05\/eyebright-extract.jpg","width":178,"height":300},{"@type":"BreadcrumbList","@id":"https:\/\/naturalpoland.com\/cs\/produkty\/rostlinne-vytazky\/svetluskovy-extrakt\/#breadcrumb","itemListElement":[{"@type":"ListItem","position":1,"name":"Dom\u016f","item":"https:\/\/naturalpoland.com\/cs\/"},{"@type":"ListItem","position":2,"name":"Produkty","item":"https:\/\/naturalpoland.com\/cs\/produkty\/"},{"@type":"ListItem","position":3,"name":"Extrakt ze sv\u011btl\u00edku l\u00e9ka\u0159sk\u00e9ho"}]},{"@type":"WebSite","@id":"https:\/\/naturalpoland.com\/cs\/#website","url":"https:\/\/naturalpoland.com\/cs\/","name":"NATURAL POLAND - Velkoobchodn\u00ed distributor surovin","description":"Surowce dla przemys\u0142u spo\u017cywczego, kosmetycznego i farmaceutycznego","publisher":{"@id":"https:\/\/naturalpoland.com\/cs\/#organization"},"potentialAction":[{"@type":"SearchAction","target":{"@type":"EntryPoint","urlTemplate":"https:\/\/naturalpoland.com\/cs\/?s={search_term_string}"},"query-input":{"@type":"PropertyValueSpecification","valueRequired":true,"valueName":"search_term_string"}}],"inLanguage":"cs"},{"@type":"Organization","@id":"https:\/\/naturalpoland.com\/cs\/#organization","name":"Natural Poland","url":"https:\/\/naturalpoland.com\/cs\/","logo":{"@type":"ImageObject","inLanguage":"cs","@id":"https:\/\/naturalpoland.com\/cs\/#\/schema\/logo\/image\/","url":"https:\/\/naturalpoland.com\/wp-content\/uploads\/2021\/05\/natural-poland-icon.png","contentUrl":"https:\/\/naturalpoland.com\/wp-content\/uploads\/2021\/05\/natural-poland-icon.png","width":512,"height":512,"caption":"Natural Poland"},"image":{"@id":"https:\/\/naturalpoland.com\/cs\/#\/schema\/logo\/image\/"},"sameAs":["https:\/\/www.facebook.com\/naturalpoland.b2b","https:\/\/pl.linkedin.com\/company\/natural-poland","https:\/\/www.youtube.com\/channel\/UCgeGGkvOMahZo-xu_MSEWxg"]}]}},"_links":{"self":[{"href":"https:\/\/naturalpoland.com\/cs\/wp-json\/wp\/v2\/product\/8799","targetHints":{"allow":["GET"]}}],"collection":[{"href":"https:\/\/naturalpoland.com\/cs\/wp-json\/wp\/v2\/product"}],"about":[{"href":"https:\/\/naturalpoland.com\/cs\/wp-json\/wp\/v2\/types\/product"}],"wp:featuredmedia":[{"embeddable":true,"href":"https:\/\/naturalpoland.com\/cs\/wp-json\/wp\/v2\/media\/8802"}],"wp:attachment":[{"href":"https:\/\/naturalpoland.com\/cs\/wp-json\/wp\/v2\/media?parent=8799"}],"wp:term":[{"taxonomy":"product_brand","embeddable":true,"href":"https:\/\/naturalpoland.com\/cs\/wp-json\/wp\/v2\/product_brand?post=8799"},{"taxonomy":"product_cat","embeddable":true,"href":"https:\/\/naturalpoland.com\/cs\/wp-json\/wp\/v2\/product_cat?post=8799"},{"taxonomy":"product_tag","embeddable":true,"href":"https:\/\/naturalpoland.com\/cs\/wp-json\/wp\/v2\/product_tag?post=8799"}],"curies":[{"name":"wp","href":"https:\/\/api.w.org\/{rel}","templated":true}]}}