{"id":9204,"date":"2021-06-09T14:16:29","date_gmt":"2021-06-09T12:16:29","guid":{"rendered":"https:\/\/naturalpoland.pl\/produkty\/nezarazene\/acerola-extrakt\/"},"modified":"2024-01-23T11:32:59","modified_gmt":"2024-01-23T10:32:59","slug":"acerolovy-extrakt","status":"publish","type":"product","link":"https:\/\/naturalpoland.com\/cs\/produkty\/rostlinne-vytazky\/acerolovy-extrakt\/","title":{"rendered":"Acerola extrakt"},"content":{"rendered":"<p>Extrakt z aceroly se vyzna\u010duje velmi vysok\u00fdm obsahem vitaminu C &#8211; jednoho z nejsiln\u011bj\u0161\u00edch p\u0159\u00edrodn\u00edch antioxidant\u016f, kter\u00fd je mnohem lep\u0161\u00ed ne\u017e standardn\u00ed zdroje tohoto vitaminu, jako jsou citrusy.<\/p>\n<p><strong>Pou\u017eit\u00ed:<\/strong><\/p>\n<p>Pou\u017eit\u00ed extraktu z aceroly je v\u0161estrann\u00e9. Posiluje imunitn\u00ed syst\u00e9m, podporuje t\u011blo v boji proti infekc\u00edm a p\u0159i cvi\u010den\u00ed. Jeho p\u0159\u00edtomnost v kosmetick\u00fdch p\u0159\u00edpravc\u00edch pom\u00e1h\u00e1 zlep\u0161ovat stav poko\u017eky t\u00edm, \u017ee stimuluje tvorbu kolagenu, kter\u00fd je nezbytn\u00fd pro udr\u017een\u00ed pru\u017enosti a pevnosti. D\u00edky sv\u00fdm antioxida\u010dn\u00edm vlastnostem nav\u00edc extrakt z aceroly \u00fa\u010dinn\u011b chr\u00e1n\u00ed poko\u017eku p\u0159ed po\u0161kozen\u00edm voln\u00fdmi radik\u00e1ly a podporuje regeneraci po\u0161kozen\u00fdch bun\u011bk.<\/p>\n<p><strong>Specifikace:<\/strong><\/p>\n<p>Anal\u00fdza slo\u017een\u00ed extraktu z aceroly uk\u00e1zala, \u017ee obsahuje 17,8 % vitaminu C, co\u017e potvrzuje jeho vysokou v\u00fd\u017eivovou hodnotu a \u00fa\u010dinnost. Produkt je pln\u011b rozpustn\u00fd ve vod\u011b, co\u017e usnad\u0148uje jeho pou\u017eit\u00ed v r\u016fzn\u00fdch dopl\u0148c\u00edch stravy a kosmetick\u00fdch p\u0159\u00edpravc\u00edch. Krom\u011b toho extrakt spl\u0148uje p\u0159\u00edsn\u00e9 normy kvality, v\u010detn\u011b n\u00edzk\u00e9ho obsahu t\u011b\u017ek\u00fdch kov\u016f a nep\u0159\u00edtomnosti GMO, co\u017e potvrdily proveden\u00e9 mikrobiologick\u00e9 a chemick\u00e9 testy.<\/p>\n","protected":false},"excerpt":{"rendered":"<p>Extrakt z aceroly, z\u00edsk\u00e1van\u00fd z plod\u016f <strong>Malpighia glabra Linn<\/strong> (zn\u00e1m\u00e9 tak\u00e9 jako <strong>barbadosk\u00e1<\/strong> t\u0159e\u0161e\u0148), je pro sv\u00e9 jedine\u010dn\u00e9 vlastnosti cen\u011bnou slo\u017ekou v dopl\u0148c\u00edch stravy a kosmetick\u00e9m pr\u016fmyslu.<\/p>\n","protected":false},"featured_media":29837,"template":"","meta":{"_acf_changed":false},"product_brand":[],"product_cat":[622],"product_tag":[],"class_list":{"0":"post-9204","1":"product","2":"type-product","3":"status-publish","4":"has-post-thumbnail","6":"product_cat-rostlinne-vytazky","7":"pa_certyfikaty-koser-certifikace","8":"pa_certyfikaty-halal-cs","9":"pa_czesc-rosliny-ovoce","10":"pa_grupa-substancji-antioxidanty","12":"first","13":"instock","14":"shipping-taxable","15":"product-type-simple"},"acf":[],"yoast_head":"<!-- This site is optimized with the Yoast SEO plugin v27.5 - https:\/\/yoast.com\/product\/yoast-seo-wordpress\/ -->\n<title>Acerola extrakt - Velkoobchodn\u00ed distributor<\/title>\n<meta name=\"description\" content=\"Extrakt z aceroly je cennou slo\u017ekou v oblasti zdrav\u00ed a kr\u00e1sy, kter\u00e1 nab\u00edz\u00ed mnoho zdrav\u00ed prosp\u011b\u0161n\u00fdch l\u00e1tek.\" \/>\n<meta name=\"robots\" content=\"index, follow, max-snippet:-1, max-image-preview:large, max-video-preview:-1\" \/>\n<link rel=\"canonical\" href=\"https:\/\/naturalpoland.com\/cs\/produkty\/rostlinne-vytazky\/acerolovy-extrakt\/\" \/>\n<meta property=\"og:locale\" content=\"cs_CZ\" \/>\n<meta property=\"og:type\" content=\"article\" \/>\n<meta property=\"og:title\" content=\"Acerola extrakt - Velkoobchodn\u00ed distributor\" \/>\n<meta property=\"og:description\" content=\"Extrakt z aceroly je cennou slo\u017ekou v oblasti zdrav\u00ed a kr\u00e1sy, kter\u00e1 nab\u00edz\u00ed mnoho zdrav\u00ed prosp\u011b\u0161n\u00fdch l\u00e1tek.\" \/>\n<meta property=\"og:url\" content=\"https:\/\/naturalpoland.com\/cs\/produkty\/rostlinne-vytazky\/acerolovy-extrakt\/\" \/>\n<meta property=\"og:site_name\" content=\"NATURAL POLAND - Velkoobchodn\u00ed distributor surovin\" \/>\n<meta property=\"article:publisher\" content=\"https:\/\/www.facebook.com\/naturalpoland.b2b\" \/>\n<meta property=\"article:modified_time\" content=\"2024-01-23T10:32:59+00:00\" \/>\n<meta property=\"og:image\" content=\"https:\/\/naturalpoland.com\/wp-content\/uploads\/acerola_extract.webp\" \/>\n\t<meta property=\"og:image:width\" content=\"614\" \/>\n\t<meta property=\"og:image:height\" content=\"614\" \/>\n\t<meta property=\"og:image:type\" content=\"image\/webp\" \/>\n<script type=\"application\/ld+json\" class=\"yoast-schema-graph\">{\"@context\":\"https:\\\/\\\/schema.org\",\"@graph\":[{\"@type\":\"WebPage\",\"@id\":\"https:\\\/\\\/naturalpoland.com\\\/cs\\\/produkty\\\/rostlinne-vytazky\\\/acerolovy-extrakt\\\/\",\"url\":\"https:\\\/\\\/naturalpoland.com\\\/cs\\\/produkty\\\/rostlinne-vytazky\\\/acerolovy-extrakt\\\/\",\"name\":\"Acerola extrakt - Velkoobchodn\u00ed distributor\",\"isPartOf\":{\"@id\":\"https:\\\/\\\/naturalpoland.com\\\/cs\\\/#website\"},\"primaryImageOfPage\":{\"@id\":\"https:\\\/\\\/naturalpoland.com\\\/cs\\\/produkty\\\/rostlinne-vytazky\\\/acerolovy-extrakt\\\/#primaryimage\"},\"image\":{\"@id\":\"https:\\\/\\\/naturalpoland.com\\\/cs\\\/produkty\\\/rostlinne-vytazky\\\/acerolovy-extrakt\\\/#primaryimage\"},\"thumbnailUrl\":\"https:\\\/\\\/naturalpoland.com\\\/wp-content\\\/uploads\\\/acerola_extract.webp\",\"datePublished\":\"2021-06-09T12:16:29+00:00\",\"dateModified\":\"2024-01-23T10:32:59+00:00\",\"description\":\"Extrakt z aceroly je cennou slo\u017ekou v oblasti zdrav\u00ed a kr\u00e1sy, kter\u00e1 nab\u00edz\u00ed mnoho zdrav\u00ed prosp\u011b\u0161n\u00fdch l\u00e1tek.\",\"breadcrumb\":{\"@id\":\"https:\\\/\\\/naturalpoland.com\\\/cs\\\/produkty\\\/rostlinne-vytazky\\\/acerolovy-extrakt\\\/#breadcrumb\"},\"inLanguage\":\"cs\",\"potentialAction\":[{\"@type\":\"ReadAction\",\"target\":[\"https:\\\/\\\/naturalpoland.com\\\/cs\\\/produkty\\\/rostlinne-vytazky\\\/acerolovy-extrakt\\\/\"]}]},{\"@type\":\"ImageObject\",\"inLanguage\":\"cs\",\"@id\":\"https:\\\/\\\/naturalpoland.com\\\/cs\\\/produkty\\\/rostlinne-vytazky\\\/acerolovy-extrakt\\\/#primaryimage\",\"url\":\"https:\\\/\\\/naturalpoland.com\\\/wp-content\\\/uploads\\\/acerola_extract.webp\",\"contentUrl\":\"https:\\\/\\\/naturalpoland.com\\\/wp-content\\\/uploads\\\/acerola_extract.webp\",\"width\":614,\"height\":614,\"caption\":\"ekstrakt z aceroli\"},{\"@type\":\"BreadcrumbList\",\"@id\":\"https:\\\/\\\/naturalpoland.com\\\/cs\\\/produkty\\\/rostlinne-vytazky\\\/acerolovy-extrakt\\\/#breadcrumb\",\"itemListElement\":[{\"@type\":\"ListItem\",\"position\":1,\"name\":\"Dom\u016f\",\"item\":\"https:\\\/\\\/naturalpoland.com\\\/cs\\\/\"},{\"@type\":\"ListItem\",\"position\":2,\"name\":\"Produkty\",\"item\":\"https:\\\/\\\/naturalpoland.com\\\/cs\\\/produkty\\\/\"},{\"@type\":\"ListItem\",\"position\":3,\"name\":\"Acerola extrakt\"}]},{\"@type\":\"WebSite\",\"@id\":\"https:\\\/\\\/naturalpoland.com\\\/cs\\\/#website\",\"url\":\"https:\\\/\\\/naturalpoland.com\\\/cs\\\/\",\"name\":\"NATURAL POLAND - Velkoobchodn\u00ed distributor surovin\",\"description\":\"Surowce dla przemys\u0142u spo\u017cywczego, kosmetycznego i farmaceutycznego\",\"publisher\":{\"@id\":\"https:\\\/\\\/naturalpoland.com\\\/cs\\\/#organization\"},\"potentialAction\":[{\"@type\":\"SearchAction\",\"target\":{\"@type\":\"EntryPoint\",\"urlTemplate\":\"https:\\\/\\\/naturalpoland.com\\\/cs\\\/?s={search_term_string}\"},\"query-input\":{\"@type\":\"PropertyValueSpecification\",\"valueRequired\":true,\"valueName\":\"search_term_string\"}}],\"inLanguage\":\"cs\"},{\"@type\":\"Organization\",\"@id\":\"https:\\\/\\\/naturalpoland.com\\\/cs\\\/#organization\",\"name\":\"Natural Poland\",\"url\":\"https:\\\/\\\/naturalpoland.com\\\/cs\\\/\",\"logo\":{\"@type\":\"ImageObject\",\"inLanguage\":\"cs\",\"@id\":\"https:\\\/\\\/naturalpoland.com\\\/cs\\\/#\\\/schema\\\/logo\\\/image\\\/\",\"url\":\"https:\\\/\\\/naturalpoland.com\\\/wp-content\\\/uploads\\\/2021\\\/05\\\/natural-poland-icon.png\",\"contentUrl\":\"https:\\\/\\\/naturalpoland.com\\\/wp-content\\\/uploads\\\/2021\\\/05\\\/natural-poland-icon.png\",\"width\":512,\"height\":512,\"caption\":\"Natural Poland\"},\"image\":{\"@id\":\"https:\\\/\\\/naturalpoland.com\\\/cs\\\/#\\\/schema\\\/logo\\\/image\\\/\"},\"sameAs\":[\"https:\\\/\\\/www.facebook.com\\\/naturalpoland.b2b\",\"https:\\\/\\\/pl.linkedin.com\\\/company\\\/natural-poland\",\"https:\\\/\\\/www.youtube.com\\\/channel\\\/UCgeGGkvOMahZo-xu_MSEWxg\"]}]}<\/script>\n<!-- \/ Yoast SEO plugin. -->","yoast_head_json":{"title":"Acerola extrakt - Velkoobchodn\u00ed distributor","description":"Extrakt z aceroly je cennou slo\u017ekou v oblasti zdrav\u00ed a kr\u00e1sy, kter\u00e1 nab\u00edz\u00ed mnoho zdrav\u00ed prosp\u011b\u0161n\u00fdch l\u00e1tek.","robots":{"index":"index","follow":"follow","max-snippet":"max-snippet:-1","max-image-preview":"max-image-preview:large","max-video-preview":"max-video-preview:-1"},"canonical":"https:\/\/naturalpoland.com\/cs\/produkty\/rostlinne-vytazky\/acerolovy-extrakt\/","og_locale":"cs_CZ","og_type":"article","og_title":"Acerola extrakt - Velkoobchodn\u00ed distributor","og_description":"Extrakt z aceroly je cennou slo\u017ekou v oblasti zdrav\u00ed a kr\u00e1sy, kter\u00e1 nab\u00edz\u00ed mnoho zdrav\u00ed prosp\u011b\u0161n\u00fdch l\u00e1tek.","og_url":"https:\/\/naturalpoland.com\/cs\/produkty\/rostlinne-vytazky\/acerolovy-extrakt\/","og_site_name":"NATURAL POLAND - Velkoobchodn\u00ed distributor surovin","article_publisher":"https:\/\/www.facebook.com\/naturalpoland.b2b","article_modified_time":"2024-01-23T10:32:59+00:00","og_image":[{"width":614,"height":614,"url":"https:\/\/naturalpoland.com\/wp-content\/uploads\/acerola_extract.webp","type":"image\/webp"}],"schema":{"@context":"https:\/\/schema.org","@graph":[{"@type":"WebPage","@id":"https:\/\/naturalpoland.com\/cs\/produkty\/rostlinne-vytazky\/acerolovy-extrakt\/","url":"https:\/\/naturalpoland.com\/cs\/produkty\/rostlinne-vytazky\/acerolovy-extrakt\/","name":"Acerola extrakt - Velkoobchodn\u00ed distributor","isPartOf":{"@id":"https:\/\/naturalpoland.com\/cs\/#website"},"primaryImageOfPage":{"@id":"https:\/\/naturalpoland.com\/cs\/produkty\/rostlinne-vytazky\/acerolovy-extrakt\/#primaryimage"},"image":{"@id":"https:\/\/naturalpoland.com\/cs\/produkty\/rostlinne-vytazky\/acerolovy-extrakt\/#primaryimage"},"thumbnailUrl":"https:\/\/naturalpoland.com\/wp-content\/uploads\/acerola_extract.webp","datePublished":"2021-06-09T12:16:29+00:00","dateModified":"2024-01-23T10:32:59+00:00","description":"Extrakt z aceroly je cennou slo\u017ekou v oblasti zdrav\u00ed a kr\u00e1sy, kter\u00e1 nab\u00edz\u00ed mnoho zdrav\u00ed prosp\u011b\u0161n\u00fdch l\u00e1tek.","breadcrumb":{"@id":"https:\/\/naturalpoland.com\/cs\/produkty\/rostlinne-vytazky\/acerolovy-extrakt\/#breadcrumb"},"inLanguage":"cs","potentialAction":[{"@type":"ReadAction","target":["https:\/\/naturalpoland.com\/cs\/produkty\/rostlinne-vytazky\/acerolovy-extrakt\/"]}]},{"@type":"ImageObject","inLanguage":"cs","@id":"https:\/\/naturalpoland.com\/cs\/produkty\/rostlinne-vytazky\/acerolovy-extrakt\/#primaryimage","url":"https:\/\/naturalpoland.com\/wp-content\/uploads\/acerola_extract.webp","contentUrl":"https:\/\/naturalpoland.com\/wp-content\/uploads\/acerola_extract.webp","width":614,"height":614,"caption":"ekstrakt z aceroli"},{"@type":"BreadcrumbList","@id":"https:\/\/naturalpoland.com\/cs\/produkty\/rostlinne-vytazky\/acerolovy-extrakt\/#breadcrumb","itemListElement":[{"@type":"ListItem","position":1,"name":"Dom\u016f","item":"https:\/\/naturalpoland.com\/cs\/"},{"@type":"ListItem","position":2,"name":"Produkty","item":"https:\/\/naturalpoland.com\/cs\/produkty\/"},{"@type":"ListItem","position":3,"name":"Acerola extrakt"}]},{"@type":"WebSite","@id":"https:\/\/naturalpoland.com\/cs\/#website","url":"https:\/\/naturalpoland.com\/cs\/","name":"NATURAL POLAND - Velkoobchodn\u00ed distributor surovin","description":"Surowce dla przemys\u0142u spo\u017cywczego, kosmetycznego i farmaceutycznego","publisher":{"@id":"https:\/\/naturalpoland.com\/cs\/#organization"},"potentialAction":[{"@type":"SearchAction","target":{"@type":"EntryPoint","urlTemplate":"https:\/\/naturalpoland.com\/cs\/?s={search_term_string}"},"query-input":{"@type":"PropertyValueSpecification","valueRequired":true,"valueName":"search_term_string"}}],"inLanguage":"cs"},{"@type":"Organization","@id":"https:\/\/naturalpoland.com\/cs\/#organization","name":"Natural Poland","url":"https:\/\/naturalpoland.com\/cs\/","logo":{"@type":"ImageObject","inLanguage":"cs","@id":"https:\/\/naturalpoland.com\/cs\/#\/schema\/logo\/image\/","url":"https:\/\/naturalpoland.com\/wp-content\/uploads\/2021\/05\/natural-poland-icon.png","contentUrl":"https:\/\/naturalpoland.com\/wp-content\/uploads\/2021\/05\/natural-poland-icon.png","width":512,"height":512,"caption":"Natural Poland"},"image":{"@id":"https:\/\/naturalpoland.com\/cs\/#\/schema\/logo\/image\/"},"sameAs":["https:\/\/www.facebook.com\/naturalpoland.b2b","https:\/\/pl.linkedin.com\/company\/natural-poland","https:\/\/www.youtube.com\/channel\/UCgeGGkvOMahZo-xu_MSEWxg"]}]}},"_links":{"self":[{"href":"https:\/\/naturalpoland.com\/cs\/wp-json\/wp\/v2\/product\/9204","targetHints":{"allow":["GET"]}}],"collection":[{"href":"https:\/\/naturalpoland.com\/cs\/wp-json\/wp\/v2\/product"}],"about":[{"href":"https:\/\/naturalpoland.com\/cs\/wp-json\/wp\/v2\/types\/product"}],"wp:featuredmedia":[{"embeddable":true,"href":"https:\/\/naturalpoland.com\/cs\/wp-json\/wp\/v2\/media\/29837"}],"wp:attachment":[{"href":"https:\/\/naturalpoland.com\/cs\/wp-json\/wp\/v2\/media?parent=9204"}],"wp:term":[{"taxonomy":"product_brand","embeddable":true,"href":"https:\/\/naturalpoland.com\/cs\/wp-json\/wp\/v2\/product_brand?post=9204"},{"taxonomy":"product_cat","embeddable":true,"href":"https:\/\/naturalpoland.com\/cs\/wp-json\/wp\/v2\/product_cat?post=9204"},{"taxonomy":"product_tag","embeddable":true,"href":"https:\/\/naturalpoland.com\/cs\/wp-json\/wp\/v2\/product_tag?post=9204"}],"curies":[{"name":"wp","href":"https:\/\/api.w.org\/{rel}","templated":true}]}}