{"id":9217,"date":"2021-06-09T14:36:17","date_gmt":"2021-09-10T13:29:34","guid":{"rendered":"https:\/\/naturalpoland.pl\/produkty\/nezarazene\/extrakt-boswellia-serrata\/"},"modified":"2024-08-23T15:04:12","modified_gmt":"2024-08-23T13:04:12","slug":"boswellia-serrata-extrakt","status":"publish","type":"product","link":"https:\/\/naturalpoland.com\/cs\/produkty\/rostlinne-vytazky\/boswellia-serrata-extrakt\/","title":{"rendered":"Extrakt Boswellia Serrata"},"content":{"rendered":"<p>Extrakt z boswellie serraty p\u016fsob\u00ed p\u0159edev\u0161\u00edm inhibic\u00ed enzymu 5-lipoxygen\u00e1zy (5-LOX), co\u017e vede ke sn\u00ed\u017een\u00ed produkce leukotrien\u016f &#8211; l\u00e1tek zodpov\u011bdn\u00fdch za z\u00e1n\u011btliv\u00e9 procesy v t\u011ble.<br \/>\nD\u00edky tomu m\u016f\u017ee b\u00fdt boswellie \u00fa\u010dinn\u00e1 p\u0159i sni\u017eov\u00e1n\u00ed z\u00e1n\u011btu, bolesti a otok\u016f, zejm\u00e9na v souvislosti s<strong> artritidou, revmatick\u00fdmi onemocn\u011bn\u00edmi<\/strong> a <strong>d\u00fdchac\u00edmi probl\u00e9my,<\/strong> jako je <strong>astma<\/strong>.<br \/>\nBoswellov\u00e9 kyseliny nav\u00edc vykazuj\u00ed potenci\u00e1l p\u0159i ochran\u011b tk\u00e1n\u011b chrupavky a mohou podporovat zdrav\u00ed kloub\u016f.<br \/>\nP\u0159\u00edpravek je ve form\u011b jemn\u00e9ho pr\u00e1\u0161ku b\u00edl\u00e9 a\u017e kr\u00e9mov\u00e9 barvy.<br \/>\nVyzna\u010duje se v\u00fdraznou, jemnou v\u016fn\u00ed typickou pro rostlinnou surovinu.      <\/p>\n<h2>Pou\u017eit\u00ed extraktu z Boswellia serrata:<\/h2>\n<p>  Extrakt z boswellie serraty se \u010dasto pou\u017e\u00edv\u00e1 v dopl\u0148c\u00edch stravy ve form\u011b kapsl\u00ed, tablet nebo pr\u00e1\u0161ku k l\u00e9\u010db\u011b kloubn\u00edch a respira\u010dn\u00edch onemocn\u011bn\u00ed a p\u0159i chronick\u00fdch z\u00e1n\u011btech.<br \/>\nD\u00edky sv\u00fdm protiz\u00e1n\u011btliv\u00fdm vlastnostem se boswellie \u010dasto pou\u017e\u00edv\u00e1 v p\u0159\u00edpravc\u00edch na sn\u00ed\u017een\u00ed bolesti a zlep\u0161en\u00ed pohyblivosti kloub\u016f u lid\u00ed trp\u00edc\u00edch artritidou nebo jin\u00fdmi revmatick\u00fdmi onemocn\u011bn\u00edmi.<br \/>\nBoswellie m\u016f\u017ee b\u00fdt pou\u017eita jako p\u0159\u00edrodn\u00ed slo\u017eka v p\u0159\u00edpravc\u00edch pro fyzicky aktivn\u00ed lidi, kte\u0159\u00ed poci\u0165uj\u00ed<strong> bolesti sval\u016f a kloub\u016f<\/strong>.  <\/p>\n","protected":false},"excerpt":{"rendered":"<p><strong>Extrakt z boswellie serrata<\/strong>, zn\u00e1m\u00fd tak\u00e9 jako <strong>indick\u00e9 kadidlo<\/strong>, je p\u0159\u00edrodn\u00ed produkt z\u00edsk\u00e1van\u00fd z prysky\u0159ice stromu <em>Boswellia serrata<\/em>.<br \/>\nExtrakt je standardizov\u00e1n tak, aby obsahoval<strong> boswellov\u00e9 kyseliny<\/strong>, kter\u00e9 jsou hlavn\u00edmi \u00fa\u010dinn\u00fdmi l\u00e1tkami zodpov\u011bdn\u00fdmi za jeho zdravotn\u00ed \u00fa\u010dinky. <\/p>\n","protected":false},"featured_media":34850,"template":"","meta":[],"product_brand":[],"product_cat":[622],"product_tag":[],"class_list":{"0":"post-9217","1":"product","2":"type-product","3":"status-publish","4":"has-post-thumbnail","6":"product_cat-rostlinne-vytazky","7":"pa_certyfikaty-koser-certifikace","8":"pa_certyfikaty-halal-cs","9":"pa_czesc-rosliny-pryskyrice","10":"pa_skladnik-aktywny-kyselina-boswellova","12":"first","13":"instock","14":"shipping-taxable","15":"product-type-simple"},"yoast_head":"<!-- This site is optimized with the Yoast SEO plugin v27.4 - https:\/\/yoast.com\/product\/yoast-seo-wordpress\/ -->\n<title>Extrakt Boswellia Serrata - NATURAL POLAND - Velkoobchodn\u00ed distributor surovin<\/title>\n<meta name=\"description\" content=\"Extrakt z boswellie serraty se pou\u017e\u00edv\u00e1 v dopl\u0148c\u00edch stravy a produktech na podporu zdrav\u00ed kloub\u016f a d\u00fdchac\u00edch cest.\" \/>\n<meta name=\"robots\" content=\"index, follow, max-snippet:-1, max-image-preview:large, max-video-preview:-1\" \/>\n<link rel=\"canonical\" href=\"https:\/\/naturalpoland.com\/cs\/produkty\/rostlinne-vytazky\/boswellia-serrata-extrakt\/\" \/>\n<meta property=\"og:locale\" content=\"cs_CZ\" \/>\n<meta property=\"og:type\" content=\"article\" \/>\n<meta property=\"og:title\" content=\"Extrakt Boswellia Serrata - NATURAL POLAND - Velkoobchodn\u00ed distributor surovin\" \/>\n<meta property=\"og:description\" content=\"Extrakt z boswellie serraty se pou\u017e\u00edv\u00e1 v dopl\u0148c\u00edch stravy a produktech na podporu zdrav\u00ed kloub\u016f a d\u00fdchac\u00edch cest.\" \/>\n<meta property=\"og:url\" content=\"https:\/\/naturalpoland.com\/cs\/produkty\/rostlinne-vytazky\/boswellia-serrata-extrakt\/\" \/>\n<meta property=\"og:site_name\" content=\"NATURAL POLAND - Velkoobchodn\u00ed distributor surovin\" \/>\n<meta property=\"article:publisher\" content=\"https:\/\/www.facebook.com\/naturalpoland.b2b\" \/>\n<meta property=\"article:modified_time\" content=\"2024-08-23T13:04:12+00:00\" \/>\n<meta property=\"og:image\" content=\"https:\/\/naturalpoland.com\/wp-content\/uploads\/boswellia_serrata_extract.webp\" \/>\n\t<meta property=\"og:image:width\" content=\"619\" \/>\n\t<meta property=\"og:image:height\" content=\"619\" \/>\n\t<meta property=\"og:image:type\" content=\"image\/webp\" \/>\n<script type=\"application\/ld+json\" class=\"yoast-schema-graph\">{\"@context\":\"https:\\\/\\\/schema.org\",\"@graph\":[{\"@type\":\"WebPage\",\"@id\":\"https:\\\/\\\/naturalpoland.com\\\/cs\\\/produkty\\\/rostlinne-vytazky\\\/boswellia-serrata-extrakt\\\/\",\"url\":\"https:\\\/\\\/naturalpoland.com\\\/cs\\\/produkty\\\/rostlinne-vytazky\\\/boswellia-serrata-extrakt\\\/\",\"name\":\"Extrakt Boswellia Serrata - NATURAL POLAND - Velkoobchodn\u00ed distributor surovin\",\"isPartOf\":{\"@id\":\"https:\\\/\\\/naturalpoland.com\\\/cs\\\/#website\"},\"primaryImageOfPage\":{\"@id\":\"https:\\\/\\\/naturalpoland.com\\\/cs\\\/produkty\\\/rostlinne-vytazky\\\/boswellia-serrata-extrakt\\\/#primaryimage\"},\"image\":{\"@id\":\"https:\\\/\\\/naturalpoland.com\\\/cs\\\/produkty\\\/rostlinne-vytazky\\\/boswellia-serrata-extrakt\\\/#primaryimage\"},\"thumbnailUrl\":\"https:\\\/\\\/naturalpoland.com\\\/wp-content\\\/uploads\\\/boswellia_serrata_extract.webp\",\"datePublished\":\"2021-09-10T13:29:34+00:00\",\"dateModified\":\"2024-08-23T13:04:12+00:00\",\"description\":\"Extrakt z boswellie serraty se pou\u017e\u00edv\u00e1 v dopl\u0148c\u00edch stravy a produktech na podporu zdrav\u00ed kloub\u016f a d\u00fdchac\u00edch cest.\",\"breadcrumb\":{\"@id\":\"https:\\\/\\\/naturalpoland.com\\\/cs\\\/produkty\\\/rostlinne-vytazky\\\/boswellia-serrata-extrakt\\\/#breadcrumb\"},\"inLanguage\":\"cs\",\"potentialAction\":[{\"@type\":\"ReadAction\",\"target\":[\"https:\\\/\\\/naturalpoland.com\\\/cs\\\/produkty\\\/rostlinne-vytazky\\\/boswellia-serrata-extrakt\\\/\"]}]},{\"@type\":\"ImageObject\",\"inLanguage\":\"cs\",\"@id\":\"https:\\\/\\\/naturalpoland.com\\\/cs\\\/produkty\\\/rostlinne-vytazky\\\/boswellia-serrata-extrakt\\\/#primaryimage\",\"url\":\"https:\\\/\\\/naturalpoland.com\\\/wp-content\\\/uploads\\\/boswellia_serrata_extract.webp\",\"contentUrl\":\"https:\\\/\\\/naturalpoland.com\\\/wp-content\\\/uploads\\\/boswellia_serrata_extract.webp\",\"width\":619,\"height\":619,\"caption\":\"Ekstrakt z boswellia serrata pochodz\u0105cy z \u017cywicy drzewa Boswellia serrata ma posta\u0107 drobnego proszku o kolorze od bia\u0142ego do kremowego.\"},{\"@type\":\"BreadcrumbList\",\"@id\":\"https:\\\/\\\/naturalpoland.com\\\/cs\\\/produkty\\\/rostlinne-vytazky\\\/boswellia-serrata-extrakt\\\/#breadcrumb\",\"itemListElement\":[{\"@type\":\"ListItem\",\"position\":1,\"name\":\"Dom\u016f\",\"item\":\"https:\\\/\\\/naturalpoland.com\\\/cs\\\/\"},{\"@type\":\"ListItem\",\"position\":2,\"name\":\"Produkty\",\"item\":\"https:\\\/\\\/naturalpoland.com\\\/cs\\\/produkty\\\/\"},{\"@type\":\"ListItem\",\"position\":3,\"name\":\"Extrakt Boswellia Serrata\"}]},{\"@type\":\"WebSite\",\"@id\":\"https:\\\/\\\/naturalpoland.com\\\/cs\\\/#website\",\"url\":\"https:\\\/\\\/naturalpoland.com\\\/cs\\\/\",\"name\":\"NATURAL POLAND - Velkoobchodn\u00ed distributor surovin\",\"description\":\"Surowce dla przemys\u0142u spo\u017cywczego, kosmetycznego i farmaceutycznego\",\"publisher\":{\"@id\":\"https:\\\/\\\/naturalpoland.com\\\/cs\\\/#organization\"},\"potentialAction\":[{\"@type\":\"SearchAction\",\"target\":{\"@type\":\"EntryPoint\",\"urlTemplate\":\"https:\\\/\\\/naturalpoland.com\\\/cs\\\/?s={search_term_string}\"},\"query-input\":{\"@type\":\"PropertyValueSpecification\",\"valueRequired\":true,\"valueName\":\"search_term_string\"}}],\"inLanguage\":\"cs\"},{\"@type\":\"Organization\",\"@id\":\"https:\\\/\\\/naturalpoland.com\\\/cs\\\/#organization\",\"name\":\"Natural Poland\",\"url\":\"https:\\\/\\\/naturalpoland.com\\\/cs\\\/\",\"logo\":{\"@type\":\"ImageObject\",\"inLanguage\":\"cs\",\"@id\":\"https:\\\/\\\/naturalpoland.com\\\/cs\\\/#\\\/schema\\\/logo\\\/image\\\/\",\"url\":\"https:\\\/\\\/naturalpoland.com\\\/wp-content\\\/uploads\\\/2021\\\/05\\\/natural-poland-icon.png\",\"contentUrl\":\"https:\\\/\\\/naturalpoland.com\\\/wp-content\\\/uploads\\\/2021\\\/05\\\/natural-poland-icon.png\",\"width\":512,\"height\":512,\"caption\":\"Natural Poland\"},\"image\":{\"@id\":\"https:\\\/\\\/naturalpoland.com\\\/cs\\\/#\\\/schema\\\/logo\\\/image\\\/\"},\"sameAs\":[\"https:\\\/\\\/www.facebook.com\\\/naturalpoland.b2b\",\"https:\\\/\\\/pl.linkedin.com\\\/company\\\/natural-poland\",\"https:\\\/\\\/www.youtube.com\\\/channel\\\/UCgeGGkvOMahZo-xu_MSEWxg\"]}]}<\/script>\n<!-- \/ Yoast SEO plugin. -->","yoast_head_json":{"title":"Extrakt Boswellia Serrata - NATURAL POLAND - Velkoobchodn\u00ed distributor surovin","description":"Extrakt z boswellie serraty se pou\u017e\u00edv\u00e1 v dopl\u0148c\u00edch stravy a produktech na podporu zdrav\u00ed kloub\u016f a d\u00fdchac\u00edch cest.","robots":{"index":"index","follow":"follow","max-snippet":"max-snippet:-1","max-image-preview":"max-image-preview:large","max-video-preview":"max-video-preview:-1"},"canonical":"https:\/\/naturalpoland.com\/cs\/produkty\/rostlinne-vytazky\/boswellia-serrata-extrakt\/","og_locale":"cs_CZ","og_type":"article","og_title":"Extrakt Boswellia Serrata - NATURAL POLAND - Velkoobchodn\u00ed distributor surovin","og_description":"Extrakt z boswellie serraty se pou\u017e\u00edv\u00e1 v dopl\u0148c\u00edch stravy a produktech na podporu zdrav\u00ed kloub\u016f a d\u00fdchac\u00edch cest.","og_url":"https:\/\/naturalpoland.com\/cs\/produkty\/rostlinne-vytazky\/boswellia-serrata-extrakt\/","og_site_name":"NATURAL POLAND - Velkoobchodn\u00ed distributor surovin","article_publisher":"https:\/\/www.facebook.com\/naturalpoland.b2b","article_modified_time":"2024-08-23T13:04:12+00:00","og_image":[{"width":619,"height":619,"url":"https:\/\/naturalpoland.com\/wp-content\/uploads\/boswellia_serrata_extract.webp","type":"image\/webp"}],"schema":{"@context":"https:\/\/schema.org","@graph":[{"@type":"WebPage","@id":"https:\/\/naturalpoland.com\/cs\/produkty\/rostlinne-vytazky\/boswellia-serrata-extrakt\/","url":"https:\/\/naturalpoland.com\/cs\/produkty\/rostlinne-vytazky\/boswellia-serrata-extrakt\/","name":"Extrakt Boswellia Serrata - NATURAL POLAND - Velkoobchodn\u00ed distributor surovin","isPartOf":{"@id":"https:\/\/naturalpoland.com\/cs\/#website"},"primaryImageOfPage":{"@id":"https:\/\/naturalpoland.com\/cs\/produkty\/rostlinne-vytazky\/boswellia-serrata-extrakt\/#primaryimage"},"image":{"@id":"https:\/\/naturalpoland.com\/cs\/produkty\/rostlinne-vytazky\/boswellia-serrata-extrakt\/#primaryimage"},"thumbnailUrl":"https:\/\/naturalpoland.com\/wp-content\/uploads\/boswellia_serrata_extract.webp","datePublished":"2021-09-10T13:29:34+00:00","dateModified":"2024-08-23T13:04:12+00:00","description":"Extrakt z boswellie serraty se pou\u017e\u00edv\u00e1 v dopl\u0148c\u00edch stravy a produktech na podporu zdrav\u00ed kloub\u016f a d\u00fdchac\u00edch cest.","breadcrumb":{"@id":"https:\/\/naturalpoland.com\/cs\/produkty\/rostlinne-vytazky\/boswellia-serrata-extrakt\/#breadcrumb"},"inLanguage":"cs","potentialAction":[{"@type":"ReadAction","target":["https:\/\/naturalpoland.com\/cs\/produkty\/rostlinne-vytazky\/boswellia-serrata-extrakt\/"]}]},{"@type":"ImageObject","inLanguage":"cs","@id":"https:\/\/naturalpoland.com\/cs\/produkty\/rostlinne-vytazky\/boswellia-serrata-extrakt\/#primaryimage","url":"https:\/\/naturalpoland.com\/wp-content\/uploads\/boswellia_serrata_extract.webp","contentUrl":"https:\/\/naturalpoland.com\/wp-content\/uploads\/boswellia_serrata_extract.webp","width":619,"height":619,"caption":"Ekstrakt z boswellia serrata pochodz\u0105cy z \u017cywicy drzewa Boswellia serrata ma posta\u0107 drobnego proszku o kolorze od bia\u0142ego do kremowego."},{"@type":"BreadcrumbList","@id":"https:\/\/naturalpoland.com\/cs\/produkty\/rostlinne-vytazky\/boswellia-serrata-extrakt\/#breadcrumb","itemListElement":[{"@type":"ListItem","position":1,"name":"Dom\u016f","item":"https:\/\/naturalpoland.com\/cs\/"},{"@type":"ListItem","position":2,"name":"Produkty","item":"https:\/\/naturalpoland.com\/cs\/produkty\/"},{"@type":"ListItem","position":3,"name":"Extrakt Boswellia Serrata"}]},{"@type":"WebSite","@id":"https:\/\/naturalpoland.com\/cs\/#website","url":"https:\/\/naturalpoland.com\/cs\/","name":"NATURAL POLAND - Velkoobchodn\u00ed distributor surovin","description":"Surowce dla przemys\u0142u spo\u017cywczego, kosmetycznego i farmaceutycznego","publisher":{"@id":"https:\/\/naturalpoland.com\/cs\/#organization"},"potentialAction":[{"@type":"SearchAction","target":{"@type":"EntryPoint","urlTemplate":"https:\/\/naturalpoland.com\/cs\/?s={search_term_string}"},"query-input":{"@type":"PropertyValueSpecification","valueRequired":true,"valueName":"search_term_string"}}],"inLanguage":"cs"},{"@type":"Organization","@id":"https:\/\/naturalpoland.com\/cs\/#organization","name":"Natural Poland","url":"https:\/\/naturalpoland.com\/cs\/","logo":{"@type":"ImageObject","inLanguage":"cs","@id":"https:\/\/naturalpoland.com\/cs\/#\/schema\/logo\/image\/","url":"https:\/\/naturalpoland.com\/wp-content\/uploads\/2021\/05\/natural-poland-icon.png","contentUrl":"https:\/\/naturalpoland.com\/wp-content\/uploads\/2021\/05\/natural-poland-icon.png","width":512,"height":512,"caption":"Natural Poland"},"image":{"@id":"https:\/\/naturalpoland.com\/cs\/#\/schema\/logo\/image\/"},"sameAs":["https:\/\/www.facebook.com\/naturalpoland.b2b","https:\/\/pl.linkedin.com\/company\/natural-poland","https:\/\/www.youtube.com\/channel\/UCgeGGkvOMahZo-xu_MSEWxg"]}]}},"_links":{"self":[{"href":"https:\/\/naturalpoland.com\/cs\/wp-json\/wp\/v2\/product\/9217","targetHints":{"allow":["GET"]}}],"collection":[{"href":"https:\/\/naturalpoland.com\/cs\/wp-json\/wp\/v2\/product"}],"about":[{"href":"https:\/\/naturalpoland.com\/cs\/wp-json\/wp\/v2\/types\/product"}],"wp:featuredmedia":[{"embeddable":true,"href":"https:\/\/naturalpoland.com\/cs\/wp-json\/wp\/v2\/media\/34850"}],"wp:attachment":[{"href":"https:\/\/naturalpoland.com\/cs\/wp-json\/wp\/v2\/media?parent=9217"}],"wp:term":[{"taxonomy":"product_brand","embeddable":true,"href":"https:\/\/naturalpoland.com\/cs\/wp-json\/wp\/v2\/product_brand?post=9217"},{"taxonomy":"product_cat","embeddable":true,"href":"https:\/\/naturalpoland.com\/cs\/wp-json\/wp\/v2\/product_cat?post=9217"},{"taxonomy":"product_tag","embeddable":true,"href":"https:\/\/naturalpoland.com\/cs\/wp-json\/wp\/v2\/product_tag?post=9217"}],"curies":[{"name":"wp","href":"https:\/\/api.w.org\/{rel}","templated":true}]}}