{"id":9237,"date":"2021-06-17T11:35:44","date_gmt":"2021-09-10T13:29:51","guid":{"rendered":"https:\/\/naturalpoland.pl\/produkty\/nezarazene\/jablecny-extrakt\/"},"modified":"2024-09-17T13:48:21","modified_gmt":"2024-09-17T11:48:21","slug":"jablecny-extrakt","status":"publish","type":"product","link":"https:\/\/naturalpoland.com\/cs\/produkty\/rostlinne-vytazky\/jablecny-extrakt\/","title":{"rendered":"Jable\u010dn\u00fd extrakt"},"content":{"rendered":"<h2>Vlastnosti jable\u010dn\u00e9ho extraktu<\/h2>\n<p>  Jable\u010dn\u00fd extrakt je bohat\u00fd na botavitaminy, jako jsou vitaminy skupiny B a vitamin C, kter\u00e9 podporuj\u00ed regeneraci poko\u017eky, synt\u00e9zu kolagenu a zm\u00edrn\u011bn\u00ed z\u00e1n\u011bt\u016f.<br \/>\nObsahuje tak\u00e9 alfa-hydroxykyseliny (AHA), kter\u00e9 pom\u00e1haj\u00ed rozjas\u0148ovat ple\u0165, hydratovat ji a redukovat hyperpigmentaci.<br \/>\nD\u00edky p\u0159\u00edtomnosti <strong>polyfenol\u016f<\/strong>, flavonoid\u016f, pektin\u016f a dal\u0161\u00edch p\u0159\u00edrodn\u00edch rostlinn\u00fdch slou\u010denin p\u016fsob\u00ed tento extrakt jako siln\u00fd antioxidant, chr\u00e1n\u00ed poko\u017eku p\u0159ed po\u0161kozen\u00edm voln\u00fdmi radik\u00e1ly a podporuje jej\u00ed pru\u017enost.    <\/p>\n<h2>Pou\u017eit\u00ed:<\/h2>\n<p>  Jable\u010dn\u00fd extrakt, kter\u00fd nab\u00edz\u00edme, se hojn\u011b pou\u017e\u00edv\u00e1 v kosmetice, kde m\u00e1 exfolia\u010dn\u00ed, anti-ageing a hydrata\u010dn\u00ed vlastnosti.<br \/>\nJe ide\u00e1ln\u00ed pro zralou, suchou, citlivou a akn\u00f3zn\u00ed ple\u0165.<br \/>\nD\u00edky sv\u00e9mu jemn\u00e9mu keratolytick\u00e9mu \u00fa\u010dinku pom\u00e1h\u00e1 extrakt odlupovat odum\u0159elou poko\u017eku.<br \/>\nJable\u010dn\u00fd extrakt se pou\u017e\u00edv\u00e1 tak\u00e9 v hydrata\u010dn\u00edch vlasov\u00fdch p\u0159\u00edpravc\u00edch.     &nbsp;<\/p>\n","protected":false},"excerpt":{"rendered":"<p>Nab\u00edz\u00edme vysoce kvalitn\u00ed p\u0159\u00edrodn\u00ed <strong>jable\u010dn\u00fd extrakt z\u00edskan\u00fd<\/strong> ze zral\u00fdch plod\u016f <em>Malus pumila Mill<\/em>.<br \/>\nExtrakt je k dispozici ve form\u011b jemn\u00e9ho \u010dervenohn\u011bd\u00e9ho pr\u00e1\u0161ku s charakteristickou v\u016fn\u00ed. <\/p>\n","protected":false},"featured_media":35669,"template":"","meta":[],"product_brand":[],"product_cat":[622],"product_tag":[],"class_list":{"0":"post-9237","1":"product","2":"type-product","3":"status-publish","4":"has-post-thumbnail","6":"product_cat-rostlinne-vytazky","7":"pa_certyfikaty-koser-certifikace","8":"pa_certyfikaty-halal-cs","9":"pa_czesc-rosliny-kuze","10":"pa_skladnik-aktywny-polyfenoly","12":"first","13":"instock","14":"shipping-taxable","15":"product-type-simple"},"yoast_head":"<!-- This site is optimized with the Yoast SEO plugin v27.4 - https:\/\/yoast.com\/product\/yoast-seo-wordpress\/ -->\n<title>Jable\u010dn\u00fd extrakt - NATURAL POLAND - Velkoobchodn\u00ed distributor surovin<\/title>\n<meta name=\"description\" content=\"Nab\u00edz\u00edme vysoce kvalitn\u00ed p\u0159\u00edrodn\u00ed jable\u010dn\u00fd extrakt z\u00edskan\u00fd ze zral\u00fdch plod\u016f Malus pumila Mill.\" \/>\n<meta name=\"robots\" content=\"index, follow, max-snippet:-1, max-image-preview:large, max-video-preview:-1\" \/>\n<link rel=\"canonical\" href=\"https:\/\/naturalpoland.com\/cs\/produkty\/rostlinne-vytazky\/jablecny-extrakt\/\" \/>\n<meta property=\"og:locale\" content=\"cs_CZ\" \/>\n<meta property=\"og:type\" content=\"article\" \/>\n<meta property=\"og:title\" content=\"Jable\u010dn\u00fd extrakt - NATURAL POLAND - Velkoobchodn\u00ed distributor surovin\" \/>\n<meta property=\"og:description\" content=\"Nab\u00edz\u00edme vysoce kvalitn\u00ed p\u0159\u00edrodn\u00ed jable\u010dn\u00fd extrakt z\u00edskan\u00fd ze zral\u00fdch plod\u016f Malus pumila Mill.\" \/>\n<meta property=\"og:url\" content=\"https:\/\/naturalpoland.com\/cs\/produkty\/rostlinne-vytazky\/jablecny-extrakt\/\" \/>\n<meta property=\"og:site_name\" content=\"NATURAL POLAND - Velkoobchodn\u00ed distributor surovin\" \/>\n<meta property=\"article:publisher\" content=\"https:\/\/www.facebook.com\/naturalpoland.b2b\" \/>\n<meta property=\"article:modified_time\" content=\"2024-09-17T11:48:21+00:00\" \/>\n<meta property=\"og:image\" content=\"https:\/\/naturalpoland.com\/wp-content\/uploads\/ekstrakt-z-jablka.webp\" \/>\n\t<meta property=\"og:image:width\" content=\"619\" \/>\n\t<meta property=\"og:image:height\" content=\"619\" \/>\n\t<meta property=\"og:image:type\" content=\"image\/webp\" \/>\n<script type=\"application\/ld+json\" class=\"yoast-schema-graph\">{\"@context\":\"https:\\\/\\\/schema.org\",\"@graph\":[{\"@type\":\"WebPage\",\"@id\":\"https:\\\/\\\/naturalpoland.com\\\/cs\\\/produkty\\\/rostlinne-vytazky\\\/jablecny-extrakt\\\/\",\"url\":\"https:\\\/\\\/naturalpoland.com\\\/cs\\\/produkty\\\/rostlinne-vytazky\\\/jablecny-extrakt\\\/\",\"name\":\"Jable\u010dn\u00fd extrakt - NATURAL POLAND - Velkoobchodn\u00ed distributor surovin\",\"isPartOf\":{\"@id\":\"https:\\\/\\\/naturalpoland.com\\\/cs\\\/#website\"},\"primaryImageOfPage\":{\"@id\":\"https:\\\/\\\/naturalpoland.com\\\/cs\\\/produkty\\\/rostlinne-vytazky\\\/jablecny-extrakt\\\/#primaryimage\"},\"image\":{\"@id\":\"https:\\\/\\\/naturalpoland.com\\\/cs\\\/produkty\\\/rostlinne-vytazky\\\/jablecny-extrakt\\\/#primaryimage\"},\"thumbnailUrl\":\"https:\\\/\\\/naturalpoland.com\\\/wp-content\\\/uploads\\\/ekstrakt-z-jablka.webp\",\"datePublished\":\"2021-09-10T13:29:51+00:00\",\"dateModified\":\"2024-09-17T11:48:21+00:00\",\"description\":\"Nab\u00edz\u00edme vysoce kvalitn\u00ed p\u0159\u00edrodn\u00ed jable\u010dn\u00fd extrakt z\u00edskan\u00fd ze zral\u00fdch plod\u016f Malus pumila Mill.\",\"breadcrumb\":{\"@id\":\"https:\\\/\\\/naturalpoland.com\\\/cs\\\/produkty\\\/rostlinne-vytazky\\\/jablecny-extrakt\\\/#breadcrumb\"},\"inLanguage\":\"cs\",\"potentialAction\":[{\"@type\":\"ReadAction\",\"target\":[\"https:\\\/\\\/naturalpoland.com\\\/cs\\\/produkty\\\/rostlinne-vytazky\\\/jablecny-extrakt\\\/\"]}]},{\"@type\":\"ImageObject\",\"inLanguage\":\"cs\",\"@id\":\"https:\\\/\\\/naturalpoland.com\\\/cs\\\/produkty\\\/rostlinne-vytazky\\\/jablecny-extrakt\\\/#primaryimage\",\"url\":\"https:\\\/\\\/naturalpoland.com\\\/wp-content\\\/uploads\\\/ekstrakt-z-jablka.webp\",\"contentUrl\":\"https:\\\/\\\/naturalpoland.com\\\/wp-content\\\/uploads\\\/ekstrakt-z-jablka.webp\",\"width\":619,\"height\":619,\"caption\":\"ekstrakt proszkowy z jab\u0142ka\"},{\"@type\":\"BreadcrumbList\",\"@id\":\"https:\\\/\\\/naturalpoland.com\\\/cs\\\/produkty\\\/rostlinne-vytazky\\\/jablecny-extrakt\\\/#breadcrumb\",\"itemListElement\":[{\"@type\":\"ListItem\",\"position\":1,\"name\":\"Dom\u016f\",\"item\":\"https:\\\/\\\/naturalpoland.com\\\/cs\\\/\"},{\"@type\":\"ListItem\",\"position\":2,\"name\":\"Produkty\",\"item\":\"https:\\\/\\\/naturalpoland.com\\\/cs\\\/produkty\\\/\"},{\"@type\":\"ListItem\",\"position\":3,\"name\":\"Jable\u010dn\u00fd extrakt\"}]},{\"@type\":\"WebSite\",\"@id\":\"https:\\\/\\\/naturalpoland.com\\\/cs\\\/#website\",\"url\":\"https:\\\/\\\/naturalpoland.com\\\/cs\\\/\",\"name\":\"NATURAL POLAND - Velkoobchodn\u00ed distributor surovin\",\"description\":\"Surowce dla przemys\u0142u spo\u017cywczego, kosmetycznego i farmaceutycznego\",\"publisher\":{\"@id\":\"https:\\\/\\\/naturalpoland.com\\\/cs\\\/#organization\"},\"potentialAction\":[{\"@type\":\"SearchAction\",\"target\":{\"@type\":\"EntryPoint\",\"urlTemplate\":\"https:\\\/\\\/naturalpoland.com\\\/cs\\\/?s={search_term_string}\"},\"query-input\":{\"@type\":\"PropertyValueSpecification\",\"valueRequired\":true,\"valueName\":\"search_term_string\"}}],\"inLanguage\":\"cs\"},{\"@type\":\"Organization\",\"@id\":\"https:\\\/\\\/naturalpoland.com\\\/cs\\\/#organization\",\"name\":\"Natural Poland\",\"url\":\"https:\\\/\\\/naturalpoland.com\\\/cs\\\/\",\"logo\":{\"@type\":\"ImageObject\",\"inLanguage\":\"cs\",\"@id\":\"https:\\\/\\\/naturalpoland.com\\\/cs\\\/#\\\/schema\\\/logo\\\/image\\\/\",\"url\":\"https:\\\/\\\/naturalpoland.com\\\/wp-content\\\/uploads\\\/2021\\\/05\\\/natural-poland-icon.png\",\"contentUrl\":\"https:\\\/\\\/naturalpoland.com\\\/wp-content\\\/uploads\\\/2021\\\/05\\\/natural-poland-icon.png\",\"width\":512,\"height\":512,\"caption\":\"Natural Poland\"},\"image\":{\"@id\":\"https:\\\/\\\/naturalpoland.com\\\/cs\\\/#\\\/schema\\\/logo\\\/image\\\/\"},\"sameAs\":[\"https:\\\/\\\/www.facebook.com\\\/naturalpoland.b2b\",\"https:\\\/\\\/pl.linkedin.com\\\/company\\\/natural-poland\",\"https:\\\/\\\/www.youtube.com\\\/channel\\\/UCgeGGkvOMahZo-xu_MSEWxg\"]}]}<\/script>\n<!-- \/ Yoast SEO plugin. -->","yoast_head_json":{"title":"Jable\u010dn\u00fd extrakt - NATURAL POLAND - Velkoobchodn\u00ed distributor surovin","description":"Nab\u00edz\u00edme vysoce kvalitn\u00ed p\u0159\u00edrodn\u00ed jable\u010dn\u00fd extrakt z\u00edskan\u00fd ze zral\u00fdch plod\u016f Malus pumila Mill.","robots":{"index":"index","follow":"follow","max-snippet":"max-snippet:-1","max-image-preview":"max-image-preview:large","max-video-preview":"max-video-preview:-1"},"canonical":"https:\/\/naturalpoland.com\/cs\/produkty\/rostlinne-vytazky\/jablecny-extrakt\/","og_locale":"cs_CZ","og_type":"article","og_title":"Jable\u010dn\u00fd extrakt - NATURAL POLAND - Velkoobchodn\u00ed distributor surovin","og_description":"Nab\u00edz\u00edme vysoce kvalitn\u00ed p\u0159\u00edrodn\u00ed jable\u010dn\u00fd extrakt z\u00edskan\u00fd ze zral\u00fdch plod\u016f Malus pumila Mill.","og_url":"https:\/\/naturalpoland.com\/cs\/produkty\/rostlinne-vytazky\/jablecny-extrakt\/","og_site_name":"NATURAL POLAND - Velkoobchodn\u00ed distributor surovin","article_publisher":"https:\/\/www.facebook.com\/naturalpoland.b2b","article_modified_time":"2024-09-17T11:48:21+00:00","og_image":[{"width":619,"height":619,"url":"https:\/\/naturalpoland.com\/wp-content\/uploads\/ekstrakt-z-jablka.webp","type":"image\/webp"}],"schema":{"@context":"https:\/\/schema.org","@graph":[{"@type":"WebPage","@id":"https:\/\/naturalpoland.com\/cs\/produkty\/rostlinne-vytazky\/jablecny-extrakt\/","url":"https:\/\/naturalpoland.com\/cs\/produkty\/rostlinne-vytazky\/jablecny-extrakt\/","name":"Jable\u010dn\u00fd extrakt - NATURAL POLAND - Velkoobchodn\u00ed distributor surovin","isPartOf":{"@id":"https:\/\/naturalpoland.com\/cs\/#website"},"primaryImageOfPage":{"@id":"https:\/\/naturalpoland.com\/cs\/produkty\/rostlinne-vytazky\/jablecny-extrakt\/#primaryimage"},"image":{"@id":"https:\/\/naturalpoland.com\/cs\/produkty\/rostlinne-vytazky\/jablecny-extrakt\/#primaryimage"},"thumbnailUrl":"https:\/\/naturalpoland.com\/wp-content\/uploads\/ekstrakt-z-jablka.webp","datePublished":"2021-09-10T13:29:51+00:00","dateModified":"2024-09-17T11:48:21+00:00","description":"Nab\u00edz\u00edme vysoce kvalitn\u00ed p\u0159\u00edrodn\u00ed jable\u010dn\u00fd extrakt z\u00edskan\u00fd ze zral\u00fdch plod\u016f Malus pumila Mill.","breadcrumb":{"@id":"https:\/\/naturalpoland.com\/cs\/produkty\/rostlinne-vytazky\/jablecny-extrakt\/#breadcrumb"},"inLanguage":"cs","potentialAction":[{"@type":"ReadAction","target":["https:\/\/naturalpoland.com\/cs\/produkty\/rostlinne-vytazky\/jablecny-extrakt\/"]}]},{"@type":"ImageObject","inLanguage":"cs","@id":"https:\/\/naturalpoland.com\/cs\/produkty\/rostlinne-vytazky\/jablecny-extrakt\/#primaryimage","url":"https:\/\/naturalpoland.com\/wp-content\/uploads\/ekstrakt-z-jablka.webp","contentUrl":"https:\/\/naturalpoland.com\/wp-content\/uploads\/ekstrakt-z-jablka.webp","width":619,"height":619,"caption":"ekstrakt proszkowy z jab\u0142ka"},{"@type":"BreadcrumbList","@id":"https:\/\/naturalpoland.com\/cs\/produkty\/rostlinne-vytazky\/jablecny-extrakt\/#breadcrumb","itemListElement":[{"@type":"ListItem","position":1,"name":"Dom\u016f","item":"https:\/\/naturalpoland.com\/cs\/"},{"@type":"ListItem","position":2,"name":"Produkty","item":"https:\/\/naturalpoland.com\/cs\/produkty\/"},{"@type":"ListItem","position":3,"name":"Jable\u010dn\u00fd extrakt"}]},{"@type":"WebSite","@id":"https:\/\/naturalpoland.com\/cs\/#website","url":"https:\/\/naturalpoland.com\/cs\/","name":"NATURAL POLAND - Velkoobchodn\u00ed distributor surovin","description":"Surowce dla przemys\u0142u spo\u017cywczego, kosmetycznego i farmaceutycznego","publisher":{"@id":"https:\/\/naturalpoland.com\/cs\/#organization"},"potentialAction":[{"@type":"SearchAction","target":{"@type":"EntryPoint","urlTemplate":"https:\/\/naturalpoland.com\/cs\/?s={search_term_string}"},"query-input":{"@type":"PropertyValueSpecification","valueRequired":true,"valueName":"search_term_string"}}],"inLanguage":"cs"},{"@type":"Organization","@id":"https:\/\/naturalpoland.com\/cs\/#organization","name":"Natural Poland","url":"https:\/\/naturalpoland.com\/cs\/","logo":{"@type":"ImageObject","inLanguage":"cs","@id":"https:\/\/naturalpoland.com\/cs\/#\/schema\/logo\/image\/","url":"https:\/\/naturalpoland.com\/wp-content\/uploads\/2021\/05\/natural-poland-icon.png","contentUrl":"https:\/\/naturalpoland.com\/wp-content\/uploads\/2021\/05\/natural-poland-icon.png","width":512,"height":512,"caption":"Natural Poland"},"image":{"@id":"https:\/\/naturalpoland.com\/cs\/#\/schema\/logo\/image\/"},"sameAs":["https:\/\/www.facebook.com\/naturalpoland.b2b","https:\/\/pl.linkedin.com\/company\/natural-poland","https:\/\/www.youtube.com\/channel\/UCgeGGkvOMahZo-xu_MSEWxg"]}]}},"_links":{"self":[{"href":"https:\/\/naturalpoland.com\/cs\/wp-json\/wp\/v2\/product\/9237","targetHints":{"allow":["GET"]}}],"collection":[{"href":"https:\/\/naturalpoland.com\/cs\/wp-json\/wp\/v2\/product"}],"about":[{"href":"https:\/\/naturalpoland.com\/cs\/wp-json\/wp\/v2\/types\/product"}],"wp:featuredmedia":[{"embeddable":true,"href":"https:\/\/naturalpoland.com\/cs\/wp-json\/wp\/v2\/media\/35669"}],"wp:attachment":[{"href":"https:\/\/naturalpoland.com\/cs\/wp-json\/wp\/v2\/media?parent=9237"}],"wp:term":[{"taxonomy":"product_brand","embeddable":true,"href":"https:\/\/naturalpoland.com\/cs\/wp-json\/wp\/v2\/product_brand?post=9237"},{"taxonomy":"product_cat","embeddable":true,"href":"https:\/\/naturalpoland.com\/cs\/wp-json\/wp\/v2\/product_cat?post=9237"},{"taxonomy":"product_tag","embeddable":true,"href":"https:\/\/naturalpoland.com\/cs\/wp-json\/wp\/v2\/product_tag?post=9237"}],"curies":[{"name":"wp","href":"https:\/\/api.w.org\/{rel}","templated":true}]}}