{"id":9305,"date":"2021-06-17T15:16:39","date_gmt":"2021-09-10T13:30:35","guid":{"rendered":"https:\/\/naturalpoland.pl\/produkty\/nezarazene\/extrakt-z-bile-moruse\/"},"modified":"2021-09-10T15:30:35","modified_gmt":"2021-09-10T13:30:35","slug":"extrakt-z-moruse-bile","status":"publish","type":"product","link":"https:\/\/naturalpoland.com\/cs\/produkty\/rostlinne-vytazky\/extrakt-z-moruse-bile\/","title":{"rendered":"Extrakt z b\u00edl\u00e9 moru\u0161e"},"content":{"rendered":"<p>Extrakt z b\u00edl\u00e9 moru\u0161e obsahuje velk\u00e9 mno\u017estv\u00ed antioxidant\u016f. Proto m\u00e1 antioxida\u010dn\u00ed vlastnosti, co\u017e z n\u011bj \u010din\u00ed vynikaj\u00edc\u00ed dopln\u011bk kosmetiky ur\u010den\u00e9 pro p\u00e9\u010di o zralou poko\u017eku. Tento extrakt zvlh\u010duje poko\u017eku, vy\u017eivuje ji a v\u00fdrazn\u011b zlep\u0161uje jej\u00ed stav.<\/p>\n<p>Extrakt se z\u00edsk\u00e1v\u00e1 hlavn\u011b z list\u016f moru\u0161e. Jsou nejbohat\u0161\u00ed na antioxidanty. Extrakt m\u016f\u017ee tak\u00e9 uklidnit podr\u00e1\u017ed\u011bn\u00ed. M\u00e1 protiz\u00e1n\u011btliv\u00e9 a analgetick\u00e9 vlastnosti. M\u016f\u017ee zp\u016fsobit, \u017ee poko\u017eka bude pru\u017en\u00e1 a vyrovn\u00e1 zabarven\u00ed. Vhodn\u00fd pro p\u00e9\u010di o akn\u00f3zn\u00ed a jasn\u011b zjizvenou poko\u017eku. M\u016f\u017ee b\u00fdt pou\u017eit na k\u016f\u017ei se striemi a na \u010d\u00e1sti t\u011bla s nedostate\u010dnou pevnost\u00ed.<\/p>\n","protected":false},"excerpt":{"rendered":"<p>Jsme vysoce kvalitn\u00ed distributor<strong> extrakt z b\u00edl\u00e9 moru\u0161e.<\/strong><\/p>\n<p>Tento produkt se pou\u017e\u00edv\u00e1 v dopl\u0148c\u00edch na hubnut\u00ed a jako l\u00e1tka, kter\u00e1 sni\u017euje hladinu cukru v krvi. V\u00fdzkum tak\u00e9 uk\u00e1zal, \u017ee moru\u0161e b\u00edl\u00e1 sni\u017euje pravd\u011bpodobnost vzniku Alzheimerovy choroby.<\/p>\n","protected":false},"featured_media":9308,"template":"","meta":{"_acf_changed":false},"product_brand":[],"product_cat":[622],"product_tag":[],"class_list":{"0":"post-9305","1":"product","2":"type-product","3":"status-publish","4":"has-post-thumbnail","6":"product_cat-rostlinne-vytazky","7":"pa_certyfikaty-koser-certifikace","8":"pa_certyfikaty-halal-cs","10":"first","11":"instock","12":"shipping-taxable","13":"product-type-simple"},"acf":[],"yoast_head":"<!-- This site is optimized with the Yoast SEO plugin v27.5 - https:\/\/yoast.com\/product\/yoast-seo-wordpress\/ -->\n<title>Extrakt z b\u00edl\u00e9 moru\u0161e - Velkoobchodn\u00ed distributor<\/title>\n<meta name=\"robots\" content=\"index, follow, max-snippet:-1, max-image-preview:large, max-video-preview:-1\" \/>\n<link rel=\"canonical\" href=\"https:\/\/naturalpoland.com\/cs\/produkty\/rostlinne-vytazky\/extrakt-z-moruse-bile\/\" \/>\n<meta property=\"og:locale\" content=\"cs_CZ\" \/>\n<meta property=\"og:type\" content=\"article\" \/>\n<meta property=\"og:title\" content=\"Extrakt z b\u00edl\u00e9 moru\u0161e - Velkoobchodn\u00ed distributor\" \/>\n<meta property=\"og:description\" content=\"Jsme vysoce kvalitn\u00ed distributor extrakt z b\u00edl\u00e9 moru\u0161e. Tento produkt se pou\u017e\u00edv\u00e1 v dopl\u0148c\u00edch na hubnut\u00ed a jako l\u00e1tka, kter\u00e1 sni\u017euje hladinu cukru v krvi. V\u00fdzkum tak\u00e9 uk\u00e1zal, \u017ee moru\u0161e b\u00edl\u00e1 sni\u017euje pravd\u011bpodobnost vzniku Alzheimerovy choroby.\" \/>\n<meta property=\"og:url\" content=\"https:\/\/naturalpoland.com\/cs\/produkty\/rostlinne-vytazky\/extrakt-z-moruse-bile\/\" \/>\n<meta property=\"og:site_name\" content=\"NATURAL POLAND - Velkoobchodn\u00ed distributor surovin\" \/>\n<meta property=\"article:publisher\" content=\"https:\/\/www.facebook.com\/naturalpoland.b2b\" \/>\n<meta property=\"og:image\" content=\"https:\/\/naturalpoland.com\/wp-content\/uploads\/ekstrakt-z-morwy-bialej.jpg\" \/>\n\t<meta property=\"og:image:width\" content=\"650\" \/>\n\t<meta property=\"og:image:height\" content=\"623\" \/>\n\t<meta property=\"og:image:type\" content=\"image\/jpeg\" \/>\n<script type=\"application\/ld+json\" class=\"yoast-schema-graph\">{\"@context\":\"https:\\\/\\\/schema.org\",\"@graph\":[{\"@type\":\"WebPage\",\"@id\":\"https:\\\/\\\/naturalpoland.com\\\/cs\\\/produkty\\\/rostlinne-vytazky\\\/extrakt-z-moruse-bile\\\/\",\"url\":\"https:\\\/\\\/naturalpoland.com\\\/cs\\\/produkty\\\/rostlinne-vytazky\\\/extrakt-z-moruse-bile\\\/\",\"name\":\"Extrakt z b\u00edl\u00e9 moru\u0161e - Velkoobchodn\u00ed distributor\",\"isPartOf\":{\"@id\":\"https:\\\/\\\/naturalpoland.com\\\/cs\\\/#website\"},\"primaryImageOfPage\":{\"@id\":\"https:\\\/\\\/naturalpoland.com\\\/cs\\\/produkty\\\/rostlinne-vytazky\\\/extrakt-z-moruse-bile\\\/#primaryimage\"},\"image\":{\"@id\":\"https:\\\/\\\/naturalpoland.com\\\/cs\\\/produkty\\\/rostlinne-vytazky\\\/extrakt-z-moruse-bile\\\/#primaryimage\"},\"thumbnailUrl\":\"https:\\\/\\\/naturalpoland.com\\\/wp-content\\\/uploads\\\/ekstrakt-z-morwy-bialej.jpg\",\"datePublished\":\"2021-09-10T13:30:35+00:00\",\"breadcrumb\":{\"@id\":\"https:\\\/\\\/naturalpoland.com\\\/cs\\\/produkty\\\/rostlinne-vytazky\\\/extrakt-z-moruse-bile\\\/#breadcrumb\"},\"inLanguage\":\"cs\",\"potentialAction\":[{\"@type\":\"ReadAction\",\"target\":[\"https:\\\/\\\/naturalpoland.com\\\/cs\\\/produkty\\\/rostlinne-vytazky\\\/extrakt-z-moruse-bile\\\/\"]}]},{\"@type\":\"ImageObject\",\"inLanguage\":\"cs\",\"@id\":\"https:\\\/\\\/naturalpoland.com\\\/cs\\\/produkty\\\/rostlinne-vytazky\\\/extrakt-z-moruse-bile\\\/#primaryimage\",\"url\":\"https:\\\/\\\/naturalpoland.com\\\/wp-content\\\/uploads\\\/ekstrakt-z-morwy-bialej.jpg\",\"contentUrl\":\"https:\\\/\\\/naturalpoland.com\\\/wp-content\\\/uploads\\\/ekstrakt-z-morwy-bialej.jpg\",\"width\":650,\"height\":623},{\"@type\":\"BreadcrumbList\",\"@id\":\"https:\\\/\\\/naturalpoland.com\\\/cs\\\/produkty\\\/rostlinne-vytazky\\\/extrakt-z-moruse-bile\\\/#breadcrumb\",\"itemListElement\":[{\"@type\":\"ListItem\",\"position\":1,\"name\":\"Dom\u016f\",\"item\":\"https:\\\/\\\/naturalpoland.com\\\/cs\\\/\"},{\"@type\":\"ListItem\",\"position\":2,\"name\":\"Produkty\",\"item\":\"https:\\\/\\\/naturalpoland.com\\\/cs\\\/produkty\\\/\"},{\"@type\":\"ListItem\",\"position\":3,\"name\":\"Extrakt z b\u00edl\u00e9 moru\u0161e\"}]},{\"@type\":\"WebSite\",\"@id\":\"https:\\\/\\\/naturalpoland.com\\\/cs\\\/#website\",\"url\":\"https:\\\/\\\/naturalpoland.com\\\/cs\\\/\",\"name\":\"NATURAL POLAND - Velkoobchodn\u00ed distributor surovin\",\"description\":\"Surowce dla przemys\u0142u spo\u017cywczego, kosmetycznego i farmaceutycznego\",\"publisher\":{\"@id\":\"https:\\\/\\\/naturalpoland.com\\\/cs\\\/#organization\"},\"potentialAction\":[{\"@type\":\"SearchAction\",\"target\":{\"@type\":\"EntryPoint\",\"urlTemplate\":\"https:\\\/\\\/naturalpoland.com\\\/cs\\\/?s={search_term_string}\"},\"query-input\":{\"@type\":\"PropertyValueSpecification\",\"valueRequired\":true,\"valueName\":\"search_term_string\"}}],\"inLanguage\":\"cs\"},{\"@type\":\"Organization\",\"@id\":\"https:\\\/\\\/naturalpoland.com\\\/cs\\\/#organization\",\"name\":\"Natural Poland\",\"url\":\"https:\\\/\\\/naturalpoland.com\\\/cs\\\/\",\"logo\":{\"@type\":\"ImageObject\",\"inLanguage\":\"cs\",\"@id\":\"https:\\\/\\\/naturalpoland.com\\\/cs\\\/#\\\/schema\\\/logo\\\/image\\\/\",\"url\":\"https:\\\/\\\/naturalpoland.com\\\/wp-content\\\/uploads\\\/2021\\\/05\\\/natural-poland-icon.png\",\"contentUrl\":\"https:\\\/\\\/naturalpoland.com\\\/wp-content\\\/uploads\\\/2021\\\/05\\\/natural-poland-icon.png\",\"width\":512,\"height\":512,\"caption\":\"Natural Poland\"},\"image\":{\"@id\":\"https:\\\/\\\/naturalpoland.com\\\/cs\\\/#\\\/schema\\\/logo\\\/image\\\/\"},\"sameAs\":[\"https:\\\/\\\/www.facebook.com\\\/naturalpoland.b2b\",\"https:\\\/\\\/pl.linkedin.com\\\/company\\\/natural-poland\",\"https:\\\/\\\/www.youtube.com\\\/channel\\\/UCgeGGkvOMahZo-xu_MSEWxg\"]}]}<\/script>\n<!-- \/ Yoast SEO plugin. -->","yoast_head_json":{"title":"Extrakt z b\u00edl\u00e9 moru\u0161e - Velkoobchodn\u00ed distributor","robots":{"index":"index","follow":"follow","max-snippet":"max-snippet:-1","max-image-preview":"max-image-preview:large","max-video-preview":"max-video-preview:-1"},"canonical":"https:\/\/naturalpoland.com\/cs\/produkty\/rostlinne-vytazky\/extrakt-z-moruse-bile\/","og_locale":"cs_CZ","og_type":"article","og_title":"Extrakt z b\u00edl\u00e9 moru\u0161e - Velkoobchodn\u00ed distributor","og_description":"Jsme vysoce kvalitn\u00ed distributor extrakt z b\u00edl\u00e9 moru\u0161e. Tento produkt se pou\u017e\u00edv\u00e1 v dopl\u0148c\u00edch na hubnut\u00ed a jako l\u00e1tka, kter\u00e1 sni\u017euje hladinu cukru v krvi. V\u00fdzkum tak\u00e9 uk\u00e1zal, \u017ee moru\u0161e b\u00edl\u00e1 sni\u017euje pravd\u011bpodobnost vzniku Alzheimerovy choroby.","og_url":"https:\/\/naturalpoland.com\/cs\/produkty\/rostlinne-vytazky\/extrakt-z-moruse-bile\/","og_site_name":"NATURAL POLAND - Velkoobchodn\u00ed distributor surovin","article_publisher":"https:\/\/www.facebook.com\/naturalpoland.b2b","og_image":[{"width":650,"height":623,"url":"https:\/\/naturalpoland.com\/wp-content\/uploads\/ekstrakt-z-morwy-bialej.jpg","type":"image\/jpeg"}],"schema":{"@context":"https:\/\/schema.org","@graph":[{"@type":"WebPage","@id":"https:\/\/naturalpoland.com\/cs\/produkty\/rostlinne-vytazky\/extrakt-z-moruse-bile\/","url":"https:\/\/naturalpoland.com\/cs\/produkty\/rostlinne-vytazky\/extrakt-z-moruse-bile\/","name":"Extrakt z b\u00edl\u00e9 moru\u0161e - Velkoobchodn\u00ed distributor","isPartOf":{"@id":"https:\/\/naturalpoland.com\/cs\/#website"},"primaryImageOfPage":{"@id":"https:\/\/naturalpoland.com\/cs\/produkty\/rostlinne-vytazky\/extrakt-z-moruse-bile\/#primaryimage"},"image":{"@id":"https:\/\/naturalpoland.com\/cs\/produkty\/rostlinne-vytazky\/extrakt-z-moruse-bile\/#primaryimage"},"thumbnailUrl":"https:\/\/naturalpoland.com\/wp-content\/uploads\/ekstrakt-z-morwy-bialej.jpg","datePublished":"2021-09-10T13:30:35+00:00","breadcrumb":{"@id":"https:\/\/naturalpoland.com\/cs\/produkty\/rostlinne-vytazky\/extrakt-z-moruse-bile\/#breadcrumb"},"inLanguage":"cs","potentialAction":[{"@type":"ReadAction","target":["https:\/\/naturalpoland.com\/cs\/produkty\/rostlinne-vytazky\/extrakt-z-moruse-bile\/"]}]},{"@type":"ImageObject","inLanguage":"cs","@id":"https:\/\/naturalpoland.com\/cs\/produkty\/rostlinne-vytazky\/extrakt-z-moruse-bile\/#primaryimage","url":"https:\/\/naturalpoland.com\/wp-content\/uploads\/ekstrakt-z-morwy-bialej.jpg","contentUrl":"https:\/\/naturalpoland.com\/wp-content\/uploads\/ekstrakt-z-morwy-bialej.jpg","width":650,"height":623},{"@type":"BreadcrumbList","@id":"https:\/\/naturalpoland.com\/cs\/produkty\/rostlinne-vytazky\/extrakt-z-moruse-bile\/#breadcrumb","itemListElement":[{"@type":"ListItem","position":1,"name":"Dom\u016f","item":"https:\/\/naturalpoland.com\/cs\/"},{"@type":"ListItem","position":2,"name":"Produkty","item":"https:\/\/naturalpoland.com\/cs\/produkty\/"},{"@type":"ListItem","position":3,"name":"Extrakt z b\u00edl\u00e9 moru\u0161e"}]},{"@type":"WebSite","@id":"https:\/\/naturalpoland.com\/cs\/#website","url":"https:\/\/naturalpoland.com\/cs\/","name":"NATURAL POLAND - Velkoobchodn\u00ed distributor surovin","description":"Surowce dla przemys\u0142u spo\u017cywczego, kosmetycznego i farmaceutycznego","publisher":{"@id":"https:\/\/naturalpoland.com\/cs\/#organization"},"potentialAction":[{"@type":"SearchAction","target":{"@type":"EntryPoint","urlTemplate":"https:\/\/naturalpoland.com\/cs\/?s={search_term_string}"},"query-input":{"@type":"PropertyValueSpecification","valueRequired":true,"valueName":"search_term_string"}}],"inLanguage":"cs"},{"@type":"Organization","@id":"https:\/\/naturalpoland.com\/cs\/#organization","name":"Natural Poland","url":"https:\/\/naturalpoland.com\/cs\/","logo":{"@type":"ImageObject","inLanguage":"cs","@id":"https:\/\/naturalpoland.com\/cs\/#\/schema\/logo\/image\/","url":"https:\/\/naturalpoland.com\/wp-content\/uploads\/2021\/05\/natural-poland-icon.png","contentUrl":"https:\/\/naturalpoland.com\/wp-content\/uploads\/2021\/05\/natural-poland-icon.png","width":512,"height":512,"caption":"Natural Poland"},"image":{"@id":"https:\/\/naturalpoland.com\/cs\/#\/schema\/logo\/image\/"},"sameAs":["https:\/\/www.facebook.com\/naturalpoland.b2b","https:\/\/pl.linkedin.com\/company\/natural-poland","https:\/\/www.youtube.com\/channel\/UCgeGGkvOMahZo-xu_MSEWxg"]}]}},"_links":{"self":[{"href":"https:\/\/naturalpoland.com\/cs\/wp-json\/wp\/v2\/product\/9305","targetHints":{"allow":["GET"]}}],"collection":[{"href":"https:\/\/naturalpoland.com\/cs\/wp-json\/wp\/v2\/product"}],"about":[{"href":"https:\/\/naturalpoland.com\/cs\/wp-json\/wp\/v2\/types\/product"}],"wp:featuredmedia":[{"embeddable":true,"href":"https:\/\/naturalpoland.com\/cs\/wp-json\/wp\/v2\/media\/9308"}],"wp:attachment":[{"href":"https:\/\/naturalpoland.com\/cs\/wp-json\/wp\/v2\/media?parent=9305"}],"wp:term":[{"taxonomy":"product_brand","embeddable":true,"href":"https:\/\/naturalpoland.com\/cs\/wp-json\/wp\/v2\/product_brand?post=9305"},{"taxonomy":"product_cat","embeddable":true,"href":"https:\/\/naturalpoland.com\/cs\/wp-json\/wp\/v2\/product_cat?post=9305"},{"taxonomy":"product_tag","embeddable":true,"href":"https:\/\/naturalpoland.com\/cs\/wp-json\/wp\/v2\/product_tag?post=9305"}],"curies":[{"name":"wp","href":"https:\/\/api.w.org\/{rel}","templated":true}]}}