{"id":16755,"date":"2021-12-22T11:05:34","date_gmt":"2021-12-22T10:05:34","guid":{"rendered":"https:\/\/naturalpoland.pl\/datenschutz-bestimmungen\/"},"modified":"2023-09-13T11:08:05","modified_gmt":"2023-09-13T09:08:05","slug":"datenschutz-bestimmungen","status":"publish","type":"page","link":"https:\/\/naturalpoland.com\/de\/datenschutz-bestimmungen\/","title":{"rendered":"Datenschutz-Bestimmungen"},"content":{"rendered":"\n<h3 style=\"text-align: center;\">\u00a71 ALLGEMEINE BESTIMMUNGEN<\/h3>\n<ol>\n<li>Diese Datenschutzrichtlinie gilt f\u00fcr alle Aspekte der Verarbeitung personenbezogener Daten auf der Website naturalpoland.com (im Folgenden &#8222;WEBSITE&#8220;), die von STRZELCZYK Sp. z o.o. mit Sitz in Warschau (fr\u00fcher: &#8222;BRACIA STRZELCZYK&#8220; WITOLD STRZELCZYK), ul. Marsza\u0142kowska 58\/11 und 12, 00-545 Warschau, NIP: 7011162661, KRS: 0001055409, im Folgenden als &#8222;VERWALTER&#8220; bezeichnet.   <\/li>\n<li>Die Kontaktaufnahme mit dem ADMINISTRATOR erfolgt \u00fcber die E-Mail-Adresse: <a href=\"mailto:kontakt@naturalpoland.com\">kontakt@naturalpoland.com.<\/a><\/li>\n<li>Die personenbezogenen Daten der WEBSITE-Nutzer werden im Einklang mit der Verordnung des Europ\u00e4ischen Parlaments verarbeitet.<br>und Rat (EU) 2016\/679 vom 27. April 2016. zum Schutz nat\u00fcrlicher Personen bei der Verarbeitung personenbezogener Daten<br>\u00fcber personenbezogene Daten und den freien Datenverkehr und zur Aufhebung der Richtlinie 95\/46\/EG (allgemeine<br>Datenschutzverordnung, RODO; ABl. EU. L. 2016. Nr. 119, S. 1 in der ge\u00e4nderten Fassung).<\/li>\n<\/ol>\n<p> <\/p>\n<p> <\/p>\n<h3 style=\"text-align: center;\">\u00a72 PERSONENBEZOGENE DATEN<\/h3>\n<ol>\n<li>Die personenbezogenen Daten der WEBSITE-Nutzer werden zu folgenden Zwecken verarbeitet:\n<ul>\n<li>Umgang mit &#8222;Cookies&#8220;, d.h. Analyse der Art und Weise, wie der Nutzer die WEBSITE nutzt und durch sie navigiert, um sie an die Bed\u00fcrfnisse und das Verhalten der Nutzer anzupassen &#8211; die Rechtsgrundlage f\u00fcr die Verarbeitung der Daten ist das berechtigte Interesse des VERWALTERs, wie in der Cookie-Richtlinie beschrieben, gem\u00e4\u00df Art. 6 Sek. 1(f) RODO;<\/li>\n<li>zur Beantwortung einer \u00fcber das Kontaktformular oder an die E-Mail-Adresse des VERWALTERs gesendeten Nachricht oder zur Unterbreitung eines Angebots &#8211; die Rechtsgrundlage f\u00fcr die Verarbeitung der Daten ist das berechtigte Interesse des VERWALTERs an der Verarbeitung der Daten des Nutzers, um mit ihm gem\u00e4\u00df Artikel. 6 Sek. 1 Buchstabe f DSGVO und die Erforderlichkeit der Verarbeitung, um auf Antrag der betroffenen Person vor Abschluss eines Vertrages gem\u00e4\u00df Art. 6 Sek. 1(b);<\/li>\n<li>Versand von Newslettern &#8211; die Rechtsgrundlage f\u00fcr die Verarbeitung ist die Einwilligung der betroffenen Person in die Verarbeitung f\u00fcr einen oder mehrere festgelegte Zwecke (Artikel 6 Absatz 1 Buchstabe a) DSGVO).<\/li>\n<\/ul>\n<\/li>\n<li>Der ADMINISTRATOR stellt sicher, dass er die Daten der Benutzer der WEBSITE (einschlie\u00dflich durch Verwendung des SSL-Protokolls) in \u00dcbereinstimmung mit den geltenden Gesetzen und Informationssicherheitsstandards sch\u00fctzt.<\/li>\n<li>Die Empf\u00e4nger der personenbezogenen Daten der Nutzer der WEBSITE k\u00f6nnen Partner sein, die mit dem VERWALTER innerhalb seiner Organisationsstruktur zusammenarbeiten, sowie Einrichtungen, die Daten im Auftrag des VERWALTERs auf der Grundlage von Vereinbarungen verarbeiten, die f\u00fcr die Beauftragung mit der Verarbeitung personenbezogener Daten geschlossen wurden.<\/li>\n<li>Externe Tools wie Google Analytics, Google Ads und Google Tag Manager \u00fcbermitteln Daten \u00fcber die Nutzung der WEBSITE an den Dienstleister, d.h. Google LLC, au\u00dferhalb des Europ\u00e4ischen Wirtschaftsraums. Die Daten werden in die USA \u00fcbertragen, wo US-Beh\u00f6rden im Rahmen bestimmter nationaler Sicherheitsprogramme auf Ihre Daten zugreifen k\u00f6nnen.<\/li>\n<li>Die personenbezogenen Daten werden f\u00fcr den folgenden Zeitraum gespeichert:\n<ul>\n<li>Daten, die f\u00fcr die Handhabung von Cookies verarbeitet werden &#8211; bis die f\u00fcr Analysezwecke verwendeten Cookies ablaufen oder vom Nutzer gel\u00f6scht werden,<\/li>\n<li>Daten, die zum Zweck der Beantwortung oder Erstellung eines Angebots verarbeitet werden &#8211; bis Sie Ihre Einwilligung widerrufen oder Anspr\u00fcche verj\u00e4hren,<\/li>\n<li>Daten, die f\u00fcr den Versand des Newsletters verarbeitet werden &#8211; bis Sie Ihre Einwilligung widerrufen.<\/li>\n<\/ul>\n<\/li>\n<li>Sie haben das Recht auf (vorbehaltlich der Grundlage der Verarbeitung):\n<ul>\n<li>Das Recht auf Zugang zu Ihren pers\u00f6nlichen Daten und auf Erhalt einer Kopie davon,<\/li>\n<li>Das Recht auf Berichtigung (\u00c4nderung) Ihrer Daten,<\/li>\n<li>Das Recht, die L\u00f6schung oder Einschr\u00e4nkung der Verarbeitung zu verlangen,<\/li>\n<li>Das Recht auf Widerspruch gegen die Verarbeitung,<\/li>\n<li>das Recht auf Daten\u00fcbertragbarkeit,<\/li>\n<li>das Recht, eine Beschwerde bei einer Aufsichtsbeh\u00f6rde einzureichen, d. h. den Pr\u00e4sidenten der Datenschutzbeh\u00f6rde, falls die Verarbeitung Ihrer personenbezogenen Daten als Versto\u00df gegen die Bestimmungen der RODO angesehen wird,<\/li>\n<li>das Recht, die Einwilligung jederzeit zu widerrufen, ohne dass die Rechtm\u00e4\u00dfigkeit der aufgrund der Einwilligung bis zum Widerruf erfolgten Verarbeitung ber\u00fchrt wird; der Widerruf der Einwilligung kann per E-Mail erfolgen an: <a href=\"mailto:kontakt@naturalpoland.pl\">kontakt@naturalpoland.pl.<\/a><\/li>\n<\/ul>\n<\/li>\n<li>Die Nichtbereitstellung von Daten hat folgende Konsequenzen:\n<ul>\n<li>im Falle von Daten, die f\u00fcr Cookies verarbeitet werden, ist es nicht m\u00f6glich, die Pr\u00e4ferenzen bei der Nutzung der WEBSITE zu ber\u00fccksichtigen<\/li>\n<li>im Falle von Daten, die zum Zweck der Beantwortung oder Bereitstellung eines Angebots verarbeitet werden, ist es nicht m\u00f6glich, auf die \u00fcbermittelte Anfrage zu antworten,<\/li>\n<li>im Falle von Daten, die f\u00fcr den Versand eines Newsletters verarbeitet werden, kann der Newsletter nicht versendet werden.<\/li>\n<\/ul>\n<\/li>\n<\/ol>\n<h3 style=\"text-align: center;\">\u00a73 COOKIES-RICHTLINIE<\/h3>\n<ol>\n<li>Cookies sind Textinformationen, die von einem Webserver an das Ger\u00e4t des Nutzers gesendet werden.<br>bei der Nutzung der WEBSITE.<\/li>\n<li>Cookies werden vom VERWALTER verwendet, um das ordnungsgem\u00e4\u00dfe Funktionieren der WEBSITE zu gew\u00e4hrleisten, um die<br>Sicherheit, Anpassung der Inhalte der WEBSITE an die Pr\u00e4ferenzen der Nutzer (z. B. Wahl der Version<br>Sprache), um Statistiken zu erstellen und den Nutzern besser auf sie zugeschnittene Werbeinhalte anzubieten.<br>ihre Interessen.<\/li>\n<li>Die Benutzer der WEBSITE k\u00f6nnen die Cookie-Einstellungen jederzeit \u00e4ndern.<\/li>\n<li>Detaillierte Informationen \u00fcber die M\u00f6glichkeit und den Umgang mit Cookies finden Sie in den Einstellungen Ihres Browsers<br>Internet.<\/li>\n<li>Dar\u00fcber hinaus kann der WEBSITE-BENUTZER in den Cookie-Einstellungen den Umfang der Speicherung von Cookies festlegen.<br>&#8222;Cookies&#8220; durch den Webserver; Einschr\u00e4nkungen ihrer Verwendung k\u00f6nnen jedoch einige Funktionen der Website beeintr\u00e4chtigen<br>verf\u00fcgbar auf der WEBSITE.<\/li>\n<li>Durch die Nutzung der WEBSITE erkl\u00e4ren Sie sich mit der Verwendung von Cookies in \u00dcbereinstimmung mit dieser Richtlinie einverstanden.<br>Privatsph\u00e4re.<\/li>\n<\/ol>\n<p> <\/p>\n\n\n","protected":false},"excerpt":{"rendered":"","protected":false},"author":1,"featured_media":0,"parent":0,"menu_order":0,"comment_status":"closed","ping_status":"closed","template":"","meta":{"footnotes":""},"class_list":["post-16755","page","type-page","status-publish","hentry"],"yoast_head":"<!-- This site is optimized with the Yoast SEO plugin v27.3 - https:\/\/yoast.com\/product\/yoast-seo-wordpress\/ -->\n<title>Datenschutz-Bestimmungen - NATURAL POLAND - IMPORT UND HANDEL VON ROHSTOFFEN<\/title>\n<meta name=\"robots\" content=\"index, follow, max-snippet:-1, max-image-preview:large, max-video-preview:-1\" \/>\n<link rel=\"canonical\" href=\"https:\/\/naturalpoland.com\/de\/datenschutz-bestimmungen\/\" \/>\n<meta property=\"og:locale\" content=\"de_DE\" \/>\n<meta property=\"og:type\" content=\"article\" \/>\n<meta property=\"og:title\" content=\"Datenschutz-Bestimmungen - NATURAL POLAND - IMPORT UND HANDEL VON ROHSTOFFEN\" \/>\n<meta property=\"og:url\" content=\"https:\/\/naturalpoland.com\/de\/datenschutz-bestimmungen\/\" \/>\n<meta property=\"og:site_name\" content=\"NATURAL POLAND - IMPORT UND HANDEL VON ROHSTOFFEN\" \/>\n<meta property=\"article:publisher\" content=\"https:\/\/www.facebook.com\/naturalpoland.b2b\" \/>\n<meta property=\"article:modified_time\" content=\"2023-09-13T09:08:05+00:00\" \/>\n<meta property=\"og:image\" content=\"https:\/\/naturalpoland.com\/wp-content\/uploads\/2021\/05\/natural-poland-icon.png\" \/>\n\t<meta property=\"og:image:width\" content=\"512\" \/>\n\t<meta property=\"og:image:height\" content=\"512\" \/>\n\t<meta property=\"og:image:type\" content=\"image\/png\" \/>\n<script type=\"application\/ld+json\" class=\"yoast-schema-graph\">{\"@context\":\"https:\\\/\\\/schema.org\",\"@graph\":[{\"@type\":\"WebPage\",\"@id\":\"https:\\\/\\\/naturalpoland.com\\\/de\\\/datenschutz-bestimmungen\\\/\",\"url\":\"https:\\\/\\\/naturalpoland.com\\\/de\\\/datenschutz-bestimmungen\\\/\",\"name\":\"Datenschutz-Bestimmungen - NATURAL POLAND - IMPORT UND HANDEL VON ROHSTOFFEN\",\"isPartOf\":{\"@id\":\"https:\\\/\\\/naturalpoland.com\\\/de\\\/#website\"},\"datePublished\":\"2021-12-22T10:05:34+00:00\",\"dateModified\":\"2023-09-13T09:08:05+00:00\",\"breadcrumb\":{\"@id\":\"https:\\\/\\\/naturalpoland.com\\\/de\\\/datenschutz-bestimmungen\\\/#breadcrumb\"},\"inLanguage\":\"de\",\"potentialAction\":[{\"@type\":\"ReadAction\",\"target\":[\"https:\\\/\\\/naturalpoland.com\\\/de\\\/datenschutz-bestimmungen\\\/\"]}]},{\"@type\":\"BreadcrumbList\",\"@id\":\"https:\\\/\\\/naturalpoland.com\\\/de\\\/datenschutz-bestimmungen\\\/#breadcrumb\",\"itemListElement\":[{\"@type\":\"ListItem\",\"position\":1,\"name\":\"Startseite\",\"item\":\"https:\\\/\\\/naturalpoland.com\\\/de\\\/\"},{\"@type\":\"ListItem\",\"position\":2,\"name\":\"Datenschutz-Bestimmungen\"}]},{\"@type\":\"WebSite\",\"@id\":\"https:\\\/\\\/naturalpoland.com\\\/de\\\/#website\",\"url\":\"https:\\\/\\\/naturalpoland.com\\\/de\\\/\",\"name\":\"NATURAL POLAND - IMPORT UND HANDEL VON ROHSTOFFEN\",\"description\":\"Rohstoffe f\u00fcr die Lebensmittelindustrie, Kosmetikindustrie, Pharmaindustrie\",\"publisher\":{\"@id\":\"https:\\\/\\\/naturalpoland.com\\\/de\\\/#organization\"},\"potentialAction\":[{\"@type\":\"SearchAction\",\"target\":{\"@type\":\"EntryPoint\",\"urlTemplate\":\"https:\\\/\\\/naturalpoland.com\\\/de\\\/?s={search_term_string}\"},\"query-input\":{\"@type\":\"PropertyValueSpecification\",\"valueRequired\":true,\"valueName\":\"search_term_string\"}}],\"inLanguage\":\"de\"},{\"@type\":\"Organization\",\"@id\":\"https:\\\/\\\/naturalpoland.com\\\/de\\\/#organization\",\"name\":\"Natural Poland\",\"url\":\"https:\\\/\\\/naturalpoland.com\\\/de\\\/\",\"logo\":{\"@type\":\"ImageObject\",\"inLanguage\":\"de\",\"@id\":\"https:\\\/\\\/naturalpoland.com\\\/de\\\/#\\\/schema\\\/logo\\\/image\\\/\",\"url\":\"https:\\\/\\\/naturalpoland.com\\\/wp-content\\\/uploads\\\/2021\\\/05\\\/natural-poland-icon.png\",\"contentUrl\":\"https:\\\/\\\/naturalpoland.com\\\/wp-content\\\/uploads\\\/2021\\\/05\\\/natural-poland-icon.png\",\"width\":512,\"height\":512,\"caption\":\"Natural Poland\"},\"image\":{\"@id\":\"https:\\\/\\\/naturalpoland.com\\\/de\\\/#\\\/schema\\\/logo\\\/image\\\/\"},\"sameAs\":[\"https:\\\/\\\/www.facebook.com\\\/naturalpoland.b2b\",\"https:\\\/\\\/pl.linkedin.com\\\/company\\\/natural-poland\",\"https:\\\/\\\/www.youtube.com\\\/channel\\\/UCgeGGkvOMahZo-xu_MSEWxg\"]}]}<\/script>\n<!-- \/ Yoast SEO plugin. -->","yoast_head_json":{"title":"Datenschutz-Bestimmungen - NATURAL POLAND - IMPORT UND HANDEL VON ROHSTOFFEN","robots":{"index":"index","follow":"follow","max-snippet":"max-snippet:-1","max-image-preview":"max-image-preview:large","max-video-preview":"max-video-preview:-1"},"canonical":"https:\/\/naturalpoland.com\/de\/datenschutz-bestimmungen\/","og_locale":"de_DE","og_type":"article","og_title":"Datenschutz-Bestimmungen - NATURAL POLAND - IMPORT UND HANDEL VON ROHSTOFFEN","og_url":"https:\/\/naturalpoland.com\/de\/datenschutz-bestimmungen\/","og_site_name":"NATURAL POLAND - IMPORT UND HANDEL VON ROHSTOFFEN","article_publisher":"https:\/\/www.facebook.com\/naturalpoland.b2b","article_modified_time":"2023-09-13T09:08:05+00:00","og_image":[{"width":512,"height":512,"url":"https:\/\/naturalpoland.com\/wp-content\/uploads\/2021\/05\/natural-poland-icon.png","type":"image\/png"}],"schema":{"@context":"https:\/\/schema.org","@graph":[{"@type":"WebPage","@id":"https:\/\/naturalpoland.com\/de\/datenschutz-bestimmungen\/","url":"https:\/\/naturalpoland.com\/de\/datenschutz-bestimmungen\/","name":"Datenschutz-Bestimmungen - NATURAL POLAND - IMPORT UND HANDEL VON ROHSTOFFEN","isPartOf":{"@id":"https:\/\/naturalpoland.com\/de\/#website"},"datePublished":"2021-12-22T10:05:34+00:00","dateModified":"2023-09-13T09:08:05+00:00","breadcrumb":{"@id":"https:\/\/naturalpoland.com\/de\/datenschutz-bestimmungen\/#breadcrumb"},"inLanguage":"de","potentialAction":[{"@type":"ReadAction","target":["https:\/\/naturalpoland.com\/de\/datenschutz-bestimmungen\/"]}]},{"@type":"BreadcrumbList","@id":"https:\/\/naturalpoland.com\/de\/datenschutz-bestimmungen\/#breadcrumb","itemListElement":[{"@type":"ListItem","position":1,"name":"Startseite","item":"https:\/\/naturalpoland.com\/de\/"},{"@type":"ListItem","position":2,"name":"Datenschutz-Bestimmungen"}]},{"@type":"WebSite","@id":"https:\/\/naturalpoland.com\/de\/#website","url":"https:\/\/naturalpoland.com\/de\/","name":"NATURAL POLAND - IMPORT UND HANDEL VON ROHSTOFFEN","description":"Rohstoffe f\u00fcr die Lebensmittelindustrie, Kosmetikindustrie, Pharmaindustrie","publisher":{"@id":"https:\/\/naturalpoland.com\/de\/#organization"},"potentialAction":[{"@type":"SearchAction","target":{"@type":"EntryPoint","urlTemplate":"https:\/\/naturalpoland.com\/de\/?s={search_term_string}"},"query-input":{"@type":"PropertyValueSpecification","valueRequired":true,"valueName":"search_term_string"}}],"inLanguage":"de"},{"@type":"Organization","@id":"https:\/\/naturalpoland.com\/de\/#organization","name":"Natural Poland","url":"https:\/\/naturalpoland.com\/de\/","logo":{"@type":"ImageObject","inLanguage":"de","@id":"https:\/\/naturalpoland.com\/de\/#\/schema\/logo\/image\/","url":"https:\/\/naturalpoland.com\/wp-content\/uploads\/2021\/05\/natural-poland-icon.png","contentUrl":"https:\/\/naturalpoland.com\/wp-content\/uploads\/2021\/05\/natural-poland-icon.png","width":512,"height":512,"caption":"Natural Poland"},"image":{"@id":"https:\/\/naturalpoland.com\/de\/#\/schema\/logo\/image\/"},"sameAs":["https:\/\/www.facebook.com\/naturalpoland.b2b","https:\/\/pl.linkedin.com\/company\/natural-poland","https:\/\/www.youtube.com\/channel\/UCgeGGkvOMahZo-xu_MSEWxg"]}]}},"_links":{"self":[{"href":"https:\/\/naturalpoland.com\/de\/wp-json\/wp\/v2\/pages\/16755","targetHints":{"allow":["GET"]}}],"collection":[{"href":"https:\/\/naturalpoland.com\/de\/wp-json\/wp\/v2\/pages"}],"about":[{"href":"https:\/\/naturalpoland.com\/de\/wp-json\/wp\/v2\/types\/page"}],"author":[{"embeddable":true,"href":"https:\/\/naturalpoland.com\/de\/wp-json\/wp\/v2\/users\/1"}],"replies":[{"embeddable":true,"href":"https:\/\/naturalpoland.com\/de\/wp-json\/wp\/v2\/comments?post=16755"}],"version-history":[{"count":0,"href":"https:\/\/naturalpoland.com\/de\/wp-json\/wp\/v2\/pages\/16755\/revisions"}],"wp:attachment":[{"href":"https:\/\/naturalpoland.com\/de\/wp-json\/wp\/v2\/media?parent=16755"}],"curies":[{"name":"wp","href":"https:\/\/api.w.org\/{rel}","templated":true}]}}