{"id":20827,"date":"2023-02-08T10:40:37","date_gmt":"2023-02-08T09:40:37","guid":{"rendered":"https:\/\/naturalpoland.pl\/fuer-hersteller-und-lieferanten\/"},"modified":"2023-07-05T13:59:02","modified_gmt":"2023-07-05T11:59:02","slug":"fuer-hersteller-und-lieferanten","status":"publish","type":"page","link":"https:\/\/naturalpoland.com\/de\/fuer-hersteller-und-lieferanten\/","title":{"rendered":"F\u00dcR HERSTELLER UND LIEFERANTEN"},"content":{"rendered":"\n\n  <div class=\"banner has-hover\" id=\"banner-8337842\">\n          <div class=\"banner-inner fill\">\n        <div class=\"banner-bg fill\" >\n            <img decoding=\"async\" width=\"1020\" height=\"680\" src=\"https:\/\/naturalpoland.com\/wp-content\/uploads\/2011\/07\/Fotolia_84309657_Subscription_Monthly_M_shadow.jpg\" class=\"bg attachment-large size-large\" alt=\"Global Spread NATURAL POLAND\" \/>                        <div class=\"overlay\"><\/div>            \n                    <\/div>\n\t\t\n        <div class=\"banner-layers container\">\n            <div class=\"fill banner-link\"><\/div>            \n\n   <div id=\"text-box-1107516380\" class=\"text-box banner-layer x50 md-x50 lg-x50 y50 md-y50 lg-y50 res-text\">\n                                <div class=\"text-box-content text dark\">\n              \n              <div class=\"text-inner text-center\">\n                  \n\n<h1 class=\"uppercase\">F\u00dcR HERSTELLER UND LIEFERANTEN<\/h1>\n\n              <\/div>\n           <\/div>\n                            \n<style>\n#text-box-1107516380 {\n  width: 89%;\n}\n#text-box-1107516380 .text-box-content {\n  font-size: 100%;\n}\n<\/style>\n    <\/div>\n \n\n        <\/div>\n      <\/div>\n\n            \n<style>\n#banner-8337842 {\n  padding-top: 350px;\n}\n#banner-8337842 .overlay {\n  background-color: rgba(0, 0, 0, 0.5);\n}\n#banner-8337842 .banner-bg img {\n  object-position: 77% 24%;\n}\n<\/style>\n  <\/div>\n\n\n\n\t<section class=\"section\" id=\"section_21995400\">\n\t\t<div class=\"section-bg fill\" >\n\t\t\t\t\t\t\t\t\t\n\t\t\t\n\n\t\t<\/div>\n\n\t\t\n\n\t\t<div class=\"section-content relative\">\n\t\t\t\n\n\t<div id=\"gap-1520942276\" class=\"gap-element clearfix\" style=\"display:block; height:auto;\">\n\t\t\n<style>\n#gap-1520942276 {\n  padding-top: 40px;\n}\n<\/style>\n\t<\/div>\n\t\n\n<div class=\"row\"  id=\"row-312013971\">\n\n\n\t<div id=\"col-1418974221\" class=\"col medium-8 small-12 large-8\"  >\n\t\t\t\t<div class=\"col-inner\"  >\n\t\t\t\n\t\t\t\n\n<p><span style=\"font-size:150%\"><strong>Die Marke Natural Poland ist weltweit als vertrauensw\u00fcrdiger und zuverl\u00e4ssiger Lieferant von Rohstoffen f\u00fcr Lebensmittel, Kosmetika und Arzneimittel bekannt. Wir haben inzwischen zahlreiche Stammkunden und gewinnen st\u00e4ndig neue hinzu. <\/strong><\/span><\/p>\n<p style=\"font-size:120%\">Unsere Kunden sind Lebensmittel-, Kosmetik- und Nahrungserg\u00e4nzungsmittelhersteller, haupts\u00e4chlich aus asiatischen und europ\u00e4ischen L\u00e4ndern. Kulturelle und sprachliche Einschr\u00e4nkungen kennen wir nicht. Aus diesem Grund verf\u00fcgen wir \u00fcber Erfahrung in der Zusammenarbeit mit Unternehmen selbst auf den anspruchsvollsten globalen M\u00e4rkten. <\/p>\n<p style=\"font-size:120%\">Die im Laufe der Jahre aufgebaute f\u00fchrende Position hat dazu gef\u00fchrt, dass wir heute von Unternehmen aus der ganzen Welt mit der Suche nach einer Vielzahl von Rohstoffen und Produkten, auch den seltenen, beauftragt werden.<\/p>\n\n\t\t<\/div>\n\t\t\t\t\t<\/div>\n\n\t\n\n\t<div id=\"col-1684322985\" class=\"col medium-4 small-12 large-4\"  >\n\t\t\t\t<div class=\"col-inner\"  >\n\t\t\t\n\t\t\t\n\n\t<div class=\"img has-hover x md-x lg-x y md-y lg-y\" id=\"image_1361487520\">\n\t\t\t\t\t\t\t\t<div class=\"img-inner dark\" >\n\t\t\t<img decoding=\"async\" width=\"627\" height=\"1024\" src=\"https:\/\/naturalpoland.com\/wp-content\/uploads\/wspolpraca-natural-poland-627x1024.jpg\" class=\"attachment-large size-large\" alt=\"\" srcset=\"https:\/\/naturalpoland.com\/wp-content\/uploads\/wspolpraca-natural-poland-627x1024.jpg 627w, https:\/\/naturalpoland.com\/wp-content\/uploads\/wspolpraca-natural-poland-510x833.jpg 510w, https:\/\/naturalpoland.com\/wp-content\/uploads\/wspolpraca-natural-poland-184x300.jpg 184w, https:\/\/naturalpoland.com\/wp-content\/uploads\/wspolpraca-natural-poland.jpg 700w\" sizes=\"(max-width: 627px) 100vw, 627px\" \/>\t\t\t\t\t\t\n\t\t\t\t\t<\/div>\n\t\t\t\t\t\t\t\t\n<style>\n#image_1361487520 {\n  width: 100%;\n}\n<\/style>\n\t<\/div>\n\t\n\n\n\t\t<\/div>\n\t\t\t\t\t<\/div>\n\n\t\n\n<\/div>\n<div class=\"container section-title-container\" ><h3 class=\"section-title section-title-normal\"><b aria-hidden=\"true\"><\/b><span class=\"section-title-main\" >Wir m\u00f6chten mit Herstellern und Lieferanten von Rohstoffen eine Zusammenarbeit aufbauen<\/span><b aria-hidden=\"true\"><\/b><\/h3><\/div>\n\n  <div class=\"banner-grid-wrapper\">\n  <div id=\"banner-grid-621138659\" class=\"banner-grid row row-grid row-small\" data-packery-options=\"\">\n                      \n\n<div class=\"col grid-col large-6 grid-col-1\" ><div class=\"col-inner\">\n\n\n  <div class=\"banner has-hover\" id=\"banner-1471931233\">\n          <div class=\"banner-inner fill\">\n        <div class=\"banner-bg fill\" >\n                                    <div class=\"overlay\"><\/div>            \n                    <\/div>\n\t\t\n        <div class=\"banner-layers container\">\n            <div class=\"fill banner-link\"><\/div>            \n\n   <div id=\"text-box-522979953\" class=\"text-box banner-layer x50 md-x50 lg-x50 y50 md-y50 lg-y50 res-text\">\n                                <div class=\"text-box-content text dark\">\n              \n              <div class=\"text-inner text-center\">\n                  \n\n\n\n<div class=\"pipedriveWebForms\" data-pd-webforms=\"https:\/\/webforms.pipedrive.com\/f\/6k6MW8jJhpmCP1dt9EbZ0WdjBvYt1dkvN0XdEHgd4zrKdmiA8m4EDn4xF37wguL4qL\"><script src=\"https:\/\/webforms.pipedrive.com\/f\/loader\"><\/script><\/div>\n\n\n              <\/div>\n           <\/div>\n                            \n<style>\n#text-box-522979953 {\n  width: 88%;\n}\n#text-box-522979953 .text-box-content {\n  font-size: 100%;\n}\n<\/style>\n    <\/div>\n \n\n        <\/div>\n      <\/div>\n\n            \n<style>\n#banner-1471931233 {\n  padding-top: 700px;\n  background-color: rgb(255,255,255);\n}\n#banner-1471931233 .overlay {\n  background-color: rgba(0, 0, 0, 0.17);\n}\n<\/style>\n  <\/div>\n\n\n\n<\/div><\/div>\n<div class=\"col grid-col large-6 grid-col-1\" ><div class=\"col-inner\">\n\n\n  <div class=\"banner has-hover\" id=\"banner-844487288\">\n          <div class=\"banner-inner fill\">\n        <div class=\"banner-bg fill\" >\n                                    <div class=\"overlay\"><\/div>            \n                    <\/div>\n\t\t\n        <div class=\"banner-layers container\">\n            <div class=\"fill banner-link\"><\/div>            \n\n   <div id=\"text-box-1560574783\" class=\"text-box banner-layer x5 md-x5 lg-x5 y50 md-y50 lg-y50 res-text\">\n                                <div class=\"text-box-content text \">\n              \n              <div class=\"text-inner text-left\">\n                  \n\n\t<div id=\"text-3542092157\" class=\"text\">\n\t\t\n\n<ul>\n<li><strong>Unser Team besteht aus kompetenten Fachleuten<\/strong> mit biotechnologischer, pharmazeutischer und kosmetischer Ausbildung sowie aus Ern\u00e4hrungstechnologen. Unser Wissen und unsere Erfahrung sorgen f\u00fcr Vertrauen. Wir sind oft in der Lage, unsere Kunden bei der Auswahl der richtigen Komponenten f\u00fcr ihre Rezepturen zu beraten. <\/li>\n<li><strong>Wir haben ein eigenes Lager in Polen<\/strong>, so dass wir gr\u00f6\u00dfere Mengen an Rohstoffen auf einmal bestellen k\u00f6nnen.<\/li>\n<li><strong>Wir haben umfangreiche Erfahrung in der Zusammenarbeit mit einer Vielzahl von Transportunternehmen,<\/strong> die Land-, Luft- und Schiffstransporte durchf\u00fchren.<\/li>\n<li><strong>Wir verf\u00fcgen \u00fcber die Unterst\u00fctzung von Juristen<\/strong> bei rechtlichen, zoll- und steuerrechtlichen Anforderungen f\u00fcr die Lieferung von Rohstoffen in die jeweiligen L\u00e4nder.<\/li>\n<li><strong>Wir investieren in die Werbung f\u00fcr die von uns angebotenen Produkte<\/strong>. Wir verf\u00fcgen \u00fcber das Wissen, die Tools und die Ressourcen, um Marketingaktivit\u00e4ten auf globaler Ebene durchzuf\u00fchren. Wir nehmen an lokalen und internationalen Fachmessen teil. Im Falle eines Exklusivvertrags erstellen wir spezielle Marketingunterlagen und Werbekampagnen f\u00fcr ausgew\u00e4hlte Produktgruppen.   <\/li>\n<\/ul>\n\t\t\n<style>\n#text-3542092157 {\n  font-size: 1rem;\n  line-height: 1.4;\n  color: rgb(255, 255, 255);\n}\n#text-3542092157 > * {\n  color: rgb(255, 255, 255);\n}\n<\/style>\n\t<\/div>\n\t\n\n              <\/div>\n           <\/div>\n                            \n<style>\n#text-box-1560574783 {\n  width: 60%;\n}\n#text-box-1560574783 .text-box-content {\n  font-size: 100%;\n}\n@media (min-width:550px) {\n  #text-box-1560574783 {\n    width: 93%;\n  }\n}\n<\/style>\n    <\/div>\n \n\n        <\/div>\n      <\/div>\n\n            \n<style>\n#banner-844487288 {\n  padding-top: 500px;\n  background-color: #204a4f;\n}\n#banner-844487288 .overlay {\n  background-color: rgba(190, 190, 190, 0.2);\n}\n<\/style>\n  <\/div>\n\n\n\n<\/div><\/div>\n\n            <\/div>\n    <style>\n    #banner-grid-621138659 .grid-col-1{height: 600px}\n    #banner-grid-621138659 .grid-col-1-2{height: 300px}\n    #banner-grid-621138659 .grid-col-1-3{height:200px}\n    #banner-grid-621138659 .grid-col-2-3{height: 400px}\n    #banner-grid-621138659 .grid-col-1-4{height: 150px}\n    #banner-grid-621138659 .grid-col-3-4{height: 450px}\n\n\n    \n    \n\n  <\/style>\n    <\/div>\n  \n\n\t\t<\/div>\n\n\t\t\n<style>\n#section_21995400 {\n  padding-top: 30px;\n  padding-bottom: 30px;\n}\n<\/style>\n\t<\/section>\n\t\n\n","protected":false},"excerpt":{"rendered":"","protected":false},"author":1,"featured_media":0,"parent":0,"menu_order":0,"comment_status":"closed","ping_status":"closed","template":"page-blank.php","meta":{"_acf_changed":false,"footnotes":""},"class_list":["post-20827","page","type-page","status-publish","hentry"],"acf":[],"yoast_head":"<!-- This site is optimized with the Yoast SEO plugin v27.5 - https:\/\/yoast.com\/product\/yoast-seo-wordpress\/ -->\n<title>F\u00dcR HERSTELLER UND LIEFERANTEN - NATURAL POLAND - IMPORT UND HANDEL VON ROHSTOFFEN<\/title>\n<meta name=\"robots\" content=\"index, follow, max-snippet:-1, max-image-preview:large, max-video-preview:-1\" \/>\n<link rel=\"canonical\" href=\"https:\/\/naturalpoland.com\/de\/fuer-hersteller-und-lieferanten\/\" \/>\n<meta property=\"og:locale\" content=\"de_DE\" \/>\n<meta property=\"og:type\" content=\"article\" \/>\n<meta property=\"og:title\" content=\"F\u00dcR HERSTELLER UND LIEFERANTEN - NATURAL POLAND - IMPORT UND HANDEL VON ROHSTOFFEN\" \/>\n<meta property=\"og:url\" content=\"https:\/\/naturalpoland.com\/de\/fuer-hersteller-und-lieferanten\/\" \/>\n<meta property=\"og:site_name\" content=\"NATURAL POLAND - IMPORT UND HANDEL VON ROHSTOFFEN\" \/>\n<meta property=\"article:publisher\" content=\"https:\/\/www.facebook.com\/naturalpoland.b2b\" \/>\n<meta property=\"article:modified_time\" content=\"2023-07-05T11:59:02+00:00\" \/>\n<meta property=\"og:image\" content=\"https:\/\/naturalpoland.com\/wp-content\/uploads\/2021\/05\/natural-poland-icon.png\" \/>\n\t<meta property=\"og:image:width\" content=\"512\" \/>\n\t<meta property=\"og:image:height\" content=\"512\" \/>\n\t<meta property=\"og:image:type\" content=\"image\/png\" \/>\n<script type=\"application\/ld+json\" class=\"yoast-schema-graph\">{\"@context\":\"https:\\\/\\\/schema.org\",\"@graph\":[{\"@type\":\"WebPage\",\"@id\":\"https:\\\/\\\/naturalpoland.com\\\/de\\\/fuer-hersteller-und-lieferanten\\\/\",\"url\":\"https:\\\/\\\/naturalpoland.com\\\/de\\\/fuer-hersteller-und-lieferanten\\\/\",\"name\":\"F\u00dcR HERSTELLER UND LIEFERANTEN - NATURAL POLAND - IMPORT UND HANDEL VON ROHSTOFFEN\",\"isPartOf\":{\"@id\":\"https:\\\/\\\/naturalpoland.com\\\/de\\\/#website\"},\"datePublished\":\"2023-02-08T09:40:37+00:00\",\"dateModified\":\"2023-07-05T11:59:02+00:00\",\"breadcrumb\":{\"@id\":\"https:\\\/\\\/naturalpoland.com\\\/de\\\/fuer-hersteller-und-lieferanten\\\/#breadcrumb\"},\"inLanguage\":\"de\",\"potentialAction\":[{\"@type\":\"ReadAction\",\"target\":[\"https:\\\/\\\/naturalpoland.com\\\/de\\\/fuer-hersteller-und-lieferanten\\\/\"]}]},{\"@type\":\"BreadcrumbList\",\"@id\":\"https:\\\/\\\/naturalpoland.com\\\/de\\\/fuer-hersteller-und-lieferanten\\\/#breadcrumb\",\"itemListElement\":[{\"@type\":\"ListItem\",\"position\":1,\"name\":\"Startseite\",\"item\":\"https:\\\/\\\/naturalpoland.com\\\/de\\\/\"},{\"@type\":\"ListItem\",\"position\":2,\"name\":\"F\u00dcR HERSTELLER UND LIEFERANTEN\"}]},{\"@type\":\"WebSite\",\"@id\":\"https:\\\/\\\/naturalpoland.com\\\/de\\\/#website\",\"url\":\"https:\\\/\\\/naturalpoland.com\\\/de\\\/\",\"name\":\"NATURAL POLAND - IMPORT UND HANDEL VON ROHSTOFFEN\",\"description\":\"Rohstoffe f\u00fcr die Lebensmittelindustrie, Kosmetikindustrie, Pharmaindustrie\",\"publisher\":{\"@id\":\"https:\\\/\\\/naturalpoland.com\\\/de\\\/#organization\"},\"potentialAction\":[{\"@type\":\"SearchAction\",\"target\":{\"@type\":\"EntryPoint\",\"urlTemplate\":\"https:\\\/\\\/naturalpoland.com\\\/de\\\/?s={search_term_string}\"},\"query-input\":{\"@type\":\"PropertyValueSpecification\",\"valueRequired\":true,\"valueName\":\"search_term_string\"}}],\"inLanguage\":\"de\"},{\"@type\":\"Organization\",\"@id\":\"https:\\\/\\\/naturalpoland.com\\\/de\\\/#organization\",\"name\":\"Natural Poland\",\"url\":\"https:\\\/\\\/naturalpoland.com\\\/de\\\/\",\"logo\":{\"@type\":\"ImageObject\",\"inLanguage\":\"de\",\"@id\":\"https:\\\/\\\/naturalpoland.com\\\/de\\\/#\\\/schema\\\/logo\\\/image\\\/\",\"url\":\"https:\\\/\\\/naturalpoland.com\\\/wp-content\\\/uploads\\\/2021\\\/05\\\/natural-poland-icon.png\",\"contentUrl\":\"https:\\\/\\\/naturalpoland.com\\\/wp-content\\\/uploads\\\/2021\\\/05\\\/natural-poland-icon.png\",\"width\":512,\"height\":512,\"caption\":\"Natural Poland\"},\"image\":{\"@id\":\"https:\\\/\\\/naturalpoland.com\\\/de\\\/#\\\/schema\\\/logo\\\/image\\\/\"},\"sameAs\":[\"https:\\\/\\\/www.facebook.com\\\/naturalpoland.b2b\",\"https:\\\/\\\/pl.linkedin.com\\\/company\\\/natural-poland\",\"https:\\\/\\\/www.youtube.com\\\/channel\\\/UCgeGGkvOMahZo-xu_MSEWxg\"]}]}<\/script>\n<!-- \/ Yoast SEO plugin. -->","yoast_head_json":{"title":"F\u00dcR HERSTELLER UND LIEFERANTEN - NATURAL POLAND - IMPORT UND HANDEL VON ROHSTOFFEN","robots":{"index":"index","follow":"follow","max-snippet":"max-snippet:-1","max-image-preview":"max-image-preview:large","max-video-preview":"max-video-preview:-1"},"canonical":"https:\/\/naturalpoland.com\/de\/fuer-hersteller-und-lieferanten\/","og_locale":"de_DE","og_type":"article","og_title":"F\u00dcR HERSTELLER UND LIEFERANTEN - NATURAL POLAND - IMPORT UND HANDEL VON ROHSTOFFEN","og_url":"https:\/\/naturalpoland.com\/de\/fuer-hersteller-und-lieferanten\/","og_site_name":"NATURAL POLAND - IMPORT UND HANDEL VON ROHSTOFFEN","article_publisher":"https:\/\/www.facebook.com\/naturalpoland.b2b","article_modified_time":"2023-07-05T11:59:02+00:00","og_image":[{"width":512,"height":512,"url":"https:\/\/naturalpoland.com\/wp-content\/uploads\/2021\/05\/natural-poland-icon.png","type":"image\/png"}],"schema":{"@context":"https:\/\/schema.org","@graph":[{"@type":"WebPage","@id":"https:\/\/naturalpoland.com\/de\/fuer-hersteller-und-lieferanten\/","url":"https:\/\/naturalpoland.com\/de\/fuer-hersteller-und-lieferanten\/","name":"F\u00dcR HERSTELLER UND LIEFERANTEN - NATURAL POLAND - IMPORT UND HANDEL VON ROHSTOFFEN","isPartOf":{"@id":"https:\/\/naturalpoland.com\/de\/#website"},"datePublished":"2023-02-08T09:40:37+00:00","dateModified":"2023-07-05T11:59:02+00:00","breadcrumb":{"@id":"https:\/\/naturalpoland.com\/de\/fuer-hersteller-und-lieferanten\/#breadcrumb"},"inLanguage":"de","potentialAction":[{"@type":"ReadAction","target":["https:\/\/naturalpoland.com\/de\/fuer-hersteller-und-lieferanten\/"]}]},{"@type":"BreadcrumbList","@id":"https:\/\/naturalpoland.com\/de\/fuer-hersteller-und-lieferanten\/#breadcrumb","itemListElement":[{"@type":"ListItem","position":1,"name":"Startseite","item":"https:\/\/naturalpoland.com\/de\/"},{"@type":"ListItem","position":2,"name":"F\u00dcR HERSTELLER UND LIEFERANTEN"}]},{"@type":"WebSite","@id":"https:\/\/naturalpoland.com\/de\/#website","url":"https:\/\/naturalpoland.com\/de\/","name":"NATURAL POLAND - IMPORT UND HANDEL VON ROHSTOFFEN","description":"Rohstoffe f\u00fcr die Lebensmittelindustrie, Kosmetikindustrie, Pharmaindustrie","publisher":{"@id":"https:\/\/naturalpoland.com\/de\/#organization"},"potentialAction":[{"@type":"SearchAction","target":{"@type":"EntryPoint","urlTemplate":"https:\/\/naturalpoland.com\/de\/?s={search_term_string}"},"query-input":{"@type":"PropertyValueSpecification","valueRequired":true,"valueName":"search_term_string"}}],"inLanguage":"de"},{"@type":"Organization","@id":"https:\/\/naturalpoland.com\/de\/#organization","name":"Natural Poland","url":"https:\/\/naturalpoland.com\/de\/","logo":{"@type":"ImageObject","inLanguage":"de","@id":"https:\/\/naturalpoland.com\/de\/#\/schema\/logo\/image\/","url":"https:\/\/naturalpoland.com\/wp-content\/uploads\/2021\/05\/natural-poland-icon.png","contentUrl":"https:\/\/naturalpoland.com\/wp-content\/uploads\/2021\/05\/natural-poland-icon.png","width":512,"height":512,"caption":"Natural Poland"},"image":{"@id":"https:\/\/naturalpoland.com\/de\/#\/schema\/logo\/image\/"},"sameAs":["https:\/\/www.facebook.com\/naturalpoland.b2b","https:\/\/pl.linkedin.com\/company\/natural-poland","https:\/\/www.youtube.com\/channel\/UCgeGGkvOMahZo-xu_MSEWxg"]}]}},"_links":{"self":[{"href":"https:\/\/naturalpoland.com\/de\/wp-json\/wp\/v2\/pages\/20827","targetHints":{"allow":["GET"]}}],"collection":[{"href":"https:\/\/naturalpoland.com\/de\/wp-json\/wp\/v2\/pages"}],"about":[{"href":"https:\/\/naturalpoland.com\/de\/wp-json\/wp\/v2\/types\/page"}],"author":[{"embeddable":true,"href":"https:\/\/naturalpoland.com\/de\/wp-json\/wp\/v2\/users\/1"}],"replies":[{"embeddable":true,"href":"https:\/\/naturalpoland.com\/de\/wp-json\/wp\/v2\/comments?post=20827"}],"version-history":[{"count":0,"href":"https:\/\/naturalpoland.com\/de\/wp-json\/wp\/v2\/pages\/20827\/revisions"}],"wp:attachment":[{"href":"https:\/\/naturalpoland.com\/de\/wp-json\/wp\/v2\/media?parent=20827"}],"curies":[{"name":"wp","href":"https:\/\/api.w.org\/{rel}","templated":true}]}}