{"id":38768,"date":"2025-01-16T13:32:21","date_gmt":"2025-01-16T12:32:21","guid":{"rendered":"https:\/\/naturalpoland.com\/faq\/"},"modified":"2025-01-16T13:41:08","modified_gmt":"2025-01-16T12:41:08","slug":"faq","status":"publish","type":"page","link":"https:\/\/naturalpoland.com\/de\/faq\/","title":{"rendered":"FAQ"},"content":{"rendered":"\n<div class=\"accordion\">\n\n\t<div id=\"accordion-2890289467\" class=\"accordion-item\">\n\t\t<a id=\"accordion-2890289467-label\" class=\"accordion-title plain\" href=\"#accordion-item-wie-kann-ich-die-verkaufsabteilung-von-natural-poland-kontaktieren?\" aria-expanded=\"false\" aria-controls=\"accordion-2890289467-content\">\n\t\t\t<button class=\"toggle\" aria-label=\"Umschalten\"><i class=\"icon-angle-down\" aria-hidden=\"true\"><\/i><\/button>\n\t\t\t<span>Wie kann ich die Verkaufsabteilung von Natural Poland kontaktieren?<\/span>\n\t\t<\/a>\n\t\t<div id=\"accordion-2890289467-content\" class=\"accordion-inner\" aria-labelledby=\"accordion-2890289467-label\">\n\t\t\t\n\n<p>Es gibt mehrere M\u00f6glichkeiten, mit unserer Verkaufsabteilung in Kontakt zu treten, um Ihnen eine bequeme Kommunikation zu erm\u00f6glichen:<\/p>\n<p><b>Telefon:<\/b> Sie erreichen uns unter der Telefonnummer +48 22 112 10 97 von Montag bis Freitag zwischen 8:00 und 16:00 Uhr (Mitteleurop\u00e4ische Zeit GMT+2).<\/p>\n<p><b>E-Mail:<\/b> Sie k\u00f6nnen uns auch eine E-Mail an kontakt@naturalpoland.com schicken. Wir bem\u00fchen uns, alle E-Mails innerhalb von 48 Stunden zu beantworten. <\/p>\n<p><b>Kontaktformular:<\/b> Auf unserer Website finden Sie ein Kontaktformular, das Sie ausf\u00fcllen k\u00f6nnen, und wir werden uns so schnell wie m\u00f6glich bei Ihnen melden.<\/p>\n<p><b>Treffen:<\/b> Sie k\u00f6nnen auch direkt einen Termin in unserem B\u00fcro in der Marsza\u0142kowska Stra\u00dfe 12 in Warschau vereinbaren. Bitte vereinbaren Sie Ihren Termin im Voraus, damit wir sicherstellen k\u00f6nnen, dass die richtige Person f\u00fcr Sie da ist.   <\/p>\n\n\t\t<\/div>\n\t<\/div>\n\t\n\t<div id=\"accordion-2547875242\" class=\"accordion-item\">\n\t\t<a id=\"accordion-2547875242-label\" class=\"accordion-title plain\" href=\"#accordion-item-wie-sind-die-arbeitszeiten?\" aria-expanded=\"false\" aria-controls=\"accordion-2547875242-content\">\n\t\t\t<button class=\"toggle\" aria-label=\"Umschalten\"><i class=\"icon-angle-down\" aria-hidden=\"true\"><\/i><\/button>\n\t\t\t<span>Wie sind die Arbeitszeiten?<\/span>\n\t\t<\/a>\n\t\t<div id=\"accordion-2547875242-content\" class=\"accordion-inner\" aria-labelledby=\"accordion-2547875242-label\">\n\t\t\t\n\n<p>Unser Kundenservice ist von Montag bis Freitag von 8:00 bis 16:00 Uhr erreichbar.  <\/p>\n<p>Wenn Sie eine dringende Frage au\u00dferhalb unserer Gesch\u00e4ftszeiten haben, bitten wir Sie, uns eine E-Mail an kontakt@naturalpoland.com zu schicken. Wir werden unser Bestes tun, um Ihre Frage so schnell wie m\u00f6glich nach Beginn unserer n\u00e4chsten Gesch\u00e4ftszeiten zu beantworten. <\/p>\n\n\t\t<\/div>\n\t<\/div>\n\t\n\t<div id=\"accordion-2501283122\" class=\"accordion-item\">\n\t\t<a id=\"accordion-2501283122-label\" class=\"accordion-title plain\" href=\"#accordion-item-was-sind-die-mindestbestellmengen-bei-natural-poland?\" aria-expanded=\"false\" aria-controls=\"accordion-2501283122-content\">\n\t\t\t<button class=\"toggle\" aria-label=\"Umschalten\"><i class=\"icon-angle-down\" aria-hidden=\"true\"><\/i><\/button>\n\t\t\t<span>Was sind die Mindestbestellmengen bei Natural Poland?<\/span>\n\t\t<\/a>\n\t\t<div id=\"accordion-2501283122-content\" class=\"accordion-inner\" aria-labelledby=\"accordion-2501283122-label\">\n\t\t\t\n\n<p>Bei Natural Poland setzen wir auf Flexibilit\u00e4t, um die unterschiedlichen Bed\u00fcrfnisse unserer Kunden zu erf\u00fcllen. Daher k\u00f6nnen die Mindestbestellmengen je nach Art des Rohstoffs variieren. <\/p>\n\n\t\t<\/div>\n\t<\/div>\n\t\n\t<div id=\"accordion-1177990407\" class=\"accordion-item\">\n\t\t<a id=\"accordion-1177990407-label\" class=\"accordion-title plain\" href=\"#accordion-item-bieten-sie-natural-poland-stammkunden-oder-gro\u00dfbestellern-rabatte-an?\" aria-expanded=\"false\" aria-controls=\"accordion-1177990407-content\">\n\t\t\t<button class=\"toggle\" aria-label=\"Umschalten\"><i class=\"icon-angle-down\" aria-hidden=\"true\"><\/i><\/button>\n\t\t\t<span>Bieten Sie Natural Poland Stammkunden oder Gro\u00dfbestellern Rabatte an?<\/span>\n\t\t<\/a>\n\t\t<div id=\"accordion-1177990407-content\" class=\"accordion-inner\" aria-labelledby=\"accordion-1177990407-label\">\n\t\t\t\n\n<p>Ja, wir bei Natural Poland sch\u00e4tzen die Treue unserer Kunden und freuen uns \u00fcber gro\u00dfe Bestellungen. F\u00fcr Stammkunden und bei gr\u00f6\u00dferen Bestellungen k\u00f6nnen wir attraktive Rabatte anbieten. <\/p>\n<p><dok warunki=\"\" rabat=\"\" ustalane=\"\" s=\"\" indywidualnie=\"\" w=\"\" zale=\"\" od=\"\" charakteru=\"\" zam=\"\" i=\"\" historii=\"\" wsp=\"\" z=\"\" klientem.=\"\">\n\n<\/dok><\/p>\n\n\t\t<\/div>\n\t<\/div>\n\t\n\t<div id=\"accordion-1140227028\" class=\"accordion-item\">\n\t\t<a id=\"accordion-1140227028-label\" class=\"accordion-title plain\" href=\"#accordion-item-kann-ich-eine-preisliste-f\u00fcr-natural-poland-produkte-erhalten?\" aria-expanded=\"false\" aria-controls=\"accordion-1140227028-content\">\n\t\t\t<button class=\"toggle\" aria-label=\"Umschalten\"><i class=\"icon-angle-down\" aria-hidden=\"true\"><\/i><\/button>\n\t\t\t<span>Kann ich eine Preisliste f\u00fcr Natural Poland Produkte erhalten?<\/span>\n\t\t<\/a>\n\t\t<div id=\"accordion-1140227028-content\" class=\"accordion-inner\" aria-labelledby=\"accordion-1140227028-label\">\n\t\t\t\n\n<p>Aufgrund des dynamischen Charakters des Marktes f\u00fcr Lebensmittel- und Kosmetikrohstoffe f\u00fchren wir keine feste Preisliste. Die Preise <a href=\"https:\/\/naturalpoland.com\/de\/produkte\/\">unserer Produkte<\/a> sind von einer Reihe von Faktoren abh\u00e4ngig, wie z.B. den aktuellen Produktionspreisen, Wechselkursen, Transportkosten und anderen Faktoren, die sich laufend \u00e4ndern k\u00f6nnen. <\/p>\n<p>Wenn wir Ihre Angebotsanfrage erhalten, setzen wir uns direkt mit den Partnern in Verbindung, um die aktuellsten Preise zu erfahren. Wir erstellen dann ein individuelles Angebot f\u00fcr Sie, das diese neuesten Informationen ber\u00fccksichtigt. <\/p>\n\n\t\t<\/div>\n\t<\/div>\n\t\n\t<div id=\"accordion-1887020220\" class=\"accordion-item\">\n\t\t<a id=\"accordion-1887020220-label\" class=\"accordion-title plain\" href=\"#accordion-item-bieten-sie-die-m\u00f6glichkeit,-muster-zu-bestellen,-bevor-sie-eine-bestellung-aufgeben?\" aria-expanded=\"false\" aria-controls=\"accordion-1887020220-content\">\n\t\t\t<button class=\"toggle\" aria-label=\"Umschalten\"><i class=\"icon-angle-down\" aria-hidden=\"true\"><\/i><\/button>\n\t\t\t<span>Bieten Sie die M\u00f6glichkeit, Muster zu bestellen, bevor Sie eine Bestellung aufgeben?<\/span>\n\t\t<\/a>\n\t\t<div id=\"accordion-1887020220-content\" class=\"accordion-inner\" aria-labelledby=\"accordion-1887020220-label\">\n\t\t\t\n\n<p>Ja, wir verstehen, dass Muster notwendig sein k\u00f6nnen, um die Qualit\u00e4t unserer Produkte zu beurteilen, bevor Sie eine gr\u00f6\u00dfere Bestellung aufgeben. Daher bieten wir Ihnen die M\u00f6glichkeit, f\u00fcr die meisten unserer Lebensmittel- und Kosmetikrohstoffe Muster zu bestellen. <\/p>\n<p>Die Kosten und die Verf\u00fcgbarkeit von Mustern k\u00f6nnen von dem jeweiligen Produkt abh\u00e4ngen. In einigen F\u00e4llen k\u00f6nnen wir Muster kostenlos zur Verf\u00fcgung stellen, w\u00e4hrend in anderen F\u00e4llen geringe Geb\u00fchren anfallen k\u00f6nnen. Einzelheiten k\u00f6nnen Sie mit unserer Verkaufsabteilung vereinbaren.  <\/p>\n\n\t\t<\/div>\n\t<\/div>\n\t\n\t<div id=\"accordion-1026152744\" class=\"accordion-item\">\n\t\t<a id=\"accordion-1026152744-label\" class=\"accordion-title plain\" href=\"#accordion-item-bieten-sie-organische\/biologische\/\u00f6kologische-rohstoffe-an?\" aria-expanded=\"false\" aria-controls=\"accordion-1026152744-content\">\n\t\t\t<button class=\"toggle\" aria-label=\"Umschalten\"><i class=\"icon-angle-down\" aria-hidden=\"true\"><\/i><\/button>\n\t\t\t<span>Bieten Sie organische\/biologische\/\u00f6kologische Rohstoffe an?<\/span>\n\t\t<\/a>\n\t\t<div id=\"accordion-1026152744-content\" class=\"accordion-inner\" aria-labelledby=\"accordion-1026152744-label\">\n\t\t\t\n\n<p>Ja, <strong>Natural Poland ist ECO-zertifiziert<\/strong>, was es uns erm\u00f6glicht, organische, biologische und \u00f6kologische Rohstoffe anzubieten, die den h\u00f6chsten Qualit\u00e4tsstandards entsprechen. Unsere Produkte werden von gepr\u00fcften Lieferanten bezogen und k\u00f6nnen biologisch oder \u00f6kologisch zertifiziert sein. <\/p>\n<p>Wenn Sie auf der Suche nach zertifizierten Rohstoffen sind, wie z.B. <em>EU Organic<\/em> oder <em>USDA Organic<\/em>, wenden Sie sich bitte an unsere Verkaufsabteilung. Wir erstellen Ihnen gerne ein auf Ihre Bed\u00fcrfnisse zugeschnittenes Angebot und zeigen Ihnen, welche Produkte Ihren speziellen Anforderungen entsprechen. <\/p>\n\n\n\t\t<\/div>\n\t<\/div>\n\t\n\t<div id=\"accordion-3205312528\" class=\"accordion-item\">\n\t\t<a id=\"accordion-3205312528-label\" class=\"accordion-title plain\" href=\"#accordion-item-wie-wird-vorgegangen,-wenn-ein-paket-besch\u00e4digt-ist?\" aria-expanded=\"false\" aria-controls=\"accordion-3205312528-content\">\n\t\t\t<button class=\"toggle\" aria-label=\"Umschalten\"><i class=\"icon-angle-down\" aria-hidden=\"true\"><\/i><\/button>\n\t\t\t<span>Wie wird vorgegangen, wenn ein Paket besch\u00e4digt ist?<\/span>\n\t\t<\/a>\n\t\t<div id=\"accordion-3205312528-content\" class=\"accordion-inner\" aria-labelledby=\"accordion-3205312528-label\">\n\t\t\t\n\n<p>Wenn Sie ein Paket mit besch\u00e4digten Waren erhalten haben, befolgen Sie bitte die folgenden Schritte:<\/p>\n<ol>\n<li>  Machen Sie Fotos von den besch\u00e4digten Waren und der Verpackung, in der sie geliefert wurden. Dies wird uns helfen zu verstehen, was schief gelaufen ist und wie wir solche Situationen in Zukunft vermeiden k\u00f6nnen. <\/li>\n<li>Wenden Sie sich so schnell wie m\u00f6glich nach Erhalt der besch\u00e4digten Sendung an den Auftragsannehmer oder den Kundendienst. Informieren Sie uns \u00fcber das Problem und f\u00fcgen Sie Fotos bei. <\/li>\n<li>Sobald wir die oben genannten Informationen erhalten haben, werden sich unsere Mitarbeiter mit Ihnen in Verbindung setzen, um m\u00f6gliche L\u00f6sungen zu besprechen.<\/li>\n<\/ol>\n\n\t\t<\/div>\n\t<\/div>\n\t\n\t<div id=\"accordion-62541084\" class=\"accordion-item\">\n\t\t<a id=\"accordion-62541084-label\" class=\"accordion-title plain\" href=\"#accordion-item-bieten-sie-beratung-oder-schulungen-zur-verwendung-der-von-ihnen-angebotenen-rohstoffe-an?\" aria-expanded=\"false\" aria-controls=\"accordion-62541084-content\">\n\t\t\t<button class=\"toggle\" aria-label=\"Umschalten\"><i class=\"icon-angle-down\" aria-hidden=\"true\"><\/i><\/button>\n\t\t\t<span>Bieten Sie Beratung oder Schulungen zur Verwendung der von Ihnen angebotenen Rohstoffe an?<\/span>\n\t\t<\/a>\n\t\t<div id=\"accordion-62541084-content\" class=\"accordion-inner\" aria-labelledby=\"accordion-62541084-label\">\n\t\t\t\n\n<p>In unserem Unternehmen konzentrieren wir uns darauf, Lebensmittel- und Kosmetikrohstoffe von h\u00f6chster Qualit\u00e4t zu liefern. Wir verstehen zwar, dass Beratung und Schulung f\u00fcr einige Kunden wichtig sein k\u00f6nnen, aber wir sind nicht in der Lage, solche Dienstleistungen anzubieten. <\/p>\n<p>Wir sind nicht die Endproduzenten der Produkte und haben daher keinen Einfluss darauf, wie unsere Kunden die bei uns gekauften Rohstoffe verwenden, und wir k\u00f6nnen auch keine Beratung zu diesem Thema leisten. Unsere Aufgabe ist es, sicherzustellen, dass die von uns gelieferten Stoffe sicher und authentisch sind und den h\u00f6chsten Qualit\u00e4tsstandards entsprechen. <\/p>\n<p>Wir ermutigen unsere Kunden, einschl\u00e4gige Informationsquellen zu konsultieren oder sich von Experten auf ihrem Gebiet \u00fcber die Verwendung unserer Produkte beraten zu lassen. Wenn Sie Fragen zu den Spezifikationen der von uns angebotenen Rohstoffe haben, wenden Sie sich bitte an unsere Vertriebsabteilung. <\/p>\n\n\t\t<\/div>\n\t<\/div>\n\t\n\t<div id=\"accordion-4185933065\" class=\"accordion-item\">\n\t\t<a id=\"accordion-4185933065-label\" class=\"accordion-title plain\" href=\"#accordion-item-bieten-sie-die-m\u00f6glichkeit,-ihre-bestellung-zu-personalisieren-(z.b.-verpackung,-etiketten)?\" aria-expanded=\"false\" aria-controls=\"accordion-4185933065-content\">\n\t\t\t<button class=\"toggle\" aria-label=\"Umschalten\"><i class=\"icon-angle-down\" aria-hidden=\"true\"><\/i><\/button>\n\t\t\t<span>Bieten Sie die M\u00f6glichkeit, Ihre Bestellung zu personalisieren (z.B. Verpackung, Etiketten)?<\/span>\n\t\t<\/a>\n\t\t<div id=\"accordion-4185933065-content\" class=\"accordion-inner\" aria-labelledby=\"accordion-4185933065-label\">\n\t\t\t\n\n<p>Wir wissen, dass einige Kunden besondere Anforderungen an die Verpackung oder die Produktkennzeichnung haben. Obwohl unser Hauptaugenmerk auf der Lieferung von qualitativ hochwertigen Lebensmitteln und kosmetischen Rohstoffen liegt, k\u00f6nnen wir einige Formen der Personalisierung ber\u00fccksichtigen. <\/p>\n<p>Die M\u00f6glichkeiten der Personalisierung h\u00e4ngen von Ihren individuellen Anforderungen ab. Sobald wir Ihre Bed\u00fcrfnisse ermittelt haben, k\u00f6nnen wir einsch\u00e4tzen, ob wir sie erf\u00fcllen k\u00f6nnen, und Ihnen die in Frage kommenden Optionen vorstellen. <\/p>\n\n\t\t<\/div>\n\t<\/div>\n\t\n\t<div id=\"accordion-3264562766\" class=\"accordion-item\">\n\t\t<a id=\"accordion-3264562766-label\" class=\"accordion-title plain\" href=\"#accordion-item-sind-sie-offen-f\u00fcr-langfristige-vertr\u00e4ge?\" aria-expanded=\"false\" aria-controls=\"accordion-3264562766-content\">\n\t\t\t<button class=\"toggle\" aria-label=\"Umschalten\"><i class=\"icon-angle-down\" aria-hidden=\"true\"><\/i><\/button>\n\t\t\t<span>Sind Sie offen f\u00fcr langfristige Vertr\u00e4ge?<\/span>\n\t\t<\/a>\n\t\t<div id=\"accordion-3264562766-content\" class=\"accordion-inner\" aria-labelledby=\"accordion-3264562766-label\">\n\t\t\t\n\n<p>Ja, wir sind durchaus offen f\u00fcr langfristige Vertr\u00e4ge. In der Tat sind langfristige Vertr\u00e4ge oft sowohl f\u00fcr uns als auch f\u00fcr unsere Kunden von Vorteil, da sie dazu beitragen, Preisstabilit\u00e4t und Produktverf\u00fcgbarkeit zu gew\u00e4hrleisten. <\/p>\n<p>Wir bereiten die Liefervertr\u00e4ge individuell vor und passen sie an die spezifischen Bed\u00fcrfnisse jedes Kunden an, einschlie\u00dflich Mengen, H\u00e4ufigkeit der Lieferungen, Zahlungsbedingungen usw. Wir sind flexibel und bereit, uns an Ihre gesch\u00e4ftlichen Anforderungen anzupassen. <\/p>\n<p>Wenn Sie an einem langfristigen Vertrag interessiert sind, wenden Sie sich bitte an unsere Vertriebsabteilung. Sie k\u00f6nnen uns an kontakt@naturalpoland.com schreiben oder uns unter +48 22 112 10 97 anrufen und wir besprechen gerne die Einzelheiten mit Ihnen.  <\/p>\n\n\t\t<\/div>\n\t<\/div>\n\t\n\t<div id=\"accordion-2283065871\" class=\"accordion-item\">\n\t\t<a id=\"accordion-2283065871-label\" class=\"accordion-title plain\" href=\"#accordion-item-wie-lange-dauert-der-versand?\" aria-expanded=\"false\" aria-controls=\"accordion-2283065871-content\">\n\t\t\t<button class=\"toggle\" aria-label=\"Umschalten\"><i class=\"icon-angle-down\" aria-hidden=\"true\"><\/i><\/button>\n\t\t\t<span>Wie lange dauert der Versand?<\/span>\n\t\t<\/a>\n\t\t<div id=\"accordion-2283065871-content\" class=\"accordion-inner\" aria-labelledby=\"accordion-2283065871-label\">\n\t\t\t\n\n<p>Die Lieferzeit einer Bestellung ist variabel und h\u00e4ngt von einer Reihe von Faktoren ab, wie z.B. der Verf\u00fcgbarkeit der Waren, dem Umfang der Bestellung, der Vielfalt der bestellten Waren, dem Lieferort und der Versandart.  <\/p>\n<p>Aus den oben genannten Gr\u00fcnden wird die genaue Lieferzeit immer individuell f\u00fcr jede Bestellung best\u00e4tigt. Seien Sie versichert, dass wir alles daran setzen, dass Ihre Bestellung so schnell wie m\u00f6glich bei Ihnen eintrifft. <\/p>\n\n\t\t<\/div>\n\t<\/div>\n\t\n\t<div id=\"accordion-2054659778\" class=\"accordion-item\">\n\t\t<a id=\"accordion-2054659778-label\" class=\"accordion-title plain\" href=\"#accordion-item-in-welche-l\u00e4nder-versendet-natural-poland-seine-produkte?\" aria-expanded=\"false\" aria-controls=\"accordion-2054659778-content\">\n\t\t\t<button class=\"toggle\" aria-label=\"Umschalten\"><i class=\"icon-angle-down\" aria-hidden=\"true\"><\/i><\/button>\n\t\t\t<span>In welche L\u00e4nder versendet Natural Poland seine Produkte?<\/span>\n\t\t<\/a>\n\t\t<div id=\"accordion-2054659778-content\" class=\"accordion-inner\" aria-labelledby=\"accordion-2054659778-label\">\n\t\t\t\n\n<p>Wir liefern unsere Produkte an Kunden in der ganzen Welt. Ganz gleich, ob Sie in Polen, Europa, Nordamerika, S\u00fcdamerika, Asien, Australien oder Afrika ans\u00e4ssig sind, wir sind in der Lage, Sie mit unseren Lebensmittel- und Kosmetikrohstoffen zu beliefern. <\/p>\n<p>Bitte beachten Sie jedoch bei internationalen Bestellungen, dass die Lieferzeiten und Versandkosten je nach Zielland variieren k\u00f6nnen. Au\u00dferdem k\u00f6nnen in einigen L\u00e4ndern f\u00fcr bestimmte Produkte zus\u00e4tzliche Zolldokumente oder Zertifikate erforderlich sein, was die Bearbeitungszeit Ihrer Bestellung verl\u00e4ngern kann. <\/p>\n\n\t\t<\/div>\n\t<\/div>\n\t\n\n<\/div>\n\t<div id=\"gap-1156704303\" class=\"gap-element clearfix\" style=\"display:block; height:auto;\">\n\t\t\n<style>\n#gap-1156704303 {\n  padding-top: 50px;\n}\n<\/style>\n\t<\/div>\n\t\n\n<h2 class=\"uppercase\">Sie haben die Antwort auf Ihre Frage nicht gefunden?<\/h2>\n<h3 class=\"thin-font\">Verwenden Sie das untenstehende Formular und wir werden Sie kontaktieren:<\/h3>\n\t<div id=\"gap-423281133\" class=\"gap-element clearfix\" style=\"display:block; height:auto;\">\n\t\t\n<style>\n#gap-423281133 {\n  padding-top: 40px;\n}\n<\/style>\n\t<\/div>\n\t\n\n\n\n<div class=\"pipedriveWebForms\" data-pd-webforms=\"https:\/\/webforms.pipedrive.com\/f\/bXxK25IhNFs7cVVk24N8xLIy8unNjGKahCK7zdcljQ7fNXESk8ZzRNVL3UwcxL3bmX\"><script src=\"https:\/\/webforms.pipedrive.com\/f\/loader\"><\/script><\/div>\n\n\n","protected":false},"excerpt":{"rendered":"","protected":false},"author":1,"featured_media":0,"parent":0,"menu_order":0,"comment_status":"closed","ping_status":"closed","template":"","meta":{"_acf_changed":false,"footnotes":""},"class_list":["post-38768","page","type-page","status-publish","hentry"],"acf":[],"yoast_head":"<!-- This site is optimized with the Yoast SEO plugin v27.4 - https:\/\/yoast.com\/product\/yoast-seo-wordpress\/ -->\n<title>FAQ - NATURAL POLAND - IMPORT UND HANDEL VON ROHSTOFFEN<\/title>\n<meta name=\"robots\" content=\"index, follow, max-snippet:-1, max-image-preview:large, max-video-preview:-1\" \/>\n<link rel=\"canonical\" href=\"https:\/\/naturalpoland.com\/de\/faq\/\" \/>\n<meta property=\"og:locale\" content=\"de_DE\" \/>\n<meta property=\"og:type\" content=\"article\" \/>\n<meta property=\"og:title\" content=\"FAQ - NATURAL POLAND - IMPORT UND HANDEL VON ROHSTOFFEN\" \/>\n<meta property=\"og:url\" content=\"https:\/\/naturalpoland.com\/de\/faq\/\" \/>\n<meta property=\"og:site_name\" content=\"NATURAL POLAND - IMPORT UND HANDEL VON ROHSTOFFEN\" \/>\n<meta property=\"article:publisher\" content=\"https:\/\/www.facebook.com\/naturalpoland.b2b\" \/>\n<meta property=\"article:modified_time\" content=\"2025-01-16T12:41:08+00:00\" \/>\n<meta property=\"og:image\" content=\"https:\/\/naturalpoland.com\/wp-content\/uploads\/2021\/05\/natural-poland-icon.png\" \/>\n\t<meta property=\"og:image:width\" content=\"512\" \/>\n\t<meta property=\"og:image:height\" content=\"512\" \/>\n\t<meta property=\"og:image:type\" content=\"image\/png\" \/>\n<script type=\"application\/ld+json\" class=\"yoast-schema-graph\">{\"@context\":\"https:\\\/\\\/schema.org\",\"@graph\":[{\"@type\":\"WebPage\",\"@id\":\"https:\\\/\\\/naturalpoland.com\\\/de\\\/faq\\\/\",\"url\":\"https:\\\/\\\/naturalpoland.com\\\/de\\\/faq\\\/\",\"name\":\"FAQ - NATURAL POLAND - IMPORT UND HANDEL VON ROHSTOFFEN\",\"isPartOf\":{\"@id\":\"https:\\\/\\\/naturalpoland.com\\\/de\\\/#website\"},\"datePublished\":\"2025-01-16T12:32:21+00:00\",\"dateModified\":\"2025-01-16T12:41:08+00:00\",\"breadcrumb\":{\"@id\":\"https:\\\/\\\/naturalpoland.com\\\/de\\\/faq\\\/#breadcrumb\"},\"inLanguage\":\"de\",\"potentialAction\":[{\"@type\":\"ReadAction\",\"target\":[\"https:\\\/\\\/naturalpoland.com\\\/de\\\/faq\\\/\"]}]},{\"@type\":\"BreadcrumbList\",\"@id\":\"https:\\\/\\\/naturalpoland.com\\\/de\\\/faq\\\/#breadcrumb\",\"itemListElement\":[{\"@type\":\"ListItem\",\"position\":1,\"name\":\"Startseite\",\"item\":\"https:\\\/\\\/naturalpoland.com\\\/de\\\/\"},{\"@type\":\"ListItem\",\"position\":2,\"name\":\"FAQ\"}]},{\"@type\":\"WebSite\",\"@id\":\"https:\\\/\\\/naturalpoland.com\\\/de\\\/#website\",\"url\":\"https:\\\/\\\/naturalpoland.com\\\/de\\\/\",\"name\":\"NATURAL POLAND - IMPORT UND HANDEL VON ROHSTOFFEN\",\"description\":\"Rohstoffe f\u00fcr die Lebensmittelindustrie, Kosmetikindustrie, Pharmaindustrie\",\"publisher\":{\"@id\":\"https:\\\/\\\/naturalpoland.com\\\/de\\\/#organization\"},\"potentialAction\":[{\"@type\":\"SearchAction\",\"target\":{\"@type\":\"EntryPoint\",\"urlTemplate\":\"https:\\\/\\\/naturalpoland.com\\\/de\\\/?s={search_term_string}\"},\"query-input\":{\"@type\":\"PropertyValueSpecification\",\"valueRequired\":true,\"valueName\":\"search_term_string\"}}],\"inLanguage\":\"de\"},{\"@type\":\"Organization\",\"@id\":\"https:\\\/\\\/naturalpoland.com\\\/de\\\/#organization\",\"name\":\"Natural Poland\",\"url\":\"https:\\\/\\\/naturalpoland.com\\\/de\\\/\",\"logo\":{\"@type\":\"ImageObject\",\"inLanguage\":\"de\",\"@id\":\"https:\\\/\\\/naturalpoland.com\\\/de\\\/#\\\/schema\\\/logo\\\/image\\\/\",\"url\":\"https:\\\/\\\/naturalpoland.com\\\/wp-content\\\/uploads\\\/2021\\\/05\\\/natural-poland-icon.png\",\"contentUrl\":\"https:\\\/\\\/naturalpoland.com\\\/wp-content\\\/uploads\\\/2021\\\/05\\\/natural-poland-icon.png\",\"width\":512,\"height\":512,\"caption\":\"Natural Poland\"},\"image\":{\"@id\":\"https:\\\/\\\/naturalpoland.com\\\/de\\\/#\\\/schema\\\/logo\\\/image\\\/\"},\"sameAs\":[\"https:\\\/\\\/www.facebook.com\\\/naturalpoland.b2b\",\"https:\\\/\\\/pl.linkedin.com\\\/company\\\/natural-poland\",\"https:\\\/\\\/www.youtube.com\\\/channel\\\/UCgeGGkvOMahZo-xu_MSEWxg\"]}]}<\/script>\n<!-- \/ Yoast SEO plugin. -->","yoast_head_json":{"title":"FAQ - NATURAL POLAND - IMPORT UND HANDEL VON ROHSTOFFEN","robots":{"index":"index","follow":"follow","max-snippet":"max-snippet:-1","max-image-preview":"max-image-preview:large","max-video-preview":"max-video-preview:-1"},"canonical":"https:\/\/naturalpoland.com\/de\/faq\/","og_locale":"de_DE","og_type":"article","og_title":"FAQ - NATURAL POLAND - IMPORT UND HANDEL VON ROHSTOFFEN","og_url":"https:\/\/naturalpoland.com\/de\/faq\/","og_site_name":"NATURAL POLAND - IMPORT UND HANDEL VON ROHSTOFFEN","article_publisher":"https:\/\/www.facebook.com\/naturalpoland.b2b","article_modified_time":"2025-01-16T12:41:08+00:00","og_image":[{"width":512,"height":512,"url":"https:\/\/naturalpoland.com\/wp-content\/uploads\/2021\/05\/natural-poland-icon.png","type":"image\/png"}],"schema":{"@context":"https:\/\/schema.org","@graph":[{"@type":"WebPage","@id":"https:\/\/naturalpoland.com\/de\/faq\/","url":"https:\/\/naturalpoland.com\/de\/faq\/","name":"FAQ - NATURAL POLAND - IMPORT UND HANDEL VON ROHSTOFFEN","isPartOf":{"@id":"https:\/\/naturalpoland.com\/de\/#website"},"datePublished":"2025-01-16T12:32:21+00:00","dateModified":"2025-01-16T12:41:08+00:00","breadcrumb":{"@id":"https:\/\/naturalpoland.com\/de\/faq\/#breadcrumb"},"inLanguage":"de","potentialAction":[{"@type":"ReadAction","target":["https:\/\/naturalpoland.com\/de\/faq\/"]}]},{"@type":"BreadcrumbList","@id":"https:\/\/naturalpoland.com\/de\/faq\/#breadcrumb","itemListElement":[{"@type":"ListItem","position":1,"name":"Startseite","item":"https:\/\/naturalpoland.com\/de\/"},{"@type":"ListItem","position":2,"name":"FAQ"}]},{"@type":"WebSite","@id":"https:\/\/naturalpoland.com\/de\/#website","url":"https:\/\/naturalpoland.com\/de\/","name":"NATURAL POLAND - IMPORT UND HANDEL VON ROHSTOFFEN","description":"Rohstoffe f\u00fcr die Lebensmittelindustrie, Kosmetikindustrie, Pharmaindustrie","publisher":{"@id":"https:\/\/naturalpoland.com\/de\/#organization"},"potentialAction":[{"@type":"SearchAction","target":{"@type":"EntryPoint","urlTemplate":"https:\/\/naturalpoland.com\/de\/?s={search_term_string}"},"query-input":{"@type":"PropertyValueSpecification","valueRequired":true,"valueName":"search_term_string"}}],"inLanguage":"de"},{"@type":"Organization","@id":"https:\/\/naturalpoland.com\/de\/#organization","name":"Natural Poland","url":"https:\/\/naturalpoland.com\/de\/","logo":{"@type":"ImageObject","inLanguage":"de","@id":"https:\/\/naturalpoland.com\/de\/#\/schema\/logo\/image\/","url":"https:\/\/naturalpoland.com\/wp-content\/uploads\/2021\/05\/natural-poland-icon.png","contentUrl":"https:\/\/naturalpoland.com\/wp-content\/uploads\/2021\/05\/natural-poland-icon.png","width":512,"height":512,"caption":"Natural Poland"},"image":{"@id":"https:\/\/naturalpoland.com\/de\/#\/schema\/logo\/image\/"},"sameAs":["https:\/\/www.facebook.com\/naturalpoland.b2b","https:\/\/pl.linkedin.com\/company\/natural-poland","https:\/\/www.youtube.com\/channel\/UCgeGGkvOMahZo-xu_MSEWxg"]}]}},"_links":{"self":[{"href":"https:\/\/naturalpoland.com\/de\/wp-json\/wp\/v2\/pages\/38768","targetHints":{"allow":["GET"]}}],"collection":[{"href":"https:\/\/naturalpoland.com\/de\/wp-json\/wp\/v2\/pages"}],"about":[{"href":"https:\/\/naturalpoland.com\/de\/wp-json\/wp\/v2\/types\/page"}],"author":[{"embeddable":true,"href":"https:\/\/naturalpoland.com\/de\/wp-json\/wp\/v2\/users\/1"}],"replies":[{"embeddable":true,"href":"https:\/\/naturalpoland.com\/de\/wp-json\/wp\/v2\/comments?post=38768"}],"version-history":[{"count":0,"href":"https:\/\/naturalpoland.com\/de\/wp-json\/wp\/v2\/pages\/38768\/revisions"}],"wp:attachment":[{"href":"https:\/\/naturalpoland.com\/de\/wp-json\/wp\/v2\/media?parent=38768"}],"curies":[{"name":"wp","href":"https:\/\/api.w.org\/{rel}","templated":true}]}}