{"id":4534,"date":"2021-06-24T10:08:04","date_gmt":"2021-06-24T08:08:04","guid":{"rendered":"https:\/\/naturalpoland.pl\/ueber-uns\/"},"modified":"2025-12-03T12:31:42","modified_gmt":"2025-12-03T11:31:42","slug":"ueber-uns","status":"publish","type":"page","link":"https:\/\/naturalpoland.com\/de\/ueber-uns\/","title":{"rendered":"\u00dcber uns"},"content":{"rendered":"\n\n\n\n  <div class=\"banner has-hover\" id=\"banner-578409029\">\n          <div class=\"banner-inner fill\">\n        <div class=\"banner-bg fill\" >\n            <img decoding=\"async\" width=\"1020\" height=\"680\" src=\"https:\/\/naturalpoland.com\/wp-content\/uploads\/2011\/07\/Fotolia_84309657_Subscription_Monthly_M_shadow.jpg\" class=\"bg attachment-large size-large\" alt=\"\" \/>                        <div class=\"overlay\"><\/div>            \n                    <\/div>\n\t\t\n        <div class=\"banner-layers container\">\n            <div class=\"fill banner-link\"><\/div>            \n\n   <div id=\"text-box-132534302\" class=\"text-box banner-layer x50 md-x50 lg-x50 y50 md-y50 lg-y50 res-text\">\n                                <div class=\"text-box-content text dark\">\n              \n              <div class=\"text-inner text-center\">\n                  \n\n<h1 class=\"uppercase\">\u00dcber uns<\/h1>\n\n              <\/div>\n           <\/div>\n                            \n<style>\n#text-box-132534302 {\n  width: 60%;\n}\n#text-box-132534302 .text-box-content {\n  font-size: 100%;\n}\n@media (min-width:550px) {\n  #text-box-132534302 {\n    width: 60%;\n  }\n}\n<\/style>\n    <\/div>\n \n\n        <\/div>\n      <\/div>\n\n            \n<style>\n#banner-578409029 {\n  padding-top: 350px;\n}\n#banner-578409029 .overlay {\n  background-color: rgba(0,0,0,.5);\n}\n#banner-578409029 .banner-bg img {\n  object-position: 77% 24%;\n}\n<\/style>\n  <\/div>\n\n\n\n\t<section class=\"section\" id=\"section_226311335\">\n\t\t<div class=\"section-bg fill\" >\n\t\t\t\t\t\t\t\t\t\n\t\t\t\n\n\t\t<\/div>\n\n\t\t\n\n\t\t<div class=\"section-content relative\">\n\t\t\t\n\n\t<div id=\"gap-726053046\" class=\"gap-element clearfix\" style=\"display:block; height:auto;\">\n\t\t\n<style>\n#gap-726053046 {\n  padding-top: 40px;\n}\n<\/style>\n\t<\/div>\n\t\n\n<div class=\"row align-center\"  id=\"row-1264643648\">\n\n\n\t<div id=\"col-649814341\" class=\"col medium-4 small-10 large-4\"  >\n\t\t\t\t<div class=\"col-inner\"  >\n\t\t\t\n\t\t\t\n\n\t<div id=\"text-3607471497\" class=\"text\">\n\t\t\n\n<h2 class=\"uppercase\"><span style=\"font-size: 150%;\">Natural Poland<\/h2>\n<p>STRZELCZYK GMBH <\/p>\n<p><\/span><\/p>\n\t\t\n<style>\n#text-3607471497 {\n  color: rgb(0,0,0);\n}\n#text-3607471497 > * {\n  color: rgb(0,0,0);\n}\n<\/style>\n\t<\/div>\n\t\n<a href=\"https:\/\/naturalpoland.com\/de\/kontakt\/\" class=\"button primary is-link\" >\n\t\t<span>Wir laden Sie zur Zusammenarbeit ein<\/span>\n\t<i class=\"icon-angle-right\" aria-hidden=\"true\"><\/i><\/a>\n\n\n\t<div id=\"gap-1655304599\" class=\"gap-element clearfix\" style=\"display:block; height:auto;\">\n\t\t\n<style>\n#gap-1655304599 {\n  padding-top: 100px;\n}\n<\/style>\n\t<\/div>\n\t\n\n<h3><strong>Qualit\u00e4t an erster Stelle<\/strong><\/h3>\n<p>Qualit\u00e4t bildet die Grundlage unseres Handelns. Natural Poland ist nach <b>ISO 9001:2015<\/b> zertifiziert \u2013 ein Beleg daf\u00fcr, dass unser Qualit\u00e4tsmanagementsystem den h\u00f6chsten internationalen Anforderungen entspricht.<\/p>\n<p>\n    <img decoding=\"async\" src=\"\/wp-content\/uploads\/iso-209x300.png\" alt=\"Siegel des Qualit\u00e4tszertifizierungszentrums WAT f\u00fcr Strzelczyk GmbH\" width=\"150\" height=\"230\" style=\"margin: 3px;\">   <a href=\"\/wp-content\/uploads\/certyfikat-iso-strzelczyk.jpg\" target=\"_blank\"> <img decoding=\"async\" src=\"\/wp-content\/uploads\/certyfikat-iso-strzelczyk.jpg\" width=\"150\" style=\"margin: 3px;\"><\/a><\/p>\n\n\t<div id=\"gap-813431800\" class=\"gap-element clearfix\" style=\"display:block; height:auto;\">\n\t\t\n<style>\n#gap-813431800 {\n  padding-top: 50px;\n}\n<\/style>\n\t<\/div>\n\t\n\n<h3><strong>Bio-Zertifizierung<\/strong><\/h3>\n<p>Zus\u00e4tzlich verf\u00fcgen wir \u00fcber eine <b>Bio-Zertifizierung<\/b>, die den Vertrieb, die Lagerung, den Import und Export von \u00f6kologisch zertifizierten Rohstoffen umfasst. Diese Auszeichnung unterstreicht unser Engagement f\u00fcr nachhaltige, umweltbewusste und r\u00fcckverfolgbare Produkte.<\/p>\n\n\t<div class=\"img has-hover x md-x lg-x y md-y lg-y\" id=\"image_2146866251\">\n\t\t\t\t\t\t\t\t<div class=\"img-inner dark\" >\n\t\t\t<img decoding=\"async\" width=\"543\" height=\"533\" src=\"https:\/\/naturalpoland.com\/wp-content\/uploads\/eko.jpg\" class=\"attachment-large size-large\" alt=\"certyfikat eko\" srcset=\"https:\/\/naturalpoland.com\/wp-content\/uploads\/eko.jpg 543w, https:\/\/naturalpoland.com\/wp-content\/uploads\/eko-300x294.jpg 300w, https:\/\/naturalpoland.com\/wp-content\/uploads\/eko-510x501.jpg 510w\" sizes=\"(max-width: 543px) 100vw, 543px\" \/>\t\t\t\t\t\t\n\t\t\t\t\t<\/div>\n\t\t\t\t\t\t\t\t\n<style>\n#image_2146866251 {\n  width: 100%;\n}\n<\/style>\n\t<\/div>\n\t\n\n<p>Wir sind spezialisiert auf den Handel mit Wirkstoffen, chemischen Rohstoffen und funktionellen Zusatzstoffen, die in der Lebensmittel-, Pharma- und Kosmetikindustrie eingesetzt werden. <\/p>\n<p>Das Vertrauen unserer Kundinnen und Kunden sowie unsere starke Marktposition haben f\u00fcr uns h\u00f6chste Priorit\u00e4t. Wir bedanken uns f\u00fcr Ihre Zusammenarbeit und versichern Ihnen: <b>Bei Natural Poland gehen Qualit\u00e4t und Professionalit\u00e4t stets Hand in Hand.<\/b><\/p>\n\n\n\t\t<\/div>\n\t\t\t\t\t<\/div>\n\n\t\n\n\t<div id=\"col-761110677\" class=\"col medium-8 small-10 large-8\"  >\n\t\t\t\t<div class=\"col-inner\"  >\n\t\t\t\n\t\t\t\n\n\t<div id=\"text-1079684126\" class=\"text\">\n\t\t\n\n<p><strong data-start=\"348\" data-end=\"366\">Natural Poland<\/strong> ist ein polnisches Unternehmen, das sich auf den Vertrieb einer breiten Auswahl an Rohstoffen f\u00fcr die Lebensmittel-, Kosmetik- und Pharmaindustrie spezialisiert hat. Dank hochwertiger und innovativer Produkte hat sich Natural Poland als einer der f\u00fchrenden europ\u00e4ischen Anbieter spezialisierter Rohstoffe etabliert.<\/p>\n<h3>Geschichte<\/h3>\n<p><span style=\"font-weight: 400;\">Das Unternehmen wurde urspr\u00fcnglich 1986 als <strong><a href=\"https:\/\/www.strzelczyk.pl\">Immobilienagentur Strzelczyk GmbH (ehemals Bracia Strzelczyk Witold Strzelczyk)<\/a><\/strong> gegr\u00fcndet. Im Jahr 2014 erfolgte eine strategische Erweiterung der Gesch\u00e4ftst\u00e4tigkeiten, die zur Entstehung der Marke <strong data-start=\"946\" data-end=\"964\">Natural Poland<\/strong> f\u00fchrte. Seitdem ist das Unternehmen im internationalen Handel mit hochwertigen Rohstoffen f\u00fcr Lebensmittel, Kosmetik und Pharmazie aktiv. Gest\u00fctzt durch starke Partnerschaften mit namhaften Herstellern hat sich Natural Poland zu einem bedeutenden und verl\u00e4sslichen Akteur auf dem europ\u00e4ischen Rohstoffmarkt entwickelt.<\/span><\/p>\n<h3>Produktportfolio<\/h3>\n<p>Ein zentrales Element des Sortiments von Natural Poland sind nat\u00fcrliche,<b><a href=\"https:\/\/naturalpoland.com\/en\/category\/food-and-cosmetic-oils\/\">kaltgepresste Pflanzen\u00f6le<\/a>,<\/b> die \u00fcberwiegend aus Polen und der Ukraine stammen und strengen europ\u00e4ischen Qualit\u00e4tsstandards entsprechen.<\/p>\n<p>Dar\u00fcber hinaus bietet das Unternehmen ein breites Spektrum an Rohstoffen an \u2013 darunter Extrakte, Mazerate, Hydrolate, kosmetische Tonerden, Wachse, pflanzliche Stammzellen, halbfertige kosmetische Produkte und viele weitere spezielle Zutaten.<\/p>\n<h3>Internationale Pr\u00e4senz<\/h3>\n<p>Natural Poland verf\u00fcgt \u00fcber eine starke internationale Marktpr\u00e4senz. Die Produkte werden in <strong data-start=\"1893\" data-end=\"1923\">\u00fcber 20 europ\u00e4ische L\u00e4nder<\/strong> sowie in wichtige au\u00dfereurop\u00e4ische M\u00e4rkte wie China, S\u00fcdkorea und die USA geliefert.<\/p>\n<p>Im Rahmen seiner globalen Strategie nimmt das Unternehmen regelm\u00e4\u00dfig an f\u00fchrenden Fachmessen wie <strong data-start=\"2108\" data-end=\"2116\">SIAL<\/strong>, <strong data-start=\"2118\" data-end=\"2133\">Food Taipei<\/strong>, <strong data-start=\"2135\" data-end=\"2158\">Hong Kong Food Expo<\/strong> und <strong data-start=\"2163\" data-end=\"2176\">Fi Europe<\/strong> teil, um seine Produktpalette vorzustellen und neue Gesch\u00e4ftskontakte aufzubauen.<br \/><br \/><\/p>\n<p><img decoding=\"async\" class=\"aligncenter wp-image-30769 \" src=\"https:\/\/naturalpoland.com\/wp-content\/uploads\/\/cosmoprof1-300x197.jpg\" alt=\"\" width=\"370\" height=\"243\" srcset=\"https:\/\/naturalpoland.com\/wp-content\/uploads\/cosmoprof1-300x197.jpg 300w, https:\/\/naturalpoland.com\/wp-content\/uploads\/cosmoprof1-1024x672.jpg 1024w, https:\/\/naturalpoland.com\/wp-content\/uploads\/cosmoprof1-768x504.jpg 768w, https:\/\/naturalpoland.com\/wp-content\/uploads\/cosmoprof1-510x335.jpg 510w, https:\/\/naturalpoland.com\/wp-content\/uploads\/cosmoprof1.jpg 1200w\" sizes=\"(max-width: 370px) 100vw, 370px\" \/><\/p>\n<p>\u00a0<\/p>\n<p>Mit einem mehrsprachigen Team, das Englisch, Deutsch, Franz\u00f6sisch, Polnisch, Ukrainisch, Russisch und Chinesisch beherrscht, gew\u00e4hrleistet Natural Poland eine reibungslose internationale Kommunikation. F\u00fcr den chinesischen Markt stehen sowohl Mandarin sprechende Mitarbeiter als auch ein lokaler Unternehmensvertreter zur Verf\u00fcgung, was direkte und effiziente Zusammenarbeit erm\u00f6glicht.<\/p>\n<h3>Qualit\u00e4tsgarantie<\/h3>\n<p>Natural Poland legt gr\u00f6\u00dften Wert auf Qualit\u00e4t und die Einhaltung internationaler Branchenstandards. Das Unternehmen besucht regelm\u00e4\u00dfig die Plantagen und Produktionsst\u00e4tten seiner Partner, um sicherzustellen, dass s\u00e4mtliche Prozesse den eigenen Anforderungen entsprechen.<\/p>\n<p>Natural Poland arbeitet ausschlie\u00dflich mit sorgf\u00e4ltig gepr\u00fcften Lieferanten und bietet ausschlie\u00dflich Rohstoffe an, die \u00fcber die notwendigen Zertifikate verf\u00fcgen \u2013 ein klares Zeichen f\u00fcr die konsequente Ausrichtung auf Sicherheit, Transparenz und Zuverl\u00e4ssigkeit.<\/p>\n<h3>Forschung und Entwicklung:<\/h3>\n<p>Innovation ist ein fester Bestandteil der Unternehmensstrategie. Natural Poland beobachtet kontinuierlich globale Entwicklungen im Bereich der Lebensmittel- und Kosmetikrohstoffe und erweitert sein Sortiment regelm\u00e4\u00dfig um moderne und zukunftsweisende Produkte.<\/p>\n<p>Sollte ein bestimmter Rohstoff nicht verf\u00fcgbar sein, f\u00fchrt das Team gezielte internationale Recherchen durch, um geeignete Alternativen zu finden. Dieser proaktive Ansatz stellt sicher, dass das Unternehmen stets Zugang zu neuen, innovativen Rohstoffen hat und seine f\u00fchrende Marktposition behauptet.<\/p>\n\t\t\n<style>\n#text-1079684126 {\n  color: rgb(0,0,0);\n}\n#text-1079684126 > * {\n  color: rgb(0,0,0);\n}\n<\/style>\n\t<\/div>\n\t\n\n\t\t<\/div>\n\t\t\t\t\t<\/div>\n\n\t\n\n<\/div>\n\n\t\t<\/div>\n\n\t\t\n<style>\n#section_226311335 {\n  padding-top: 30px;\n  padding-bottom: 30px;\n}\n<\/style>\n\t<\/section>\n\t\n<div class=\"row\"  id=\"row-2121661636\">\n\n\n<\/div>\n\n","protected":false},"excerpt":{"rendered":"","protected":false},"author":1,"featured_media":0,"parent":0,"menu_order":1,"comment_status":"closed","ping_status":"open","template":"page-blank.php","meta":{"_acf_changed":false,"footnotes":""},"class_list":["post-4534","page","type-page","status-publish","hentry"],"acf":[],"yoast_head":"<!-- This site is optimized with the Yoast SEO plugin v27.5 - https:\/\/yoast.com\/product\/yoast-seo-wordpress\/ -->\n<title>\u00dcber uns - NATURAL POLAND - IMPORT UND HANDEL VON ROHSTOFFEN<\/title>\n<meta name=\"robots\" content=\"index, follow, max-snippet:-1, max-image-preview:large, max-video-preview:-1\" \/>\n<link rel=\"canonical\" href=\"https:\/\/naturalpoland.com\/de\/ueber-uns\/\" \/>\n<meta property=\"og:locale\" content=\"de_DE\" \/>\n<meta property=\"og:type\" content=\"article\" \/>\n<meta property=\"og:title\" content=\"\u00dcber uns - NATURAL POLAND - IMPORT UND HANDEL VON ROHSTOFFEN\" \/>\n<meta property=\"og:url\" content=\"https:\/\/naturalpoland.com\/de\/ueber-uns\/\" \/>\n<meta property=\"og:site_name\" content=\"NATURAL POLAND - IMPORT UND HANDEL VON ROHSTOFFEN\" \/>\n<meta property=\"article:publisher\" content=\"https:\/\/www.facebook.com\/naturalpoland.b2b\" \/>\n<meta property=\"article:modified_time\" content=\"2025-12-03T11:31:42+00:00\" \/>\n<meta property=\"og:image\" content=\"https:\/\/naturalpoland.com\/wp-content\/uploads\/\/cosmoprof1-300x197.jpg\" \/>\n<script type=\"application\/ld+json\" class=\"yoast-schema-graph\">{\"@context\":\"https:\\\/\\\/schema.org\",\"@graph\":[{\"@type\":\"WebPage\",\"@id\":\"https:\\\/\\\/naturalpoland.com\\\/de\\\/ueber-uns\\\/\",\"url\":\"https:\\\/\\\/naturalpoland.com\\\/de\\\/ueber-uns\\\/\",\"name\":\"\u00dcber uns - NATURAL POLAND - IMPORT UND HANDEL VON ROHSTOFFEN\",\"isPartOf\":{\"@id\":\"https:\\\/\\\/naturalpoland.com\\\/de\\\/#website\"},\"primaryImageOfPage\":{\"@id\":\"https:\\\/\\\/naturalpoland.com\\\/de\\\/ueber-uns\\\/#primaryimage\"},\"image\":{\"@id\":\"https:\\\/\\\/naturalpoland.com\\\/de\\\/ueber-uns\\\/#primaryimage\"},\"thumbnailUrl\":\"https:\\\/\\\/naturalpoland.com\\\/wp-content\\\/uploads\\\/\\\/cosmoprof1-300x197.jpg\",\"datePublished\":\"2021-06-24T08:08:04+00:00\",\"dateModified\":\"2025-12-03T11:31:42+00:00\",\"breadcrumb\":{\"@id\":\"https:\\\/\\\/naturalpoland.com\\\/de\\\/ueber-uns\\\/#breadcrumb\"},\"inLanguage\":\"de\",\"potentialAction\":[{\"@type\":\"ReadAction\",\"target\":[\"https:\\\/\\\/naturalpoland.com\\\/de\\\/ueber-uns\\\/\"]}]},{\"@type\":\"ImageObject\",\"inLanguage\":\"de\",\"@id\":\"https:\\\/\\\/naturalpoland.com\\\/de\\\/ueber-uns\\\/#primaryimage\",\"url\":\"https:\\\/\\\/naturalpoland.com\\\/wp-content\\\/uploads\\\/\\\/cosmoprof1-300x197.jpg\",\"contentUrl\":\"https:\\\/\\\/naturalpoland.com\\\/wp-content\\\/uploads\\\/\\\/cosmoprof1-300x197.jpg\"},{\"@type\":\"BreadcrumbList\",\"@id\":\"https:\\\/\\\/naturalpoland.com\\\/de\\\/ueber-uns\\\/#breadcrumb\",\"itemListElement\":[{\"@type\":\"ListItem\",\"position\":1,\"name\":\"Startseite\",\"item\":\"https:\\\/\\\/naturalpoland.com\\\/de\\\/\"},{\"@type\":\"ListItem\",\"position\":2,\"name\":\"\u00dcber uns\"}]},{\"@type\":\"WebSite\",\"@id\":\"https:\\\/\\\/naturalpoland.com\\\/de\\\/#website\",\"url\":\"https:\\\/\\\/naturalpoland.com\\\/de\\\/\",\"name\":\"NATURAL POLAND - IMPORT UND HANDEL VON ROHSTOFFEN\",\"description\":\"Rohstoffe f\u00fcr die Lebensmittelindustrie, Kosmetikindustrie, Pharmaindustrie\",\"publisher\":{\"@id\":\"https:\\\/\\\/naturalpoland.com\\\/de\\\/#organization\"},\"potentialAction\":[{\"@type\":\"SearchAction\",\"target\":{\"@type\":\"EntryPoint\",\"urlTemplate\":\"https:\\\/\\\/naturalpoland.com\\\/de\\\/?s={search_term_string}\"},\"query-input\":{\"@type\":\"PropertyValueSpecification\",\"valueRequired\":true,\"valueName\":\"search_term_string\"}}],\"inLanguage\":\"de\"},{\"@type\":\"Organization\",\"@id\":\"https:\\\/\\\/naturalpoland.com\\\/de\\\/#organization\",\"name\":\"Natural Poland\",\"url\":\"https:\\\/\\\/naturalpoland.com\\\/de\\\/\",\"logo\":{\"@type\":\"ImageObject\",\"inLanguage\":\"de\",\"@id\":\"https:\\\/\\\/naturalpoland.com\\\/de\\\/#\\\/schema\\\/logo\\\/image\\\/\",\"url\":\"https:\\\/\\\/naturalpoland.com\\\/wp-content\\\/uploads\\\/2021\\\/05\\\/natural-poland-icon.png\",\"contentUrl\":\"https:\\\/\\\/naturalpoland.com\\\/wp-content\\\/uploads\\\/2021\\\/05\\\/natural-poland-icon.png\",\"width\":512,\"height\":512,\"caption\":\"Natural Poland\"},\"image\":{\"@id\":\"https:\\\/\\\/naturalpoland.com\\\/de\\\/#\\\/schema\\\/logo\\\/image\\\/\"},\"sameAs\":[\"https:\\\/\\\/www.facebook.com\\\/naturalpoland.b2b\",\"https:\\\/\\\/pl.linkedin.com\\\/company\\\/natural-poland\",\"https:\\\/\\\/www.youtube.com\\\/channel\\\/UCgeGGkvOMahZo-xu_MSEWxg\"]}]}<\/script>\n<!-- \/ Yoast SEO plugin. -->","yoast_head_json":{"title":"\u00dcber uns - NATURAL POLAND - IMPORT UND HANDEL VON ROHSTOFFEN","robots":{"index":"index","follow":"follow","max-snippet":"max-snippet:-1","max-image-preview":"max-image-preview:large","max-video-preview":"max-video-preview:-1"},"canonical":"https:\/\/naturalpoland.com\/de\/ueber-uns\/","og_locale":"de_DE","og_type":"article","og_title":"\u00dcber uns - NATURAL POLAND - IMPORT UND HANDEL VON ROHSTOFFEN","og_url":"https:\/\/naturalpoland.com\/de\/ueber-uns\/","og_site_name":"NATURAL POLAND - IMPORT UND HANDEL VON ROHSTOFFEN","article_publisher":"https:\/\/www.facebook.com\/naturalpoland.b2b","article_modified_time":"2025-12-03T11:31:42+00:00","og_image":[{"url":"https:\/\/naturalpoland.com\/wp-content\/uploads\/\/cosmoprof1-300x197.jpg","type":"","width":"","height":""}],"schema":{"@context":"https:\/\/schema.org","@graph":[{"@type":"WebPage","@id":"https:\/\/naturalpoland.com\/de\/ueber-uns\/","url":"https:\/\/naturalpoland.com\/de\/ueber-uns\/","name":"\u00dcber uns - NATURAL POLAND - IMPORT UND HANDEL VON ROHSTOFFEN","isPartOf":{"@id":"https:\/\/naturalpoland.com\/de\/#website"},"primaryImageOfPage":{"@id":"https:\/\/naturalpoland.com\/de\/ueber-uns\/#primaryimage"},"image":{"@id":"https:\/\/naturalpoland.com\/de\/ueber-uns\/#primaryimage"},"thumbnailUrl":"https:\/\/naturalpoland.com\/wp-content\/uploads\/\/cosmoprof1-300x197.jpg","datePublished":"2021-06-24T08:08:04+00:00","dateModified":"2025-12-03T11:31:42+00:00","breadcrumb":{"@id":"https:\/\/naturalpoland.com\/de\/ueber-uns\/#breadcrumb"},"inLanguage":"de","potentialAction":[{"@type":"ReadAction","target":["https:\/\/naturalpoland.com\/de\/ueber-uns\/"]}]},{"@type":"ImageObject","inLanguage":"de","@id":"https:\/\/naturalpoland.com\/de\/ueber-uns\/#primaryimage","url":"https:\/\/naturalpoland.com\/wp-content\/uploads\/\/cosmoprof1-300x197.jpg","contentUrl":"https:\/\/naturalpoland.com\/wp-content\/uploads\/\/cosmoprof1-300x197.jpg"},{"@type":"BreadcrumbList","@id":"https:\/\/naturalpoland.com\/de\/ueber-uns\/#breadcrumb","itemListElement":[{"@type":"ListItem","position":1,"name":"Startseite","item":"https:\/\/naturalpoland.com\/de\/"},{"@type":"ListItem","position":2,"name":"\u00dcber uns"}]},{"@type":"WebSite","@id":"https:\/\/naturalpoland.com\/de\/#website","url":"https:\/\/naturalpoland.com\/de\/","name":"NATURAL POLAND - IMPORT UND HANDEL VON ROHSTOFFEN","description":"Rohstoffe f\u00fcr die Lebensmittelindustrie, Kosmetikindustrie, Pharmaindustrie","publisher":{"@id":"https:\/\/naturalpoland.com\/de\/#organization"},"potentialAction":[{"@type":"SearchAction","target":{"@type":"EntryPoint","urlTemplate":"https:\/\/naturalpoland.com\/de\/?s={search_term_string}"},"query-input":{"@type":"PropertyValueSpecification","valueRequired":true,"valueName":"search_term_string"}}],"inLanguage":"de"},{"@type":"Organization","@id":"https:\/\/naturalpoland.com\/de\/#organization","name":"Natural Poland","url":"https:\/\/naturalpoland.com\/de\/","logo":{"@type":"ImageObject","inLanguage":"de","@id":"https:\/\/naturalpoland.com\/de\/#\/schema\/logo\/image\/","url":"https:\/\/naturalpoland.com\/wp-content\/uploads\/2021\/05\/natural-poland-icon.png","contentUrl":"https:\/\/naturalpoland.com\/wp-content\/uploads\/2021\/05\/natural-poland-icon.png","width":512,"height":512,"caption":"Natural Poland"},"image":{"@id":"https:\/\/naturalpoland.com\/de\/#\/schema\/logo\/image\/"},"sameAs":["https:\/\/www.facebook.com\/naturalpoland.b2b","https:\/\/pl.linkedin.com\/company\/natural-poland","https:\/\/www.youtube.com\/channel\/UCgeGGkvOMahZo-xu_MSEWxg"]}]}},"_links":{"self":[{"href":"https:\/\/naturalpoland.com\/de\/wp-json\/wp\/v2\/pages\/4534","targetHints":{"allow":["GET"]}}],"collection":[{"href":"https:\/\/naturalpoland.com\/de\/wp-json\/wp\/v2\/pages"}],"about":[{"href":"https:\/\/naturalpoland.com\/de\/wp-json\/wp\/v2\/types\/page"}],"author":[{"embeddable":true,"href":"https:\/\/naturalpoland.com\/de\/wp-json\/wp\/v2\/users\/1"}],"replies":[{"embeddable":true,"href":"https:\/\/naturalpoland.com\/de\/wp-json\/wp\/v2\/comments?post=4534"}],"version-history":[{"count":4,"href":"https:\/\/naturalpoland.com\/de\/wp-json\/wp\/v2\/pages\/4534\/revisions"}],"predecessor-version":[{"id":43939,"href":"https:\/\/naturalpoland.com\/de\/wp-json\/wp\/v2\/pages\/4534\/revisions\/43939"}],"wp:attachment":[{"href":"https:\/\/naturalpoland.com\/de\/wp-json\/wp\/v2\/media?parent=4534"}],"curies":[{"name":"wp","href":"https:\/\/api.w.org\/{rel}","templated":true}]}}