{"id":4643,"date":"2021-06-25T14:15:44","date_gmt":"2021-06-25T12:15:44","guid":{"rendered":"https:\/\/naturalpoland.pl\/import-aus-china\/"},"modified":"2022-08-03T17:08:21","modified_gmt":"2022-08-03T15:08:21","slug":"import-aus-china","status":"publish","type":"page","link":"https:\/\/naturalpoland.com\/de\/import-aus-china\/","title":{"rendered":"Import aus China"},"content":{"rendered":"\n<div class=\"slider-wrapper relative\" id=\"slider-880389241\" >\n    <div class=\"slider slider-nav-circle slider-nav-large slider-nav-light slider-style-normal\"\n        data-flickity-options='{\n            \"cellAlign\": \"center\",\n            \"imagesLoaded\": true,\n            \"lazyLoad\": 1,\n            \"freeScroll\": false,\n            \"wrapAround\": true,\n            \"autoPlay\": 6000,\n            \"pauseAutoPlayOnHover\" : true,\n            \"prevNextButtons\": true,\n            \"contain\" : true,\n            \"adaptiveHeight\" : true,\n            \"dragThreshold\" : 10,\n            \"percentPosition\": true,\n            \"pageDots\": true,\n            \"rightToLeft\": false,\n            \"draggable\": true,\n            \"selectedAttraction\": 0.1,\n            \"parallax\" : 0,\n            \"friction\": 0.6        }'\n        >\n        \r\n\r\n\n  <div class=\"banner has-hover\" id=\"banner-333982193\">\n          <div class=\"banner-inner fill\">\n        <div class=\"banner-bg fill\" >\n            <img decoding=\"async\" width=\"1020\" height=\"679\" src=\"https:\/\/naturalpoland.com\/wp-content\/uploads\/import-produktow-z-chin-1024x682.jpg\" class=\"bg attachment-large size-large\" alt=\"import towar\u00f3w z chin\" \/>                        <div class=\"overlay\"><\/div>            \n                    <\/div>\n\t\t\n        <div class=\"banner-layers container\">\n            <div class=\"fill banner-link\"><\/div>            \r\n\r\n   <div id=\"text-box-903846443\" class=\"text-box banner-layer x50 md-x50 lg-x50 y50 md-y50 lg-y50 res-text\">\n                     <div data-animate=\"fadeInDown\">           <div class=\"text-box-content text dark\">\n              \n              <div class=\"text-inner text-center\">\n                  \r\n<h1><span style=\"font-size: 110%;\">Import aus China<\/span><\/h1>\r\n<span style=\"font-size: 110%;\"><strong>Rohstoffe f\u00fcr Lebensmittel, Kosmetika und Pharmazeutika\r\ndirekt vom Hersteller<\/strong><\/span>\r\n\r\n<div class=\"is-divider divider clearfix\" ><\/div>\r\n\r\n<a href=\"tel:0048221121097\" class=\"button primary is-large\" >\n\t<i class=\"icon-phone\" aria-hidden=\"true\"><\/i>\t<span>Zadzwo\u0144: +48 22 112 10 97<\/span>\n\t<\/a>\n\r\n\r\n\t<div id=\"gap-1467482338\" class=\"gap-element clearfix\" style=\"display:block; height:auto;\">\n\t\t\n<style>\n#gap-1467482338 {\n  padding-top: 25px;\n}\n<\/style>\n\t<\/div>\n\t\r\n\r\n<a href=\"mailto:kontakt@naturalpoland.com\" class=\"button primary is-large lowercase\" >\n\t<i class=\"icon-envelop\" aria-hidden=\"true\"><\/i>\t<span>kontakt@naturalpoland.com<\/span>\n\t<\/a>\n\r\n\r\n              <\/div>\n           <\/div>\n       <\/div>                     \n<style>\n#text-box-903846443 {\n  width: 60%;\n}\n#text-box-903846443 .text-box-content {\n  font-size: 100%;\n}\n@media (min-width:550px) {\n  #text-box-903846443 {\n    width: 60%;\n  }\n}\n<\/style>\n    <\/div>\n \r\n\r\n        <\/div>\n      <\/div>\n\n            \n<style>\n#banner-333982193 {\n  padding-top: 600px;\n}\n#banner-333982193 .overlay {\n  background-color: rgba(0, 0, 0, 0.3);\n}\n<\/style>\n  <\/div>\n\n\r\n\r\n     <\/div>\n\n     <div class=\"loading-spin dark large centered\"><\/div>\n\n\t<\/div>\n\n\n\n\t<div id=\"gap-139551942\" class=\"gap-element clearfix\" style=\"display:block; height:auto;\">\n\t\t\n<style>\n#gap-139551942 {\n  padding-top: 80px;\n}\n<\/style>\n\t<\/div>\n\t\n\n<div class=\"row\"  id=\"row-652699107\">\n\n\n\t<div id=\"col-1145613832\" class=\"col medium-4 large-4\"  >\n\t\t\t\t<div class=\"col-inner\"  >\n\t\t\t\n\t\t\t\n\n\n\t\t<div class=\"icon-box featured-box icon-box-center text-center\"  >\n\t\t\t\t\t<div class=\"icon-box-img\" style=\"width: 77px\">\n\t\t\t\t<div class=\"icon\">\n\t\t\t\t\t<div class=\"icon-inner\" style=\"color:rgb(32, 74, 71);\">\n\t\t\t\t\t\t<img decoding=\"async\" width=\"1\" height=\"1\" src=\"https:\/\/naturalpoland.com\/wp-content\/uploads\/sprawdzone-plantacje.svg\" class=\"attachment-medium size-medium\" alt=\"sprawdzone plantacje\" \/>\t\t\t\t\t<\/div>\n\t\t\t\t<\/div>\n\t\t\t<\/div>\n\t\t\t\t<div class=\"icon-box-text last-reset\">\n\t\t\t<h5 class=\"uppercase\">GEPR\u00dcFTE ANPFLANZUNGEN<\/h5>\t\t\t\t\t\t\n\n<p>Unsere Rohstoffe kommen direkt von verifizierten Plantagen und G\u00e4rten, was ihre urspr\u00fcngliche und reine Zusammensetzung garantiert. Wir selektieren und \u00fcberwachen den Import aller unserer Produkte selbst. <\/p>\n\n\t\t<\/div>\n\t<\/div>\n\t\n\t\n\n\t\t<\/div>\n\t\t\t\t\t<\/div>\n\n\t\n\n\t<div id=\"col-46127971\" class=\"col medium-4 large-4\"  >\n\t\t\t\t<div class=\"col-inner\"  >\n\t\t\t\n\t\t\t\n\n\n\t\t<div class=\"icon-box featured-box icon-box-center text-center\"  >\n\t\t\t\t\t<div class=\"icon-box-img\" style=\"width: 46px\">\n\t\t\t\t<div class=\"icon\">\n\t\t\t\t\t<div class=\"icon-inner\" >\n\t\t\t\t\t\t<img decoding=\"async\" width=\"1\" height=\"1\" src=\"https:\/\/naturalpoland.com\/wp-content\/uploads\/bezplatne-probki.svg\" class=\"attachment-medium size-medium\" alt=\"bezp\u0142atne pr\u00f3bki\" \/>\t\t\t\t\t<\/div>\n\t\t\t\t<\/div>\n\t\t\t<\/div>\n\t\t\t\t<div class=\"icon-box-text last-reset\">\n\t\t\t<h5 class=\"uppercase\">AUSPROBIEREN SIE UNVERBINDLICH<\/h5>\t\t\t\t\t\t\n\n<p>Bestellen Sie Proben unserer Rohstoffe und testen Sie, ob sie Ihren Erwartungen entsprechen. Sie k\u00f6nnen Ihre Wahl erst dann treffen, wenn Sie sicher sind, dass unsere Produkte Ihre Bed\u00fcrfnisse erf\u00fcllt haben. <\/p>\n\n\t\t<\/div>\n\t<\/div>\n\t\n\t\n\n\t\t<\/div>\n\t\t\t\t\t<\/div>\n\n\t\n\n\t<div id=\"col-845880950\" class=\"col medium-4 large-4\"  >\n\t\t\t\t<div class=\"col-inner\"  >\n\t\t\t\n\t\t\t\n\n\n\t\t<div class=\"icon-box featured-box icon-box-center text-center\"  >\n\t\t\t\t\t<div class=\"icon-box-img\" style=\"width: 61px\">\n\t\t\t\t<div class=\"icon\">\n\t\t\t\t\t<div class=\"icon-inner\" >\n\t\t\t\t\t\t<?xml version=\"1.0\" encoding=\"utf-8\"?><svg version=\"1.1\" id=\"Layer_1\" xmlns=\"http:\/\/www.w3.org\/2000\/svg\" xmlns:xlink=\"http:\/\/www.w3.org\/1999\/xlink\" x=\"0px\" y=\"0px\" viewBox=\"0 0 117.87 122.88\" style=\"enable-background:new 0 0 117.87 122.88\" xml:space=\"preserve\"><style type=\"text\/css\">.st0{fill-rule:evenodd;clip-rule:evenodd;}<\/style><g><path class=\"st0\" d=\"M32.22,84.07l2.8,2.8c0.74,0.74,0.74,1.94,0,2.68l-2.25,2.25c0.63,1.17,1.1,2.43,1.4,3.73l2.92,0 c1.04,0,1.89,0.85,1.89,1.89v3.95c0,1.04-0.85,1.89-1.89,1.89h-3.18c-0.39,1.27-0.94,2.49-1.65,3.62l2.07,2.06 c0.74,0.74,0.74,1.94,0,2.68l-2.8,2.8c-0.74,0.74-1.94,0.74-2.68,0l-2.25-2.25c-1.17,0.63-2.43,1.1-3.73,1.4v2.92 c0,1.04-0.85,1.89-1.89,1.89l-3.95,0c-1.04,0-1.89-0.85-1.89-1.89v-3.18c-1.27-0.39-2.49-0.94-3.62-1.65l-2.06,2.07 c-0.74,0.74-1.94,0.74-2.68,0l-2.8-2.8c-0.74-0.74-0.74-1.94,0-2.68l2.25-2.25c-0.63-1.17-1.1-2.43-1.4-3.73l-2.92,0 c-1.04,0-1.89-0.85-1.89-1.89v-3.96c0-1.04,0.85-1.89,1.89-1.89h3.18c0.39-1.27,0.94-2.5,1.65-3.62l-2.07-2.06 c-0.74-0.74-0.74-1.94,0-2.68l2.8-2.8c0.74-0.74,1.94-0.74,2.68,0l2.25,2.25c1.16-0.62,2.41-1.1,3.73-1.4V81.3 c0-1.04,0.85-1.89,1.89-1.89h3.95c1.04,0,1.89,0.85,1.89,1.89v3.18c1.27,0.39,2.5,0.94,3.62,1.65l2.06-2.07 C30.28,83.34,31.48,83.34,32.22,84.07L32.22,84.07L32.22,84.07z M68.28,117.8c-1.08,0.05-2.01,0.79-2.32,1.82 c-0.49,1.68,0.81,3.32,2.56,3.25c1.77-0.07,3.57-0.23,5.32-0.5c2.73-0.46,2.93-4.26,0.22-4.98c-0.33-0.08-0.64-0.09-0.98-0.04 C71.47,117.59,69.88,117.74,68.28,117.8L68.28,117.8z M50.95,116.48c-2.27-0.65-4.11,1.96-2.76,3.89c0.33,0.49,0.84,0.84,1.41,1 c1.73,0.48,3.45,0.85,5.22,1.16c0.99,0.16,1.99-0.26,2.54-1.11c1.01-1.52,0.09-3.62-1.71-3.9 C54.05,117.26,52.49,116.92,50.95,116.48L50.95,116.48z M104.27,64.48c0.62,2.28,3.72,2.57,4.76,0.41c0.25-0.57,0.3-1.11,0.15-1.72 c-0.45-1.71-1.01-3.44-1.64-5.09c-0.35-0.93-1.23-1.57-2.23-1.62c-1.84-0.1-3.17,1.73-2.51,3.45 C103.36,61.39,103.87,62.93,104.27,64.48L104.27,64.48z M96.77,49.63c1.6,2.38,5.3,0.78,4.57-2.08c-0.07-0.26-0.17-0.46-0.31-0.69 c-0.97-1.5-2.01-2.93-3.12-4.32c-1.65-2.04-4.97-0.55-4.46,2.13c0.09,0.4,0.25,0.74,0.51,1.06C94.95,46.99,95.89,48.27,96.77,49.63 L96.77,49.63z M116.48,76.37c0.22-0.04,0.45,0,0.65,0.12c0.33,0.14,0.56,0.46,0.56,0.83l0.19,26.34c0.02,0.32-0.14,0.64-0.44,0.82 l-10.76,6.42c-0.15,0.11-0.34,0.18-0.55,0.18c-0.05,0-0.1,0-0.15-0.01l-27.91-3.1c-0.48-0.03-0.86-0.42-0.86-0.91V80.27h0 c-0.01-0.36,0.19-0.71,0.54-0.86l14-6.16v0c0.15-0.06,0.31-0.09,0.48-0.07L116.48,76.37L116.48,76.37L116.48,76.37z M37.57,41.21 h47v2.64h-47V41.21L37.57,41.21z M61.66,7.07l-0.57,5.49h6.17L66.7,7.07H61.66L61.66,7.07L61.66,7.07z M45.44,0l-0.79,7.68h8.62 L52.47,0H45.44L45.44,0L45.44,0z M44.5,9.13L44.1,12.9h9.7l-0.39-3.77H44.5L44.5,9.13L44.5,9.13z M43.95,14.37l-0.58,6.8 l-3.63-0.67v19.4h42.64V27.2l-14.1-1.46l-0.52-8.4H60.6l-0.35,6.92l-5.49-1.01l-0.8-8.89H43.95L43.95,14.37L43.95,14.37z M60.99,13.6l-0.28,2.7h6.95l-0.28-2.7H60.99L60.99,13.6z M107.37,84.39v23.52l8.03-4.72l-0.18-23.72L107.37,84.39L107.37,84.39 L107.37,84.39z M104.24,108.5V84.64l-10.92-1.52L92.93,94.5l-4.18-2.85l-4.18,2.36l0.86-11.9l-5.75-0.82v24.29L104.24,108.5 L104.24,108.5L104.24,108.5z M102.68,77.13l-8.12,4.33l10.76,1.46l7.35-4.39L102.68,77.13L102.68,77.13L102.68,77.13z M86.88,80.1 l7.86-4.06l-3.14-0.37l-9.85,3.78L86.88,80.1L86.88,80.1z M18.84,49.89c0.53-0.99,0.34-2.2-0.45-2.99c-1.22-1.2-3.23-0.9-4.03,0.61 c-0.84,1.57-1.59,3.17-2.26,4.83c-0.98,2.42,1.92,4.61,4.01,2.88c0.31-0.27,0.54-0.58,0.69-0.97 C17.41,52.76,18.08,51.31,18.84,49.89L18.84,49.89z M28.54,38.08c0.59-0.57,0.83-1.33,0.75-2.14c-0.27-2.09-2.79-2.96-4.29-1.51 c-1.28,1.24-2.5,2.53-3.65,3.9c-1.19,1.42-0.51,3.56,1.26,4.08c0.99,0.26,1.96-0.04,2.63-0.82C26.3,40.36,27.38,39.2,28.54,38.08 L28.54,38.08z M14.46,64.83c0.19-1.1-0.35-2.2-1.35-2.71c-1.51-0.76-3.37,0.15-3.65,1.82c-0.32,1.78-0.52,3.52-0.66,5.32 c-0.05,0.87,0.33,1.7,1.03,2.21c1.61,1.19,3.92,0.11,4.04-1.88C13.99,68,14.18,66.41,14.46,64.83L14.46,64.83z M19.49,91.12 c4.29,0,7.78,3.48,7.78,7.78c0,4.29-3.48,7.78-7.78,7.78c-4.29,0-7.78-3.48-7.78-7.78C11.71,94.6,15.19,91.12,19.49,91.12 L19.49,91.12z\"\/><\/g><\/svg>\t\t\t\t\t<\/div>\n\t\t\t\t<\/div>\n\t\t\t<\/div>\n\t\t\t\t<div class=\"icon-box-text last-reset\">\n\t\t\t<h5 class=\"uppercase\">KEINE BETRIEBSUNTERBRECHUNG<\/h5>\t\t\t\t\t\t\n\n<p>Die meisten Produkte sind in unseren Lagern in Warschau sofort verf\u00fcgbar. Durch die Zusammenarbeit mit uns m\u00fcssen Sie nicht auf die Lieferung der bestellten Ware aus China warten, was das Risiko eines Pruduktionsunterbruchs minimiert. &nbsp; &nbsp; <\/p>\n\n\t\t<\/div>\n\t<\/div>\n\t\n\t\n\n\t\t<\/div>\n\t\t\t\t\t<\/div>\n\n\t\n\n<\/div>\n\n\n\t<section class=\"section\" id=\"section_988537061\">\n\t\t<div class=\"section-bg fill\" >\n\t\t\t\t\t\t\t\t\t<div class=\"section-bg-overlay absolute fill\"><\/div>\n\t\t\t\n\t<div class=\"is-border\"\n\t\tstyle=\"border-color:rgb(235, 235, 235);border-width:1px 0px 0px 0px;\">\n\t<\/div>\n\n\t\t<\/div>\n\n\t\t\n\n\t\t<div class=\"section-content relative\">\n\t\t\t\n\n<div class=\"row row-large align-middle align-center\"  id=\"row-2046571171\">\n\n\n\t<div id=\"col-1490401647\" class=\"col medium-6 small-12 large-6\"  >\n\t\t\t\t<div class=\"col-inner box-shadow-2 box-shadow-5-hover\" style=\"background-color:rgb(255, 255, 255);\" >\n\t\t\t\n\t\t\t\n\n<p class=\"wpcf7-contact-form-not-found\"><strong>Fehler:<\/strong> Kontaktformular wurde nicht gefunden.<\/p>\n\n\n\t\t<\/div>\n\t\t\t\t\n<style>\n#col-1490401647 > .col-inner {\n  padding: 15px 15px 15px 15px;\n}\n<\/style>\n\t<\/div>\n\n\t\n\n\t<div id=\"col-615653344\" class=\"col medium-6 small-12 large-6\"  >\n\t\t\t\t<div class=\"col-inner text-center dark\"  >\n\t\t\t\n\t\t\t\n\n<h2><span style=\"font-size: 140%;\">Erhalten Sie ein kostenloses Preisangebot<\/span><\/h2>\n<p>&nbsp;<\/p>\n<p><span style=\"font-size: 130%;\">Wir sind ein Importeur von Rohstoffen und Produkten aus China und anderen Regionen der Welt. &nbsp;<\/span><\/p>\n<p><span style=\"font-size: 130%;\">Wir laden Sie ein, sich mit unserem Berater in Verbindung zu setzen, der Ihnen ein individuelles, auf Ihre Bed\u00fcrfnisse zugeschnittenes Angebot pr\u00e4sentieren wird.<\/span><\/p>\n<a href=\"tel:0048221121097\" class=\"button primary\" >\n\t<i class=\"icon-phone\" aria-hidden=\"true\"><\/i>\t<span>Telefon 0048 22 112 10 97<\/span>\n\t<\/a>\n\n\n\n\t\t<\/div>\n\t\t\t\t\t<\/div>\n\n\t\n\n<\/div>\n\n\t\t<\/div>\n\n\t\t\n<style>\n#section_988537061 {\n  padding-top: 59px;\n  padding-bottom: 59px;\n  min-height: 300px;\n  background-color: rgb(171, 171, 171);\n}\n#section_988537061 .section-bg-overlay {\n  background-color: rgba(0, 0, 0, 0.78);\n}\n<\/style>\n\t<\/section>\n\t\n\n","protected":false},"excerpt":{"rendered":"","protected":false},"author":5,"featured_media":18217,"parent":0,"menu_order":0,"comment_status":"closed","ping_status":"closed","template":"","meta":{"_acf_changed":false,"footnotes":""},"class_list":["post-4643","page","type-page","status-publish","has-post-thumbnail","hentry"],"acf":[],"yoast_head":"<!-- This site is optimized with the Yoast SEO plugin v27.4 - https:\/\/yoast.com\/product\/yoast-seo-wordpress\/ -->\n<title>Import aus China - NATURAL POLAND - IMPORT UND HANDEL VON ROHSTOFFEN<\/title>\n<meta name=\"robots\" content=\"index, follow, max-snippet:-1, max-image-preview:large, max-video-preview:-1\" \/>\n<link rel=\"canonical\" href=\"https:\/\/naturalpoland.com\/de\/import-aus-china\/\" \/>\n<meta property=\"og:locale\" content=\"de_DE\" \/>\n<meta property=\"og:type\" content=\"article\" \/>\n<meta property=\"og:title\" content=\"Import aus China - NATURAL POLAND - IMPORT UND HANDEL VON ROHSTOFFEN\" \/>\n<meta property=\"og:url\" content=\"https:\/\/naturalpoland.com\/de\/import-aus-china\/\" \/>\n<meta property=\"og:site_name\" content=\"NATURAL POLAND - IMPORT UND HANDEL VON ROHSTOFFEN\" \/>\n<meta property=\"article:publisher\" content=\"https:\/\/www.facebook.com\/naturalpoland.b2b\" \/>\n<meta property=\"article:modified_time\" content=\"2022-08-03T15:08:21+00:00\" \/>\n<meta property=\"og:image\" content=\"https:\/\/naturalpoland.com\/wp-content\/uploads\/import-produktow-z-chin.jpg\" \/>\n\t<meta property=\"og:image:width\" content=\"1400\" \/>\n\t<meta property=\"og:image:height\" content=\"933\" \/>\n\t<meta property=\"og:image:type\" content=\"image\/jpeg\" \/>\n<script type=\"application\/ld+json\" class=\"yoast-schema-graph\">{\"@context\":\"https:\\\/\\\/schema.org\",\"@graph\":[{\"@type\":\"WebPage\",\"@id\":\"https:\\\/\\\/naturalpoland.com\\\/de\\\/import-aus-china\\\/\",\"url\":\"https:\\\/\\\/naturalpoland.com\\\/de\\\/import-aus-china\\\/\",\"name\":\"Import aus China - NATURAL POLAND - IMPORT UND HANDEL VON ROHSTOFFEN\",\"isPartOf\":{\"@id\":\"https:\\\/\\\/naturalpoland.com\\\/de\\\/#website\"},\"primaryImageOfPage\":{\"@id\":\"https:\\\/\\\/naturalpoland.com\\\/de\\\/import-aus-china\\\/#primaryimage\"},\"image\":{\"@id\":\"https:\\\/\\\/naturalpoland.com\\\/de\\\/import-aus-china\\\/#primaryimage\"},\"thumbnailUrl\":\"https:\\\/\\\/naturalpoland.com\\\/wp-content\\\/uploads\\\/import-produktow-z-chin.jpg\",\"datePublished\":\"2021-06-25T12:15:44+00:00\",\"dateModified\":\"2022-08-03T15:08:21+00:00\",\"breadcrumb\":{\"@id\":\"https:\\\/\\\/naturalpoland.com\\\/de\\\/import-aus-china\\\/#breadcrumb\"},\"inLanguage\":\"de\",\"potentialAction\":[{\"@type\":\"ReadAction\",\"target\":[\"https:\\\/\\\/naturalpoland.com\\\/de\\\/import-aus-china\\\/\"]}]},{\"@type\":\"ImageObject\",\"inLanguage\":\"de\",\"@id\":\"https:\\\/\\\/naturalpoland.com\\\/de\\\/import-aus-china\\\/#primaryimage\",\"url\":\"https:\\\/\\\/naturalpoland.com\\\/wp-content\\\/uploads\\\/import-produktow-z-chin.jpg\",\"contentUrl\":\"https:\\\/\\\/naturalpoland.com\\\/wp-content\\\/uploads\\\/import-produktow-z-chin.jpg\",\"width\":1400,\"height\":933},{\"@type\":\"BreadcrumbList\",\"@id\":\"https:\\\/\\\/naturalpoland.com\\\/de\\\/import-aus-china\\\/#breadcrumb\",\"itemListElement\":[{\"@type\":\"ListItem\",\"position\":1,\"name\":\"Startseite\",\"item\":\"https:\\\/\\\/naturalpoland.com\\\/de\\\/\"},{\"@type\":\"ListItem\",\"position\":2,\"name\":\"Import aus China\"}]},{\"@type\":\"WebSite\",\"@id\":\"https:\\\/\\\/naturalpoland.com\\\/de\\\/#website\",\"url\":\"https:\\\/\\\/naturalpoland.com\\\/de\\\/\",\"name\":\"NATURAL POLAND - IMPORT UND HANDEL VON ROHSTOFFEN\",\"description\":\"Rohstoffe f\u00fcr die Lebensmittelindustrie, Kosmetikindustrie, Pharmaindustrie\",\"publisher\":{\"@id\":\"https:\\\/\\\/naturalpoland.com\\\/de\\\/#organization\"},\"potentialAction\":[{\"@type\":\"SearchAction\",\"target\":{\"@type\":\"EntryPoint\",\"urlTemplate\":\"https:\\\/\\\/naturalpoland.com\\\/de\\\/?s={search_term_string}\"},\"query-input\":{\"@type\":\"PropertyValueSpecification\",\"valueRequired\":true,\"valueName\":\"search_term_string\"}}],\"inLanguage\":\"de\"},{\"@type\":\"Organization\",\"@id\":\"https:\\\/\\\/naturalpoland.com\\\/de\\\/#organization\",\"name\":\"Natural Poland\",\"url\":\"https:\\\/\\\/naturalpoland.com\\\/de\\\/\",\"logo\":{\"@type\":\"ImageObject\",\"inLanguage\":\"de\",\"@id\":\"https:\\\/\\\/naturalpoland.com\\\/de\\\/#\\\/schema\\\/logo\\\/image\\\/\",\"url\":\"https:\\\/\\\/naturalpoland.com\\\/wp-content\\\/uploads\\\/2021\\\/05\\\/natural-poland-icon.png\",\"contentUrl\":\"https:\\\/\\\/naturalpoland.com\\\/wp-content\\\/uploads\\\/2021\\\/05\\\/natural-poland-icon.png\",\"width\":512,\"height\":512,\"caption\":\"Natural Poland\"},\"image\":{\"@id\":\"https:\\\/\\\/naturalpoland.com\\\/de\\\/#\\\/schema\\\/logo\\\/image\\\/\"},\"sameAs\":[\"https:\\\/\\\/www.facebook.com\\\/naturalpoland.b2b\",\"https:\\\/\\\/pl.linkedin.com\\\/company\\\/natural-poland\",\"https:\\\/\\\/www.youtube.com\\\/channel\\\/UCgeGGkvOMahZo-xu_MSEWxg\"]}]}<\/script>\n<!-- \/ Yoast SEO plugin. -->","yoast_head_json":{"title":"Import aus China - NATURAL POLAND - IMPORT UND HANDEL VON ROHSTOFFEN","robots":{"index":"index","follow":"follow","max-snippet":"max-snippet:-1","max-image-preview":"max-image-preview:large","max-video-preview":"max-video-preview:-1"},"canonical":"https:\/\/naturalpoland.com\/de\/import-aus-china\/","og_locale":"de_DE","og_type":"article","og_title":"Import aus China - NATURAL POLAND - IMPORT UND HANDEL VON ROHSTOFFEN","og_url":"https:\/\/naturalpoland.com\/de\/import-aus-china\/","og_site_name":"NATURAL POLAND - IMPORT UND HANDEL VON ROHSTOFFEN","article_publisher":"https:\/\/www.facebook.com\/naturalpoland.b2b","article_modified_time":"2022-08-03T15:08:21+00:00","og_image":[{"width":1400,"height":933,"url":"https:\/\/naturalpoland.com\/wp-content\/uploads\/import-produktow-z-chin.jpg","type":"image\/jpeg"}],"schema":{"@context":"https:\/\/schema.org","@graph":[{"@type":"WebPage","@id":"https:\/\/naturalpoland.com\/de\/import-aus-china\/","url":"https:\/\/naturalpoland.com\/de\/import-aus-china\/","name":"Import aus China - NATURAL POLAND - IMPORT UND HANDEL VON ROHSTOFFEN","isPartOf":{"@id":"https:\/\/naturalpoland.com\/de\/#website"},"primaryImageOfPage":{"@id":"https:\/\/naturalpoland.com\/de\/import-aus-china\/#primaryimage"},"image":{"@id":"https:\/\/naturalpoland.com\/de\/import-aus-china\/#primaryimage"},"thumbnailUrl":"https:\/\/naturalpoland.com\/wp-content\/uploads\/import-produktow-z-chin.jpg","datePublished":"2021-06-25T12:15:44+00:00","dateModified":"2022-08-03T15:08:21+00:00","breadcrumb":{"@id":"https:\/\/naturalpoland.com\/de\/import-aus-china\/#breadcrumb"},"inLanguage":"de","potentialAction":[{"@type":"ReadAction","target":["https:\/\/naturalpoland.com\/de\/import-aus-china\/"]}]},{"@type":"ImageObject","inLanguage":"de","@id":"https:\/\/naturalpoland.com\/de\/import-aus-china\/#primaryimage","url":"https:\/\/naturalpoland.com\/wp-content\/uploads\/import-produktow-z-chin.jpg","contentUrl":"https:\/\/naturalpoland.com\/wp-content\/uploads\/import-produktow-z-chin.jpg","width":1400,"height":933},{"@type":"BreadcrumbList","@id":"https:\/\/naturalpoland.com\/de\/import-aus-china\/#breadcrumb","itemListElement":[{"@type":"ListItem","position":1,"name":"Startseite","item":"https:\/\/naturalpoland.com\/de\/"},{"@type":"ListItem","position":2,"name":"Import aus China"}]},{"@type":"WebSite","@id":"https:\/\/naturalpoland.com\/de\/#website","url":"https:\/\/naturalpoland.com\/de\/","name":"NATURAL POLAND - IMPORT UND HANDEL VON ROHSTOFFEN","description":"Rohstoffe f\u00fcr die Lebensmittelindustrie, Kosmetikindustrie, Pharmaindustrie","publisher":{"@id":"https:\/\/naturalpoland.com\/de\/#organization"},"potentialAction":[{"@type":"SearchAction","target":{"@type":"EntryPoint","urlTemplate":"https:\/\/naturalpoland.com\/de\/?s={search_term_string}"},"query-input":{"@type":"PropertyValueSpecification","valueRequired":true,"valueName":"search_term_string"}}],"inLanguage":"de"},{"@type":"Organization","@id":"https:\/\/naturalpoland.com\/de\/#organization","name":"Natural Poland","url":"https:\/\/naturalpoland.com\/de\/","logo":{"@type":"ImageObject","inLanguage":"de","@id":"https:\/\/naturalpoland.com\/de\/#\/schema\/logo\/image\/","url":"https:\/\/naturalpoland.com\/wp-content\/uploads\/2021\/05\/natural-poland-icon.png","contentUrl":"https:\/\/naturalpoland.com\/wp-content\/uploads\/2021\/05\/natural-poland-icon.png","width":512,"height":512,"caption":"Natural Poland"},"image":{"@id":"https:\/\/naturalpoland.com\/de\/#\/schema\/logo\/image\/"},"sameAs":["https:\/\/www.facebook.com\/naturalpoland.b2b","https:\/\/pl.linkedin.com\/company\/natural-poland","https:\/\/www.youtube.com\/channel\/UCgeGGkvOMahZo-xu_MSEWxg"]}]}},"_links":{"self":[{"href":"https:\/\/naturalpoland.com\/de\/wp-json\/wp\/v2\/pages\/4643","targetHints":{"allow":["GET"]}}],"collection":[{"href":"https:\/\/naturalpoland.com\/de\/wp-json\/wp\/v2\/pages"}],"about":[{"href":"https:\/\/naturalpoland.com\/de\/wp-json\/wp\/v2\/types\/page"}],"author":[{"embeddable":true,"href":"https:\/\/naturalpoland.com\/de\/wp-json\/wp\/v2\/users\/5"}],"replies":[{"embeddable":true,"href":"https:\/\/naturalpoland.com\/de\/wp-json\/wp\/v2\/comments?post=4643"}],"version-history":[{"count":0,"href":"https:\/\/naturalpoland.com\/de\/wp-json\/wp\/v2\/pages\/4643\/revisions"}],"wp:featuredmedia":[{"embeddable":true,"href":"https:\/\/naturalpoland.com\/de\/wp-json\/wp\/v2\/media\/18217"}],"wp:attachment":[{"href":"https:\/\/naturalpoland.com\/de\/wp-json\/wp\/v2\/media?parent=4643"}],"curies":[{"name":"wp","href":"https:\/\/api.w.org\/{rel}","templated":true}]}}