{"id":12823,"date":"2021-05-11T13:52:10","date_gmt":"2021-05-11T11:52:10","guid":{"rendered":"https:\/\/naturalpoland.pl\/produkty\/unkategorisiert\/aprikosenkern-oel\/"},"modified":"2026-01-07T11:56:29","modified_gmt":"2026-01-07T10:56:29","slug":"aprikosenkern-ol","status":"publish","type":"product","link":"https:\/\/naturalpoland.com\/de\/produkte\/produkte-fur-die-kosmetikindustrie\/kosmetische-ole\/aprikosenkern-ol\/","title":{"rendered":"Aprikosenkern-\u00d6l"},"content":{"rendered":"<p>Die gr\u00f6\u00dften Aprikosenanbaugebiete befinden sich in der T\u00fcrkei, Italien, Iran und Algerien. Aus Aprikosenfr\u00fcchten k\u00f6nnen Marmeladen und S\u00e4fte hergestellt werden. Um die Kerne nicht zu verschwenden, begann man, \u00d6le daraus zu gewinnen.  <\/p>\n<p>Aprikosenkern\u00f6l hat eine goldene Farbe, und sein Geschmack kann als mandel-marzipanartig beschrieben werden. Aprikosenkerne wurden urspr\u00fcnglich als Abfall betrachtet. Um die Eigenschaften der Frucht vollst\u00e4ndig zu nutzen, wurde untersucht, dass auch der Kern eine Zusammensetzung besitzt, die die Gewinnung eines Produkts mit vorteilhaften Eigenschaften erm\u00f6glicht. <\/p>\n<p>&nbsp;<\/p>\n<h2>Eigenschaften von Aprikosenkern\u00f6l<\/h2>\n<p>Aprikosenkern\u00f6l gl\u00e4ttet und befeuchtet vor allem trockene Haut und n\u00e4hrt trockene Haarspitzen. Es ist leicht und zart. Es wird schnell absorbiert und hinterl\u00e4sst keine fettigen Flecken. Das \u00d6l ist f\u00fcr Allergiker und Menschen mit empfindlicher Haut geeignet.<\/p>\n<p>Die Anwendung auf dem Gesicht l\u00e4sst die Haut strahlen und mildert die mimischen Falten, die sie gl\u00e4ttet. Dieses \u00d6l geh\u00f6rt zur Gruppe der Antioxidantien \u2013 es hilft, freie Radikale abzufangen, die Falten verursachen k\u00f6nnen. Aprikosenkern\u00f6l hilft auch, Entz\u00fcndungen zu reduzieren. <\/p>\n<p>Zu den grundlegenden Wirkungen von Aprikosenkern\u00f6l geh\u00f6ren: St\u00e4rkung, Gl\u00e4ttung, Elastizit\u00e4t der Haut, Reduzierung von Falten, Linderung von Entz\u00fcndungen und Beschleunigung der Heilung. Es hilft, den Hautton auszugleichen.<\/p>\n<p>&nbsp;<\/p>\n<h2>Zusammensetzung von Aprikosenkern\u00f6l:<\/h2>\n<ul class=\"wp-block-list\">\n<li>einfach unges\u00e4ttigte Fetts\u00e4uren,<\/li>\n<li>Vitamin E,<\/li>\n<li>mehrfach unges\u00e4ttigte Fetts\u00e4uren,<\/li>\n<li>Phytosterine,<\/li>\n<li>Omega-3- und Omega-6-Fetts\u00e4uren,<\/li>\n<li>phenolische Verbindungen,<\/li>\n<li>Mineralsalze.<\/li>\n<\/ul>\n<h3><strong>Hauptfetts\u00e4uren:<\/strong><\/h3>\n<ul>\n<li>\u00d6ls\u00e4ure (54-74%)<\/li>\n<li>Linols\u00e4ure (12-35%)<\/li>\n<li>Palmitins\u00e4ure (3-10%)<\/li>\n<li>Stearins\u00e4ure (max. 5%)<\/li>\n<li>Palmitins\u00e4ure (max. 2%)<\/li>\n<li>Linolens\u00e4ure (max. 1%)<\/li>\n<\/ul>\n<h2><\/h2>\n<p>&nbsp;<\/p>\n<h2 class=\"wp-block-heading\">Anwendung von Aprikosenkern\u00f6l:<\/h2>\n<p>&nbsp;<\/p>\n<p><strong>Lebensmittelindustrie:<\/strong><\/p>\n<p>In der K\u00fcche kann Aprikosenkern\u00f6l als Zusatz zu Haferflocken, Salaten, Rohkost, Saucen und Desserts verwendet werden. Bitte beachten Sie, dass das \u00d6l nicht erhitzt werden sollte, da es bei erh\u00f6hter Temperatur seine wertvollen Eigenschaften verliert. <\/p>\n<p>&nbsp;<\/p>\n<p class=\"wp-block-heading\"><strong>Kosmetikindustrie:<\/strong><\/p>\n<p>Aprikosenkern\u00f6l befeuchtet trockene Haut und strapazierte Haarspitzen. Es kann ein Heilmittel bei Schuppen sein. Bei Haaren hilft es, den fr\u00fcheren Glanz wiederherzustellen und die Spitzen zu st\u00e4rken.  <\/p>\n<p>Es ist auch eine hervorragende Erg\u00e4nzung zu fertigen Cremes; geben Sie einfach ein paar Tropfen zu Ihrer t\u00e4glichen Creme und genie\u00dfen Sie die Vorteile des Aprikosenkern\u00f6ls.<\/p>\n<p>Dieses \u00d6l beugt Hautreizungen, R\u00f6tungen und Trockenheit vor. Es n\u00e4hrt, beruhigt und pflegt die Haut. Es beruhigt, revitalisiert, n\u00e4hrt und regeneriert Haut und Haare. Es reguliert die Talgproduktion, beseitigt Schwellungen unter den Augen und kann das Haarwachstum anregen. Es verleiht hochpor\u00f6sem Haar Glanz und Feuchtigkeit zur\u00fcck.    <\/p>\n<p>Kosmetikprodukte, die Aprikosenkern\u00f6l enthalten k\u00f6nnen:<\/p>\n<ul class=\"wp-block-list\">\n<li>Cremes<\/li>\n<li>Haarmasken<\/li>\n<li>Gesichtsmasken,<\/li>\n<li>Serum f\u00fcr Nagelhaut und N\u00e4gel,<\/li>\n<li>Bade\u00f6l,<\/li>\n<li>Balsam,<\/li>\n<li>Zusatz zu Peelings,<\/li>\n<li>Haarwasser,<\/li>\n<li>Spitzen\u00f6l,<\/li>\n<li>Massage\u00f6l.<\/li>\n<\/ul>\n<p>&nbsp;<\/p>\n<p class=\"wp-block-heading\"><strong>Pharmaindustrie:<\/strong><\/p>\n<p>Aprikosenkern\u00f6l kann bei der Behandlung von Akne, Schuppen, Husten, Asthma und Verstopfung eingesetzt werden. Es findet Anwendung bei der Behandlung von Herz-Kreislauf-Erkrankungen. Die im \u00d6l enthaltenen Fetts\u00e4uren k\u00f6nnen die Entwicklung von Arteriosklerose verlangsamen und den LDL-Spiegel positiv beeinflussen.  <\/p>\n<p>Kaltgepresstes und f\u00fcr den Verzehr bestimmtes \u00d6l enth\u00e4lt keine signifikanten Mengen an Amygdalin, das haupts\u00e4chlich in ganzen Aprikosenkernen vorkommt. Daher besteht bei der Verwendung von Speise\u00f6l gem\u00e4\u00df den Herstellerempfehlungen kein Risiko der Freisetzung cyanogener Verbindungen. Aprikosenkern\u00f6l wird empfohlen, kalt verzehrt zu werden, in einer Menge von 1\u20132 Essl\u00f6ffeln t\u00e4glich, als Zusatz zu Salaten oder fertigen Gerichten.  <\/p>\n<p>&nbsp;<\/p>\n<h2 class=\"wp-block-heading\">Wie wendet man Aprikosenkern\u00f6l an?<\/h2>\n<p>Bitte beachten Sie die empfohlene Tagesdosis von 1-2 Essl\u00f6ffeln; bei Personen unter 12 Jahren sollte dieses \u00d6l nicht angewendet werden. In der Kosmetik kann es als eigenst\u00e4ndiges Produkt oder als Zusatz zu fertigen Kosmetika verwendet werden. <\/p>\n<p>&nbsp;<\/p>\n<h2 class=\"wp-block-heading\">Wie lagert man Aprikosenkern\u00f6l?<\/h2>\n<p>Dieses \u00d6l sollte fest verschlossen, fern von W\u00e4rme- und Lichtquellen gelagert werden; nach dem \u00d6ffnen sollte es im K\u00fchlschrank aufbewahrt werden. Au\u00dferhalb der Reichweite von Kindern aufbewahren. <\/p>\n<hr>\n<p><small><strong>Bibliographie<\/strong>:<\/small><\/p>\n<p><small>Aprikosenkern\u00f6l \u2013 heilende Eigenschaften und Ratschl\u00e4ge | PSNT (poznajsienatluszczach.pl)<br \/>\nAprikosenkern\u00f6l \u2013 Eigenschaften und Wirkung. Wie wendet man Aprikosenkern\u00f6l an? (ekologia.pl)<br \/>\nAprikosen\u00f6l \u2013 f\u00fcr Haut, Haare oder zum Trinken? Wof\u00fcr wird Aprikosenkern\u00f6l verwendet? (wapteka.pl)<br \/>\nCharakteristik kaltgepresster \u00d6le aus ausgew\u00e4hlten Kr\u00e4utersamen und Obstkernen,<br \/>\nGo\u017adzik Patrycja, Wroniak Ma\u0142gorzata, Florowska Anna, 202    <\/small><\/p>\n","protected":false},"excerpt":{"rendered":"<p><strong>Aprikosenkern\u00f6l<\/strong> ist ein nat\u00fcrlicher Rohstoff, gewonnen durch Kaltpressung der Mandeln aus den Fr\u00fcchten von <em>Prunus armeniaca<\/em>, also Aprikosen. Es zeichnet sich durch eine leichte Konsistenz, eine helle, gelbe Farbe und einen zarten, charakteristischen Duft aus. <\/p>\n","protected":false},"featured_media":36009,"template":"","meta":{"_acf_changed":false},"product_brand":[],"product_cat":[384,386,383],"product_tag":[],"class_list":{"0":"post-12823","1":"product","2":"type-product","3":"status-publish","4":"has-post-thumbnail","6":"product_cat-kosmetische-ole","7":"product_cat-speiseole-und-kosmetikole","8":"product_cat-speiseole","10":"first","11":"instock","12":"shipping-taxable","13":"product-type-simple"},"acf":[],"yoast_head":"<!-- This site is optimized with the Yoast SEO plugin v27.4 - https:\/\/yoast.com\/product\/yoast-seo-wordpress\/ -->\n<title>Aprikosenkern-\u00d6l - NATURAL POLAND - IMPORT UND HANDEL VON ROHSTOFFEN<\/title>\n<meta name=\"description\" content=\"Aprikosenkern\u00f6l mit kosmetischen, kulinarischen und pharmazeutischen Eigenschaften eignet sich f\u00fcr die t\u00e4gliche Pflege und pflegt Haut, Haare und N\u00e4gel.\" \/>\n<meta name=\"robots\" content=\"index, follow, max-snippet:-1, max-image-preview:large, max-video-preview:-1\" \/>\n<link rel=\"canonical\" href=\"https:\/\/naturalpoland.com\/de\/produkte\/produkte-fur-die-kosmetikindustrie\/kosmetische-ole\/aprikosenkern-ol\/\" \/>\n<meta property=\"og:locale\" content=\"de_DE\" \/>\n<meta property=\"og:type\" content=\"article\" \/>\n<meta property=\"og:title\" content=\"Aprikosenkern-\u00d6l - NATURAL POLAND - IMPORT UND HANDEL VON ROHSTOFFEN\" \/>\n<meta property=\"og:description\" content=\"Aprikosenkern\u00f6l mit kosmetischen, kulinarischen und pharmazeutischen Eigenschaften eignet sich f\u00fcr die t\u00e4gliche Pflege und pflegt Haut, Haare und N\u00e4gel.\" \/>\n<meta property=\"og:url\" content=\"https:\/\/naturalpoland.com\/de\/produkte\/produkte-fur-die-kosmetikindustrie\/kosmetische-ole\/aprikosenkern-ol\/\" \/>\n<meta property=\"og:site_name\" content=\"NATURAL POLAND - IMPORT UND HANDEL VON ROHSTOFFEN\" \/>\n<meta property=\"article:publisher\" content=\"https:\/\/www.facebook.com\/naturalpoland.b2b\" \/>\n<meta property=\"article:modified_time\" content=\"2026-01-07T10:56:29+00:00\" \/>\n<meta property=\"og:image\" content=\"https:\/\/naturalpoland.com\/wp-content\/uploads\/olej-z-pestek-moreli.webp\" \/>\n\t<meta property=\"og:image:width\" content=\"619\" \/>\n\t<meta property=\"og:image:height\" content=\"619\" \/>\n\t<meta property=\"og:image:type\" content=\"image\/webp\" \/>\n<script type=\"application\/ld+json\" class=\"yoast-schema-graph\">{\"@context\":\"https:\\\/\\\/schema.org\",\"@graph\":[{\"@type\":\"WebPage\",\"@id\":\"https:\\\/\\\/naturalpoland.com\\\/de\\\/produkte\\\/produkte-fur-die-kosmetikindustrie\\\/kosmetische-ole\\\/aprikosenkern-ol\\\/\",\"url\":\"https:\\\/\\\/naturalpoland.com\\\/de\\\/produkte\\\/produkte-fur-die-kosmetikindustrie\\\/kosmetische-ole\\\/aprikosenkern-ol\\\/\",\"name\":\"Aprikosenkern-\u00d6l - NATURAL POLAND - IMPORT UND HANDEL VON ROHSTOFFEN\",\"isPartOf\":{\"@id\":\"https:\\\/\\\/naturalpoland.com\\\/de\\\/#website\"},\"primaryImageOfPage\":{\"@id\":\"https:\\\/\\\/naturalpoland.com\\\/de\\\/produkte\\\/produkte-fur-die-kosmetikindustrie\\\/kosmetische-ole\\\/aprikosenkern-ol\\\/#primaryimage\"},\"image\":{\"@id\":\"https:\\\/\\\/naturalpoland.com\\\/de\\\/produkte\\\/produkte-fur-die-kosmetikindustrie\\\/kosmetische-ole\\\/aprikosenkern-ol\\\/#primaryimage\"},\"thumbnailUrl\":\"https:\\\/\\\/naturalpoland.com\\\/wp-content\\\/uploads\\\/olej-z-pestek-moreli.webp\",\"datePublished\":\"2021-05-11T11:52:10+00:00\",\"dateModified\":\"2026-01-07T10:56:29+00:00\",\"description\":\"Aprikosenkern\u00f6l mit kosmetischen, kulinarischen und pharmazeutischen Eigenschaften eignet sich f\u00fcr die t\u00e4gliche Pflege und pflegt Haut, Haare und N\u00e4gel.\",\"breadcrumb\":{\"@id\":\"https:\\\/\\\/naturalpoland.com\\\/de\\\/produkte\\\/produkte-fur-die-kosmetikindustrie\\\/kosmetische-ole\\\/aprikosenkern-ol\\\/#breadcrumb\"},\"inLanguage\":\"de\",\"potentialAction\":[{\"@type\":\"ReadAction\",\"target\":[\"https:\\\/\\\/naturalpoland.com\\\/de\\\/produkte\\\/produkte-fur-die-kosmetikindustrie\\\/kosmetische-ole\\\/aprikosenkern-ol\\\/\"]}]},{\"@type\":\"ImageObject\",\"inLanguage\":\"de\",\"@id\":\"https:\\\/\\\/naturalpoland.com\\\/de\\\/produkte\\\/produkte-fur-die-kosmetikindustrie\\\/kosmetische-ole\\\/aprikosenkern-ol\\\/#primaryimage\",\"url\":\"https:\\\/\\\/naturalpoland.com\\\/wp-content\\\/uploads\\\/olej-z-pestek-moreli.webp\",\"contentUrl\":\"https:\\\/\\\/naturalpoland.com\\\/wp-content\\\/uploads\\\/olej-z-pestek-moreli.webp\",\"width\":619,\"height\":619,\"caption\":\"Aprikosenkern\u00f6l\"},{\"@type\":\"BreadcrumbList\",\"@id\":\"https:\\\/\\\/naturalpoland.com\\\/de\\\/produkte\\\/produkte-fur-die-kosmetikindustrie\\\/kosmetische-ole\\\/aprikosenkern-ol\\\/#breadcrumb\",\"itemListElement\":[{\"@type\":\"ListItem\",\"position\":1,\"name\":\"Startseite\",\"item\":\"https:\\\/\\\/naturalpoland.com\\\/de\\\/\"},{\"@type\":\"ListItem\",\"position\":2,\"name\":\"Produkte\",\"item\":\"https:\\\/\\\/naturalpoland.com\\\/de\\\/produkte\\\/\"},{\"@type\":\"ListItem\",\"position\":3,\"name\":\"Aprikosenkern-\u00d6l\"}]},{\"@type\":\"WebSite\",\"@id\":\"https:\\\/\\\/naturalpoland.com\\\/de\\\/#website\",\"url\":\"https:\\\/\\\/naturalpoland.com\\\/de\\\/\",\"name\":\"NATURAL POLAND - IMPORT UND HANDEL VON ROHSTOFFEN\",\"description\":\"Rohstoffe f\u00fcr die Lebensmittelindustrie, Kosmetikindustrie, Pharmaindustrie\",\"publisher\":{\"@id\":\"https:\\\/\\\/naturalpoland.com\\\/de\\\/#organization\"},\"potentialAction\":[{\"@type\":\"SearchAction\",\"target\":{\"@type\":\"EntryPoint\",\"urlTemplate\":\"https:\\\/\\\/naturalpoland.com\\\/de\\\/?s={search_term_string}\"},\"query-input\":{\"@type\":\"PropertyValueSpecification\",\"valueRequired\":true,\"valueName\":\"search_term_string\"}}],\"inLanguage\":\"de\"},{\"@type\":\"Organization\",\"@id\":\"https:\\\/\\\/naturalpoland.com\\\/de\\\/#organization\",\"name\":\"Natural Poland\",\"url\":\"https:\\\/\\\/naturalpoland.com\\\/de\\\/\",\"logo\":{\"@type\":\"ImageObject\",\"inLanguage\":\"de\",\"@id\":\"https:\\\/\\\/naturalpoland.com\\\/de\\\/#\\\/schema\\\/logo\\\/image\\\/\",\"url\":\"https:\\\/\\\/naturalpoland.com\\\/wp-content\\\/uploads\\\/2021\\\/05\\\/natural-poland-icon.png\",\"contentUrl\":\"https:\\\/\\\/naturalpoland.com\\\/wp-content\\\/uploads\\\/2021\\\/05\\\/natural-poland-icon.png\",\"width\":512,\"height\":512,\"caption\":\"Natural Poland\"},\"image\":{\"@id\":\"https:\\\/\\\/naturalpoland.com\\\/de\\\/#\\\/schema\\\/logo\\\/image\\\/\"},\"sameAs\":[\"https:\\\/\\\/www.facebook.com\\\/naturalpoland.b2b\",\"https:\\\/\\\/pl.linkedin.com\\\/company\\\/natural-poland\",\"https:\\\/\\\/www.youtube.com\\\/channel\\\/UCgeGGkvOMahZo-xu_MSEWxg\"]}]}<\/script>\n<!-- \/ Yoast SEO plugin. -->","yoast_head_json":{"title":"Aprikosenkern-\u00d6l - NATURAL POLAND - IMPORT UND HANDEL VON ROHSTOFFEN","description":"Aprikosenkern\u00f6l mit kosmetischen, kulinarischen und pharmazeutischen Eigenschaften eignet sich f\u00fcr die t\u00e4gliche Pflege und pflegt Haut, Haare und N\u00e4gel.","robots":{"index":"index","follow":"follow","max-snippet":"max-snippet:-1","max-image-preview":"max-image-preview:large","max-video-preview":"max-video-preview:-1"},"canonical":"https:\/\/naturalpoland.com\/de\/produkte\/produkte-fur-die-kosmetikindustrie\/kosmetische-ole\/aprikosenkern-ol\/","og_locale":"de_DE","og_type":"article","og_title":"Aprikosenkern-\u00d6l - NATURAL POLAND - IMPORT UND HANDEL VON ROHSTOFFEN","og_description":"Aprikosenkern\u00f6l mit kosmetischen, kulinarischen und pharmazeutischen Eigenschaften eignet sich f\u00fcr die t\u00e4gliche Pflege und pflegt Haut, Haare und N\u00e4gel.","og_url":"https:\/\/naturalpoland.com\/de\/produkte\/produkte-fur-die-kosmetikindustrie\/kosmetische-ole\/aprikosenkern-ol\/","og_site_name":"NATURAL POLAND - IMPORT UND HANDEL VON ROHSTOFFEN","article_publisher":"https:\/\/www.facebook.com\/naturalpoland.b2b","article_modified_time":"2026-01-07T10:56:29+00:00","og_image":[{"width":619,"height":619,"url":"https:\/\/naturalpoland.com\/wp-content\/uploads\/olej-z-pestek-moreli.webp","type":"image\/webp"}],"schema":{"@context":"https:\/\/schema.org","@graph":[{"@type":"WebPage","@id":"https:\/\/naturalpoland.com\/de\/produkte\/produkte-fur-die-kosmetikindustrie\/kosmetische-ole\/aprikosenkern-ol\/","url":"https:\/\/naturalpoland.com\/de\/produkte\/produkte-fur-die-kosmetikindustrie\/kosmetische-ole\/aprikosenkern-ol\/","name":"Aprikosenkern-\u00d6l - NATURAL POLAND - IMPORT UND HANDEL VON ROHSTOFFEN","isPartOf":{"@id":"https:\/\/naturalpoland.com\/de\/#website"},"primaryImageOfPage":{"@id":"https:\/\/naturalpoland.com\/de\/produkte\/produkte-fur-die-kosmetikindustrie\/kosmetische-ole\/aprikosenkern-ol\/#primaryimage"},"image":{"@id":"https:\/\/naturalpoland.com\/de\/produkte\/produkte-fur-die-kosmetikindustrie\/kosmetische-ole\/aprikosenkern-ol\/#primaryimage"},"thumbnailUrl":"https:\/\/naturalpoland.com\/wp-content\/uploads\/olej-z-pestek-moreli.webp","datePublished":"2021-05-11T11:52:10+00:00","dateModified":"2026-01-07T10:56:29+00:00","description":"Aprikosenkern\u00f6l mit kosmetischen, kulinarischen und pharmazeutischen Eigenschaften eignet sich f\u00fcr die t\u00e4gliche Pflege und pflegt Haut, Haare und N\u00e4gel.","breadcrumb":{"@id":"https:\/\/naturalpoland.com\/de\/produkte\/produkte-fur-die-kosmetikindustrie\/kosmetische-ole\/aprikosenkern-ol\/#breadcrumb"},"inLanguage":"de","potentialAction":[{"@type":"ReadAction","target":["https:\/\/naturalpoland.com\/de\/produkte\/produkte-fur-die-kosmetikindustrie\/kosmetische-ole\/aprikosenkern-ol\/"]}]},{"@type":"ImageObject","inLanguage":"de","@id":"https:\/\/naturalpoland.com\/de\/produkte\/produkte-fur-die-kosmetikindustrie\/kosmetische-ole\/aprikosenkern-ol\/#primaryimage","url":"https:\/\/naturalpoland.com\/wp-content\/uploads\/olej-z-pestek-moreli.webp","contentUrl":"https:\/\/naturalpoland.com\/wp-content\/uploads\/olej-z-pestek-moreli.webp","width":619,"height":619,"caption":"Aprikosenkern\u00f6l"},{"@type":"BreadcrumbList","@id":"https:\/\/naturalpoland.com\/de\/produkte\/produkte-fur-die-kosmetikindustrie\/kosmetische-ole\/aprikosenkern-ol\/#breadcrumb","itemListElement":[{"@type":"ListItem","position":1,"name":"Startseite","item":"https:\/\/naturalpoland.com\/de\/"},{"@type":"ListItem","position":2,"name":"Produkte","item":"https:\/\/naturalpoland.com\/de\/produkte\/"},{"@type":"ListItem","position":3,"name":"Aprikosenkern-\u00d6l"}]},{"@type":"WebSite","@id":"https:\/\/naturalpoland.com\/de\/#website","url":"https:\/\/naturalpoland.com\/de\/","name":"NATURAL POLAND - IMPORT UND HANDEL VON ROHSTOFFEN","description":"Rohstoffe f\u00fcr die Lebensmittelindustrie, Kosmetikindustrie, Pharmaindustrie","publisher":{"@id":"https:\/\/naturalpoland.com\/de\/#organization"},"potentialAction":[{"@type":"SearchAction","target":{"@type":"EntryPoint","urlTemplate":"https:\/\/naturalpoland.com\/de\/?s={search_term_string}"},"query-input":{"@type":"PropertyValueSpecification","valueRequired":true,"valueName":"search_term_string"}}],"inLanguage":"de"},{"@type":"Organization","@id":"https:\/\/naturalpoland.com\/de\/#organization","name":"Natural Poland","url":"https:\/\/naturalpoland.com\/de\/","logo":{"@type":"ImageObject","inLanguage":"de","@id":"https:\/\/naturalpoland.com\/de\/#\/schema\/logo\/image\/","url":"https:\/\/naturalpoland.com\/wp-content\/uploads\/2021\/05\/natural-poland-icon.png","contentUrl":"https:\/\/naturalpoland.com\/wp-content\/uploads\/2021\/05\/natural-poland-icon.png","width":512,"height":512,"caption":"Natural Poland"},"image":{"@id":"https:\/\/naturalpoland.com\/de\/#\/schema\/logo\/image\/"},"sameAs":["https:\/\/www.facebook.com\/naturalpoland.b2b","https:\/\/pl.linkedin.com\/company\/natural-poland","https:\/\/www.youtube.com\/channel\/UCgeGGkvOMahZo-xu_MSEWxg"]}]}},"_links":{"self":[{"href":"https:\/\/naturalpoland.com\/de\/wp-json\/wp\/v2\/product\/12823","targetHints":{"allow":["GET"]}}],"collection":[{"href":"https:\/\/naturalpoland.com\/de\/wp-json\/wp\/v2\/product"}],"about":[{"href":"https:\/\/naturalpoland.com\/de\/wp-json\/wp\/v2\/types\/product"}],"wp:featuredmedia":[{"embeddable":true,"href":"https:\/\/naturalpoland.com\/de\/wp-json\/wp\/v2\/media\/36009"}],"wp:attachment":[{"href":"https:\/\/naturalpoland.com\/de\/wp-json\/wp\/v2\/media?parent=12823"}],"wp:term":[{"taxonomy":"product_brand","embeddable":true,"href":"https:\/\/naturalpoland.com\/de\/wp-json\/wp\/v2\/product_brand?post=12823"},{"taxonomy":"product_cat","embeddable":true,"href":"https:\/\/naturalpoland.com\/de\/wp-json\/wp\/v2\/product_cat?post=12823"},{"taxonomy":"product_tag","embeddable":true,"href":"https:\/\/naturalpoland.com\/de\/wp-json\/wp\/v2\/product_tag?post=12823"}],"curies":[{"name":"wp","href":"https:\/\/api.w.org\/{rel}","templated":true}]}}