{"id":12887,"date":"2021-08-05T12:59:38","date_gmt":"2021-09-29T06:59:52","guid":{"rendered":"https:\/\/naturalpoland.pl\/produkty\/unkategorisiert\/chilisamen-oel\/"},"modified":"2021-09-29T09:02:27","modified_gmt":"2021-09-29T07:02:27","slug":"chilisamen-ol","status":"publish","type":"product","link":"https:\/\/naturalpoland.com\/de\/produkte\/speiseole-und-kosmetikole\/chilisamen-ol\/","title":{"rendered":"Chilisamen-\u00d6l"},"content":{"rendered":"<p>Der Hauptwirkstoff von Chili ist Capsaicin. \u00c4u\u00dferlich angewendet (in angemessener Dosis) regt Chili die Blutzirkulation an und eignet sich unter anderem hervorragend f\u00fcr Kosmetika gegen Cellulite. Im Rahmen von Tests wurde festgestellt, &#8222;dass es zu keiner signifikanten Reizung oder Kontaktdermatitis&#8220; kommt, d. h. bei richtiger Anwendung wird die Haut nicht gereizt.<\/p>\n<p>Capsaicin kann auch das Immunsystem stimulieren, und Chili-\u00d6l enth\u00e4lt einen moderaten Gehalt an Vitamin C. Dies kann dazu beitragen, die Produktion wei\u00dfer Blutk\u00f6rperchen zu erh\u00f6hen, und wirkt gleichzeitig als Antioxidans, das das Immunsystem entlastet.<\/p>\n","protected":false},"excerpt":{"rendered":"<p>Wir sind ein Gro\u00dfh\u00e4ndler f\u00fcr gesundes, kaltgepresstes Chilisamen\u00f6l. Das \u00d6l kann in der Kosmetik- und Lebensmittelindustrie verwendet werden.<\/p>\n<p>Chili (INCI: Capsicum frutesense) ist ein Stimulans und Thermogenikum (erzeugt ein W\u00e4rmegef\u00fchl) und f\u00f6rdert die Durchblutung. Au\u00dferdem sensibilisiert es die Nervenrezeptoren, was es zu einer n\u00fctzlichen Substanz <span style=\"font-size: 14.4px;\">zur Schmerzlinderung<\/span> macht.<\/p>\n","protected":false},"featured_media":5753,"template":"","meta":{"_acf_changed":false},"product_brand":[],"product_cat":[386],"product_tag":[],"class_list":{"0":"post-12887","1":"product","2":"type-product","3":"status-publish","4":"has-post-thumbnail","6":"product_cat-speiseole-und-kosmetikole","8":"first","9":"instock","10":"shipping-taxable","11":"product-type-simple"},"acf":[],"yoast_head":"<!-- This site is optimized with the Yoast SEO plugin v27.4 - https:\/\/yoast.com\/product\/yoast-seo-wordpress\/ -->\n<title>Chilisamen-\u00d6l - Gro\u00dfhandelsvertrieb<\/title>\n<meta name=\"robots\" content=\"index, follow, max-snippet:-1, max-image-preview:large, max-video-preview:-1\" \/>\n<link rel=\"canonical\" href=\"https:\/\/naturalpoland.com\/de\/produkte\/speiseole-und-kosmetikole\/chilisamen-ol\/\" \/>\n<meta property=\"og:locale\" content=\"de_DE\" \/>\n<meta property=\"og:type\" content=\"article\" \/>\n<meta property=\"og:title\" content=\"Chilisamen-\u00d6l - Gro\u00dfhandelsvertrieb\" \/>\n<meta property=\"og:description\" content=\"Wir sind ein Gro\u00dfh\u00e4ndler f\u00fcr gesundes, kaltgepresstes Chilisamen\u00f6l. Das \u00d6l kann in der Kosmetik- und Lebensmittelindustrie verwendet werden. Chili (INCI: Capsicum frutesense) ist ein Stimulans und Thermogenikum (erzeugt ein W\u00e4rmegef\u00fchl) und f\u00f6rdert die Durchblutung. Au\u00dferdem sensibilisiert es die Nervenrezeptoren, was es zu einer n\u00fctzlichen Substanz zur Schmerzlinderung macht.\" \/>\n<meta property=\"og:url\" content=\"https:\/\/naturalpoland.com\/de\/produkte\/speiseole-und-kosmetikole\/chilisamen-ol\/\" \/>\n<meta property=\"og:site_name\" content=\"NATURAL POLAND - IMPORT UND HANDEL VON ROHSTOFFEN\" \/>\n<meta property=\"article:publisher\" content=\"https:\/\/www.facebook.com\/naturalpoland.b2b\" \/>\n<meta property=\"article:modified_time\" content=\"2021-09-29T07:02:27+00:00\" \/>\n<meta property=\"og:image\" content=\"https:\/\/naturalpoland.com\/wp-content\/uploads\/olej-z-nasion-chili.jpg\" \/>\n\t<meta property=\"og:image:width\" content=\"650\" \/>\n\t<meta property=\"og:image:height\" content=\"650\" \/>\n\t<meta property=\"og:image:type\" content=\"image\/jpeg\" \/>\n<script type=\"application\/ld+json\" class=\"yoast-schema-graph\">{\"@context\":\"https:\\\/\\\/schema.org\",\"@graph\":[{\"@type\":\"WebPage\",\"@id\":\"https:\\\/\\\/naturalpoland.com\\\/de\\\/produkte\\\/speiseole-und-kosmetikole\\\/chilisamen-ol\\\/\",\"url\":\"https:\\\/\\\/naturalpoland.com\\\/de\\\/produkte\\\/speiseole-und-kosmetikole\\\/chilisamen-ol\\\/\",\"name\":\"Chilisamen-\u00d6l - Gro\u00dfhandelsvertrieb\",\"isPartOf\":{\"@id\":\"https:\\\/\\\/naturalpoland.com\\\/de\\\/#website\"},\"primaryImageOfPage\":{\"@id\":\"https:\\\/\\\/naturalpoland.com\\\/de\\\/produkte\\\/speiseole-und-kosmetikole\\\/chilisamen-ol\\\/#primaryimage\"},\"image\":{\"@id\":\"https:\\\/\\\/naturalpoland.com\\\/de\\\/produkte\\\/speiseole-und-kosmetikole\\\/chilisamen-ol\\\/#primaryimage\"},\"thumbnailUrl\":\"https:\\\/\\\/naturalpoland.com\\\/wp-content\\\/uploads\\\/olej-z-nasion-chili.jpg\",\"datePublished\":\"2021-09-29T06:59:52+00:00\",\"dateModified\":\"2021-09-29T07:02:27+00:00\",\"breadcrumb\":{\"@id\":\"https:\\\/\\\/naturalpoland.com\\\/de\\\/produkte\\\/speiseole-und-kosmetikole\\\/chilisamen-ol\\\/#breadcrumb\"},\"inLanguage\":\"de\",\"potentialAction\":[{\"@type\":\"ReadAction\",\"target\":[\"https:\\\/\\\/naturalpoland.com\\\/de\\\/produkte\\\/speiseole-und-kosmetikole\\\/chilisamen-ol\\\/\"]}]},{\"@type\":\"ImageObject\",\"inLanguage\":\"de\",\"@id\":\"https:\\\/\\\/naturalpoland.com\\\/de\\\/produkte\\\/speiseole-und-kosmetikole\\\/chilisamen-ol\\\/#primaryimage\",\"url\":\"https:\\\/\\\/naturalpoland.com\\\/wp-content\\\/uploads\\\/olej-z-nasion-chili.jpg\",\"contentUrl\":\"https:\\\/\\\/naturalpoland.com\\\/wp-content\\\/uploads\\\/olej-z-nasion-chili.jpg\",\"width\":650,\"height\":650,\"caption\":\"Red chili pepper and pitcher of oil on stone background\"},{\"@type\":\"BreadcrumbList\",\"@id\":\"https:\\\/\\\/naturalpoland.com\\\/de\\\/produkte\\\/speiseole-und-kosmetikole\\\/chilisamen-ol\\\/#breadcrumb\",\"itemListElement\":[{\"@type\":\"ListItem\",\"position\":1,\"name\":\"Startseite\",\"item\":\"https:\\\/\\\/naturalpoland.com\\\/de\\\/\"},{\"@type\":\"ListItem\",\"position\":2,\"name\":\"Produkte\",\"item\":\"https:\\\/\\\/naturalpoland.com\\\/de\\\/produkte\\\/\"},{\"@type\":\"ListItem\",\"position\":3,\"name\":\"Chilisamen-\u00d6l\"}]},{\"@type\":\"WebSite\",\"@id\":\"https:\\\/\\\/naturalpoland.com\\\/de\\\/#website\",\"url\":\"https:\\\/\\\/naturalpoland.com\\\/de\\\/\",\"name\":\"NATURAL POLAND - IMPORT UND HANDEL VON ROHSTOFFEN\",\"description\":\"Rohstoffe f\u00fcr die Lebensmittelindustrie, Kosmetikindustrie, Pharmaindustrie\",\"publisher\":{\"@id\":\"https:\\\/\\\/naturalpoland.com\\\/de\\\/#organization\"},\"potentialAction\":[{\"@type\":\"SearchAction\",\"target\":{\"@type\":\"EntryPoint\",\"urlTemplate\":\"https:\\\/\\\/naturalpoland.com\\\/de\\\/?s={search_term_string}\"},\"query-input\":{\"@type\":\"PropertyValueSpecification\",\"valueRequired\":true,\"valueName\":\"search_term_string\"}}],\"inLanguage\":\"de\"},{\"@type\":\"Organization\",\"@id\":\"https:\\\/\\\/naturalpoland.com\\\/de\\\/#organization\",\"name\":\"Natural Poland\",\"url\":\"https:\\\/\\\/naturalpoland.com\\\/de\\\/\",\"logo\":{\"@type\":\"ImageObject\",\"inLanguage\":\"de\",\"@id\":\"https:\\\/\\\/naturalpoland.com\\\/de\\\/#\\\/schema\\\/logo\\\/image\\\/\",\"url\":\"https:\\\/\\\/naturalpoland.com\\\/wp-content\\\/uploads\\\/2021\\\/05\\\/natural-poland-icon.png\",\"contentUrl\":\"https:\\\/\\\/naturalpoland.com\\\/wp-content\\\/uploads\\\/2021\\\/05\\\/natural-poland-icon.png\",\"width\":512,\"height\":512,\"caption\":\"Natural Poland\"},\"image\":{\"@id\":\"https:\\\/\\\/naturalpoland.com\\\/de\\\/#\\\/schema\\\/logo\\\/image\\\/\"},\"sameAs\":[\"https:\\\/\\\/www.facebook.com\\\/naturalpoland.b2b\",\"https:\\\/\\\/pl.linkedin.com\\\/company\\\/natural-poland\",\"https:\\\/\\\/www.youtube.com\\\/channel\\\/UCgeGGkvOMahZo-xu_MSEWxg\"]}]}<\/script>\n<!-- \/ Yoast SEO plugin. -->","yoast_head_json":{"title":"Chilisamen-\u00d6l - Gro\u00dfhandelsvertrieb","robots":{"index":"index","follow":"follow","max-snippet":"max-snippet:-1","max-image-preview":"max-image-preview:large","max-video-preview":"max-video-preview:-1"},"canonical":"https:\/\/naturalpoland.com\/de\/produkte\/speiseole-und-kosmetikole\/chilisamen-ol\/","og_locale":"de_DE","og_type":"article","og_title":"Chilisamen-\u00d6l - Gro\u00dfhandelsvertrieb","og_description":"Wir sind ein Gro\u00dfh\u00e4ndler f\u00fcr gesundes, kaltgepresstes Chilisamen\u00f6l. Das \u00d6l kann in der Kosmetik- und Lebensmittelindustrie verwendet werden. Chili (INCI: Capsicum frutesense) ist ein Stimulans und Thermogenikum (erzeugt ein W\u00e4rmegef\u00fchl) und f\u00f6rdert die Durchblutung. Au\u00dferdem sensibilisiert es die Nervenrezeptoren, was es zu einer n\u00fctzlichen Substanz zur Schmerzlinderung macht.","og_url":"https:\/\/naturalpoland.com\/de\/produkte\/speiseole-und-kosmetikole\/chilisamen-ol\/","og_site_name":"NATURAL POLAND - IMPORT UND HANDEL VON ROHSTOFFEN","article_publisher":"https:\/\/www.facebook.com\/naturalpoland.b2b","article_modified_time":"2021-09-29T07:02:27+00:00","og_image":[{"width":650,"height":650,"url":"https:\/\/naturalpoland.com\/wp-content\/uploads\/olej-z-nasion-chili.jpg","type":"image\/jpeg"}],"schema":{"@context":"https:\/\/schema.org","@graph":[{"@type":"WebPage","@id":"https:\/\/naturalpoland.com\/de\/produkte\/speiseole-und-kosmetikole\/chilisamen-ol\/","url":"https:\/\/naturalpoland.com\/de\/produkte\/speiseole-und-kosmetikole\/chilisamen-ol\/","name":"Chilisamen-\u00d6l - Gro\u00dfhandelsvertrieb","isPartOf":{"@id":"https:\/\/naturalpoland.com\/de\/#website"},"primaryImageOfPage":{"@id":"https:\/\/naturalpoland.com\/de\/produkte\/speiseole-und-kosmetikole\/chilisamen-ol\/#primaryimage"},"image":{"@id":"https:\/\/naturalpoland.com\/de\/produkte\/speiseole-und-kosmetikole\/chilisamen-ol\/#primaryimage"},"thumbnailUrl":"https:\/\/naturalpoland.com\/wp-content\/uploads\/olej-z-nasion-chili.jpg","datePublished":"2021-09-29T06:59:52+00:00","dateModified":"2021-09-29T07:02:27+00:00","breadcrumb":{"@id":"https:\/\/naturalpoland.com\/de\/produkte\/speiseole-und-kosmetikole\/chilisamen-ol\/#breadcrumb"},"inLanguage":"de","potentialAction":[{"@type":"ReadAction","target":["https:\/\/naturalpoland.com\/de\/produkte\/speiseole-und-kosmetikole\/chilisamen-ol\/"]}]},{"@type":"ImageObject","inLanguage":"de","@id":"https:\/\/naturalpoland.com\/de\/produkte\/speiseole-und-kosmetikole\/chilisamen-ol\/#primaryimage","url":"https:\/\/naturalpoland.com\/wp-content\/uploads\/olej-z-nasion-chili.jpg","contentUrl":"https:\/\/naturalpoland.com\/wp-content\/uploads\/olej-z-nasion-chili.jpg","width":650,"height":650,"caption":"Red chili pepper and pitcher of oil on stone background"},{"@type":"BreadcrumbList","@id":"https:\/\/naturalpoland.com\/de\/produkte\/speiseole-und-kosmetikole\/chilisamen-ol\/#breadcrumb","itemListElement":[{"@type":"ListItem","position":1,"name":"Startseite","item":"https:\/\/naturalpoland.com\/de\/"},{"@type":"ListItem","position":2,"name":"Produkte","item":"https:\/\/naturalpoland.com\/de\/produkte\/"},{"@type":"ListItem","position":3,"name":"Chilisamen-\u00d6l"}]},{"@type":"WebSite","@id":"https:\/\/naturalpoland.com\/de\/#website","url":"https:\/\/naturalpoland.com\/de\/","name":"NATURAL POLAND - IMPORT UND HANDEL VON ROHSTOFFEN","description":"Rohstoffe f\u00fcr die Lebensmittelindustrie, Kosmetikindustrie, Pharmaindustrie","publisher":{"@id":"https:\/\/naturalpoland.com\/de\/#organization"},"potentialAction":[{"@type":"SearchAction","target":{"@type":"EntryPoint","urlTemplate":"https:\/\/naturalpoland.com\/de\/?s={search_term_string}"},"query-input":{"@type":"PropertyValueSpecification","valueRequired":true,"valueName":"search_term_string"}}],"inLanguage":"de"},{"@type":"Organization","@id":"https:\/\/naturalpoland.com\/de\/#organization","name":"Natural Poland","url":"https:\/\/naturalpoland.com\/de\/","logo":{"@type":"ImageObject","inLanguage":"de","@id":"https:\/\/naturalpoland.com\/de\/#\/schema\/logo\/image\/","url":"https:\/\/naturalpoland.com\/wp-content\/uploads\/2021\/05\/natural-poland-icon.png","contentUrl":"https:\/\/naturalpoland.com\/wp-content\/uploads\/2021\/05\/natural-poland-icon.png","width":512,"height":512,"caption":"Natural Poland"},"image":{"@id":"https:\/\/naturalpoland.com\/de\/#\/schema\/logo\/image\/"},"sameAs":["https:\/\/www.facebook.com\/naturalpoland.b2b","https:\/\/pl.linkedin.com\/company\/natural-poland","https:\/\/www.youtube.com\/channel\/UCgeGGkvOMahZo-xu_MSEWxg"]}]}},"_links":{"self":[{"href":"https:\/\/naturalpoland.com\/de\/wp-json\/wp\/v2\/product\/12887","targetHints":{"allow":["GET"]}}],"collection":[{"href":"https:\/\/naturalpoland.com\/de\/wp-json\/wp\/v2\/product"}],"about":[{"href":"https:\/\/naturalpoland.com\/de\/wp-json\/wp\/v2\/types\/product"}],"wp:featuredmedia":[{"embeddable":true,"href":"https:\/\/naturalpoland.com\/de\/wp-json\/wp\/v2\/media\/5753"}],"wp:attachment":[{"href":"https:\/\/naturalpoland.com\/de\/wp-json\/wp\/v2\/media?parent=12887"}],"wp:term":[{"taxonomy":"product_brand","embeddable":true,"href":"https:\/\/naturalpoland.com\/de\/wp-json\/wp\/v2\/product_brand?post=12887"},{"taxonomy":"product_cat","embeddable":true,"href":"https:\/\/naturalpoland.com\/de\/wp-json\/wp\/v2\/product_cat?post=12887"},{"taxonomy":"product_tag","embeddable":true,"href":"https:\/\/naturalpoland.com\/de\/wp-json\/wp\/v2\/product_tag?post=12887"}],"curies":[{"name":"wp","href":"https:\/\/api.w.org\/{rel}","templated":true}]}}