{"id":12969,"date":"2021-05-11T13:41:45","date_gmt":"2021-10-04T04:52:26","guid":{"rendered":"https:\/\/naturalpoland.pl\/produkty\/unkategorisiert\/ginseng-extrakt\/"},"modified":"2024-08-20T10:54:59","modified_gmt":"2024-08-20T08:54:59","slug":"ginseng-extrakt","status":"publish","type":"product","link":"https:\/\/naturalpoland.com\/de\/produkte\/pflanzenextrakte\/ginseng-extrakt\/","title":{"rendered":"Ginseng-Extrakt"},"content":{"rendered":"<p>Die wichtigsten aktiven Bestandteile von <strong>Ginseng<\/strong> sind die <strong>Ginsenoside<\/strong>, die eine Reihe von gesundheitsf\u00f6rdernden Aktivit\u00e4ten aufweisen. Eine davon ist eine hemmende Wirkung auf Krebszellen, die zu deren Beseitigung beitr\u00e4gt. Dar\u00fcber hinaus st\u00e4rken die Ginsenoside das Immunsystem und erh\u00f6hen die Widerstandskraft des K\u00f6rpers gegen Infektionen und Krankheiten.<\/p>\n<p><a href=\"\/de\/produkte\/pflanzenextrakte\/ginseng-extrakt\/\">In der Kosmetikindustrie<\/a> wird der Ginsengextrakt wegen seiner Anti-Aging-Eigenschaften sehr gesch\u00e4tzt. Die in dem Extrakt enthaltenen Antioxidantien sch\u00fctzen die Haut vor Sch\u00e4den durch freie Radikale und tragen dazu bei, den Alterungsprozess zu verz\u00f6gern. Die regelm\u00e4\u00dfige Einnahme des Extrakts verbessert die Durchblutung und die Regeneration der Haut, was zu einer besseren Ern\u00e4hrung und Zellerneuerung f\u00fchrt. Es hat auch eine Anti-Cellulite-Wirkung und hilft, \u00fcbersch\u00fcssiges K\u00f6rperfett zu reduzieren, was ein zus\u00e4tzlicher Vorteil in Hautpflege- und K\u00f6rperformungsprodukten ist.<\/p>\n<p>Ginsengextrakt wird auch im Lebensmittelbereich als <a href=\"\/de\/kategorie\/produkte-fur-die-pharmaindustrie\/\">Bestandteil von Nahrungserg\u00e4nzungsmitteln<\/a> verwendet, um die allgemeine Vitalit\u00e4t und Leistungsf\u00e4higkeit zu unterst\u00fctzen. Er hat eine adaptogene Wirkung, d.h. er hilft dem K\u00f6rper, mit Stress und M\u00fcdigkeit fertig zu werden.<\/p>\n<p>Die Qualit\u00e4tskontrolle f\u00fcr dieses Produkt ist streng. HPLC-Tests best\u00e4tigen den hohen Gehalt an Ginsenosiden, und mikrobiologische und chemische Analysen garantieren die Sicherheit der Anwendung. Das Produkt ist frei von GVO, Schwermetallen sowie Bakterien und Schimmelpilzen, was durch AOAC- und USP-Tests best\u00e4tigt wurde.<\/p>\n","protected":false},"excerpt":{"rendered":"<p><em>Ginsengextrakt<\/em> wird aus der Wurzel von <em>Panax Ginseng C.A.<\/em> extrahiert. <em>Meyer<\/em>. Es hat gesundheitsf\u00f6rdernde und verj\u00fcngende Eigenschaften.<\/p>\n","protected":false},"featured_media":31567,"template":"","meta":{"_acf_changed":false},"product_brand":[],"product_cat":[385],"product_tag":[],"class_list":{"0":"post-12969","1":"product","2":"type-product","3":"status-publish","4":"has-post-thumbnail","6":"product_cat-pflanzenextrakte","7":"pa_czesc-rosliny-wurzel","8":"pa_skladnik-aktywny-ginsenoside","10":"first","11":"instock","12":"shipping-taxable","13":"product-type-simple"},"acf":[],"yoast_head":"<!-- This site is optimized with the Yoast SEO plugin v27.4 - https:\/\/yoast.com\/product\/yoast-seo-wordpress\/ -->\n<title>Ginseng-Extrakt - NATURAL POLAND - IMPORT UND HANDEL VON ROHSTOFFEN<\/title>\n<meta name=\"description\" content=\"Ginsengextrakt wird f\u00fcr seine starken zytotoxischen, antiviralen und verj\u00fcngenden Eigenschaften gesch\u00e4tzt und wird oft als Elixier der Jugend bezeichnet.\" \/>\n<meta name=\"robots\" content=\"index, follow, max-snippet:-1, max-image-preview:large, max-video-preview:-1\" \/>\n<link rel=\"canonical\" href=\"https:\/\/naturalpoland.com\/de\/produkte\/pflanzenextrakte\/ginseng-extrakt\/\" \/>\n<meta property=\"og:locale\" content=\"de_DE\" \/>\n<meta property=\"og:type\" content=\"article\" \/>\n<meta property=\"og:title\" content=\"Ginseng-Extrakt - NATURAL POLAND - IMPORT UND HANDEL VON ROHSTOFFEN\" \/>\n<meta property=\"og:description\" content=\"Ginsengextrakt wird f\u00fcr seine starken zytotoxischen, antiviralen und verj\u00fcngenden Eigenschaften gesch\u00e4tzt und wird oft als Elixier der Jugend bezeichnet.\" \/>\n<meta property=\"og:url\" content=\"https:\/\/naturalpoland.com\/de\/produkte\/pflanzenextrakte\/ginseng-extrakt\/\" \/>\n<meta property=\"og:site_name\" content=\"NATURAL POLAND - IMPORT UND HANDEL VON ROHSTOFFEN\" \/>\n<meta property=\"article:publisher\" content=\"https:\/\/www.facebook.com\/naturalpoland.b2b\" \/>\n<meta property=\"article:modified_time\" content=\"2024-08-20T08:54:59+00:00\" \/>\n<meta property=\"og:image\" content=\"https:\/\/naturalpoland.com\/wp-content\/uploads\/panax_ginseng_extract.webp\" \/>\n\t<meta property=\"og:image:width\" content=\"426\" \/>\n\t<meta property=\"og:image:height\" content=\"426\" \/>\n\t<meta property=\"og:image:type\" content=\"image\/webp\" \/>\n<script type=\"application\/ld+json\" class=\"yoast-schema-graph\">{\"@context\":\"https:\\\/\\\/schema.org\",\"@graph\":[{\"@type\":\"WebPage\",\"@id\":\"https:\\\/\\\/naturalpoland.com\\\/de\\\/produkte\\\/pflanzenextrakte\\\/ginseng-extrakt\\\/\",\"url\":\"https:\\\/\\\/naturalpoland.com\\\/de\\\/produkte\\\/pflanzenextrakte\\\/ginseng-extrakt\\\/\",\"name\":\"Ginseng-Extrakt - NATURAL POLAND - IMPORT UND HANDEL VON ROHSTOFFEN\",\"isPartOf\":{\"@id\":\"https:\\\/\\\/naturalpoland.com\\\/de\\\/#website\"},\"primaryImageOfPage\":{\"@id\":\"https:\\\/\\\/naturalpoland.com\\\/de\\\/produkte\\\/pflanzenextrakte\\\/ginseng-extrakt\\\/#primaryimage\"},\"image\":{\"@id\":\"https:\\\/\\\/naturalpoland.com\\\/de\\\/produkte\\\/pflanzenextrakte\\\/ginseng-extrakt\\\/#primaryimage\"},\"thumbnailUrl\":\"https:\\\/\\\/naturalpoland.com\\\/wp-content\\\/uploads\\\/panax_ginseng_extract.webp\",\"datePublished\":\"2021-10-04T04:52:26+00:00\",\"dateModified\":\"2024-08-20T08:54:59+00:00\",\"description\":\"Ginsengextrakt wird f\u00fcr seine starken zytotoxischen, antiviralen und verj\u00fcngenden Eigenschaften gesch\u00e4tzt und wird oft als Elixier der Jugend bezeichnet.\",\"breadcrumb\":{\"@id\":\"https:\\\/\\\/naturalpoland.com\\\/de\\\/produkte\\\/pflanzenextrakte\\\/ginseng-extrakt\\\/#breadcrumb\"},\"inLanguage\":\"de\",\"potentialAction\":[{\"@type\":\"ReadAction\",\"target\":[\"https:\\\/\\\/naturalpoland.com\\\/de\\\/produkte\\\/pflanzenextrakte\\\/ginseng-extrakt\\\/\"]}]},{\"@type\":\"ImageObject\",\"inLanguage\":\"de\",\"@id\":\"https:\\\/\\\/naturalpoland.com\\\/de\\\/produkte\\\/pflanzenextrakte\\\/ginseng-extrakt\\\/#primaryimage\",\"url\":\"https:\\\/\\\/naturalpoland.com\\\/wp-content\\\/uploads\\\/panax_ginseng_extract.webp\",\"contentUrl\":\"https:\\\/\\\/naturalpoland.com\\\/wp-content\\\/uploads\\\/panax_ginseng_extract.webp\",\"width\":426,\"height\":426,\"caption\":\"proszkowy ekstrakt z \u017ce\u0144-szenia\"},{\"@type\":\"BreadcrumbList\",\"@id\":\"https:\\\/\\\/naturalpoland.com\\\/de\\\/produkte\\\/pflanzenextrakte\\\/ginseng-extrakt\\\/#breadcrumb\",\"itemListElement\":[{\"@type\":\"ListItem\",\"position\":1,\"name\":\"Startseite\",\"item\":\"https:\\\/\\\/naturalpoland.com\\\/de\\\/\"},{\"@type\":\"ListItem\",\"position\":2,\"name\":\"Produkte\",\"item\":\"https:\\\/\\\/naturalpoland.com\\\/de\\\/produkte\\\/\"},{\"@type\":\"ListItem\",\"position\":3,\"name\":\"Ginseng-Extrakt\"}]},{\"@type\":\"WebSite\",\"@id\":\"https:\\\/\\\/naturalpoland.com\\\/de\\\/#website\",\"url\":\"https:\\\/\\\/naturalpoland.com\\\/de\\\/\",\"name\":\"NATURAL POLAND - IMPORT UND HANDEL VON ROHSTOFFEN\",\"description\":\"Rohstoffe f\u00fcr die Lebensmittelindustrie, Kosmetikindustrie, Pharmaindustrie\",\"publisher\":{\"@id\":\"https:\\\/\\\/naturalpoland.com\\\/de\\\/#organization\"},\"potentialAction\":[{\"@type\":\"SearchAction\",\"target\":{\"@type\":\"EntryPoint\",\"urlTemplate\":\"https:\\\/\\\/naturalpoland.com\\\/de\\\/?s={search_term_string}\"},\"query-input\":{\"@type\":\"PropertyValueSpecification\",\"valueRequired\":true,\"valueName\":\"search_term_string\"}}],\"inLanguage\":\"de\"},{\"@type\":\"Organization\",\"@id\":\"https:\\\/\\\/naturalpoland.com\\\/de\\\/#organization\",\"name\":\"Natural Poland\",\"url\":\"https:\\\/\\\/naturalpoland.com\\\/de\\\/\",\"logo\":{\"@type\":\"ImageObject\",\"inLanguage\":\"de\",\"@id\":\"https:\\\/\\\/naturalpoland.com\\\/de\\\/#\\\/schema\\\/logo\\\/image\\\/\",\"url\":\"https:\\\/\\\/naturalpoland.com\\\/wp-content\\\/uploads\\\/2021\\\/05\\\/natural-poland-icon.png\",\"contentUrl\":\"https:\\\/\\\/naturalpoland.com\\\/wp-content\\\/uploads\\\/2021\\\/05\\\/natural-poland-icon.png\",\"width\":512,\"height\":512,\"caption\":\"Natural Poland\"},\"image\":{\"@id\":\"https:\\\/\\\/naturalpoland.com\\\/de\\\/#\\\/schema\\\/logo\\\/image\\\/\"},\"sameAs\":[\"https:\\\/\\\/www.facebook.com\\\/naturalpoland.b2b\",\"https:\\\/\\\/pl.linkedin.com\\\/company\\\/natural-poland\",\"https:\\\/\\\/www.youtube.com\\\/channel\\\/UCgeGGkvOMahZo-xu_MSEWxg\"]}]}<\/script>\n<!-- \/ Yoast SEO plugin. -->","yoast_head_json":{"title":"Ginseng-Extrakt - NATURAL POLAND - IMPORT UND HANDEL VON ROHSTOFFEN","description":"Ginsengextrakt wird f\u00fcr seine starken zytotoxischen, antiviralen und verj\u00fcngenden Eigenschaften gesch\u00e4tzt und wird oft als Elixier der Jugend bezeichnet.","robots":{"index":"index","follow":"follow","max-snippet":"max-snippet:-1","max-image-preview":"max-image-preview:large","max-video-preview":"max-video-preview:-1"},"canonical":"https:\/\/naturalpoland.com\/de\/produkte\/pflanzenextrakte\/ginseng-extrakt\/","og_locale":"de_DE","og_type":"article","og_title":"Ginseng-Extrakt - NATURAL POLAND - IMPORT UND HANDEL VON ROHSTOFFEN","og_description":"Ginsengextrakt wird f\u00fcr seine starken zytotoxischen, antiviralen und verj\u00fcngenden Eigenschaften gesch\u00e4tzt und wird oft als Elixier der Jugend bezeichnet.","og_url":"https:\/\/naturalpoland.com\/de\/produkte\/pflanzenextrakte\/ginseng-extrakt\/","og_site_name":"NATURAL POLAND - IMPORT UND HANDEL VON ROHSTOFFEN","article_publisher":"https:\/\/www.facebook.com\/naturalpoland.b2b","article_modified_time":"2024-08-20T08:54:59+00:00","og_image":[{"width":426,"height":426,"url":"https:\/\/naturalpoland.com\/wp-content\/uploads\/panax_ginseng_extract.webp","type":"image\/webp"}],"schema":{"@context":"https:\/\/schema.org","@graph":[{"@type":"WebPage","@id":"https:\/\/naturalpoland.com\/de\/produkte\/pflanzenextrakte\/ginseng-extrakt\/","url":"https:\/\/naturalpoland.com\/de\/produkte\/pflanzenextrakte\/ginseng-extrakt\/","name":"Ginseng-Extrakt - NATURAL POLAND - IMPORT UND HANDEL VON ROHSTOFFEN","isPartOf":{"@id":"https:\/\/naturalpoland.com\/de\/#website"},"primaryImageOfPage":{"@id":"https:\/\/naturalpoland.com\/de\/produkte\/pflanzenextrakte\/ginseng-extrakt\/#primaryimage"},"image":{"@id":"https:\/\/naturalpoland.com\/de\/produkte\/pflanzenextrakte\/ginseng-extrakt\/#primaryimage"},"thumbnailUrl":"https:\/\/naturalpoland.com\/wp-content\/uploads\/panax_ginseng_extract.webp","datePublished":"2021-10-04T04:52:26+00:00","dateModified":"2024-08-20T08:54:59+00:00","description":"Ginsengextrakt wird f\u00fcr seine starken zytotoxischen, antiviralen und verj\u00fcngenden Eigenschaften gesch\u00e4tzt und wird oft als Elixier der Jugend bezeichnet.","breadcrumb":{"@id":"https:\/\/naturalpoland.com\/de\/produkte\/pflanzenextrakte\/ginseng-extrakt\/#breadcrumb"},"inLanguage":"de","potentialAction":[{"@type":"ReadAction","target":["https:\/\/naturalpoland.com\/de\/produkte\/pflanzenextrakte\/ginseng-extrakt\/"]}]},{"@type":"ImageObject","inLanguage":"de","@id":"https:\/\/naturalpoland.com\/de\/produkte\/pflanzenextrakte\/ginseng-extrakt\/#primaryimage","url":"https:\/\/naturalpoland.com\/wp-content\/uploads\/panax_ginseng_extract.webp","contentUrl":"https:\/\/naturalpoland.com\/wp-content\/uploads\/panax_ginseng_extract.webp","width":426,"height":426,"caption":"proszkowy ekstrakt z \u017ce\u0144-szenia"},{"@type":"BreadcrumbList","@id":"https:\/\/naturalpoland.com\/de\/produkte\/pflanzenextrakte\/ginseng-extrakt\/#breadcrumb","itemListElement":[{"@type":"ListItem","position":1,"name":"Startseite","item":"https:\/\/naturalpoland.com\/de\/"},{"@type":"ListItem","position":2,"name":"Produkte","item":"https:\/\/naturalpoland.com\/de\/produkte\/"},{"@type":"ListItem","position":3,"name":"Ginseng-Extrakt"}]},{"@type":"WebSite","@id":"https:\/\/naturalpoland.com\/de\/#website","url":"https:\/\/naturalpoland.com\/de\/","name":"NATURAL POLAND - IMPORT UND HANDEL VON ROHSTOFFEN","description":"Rohstoffe f\u00fcr die Lebensmittelindustrie, Kosmetikindustrie, Pharmaindustrie","publisher":{"@id":"https:\/\/naturalpoland.com\/de\/#organization"},"potentialAction":[{"@type":"SearchAction","target":{"@type":"EntryPoint","urlTemplate":"https:\/\/naturalpoland.com\/de\/?s={search_term_string}"},"query-input":{"@type":"PropertyValueSpecification","valueRequired":true,"valueName":"search_term_string"}}],"inLanguage":"de"},{"@type":"Organization","@id":"https:\/\/naturalpoland.com\/de\/#organization","name":"Natural Poland","url":"https:\/\/naturalpoland.com\/de\/","logo":{"@type":"ImageObject","inLanguage":"de","@id":"https:\/\/naturalpoland.com\/de\/#\/schema\/logo\/image\/","url":"https:\/\/naturalpoland.com\/wp-content\/uploads\/2021\/05\/natural-poland-icon.png","contentUrl":"https:\/\/naturalpoland.com\/wp-content\/uploads\/2021\/05\/natural-poland-icon.png","width":512,"height":512,"caption":"Natural Poland"},"image":{"@id":"https:\/\/naturalpoland.com\/de\/#\/schema\/logo\/image\/"},"sameAs":["https:\/\/www.facebook.com\/naturalpoland.b2b","https:\/\/pl.linkedin.com\/company\/natural-poland","https:\/\/www.youtube.com\/channel\/UCgeGGkvOMahZo-xu_MSEWxg"]}]}},"_links":{"self":[{"href":"https:\/\/naturalpoland.com\/de\/wp-json\/wp\/v2\/product\/12969","targetHints":{"allow":["GET"]}}],"collection":[{"href":"https:\/\/naturalpoland.com\/de\/wp-json\/wp\/v2\/product"}],"about":[{"href":"https:\/\/naturalpoland.com\/de\/wp-json\/wp\/v2\/types\/product"}],"wp:featuredmedia":[{"embeddable":true,"href":"https:\/\/naturalpoland.com\/de\/wp-json\/wp\/v2\/media\/31567"}],"wp:attachment":[{"href":"https:\/\/naturalpoland.com\/de\/wp-json\/wp\/v2\/media?parent=12969"}],"wp:term":[{"taxonomy":"product_brand","embeddable":true,"href":"https:\/\/naturalpoland.com\/de\/wp-json\/wp\/v2\/product_brand?post=12969"},{"taxonomy":"product_cat","embeddable":true,"href":"https:\/\/naturalpoland.com\/de\/wp-json\/wp\/v2\/product_cat?post=12969"},{"taxonomy":"product_tag","embeddable":true,"href":"https:\/\/naturalpoland.com\/de\/wp-json\/wp\/v2\/product_tag?post=12969"}],"curies":[{"name":"wp","href":"https:\/\/api.w.org\/{rel}","templated":true}]}}