{"id":13024,"date":"2021-05-11T13:45:43","date_gmt":"2021-05-11T11:45:43","guid":{"rendered":"https:\/\/naturalpoland.pl\/produkty\/unkategorisiert\/l-leucin\/"},"modified":"2025-10-22T10:27:39","modified_gmt":"2025-10-22T08:27:39","slug":"l-leucin","status":"publish","type":"product","link":"https:\/\/naturalpoland.com\/de\/produkte\/produkte-fur-die-pharmaindustrie\/aminosauren\/l-leucin\/","title":{"rendered":"L-Leucin"},"content":{"rendered":"<h2>L-Leucin &#8211; Supplementierung<\/h2>\n<p>L-Leucin kommt nat\u00fcrlicherweise in Produkten wie <strong>Fleisch<\/strong>, <strong>Fisch<\/strong>, <strong>Eiern<\/strong>, <strong>Milchprodukten<\/strong> sowie einigen proteinreichen Pflanzen vor. Eine Supplementierung mit L-Leucin wird jedoch bei intensivem Training oder einer Di\u00e4t mit erh\u00f6htem Regenerations- und anabolem Bedarf empfohlen. Diese Aminos\u00e4ure initiiert die Muskelproteinsynthese und reguliert wichtige Stoffwechselwege wie mTOR, der f\u00fcr die N\u00e4hrstoffversorgung der Muskeln verantwortlich ist und deren Regeneration und Aufbau unterst\u00fctzt.  <\/p>\n<p>Die Supplementierung von L-Leucin vor dem Training erh\u00f6ht die Leistungsf\u00e4higkeit und erm\u00f6glicht l\u00e4ngere sowie intensivere Trainingseinheiten. Die Einnahme nach dem Training f\u00f6rdert eine schnellere Regeneration und reduziert das Risiko von Muskelkatabolismus. <\/p>\n<h2>Wirkung von L-Leucin<\/h2>\n<p>L-Leucin, als Hauptbestandteil von BCAA, unterst\u00fctzt sowohl <strong>anabole<\/strong> als auch <strong>antikatabole Prozesse<\/strong> im K\u00f6rper. Das bedeutet, dass es nicht nur zum Aufbau neuer Muskelgewebe beitr\u00e4gt, sondern auch den Abbau bestehender Muskelfasern w\u00e4hrend intensiver k\u00f6rperlicher Anstrengung verhindert. Dadurch unterst\u00fctzt L-Leucin die Aufrechterhaltung einer positiven Stickstoffbilanz, die f\u00fcr die Muskelentwicklung entscheidend ist. Dar\u00fcber hinaus beeinflusst diese Aminos\u00e4ure die <strong>Insulinaussch\u00fcttung<\/strong> \u2013 ein starkes anaboles Hormon, das eine bessere Verwertung der den Muskeln zugef\u00fchrten N\u00e4hrstoffe erm\u00f6glicht.   <\/p>\n<p>Zus\u00e4tzlich zeigt L-Leucin die F\u00e4higkeit, den <strong>Cortisolspiegel<\/strong>, das Stresshormon, zu senken. Es unterst\u00fctzt den K\u00f6rper nicht nur auf physischer Ebene, sondern wirkt sich auch positiv auf die Funktion des Nervensystems aus. Durch die Aktivierung des sogenannten S\u00e4ttigungszentrums im Gehirn kann es helfen, den <strong>Appetit zu kontrollieren<\/strong>.   <\/p>\n<p>Ein Mangel an dieser Aminos\u00e4ure kann zu einer Schw\u00e4chung des K\u00f6rpers, einer Verringerung der k\u00f6rperlichen Leistungsf\u00e4higkeit sowie zu St\u00f6rungen des Wohlbefindens f\u00fchren, wie M\u00fcdigkeit, Schwindel und gedr\u00fcckter Stimmung.<\/p>\n<p>L-Leucin wirkt sch\u00fctzend auf das Muskelgewebe bei \u00e4lteren Menschen, bei denen die Regenerationsprozesse verlangsamt sind. Studien haben gezeigt, dass die Supplementierung von L-Leucin bei \u00e4lteren Menschen die Beweglichkeit und Lebensqualit\u00e4t verbessert und einem \u00fcberm\u00e4\u00dfigen Verlust von Muskelmasse vorbeugt. <\/p>\n<p>&nbsp;<\/p>\n","protected":false},"excerpt":{"rendered":"<p><strong>L-Leucin<\/strong> ist eine essentielle Aminos\u00e4ure, die zur Gruppe der <strong>BCAA<\/strong> (verzweigtkettige Aminos\u00e4uren) geh\u00f6rt. Im K\u00f6rper spielt es eine anabole Rolle, indem es den Aufbau von Muskelmasse, Regenerationsprozesse und die Steigerung der k\u00f6rperlichen Leistungsf\u00e4higkeit unterst\u00fctzt. Da der menschliche K\u00f6rper L-Leucin nicht selbst synthetisieren kann, muss es \u00fcber die Nahrung oder durch Supplementierung zugef\u00fchrt werden.  <\/p>\n","protected":false},"featured_media":13025,"template":"","meta":{"_acf_changed":false},"product_brand":[],"product_cat":[387],"product_tag":[],"class_list":{"0":"post-13024","1":"product","2":"type-product","3":"status-publish","4":"has-post-thumbnail","6":"product_cat-aminosauren","8":"first","9":"instock","10":"shipping-taxable","11":"product-type-simple"},"acf":[],"yoast_head":"<!-- This site is optimized with the Yoast SEO plugin v27.4 - https:\/\/yoast.com\/product\/yoast-seo-wordpress\/ -->\n<title>L-Leucin - NATURAL POLAND - IMPORT UND HANDEL VON ROHSTOFFEN<\/title>\n<meta name=\"description\" content=\"L-Leucin ist eine der wichtigsten Aminos\u00e4uren f\u00fcr Personen, die auf ihre k\u00f6rperliche Fitness und Muskelgesundheit achten. Es unterst\u00fctzt den Aufbau von Muskelmasse.\" \/>\n<meta name=\"robots\" content=\"index, follow, max-snippet:-1, max-image-preview:large, max-video-preview:-1\" \/>\n<link rel=\"canonical\" href=\"https:\/\/naturalpoland.com\/de\/produkte\/produkte-fur-die-pharmaindustrie\/aminosauren\/l-leucin\/\" \/>\n<meta property=\"og:locale\" content=\"de_DE\" \/>\n<meta property=\"og:type\" content=\"article\" \/>\n<meta property=\"og:title\" content=\"L-Leucin - NATURAL POLAND - IMPORT UND HANDEL VON ROHSTOFFEN\" \/>\n<meta property=\"og:description\" content=\"L-Leucin ist eine der wichtigsten Aminos\u00e4uren f\u00fcr Personen, die auf ihre k\u00f6rperliche Fitness und Muskelgesundheit achten. Es unterst\u00fctzt den Aufbau von Muskelmasse.\" \/>\n<meta property=\"og:url\" content=\"https:\/\/naturalpoland.com\/de\/produkte\/produkte-fur-die-pharmaindustrie\/aminosauren\/l-leucin\/\" \/>\n<meta property=\"og:site_name\" content=\"NATURAL POLAND - IMPORT UND HANDEL VON ROHSTOFFEN\" \/>\n<meta property=\"article:publisher\" content=\"https:\/\/www.facebook.com\/naturalpoland.b2b\" \/>\n<meta property=\"article:modified_time\" content=\"2025-10-22T08:27:39+00:00\" \/>\n<meta property=\"og:image\" content=\"https:\/\/naturalpoland.com\/wp-content\/uploads\/2021\/05\/l-leucine.jpg\" \/>\n\t<meta property=\"og:image:width\" content=\"400\" \/>\n\t<meta property=\"og:image:height\" content=\"220\" \/>\n\t<meta property=\"og:image:type\" content=\"image\/jpeg\" \/>\n<script type=\"application\/ld+json\" class=\"yoast-schema-graph\">{\"@context\":\"https:\\\/\\\/schema.org\",\"@graph\":[{\"@type\":\"WebPage\",\"@id\":\"https:\\\/\\\/naturalpoland.com\\\/de\\\/produkte\\\/produkte-fur-die-pharmaindustrie\\\/aminosauren\\\/l-leucin\\\/\",\"url\":\"https:\\\/\\\/naturalpoland.com\\\/de\\\/produkte\\\/produkte-fur-die-pharmaindustrie\\\/aminosauren\\\/l-leucin\\\/\",\"name\":\"L-Leucin - NATURAL POLAND - IMPORT UND HANDEL VON ROHSTOFFEN\",\"isPartOf\":{\"@id\":\"https:\\\/\\\/naturalpoland.com\\\/de\\\/#website\"},\"primaryImageOfPage\":{\"@id\":\"https:\\\/\\\/naturalpoland.com\\\/de\\\/produkte\\\/produkte-fur-die-pharmaindustrie\\\/aminosauren\\\/l-leucin\\\/#primaryimage\"},\"image\":{\"@id\":\"https:\\\/\\\/naturalpoland.com\\\/de\\\/produkte\\\/produkte-fur-die-pharmaindustrie\\\/aminosauren\\\/l-leucin\\\/#primaryimage\"},\"thumbnailUrl\":\"https:\\\/\\\/naturalpoland.com\\\/wp-content\\\/uploads\\\/2021\\\/05\\\/l-leucine.jpg\",\"datePublished\":\"2021-05-11T11:45:43+00:00\",\"dateModified\":\"2025-10-22T08:27:39+00:00\",\"description\":\"L-Leucin ist eine der wichtigsten Aminos\u00e4uren f\u00fcr Personen, die auf ihre k\u00f6rperliche Fitness und Muskelgesundheit achten. Es unterst\u00fctzt den Aufbau von Muskelmasse.\",\"breadcrumb\":{\"@id\":\"https:\\\/\\\/naturalpoland.com\\\/de\\\/produkte\\\/produkte-fur-die-pharmaindustrie\\\/aminosauren\\\/l-leucin\\\/#breadcrumb\"},\"inLanguage\":\"de\",\"potentialAction\":[{\"@type\":\"ReadAction\",\"target\":[\"https:\\\/\\\/naturalpoland.com\\\/de\\\/produkte\\\/produkte-fur-die-pharmaindustrie\\\/aminosauren\\\/l-leucin\\\/\"]}]},{\"@type\":\"ImageObject\",\"inLanguage\":\"de\",\"@id\":\"https:\\\/\\\/naturalpoland.com\\\/de\\\/produkte\\\/produkte-fur-die-pharmaindustrie\\\/aminosauren\\\/l-leucin\\\/#primaryimage\",\"url\":\"https:\\\/\\\/naturalpoland.com\\\/wp-content\\\/uploads\\\/2021\\\/05\\\/l-leucine.jpg\",\"contentUrl\":\"https:\\\/\\\/naturalpoland.com\\\/wp-content\\\/uploads\\\/2021\\\/05\\\/l-leucine.jpg\",\"width\":400,\"height\":220,\"caption\":\"L-Leucin chemische Formel\"},{\"@type\":\"BreadcrumbList\",\"@id\":\"https:\\\/\\\/naturalpoland.com\\\/de\\\/produkte\\\/produkte-fur-die-pharmaindustrie\\\/aminosauren\\\/l-leucin\\\/#breadcrumb\",\"itemListElement\":[{\"@type\":\"ListItem\",\"position\":1,\"name\":\"Startseite\",\"item\":\"https:\\\/\\\/naturalpoland.com\\\/de\\\/\"},{\"@type\":\"ListItem\",\"position\":2,\"name\":\"Produkte\",\"item\":\"https:\\\/\\\/naturalpoland.com\\\/de\\\/produkte\\\/\"},{\"@type\":\"ListItem\",\"position\":3,\"name\":\"L-Leucin\"}]},{\"@type\":\"WebSite\",\"@id\":\"https:\\\/\\\/naturalpoland.com\\\/de\\\/#website\",\"url\":\"https:\\\/\\\/naturalpoland.com\\\/de\\\/\",\"name\":\"NATURAL POLAND - IMPORT UND HANDEL VON ROHSTOFFEN\",\"description\":\"Rohstoffe f\u00fcr die Lebensmittelindustrie, Kosmetikindustrie, Pharmaindustrie\",\"publisher\":{\"@id\":\"https:\\\/\\\/naturalpoland.com\\\/de\\\/#organization\"},\"potentialAction\":[{\"@type\":\"SearchAction\",\"target\":{\"@type\":\"EntryPoint\",\"urlTemplate\":\"https:\\\/\\\/naturalpoland.com\\\/de\\\/?s={search_term_string}\"},\"query-input\":{\"@type\":\"PropertyValueSpecification\",\"valueRequired\":true,\"valueName\":\"search_term_string\"}}],\"inLanguage\":\"de\"},{\"@type\":\"Organization\",\"@id\":\"https:\\\/\\\/naturalpoland.com\\\/de\\\/#organization\",\"name\":\"Natural Poland\",\"url\":\"https:\\\/\\\/naturalpoland.com\\\/de\\\/\",\"logo\":{\"@type\":\"ImageObject\",\"inLanguage\":\"de\",\"@id\":\"https:\\\/\\\/naturalpoland.com\\\/de\\\/#\\\/schema\\\/logo\\\/image\\\/\",\"url\":\"https:\\\/\\\/naturalpoland.com\\\/wp-content\\\/uploads\\\/2021\\\/05\\\/natural-poland-icon.png\",\"contentUrl\":\"https:\\\/\\\/naturalpoland.com\\\/wp-content\\\/uploads\\\/2021\\\/05\\\/natural-poland-icon.png\",\"width\":512,\"height\":512,\"caption\":\"Natural Poland\"},\"image\":{\"@id\":\"https:\\\/\\\/naturalpoland.com\\\/de\\\/#\\\/schema\\\/logo\\\/image\\\/\"},\"sameAs\":[\"https:\\\/\\\/www.facebook.com\\\/naturalpoland.b2b\",\"https:\\\/\\\/pl.linkedin.com\\\/company\\\/natural-poland\",\"https:\\\/\\\/www.youtube.com\\\/channel\\\/UCgeGGkvOMahZo-xu_MSEWxg\"]}]}<\/script>\n<!-- \/ Yoast SEO plugin. -->","yoast_head_json":{"title":"L-Leucin - NATURAL POLAND - IMPORT UND HANDEL VON ROHSTOFFEN","description":"L-Leucin ist eine der wichtigsten Aminos\u00e4uren f\u00fcr Personen, die auf ihre k\u00f6rperliche Fitness und Muskelgesundheit achten. Es unterst\u00fctzt den Aufbau von Muskelmasse.","robots":{"index":"index","follow":"follow","max-snippet":"max-snippet:-1","max-image-preview":"max-image-preview:large","max-video-preview":"max-video-preview:-1"},"canonical":"https:\/\/naturalpoland.com\/de\/produkte\/produkte-fur-die-pharmaindustrie\/aminosauren\/l-leucin\/","og_locale":"de_DE","og_type":"article","og_title":"L-Leucin - NATURAL POLAND - IMPORT UND HANDEL VON ROHSTOFFEN","og_description":"L-Leucin ist eine der wichtigsten Aminos\u00e4uren f\u00fcr Personen, die auf ihre k\u00f6rperliche Fitness und Muskelgesundheit achten. Es unterst\u00fctzt den Aufbau von Muskelmasse.","og_url":"https:\/\/naturalpoland.com\/de\/produkte\/produkte-fur-die-pharmaindustrie\/aminosauren\/l-leucin\/","og_site_name":"NATURAL POLAND - IMPORT UND HANDEL VON ROHSTOFFEN","article_publisher":"https:\/\/www.facebook.com\/naturalpoland.b2b","article_modified_time":"2025-10-22T08:27:39+00:00","og_image":[{"width":400,"height":220,"url":"https:\/\/naturalpoland.com\/wp-content\/uploads\/2021\/05\/l-leucine.jpg","type":"image\/jpeg"}],"schema":{"@context":"https:\/\/schema.org","@graph":[{"@type":"WebPage","@id":"https:\/\/naturalpoland.com\/de\/produkte\/produkte-fur-die-pharmaindustrie\/aminosauren\/l-leucin\/","url":"https:\/\/naturalpoland.com\/de\/produkte\/produkte-fur-die-pharmaindustrie\/aminosauren\/l-leucin\/","name":"L-Leucin - NATURAL POLAND - IMPORT UND HANDEL VON ROHSTOFFEN","isPartOf":{"@id":"https:\/\/naturalpoland.com\/de\/#website"},"primaryImageOfPage":{"@id":"https:\/\/naturalpoland.com\/de\/produkte\/produkte-fur-die-pharmaindustrie\/aminosauren\/l-leucin\/#primaryimage"},"image":{"@id":"https:\/\/naturalpoland.com\/de\/produkte\/produkte-fur-die-pharmaindustrie\/aminosauren\/l-leucin\/#primaryimage"},"thumbnailUrl":"https:\/\/naturalpoland.com\/wp-content\/uploads\/2021\/05\/l-leucine.jpg","datePublished":"2021-05-11T11:45:43+00:00","dateModified":"2025-10-22T08:27:39+00:00","description":"L-Leucin ist eine der wichtigsten Aminos\u00e4uren f\u00fcr Personen, die auf ihre k\u00f6rperliche Fitness und Muskelgesundheit achten. Es unterst\u00fctzt den Aufbau von Muskelmasse.","breadcrumb":{"@id":"https:\/\/naturalpoland.com\/de\/produkte\/produkte-fur-die-pharmaindustrie\/aminosauren\/l-leucin\/#breadcrumb"},"inLanguage":"de","potentialAction":[{"@type":"ReadAction","target":["https:\/\/naturalpoland.com\/de\/produkte\/produkte-fur-die-pharmaindustrie\/aminosauren\/l-leucin\/"]}]},{"@type":"ImageObject","inLanguage":"de","@id":"https:\/\/naturalpoland.com\/de\/produkte\/produkte-fur-die-pharmaindustrie\/aminosauren\/l-leucin\/#primaryimage","url":"https:\/\/naturalpoland.com\/wp-content\/uploads\/2021\/05\/l-leucine.jpg","contentUrl":"https:\/\/naturalpoland.com\/wp-content\/uploads\/2021\/05\/l-leucine.jpg","width":400,"height":220,"caption":"L-Leucin chemische Formel"},{"@type":"BreadcrumbList","@id":"https:\/\/naturalpoland.com\/de\/produkte\/produkte-fur-die-pharmaindustrie\/aminosauren\/l-leucin\/#breadcrumb","itemListElement":[{"@type":"ListItem","position":1,"name":"Startseite","item":"https:\/\/naturalpoland.com\/de\/"},{"@type":"ListItem","position":2,"name":"Produkte","item":"https:\/\/naturalpoland.com\/de\/produkte\/"},{"@type":"ListItem","position":3,"name":"L-Leucin"}]},{"@type":"WebSite","@id":"https:\/\/naturalpoland.com\/de\/#website","url":"https:\/\/naturalpoland.com\/de\/","name":"NATURAL POLAND - IMPORT UND HANDEL VON ROHSTOFFEN","description":"Rohstoffe f\u00fcr die Lebensmittelindustrie, Kosmetikindustrie, Pharmaindustrie","publisher":{"@id":"https:\/\/naturalpoland.com\/de\/#organization"},"potentialAction":[{"@type":"SearchAction","target":{"@type":"EntryPoint","urlTemplate":"https:\/\/naturalpoland.com\/de\/?s={search_term_string}"},"query-input":{"@type":"PropertyValueSpecification","valueRequired":true,"valueName":"search_term_string"}}],"inLanguage":"de"},{"@type":"Organization","@id":"https:\/\/naturalpoland.com\/de\/#organization","name":"Natural Poland","url":"https:\/\/naturalpoland.com\/de\/","logo":{"@type":"ImageObject","inLanguage":"de","@id":"https:\/\/naturalpoland.com\/de\/#\/schema\/logo\/image\/","url":"https:\/\/naturalpoland.com\/wp-content\/uploads\/2021\/05\/natural-poland-icon.png","contentUrl":"https:\/\/naturalpoland.com\/wp-content\/uploads\/2021\/05\/natural-poland-icon.png","width":512,"height":512,"caption":"Natural Poland"},"image":{"@id":"https:\/\/naturalpoland.com\/de\/#\/schema\/logo\/image\/"},"sameAs":["https:\/\/www.facebook.com\/naturalpoland.b2b","https:\/\/pl.linkedin.com\/company\/natural-poland","https:\/\/www.youtube.com\/channel\/UCgeGGkvOMahZo-xu_MSEWxg"]}]}},"_links":{"self":[{"href":"https:\/\/naturalpoland.com\/de\/wp-json\/wp\/v2\/product\/13024","targetHints":{"allow":["GET"]}}],"collection":[{"href":"https:\/\/naturalpoland.com\/de\/wp-json\/wp\/v2\/product"}],"about":[{"href":"https:\/\/naturalpoland.com\/de\/wp-json\/wp\/v2\/types\/product"}],"wp:featuredmedia":[{"embeddable":true,"href":"https:\/\/naturalpoland.com\/de\/wp-json\/wp\/v2\/media\/13025"}],"wp:attachment":[{"href":"https:\/\/naturalpoland.com\/de\/wp-json\/wp\/v2\/media?parent=13024"}],"wp:term":[{"taxonomy":"product_brand","embeddable":true,"href":"https:\/\/naturalpoland.com\/de\/wp-json\/wp\/v2\/product_brand?post=13024"},{"taxonomy":"product_cat","embeddable":true,"href":"https:\/\/naturalpoland.com\/de\/wp-json\/wp\/v2\/product_cat?post=13024"},{"taxonomy":"product_tag","embeddable":true,"href":"https:\/\/naturalpoland.com\/de\/wp-json\/wp\/v2\/product_tag?post=13024"}],"curies":[{"name":"wp","href":"https:\/\/api.w.org\/{rel}","templated":true}]}}