{"id":13054,"date":"2021-05-11T13:45:45","date_gmt":"2021-10-04T19:45:29","guid":{"rendered":"https:\/\/naturalpoland.pl\/produkty\/unkategorisiert\/l-valin\/"},"modified":"2021-10-04T21:45:32","modified_gmt":"2021-10-04T19:45:32","slug":"l-valin","status":"publish","type":"product","link":"https:\/\/naturalpoland.com\/de\/produkte\/produkte-fur-die-pharmaindustrie\/aminosauren\/l-valin\/","title":{"rendered":"L-Valin"},"content":{"rendered":"<p>Es ist nicht nur in der Ern\u00e4hrung von Sportlern unverzichtbar, sondern sollte auch in den Lebensmitteln aller Menschen enthalten sein. L-Valin aktiviert das Somatotropin. Seine Aufgabe ist es, das Gleichgewicht zwischen Muskelmasse und Fettreserven im K\u00f6rper aufrechtzuerhalten.<\/p>\n<p>Im Sport:<br \/>\nL-Valin wird besonders f\u00fcr Kraft- und Ausdauersportarten empfohlen. Valin bildet mit Leucin und Isoleucin BCAAs, die bei diesen Sportarten eine zus\u00e4tzliche Energiequelle darstellen k\u00f6nnen. Es sch\u00fctzt vor Katabolismus und beschleunigt die Regeneration der vom Training erm\u00fcdeten Muskeln.<\/p>\n","protected":false},"excerpt":{"rendered":"<p><strong>L-Valin<\/strong> ist eine Aminos\u00e4ure, die der K\u00f6rper nicht selbst synthetisieren kann. Das bedeutet, dass er mit einer ausgewogenen Ern\u00e4hrung versorgt werden muss. Valin ist im K\u00f6rper f\u00fcr die richtige Muskelstruktur und -funktion verantwortlich.<\/p>\n","protected":false},"featured_media":13055,"template":"","meta":{"_acf_changed":false},"product_brand":[],"product_cat":[387],"product_tag":[],"class_list":{"0":"post-13054","1":"product","2":"type-product","3":"status-publish","4":"has-post-thumbnail","6":"product_cat-aminosauren","8":"first","9":"instock","10":"shipping-taxable","11":"product-type-simple"},"acf":[],"yoast_head":"<!-- This site is optimized with the Yoast SEO plugin v27.4 - https:\/\/yoast.com\/product\/yoast-seo-wordpress\/ -->\n<title>L-Valin - Gro\u00dfhandelsvertrieb<\/title>\n<meta name=\"robots\" content=\"index, follow, max-snippet:-1, max-image-preview:large, max-video-preview:-1\" \/>\n<link rel=\"canonical\" href=\"https:\/\/naturalpoland.com\/de\/produkte\/produkte-fur-die-pharmaindustrie\/aminosauren\/l-valin\/\" \/>\n<meta property=\"og:locale\" content=\"de_DE\" \/>\n<meta property=\"og:type\" content=\"article\" \/>\n<meta property=\"og:title\" content=\"L-Valin - Gro\u00dfhandelsvertrieb\" \/>\n<meta property=\"og:description\" content=\"L-Valin ist eine Aminos\u00e4ure, die der K\u00f6rper nicht selbst synthetisieren kann. Das bedeutet, dass er mit einer ausgewogenen Ern\u00e4hrung versorgt werden muss. Valin ist im K\u00f6rper f\u00fcr die richtige Muskelstruktur und -funktion verantwortlich.\" \/>\n<meta property=\"og:url\" content=\"https:\/\/naturalpoland.com\/de\/produkte\/produkte-fur-die-pharmaindustrie\/aminosauren\/l-valin\/\" \/>\n<meta property=\"og:site_name\" content=\"NATURAL POLAND - IMPORT UND HANDEL VON ROHSTOFFEN\" \/>\n<meta property=\"article:publisher\" content=\"https:\/\/www.facebook.com\/naturalpoland.b2b\" \/>\n<meta property=\"article:modified_time\" content=\"2021-10-04T19:45:32+00:00\" \/>\n<meta property=\"og:image\" content=\"https:\/\/naturalpoland.com\/wp-content\/uploads\/2021\/05\/l-valine.jpg\" \/>\n\t<meta property=\"og:image:width\" content=\"1100\" \/>\n\t<meta property=\"og:image:height\" content=\"980\" \/>\n\t<meta property=\"og:image:type\" content=\"image\/jpeg\" \/>\n<script type=\"application\/ld+json\" class=\"yoast-schema-graph\">{\"@context\":\"https:\\\/\\\/schema.org\",\"@graph\":[{\"@type\":\"WebPage\",\"@id\":\"https:\\\/\\\/naturalpoland.com\\\/de\\\/produkte\\\/produkte-fur-die-pharmaindustrie\\\/aminosauren\\\/l-valin\\\/\",\"url\":\"https:\\\/\\\/naturalpoland.com\\\/de\\\/produkte\\\/produkte-fur-die-pharmaindustrie\\\/aminosauren\\\/l-valin\\\/\",\"name\":\"L-Valin - Gro\u00dfhandelsvertrieb\",\"isPartOf\":{\"@id\":\"https:\\\/\\\/naturalpoland.com\\\/de\\\/#website\"},\"primaryImageOfPage\":{\"@id\":\"https:\\\/\\\/naturalpoland.com\\\/de\\\/produkte\\\/produkte-fur-die-pharmaindustrie\\\/aminosauren\\\/l-valin\\\/#primaryimage\"},\"image\":{\"@id\":\"https:\\\/\\\/naturalpoland.com\\\/de\\\/produkte\\\/produkte-fur-die-pharmaindustrie\\\/aminosauren\\\/l-valin\\\/#primaryimage\"},\"thumbnailUrl\":\"https:\\\/\\\/naturalpoland.com\\\/wp-content\\\/uploads\\\/2021\\\/05\\\/l-valine.jpg\",\"datePublished\":\"2021-10-04T19:45:29+00:00\",\"dateModified\":\"2021-10-04T19:45:32+00:00\",\"breadcrumb\":{\"@id\":\"https:\\\/\\\/naturalpoland.com\\\/de\\\/produkte\\\/produkte-fur-die-pharmaindustrie\\\/aminosauren\\\/l-valin\\\/#breadcrumb\"},\"inLanguage\":\"de\",\"potentialAction\":[{\"@type\":\"ReadAction\",\"target\":[\"https:\\\/\\\/naturalpoland.com\\\/de\\\/produkte\\\/produkte-fur-die-pharmaindustrie\\\/aminosauren\\\/l-valin\\\/\"]}]},{\"@type\":\"ImageObject\",\"inLanguage\":\"de\",\"@id\":\"https:\\\/\\\/naturalpoland.com\\\/de\\\/produkte\\\/produkte-fur-die-pharmaindustrie\\\/aminosauren\\\/l-valin\\\/#primaryimage\",\"url\":\"https:\\\/\\\/naturalpoland.com\\\/wp-content\\\/uploads\\\/2021\\\/05\\\/l-valine.jpg\",\"contentUrl\":\"https:\\\/\\\/naturalpoland.com\\\/wp-content\\\/uploads\\\/2021\\\/05\\\/l-valine.jpg\",\"width\":1100,\"height\":980},{\"@type\":\"BreadcrumbList\",\"@id\":\"https:\\\/\\\/naturalpoland.com\\\/de\\\/produkte\\\/produkte-fur-die-pharmaindustrie\\\/aminosauren\\\/l-valin\\\/#breadcrumb\",\"itemListElement\":[{\"@type\":\"ListItem\",\"position\":1,\"name\":\"Startseite\",\"item\":\"https:\\\/\\\/naturalpoland.com\\\/de\\\/\"},{\"@type\":\"ListItem\",\"position\":2,\"name\":\"Produkte\",\"item\":\"https:\\\/\\\/naturalpoland.com\\\/de\\\/produkte\\\/\"},{\"@type\":\"ListItem\",\"position\":3,\"name\":\"L-Valin\"}]},{\"@type\":\"WebSite\",\"@id\":\"https:\\\/\\\/naturalpoland.com\\\/de\\\/#website\",\"url\":\"https:\\\/\\\/naturalpoland.com\\\/de\\\/\",\"name\":\"NATURAL POLAND - IMPORT UND HANDEL VON ROHSTOFFEN\",\"description\":\"Rohstoffe f\u00fcr die Lebensmittelindustrie, Kosmetikindustrie, Pharmaindustrie\",\"publisher\":{\"@id\":\"https:\\\/\\\/naturalpoland.com\\\/de\\\/#organization\"},\"potentialAction\":[{\"@type\":\"SearchAction\",\"target\":{\"@type\":\"EntryPoint\",\"urlTemplate\":\"https:\\\/\\\/naturalpoland.com\\\/de\\\/?s={search_term_string}\"},\"query-input\":{\"@type\":\"PropertyValueSpecification\",\"valueRequired\":true,\"valueName\":\"search_term_string\"}}],\"inLanguage\":\"de\"},{\"@type\":\"Organization\",\"@id\":\"https:\\\/\\\/naturalpoland.com\\\/de\\\/#organization\",\"name\":\"Natural Poland\",\"url\":\"https:\\\/\\\/naturalpoland.com\\\/de\\\/\",\"logo\":{\"@type\":\"ImageObject\",\"inLanguage\":\"de\",\"@id\":\"https:\\\/\\\/naturalpoland.com\\\/de\\\/#\\\/schema\\\/logo\\\/image\\\/\",\"url\":\"https:\\\/\\\/naturalpoland.com\\\/wp-content\\\/uploads\\\/2021\\\/05\\\/natural-poland-icon.png\",\"contentUrl\":\"https:\\\/\\\/naturalpoland.com\\\/wp-content\\\/uploads\\\/2021\\\/05\\\/natural-poland-icon.png\",\"width\":512,\"height\":512,\"caption\":\"Natural Poland\"},\"image\":{\"@id\":\"https:\\\/\\\/naturalpoland.com\\\/de\\\/#\\\/schema\\\/logo\\\/image\\\/\"},\"sameAs\":[\"https:\\\/\\\/www.facebook.com\\\/naturalpoland.b2b\",\"https:\\\/\\\/pl.linkedin.com\\\/company\\\/natural-poland\",\"https:\\\/\\\/www.youtube.com\\\/channel\\\/UCgeGGkvOMahZo-xu_MSEWxg\"]}]}<\/script>\n<!-- \/ Yoast SEO plugin. -->","yoast_head_json":{"title":"L-Valin - Gro\u00dfhandelsvertrieb","robots":{"index":"index","follow":"follow","max-snippet":"max-snippet:-1","max-image-preview":"max-image-preview:large","max-video-preview":"max-video-preview:-1"},"canonical":"https:\/\/naturalpoland.com\/de\/produkte\/produkte-fur-die-pharmaindustrie\/aminosauren\/l-valin\/","og_locale":"de_DE","og_type":"article","og_title":"L-Valin - Gro\u00dfhandelsvertrieb","og_description":"L-Valin ist eine Aminos\u00e4ure, die der K\u00f6rper nicht selbst synthetisieren kann. Das bedeutet, dass er mit einer ausgewogenen Ern\u00e4hrung versorgt werden muss. Valin ist im K\u00f6rper f\u00fcr die richtige Muskelstruktur und -funktion verantwortlich.","og_url":"https:\/\/naturalpoland.com\/de\/produkte\/produkte-fur-die-pharmaindustrie\/aminosauren\/l-valin\/","og_site_name":"NATURAL POLAND - IMPORT UND HANDEL VON ROHSTOFFEN","article_publisher":"https:\/\/www.facebook.com\/naturalpoland.b2b","article_modified_time":"2021-10-04T19:45:32+00:00","og_image":[{"width":1100,"height":980,"url":"https:\/\/naturalpoland.com\/wp-content\/uploads\/2021\/05\/l-valine.jpg","type":"image\/jpeg"}],"schema":{"@context":"https:\/\/schema.org","@graph":[{"@type":"WebPage","@id":"https:\/\/naturalpoland.com\/de\/produkte\/produkte-fur-die-pharmaindustrie\/aminosauren\/l-valin\/","url":"https:\/\/naturalpoland.com\/de\/produkte\/produkte-fur-die-pharmaindustrie\/aminosauren\/l-valin\/","name":"L-Valin - Gro\u00dfhandelsvertrieb","isPartOf":{"@id":"https:\/\/naturalpoland.com\/de\/#website"},"primaryImageOfPage":{"@id":"https:\/\/naturalpoland.com\/de\/produkte\/produkte-fur-die-pharmaindustrie\/aminosauren\/l-valin\/#primaryimage"},"image":{"@id":"https:\/\/naturalpoland.com\/de\/produkte\/produkte-fur-die-pharmaindustrie\/aminosauren\/l-valin\/#primaryimage"},"thumbnailUrl":"https:\/\/naturalpoland.com\/wp-content\/uploads\/2021\/05\/l-valine.jpg","datePublished":"2021-10-04T19:45:29+00:00","dateModified":"2021-10-04T19:45:32+00:00","breadcrumb":{"@id":"https:\/\/naturalpoland.com\/de\/produkte\/produkte-fur-die-pharmaindustrie\/aminosauren\/l-valin\/#breadcrumb"},"inLanguage":"de","potentialAction":[{"@type":"ReadAction","target":["https:\/\/naturalpoland.com\/de\/produkte\/produkte-fur-die-pharmaindustrie\/aminosauren\/l-valin\/"]}]},{"@type":"ImageObject","inLanguage":"de","@id":"https:\/\/naturalpoland.com\/de\/produkte\/produkte-fur-die-pharmaindustrie\/aminosauren\/l-valin\/#primaryimage","url":"https:\/\/naturalpoland.com\/wp-content\/uploads\/2021\/05\/l-valine.jpg","contentUrl":"https:\/\/naturalpoland.com\/wp-content\/uploads\/2021\/05\/l-valine.jpg","width":1100,"height":980},{"@type":"BreadcrumbList","@id":"https:\/\/naturalpoland.com\/de\/produkte\/produkte-fur-die-pharmaindustrie\/aminosauren\/l-valin\/#breadcrumb","itemListElement":[{"@type":"ListItem","position":1,"name":"Startseite","item":"https:\/\/naturalpoland.com\/de\/"},{"@type":"ListItem","position":2,"name":"Produkte","item":"https:\/\/naturalpoland.com\/de\/produkte\/"},{"@type":"ListItem","position":3,"name":"L-Valin"}]},{"@type":"WebSite","@id":"https:\/\/naturalpoland.com\/de\/#website","url":"https:\/\/naturalpoland.com\/de\/","name":"NATURAL POLAND - IMPORT UND HANDEL VON ROHSTOFFEN","description":"Rohstoffe f\u00fcr die Lebensmittelindustrie, Kosmetikindustrie, Pharmaindustrie","publisher":{"@id":"https:\/\/naturalpoland.com\/de\/#organization"},"potentialAction":[{"@type":"SearchAction","target":{"@type":"EntryPoint","urlTemplate":"https:\/\/naturalpoland.com\/de\/?s={search_term_string}"},"query-input":{"@type":"PropertyValueSpecification","valueRequired":true,"valueName":"search_term_string"}}],"inLanguage":"de"},{"@type":"Organization","@id":"https:\/\/naturalpoland.com\/de\/#organization","name":"Natural Poland","url":"https:\/\/naturalpoland.com\/de\/","logo":{"@type":"ImageObject","inLanguage":"de","@id":"https:\/\/naturalpoland.com\/de\/#\/schema\/logo\/image\/","url":"https:\/\/naturalpoland.com\/wp-content\/uploads\/2021\/05\/natural-poland-icon.png","contentUrl":"https:\/\/naturalpoland.com\/wp-content\/uploads\/2021\/05\/natural-poland-icon.png","width":512,"height":512,"caption":"Natural Poland"},"image":{"@id":"https:\/\/naturalpoland.com\/de\/#\/schema\/logo\/image\/"},"sameAs":["https:\/\/www.facebook.com\/naturalpoland.b2b","https:\/\/pl.linkedin.com\/company\/natural-poland","https:\/\/www.youtube.com\/channel\/UCgeGGkvOMahZo-xu_MSEWxg"]}]}},"_links":{"self":[{"href":"https:\/\/naturalpoland.com\/de\/wp-json\/wp\/v2\/product\/13054","targetHints":{"allow":["GET"]}}],"collection":[{"href":"https:\/\/naturalpoland.com\/de\/wp-json\/wp\/v2\/product"}],"about":[{"href":"https:\/\/naturalpoland.com\/de\/wp-json\/wp\/v2\/types\/product"}],"wp:featuredmedia":[{"embeddable":true,"href":"https:\/\/naturalpoland.com\/de\/wp-json\/wp\/v2\/media\/13055"}],"wp:attachment":[{"href":"https:\/\/naturalpoland.com\/de\/wp-json\/wp\/v2\/media?parent=13054"}],"wp:term":[{"taxonomy":"product_brand","embeddable":true,"href":"https:\/\/naturalpoland.com\/de\/wp-json\/wp\/v2\/product_brand?post=13054"},{"taxonomy":"product_cat","embeddable":true,"href":"https:\/\/naturalpoland.com\/de\/wp-json\/wp\/v2\/product_cat?post=13054"},{"taxonomy":"product_tag","embeddable":true,"href":"https:\/\/naturalpoland.com\/de\/wp-json\/wp\/v2\/product_tag?post=13054"}],"curies":[{"name":"wp","href":"https:\/\/api.w.org\/{rel}","templated":true}]}}