{"id":13555,"date":"2021-05-11T13:50:34","date_gmt":"2021-10-25T05:48:18","guid":{"rendered":"https:\/\/naturalpoland.pl\/produkty\/unkategorisiert\/limettensamen-oel\/"},"modified":"2021-10-25T07:48:18","modified_gmt":"2021-10-25T05:48:18","slug":"limettensamen-ol","status":"publish","type":"product","link":"https:\/\/naturalpoland.com\/de\/produkte\/speiseole-und-kosmetikole\/limettensamen-ol\/","title":{"rendered":"Limettensamen-\u00d6l"},"content":{"rendered":"<p>Limettensamen\u00f6l hat antiseptische, antivirale, adstringierende, antibakterielle und desinfizierende Eigenschaften. Es kann auch die Hautregeneration f\u00f6rdern und die Haut tonisieren. Es kann zur Behandlung von Hautausschl\u00e4gen, Akne, Schuppenflechte und Geschw\u00fcren verwendet werden. Dieses \u00d6l hat auch adstringierende Eigenschaften, so dass es auf das Gesicht aufgetragen werden kann, um vergr\u00f6\u00dferte Poren zu verkleinern. Es hat auch eine antidepressive und appetitanregende Wirkung.<\/p>\n","protected":false},"excerpt":{"rendered":"<p><strong>Limettensamen\u00f6l<\/strong> ist reich an Komponenten wie Alpha-Pinen, Beta-Pinen, Myrcen, Limonen, Terpinen, Cineol, Linalool, Borneol, Citral, Neral-Acetat und Geranyl-Acetat. Es enth\u00e4lt Antioxidantien und \u00e4therische \u00d6le, die das \u00d6l auch f\u00fcr die Aromatherapie geeignet machen.<\/p>\n","protected":false},"featured_media":13556,"template":"","meta":{"_acf_changed":false},"product_brand":[],"product_cat":[386],"product_tag":[],"class_list":{"0":"post-13555","1":"product","2":"type-product","3":"status-publish","4":"has-post-thumbnail","6":"product_cat-speiseole-und-kosmetikole","8":"first","9":"instock","10":"shipping-taxable","11":"product-type-simple"},"acf":[],"yoast_head":"<!-- This site is optimized with the Yoast SEO plugin v27.4 - https:\/\/yoast.com\/product\/yoast-seo-wordpress\/ -->\n<title>Limettensamen-\u00d6l - Gro\u00dfhandelsvertrieb<\/title>\n<meta name=\"robots\" content=\"index, follow, max-snippet:-1, max-image-preview:large, max-video-preview:-1\" \/>\n<link rel=\"canonical\" href=\"https:\/\/naturalpoland.com\/de\/produkte\/speiseole-und-kosmetikole\/limettensamen-ol\/\" \/>\n<meta property=\"og:locale\" content=\"de_DE\" \/>\n<meta property=\"og:type\" content=\"article\" \/>\n<meta property=\"og:title\" content=\"Limettensamen-\u00d6l - Gro\u00dfhandelsvertrieb\" \/>\n<meta property=\"og:description\" content=\"Limettensamen\u00f6l ist reich an Komponenten wie Alpha-Pinen, Beta-Pinen, Myrcen, Limonen, Terpinen, Cineol, Linalool, Borneol, Citral, Neral-Acetat und Geranyl-Acetat. Es enth\u00e4lt Antioxidantien und \u00e4therische \u00d6le, die das \u00d6l auch f\u00fcr die Aromatherapie geeignet machen.\" \/>\n<meta property=\"og:url\" content=\"https:\/\/naturalpoland.com\/de\/produkte\/speiseole-und-kosmetikole\/limettensamen-ol\/\" \/>\n<meta property=\"og:site_name\" content=\"NATURAL POLAND - IMPORT UND HANDEL VON ROHSTOFFEN\" \/>\n<meta property=\"article:publisher\" content=\"https:\/\/www.facebook.com\/naturalpoland.b2b\" \/>\n<meta property=\"og:image\" content=\"https:\/\/naturalpoland.com\/wp-content\/uploads\/2021\/05\/lime-seed-oil.jpg\" \/>\n\t<meta property=\"og:image:width\" content=\"1280\" \/>\n\t<meta property=\"og:image:height\" content=\"853\" \/>\n\t<meta property=\"og:image:type\" content=\"image\/jpeg\" \/>\n<script type=\"application\/ld+json\" class=\"yoast-schema-graph\">{\"@context\":\"https:\\\/\\\/schema.org\",\"@graph\":[{\"@type\":\"WebPage\",\"@id\":\"https:\\\/\\\/naturalpoland.com\\\/de\\\/produkte\\\/speiseole-und-kosmetikole\\\/limettensamen-ol\\\/\",\"url\":\"https:\\\/\\\/naturalpoland.com\\\/de\\\/produkte\\\/speiseole-und-kosmetikole\\\/limettensamen-ol\\\/\",\"name\":\"Limettensamen-\u00d6l - Gro\u00dfhandelsvertrieb\",\"isPartOf\":{\"@id\":\"https:\\\/\\\/naturalpoland.com\\\/de\\\/#website\"},\"primaryImageOfPage\":{\"@id\":\"https:\\\/\\\/naturalpoland.com\\\/de\\\/produkte\\\/speiseole-und-kosmetikole\\\/limettensamen-ol\\\/#primaryimage\"},\"image\":{\"@id\":\"https:\\\/\\\/naturalpoland.com\\\/de\\\/produkte\\\/speiseole-und-kosmetikole\\\/limettensamen-ol\\\/#primaryimage\"},\"thumbnailUrl\":\"https:\\\/\\\/naturalpoland.com\\\/wp-content\\\/uploads\\\/2021\\\/05\\\/lime-seed-oil.jpg\",\"datePublished\":\"2021-10-25T05:48:18+00:00\",\"breadcrumb\":{\"@id\":\"https:\\\/\\\/naturalpoland.com\\\/de\\\/produkte\\\/speiseole-und-kosmetikole\\\/limettensamen-ol\\\/#breadcrumb\"},\"inLanguage\":\"de\",\"potentialAction\":[{\"@type\":\"ReadAction\",\"target\":[\"https:\\\/\\\/naturalpoland.com\\\/de\\\/produkte\\\/speiseole-und-kosmetikole\\\/limettensamen-ol\\\/\"]}]},{\"@type\":\"ImageObject\",\"inLanguage\":\"de\",\"@id\":\"https:\\\/\\\/naturalpoland.com\\\/de\\\/produkte\\\/speiseole-und-kosmetikole\\\/limettensamen-ol\\\/#primaryimage\",\"url\":\"https:\\\/\\\/naturalpoland.com\\\/wp-content\\\/uploads\\\/2021\\\/05\\\/lime-seed-oil.jpg\",\"contentUrl\":\"https:\\\/\\\/naturalpoland.com\\\/wp-content\\\/uploads\\\/2021\\\/05\\\/lime-seed-oil.jpg\",\"width\":1280,\"height\":853},{\"@type\":\"BreadcrumbList\",\"@id\":\"https:\\\/\\\/naturalpoland.com\\\/de\\\/produkte\\\/speiseole-und-kosmetikole\\\/limettensamen-ol\\\/#breadcrumb\",\"itemListElement\":[{\"@type\":\"ListItem\",\"position\":1,\"name\":\"Startseite\",\"item\":\"https:\\\/\\\/naturalpoland.com\\\/de\\\/\"},{\"@type\":\"ListItem\",\"position\":2,\"name\":\"Produkte\",\"item\":\"https:\\\/\\\/naturalpoland.com\\\/de\\\/produkte\\\/\"},{\"@type\":\"ListItem\",\"position\":3,\"name\":\"Limettensamen-\u00d6l\"}]},{\"@type\":\"WebSite\",\"@id\":\"https:\\\/\\\/naturalpoland.com\\\/de\\\/#website\",\"url\":\"https:\\\/\\\/naturalpoland.com\\\/de\\\/\",\"name\":\"NATURAL POLAND - IMPORT UND HANDEL VON ROHSTOFFEN\",\"description\":\"Rohstoffe f\u00fcr die Lebensmittelindustrie, Kosmetikindustrie, Pharmaindustrie\",\"publisher\":{\"@id\":\"https:\\\/\\\/naturalpoland.com\\\/de\\\/#organization\"},\"potentialAction\":[{\"@type\":\"SearchAction\",\"target\":{\"@type\":\"EntryPoint\",\"urlTemplate\":\"https:\\\/\\\/naturalpoland.com\\\/de\\\/?s={search_term_string}\"},\"query-input\":{\"@type\":\"PropertyValueSpecification\",\"valueRequired\":true,\"valueName\":\"search_term_string\"}}],\"inLanguage\":\"de\"},{\"@type\":\"Organization\",\"@id\":\"https:\\\/\\\/naturalpoland.com\\\/de\\\/#organization\",\"name\":\"Natural Poland\",\"url\":\"https:\\\/\\\/naturalpoland.com\\\/de\\\/\",\"logo\":{\"@type\":\"ImageObject\",\"inLanguage\":\"de\",\"@id\":\"https:\\\/\\\/naturalpoland.com\\\/de\\\/#\\\/schema\\\/logo\\\/image\\\/\",\"url\":\"https:\\\/\\\/naturalpoland.com\\\/wp-content\\\/uploads\\\/2021\\\/05\\\/natural-poland-icon.png\",\"contentUrl\":\"https:\\\/\\\/naturalpoland.com\\\/wp-content\\\/uploads\\\/2021\\\/05\\\/natural-poland-icon.png\",\"width\":512,\"height\":512,\"caption\":\"Natural Poland\"},\"image\":{\"@id\":\"https:\\\/\\\/naturalpoland.com\\\/de\\\/#\\\/schema\\\/logo\\\/image\\\/\"},\"sameAs\":[\"https:\\\/\\\/www.facebook.com\\\/naturalpoland.b2b\",\"https:\\\/\\\/pl.linkedin.com\\\/company\\\/natural-poland\",\"https:\\\/\\\/www.youtube.com\\\/channel\\\/UCgeGGkvOMahZo-xu_MSEWxg\"]}]}<\/script>\n<!-- \/ Yoast SEO plugin. -->","yoast_head_json":{"title":"Limettensamen-\u00d6l - Gro\u00dfhandelsvertrieb","robots":{"index":"index","follow":"follow","max-snippet":"max-snippet:-1","max-image-preview":"max-image-preview:large","max-video-preview":"max-video-preview:-1"},"canonical":"https:\/\/naturalpoland.com\/de\/produkte\/speiseole-und-kosmetikole\/limettensamen-ol\/","og_locale":"de_DE","og_type":"article","og_title":"Limettensamen-\u00d6l - Gro\u00dfhandelsvertrieb","og_description":"Limettensamen\u00f6l ist reich an Komponenten wie Alpha-Pinen, Beta-Pinen, Myrcen, Limonen, Terpinen, Cineol, Linalool, Borneol, Citral, Neral-Acetat und Geranyl-Acetat. Es enth\u00e4lt Antioxidantien und \u00e4therische \u00d6le, die das \u00d6l auch f\u00fcr die Aromatherapie geeignet machen.","og_url":"https:\/\/naturalpoland.com\/de\/produkte\/speiseole-und-kosmetikole\/limettensamen-ol\/","og_site_name":"NATURAL POLAND - IMPORT UND HANDEL VON ROHSTOFFEN","article_publisher":"https:\/\/www.facebook.com\/naturalpoland.b2b","og_image":[{"width":1280,"height":853,"url":"https:\/\/naturalpoland.com\/wp-content\/uploads\/2021\/05\/lime-seed-oil.jpg","type":"image\/jpeg"}],"schema":{"@context":"https:\/\/schema.org","@graph":[{"@type":"WebPage","@id":"https:\/\/naturalpoland.com\/de\/produkte\/speiseole-und-kosmetikole\/limettensamen-ol\/","url":"https:\/\/naturalpoland.com\/de\/produkte\/speiseole-und-kosmetikole\/limettensamen-ol\/","name":"Limettensamen-\u00d6l - Gro\u00dfhandelsvertrieb","isPartOf":{"@id":"https:\/\/naturalpoland.com\/de\/#website"},"primaryImageOfPage":{"@id":"https:\/\/naturalpoland.com\/de\/produkte\/speiseole-und-kosmetikole\/limettensamen-ol\/#primaryimage"},"image":{"@id":"https:\/\/naturalpoland.com\/de\/produkte\/speiseole-und-kosmetikole\/limettensamen-ol\/#primaryimage"},"thumbnailUrl":"https:\/\/naturalpoland.com\/wp-content\/uploads\/2021\/05\/lime-seed-oil.jpg","datePublished":"2021-10-25T05:48:18+00:00","breadcrumb":{"@id":"https:\/\/naturalpoland.com\/de\/produkte\/speiseole-und-kosmetikole\/limettensamen-ol\/#breadcrumb"},"inLanguage":"de","potentialAction":[{"@type":"ReadAction","target":["https:\/\/naturalpoland.com\/de\/produkte\/speiseole-und-kosmetikole\/limettensamen-ol\/"]}]},{"@type":"ImageObject","inLanguage":"de","@id":"https:\/\/naturalpoland.com\/de\/produkte\/speiseole-und-kosmetikole\/limettensamen-ol\/#primaryimage","url":"https:\/\/naturalpoland.com\/wp-content\/uploads\/2021\/05\/lime-seed-oil.jpg","contentUrl":"https:\/\/naturalpoland.com\/wp-content\/uploads\/2021\/05\/lime-seed-oil.jpg","width":1280,"height":853},{"@type":"BreadcrumbList","@id":"https:\/\/naturalpoland.com\/de\/produkte\/speiseole-und-kosmetikole\/limettensamen-ol\/#breadcrumb","itemListElement":[{"@type":"ListItem","position":1,"name":"Startseite","item":"https:\/\/naturalpoland.com\/de\/"},{"@type":"ListItem","position":2,"name":"Produkte","item":"https:\/\/naturalpoland.com\/de\/produkte\/"},{"@type":"ListItem","position":3,"name":"Limettensamen-\u00d6l"}]},{"@type":"WebSite","@id":"https:\/\/naturalpoland.com\/de\/#website","url":"https:\/\/naturalpoland.com\/de\/","name":"NATURAL POLAND - IMPORT UND HANDEL VON ROHSTOFFEN","description":"Rohstoffe f\u00fcr die Lebensmittelindustrie, Kosmetikindustrie, Pharmaindustrie","publisher":{"@id":"https:\/\/naturalpoland.com\/de\/#organization"},"potentialAction":[{"@type":"SearchAction","target":{"@type":"EntryPoint","urlTemplate":"https:\/\/naturalpoland.com\/de\/?s={search_term_string}"},"query-input":{"@type":"PropertyValueSpecification","valueRequired":true,"valueName":"search_term_string"}}],"inLanguage":"de"},{"@type":"Organization","@id":"https:\/\/naturalpoland.com\/de\/#organization","name":"Natural Poland","url":"https:\/\/naturalpoland.com\/de\/","logo":{"@type":"ImageObject","inLanguage":"de","@id":"https:\/\/naturalpoland.com\/de\/#\/schema\/logo\/image\/","url":"https:\/\/naturalpoland.com\/wp-content\/uploads\/2021\/05\/natural-poland-icon.png","contentUrl":"https:\/\/naturalpoland.com\/wp-content\/uploads\/2021\/05\/natural-poland-icon.png","width":512,"height":512,"caption":"Natural Poland"},"image":{"@id":"https:\/\/naturalpoland.com\/de\/#\/schema\/logo\/image\/"},"sameAs":["https:\/\/www.facebook.com\/naturalpoland.b2b","https:\/\/pl.linkedin.com\/company\/natural-poland","https:\/\/www.youtube.com\/channel\/UCgeGGkvOMahZo-xu_MSEWxg"]}]}},"_links":{"self":[{"href":"https:\/\/naturalpoland.com\/de\/wp-json\/wp\/v2\/product\/13555","targetHints":{"allow":["GET"]}}],"collection":[{"href":"https:\/\/naturalpoland.com\/de\/wp-json\/wp\/v2\/product"}],"about":[{"href":"https:\/\/naturalpoland.com\/de\/wp-json\/wp\/v2\/types\/product"}],"wp:featuredmedia":[{"embeddable":true,"href":"https:\/\/naturalpoland.com\/de\/wp-json\/wp\/v2\/media\/13556"}],"wp:attachment":[{"href":"https:\/\/naturalpoland.com\/de\/wp-json\/wp\/v2\/media?parent=13555"}],"wp:term":[{"taxonomy":"product_brand","embeddable":true,"href":"https:\/\/naturalpoland.com\/de\/wp-json\/wp\/v2\/product_brand?post=13555"},{"taxonomy":"product_cat","embeddable":true,"href":"https:\/\/naturalpoland.com\/de\/wp-json\/wp\/v2\/product_cat?post=13555"},{"taxonomy":"product_tag","embeddable":true,"href":"https:\/\/naturalpoland.com\/de\/wp-json\/wp\/v2\/product_tag?post=13555"}],"curies":[{"name":"wp","href":"https:\/\/api.w.org\/{rel}","templated":true}]}}