{"id":13590,"date":"2021-05-11T13:51:44","date_gmt":"2021-10-28T08:19:46","guid":{"rendered":"https:\/\/naturalpoland.pl\/produkty\/unkategorisiert\/cashewnuss-oel\/"},"modified":"2021-10-28T10:19:46","modified_gmt":"2021-10-28T08:19:46","slug":"cashewnuss-ol","status":"publish","type":"product","link":"https:\/\/naturalpoland.com\/de\/produkte\/speiseole-und-kosmetikole\/cashewnuss-ol\/","title":{"rendered":"Cashewnuss-\u00d6l"},"content":{"rendered":"<p>Eine reiche Vitaminquelle:<br \/>\nCashewnuss-\u00d6l enth\u00e4lt eine hohe Konzentration an Vitamin E, das entz\u00fcndungshemmende, antioxidative und wundheilende Eigenschaften hat. Wirkt Augenkrankheiten und Katarakten entgegen. Dieses \u00d6l reguliert den Cholesterinspiegel und senkt das schlechte Cholesterin. Es hat eine beruhigende Wirkung und f\u00f6rdert einen gesunden Schlaf. Es kann auch die Absorption von Kalzium erh\u00f6hen, das wiederum f\u00fcr den richtigen Aufbau des Skelettsystems unerl\u00e4sslich ist.<\/p>\n<p>&nbsp;<\/p>\n","protected":false},"excerpt":{"rendered":"<p><strong>Cashewnuss-\u00d6l<\/strong> versorgt den K\u00f6rper mit Omega-3, Omega-6 und Omega-9 S\u00e4uren. Es kann in Form von Nahrungserg\u00e4nzungsmitteln oder als Zutat in der K\u00fcche eingenommen werden. Aufgrund des intensiven nussigen Aromas ist dieses \u00d6l f\u00fcr die Zubereitung einiger kalter Gerichte unverzichtbar.<\/p>\n","protected":false},"featured_media":13591,"template":"","meta":{"_acf_changed":false},"product_brand":[],"product_cat":[386],"product_tag":[],"class_list":{"0":"post-13590","1":"product","2":"type-product","3":"status-publish","4":"has-post-thumbnail","6":"product_cat-speiseole-und-kosmetikole","8":"first","9":"instock","10":"shipping-taxable","11":"product-type-simple"},"acf":[],"yoast_head":"<!-- This site is optimized with the Yoast SEO plugin v27.6 - https:\/\/yoast.com\/product\/yoast-seo-wordpress\/ -->\n<title>Cashewnuss-\u00d6l - Gro\u00dfhandelsvertrieb<\/title>\n<meta name=\"robots\" content=\"index, follow, max-snippet:-1, max-image-preview:large, max-video-preview:-1\" \/>\n<link rel=\"canonical\" href=\"https:\/\/naturalpoland.com\/de\/produkte\/speiseole-und-kosmetikole\/cashewnuss-ol\/\" \/>\n<meta property=\"og:locale\" content=\"de_DE\" \/>\n<meta property=\"og:type\" content=\"article\" \/>\n<meta property=\"og:title\" content=\"Cashewnuss-\u00d6l - Gro\u00dfhandelsvertrieb\" \/>\n<meta property=\"og:description\" content=\"Cashewnuss-\u00d6l versorgt den K\u00f6rper mit Omega-3, Omega-6 und Omega-9 S\u00e4uren. Es kann in Form von Nahrungserg\u00e4nzungsmitteln oder als Zutat in der K\u00fcche eingenommen werden. Aufgrund des intensiven nussigen Aromas ist dieses \u00d6l f\u00fcr die Zubereitung einiger kalter Gerichte unverzichtbar.\" \/>\n<meta property=\"og:url\" content=\"https:\/\/naturalpoland.com\/de\/produkte\/speiseole-und-kosmetikole\/cashewnuss-ol\/\" \/>\n<meta property=\"og:site_name\" content=\"NATURAL POLAND - IMPORT UND HANDEL VON ROHSTOFFEN\" \/>\n<meta property=\"article:publisher\" content=\"https:\/\/www.facebook.com\/naturalpoland.b2b\" \/>\n<meta property=\"og:image\" content=\"https:\/\/naturalpoland.com\/wp-content\/uploads\/2021\/05\/cashew-nut-oil.jpg\" \/>\n\t<meta property=\"og:image:width\" content=\"425\" \/>\n\t<meta property=\"og:image:height\" content=\"282\" \/>\n\t<meta property=\"og:image:type\" content=\"image\/jpeg\" \/>\n<script type=\"application\/ld+json\" class=\"yoast-schema-graph\">{\"@context\":\"https:\\\/\\\/schema.org\",\"@graph\":[{\"@type\":\"WebPage\",\"@id\":\"https:\\\/\\\/naturalpoland.com\\\/de\\\/produkte\\\/speiseole-und-kosmetikole\\\/cashewnuss-ol\\\/\",\"url\":\"https:\\\/\\\/naturalpoland.com\\\/de\\\/produkte\\\/speiseole-und-kosmetikole\\\/cashewnuss-ol\\\/\",\"name\":\"Cashewnuss-\u00d6l - Gro\u00dfhandelsvertrieb\",\"isPartOf\":{\"@id\":\"https:\\\/\\\/naturalpoland.com\\\/de\\\/#website\"},\"primaryImageOfPage\":{\"@id\":\"https:\\\/\\\/naturalpoland.com\\\/de\\\/produkte\\\/speiseole-und-kosmetikole\\\/cashewnuss-ol\\\/#primaryimage\"},\"image\":{\"@id\":\"https:\\\/\\\/naturalpoland.com\\\/de\\\/produkte\\\/speiseole-und-kosmetikole\\\/cashewnuss-ol\\\/#primaryimage\"},\"thumbnailUrl\":\"https:\\\/\\\/naturalpoland.com\\\/wp-content\\\/uploads\\\/2021\\\/05\\\/cashew-nut-oil.jpg\",\"datePublished\":\"2021-10-28T08:19:46+00:00\",\"breadcrumb\":{\"@id\":\"https:\\\/\\\/naturalpoland.com\\\/de\\\/produkte\\\/speiseole-und-kosmetikole\\\/cashewnuss-ol\\\/#breadcrumb\"},\"inLanguage\":\"de\",\"potentialAction\":[{\"@type\":\"ReadAction\",\"target\":[\"https:\\\/\\\/naturalpoland.com\\\/de\\\/produkte\\\/speiseole-und-kosmetikole\\\/cashewnuss-ol\\\/\"]}]},{\"@type\":\"ImageObject\",\"inLanguage\":\"de\",\"@id\":\"https:\\\/\\\/naturalpoland.com\\\/de\\\/produkte\\\/speiseole-und-kosmetikole\\\/cashewnuss-ol\\\/#primaryimage\",\"url\":\"https:\\\/\\\/naturalpoland.com\\\/wp-content\\\/uploads\\\/2021\\\/05\\\/cashew-nut-oil.jpg\",\"contentUrl\":\"https:\\\/\\\/naturalpoland.com\\\/wp-content\\\/uploads\\\/2021\\\/05\\\/cashew-nut-oil.jpg\",\"width\":425,\"height\":282},{\"@type\":\"BreadcrumbList\",\"@id\":\"https:\\\/\\\/naturalpoland.com\\\/de\\\/produkte\\\/speiseole-und-kosmetikole\\\/cashewnuss-ol\\\/#breadcrumb\",\"itemListElement\":[{\"@type\":\"ListItem\",\"position\":1,\"name\":\"Startseite\",\"item\":\"https:\\\/\\\/naturalpoland.com\\\/de\\\/\"},{\"@type\":\"ListItem\",\"position\":2,\"name\":\"Produkte\",\"item\":\"https:\\\/\\\/naturalpoland.com\\\/de\\\/produkte\\\/\"},{\"@type\":\"ListItem\",\"position\":3,\"name\":\"Cashewnuss-\u00d6l\"}]},{\"@type\":\"WebSite\",\"@id\":\"https:\\\/\\\/naturalpoland.com\\\/de\\\/#website\",\"url\":\"https:\\\/\\\/naturalpoland.com\\\/de\\\/\",\"name\":\"NATURAL POLAND - IMPORT UND HANDEL VON ROHSTOFFEN\",\"description\":\"Rohstoffe f\u00fcr die Lebensmittelindustrie, Kosmetikindustrie, Pharmaindustrie\",\"publisher\":{\"@id\":\"https:\\\/\\\/naturalpoland.com\\\/de\\\/#organization\"},\"potentialAction\":[{\"@type\":\"SearchAction\",\"target\":{\"@type\":\"EntryPoint\",\"urlTemplate\":\"https:\\\/\\\/naturalpoland.com\\\/de\\\/?s={search_term_string}\"},\"query-input\":{\"@type\":\"PropertyValueSpecification\",\"valueRequired\":true,\"valueName\":\"search_term_string\"}}],\"inLanguage\":\"de\"},{\"@type\":\"Organization\",\"@id\":\"https:\\\/\\\/naturalpoland.com\\\/de\\\/#organization\",\"name\":\"Natural Poland\",\"url\":\"https:\\\/\\\/naturalpoland.com\\\/de\\\/\",\"logo\":{\"@type\":\"ImageObject\",\"inLanguage\":\"de\",\"@id\":\"https:\\\/\\\/naturalpoland.com\\\/de\\\/#\\\/schema\\\/logo\\\/image\\\/\",\"url\":\"https:\\\/\\\/naturalpoland.com\\\/wp-content\\\/uploads\\\/2021\\\/05\\\/natural-poland-icon.png\",\"contentUrl\":\"https:\\\/\\\/naturalpoland.com\\\/wp-content\\\/uploads\\\/2021\\\/05\\\/natural-poland-icon.png\",\"width\":512,\"height\":512,\"caption\":\"Natural Poland\"},\"image\":{\"@id\":\"https:\\\/\\\/naturalpoland.com\\\/de\\\/#\\\/schema\\\/logo\\\/image\\\/\"},\"sameAs\":[\"https:\\\/\\\/www.facebook.com\\\/naturalpoland.b2b\",\"https:\\\/\\\/pl.linkedin.com\\\/company\\\/natural-poland\",\"https:\\\/\\\/www.youtube.com\\\/channel\\\/UCgeGGkvOMahZo-xu_MSEWxg\"]}]}<\/script>\n<!-- \/ Yoast SEO plugin. -->","yoast_head_json":{"title":"Cashewnuss-\u00d6l - Gro\u00dfhandelsvertrieb","robots":{"index":"index","follow":"follow","max-snippet":"max-snippet:-1","max-image-preview":"max-image-preview:large","max-video-preview":"max-video-preview:-1"},"canonical":"https:\/\/naturalpoland.com\/de\/produkte\/speiseole-und-kosmetikole\/cashewnuss-ol\/","og_locale":"de_DE","og_type":"article","og_title":"Cashewnuss-\u00d6l - Gro\u00dfhandelsvertrieb","og_description":"Cashewnuss-\u00d6l versorgt den K\u00f6rper mit Omega-3, Omega-6 und Omega-9 S\u00e4uren. Es kann in Form von Nahrungserg\u00e4nzungsmitteln oder als Zutat in der K\u00fcche eingenommen werden. Aufgrund des intensiven nussigen Aromas ist dieses \u00d6l f\u00fcr die Zubereitung einiger kalter Gerichte unverzichtbar.","og_url":"https:\/\/naturalpoland.com\/de\/produkte\/speiseole-und-kosmetikole\/cashewnuss-ol\/","og_site_name":"NATURAL POLAND - IMPORT UND HANDEL VON ROHSTOFFEN","article_publisher":"https:\/\/www.facebook.com\/naturalpoland.b2b","og_image":[{"width":425,"height":282,"url":"https:\/\/naturalpoland.com\/wp-content\/uploads\/2021\/05\/cashew-nut-oil.jpg","type":"image\/jpeg"}],"schema":{"@context":"https:\/\/schema.org","@graph":[{"@type":"WebPage","@id":"https:\/\/naturalpoland.com\/de\/produkte\/speiseole-und-kosmetikole\/cashewnuss-ol\/","url":"https:\/\/naturalpoland.com\/de\/produkte\/speiseole-und-kosmetikole\/cashewnuss-ol\/","name":"Cashewnuss-\u00d6l - Gro\u00dfhandelsvertrieb","isPartOf":{"@id":"https:\/\/naturalpoland.com\/de\/#website"},"primaryImageOfPage":{"@id":"https:\/\/naturalpoland.com\/de\/produkte\/speiseole-und-kosmetikole\/cashewnuss-ol\/#primaryimage"},"image":{"@id":"https:\/\/naturalpoland.com\/de\/produkte\/speiseole-und-kosmetikole\/cashewnuss-ol\/#primaryimage"},"thumbnailUrl":"https:\/\/naturalpoland.com\/wp-content\/uploads\/2021\/05\/cashew-nut-oil.jpg","datePublished":"2021-10-28T08:19:46+00:00","breadcrumb":{"@id":"https:\/\/naturalpoland.com\/de\/produkte\/speiseole-und-kosmetikole\/cashewnuss-ol\/#breadcrumb"},"inLanguage":"de","potentialAction":[{"@type":"ReadAction","target":["https:\/\/naturalpoland.com\/de\/produkte\/speiseole-und-kosmetikole\/cashewnuss-ol\/"]}]},{"@type":"ImageObject","inLanguage":"de","@id":"https:\/\/naturalpoland.com\/de\/produkte\/speiseole-und-kosmetikole\/cashewnuss-ol\/#primaryimage","url":"https:\/\/naturalpoland.com\/wp-content\/uploads\/2021\/05\/cashew-nut-oil.jpg","contentUrl":"https:\/\/naturalpoland.com\/wp-content\/uploads\/2021\/05\/cashew-nut-oil.jpg","width":425,"height":282},{"@type":"BreadcrumbList","@id":"https:\/\/naturalpoland.com\/de\/produkte\/speiseole-und-kosmetikole\/cashewnuss-ol\/#breadcrumb","itemListElement":[{"@type":"ListItem","position":1,"name":"Startseite","item":"https:\/\/naturalpoland.com\/de\/"},{"@type":"ListItem","position":2,"name":"Produkte","item":"https:\/\/naturalpoland.com\/de\/produkte\/"},{"@type":"ListItem","position":3,"name":"Cashewnuss-\u00d6l"}]},{"@type":"WebSite","@id":"https:\/\/naturalpoland.com\/de\/#website","url":"https:\/\/naturalpoland.com\/de\/","name":"NATURAL POLAND - IMPORT UND HANDEL VON ROHSTOFFEN","description":"Rohstoffe f\u00fcr die Lebensmittelindustrie, Kosmetikindustrie, Pharmaindustrie","publisher":{"@id":"https:\/\/naturalpoland.com\/de\/#organization"},"potentialAction":[{"@type":"SearchAction","target":{"@type":"EntryPoint","urlTemplate":"https:\/\/naturalpoland.com\/de\/?s={search_term_string}"},"query-input":{"@type":"PropertyValueSpecification","valueRequired":true,"valueName":"search_term_string"}}],"inLanguage":"de"},{"@type":"Organization","@id":"https:\/\/naturalpoland.com\/de\/#organization","name":"Natural Poland","url":"https:\/\/naturalpoland.com\/de\/","logo":{"@type":"ImageObject","inLanguage":"de","@id":"https:\/\/naturalpoland.com\/de\/#\/schema\/logo\/image\/","url":"https:\/\/naturalpoland.com\/wp-content\/uploads\/2021\/05\/natural-poland-icon.png","contentUrl":"https:\/\/naturalpoland.com\/wp-content\/uploads\/2021\/05\/natural-poland-icon.png","width":512,"height":512,"caption":"Natural Poland"},"image":{"@id":"https:\/\/naturalpoland.com\/de\/#\/schema\/logo\/image\/"},"sameAs":["https:\/\/www.facebook.com\/naturalpoland.b2b","https:\/\/pl.linkedin.com\/company\/natural-poland","https:\/\/www.youtube.com\/channel\/UCgeGGkvOMahZo-xu_MSEWxg"]}]}},"_links":{"self":[{"href":"https:\/\/naturalpoland.com\/de\/wp-json\/wp\/v2\/product\/13590","targetHints":{"allow":["GET"]}}],"collection":[{"href":"https:\/\/naturalpoland.com\/de\/wp-json\/wp\/v2\/product"}],"about":[{"href":"https:\/\/naturalpoland.com\/de\/wp-json\/wp\/v2\/types\/product"}],"wp:featuredmedia":[{"embeddable":true,"href":"https:\/\/naturalpoland.com\/de\/wp-json\/wp\/v2\/media\/13591"}],"wp:attachment":[{"href":"https:\/\/naturalpoland.com\/de\/wp-json\/wp\/v2\/media?parent=13590"}],"wp:term":[{"taxonomy":"product_brand","embeddable":true,"href":"https:\/\/naturalpoland.com\/de\/wp-json\/wp\/v2\/product_brand?post=13590"},{"taxonomy":"product_cat","embeddable":true,"href":"https:\/\/naturalpoland.com\/de\/wp-json\/wp\/v2\/product_cat?post=13590"},{"taxonomy":"product_tag","embeddable":true,"href":"https:\/\/naturalpoland.com\/de\/wp-json\/wp\/v2\/product_tag?post=13590"}],"curies":[{"name":"wp","href":"https:\/\/api.w.org\/{rel}","templated":true}]}}