{"id":13671,"date":"2021-10-22T15:20:22","date_gmt":"2021-11-02T15:46:52","guid":{"rendered":"https:\/\/naturalpoland.pl\/produkty\/unkategorisiert\/gletscherwasser\/"},"modified":"2024-09-17T12:13:19","modified_gmt":"2024-09-17T10:13:19","slug":"gletscher-wasser","status":"publish","type":"product","link":"https:\/\/naturalpoland.com\/de\/produkte\/produkte-fur-die-kosmetikindustrie\/rohstoffe-fur-kosmetika\/gletscher-wasser\/","title":{"rendered":"Gletscher-Wasser"},"content":{"rendered":"<h2>Ursprung und Eigenschaften von Gletscherwasser:<\/h2>\n<p>  Gletscherwasser wird durch das Schmelzen von Gletschern in Island gewonnen.<br \/>\nDie Gewinnung von Gletscherwasser ist nicht einfach, denn Sie m\u00fcssen den richtigen Ort finden, an dem das Gletschergestein zu schmelzen beginnt.<br \/>\nDiese Orte sind in der Regel nur schwer zug\u00e4nglich.<br \/>\nSie m\u00fcssen eine Stelle finden, an der Sie ein gr\u00f6\u00dferes St\u00fcck Eis finden k\u00f6nnen, das vom Gletscher abgefallen ist.<br \/>\nDas Eis muss zu einem Ort transportiert werden, wo es gereinigt und geschmolzen wird und der Prozess der Abf\u00fcllung in endg\u00fcltige Beh\u00e4lter beginnt.<br \/>\nDas Wasser wird einer nat\u00fcrlichen Filterung unterzogen.<br \/>\nEs hat einen pH-Wert von 8.        <\/p>\n<h2>Gletscherwasser in Kosmetika:<\/h2>\n<p>  In der Kosmetik wird eine R\u00fcckbesinnung auf Nat\u00fcrlichkeit und die Verwendung nat\u00fcrlicher Rohstoffe gesch\u00e4tzt.<br \/>\n<strong>Gletscherwasser ist aufgrund seiner Reinheit, die mit der niedrigen Temperatur und der Art der Gewinnung zusammenh\u00e4ngt, die Grundlage f\u00fcr viele Kosmetikprodukte<\/strong>.<br \/>\nEs ist ein hypoallergener Rohstoff, tr\u00e4gt zu einem angemessenen Feuchtigkeitsgehalt bei und macht die Haut geschmeidiger.<br \/>\nEs ist f\u00fcr empfindliche Haut, allergische Haut und Haut mit Unreinheiten geeignet.<br \/>\nDie Zusammensetzung des Gletscherwassers enth\u00e4lt Mineralien, die die Haut n\u00e4hren, mit Feuchtigkeit versorgen, sie st\u00e4rken, weich machen und regenerieren.      <\/p>\n<h2>Gletscherwasser zum Trinken:<\/h2>\n<p>  Gletscherwasser hat einen unverwechselbaren, leichten Geschmack.<br \/>\nEs ist kein Billigprodukt und gilt daher als exklusive Ware.<br \/>\nDer Geschmack des Wassers \u00e4hnelt dem von Quell- und Kristallwasser.<br \/>\nDer hohe Preis des Wassers h\u00e4ngt mit der Art und Weise zusammen, wie es gewonnen wird, was ziemlich riskant ist.<br \/>\nSie k\u00f6nnen auch billigere Varianten dieses Wassers online finden, aber Sie sollten wachsam sein und seine Echtheit \u00fcberpr\u00fcfen.      <\/p>\n<h2>Die Verwendung von Gletscherwasser:<\/h2>\n<ul>\n<li>Cremes,<\/li>\n<li>Gele,<\/li>\n<li>Lotionen,<\/li>\n<li>Nebeln,<\/li>\n<li>Gesichtsmasken,<\/li>\n<li>Trinkwasser.<\/li>\n<\/ul>\n<p>  Das von uns angebotene Gletscherwasser wird <strong>in der Kosmetikindustrie <\/strong>und <strong>in der Lebensmittelindustrie<\/strong> verwendet. Es hat eine saubere Zusammensetzung und entspricht den Standards f\u00fcr Lebensmittelsicherheit und Qualit\u00e4t.  <\/p>\n<h2>Ist Gletscherwasser gesund?<\/h2>\n<p>  Das von Natural Poland angebotene Gletscherwasser zeichnet sich durch seine au\u00dfergew\u00f6hnliche Reinheit und seinen neutralen pH-Wert aus.<br \/>\nDas Wasser ist frei von vielen modernen Schadstoffen wie Pestiziden, Chemikalien und Mikroplastik, da die Gletscher von industrieller und landwirtschaftlicher Verschmutzung isoliert sind. <\/p>\n<hr>\n<p><strong>Bibliographie<\/strong> Gletscherwasser &#8211; warum sollten Sie es trinken?<br \/>\n&#8211; Familion Gletscherwasser &#8211; f\u00fcr die Gesundheit und die Sch\u00f6nheit &#8211; Vorg.co.uk  <\/p>\n","protected":false},"excerpt":{"rendered":"<p>Wir sind Gro\u00dfh\u00e4ndler f\u00fcr originales Gletscherwasser aus Island, direkt vom Hersteller. Es wird aus gefrorenen Eisbl\u00f6cken gewonnen, wodurch das Wasser mikrobiologisch rein wird und sich f\u00fcr hochwertige Kosmetika und als Trinkwasser eignet.<\/p>\n","protected":false},"featured_media":13511,"template":"","meta":{"_acf_changed":false},"product_brand":[],"product_cat":[382,381,350],"product_tag":[],"class_list":{"0":"post-13671","1":"product","2":"type-product","3":"status-publish","4":"has-post-thumbnail","6":"product_cat-fertige-produkte","7":"product_cat-rohstoffe-fur-kosmetika","8":"product_cat-produkte-der-lebensmittelindustrie","10":"first","11":"instock","12":"shipping-taxable","13":"product-type-simple"},"acf":[],"yoast_head":"<!-- This site is optimized with the Yoast SEO plugin v27.6 - https:\/\/yoast.com\/product\/yoast-seo-wordpress\/ -->\n<title>Gletscher-Wasser - NATURAL POLAND - IMPORT UND HANDEL VON ROHSTOFFEN<\/title>\n<meta name=\"description\" content=\"Wir sind Gro\u00dfh\u00e4ndler f\u00fcr originales Gletscherwasser aus Island, direkt vom Hersteller. Es wird aus gefrorenen Eisbl\u00f6cken extrahiert.\" \/>\n<meta name=\"robots\" content=\"index, follow, max-snippet:-1, max-image-preview:large, max-video-preview:-1\" \/>\n<link rel=\"canonical\" href=\"https:\/\/naturalpoland.com\/de\/produkte\/produkte-fur-die-kosmetikindustrie\/rohstoffe-fur-kosmetika\/gletscher-wasser\/\" \/>\n<meta property=\"og:locale\" content=\"de_DE\" \/>\n<meta property=\"og:type\" content=\"article\" \/>\n<meta property=\"og:title\" content=\"Gletscher-Wasser - NATURAL POLAND - IMPORT UND HANDEL VON ROHSTOFFEN\" \/>\n<meta property=\"og:description\" content=\"Wir sind Gro\u00dfh\u00e4ndler f\u00fcr originales Gletscherwasser aus Island, direkt vom Hersteller. Es wird aus gefrorenen Eisbl\u00f6cken extrahiert.\" \/>\n<meta property=\"og:url\" content=\"https:\/\/naturalpoland.com\/de\/produkte\/produkte-fur-die-kosmetikindustrie\/rohstoffe-fur-kosmetika\/gletscher-wasser\/\" \/>\n<meta property=\"og:site_name\" content=\"NATURAL POLAND - IMPORT UND HANDEL VON ROHSTOFFEN\" \/>\n<meta property=\"article:publisher\" content=\"https:\/\/www.facebook.com\/naturalpoland.b2b\" \/>\n<meta property=\"article:modified_time\" content=\"2024-09-17T10:13:19+00:00\" \/>\n<meta property=\"og:image\" content=\"https:\/\/naturalpoland.com\/wp-content\/uploads\/woda-lodowcowa.jpg\" \/>\n\t<meta property=\"og:image:width\" content=\"650\" \/>\n\t<meta property=\"og:image:height\" content=\"650\" \/>\n\t<meta property=\"og:image:type\" content=\"image\/jpeg\" \/>\n<script type=\"application\/ld+json\" class=\"yoast-schema-graph\">{\"@context\":\"https:\\\/\\\/schema.org\",\"@graph\":[{\"@type\":\"WebPage\",\"@id\":\"https:\\\/\\\/naturalpoland.com\\\/de\\\/produkte\\\/produkte-fur-die-kosmetikindustrie\\\/rohstoffe-fur-kosmetika\\\/gletscher-wasser\\\/\",\"url\":\"https:\\\/\\\/naturalpoland.com\\\/de\\\/produkte\\\/produkte-fur-die-kosmetikindustrie\\\/rohstoffe-fur-kosmetika\\\/gletscher-wasser\\\/\",\"name\":\"Gletscher-Wasser - NATURAL POLAND - IMPORT UND HANDEL VON ROHSTOFFEN\",\"isPartOf\":{\"@id\":\"https:\\\/\\\/naturalpoland.com\\\/de\\\/#website\"},\"primaryImageOfPage\":{\"@id\":\"https:\\\/\\\/naturalpoland.com\\\/de\\\/produkte\\\/produkte-fur-die-kosmetikindustrie\\\/rohstoffe-fur-kosmetika\\\/gletscher-wasser\\\/#primaryimage\"},\"image\":{\"@id\":\"https:\\\/\\\/naturalpoland.com\\\/de\\\/produkte\\\/produkte-fur-die-kosmetikindustrie\\\/rohstoffe-fur-kosmetika\\\/gletscher-wasser\\\/#primaryimage\"},\"thumbnailUrl\":\"https:\\\/\\\/naturalpoland.com\\\/wp-content\\\/uploads\\\/woda-lodowcowa.jpg\",\"datePublished\":\"2021-11-02T15:46:52+00:00\",\"dateModified\":\"2024-09-17T10:13:19+00:00\",\"description\":\"Wir sind Gro\u00dfh\u00e4ndler f\u00fcr originales Gletscherwasser aus Island, direkt vom Hersteller. Es wird aus gefrorenen Eisbl\u00f6cken extrahiert.\",\"breadcrumb\":{\"@id\":\"https:\\\/\\\/naturalpoland.com\\\/de\\\/produkte\\\/produkte-fur-die-kosmetikindustrie\\\/rohstoffe-fur-kosmetika\\\/gletscher-wasser\\\/#breadcrumb\"},\"inLanguage\":\"de\",\"potentialAction\":[{\"@type\":\"ReadAction\",\"target\":[\"https:\\\/\\\/naturalpoland.com\\\/de\\\/produkte\\\/produkte-fur-die-kosmetikindustrie\\\/rohstoffe-fur-kosmetika\\\/gletscher-wasser\\\/\"]}]},{\"@type\":\"ImageObject\",\"inLanguage\":\"de\",\"@id\":\"https:\\\/\\\/naturalpoland.com\\\/de\\\/produkte\\\/produkte-fur-die-kosmetikindustrie\\\/rohstoffe-fur-kosmetika\\\/gletscher-wasser\\\/#primaryimage\",\"url\":\"https:\\\/\\\/naturalpoland.com\\\/wp-content\\\/uploads\\\/woda-lodowcowa.jpg\",\"contentUrl\":\"https:\\\/\\\/naturalpoland.com\\\/wp-content\\\/uploads\\\/woda-lodowcowa.jpg\",\"width\":650,\"height\":650,\"caption\":\"Gletscher-Wasser\"},{\"@type\":\"BreadcrumbList\",\"@id\":\"https:\\\/\\\/naturalpoland.com\\\/de\\\/produkte\\\/produkte-fur-die-kosmetikindustrie\\\/rohstoffe-fur-kosmetika\\\/gletscher-wasser\\\/#breadcrumb\",\"itemListElement\":[{\"@type\":\"ListItem\",\"position\":1,\"name\":\"Startseite\",\"item\":\"https:\\\/\\\/naturalpoland.com\\\/de\\\/\"},{\"@type\":\"ListItem\",\"position\":2,\"name\":\"Produkte\",\"item\":\"https:\\\/\\\/naturalpoland.com\\\/de\\\/produkte\\\/\"},{\"@type\":\"ListItem\",\"position\":3,\"name\":\"Gletscher-Wasser\"}]},{\"@type\":\"WebSite\",\"@id\":\"https:\\\/\\\/naturalpoland.com\\\/de\\\/#website\",\"url\":\"https:\\\/\\\/naturalpoland.com\\\/de\\\/\",\"name\":\"NATURAL POLAND - IMPORT UND HANDEL VON ROHSTOFFEN\",\"description\":\"Rohstoffe f\u00fcr die Lebensmittelindustrie, Kosmetikindustrie, Pharmaindustrie\",\"publisher\":{\"@id\":\"https:\\\/\\\/naturalpoland.com\\\/de\\\/#organization\"},\"potentialAction\":[{\"@type\":\"SearchAction\",\"target\":{\"@type\":\"EntryPoint\",\"urlTemplate\":\"https:\\\/\\\/naturalpoland.com\\\/de\\\/?s={search_term_string}\"},\"query-input\":{\"@type\":\"PropertyValueSpecification\",\"valueRequired\":true,\"valueName\":\"search_term_string\"}}],\"inLanguage\":\"de\"},{\"@type\":\"Organization\",\"@id\":\"https:\\\/\\\/naturalpoland.com\\\/de\\\/#organization\",\"name\":\"Natural Poland\",\"url\":\"https:\\\/\\\/naturalpoland.com\\\/de\\\/\",\"logo\":{\"@type\":\"ImageObject\",\"inLanguage\":\"de\",\"@id\":\"https:\\\/\\\/naturalpoland.com\\\/de\\\/#\\\/schema\\\/logo\\\/image\\\/\",\"url\":\"https:\\\/\\\/naturalpoland.com\\\/wp-content\\\/uploads\\\/2021\\\/05\\\/natural-poland-icon.png\",\"contentUrl\":\"https:\\\/\\\/naturalpoland.com\\\/wp-content\\\/uploads\\\/2021\\\/05\\\/natural-poland-icon.png\",\"width\":512,\"height\":512,\"caption\":\"Natural Poland\"},\"image\":{\"@id\":\"https:\\\/\\\/naturalpoland.com\\\/de\\\/#\\\/schema\\\/logo\\\/image\\\/\"},\"sameAs\":[\"https:\\\/\\\/www.facebook.com\\\/naturalpoland.b2b\",\"https:\\\/\\\/pl.linkedin.com\\\/company\\\/natural-poland\",\"https:\\\/\\\/www.youtube.com\\\/channel\\\/UCgeGGkvOMahZo-xu_MSEWxg\"]}]}<\/script>\n<!-- \/ Yoast SEO plugin. -->","yoast_head_json":{"title":"Gletscher-Wasser - NATURAL POLAND - IMPORT UND HANDEL VON ROHSTOFFEN","description":"Wir sind Gro\u00dfh\u00e4ndler f\u00fcr originales Gletscherwasser aus Island, direkt vom Hersteller. Es wird aus gefrorenen Eisbl\u00f6cken extrahiert.","robots":{"index":"index","follow":"follow","max-snippet":"max-snippet:-1","max-image-preview":"max-image-preview:large","max-video-preview":"max-video-preview:-1"},"canonical":"https:\/\/naturalpoland.com\/de\/produkte\/produkte-fur-die-kosmetikindustrie\/rohstoffe-fur-kosmetika\/gletscher-wasser\/","og_locale":"de_DE","og_type":"article","og_title":"Gletscher-Wasser - NATURAL POLAND - IMPORT UND HANDEL VON ROHSTOFFEN","og_description":"Wir sind Gro\u00dfh\u00e4ndler f\u00fcr originales Gletscherwasser aus Island, direkt vom Hersteller. Es wird aus gefrorenen Eisbl\u00f6cken extrahiert.","og_url":"https:\/\/naturalpoland.com\/de\/produkte\/produkte-fur-die-kosmetikindustrie\/rohstoffe-fur-kosmetika\/gletscher-wasser\/","og_site_name":"NATURAL POLAND - IMPORT UND HANDEL VON ROHSTOFFEN","article_publisher":"https:\/\/www.facebook.com\/naturalpoland.b2b","article_modified_time":"2024-09-17T10:13:19+00:00","og_image":[{"width":650,"height":650,"url":"https:\/\/naturalpoland.com\/wp-content\/uploads\/woda-lodowcowa.jpg","type":"image\/jpeg"}],"schema":{"@context":"https:\/\/schema.org","@graph":[{"@type":"WebPage","@id":"https:\/\/naturalpoland.com\/de\/produkte\/produkte-fur-die-kosmetikindustrie\/rohstoffe-fur-kosmetika\/gletscher-wasser\/","url":"https:\/\/naturalpoland.com\/de\/produkte\/produkte-fur-die-kosmetikindustrie\/rohstoffe-fur-kosmetika\/gletscher-wasser\/","name":"Gletscher-Wasser - NATURAL POLAND - IMPORT UND HANDEL VON ROHSTOFFEN","isPartOf":{"@id":"https:\/\/naturalpoland.com\/de\/#website"},"primaryImageOfPage":{"@id":"https:\/\/naturalpoland.com\/de\/produkte\/produkte-fur-die-kosmetikindustrie\/rohstoffe-fur-kosmetika\/gletscher-wasser\/#primaryimage"},"image":{"@id":"https:\/\/naturalpoland.com\/de\/produkte\/produkte-fur-die-kosmetikindustrie\/rohstoffe-fur-kosmetika\/gletscher-wasser\/#primaryimage"},"thumbnailUrl":"https:\/\/naturalpoland.com\/wp-content\/uploads\/woda-lodowcowa.jpg","datePublished":"2021-11-02T15:46:52+00:00","dateModified":"2024-09-17T10:13:19+00:00","description":"Wir sind Gro\u00dfh\u00e4ndler f\u00fcr originales Gletscherwasser aus Island, direkt vom Hersteller. Es wird aus gefrorenen Eisbl\u00f6cken extrahiert.","breadcrumb":{"@id":"https:\/\/naturalpoland.com\/de\/produkte\/produkte-fur-die-kosmetikindustrie\/rohstoffe-fur-kosmetika\/gletscher-wasser\/#breadcrumb"},"inLanguage":"de","potentialAction":[{"@type":"ReadAction","target":["https:\/\/naturalpoland.com\/de\/produkte\/produkte-fur-die-kosmetikindustrie\/rohstoffe-fur-kosmetika\/gletscher-wasser\/"]}]},{"@type":"ImageObject","inLanguage":"de","@id":"https:\/\/naturalpoland.com\/de\/produkte\/produkte-fur-die-kosmetikindustrie\/rohstoffe-fur-kosmetika\/gletscher-wasser\/#primaryimage","url":"https:\/\/naturalpoland.com\/wp-content\/uploads\/woda-lodowcowa.jpg","contentUrl":"https:\/\/naturalpoland.com\/wp-content\/uploads\/woda-lodowcowa.jpg","width":650,"height":650,"caption":"Gletscher-Wasser"},{"@type":"BreadcrumbList","@id":"https:\/\/naturalpoland.com\/de\/produkte\/produkte-fur-die-kosmetikindustrie\/rohstoffe-fur-kosmetika\/gletscher-wasser\/#breadcrumb","itemListElement":[{"@type":"ListItem","position":1,"name":"Startseite","item":"https:\/\/naturalpoland.com\/de\/"},{"@type":"ListItem","position":2,"name":"Produkte","item":"https:\/\/naturalpoland.com\/de\/produkte\/"},{"@type":"ListItem","position":3,"name":"Gletscher-Wasser"}]},{"@type":"WebSite","@id":"https:\/\/naturalpoland.com\/de\/#website","url":"https:\/\/naturalpoland.com\/de\/","name":"NATURAL POLAND - IMPORT UND HANDEL VON ROHSTOFFEN","description":"Rohstoffe f\u00fcr die Lebensmittelindustrie, Kosmetikindustrie, Pharmaindustrie","publisher":{"@id":"https:\/\/naturalpoland.com\/de\/#organization"},"potentialAction":[{"@type":"SearchAction","target":{"@type":"EntryPoint","urlTemplate":"https:\/\/naturalpoland.com\/de\/?s={search_term_string}"},"query-input":{"@type":"PropertyValueSpecification","valueRequired":true,"valueName":"search_term_string"}}],"inLanguage":"de"},{"@type":"Organization","@id":"https:\/\/naturalpoland.com\/de\/#organization","name":"Natural Poland","url":"https:\/\/naturalpoland.com\/de\/","logo":{"@type":"ImageObject","inLanguage":"de","@id":"https:\/\/naturalpoland.com\/de\/#\/schema\/logo\/image\/","url":"https:\/\/naturalpoland.com\/wp-content\/uploads\/2021\/05\/natural-poland-icon.png","contentUrl":"https:\/\/naturalpoland.com\/wp-content\/uploads\/2021\/05\/natural-poland-icon.png","width":512,"height":512,"caption":"Natural Poland"},"image":{"@id":"https:\/\/naturalpoland.com\/de\/#\/schema\/logo\/image\/"},"sameAs":["https:\/\/www.facebook.com\/naturalpoland.b2b","https:\/\/pl.linkedin.com\/company\/natural-poland","https:\/\/www.youtube.com\/channel\/UCgeGGkvOMahZo-xu_MSEWxg"]}]}},"_links":{"self":[{"href":"https:\/\/naturalpoland.com\/de\/wp-json\/wp\/v2\/product\/13671","targetHints":{"allow":["GET"]}}],"collection":[{"href":"https:\/\/naturalpoland.com\/de\/wp-json\/wp\/v2\/product"}],"about":[{"href":"https:\/\/naturalpoland.com\/de\/wp-json\/wp\/v2\/types\/product"}],"wp:featuredmedia":[{"embeddable":true,"href":"https:\/\/naturalpoland.com\/de\/wp-json\/wp\/v2\/media\/13511"}],"wp:attachment":[{"href":"https:\/\/naturalpoland.com\/de\/wp-json\/wp\/v2\/media?parent=13671"}],"wp:term":[{"taxonomy":"product_brand","embeddable":true,"href":"https:\/\/naturalpoland.com\/de\/wp-json\/wp\/v2\/product_brand?post=13671"},{"taxonomy":"product_cat","embeddable":true,"href":"https:\/\/naturalpoland.com\/de\/wp-json\/wp\/v2\/product_cat?post=13671"},{"taxonomy":"product_tag","embeddable":true,"href":"https:\/\/naturalpoland.com\/de\/wp-json\/wp\/v2\/product_tag?post=13671"}],"curies":[{"name":"wp","href":"https:\/\/api.w.org\/{rel}","templated":true}]}}