{"id":15069,"date":"2021-05-11T13:36:32","date_gmt":"2021-11-15T13:13:26","guid":{"rendered":"https:\/\/naturalpoland.pl\/produkty\/unkategorisiert\/l-ornithin-alpha-ketoglutarat-11\/"},"modified":"2021-11-15T14:13:30","modified_gmt":"2021-11-15T13:13:30","slug":"l-ornithin-alpha-ketoglutarat-1-1","status":"publish","type":"product","link":"https:\/\/naturalpoland.com\/de\/produkte\/produkte-fur-die-pharmaindustrie\/aminosauren\/l-ornithin-alpha-ketoglutarat-1-1\/","title":{"rendered":"L-Ornithin-Alpha-Ketoglutarat 1:1"},"content":{"rendered":"<p>L-Ornithin-Alpha-Ketoglutarat 1:1 ist eine wertvolle Nahrungserg\u00e4nzung, um Harnstoff aus dem K\u00f6rper zu entfernen. Es ist eine gute Unterst\u00fctzung f\u00fcr die Leberfunktion, die gleichzeitig den Stoffwechsel der Aminos\u00e4uren und damit der Proteine im K\u00f6rper verbessert.<\/p>\n","protected":false},"excerpt":{"rendered":"<p>L-Ornithin-Alpha-Ketoglutarat 1:1 ist eine Kombination aus einem Glutars\u00e4urederivat und der proteinfreien Aminos\u00e4ure Ornithin. Diese Kombination verst\u00e4rkt die Wirkung der Aminos\u00e4ure selbst und erh\u00f6ht ihre Wirksamkeit. Ornithin ist wichtig f\u00fcr das reibungslose Funktionieren des K\u00f6rpers, da es den Abtransport von Ammoniak aus dem K\u00f6rper unterst\u00fctzt, was den Aufbau von Muskelmasse beschleunigt. Das Verh\u00e4ltnis 1:1 bedeutet, dass dieses Produkt eine Verbindung enth\u00e4lt, die zu gleichen Mengen aus Glutars\u00e4ure und Ornithin besteht.<\/p>\n","protected":false},"featured_media":7698,"template":"","meta":{"_acf_changed":false},"product_brand":[],"product_cat":[387],"product_tag":[1640],"class_list":{"0":"post-15069","1":"product","2":"type-product","3":"status-publish","4":"has-post-thumbnail","6":"product_cat-aminosauren","7":"product_tag-produkt-nicht-verfugbar","9":"first","10":"instock","11":"shipping-taxable","12":"product-type-simple"},"acf":[],"yoast_head":"<!-- This site is optimized with the Yoast SEO plugin v27.4 - https:\/\/yoast.com\/product\/yoast-seo-wordpress\/ -->\n<title>L-Ornithin-Alpha-Ketoglutarat 1:1 - Gro\u00dfhandelsvertrieb<\/title>\n<meta name=\"robots\" content=\"index, follow, max-snippet:-1, max-image-preview:large, max-video-preview:-1\" \/>\n<link rel=\"canonical\" href=\"https:\/\/naturalpoland.com\/de\/produkte\/produkte-fur-die-pharmaindustrie\/aminosauren\/l-ornithin-alpha-ketoglutarat-1-1\/\" \/>\n<meta property=\"og:locale\" content=\"de_DE\" \/>\n<meta property=\"og:type\" content=\"article\" \/>\n<meta property=\"og:title\" content=\"L-Ornithin-Alpha-Ketoglutarat 1:1 - Gro\u00dfhandelsvertrieb\" \/>\n<meta property=\"og:description\" content=\"L-Ornithin-Alpha-Ketoglutarat 1:1 ist eine Kombination aus einem Glutars\u00e4urederivat und der proteinfreien Aminos\u00e4ure Ornithin. Diese Kombination verst\u00e4rkt die Wirkung der Aminos\u00e4ure selbst und erh\u00f6ht ihre Wirksamkeit. Ornithin ist wichtig f\u00fcr das reibungslose Funktionieren des K\u00f6rpers, da es den Abtransport von Ammoniak aus dem K\u00f6rper unterst\u00fctzt, was den Aufbau von Muskelmasse beschleunigt. Das Verh\u00e4ltnis 1:1 bedeutet, dass dieses Produkt eine Verbindung enth\u00e4lt, die zu gleichen Mengen aus Glutars\u00e4ure und Ornithin besteht.\" \/>\n<meta property=\"og:url\" content=\"https:\/\/naturalpoland.com\/de\/produkte\/produkte-fur-die-pharmaindustrie\/aminosauren\/l-ornithin-alpha-ketoglutarat-1-1\/\" \/>\n<meta property=\"og:site_name\" content=\"NATURAL POLAND - IMPORT UND HANDEL VON ROHSTOFFEN\" \/>\n<meta property=\"article:publisher\" content=\"https:\/\/www.facebook.com\/naturalpoland.b2b\" \/>\n<meta property=\"article:modified_time\" content=\"2021-11-15T13:13:30+00:00\" \/>\n<meta property=\"og:image\" content=\"https:\/\/naturalpoland.com\/wp-content\/uploads\/2021\/05\/alpha-ketoglutarate-the-l-ornithine-1-1.png\" \/>\n\t<meta property=\"og:image:width\" content=\"1130\" \/>\n\t<meta property=\"og:image:height\" content=\"798\" \/>\n\t<meta property=\"og:image:type\" content=\"image\/png\" \/>\n<script type=\"application\/ld+json\" class=\"yoast-schema-graph\">{\"@context\":\"https:\\\/\\\/schema.org\",\"@graph\":[{\"@type\":\"WebPage\",\"@id\":\"https:\\\/\\\/naturalpoland.com\\\/de\\\/produkte\\\/produkte-fur-die-pharmaindustrie\\\/aminosauren\\\/l-ornithin-alpha-ketoglutarat-1-1\\\/\",\"url\":\"https:\\\/\\\/naturalpoland.com\\\/de\\\/produkte\\\/produkte-fur-die-pharmaindustrie\\\/aminosauren\\\/l-ornithin-alpha-ketoglutarat-1-1\\\/\",\"name\":\"L-Ornithin-Alpha-Ketoglutarat 1:1 - Gro\u00dfhandelsvertrieb\",\"isPartOf\":{\"@id\":\"https:\\\/\\\/naturalpoland.com\\\/de\\\/#website\"},\"primaryImageOfPage\":{\"@id\":\"https:\\\/\\\/naturalpoland.com\\\/de\\\/produkte\\\/produkte-fur-die-pharmaindustrie\\\/aminosauren\\\/l-ornithin-alpha-ketoglutarat-1-1\\\/#primaryimage\"},\"image\":{\"@id\":\"https:\\\/\\\/naturalpoland.com\\\/de\\\/produkte\\\/produkte-fur-die-pharmaindustrie\\\/aminosauren\\\/l-ornithin-alpha-ketoglutarat-1-1\\\/#primaryimage\"},\"thumbnailUrl\":\"https:\\\/\\\/naturalpoland.com\\\/wp-content\\\/uploads\\\/2021\\\/05\\\/alpha-ketoglutarate-the-l-ornithine-1-1.png\",\"datePublished\":\"2021-11-15T13:13:26+00:00\",\"dateModified\":\"2021-11-15T13:13:30+00:00\",\"breadcrumb\":{\"@id\":\"https:\\\/\\\/naturalpoland.com\\\/de\\\/produkte\\\/produkte-fur-die-pharmaindustrie\\\/aminosauren\\\/l-ornithin-alpha-ketoglutarat-1-1\\\/#breadcrumb\"},\"inLanguage\":\"de\",\"potentialAction\":[{\"@type\":\"ReadAction\",\"target\":[\"https:\\\/\\\/naturalpoland.com\\\/de\\\/produkte\\\/produkte-fur-die-pharmaindustrie\\\/aminosauren\\\/l-ornithin-alpha-ketoglutarat-1-1\\\/\"]}]},{\"@type\":\"ImageObject\",\"inLanguage\":\"de\",\"@id\":\"https:\\\/\\\/naturalpoland.com\\\/de\\\/produkte\\\/produkte-fur-die-pharmaindustrie\\\/aminosauren\\\/l-ornithin-alpha-ketoglutarat-1-1\\\/#primaryimage\",\"url\":\"https:\\\/\\\/naturalpoland.com\\\/wp-content\\\/uploads\\\/2021\\\/05\\\/alpha-ketoglutarate-the-l-ornithine-1-1.png\",\"contentUrl\":\"https:\\\/\\\/naturalpoland.com\\\/wp-content\\\/uploads\\\/2021\\\/05\\\/alpha-ketoglutarate-the-l-ornithine-1-1.png\",\"width\":1130,\"height\":798},{\"@type\":\"BreadcrumbList\",\"@id\":\"https:\\\/\\\/naturalpoland.com\\\/de\\\/produkte\\\/produkte-fur-die-pharmaindustrie\\\/aminosauren\\\/l-ornithin-alpha-ketoglutarat-1-1\\\/#breadcrumb\",\"itemListElement\":[{\"@type\":\"ListItem\",\"position\":1,\"name\":\"Startseite\",\"item\":\"https:\\\/\\\/naturalpoland.com\\\/de\\\/\"},{\"@type\":\"ListItem\",\"position\":2,\"name\":\"Produkte\",\"item\":\"https:\\\/\\\/naturalpoland.com\\\/de\\\/produkte\\\/\"},{\"@type\":\"ListItem\",\"position\":3,\"name\":\"L-Ornithin-Alpha-Ketoglutarat 1:1\"}]},{\"@type\":\"WebSite\",\"@id\":\"https:\\\/\\\/naturalpoland.com\\\/de\\\/#website\",\"url\":\"https:\\\/\\\/naturalpoland.com\\\/de\\\/\",\"name\":\"NATURAL POLAND - IMPORT UND HANDEL VON ROHSTOFFEN\",\"description\":\"Rohstoffe f\u00fcr die Lebensmittelindustrie, Kosmetikindustrie, Pharmaindustrie\",\"publisher\":{\"@id\":\"https:\\\/\\\/naturalpoland.com\\\/de\\\/#organization\"},\"potentialAction\":[{\"@type\":\"SearchAction\",\"target\":{\"@type\":\"EntryPoint\",\"urlTemplate\":\"https:\\\/\\\/naturalpoland.com\\\/de\\\/?s={search_term_string}\"},\"query-input\":{\"@type\":\"PropertyValueSpecification\",\"valueRequired\":true,\"valueName\":\"search_term_string\"}}],\"inLanguage\":\"de\"},{\"@type\":\"Organization\",\"@id\":\"https:\\\/\\\/naturalpoland.com\\\/de\\\/#organization\",\"name\":\"Natural Poland\",\"url\":\"https:\\\/\\\/naturalpoland.com\\\/de\\\/\",\"logo\":{\"@type\":\"ImageObject\",\"inLanguage\":\"de\",\"@id\":\"https:\\\/\\\/naturalpoland.com\\\/de\\\/#\\\/schema\\\/logo\\\/image\\\/\",\"url\":\"https:\\\/\\\/naturalpoland.com\\\/wp-content\\\/uploads\\\/2021\\\/05\\\/natural-poland-icon.png\",\"contentUrl\":\"https:\\\/\\\/naturalpoland.com\\\/wp-content\\\/uploads\\\/2021\\\/05\\\/natural-poland-icon.png\",\"width\":512,\"height\":512,\"caption\":\"Natural Poland\"},\"image\":{\"@id\":\"https:\\\/\\\/naturalpoland.com\\\/de\\\/#\\\/schema\\\/logo\\\/image\\\/\"},\"sameAs\":[\"https:\\\/\\\/www.facebook.com\\\/naturalpoland.b2b\",\"https:\\\/\\\/pl.linkedin.com\\\/company\\\/natural-poland\",\"https:\\\/\\\/www.youtube.com\\\/channel\\\/UCgeGGkvOMahZo-xu_MSEWxg\"]}]}<\/script>\n<!-- \/ Yoast SEO plugin. -->","yoast_head_json":{"title":"L-Ornithin-Alpha-Ketoglutarat 1:1 - Gro\u00dfhandelsvertrieb","robots":{"index":"index","follow":"follow","max-snippet":"max-snippet:-1","max-image-preview":"max-image-preview:large","max-video-preview":"max-video-preview:-1"},"canonical":"https:\/\/naturalpoland.com\/de\/produkte\/produkte-fur-die-pharmaindustrie\/aminosauren\/l-ornithin-alpha-ketoglutarat-1-1\/","og_locale":"de_DE","og_type":"article","og_title":"L-Ornithin-Alpha-Ketoglutarat 1:1 - Gro\u00dfhandelsvertrieb","og_description":"L-Ornithin-Alpha-Ketoglutarat 1:1 ist eine Kombination aus einem Glutars\u00e4urederivat und der proteinfreien Aminos\u00e4ure Ornithin. Diese Kombination verst\u00e4rkt die Wirkung der Aminos\u00e4ure selbst und erh\u00f6ht ihre Wirksamkeit. Ornithin ist wichtig f\u00fcr das reibungslose Funktionieren des K\u00f6rpers, da es den Abtransport von Ammoniak aus dem K\u00f6rper unterst\u00fctzt, was den Aufbau von Muskelmasse beschleunigt. Das Verh\u00e4ltnis 1:1 bedeutet, dass dieses Produkt eine Verbindung enth\u00e4lt, die zu gleichen Mengen aus Glutars\u00e4ure und Ornithin besteht.","og_url":"https:\/\/naturalpoland.com\/de\/produkte\/produkte-fur-die-pharmaindustrie\/aminosauren\/l-ornithin-alpha-ketoglutarat-1-1\/","og_site_name":"NATURAL POLAND - IMPORT UND HANDEL VON ROHSTOFFEN","article_publisher":"https:\/\/www.facebook.com\/naturalpoland.b2b","article_modified_time":"2021-11-15T13:13:30+00:00","og_image":[{"width":1130,"height":798,"url":"https:\/\/naturalpoland.com\/wp-content\/uploads\/2021\/05\/alpha-ketoglutarate-the-l-ornithine-1-1.png","type":"image\/png"}],"schema":{"@context":"https:\/\/schema.org","@graph":[{"@type":"WebPage","@id":"https:\/\/naturalpoland.com\/de\/produkte\/produkte-fur-die-pharmaindustrie\/aminosauren\/l-ornithin-alpha-ketoglutarat-1-1\/","url":"https:\/\/naturalpoland.com\/de\/produkte\/produkte-fur-die-pharmaindustrie\/aminosauren\/l-ornithin-alpha-ketoglutarat-1-1\/","name":"L-Ornithin-Alpha-Ketoglutarat 1:1 - Gro\u00dfhandelsvertrieb","isPartOf":{"@id":"https:\/\/naturalpoland.com\/de\/#website"},"primaryImageOfPage":{"@id":"https:\/\/naturalpoland.com\/de\/produkte\/produkte-fur-die-pharmaindustrie\/aminosauren\/l-ornithin-alpha-ketoglutarat-1-1\/#primaryimage"},"image":{"@id":"https:\/\/naturalpoland.com\/de\/produkte\/produkte-fur-die-pharmaindustrie\/aminosauren\/l-ornithin-alpha-ketoglutarat-1-1\/#primaryimage"},"thumbnailUrl":"https:\/\/naturalpoland.com\/wp-content\/uploads\/2021\/05\/alpha-ketoglutarate-the-l-ornithine-1-1.png","datePublished":"2021-11-15T13:13:26+00:00","dateModified":"2021-11-15T13:13:30+00:00","breadcrumb":{"@id":"https:\/\/naturalpoland.com\/de\/produkte\/produkte-fur-die-pharmaindustrie\/aminosauren\/l-ornithin-alpha-ketoglutarat-1-1\/#breadcrumb"},"inLanguage":"de","potentialAction":[{"@type":"ReadAction","target":["https:\/\/naturalpoland.com\/de\/produkte\/produkte-fur-die-pharmaindustrie\/aminosauren\/l-ornithin-alpha-ketoglutarat-1-1\/"]}]},{"@type":"ImageObject","inLanguage":"de","@id":"https:\/\/naturalpoland.com\/de\/produkte\/produkte-fur-die-pharmaindustrie\/aminosauren\/l-ornithin-alpha-ketoglutarat-1-1\/#primaryimage","url":"https:\/\/naturalpoland.com\/wp-content\/uploads\/2021\/05\/alpha-ketoglutarate-the-l-ornithine-1-1.png","contentUrl":"https:\/\/naturalpoland.com\/wp-content\/uploads\/2021\/05\/alpha-ketoglutarate-the-l-ornithine-1-1.png","width":1130,"height":798},{"@type":"BreadcrumbList","@id":"https:\/\/naturalpoland.com\/de\/produkte\/produkte-fur-die-pharmaindustrie\/aminosauren\/l-ornithin-alpha-ketoglutarat-1-1\/#breadcrumb","itemListElement":[{"@type":"ListItem","position":1,"name":"Startseite","item":"https:\/\/naturalpoland.com\/de\/"},{"@type":"ListItem","position":2,"name":"Produkte","item":"https:\/\/naturalpoland.com\/de\/produkte\/"},{"@type":"ListItem","position":3,"name":"L-Ornithin-Alpha-Ketoglutarat 1:1"}]},{"@type":"WebSite","@id":"https:\/\/naturalpoland.com\/de\/#website","url":"https:\/\/naturalpoland.com\/de\/","name":"NATURAL POLAND - IMPORT UND HANDEL VON ROHSTOFFEN","description":"Rohstoffe f\u00fcr die Lebensmittelindustrie, Kosmetikindustrie, Pharmaindustrie","publisher":{"@id":"https:\/\/naturalpoland.com\/de\/#organization"},"potentialAction":[{"@type":"SearchAction","target":{"@type":"EntryPoint","urlTemplate":"https:\/\/naturalpoland.com\/de\/?s={search_term_string}"},"query-input":{"@type":"PropertyValueSpecification","valueRequired":true,"valueName":"search_term_string"}}],"inLanguage":"de"},{"@type":"Organization","@id":"https:\/\/naturalpoland.com\/de\/#organization","name":"Natural Poland","url":"https:\/\/naturalpoland.com\/de\/","logo":{"@type":"ImageObject","inLanguage":"de","@id":"https:\/\/naturalpoland.com\/de\/#\/schema\/logo\/image\/","url":"https:\/\/naturalpoland.com\/wp-content\/uploads\/2021\/05\/natural-poland-icon.png","contentUrl":"https:\/\/naturalpoland.com\/wp-content\/uploads\/2021\/05\/natural-poland-icon.png","width":512,"height":512,"caption":"Natural Poland"},"image":{"@id":"https:\/\/naturalpoland.com\/de\/#\/schema\/logo\/image\/"},"sameAs":["https:\/\/www.facebook.com\/naturalpoland.b2b","https:\/\/pl.linkedin.com\/company\/natural-poland","https:\/\/www.youtube.com\/channel\/UCgeGGkvOMahZo-xu_MSEWxg"]}]}},"_links":{"self":[{"href":"https:\/\/naturalpoland.com\/de\/wp-json\/wp\/v2\/product\/15069","targetHints":{"allow":["GET"]}}],"collection":[{"href":"https:\/\/naturalpoland.com\/de\/wp-json\/wp\/v2\/product"}],"about":[{"href":"https:\/\/naturalpoland.com\/de\/wp-json\/wp\/v2\/types\/product"}],"wp:featuredmedia":[{"embeddable":true,"href":"https:\/\/naturalpoland.com\/de\/wp-json\/wp\/v2\/media\/7698"}],"wp:attachment":[{"href":"https:\/\/naturalpoland.com\/de\/wp-json\/wp\/v2\/media?parent=15069"}],"wp:term":[{"taxonomy":"product_brand","embeddable":true,"href":"https:\/\/naturalpoland.com\/de\/wp-json\/wp\/v2\/product_brand?post=15069"},{"taxonomy":"product_cat","embeddable":true,"href":"https:\/\/naturalpoland.com\/de\/wp-json\/wp\/v2\/product_cat?post=15069"},{"taxonomy":"product_tag","embeddable":true,"href":"https:\/\/naturalpoland.com\/de\/wp-json\/wp\/v2\/product_tag?post=15069"}],"curies":[{"name":"wp","href":"https:\/\/api.w.org\/{rel}","templated":true}]}}