{"id":15191,"date":"2021-11-18T11:48:26","date_gmt":"2021-11-22T07:39:27","guid":{"rendered":"https:\/\/naturalpoland.pl\/produkty\/unkategorisiert\/probiotika\/"},"modified":"2021-11-22T08:39:27","modified_gmt":"2021-11-22T07:39:27","slug":"probiotika","status":"publish","type":"product","link":"https:\/\/naturalpoland.com\/de\/produkte\/produkte-fur-die-kosmetikindustrie\/probiotika-de\/probiotika\/","title":{"rendered":"Probiotika"},"content":{"rendered":"<h3>In der Lebensmittel- und Pharmaindustrie:<\/h3>\n<p>Probiotika werden leicht von den Bedingungen, in denen sie vorkommen, aufgenommen. Im Organismus siedeln sie sich leicht im Verdauungstrakt an und verbessern die Funktion der Schleimh\u00e4ute des Verdauungssystems. Sie produzieren keine Toxine und sind resistent gegen die Bedingungen im Magen (niedriger pH-Wert). Sie unterst\u00fctzen das Immunsystem, die Verdauung, die Behandlung von Koliken, Nierensteinen, Lebererkrankungen und das Reizdarmsyndrom. Es wurde nachgewiesen, dass sie das Bakterium Helicobacter pylori bek\u00e4mpfen, das Magengeschw\u00fcre verursacht.<\/p>\n<h3>In der Kosmetikindustrie:<\/h3>\n<p>Durch die Verwendung von Kosmetika mit Bakterienst\u00e4mmen wird unsere Mikroflora wieder aufgef\u00fcllt, was sich positiv auf die Haut auswirkt. Probiotika sch\u00fctzen die Haut vor unerw\u00fcnschten Bakterien und \u00e4u\u00dferen Einfl\u00fcssen und bilden einen &#8222;aktiven Schutz&#8220;.<\/p>\n<p>In der Kosmetik werden sie eingesetzt, um Entz\u00fcndungen zu behandeln, die Schutzbarriere wieder aufzubauen, die Wundheilung zu beschleunigen, die Haut mit Feuchtigkeit zu versorgen, zu gl\u00e4tten und zu regenerieren. Sie eignen sich gut f\u00fcr Anti-Aging-Produkte &#8211; sie gl\u00e4tten die Falten. Probiotika beschleunigen die Heilung gereizter Haut, helfen bei der Regeneration der Epidermis und behandeln Aknel\u00e4sionen. Sie k\u00f6nnen in Pr\u00e4paraten f\u00fcr alle Hauttypen verwendet werden: trocken, sensitiv, mit sichtbaren Entz\u00fcndungen, reif, mit Hautproblemen.<\/p>\n","protected":false},"excerpt":{"rendered":"<p>Experten bezeichnen <strong>Probiotika<\/strong> als &#8222;gute Bakterien&#8220;. Ihren informellen Namen verdanken sie dem breiten Wirkungsspektrum. Diese Bakterienst\u00e4mme m\u00fcssen, um f\u00fcr die Verwendung zugelassen zu werden, eine Reihe von restriktiven Tests durchlaufen und bestimmte Anforderungen erf\u00fcllen.<\/p>\n<p>Wir bieten die folgenden St\u00e4mme an: <strong>Lactobacillus acidophilus, Bifidumbacterium longum, Bifidobacterium lactis, Bacillus coagulans, Lactobacillus plantarum.<\/strong><\/p>\n","protected":false},"featured_media":24314,"template":"","meta":{"_acf_changed":false},"product_brand":[],"product_cat":[2092,369,373],"product_tag":[],"class_list":{"0":"post-15191","1":"product","2":"type-product","3":"status-publish","4":"has-post-thumbnail","6":"product_cat-probiotika-de","7":"product_cat-produkte-fur-die-kosmetikindustrie","8":"product_cat-nahrungserganzungmittel","9":"pa_grupa-substancji-probiotische-bakterien","11":"first","12":"instock","13":"shipping-taxable","14":"product-type-simple"},"acf":[],"yoast_head":"<!-- This site is optimized with the Yoast SEO plugin v27.5 - https:\/\/yoast.com\/product\/yoast-seo-wordpress\/ -->\n<title>Probiotika - Gro\u00dfhandelsvertrieb<\/title>\n<meta name=\"robots\" content=\"index, follow, max-snippet:-1, max-image-preview:large, max-video-preview:-1\" \/>\n<link rel=\"canonical\" href=\"https:\/\/naturalpoland.com\/de\/produkte\/produkte-fur-die-kosmetikindustrie\/probiotika-de\/probiotika\/\" \/>\n<meta property=\"og:locale\" content=\"de_DE\" \/>\n<meta property=\"og:type\" content=\"article\" \/>\n<meta property=\"og:title\" content=\"Probiotika - Gro\u00dfhandelsvertrieb\" \/>\n<meta property=\"og:description\" content=\"Experten bezeichnen Probiotika als &quot;gute Bakterien&quot;. Ihren informellen Namen verdanken sie dem breiten Wirkungsspektrum. Diese Bakterienst\u00e4mme m\u00fcssen, um f\u00fcr die Verwendung zugelassen zu werden, eine Reihe von restriktiven Tests durchlaufen und bestimmte Anforderungen erf\u00fcllen. Wir bieten die folgenden St\u00e4mme an: Lactobacillus acidophilus, Bifidumbacterium longum, Bifidobacterium lactis, Bacillus coagulans, Lactobacillus plantarum.\" \/>\n<meta property=\"og:url\" content=\"https:\/\/naturalpoland.com\/de\/produkte\/produkte-fur-die-kosmetikindustrie\/probiotika-de\/probiotika\/\" \/>\n<meta property=\"og:site_name\" content=\"NATURAL POLAND - IMPORT UND HANDEL VON ROHSTOFFEN\" \/>\n<meta property=\"article:publisher\" content=\"https:\/\/www.facebook.com\/naturalpoland.b2b\" \/>\n<meta property=\"og:image\" content=\"https:\/\/naturalpoland.com\/wp-content\/uploads\/active-probiotics.png\" \/>\n\t<meta property=\"og:image:width\" content=\"595\" \/>\n\t<meta property=\"og:image:height\" content=\"595\" \/>\n\t<meta property=\"og:image:type\" content=\"image\/png\" \/>\n<script type=\"application\/ld+json\" class=\"yoast-schema-graph\">{\"@context\":\"https:\\\/\\\/schema.org\",\"@graph\":[{\"@type\":\"WebPage\",\"@id\":\"https:\\\/\\\/naturalpoland.com\\\/de\\\/produkte\\\/produkte-fur-die-kosmetikindustrie\\\/probiotika-de\\\/probiotika\\\/\",\"url\":\"https:\\\/\\\/naturalpoland.com\\\/de\\\/produkte\\\/produkte-fur-die-kosmetikindustrie\\\/probiotika-de\\\/probiotika\\\/\",\"name\":\"Probiotika - Gro\u00dfhandelsvertrieb\",\"isPartOf\":{\"@id\":\"https:\\\/\\\/naturalpoland.com\\\/de\\\/#website\"},\"primaryImageOfPage\":{\"@id\":\"https:\\\/\\\/naturalpoland.com\\\/de\\\/produkte\\\/produkte-fur-die-kosmetikindustrie\\\/probiotika-de\\\/probiotika\\\/#primaryimage\"},\"image\":{\"@id\":\"https:\\\/\\\/naturalpoland.com\\\/de\\\/produkte\\\/produkte-fur-die-kosmetikindustrie\\\/probiotika-de\\\/probiotika\\\/#primaryimage\"},\"thumbnailUrl\":\"https:\\\/\\\/naturalpoland.com\\\/wp-content\\\/uploads\\\/active-probiotics.png\",\"datePublished\":\"2021-11-22T07:39:27+00:00\",\"breadcrumb\":{\"@id\":\"https:\\\/\\\/naturalpoland.com\\\/de\\\/produkte\\\/produkte-fur-die-kosmetikindustrie\\\/probiotika-de\\\/probiotika\\\/#breadcrumb\"},\"inLanguage\":\"de\",\"potentialAction\":[{\"@type\":\"ReadAction\",\"target\":[\"https:\\\/\\\/naturalpoland.com\\\/de\\\/produkte\\\/produkte-fur-die-kosmetikindustrie\\\/probiotika-de\\\/probiotika\\\/\"]}]},{\"@type\":\"ImageObject\",\"inLanguage\":\"de\",\"@id\":\"https:\\\/\\\/naturalpoland.com\\\/de\\\/produkte\\\/produkte-fur-die-kosmetikindustrie\\\/probiotika-de\\\/probiotika\\\/#primaryimage\",\"url\":\"https:\\\/\\\/naturalpoland.com\\\/wp-content\\\/uploads\\\/active-probiotics.png\",\"contentUrl\":\"https:\\\/\\\/naturalpoland.com\\\/wp-content\\\/uploads\\\/active-probiotics.png\",\"width\":595,\"height\":595},{\"@type\":\"BreadcrumbList\",\"@id\":\"https:\\\/\\\/naturalpoland.com\\\/de\\\/produkte\\\/produkte-fur-die-kosmetikindustrie\\\/probiotika-de\\\/probiotika\\\/#breadcrumb\",\"itemListElement\":[{\"@type\":\"ListItem\",\"position\":1,\"name\":\"Startseite\",\"item\":\"https:\\\/\\\/naturalpoland.com\\\/de\\\/\"},{\"@type\":\"ListItem\",\"position\":2,\"name\":\"Produkte\",\"item\":\"https:\\\/\\\/naturalpoland.com\\\/de\\\/produkte\\\/\"},{\"@type\":\"ListItem\",\"position\":3,\"name\":\"Probiotika\"}]},{\"@type\":\"WebSite\",\"@id\":\"https:\\\/\\\/naturalpoland.com\\\/de\\\/#website\",\"url\":\"https:\\\/\\\/naturalpoland.com\\\/de\\\/\",\"name\":\"NATURAL POLAND - IMPORT UND HANDEL VON ROHSTOFFEN\",\"description\":\"Rohstoffe f\u00fcr die Lebensmittelindustrie, Kosmetikindustrie, Pharmaindustrie\",\"publisher\":{\"@id\":\"https:\\\/\\\/naturalpoland.com\\\/de\\\/#organization\"},\"potentialAction\":[{\"@type\":\"SearchAction\",\"target\":{\"@type\":\"EntryPoint\",\"urlTemplate\":\"https:\\\/\\\/naturalpoland.com\\\/de\\\/?s={search_term_string}\"},\"query-input\":{\"@type\":\"PropertyValueSpecification\",\"valueRequired\":true,\"valueName\":\"search_term_string\"}}],\"inLanguage\":\"de\"},{\"@type\":\"Organization\",\"@id\":\"https:\\\/\\\/naturalpoland.com\\\/de\\\/#organization\",\"name\":\"Natural Poland\",\"url\":\"https:\\\/\\\/naturalpoland.com\\\/de\\\/\",\"logo\":{\"@type\":\"ImageObject\",\"inLanguage\":\"de\",\"@id\":\"https:\\\/\\\/naturalpoland.com\\\/de\\\/#\\\/schema\\\/logo\\\/image\\\/\",\"url\":\"https:\\\/\\\/naturalpoland.com\\\/wp-content\\\/uploads\\\/2021\\\/05\\\/natural-poland-icon.png\",\"contentUrl\":\"https:\\\/\\\/naturalpoland.com\\\/wp-content\\\/uploads\\\/2021\\\/05\\\/natural-poland-icon.png\",\"width\":512,\"height\":512,\"caption\":\"Natural Poland\"},\"image\":{\"@id\":\"https:\\\/\\\/naturalpoland.com\\\/de\\\/#\\\/schema\\\/logo\\\/image\\\/\"},\"sameAs\":[\"https:\\\/\\\/www.facebook.com\\\/naturalpoland.b2b\",\"https:\\\/\\\/pl.linkedin.com\\\/company\\\/natural-poland\",\"https:\\\/\\\/www.youtube.com\\\/channel\\\/UCgeGGkvOMahZo-xu_MSEWxg\"]}]}<\/script>\n<!-- \/ Yoast SEO plugin. -->","yoast_head_json":{"title":"Probiotika - Gro\u00dfhandelsvertrieb","robots":{"index":"index","follow":"follow","max-snippet":"max-snippet:-1","max-image-preview":"max-image-preview:large","max-video-preview":"max-video-preview:-1"},"canonical":"https:\/\/naturalpoland.com\/de\/produkte\/produkte-fur-die-kosmetikindustrie\/probiotika-de\/probiotika\/","og_locale":"de_DE","og_type":"article","og_title":"Probiotika - Gro\u00dfhandelsvertrieb","og_description":"Experten bezeichnen Probiotika als \"gute Bakterien\". Ihren informellen Namen verdanken sie dem breiten Wirkungsspektrum. Diese Bakterienst\u00e4mme m\u00fcssen, um f\u00fcr die Verwendung zugelassen zu werden, eine Reihe von restriktiven Tests durchlaufen und bestimmte Anforderungen erf\u00fcllen. Wir bieten die folgenden St\u00e4mme an: Lactobacillus acidophilus, Bifidumbacterium longum, Bifidobacterium lactis, Bacillus coagulans, Lactobacillus plantarum.","og_url":"https:\/\/naturalpoland.com\/de\/produkte\/produkte-fur-die-kosmetikindustrie\/probiotika-de\/probiotika\/","og_site_name":"NATURAL POLAND - IMPORT UND HANDEL VON ROHSTOFFEN","article_publisher":"https:\/\/www.facebook.com\/naturalpoland.b2b","og_image":[{"width":595,"height":595,"url":"https:\/\/naturalpoland.com\/wp-content\/uploads\/active-probiotics.png","type":"image\/png"}],"schema":{"@context":"https:\/\/schema.org","@graph":[{"@type":"WebPage","@id":"https:\/\/naturalpoland.com\/de\/produkte\/produkte-fur-die-kosmetikindustrie\/probiotika-de\/probiotika\/","url":"https:\/\/naturalpoland.com\/de\/produkte\/produkte-fur-die-kosmetikindustrie\/probiotika-de\/probiotika\/","name":"Probiotika - Gro\u00dfhandelsvertrieb","isPartOf":{"@id":"https:\/\/naturalpoland.com\/de\/#website"},"primaryImageOfPage":{"@id":"https:\/\/naturalpoland.com\/de\/produkte\/produkte-fur-die-kosmetikindustrie\/probiotika-de\/probiotika\/#primaryimage"},"image":{"@id":"https:\/\/naturalpoland.com\/de\/produkte\/produkte-fur-die-kosmetikindustrie\/probiotika-de\/probiotika\/#primaryimage"},"thumbnailUrl":"https:\/\/naturalpoland.com\/wp-content\/uploads\/active-probiotics.png","datePublished":"2021-11-22T07:39:27+00:00","breadcrumb":{"@id":"https:\/\/naturalpoland.com\/de\/produkte\/produkte-fur-die-kosmetikindustrie\/probiotika-de\/probiotika\/#breadcrumb"},"inLanguage":"de","potentialAction":[{"@type":"ReadAction","target":["https:\/\/naturalpoland.com\/de\/produkte\/produkte-fur-die-kosmetikindustrie\/probiotika-de\/probiotika\/"]}]},{"@type":"ImageObject","inLanguage":"de","@id":"https:\/\/naturalpoland.com\/de\/produkte\/produkte-fur-die-kosmetikindustrie\/probiotika-de\/probiotika\/#primaryimage","url":"https:\/\/naturalpoland.com\/wp-content\/uploads\/active-probiotics.png","contentUrl":"https:\/\/naturalpoland.com\/wp-content\/uploads\/active-probiotics.png","width":595,"height":595},{"@type":"BreadcrumbList","@id":"https:\/\/naturalpoland.com\/de\/produkte\/produkte-fur-die-kosmetikindustrie\/probiotika-de\/probiotika\/#breadcrumb","itemListElement":[{"@type":"ListItem","position":1,"name":"Startseite","item":"https:\/\/naturalpoland.com\/de\/"},{"@type":"ListItem","position":2,"name":"Produkte","item":"https:\/\/naturalpoland.com\/de\/produkte\/"},{"@type":"ListItem","position":3,"name":"Probiotika"}]},{"@type":"WebSite","@id":"https:\/\/naturalpoland.com\/de\/#website","url":"https:\/\/naturalpoland.com\/de\/","name":"NATURAL POLAND - IMPORT UND HANDEL VON ROHSTOFFEN","description":"Rohstoffe f\u00fcr die Lebensmittelindustrie, Kosmetikindustrie, Pharmaindustrie","publisher":{"@id":"https:\/\/naturalpoland.com\/de\/#organization"},"potentialAction":[{"@type":"SearchAction","target":{"@type":"EntryPoint","urlTemplate":"https:\/\/naturalpoland.com\/de\/?s={search_term_string}"},"query-input":{"@type":"PropertyValueSpecification","valueRequired":true,"valueName":"search_term_string"}}],"inLanguage":"de"},{"@type":"Organization","@id":"https:\/\/naturalpoland.com\/de\/#organization","name":"Natural Poland","url":"https:\/\/naturalpoland.com\/de\/","logo":{"@type":"ImageObject","inLanguage":"de","@id":"https:\/\/naturalpoland.com\/de\/#\/schema\/logo\/image\/","url":"https:\/\/naturalpoland.com\/wp-content\/uploads\/2021\/05\/natural-poland-icon.png","contentUrl":"https:\/\/naturalpoland.com\/wp-content\/uploads\/2021\/05\/natural-poland-icon.png","width":512,"height":512,"caption":"Natural Poland"},"image":{"@id":"https:\/\/naturalpoland.com\/de\/#\/schema\/logo\/image\/"},"sameAs":["https:\/\/www.facebook.com\/naturalpoland.b2b","https:\/\/pl.linkedin.com\/company\/natural-poland","https:\/\/www.youtube.com\/channel\/UCgeGGkvOMahZo-xu_MSEWxg"]}]}},"_links":{"self":[{"href":"https:\/\/naturalpoland.com\/de\/wp-json\/wp\/v2\/product\/15191","targetHints":{"allow":["GET"]}}],"collection":[{"href":"https:\/\/naturalpoland.com\/de\/wp-json\/wp\/v2\/product"}],"about":[{"href":"https:\/\/naturalpoland.com\/de\/wp-json\/wp\/v2\/types\/product"}],"wp:featuredmedia":[{"embeddable":true,"href":"https:\/\/naturalpoland.com\/de\/wp-json\/wp\/v2\/media\/24314"}],"wp:attachment":[{"href":"https:\/\/naturalpoland.com\/de\/wp-json\/wp\/v2\/media?parent=15191"}],"wp:term":[{"taxonomy":"product_brand","embeddable":true,"href":"https:\/\/naturalpoland.com\/de\/wp-json\/wp\/v2\/product_brand?post=15191"},{"taxonomy":"product_cat","embeddable":true,"href":"https:\/\/naturalpoland.com\/de\/wp-json\/wp\/v2\/product_cat?post=15191"},{"taxonomy":"product_tag","embeddable":true,"href":"https:\/\/naturalpoland.com\/de\/wp-json\/wp\/v2\/product_tag?post=15191"}],"curies":[{"name":"wp","href":"https:\/\/api.w.org\/{rel}","templated":true}]}}