{"id":17241,"date":"2022-01-13T14:59:16","date_gmt":"2022-01-13T13:59:16","guid":{"rendered":"https:\/\/naturalpoland.pl\/produkty\/unkategorisiert\/salz-aus-dem-toten-meer\/"},"modified":"2025-10-22T10:30:27","modified_gmt":"2025-10-22T08:30:27","slug":"totes-meer-salz","status":"publish","type":"product","link":"https:\/\/naturalpoland.com\/de\/produkte\/produkte-fur-die-kosmetikindustrie\/rohstoffe-fur-kosmetika\/totes-meer-salz\/","title":{"rendered":"Salz aus dem Toten Meer"},"content":{"rendered":"<h2>Eigenschaften und Anwendung von Totes Meer Salz:<\/h2>\n<ol>\n<li>Die in dem Salz enthaltenen Mineralien wirken <strong>therapeutisch auf die Haut<\/strong>. Sie f\u00f6rdern die Regeneration und Hydratation der Haut, lindern Symptome von Trockenheit, R\u00f6tungen und unterst\u00fctzen regenerative Prozesse. Salzb\u00e4der helfen, Entz\u00fcndungen zu reduzieren und unterst\u00fctzen die Behandlung von Psoriasis und Ekzemen.  <\/li>\n<li><strong>B\u00e4der mit Salzzusatz f\u00f6rdern die Entspannung<\/strong>, helfen bei der Bek\u00e4mpfung von Muskelschmerzen, Rheuma und Schwellungen. Durch das Aufl\u00f6sen des Salzes in der Badewanne erh\u00e4lt man eine mineralreiche L\u00f6sung, die den K\u00f6rper entspannt, den Blutdruck senkt und die Regeneration nach k\u00f6rperlicher Anstrengung unterst\u00fctzt. <\/li>\n<li>Totes Meer Salz, angewendet in der <strong>Haarpflege<\/strong>, reduziert \u00fcberm\u00e4\u00dfiges Nachfetten der Kopfhaut, unterst\u00fctzt die Entfernung abgestorbener Hautzellen und Verunreinigungen und st\u00e4rkt die Haarwurzeln.<\/li>\n<li>Das Salz kann als nat\u00fcrliches <strong>Gesichts- und K\u00f6rperpeeling<\/strong> verwendet werden. Es hilft, abgestorbene Hautzellen abzutragen, Poren zu befreien und der Haut Gl\u00e4tte und Glanz zu verleihen. <\/li>\n<li><strong>Fu\u00dfb\u00e4der<\/strong> mit Salzzusatz wirken antimykotisch, antiseptisch und st\u00e4rkend auf die N\u00e4gel. Zus\u00e4tzlich lindern solche B\u00e4der m\u00fcde F\u00fc\u00dfe. <\/li>\n<\/ol>\n<p>Nat\u00fcrliches Totes Meer Salz enth\u00e4lt 53 % Magnesiumchlorid und 37 % Kaliumchlorid sowie Bromide, die beruhigend auf das Nervensystem wirken und das Wohlbefinden verbessern. Studien haben best\u00e4tigt, dass Salzb\u00e4der die Schutzbarriere der Haut st\u00e4rken und die Hydratation ihrer Hornschicht erh\u00f6hen. <\/p>\n","protected":false},"excerpt":{"rendered":"<p><strong>Totes Meer Salz<\/strong> ist ein nat\u00fcrliches, ungereinigtes Produkt, reich an wertvollen Mineralien wie Kalzium, Magnesium, Kalium, Eisen, Mangan und Zink. Diese Mineralien helfen, die Epidermis zu st\u00e4rken und dermatologische Probleme wie Psoriasis, Ekzeme, Akne oder \u00fcberm\u00e4\u00dfiges Nachfetten der Haut zu lindern. Die hohe Konzentration an Magnesiumchlorid im Totes Meer Salz besitzt starke reinigende und antibakterielle Eigenschaften.  <\/p>\n","protected":false},"featured_media":17097,"template":"","meta":{"_acf_changed":false},"product_brand":[],"product_cat":[382,381],"product_tag":[],"class_list":{"0":"post-17241","1":"product","2":"type-product","3":"status-publish","4":"has-post-thumbnail","6":"product_cat-fertige-produkte","7":"product_cat-rohstoffe-fur-kosmetika","9":"first","10":"instock","11":"shipping-taxable","12":"product-type-simple"},"acf":[],"yoast_head":"<!-- This site is optimized with the Yoast SEO plugin v27.5 - https:\/\/yoast.com\/product\/yoast-seo-wordpress\/ -->\n<title>Salz aus dem Toten Meer - NATURAL POLAND - IMPORT UND HANDEL VON ROHSTOFFEN<\/title>\n<meta name=\"description\" content=\"Totes Meer Salz ist zur Verwendung als Bestandteil von Entspannungsb\u00e4dern, Kosmetika und zur Pflege problematischer Haut bestimmt.\" \/>\n<meta name=\"robots\" content=\"index, follow, max-snippet:-1, max-image-preview:large, max-video-preview:-1\" \/>\n<link rel=\"canonical\" href=\"https:\/\/naturalpoland.com\/de\/produkte\/produkte-fur-die-kosmetikindustrie\/rohstoffe-fur-kosmetika\/totes-meer-salz\/\" \/>\n<meta property=\"og:locale\" content=\"de_DE\" \/>\n<meta property=\"og:type\" content=\"article\" \/>\n<meta property=\"og:title\" content=\"Salz aus dem Toten Meer - NATURAL POLAND - IMPORT UND HANDEL VON ROHSTOFFEN\" \/>\n<meta property=\"og:description\" content=\"Totes Meer Salz ist zur Verwendung als Bestandteil von Entspannungsb\u00e4dern, Kosmetika und zur Pflege problematischer Haut bestimmt.\" \/>\n<meta property=\"og:url\" content=\"https:\/\/naturalpoland.com\/de\/produkte\/produkte-fur-die-kosmetikindustrie\/rohstoffe-fur-kosmetika\/totes-meer-salz\/\" \/>\n<meta property=\"og:site_name\" content=\"NATURAL POLAND - IMPORT UND HANDEL VON ROHSTOFFEN\" \/>\n<meta property=\"article:publisher\" content=\"https:\/\/www.facebook.com\/naturalpoland.b2b\" \/>\n<meta property=\"article:modified_time\" content=\"2025-10-22T08:30:27+00:00\" \/>\n<meta property=\"og:image\" content=\"https:\/\/naturalpoland.com\/wp-content\/uploads\/sol-z-morza-martwego.jpg\" \/>\n\t<meta property=\"og:image:width\" content=\"650\" \/>\n\t<meta property=\"og:image:height\" content=\"650\" \/>\n\t<meta property=\"og:image:type\" content=\"image\/jpeg\" \/>\n<script type=\"application\/ld+json\" class=\"yoast-schema-graph\">{\"@context\":\"https:\\\/\\\/schema.org\",\"@graph\":[{\"@type\":\"WebPage\",\"@id\":\"https:\\\/\\\/naturalpoland.com\\\/de\\\/produkte\\\/produkte-fur-die-kosmetikindustrie\\\/rohstoffe-fur-kosmetika\\\/totes-meer-salz\\\/\",\"url\":\"https:\\\/\\\/naturalpoland.com\\\/de\\\/produkte\\\/produkte-fur-die-kosmetikindustrie\\\/rohstoffe-fur-kosmetika\\\/totes-meer-salz\\\/\",\"name\":\"Salz aus dem Toten Meer - NATURAL POLAND - IMPORT UND HANDEL VON ROHSTOFFEN\",\"isPartOf\":{\"@id\":\"https:\\\/\\\/naturalpoland.com\\\/de\\\/#website\"},\"primaryImageOfPage\":{\"@id\":\"https:\\\/\\\/naturalpoland.com\\\/de\\\/produkte\\\/produkte-fur-die-kosmetikindustrie\\\/rohstoffe-fur-kosmetika\\\/totes-meer-salz\\\/#primaryimage\"},\"image\":{\"@id\":\"https:\\\/\\\/naturalpoland.com\\\/de\\\/produkte\\\/produkte-fur-die-kosmetikindustrie\\\/rohstoffe-fur-kosmetika\\\/totes-meer-salz\\\/#primaryimage\"},\"thumbnailUrl\":\"https:\\\/\\\/naturalpoland.com\\\/wp-content\\\/uploads\\\/sol-z-morza-martwego.jpg\",\"datePublished\":\"2022-01-13T13:59:16+00:00\",\"dateModified\":\"2025-10-22T08:30:27+00:00\",\"description\":\"Totes Meer Salz ist zur Verwendung als Bestandteil von Entspannungsb\u00e4dern, Kosmetika und zur Pflege problematischer Haut bestimmt.\",\"breadcrumb\":{\"@id\":\"https:\\\/\\\/naturalpoland.com\\\/de\\\/produkte\\\/produkte-fur-die-kosmetikindustrie\\\/rohstoffe-fur-kosmetika\\\/totes-meer-salz\\\/#breadcrumb\"},\"inLanguage\":\"de\",\"potentialAction\":[{\"@type\":\"ReadAction\",\"target\":[\"https:\\\/\\\/naturalpoland.com\\\/de\\\/produkte\\\/produkte-fur-die-kosmetikindustrie\\\/rohstoffe-fur-kosmetika\\\/totes-meer-salz\\\/\"]}]},{\"@type\":\"ImageObject\",\"inLanguage\":\"de\",\"@id\":\"https:\\\/\\\/naturalpoland.com\\\/de\\\/produkte\\\/produkte-fur-die-kosmetikindustrie\\\/rohstoffe-fur-kosmetika\\\/totes-meer-salz\\\/#primaryimage\",\"url\":\"https:\\\/\\\/naturalpoland.com\\\/wp-content\\\/uploads\\\/sol-z-morza-martwego.jpg\",\"contentUrl\":\"https:\\\/\\\/naturalpoland.com\\\/wp-content\\\/uploads\\\/sol-z-morza-martwego.jpg\",\"width\":650,\"height\":650,\"caption\":\"Salz aus dem Toten Meer\"},{\"@type\":\"BreadcrumbList\",\"@id\":\"https:\\\/\\\/naturalpoland.com\\\/de\\\/produkte\\\/produkte-fur-die-kosmetikindustrie\\\/rohstoffe-fur-kosmetika\\\/totes-meer-salz\\\/#breadcrumb\",\"itemListElement\":[{\"@type\":\"ListItem\",\"position\":1,\"name\":\"Startseite\",\"item\":\"https:\\\/\\\/naturalpoland.com\\\/de\\\/\"},{\"@type\":\"ListItem\",\"position\":2,\"name\":\"Produkte\",\"item\":\"https:\\\/\\\/naturalpoland.com\\\/de\\\/produkte\\\/\"},{\"@type\":\"ListItem\",\"position\":3,\"name\":\"Salz aus dem Toten Meer\"}]},{\"@type\":\"WebSite\",\"@id\":\"https:\\\/\\\/naturalpoland.com\\\/de\\\/#website\",\"url\":\"https:\\\/\\\/naturalpoland.com\\\/de\\\/\",\"name\":\"NATURAL POLAND - IMPORT UND HANDEL VON ROHSTOFFEN\",\"description\":\"Rohstoffe f\u00fcr die Lebensmittelindustrie, Kosmetikindustrie, Pharmaindustrie\",\"publisher\":{\"@id\":\"https:\\\/\\\/naturalpoland.com\\\/de\\\/#organization\"},\"potentialAction\":[{\"@type\":\"SearchAction\",\"target\":{\"@type\":\"EntryPoint\",\"urlTemplate\":\"https:\\\/\\\/naturalpoland.com\\\/de\\\/?s={search_term_string}\"},\"query-input\":{\"@type\":\"PropertyValueSpecification\",\"valueRequired\":true,\"valueName\":\"search_term_string\"}}],\"inLanguage\":\"de\"},{\"@type\":\"Organization\",\"@id\":\"https:\\\/\\\/naturalpoland.com\\\/de\\\/#organization\",\"name\":\"Natural Poland\",\"url\":\"https:\\\/\\\/naturalpoland.com\\\/de\\\/\",\"logo\":{\"@type\":\"ImageObject\",\"inLanguage\":\"de\",\"@id\":\"https:\\\/\\\/naturalpoland.com\\\/de\\\/#\\\/schema\\\/logo\\\/image\\\/\",\"url\":\"https:\\\/\\\/naturalpoland.com\\\/wp-content\\\/uploads\\\/2021\\\/05\\\/natural-poland-icon.png\",\"contentUrl\":\"https:\\\/\\\/naturalpoland.com\\\/wp-content\\\/uploads\\\/2021\\\/05\\\/natural-poland-icon.png\",\"width\":512,\"height\":512,\"caption\":\"Natural Poland\"},\"image\":{\"@id\":\"https:\\\/\\\/naturalpoland.com\\\/de\\\/#\\\/schema\\\/logo\\\/image\\\/\"},\"sameAs\":[\"https:\\\/\\\/www.facebook.com\\\/naturalpoland.b2b\",\"https:\\\/\\\/pl.linkedin.com\\\/company\\\/natural-poland\",\"https:\\\/\\\/www.youtube.com\\\/channel\\\/UCgeGGkvOMahZo-xu_MSEWxg\"]}]}<\/script>\n<!-- \/ Yoast SEO plugin. -->","yoast_head_json":{"title":"Salz aus dem Toten Meer - NATURAL POLAND - IMPORT UND HANDEL VON ROHSTOFFEN","description":"Totes Meer Salz ist zur Verwendung als Bestandteil von Entspannungsb\u00e4dern, Kosmetika und zur Pflege problematischer Haut bestimmt.","robots":{"index":"index","follow":"follow","max-snippet":"max-snippet:-1","max-image-preview":"max-image-preview:large","max-video-preview":"max-video-preview:-1"},"canonical":"https:\/\/naturalpoland.com\/de\/produkte\/produkte-fur-die-kosmetikindustrie\/rohstoffe-fur-kosmetika\/totes-meer-salz\/","og_locale":"de_DE","og_type":"article","og_title":"Salz aus dem Toten Meer - NATURAL POLAND - IMPORT UND HANDEL VON ROHSTOFFEN","og_description":"Totes Meer Salz ist zur Verwendung als Bestandteil von Entspannungsb\u00e4dern, Kosmetika und zur Pflege problematischer Haut bestimmt.","og_url":"https:\/\/naturalpoland.com\/de\/produkte\/produkte-fur-die-kosmetikindustrie\/rohstoffe-fur-kosmetika\/totes-meer-salz\/","og_site_name":"NATURAL POLAND - IMPORT UND HANDEL VON ROHSTOFFEN","article_publisher":"https:\/\/www.facebook.com\/naturalpoland.b2b","article_modified_time":"2025-10-22T08:30:27+00:00","og_image":[{"width":650,"height":650,"url":"https:\/\/naturalpoland.com\/wp-content\/uploads\/sol-z-morza-martwego.jpg","type":"image\/jpeg"}],"schema":{"@context":"https:\/\/schema.org","@graph":[{"@type":"WebPage","@id":"https:\/\/naturalpoland.com\/de\/produkte\/produkte-fur-die-kosmetikindustrie\/rohstoffe-fur-kosmetika\/totes-meer-salz\/","url":"https:\/\/naturalpoland.com\/de\/produkte\/produkte-fur-die-kosmetikindustrie\/rohstoffe-fur-kosmetika\/totes-meer-salz\/","name":"Salz aus dem Toten Meer - NATURAL POLAND - IMPORT UND HANDEL VON ROHSTOFFEN","isPartOf":{"@id":"https:\/\/naturalpoland.com\/de\/#website"},"primaryImageOfPage":{"@id":"https:\/\/naturalpoland.com\/de\/produkte\/produkte-fur-die-kosmetikindustrie\/rohstoffe-fur-kosmetika\/totes-meer-salz\/#primaryimage"},"image":{"@id":"https:\/\/naturalpoland.com\/de\/produkte\/produkte-fur-die-kosmetikindustrie\/rohstoffe-fur-kosmetika\/totes-meer-salz\/#primaryimage"},"thumbnailUrl":"https:\/\/naturalpoland.com\/wp-content\/uploads\/sol-z-morza-martwego.jpg","datePublished":"2022-01-13T13:59:16+00:00","dateModified":"2025-10-22T08:30:27+00:00","description":"Totes Meer Salz ist zur Verwendung als Bestandteil von Entspannungsb\u00e4dern, Kosmetika und zur Pflege problematischer Haut bestimmt.","breadcrumb":{"@id":"https:\/\/naturalpoland.com\/de\/produkte\/produkte-fur-die-kosmetikindustrie\/rohstoffe-fur-kosmetika\/totes-meer-salz\/#breadcrumb"},"inLanguage":"de","potentialAction":[{"@type":"ReadAction","target":["https:\/\/naturalpoland.com\/de\/produkte\/produkte-fur-die-kosmetikindustrie\/rohstoffe-fur-kosmetika\/totes-meer-salz\/"]}]},{"@type":"ImageObject","inLanguage":"de","@id":"https:\/\/naturalpoland.com\/de\/produkte\/produkte-fur-die-kosmetikindustrie\/rohstoffe-fur-kosmetika\/totes-meer-salz\/#primaryimage","url":"https:\/\/naturalpoland.com\/wp-content\/uploads\/sol-z-morza-martwego.jpg","contentUrl":"https:\/\/naturalpoland.com\/wp-content\/uploads\/sol-z-morza-martwego.jpg","width":650,"height":650,"caption":"Salz aus dem Toten Meer"},{"@type":"BreadcrumbList","@id":"https:\/\/naturalpoland.com\/de\/produkte\/produkte-fur-die-kosmetikindustrie\/rohstoffe-fur-kosmetika\/totes-meer-salz\/#breadcrumb","itemListElement":[{"@type":"ListItem","position":1,"name":"Startseite","item":"https:\/\/naturalpoland.com\/de\/"},{"@type":"ListItem","position":2,"name":"Produkte","item":"https:\/\/naturalpoland.com\/de\/produkte\/"},{"@type":"ListItem","position":3,"name":"Salz aus dem Toten Meer"}]},{"@type":"WebSite","@id":"https:\/\/naturalpoland.com\/de\/#website","url":"https:\/\/naturalpoland.com\/de\/","name":"NATURAL POLAND - IMPORT UND HANDEL VON ROHSTOFFEN","description":"Rohstoffe f\u00fcr die Lebensmittelindustrie, Kosmetikindustrie, Pharmaindustrie","publisher":{"@id":"https:\/\/naturalpoland.com\/de\/#organization"},"potentialAction":[{"@type":"SearchAction","target":{"@type":"EntryPoint","urlTemplate":"https:\/\/naturalpoland.com\/de\/?s={search_term_string}"},"query-input":{"@type":"PropertyValueSpecification","valueRequired":true,"valueName":"search_term_string"}}],"inLanguage":"de"},{"@type":"Organization","@id":"https:\/\/naturalpoland.com\/de\/#organization","name":"Natural Poland","url":"https:\/\/naturalpoland.com\/de\/","logo":{"@type":"ImageObject","inLanguage":"de","@id":"https:\/\/naturalpoland.com\/de\/#\/schema\/logo\/image\/","url":"https:\/\/naturalpoland.com\/wp-content\/uploads\/2021\/05\/natural-poland-icon.png","contentUrl":"https:\/\/naturalpoland.com\/wp-content\/uploads\/2021\/05\/natural-poland-icon.png","width":512,"height":512,"caption":"Natural Poland"},"image":{"@id":"https:\/\/naturalpoland.com\/de\/#\/schema\/logo\/image\/"},"sameAs":["https:\/\/www.facebook.com\/naturalpoland.b2b","https:\/\/pl.linkedin.com\/company\/natural-poland","https:\/\/www.youtube.com\/channel\/UCgeGGkvOMahZo-xu_MSEWxg"]}]}},"_links":{"self":[{"href":"https:\/\/naturalpoland.com\/de\/wp-json\/wp\/v2\/product\/17241","targetHints":{"allow":["GET"]}}],"collection":[{"href":"https:\/\/naturalpoland.com\/de\/wp-json\/wp\/v2\/product"}],"about":[{"href":"https:\/\/naturalpoland.com\/de\/wp-json\/wp\/v2\/types\/product"}],"wp:featuredmedia":[{"embeddable":true,"href":"https:\/\/naturalpoland.com\/de\/wp-json\/wp\/v2\/media\/17097"}],"wp:attachment":[{"href":"https:\/\/naturalpoland.com\/de\/wp-json\/wp\/v2\/media?parent=17241"}],"wp:term":[{"taxonomy":"product_brand","embeddable":true,"href":"https:\/\/naturalpoland.com\/de\/wp-json\/wp\/v2\/product_brand?post=17241"},{"taxonomy":"product_cat","embeddable":true,"href":"https:\/\/naturalpoland.com\/de\/wp-json\/wp\/v2\/product_cat?post=17241"},{"taxonomy":"product_tag","embeddable":true,"href":"https:\/\/naturalpoland.com\/de\/wp-json\/wp\/v2\/product_tag?post=17241"}],"curies":[{"name":"wp","href":"https:\/\/api.w.org\/{rel}","templated":true}]}}