{"id":18855,"date":"2022-03-24T13:16:25","date_gmt":"2022-05-25T12:38:47","guid":{"rendered":"https:\/\/naturalpoland.pl\/produkty\/unkategorisiert\/oel-aus-gruenen-kaffeebohnen\/"},"modified":"2023-01-20T12:42:13","modified_gmt":"2023-01-20T11:42:13","slug":"grunes-kaffeebohnenol","status":"publish","type":"product","link":"https:\/\/naturalpoland.com\/de\/produkte\/produkte-fur-die-kosmetikindustrie\/kosmetische-ole\/grunes-kaffeebohnenol\/","title":{"rendered":"\u00d6l aus gr\u00fcnen Kaffeebohnen"},"content":{"rendered":"<p>Rohes Kaffee\u00f6l wird aus unger\u00f6steten <strong>Kaffeebohnen<\/strong> gepresst. Es hat eine feine Textur und ist sehr effizient. F\u00e4ngt freie Radikale perfekt ein. Gr\u00fcnes Kaffeebohnen\u00f6l hat eine feuchtigkeitsspendende, faltenhemmende, entz\u00fcndungshemmende und feuchtigkeitsspendende Wirkung und hilft, Entz\u00fcndungen zu lindern. Gr\u00fcnes Kaffee\u00f6l wird zur Pflege trockener, problematischer und empfindlicher Haut empfohlen.<\/p>\n<h3><\/h3>\n<h3>Fetts\u00e4uregehalt von gr\u00fcnem Kaffee\u00f6l:<\/h3>\n<table>\n<tbody>\n<tr>\n<th>NAME DER S\u00c4URE<\/th>\n<th>C-CHAIN<\/th>\n<th>BEREICH (%)<\/th>\n<th>ERGEBNISMETHODE: PB-191\/LF<\/th>\n<\/tr>\n<tr>\n<td>LESS<\/td>\n<td>&lt; C16:0<\/td>\n<td><\/td>\n<td><\/td>\n<\/tr>\n<tr>\n<td>PALMITIN<\/td>\n<td>C16:0<\/td>\n<td>5,0-11,0<\/td>\n<td>10,2<\/td>\n<\/tr>\n<tr>\n<td>PALMITOLEIC<\/td>\n<td>C16:1<\/td>\n<td><\/td>\n<td><\/td>\n<\/tr>\n<tr>\n<td>STEARIN<\/td>\n<td>C18:0<\/td>\n<td>1,0-7,0<\/td>\n<td>4,3<\/td>\n<\/tr>\n<tr>\n<td>OLEIN<\/td>\n<td>C18:1<\/td>\n<td>20,0-35,0<\/td>\n<td>33,3<\/td>\n<\/tr>\n<tr>\n<td>LINOL<\/td>\n<td>C18:2<\/td>\n<td>47,0-65,0<\/td>\n<td>48,7<\/td>\n<\/tr>\n<tr>\n<td>LINOLEN<\/td>\n<td>C18:3<\/td>\n<td><\/td>\n<td><\/td>\n<\/tr>\n<tr>\n<td>LINOLENIC (GLA)<\/td>\n<td>C18:3<\/td>\n<td><\/td>\n<td><\/td>\n<\/tr>\n<tr>\n<td>ICOSANOIC<\/td>\n<td>C20:0<\/td>\n<td><\/td>\n<td><\/td>\n<\/tr>\n<tr>\n<td>ICOSENOIC<\/td>\n<td>C20:1<\/td>\n<td><\/td>\n<td><\/td>\n<\/tr>\n<tr>\n<td>DOCOSANOIC<\/td>\n<td>C22:0<\/td>\n<td><\/td>\n<td><\/td>\n<\/tr>\n<tr>\n<td>ERUCIC<\/td>\n<td>C22:1<\/td>\n<td><\/td>\n<td><\/td>\n<\/tr>\n<tr>\n<td>TETRACOSANOIC<\/td>\n<td>C24:0<\/td>\n<td><\/td>\n<td><\/td>\n<\/tr>\n<\/tbody>\n<\/table>\n<p>&nbsp;<\/p>\n<h2>Gr\u00fcnes Kaffee\u00f6l &#8211; Eigenschaften<\/h2>\n<p>Gr\u00fcnes Kaffeebohnen\u00f6l ist f\u00fcr seine hohe Wirksamkeit bekannt. Studien haben gezeigt, dass es sechsmal effektiver wirkt als <strong><br \/>\n  <a href=\"https:\/\/naturalpoland.pl\/de\/produkte\/produkte-fur-die-kosmetikindustrie\/kosmetische-ole\/jojobaol-gold\/\">Jojoba\u00f6l<\/a><br \/>\n<\/strong> und <strong><br \/>\n  <a href=\"https:\/\/naturalpoland.pl\/de\/produkte\/produkte-fur-die-kosmetikindustrie\/kosmetische-ole\/mandel-ol\/\">S\u00fc\u00dfmandel\u00f6l<\/a><br \/>\n<\/strong>. Sie ist eine sehr reiche Quelle f\u00fcr Linols\u00e4ure und Vitamin E. Das \u00d6l hat eine starke <strong>Anti-Aging-Wirkung<\/strong>. Die in den gr\u00fcnen Kaffeebohnen enthaltenen Phytosterine haben eine straffende Wirkung auf die Haut, was ebenfalls zu ihrem jugendlichen Aussehen beitr\u00e4gt.<\/p>\n<h2>Gr\u00fcnes Kaffee\u00f6l &#8211; Anwendungen<\/h2>\n<p>Dieses \u00d6l ist ein wertvoller <strong>Bestandteil von Kosmetika<\/strong>, die auf die Haut aufgetragen werden. Geeignet f\u00fcr zu Akne neigende und alternde Haut. Es hat eine regenerierende, entz\u00fcndungshemmende und feuchtigkeitsspendende Wirkung. Au\u00dferdem sch\u00fctzt es wirksam vor \u00e4u\u00dferen Einfl\u00fcssen und UV-Strahlung.<\/p>\n","protected":false},"excerpt":{"rendered":"<p><strong>Rohes Kaffeebohnen\u00f6l<\/strong> , kaltgepresst, unraffiniert. Dieses \u00d6l wird in der Kosmetik- und Lebensmittelindustrie verwendet.<\/p>\n","protected":false},"featured_media":18482,"template":"","meta":{"_acf_changed":false},"product_brand":[],"product_cat":[384,386],"product_tag":[],"class_list":{"0":"post-18855","1":"product","2":"type-product","3":"status-publish","4":"has-post-thumbnail","6":"product_cat-kosmetische-ole","7":"product_cat-speiseole-und-kosmetikole","9":"first","10":"instock","11":"shipping-taxable","12":"product-type-simple"},"acf":[],"yoast_head":"<!-- This site is optimized with the Yoast SEO plugin v27.4 - https:\/\/yoast.com\/product\/yoast-seo-wordpress\/ -->\n<title>\u00d6l aus gr\u00fcnen Kaffeebohnen - Gro\u00dfhandelsvertrieb<\/title>\n<meta name=\"robots\" content=\"index, follow, max-snippet:-1, max-image-preview:large, max-video-preview:-1\" \/>\n<link rel=\"canonical\" href=\"https:\/\/naturalpoland.com\/de\/produkte\/produkte-fur-die-kosmetikindustrie\/kosmetische-ole\/grunes-kaffeebohnenol\/\" \/>\n<meta property=\"og:locale\" content=\"de_DE\" \/>\n<meta property=\"og:type\" content=\"article\" \/>\n<meta property=\"og:title\" content=\"\u00d6l aus gr\u00fcnen Kaffeebohnen - Gro\u00dfhandelsvertrieb\" \/>\n<meta property=\"og:description\" content=\"Rohes Kaffeebohnen\u00f6l , kaltgepresst, unraffiniert. Dieses \u00d6l wird in der Kosmetik- und Lebensmittelindustrie verwendet.\" \/>\n<meta property=\"og:url\" content=\"https:\/\/naturalpoland.com\/de\/produkte\/produkte-fur-die-kosmetikindustrie\/kosmetische-ole\/grunes-kaffeebohnenol\/\" \/>\n<meta property=\"og:site_name\" content=\"NATURAL POLAND - IMPORT UND HANDEL VON ROHSTOFFEN\" \/>\n<meta property=\"article:publisher\" content=\"https:\/\/www.facebook.com\/naturalpoland.b2b\" \/>\n<meta property=\"article:modified_time\" content=\"2023-01-20T11:42:13+00:00\" \/>\n<meta property=\"og:image\" content=\"https:\/\/naturalpoland.com\/wp-content\/uploads\/olej-z-nasion-zielonej-kawy.jpg\" \/>\n\t<meta property=\"og:image:width\" content=\"500\" \/>\n\t<meta property=\"og:image:height\" content=\"500\" \/>\n\t<meta property=\"og:image:type\" content=\"image\/jpeg\" \/>\n<script type=\"application\/ld+json\" class=\"yoast-schema-graph\">{\"@context\":\"https:\\\/\\\/schema.org\",\"@graph\":[{\"@type\":\"WebPage\",\"@id\":\"https:\\\/\\\/naturalpoland.com\\\/de\\\/produkte\\\/produkte-fur-die-kosmetikindustrie\\\/kosmetische-ole\\\/grunes-kaffeebohnenol\\\/\",\"url\":\"https:\\\/\\\/naturalpoland.com\\\/de\\\/produkte\\\/produkte-fur-die-kosmetikindustrie\\\/kosmetische-ole\\\/grunes-kaffeebohnenol\\\/\",\"name\":\"\u00d6l aus gr\u00fcnen Kaffeebohnen - Gro\u00dfhandelsvertrieb\",\"isPartOf\":{\"@id\":\"https:\\\/\\\/naturalpoland.com\\\/de\\\/#website\"},\"primaryImageOfPage\":{\"@id\":\"https:\\\/\\\/naturalpoland.com\\\/de\\\/produkte\\\/produkte-fur-die-kosmetikindustrie\\\/kosmetische-ole\\\/grunes-kaffeebohnenol\\\/#primaryimage\"},\"image\":{\"@id\":\"https:\\\/\\\/naturalpoland.com\\\/de\\\/produkte\\\/produkte-fur-die-kosmetikindustrie\\\/kosmetische-ole\\\/grunes-kaffeebohnenol\\\/#primaryimage\"},\"thumbnailUrl\":\"https:\\\/\\\/naturalpoland.com\\\/wp-content\\\/uploads\\\/olej-z-nasion-zielonej-kawy.jpg\",\"datePublished\":\"2022-05-25T12:38:47+00:00\",\"dateModified\":\"2023-01-20T11:42:13+00:00\",\"breadcrumb\":{\"@id\":\"https:\\\/\\\/naturalpoland.com\\\/de\\\/produkte\\\/produkte-fur-die-kosmetikindustrie\\\/kosmetische-ole\\\/grunes-kaffeebohnenol\\\/#breadcrumb\"},\"inLanguage\":\"de\",\"potentialAction\":[{\"@type\":\"ReadAction\",\"target\":[\"https:\\\/\\\/naturalpoland.com\\\/de\\\/produkte\\\/produkte-fur-die-kosmetikindustrie\\\/kosmetische-ole\\\/grunes-kaffeebohnenol\\\/\"]}]},{\"@type\":\"ImageObject\",\"inLanguage\":\"de\",\"@id\":\"https:\\\/\\\/naturalpoland.com\\\/de\\\/produkte\\\/produkte-fur-die-kosmetikindustrie\\\/kosmetische-ole\\\/grunes-kaffeebohnenol\\\/#primaryimage\",\"url\":\"https:\\\/\\\/naturalpoland.com\\\/wp-content\\\/uploads\\\/olej-z-nasion-zielonej-kawy.jpg\",\"contentUrl\":\"https:\\\/\\\/naturalpoland.com\\\/wp-content\\\/uploads\\\/olej-z-nasion-zielonej-kawy.jpg\",\"width\":500,\"height\":500,\"caption\":\"\u00d6l aus gr\u00fcnen Kaffeebohnen\"},{\"@type\":\"BreadcrumbList\",\"@id\":\"https:\\\/\\\/naturalpoland.com\\\/de\\\/produkte\\\/produkte-fur-die-kosmetikindustrie\\\/kosmetische-ole\\\/grunes-kaffeebohnenol\\\/#breadcrumb\",\"itemListElement\":[{\"@type\":\"ListItem\",\"position\":1,\"name\":\"Startseite\",\"item\":\"https:\\\/\\\/naturalpoland.com\\\/de\\\/\"},{\"@type\":\"ListItem\",\"position\":2,\"name\":\"Produkte\",\"item\":\"https:\\\/\\\/naturalpoland.com\\\/de\\\/produkte\\\/\"},{\"@type\":\"ListItem\",\"position\":3,\"name\":\"\u00d6l aus gr\u00fcnen Kaffeebohnen\"}]},{\"@type\":\"WebSite\",\"@id\":\"https:\\\/\\\/naturalpoland.com\\\/de\\\/#website\",\"url\":\"https:\\\/\\\/naturalpoland.com\\\/de\\\/\",\"name\":\"NATURAL POLAND - IMPORT UND HANDEL VON ROHSTOFFEN\",\"description\":\"Rohstoffe f\u00fcr die Lebensmittelindustrie, Kosmetikindustrie, Pharmaindustrie\",\"publisher\":{\"@id\":\"https:\\\/\\\/naturalpoland.com\\\/de\\\/#organization\"},\"potentialAction\":[{\"@type\":\"SearchAction\",\"target\":{\"@type\":\"EntryPoint\",\"urlTemplate\":\"https:\\\/\\\/naturalpoland.com\\\/de\\\/?s={search_term_string}\"},\"query-input\":{\"@type\":\"PropertyValueSpecification\",\"valueRequired\":true,\"valueName\":\"search_term_string\"}}],\"inLanguage\":\"de\"},{\"@type\":\"Organization\",\"@id\":\"https:\\\/\\\/naturalpoland.com\\\/de\\\/#organization\",\"name\":\"Natural Poland\",\"url\":\"https:\\\/\\\/naturalpoland.com\\\/de\\\/\",\"logo\":{\"@type\":\"ImageObject\",\"inLanguage\":\"de\",\"@id\":\"https:\\\/\\\/naturalpoland.com\\\/de\\\/#\\\/schema\\\/logo\\\/image\\\/\",\"url\":\"https:\\\/\\\/naturalpoland.com\\\/wp-content\\\/uploads\\\/2021\\\/05\\\/natural-poland-icon.png\",\"contentUrl\":\"https:\\\/\\\/naturalpoland.com\\\/wp-content\\\/uploads\\\/2021\\\/05\\\/natural-poland-icon.png\",\"width\":512,\"height\":512,\"caption\":\"Natural Poland\"},\"image\":{\"@id\":\"https:\\\/\\\/naturalpoland.com\\\/de\\\/#\\\/schema\\\/logo\\\/image\\\/\"},\"sameAs\":[\"https:\\\/\\\/www.facebook.com\\\/naturalpoland.b2b\",\"https:\\\/\\\/pl.linkedin.com\\\/company\\\/natural-poland\",\"https:\\\/\\\/www.youtube.com\\\/channel\\\/UCgeGGkvOMahZo-xu_MSEWxg\"]}]}<\/script>\n<!-- \/ Yoast SEO plugin. -->","yoast_head_json":{"title":"\u00d6l aus gr\u00fcnen Kaffeebohnen - Gro\u00dfhandelsvertrieb","robots":{"index":"index","follow":"follow","max-snippet":"max-snippet:-1","max-image-preview":"max-image-preview:large","max-video-preview":"max-video-preview:-1"},"canonical":"https:\/\/naturalpoland.com\/de\/produkte\/produkte-fur-die-kosmetikindustrie\/kosmetische-ole\/grunes-kaffeebohnenol\/","og_locale":"de_DE","og_type":"article","og_title":"\u00d6l aus gr\u00fcnen Kaffeebohnen - Gro\u00dfhandelsvertrieb","og_description":"Rohes Kaffeebohnen\u00f6l , kaltgepresst, unraffiniert. Dieses \u00d6l wird in der Kosmetik- und Lebensmittelindustrie verwendet.","og_url":"https:\/\/naturalpoland.com\/de\/produkte\/produkte-fur-die-kosmetikindustrie\/kosmetische-ole\/grunes-kaffeebohnenol\/","og_site_name":"NATURAL POLAND - IMPORT UND HANDEL VON ROHSTOFFEN","article_publisher":"https:\/\/www.facebook.com\/naturalpoland.b2b","article_modified_time":"2023-01-20T11:42:13+00:00","og_image":[{"width":500,"height":500,"url":"https:\/\/naturalpoland.com\/wp-content\/uploads\/olej-z-nasion-zielonej-kawy.jpg","type":"image\/jpeg"}],"schema":{"@context":"https:\/\/schema.org","@graph":[{"@type":"WebPage","@id":"https:\/\/naturalpoland.com\/de\/produkte\/produkte-fur-die-kosmetikindustrie\/kosmetische-ole\/grunes-kaffeebohnenol\/","url":"https:\/\/naturalpoland.com\/de\/produkte\/produkte-fur-die-kosmetikindustrie\/kosmetische-ole\/grunes-kaffeebohnenol\/","name":"\u00d6l aus gr\u00fcnen Kaffeebohnen - Gro\u00dfhandelsvertrieb","isPartOf":{"@id":"https:\/\/naturalpoland.com\/de\/#website"},"primaryImageOfPage":{"@id":"https:\/\/naturalpoland.com\/de\/produkte\/produkte-fur-die-kosmetikindustrie\/kosmetische-ole\/grunes-kaffeebohnenol\/#primaryimage"},"image":{"@id":"https:\/\/naturalpoland.com\/de\/produkte\/produkte-fur-die-kosmetikindustrie\/kosmetische-ole\/grunes-kaffeebohnenol\/#primaryimage"},"thumbnailUrl":"https:\/\/naturalpoland.com\/wp-content\/uploads\/olej-z-nasion-zielonej-kawy.jpg","datePublished":"2022-05-25T12:38:47+00:00","dateModified":"2023-01-20T11:42:13+00:00","breadcrumb":{"@id":"https:\/\/naturalpoland.com\/de\/produkte\/produkte-fur-die-kosmetikindustrie\/kosmetische-ole\/grunes-kaffeebohnenol\/#breadcrumb"},"inLanguage":"de","potentialAction":[{"@type":"ReadAction","target":["https:\/\/naturalpoland.com\/de\/produkte\/produkte-fur-die-kosmetikindustrie\/kosmetische-ole\/grunes-kaffeebohnenol\/"]}]},{"@type":"ImageObject","inLanguage":"de","@id":"https:\/\/naturalpoland.com\/de\/produkte\/produkte-fur-die-kosmetikindustrie\/kosmetische-ole\/grunes-kaffeebohnenol\/#primaryimage","url":"https:\/\/naturalpoland.com\/wp-content\/uploads\/olej-z-nasion-zielonej-kawy.jpg","contentUrl":"https:\/\/naturalpoland.com\/wp-content\/uploads\/olej-z-nasion-zielonej-kawy.jpg","width":500,"height":500,"caption":"\u00d6l aus gr\u00fcnen Kaffeebohnen"},{"@type":"BreadcrumbList","@id":"https:\/\/naturalpoland.com\/de\/produkte\/produkte-fur-die-kosmetikindustrie\/kosmetische-ole\/grunes-kaffeebohnenol\/#breadcrumb","itemListElement":[{"@type":"ListItem","position":1,"name":"Startseite","item":"https:\/\/naturalpoland.com\/de\/"},{"@type":"ListItem","position":2,"name":"Produkte","item":"https:\/\/naturalpoland.com\/de\/produkte\/"},{"@type":"ListItem","position":3,"name":"\u00d6l aus gr\u00fcnen Kaffeebohnen"}]},{"@type":"WebSite","@id":"https:\/\/naturalpoland.com\/de\/#website","url":"https:\/\/naturalpoland.com\/de\/","name":"NATURAL POLAND - IMPORT UND HANDEL VON ROHSTOFFEN","description":"Rohstoffe f\u00fcr die Lebensmittelindustrie, Kosmetikindustrie, Pharmaindustrie","publisher":{"@id":"https:\/\/naturalpoland.com\/de\/#organization"},"potentialAction":[{"@type":"SearchAction","target":{"@type":"EntryPoint","urlTemplate":"https:\/\/naturalpoland.com\/de\/?s={search_term_string}"},"query-input":{"@type":"PropertyValueSpecification","valueRequired":true,"valueName":"search_term_string"}}],"inLanguage":"de"},{"@type":"Organization","@id":"https:\/\/naturalpoland.com\/de\/#organization","name":"Natural Poland","url":"https:\/\/naturalpoland.com\/de\/","logo":{"@type":"ImageObject","inLanguage":"de","@id":"https:\/\/naturalpoland.com\/de\/#\/schema\/logo\/image\/","url":"https:\/\/naturalpoland.com\/wp-content\/uploads\/2021\/05\/natural-poland-icon.png","contentUrl":"https:\/\/naturalpoland.com\/wp-content\/uploads\/2021\/05\/natural-poland-icon.png","width":512,"height":512,"caption":"Natural Poland"},"image":{"@id":"https:\/\/naturalpoland.com\/de\/#\/schema\/logo\/image\/"},"sameAs":["https:\/\/www.facebook.com\/naturalpoland.b2b","https:\/\/pl.linkedin.com\/company\/natural-poland","https:\/\/www.youtube.com\/channel\/UCgeGGkvOMahZo-xu_MSEWxg"]}]}},"_links":{"self":[{"href":"https:\/\/naturalpoland.com\/de\/wp-json\/wp\/v2\/product\/18855","targetHints":{"allow":["GET"]}}],"collection":[{"href":"https:\/\/naturalpoland.com\/de\/wp-json\/wp\/v2\/product"}],"about":[{"href":"https:\/\/naturalpoland.com\/de\/wp-json\/wp\/v2\/types\/product"}],"wp:featuredmedia":[{"embeddable":true,"href":"https:\/\/naturalpoland.com\/de\/wp-json\/wp\/v2\/media\/18482"}],"wp:attachment":[{"href":"https:\/\/naturalpoland.com\/de\/wp-json\/wp\/v2\/media?parent=18855"}],"wp:term":[{"taxonomy":"product_brand","embeddable":true,"href":"https:\/\/naturalpoland.com\/de\/wp-json\/wp\/v2\/product_brand?post=18855"},{"taxonomy":"product_cat","embeddable":true,"href":"https:\/\/naturalpoland.com\/de\/wp-json\/wp\/v2\/product_cat?post=18855"},{"taxonomy":"product_tag","embeddable":true,"href":"https:\/\/naturalpoland.com\/de\/wp-json\/wp\/v2\/product_tag?post=18855"}],"curies":[{"name":"wp","href":"https:\/\/api.w.org\/{rel}","templated":true}]}}