{"id":20171,"date":"2022-10-03T10:54:20","date_gmt":"2022-10-20T07:46:33","guid":{"rendered":"https:\/\/naturalpoland.pl\/produkty\/unkategorisiert\/spinatsamenoel\/"},"modified":"2025-02-04T14:35:34","modified_gmt":"2025-02-04T13:35:34","slug":"kiefernsamenol","status":"publish","type":"product","link":"https:\/\/naturalpoland.com\/de\/produkte\/produkte-der-lebensmittelindustrie\/speiseole\/kiefernsamenol\/","title":{"rendered":"Spinatsamen\u00f6l"},"content":{"rendered":"<h2>Eigenschaften und Zusammensetzung von Spinatsamen\u00f6l<\/h2>\n<p>Spinatsamen\u00f6l enth\u00e4lt einen au\u00dfergew\u00f6hnlich hohen Gehalt an einfach unges\u00e4ttigten Fetts\u00e4uren, darunter <strong>\u00d6ls\u00e4ure (ca. 64%)<\/strong> und <strong>Linols\u00e4ure (ca. 28%)<\/strong>, sowie an <a href=\"https:\/\/naturalpoland.com\/produkty\/produkty-dla-przemyslu-kosmetycznego\/surowce-kosmetyczne\/witamina-a\/\"><strong>Vitamin A<\/strong><\/a>. Diese Inhaltsstoffe verleihen dem \u00d6l Eigenschaften, die den nat\u00fcrlichen Schutz der Haut vor Wasserverlust verst\u00e4rken, ihre Elastizit\u00e4t verbessern und das Erscheinungsbild von Narben und Verf\u00e4rbungen reduzieren. <\/p>\n<p>Bedeutende Mengen an <strong>Vitamin C, E <\/strong>und <strong>K haben <\/strong>wiederum eine antioxidative <strong>Wirkung <\/strong>und sch\u00fctzen die Haut vor vorzeitiger Alterung. Dank der Anwesenheit von <strong>Lutein<\/strong>, einem nat\u00fcrlichen Sonnenschutzmittel, hilft das Spinat\u00f6l, sch\u00e4dliche UV-Strahlung und blaues Licht, das von Computer- und Telefonbildschirmen ausgeht, zu neutralisieren. <\/p>\n<h2>Spinatsamen\u00f6l f\u00fcr die Haut<\/h2>\n<p>Spinatsamen\u00f6l wird f\u00fcr Menschen mit trockener, reifer und empfindlicher Haut empfohlen. Bei regelm\u00e4\u00dfiger Anwendung hilft es, <strong>Verf\u00e4rbungen aufzuhellen, Falten zu reduzieren und den Hautton<\/strong> f\u00fcr ein gesundes und strahlendes Aussehen <strong>auszugleichen<\/strong>. Seine entz\u00fcndungshemmenden Eigenschaften lindern Reizungen, reduzieren R\u00f6tungen und unterst\u00fctzen den Kampf gegen Akne und Ekzeme.  <\/p>\n<p>Aufgrund seiner antioxidativen Eigenschaften kann das \u00d6l als Anti-Falten-Serum, als sch\u00fctzender Lippenbalsam oder als regenerierende Nachtcreme verwendet werden.<\/p>\n<h2>Spinatsamen\u00f6l f\u00fcr die Haare<\/h2>\n<p>Dank seines hohen Gehalts an Vitaminen und Fetts\u00e4uren regt das \u00d6l die Durchblutung der Kopfhaut an, stimuliert die Haarfollikel zum Wachstum, st\u00e4rkt die Haarstruktur und beugt Haarausfall vor. Es kann sowohl als Zusatz zu Masken, Seren und Shampoos als auch direkt auf der Kopfhaut verwendet werden. <\/p>\n<h2>Verwendung von Spinat\u00f6l in Kosmetika<\/h2>\n<p>Spinatsamen\u00f6l kann in verschiedenen kosmetischen Formulierungen von Gesichts-, K\u00f6rper- und Haarpflegeprodukten verwendet werden. Beispiele f\u00fcr die Verwendung von Spinatsamen\u00f6l: <\/p>\n<ul>\n<li><strong>Gesichtscremes und Seren<\/strong> mit feuchtigkeitsspendender und regenerierender Wirkung,<\/li>\n<li><strong>K\u00f6rperlotionen und -butter<\/strong>, die die Haut st\u00e4rken und vor Austrocknung sch\u00fctzen,<\/li>\n<li><strong>Massage\u00f6le<\/strong> zur Verbesserung von Elastizit\u00e4t und Spannkraft der Haut,<\/li>\n<li><strong>Haarshampoos und -sp\u00fclungen<\/strong> zur Stimulierung des Haarwachstums und der Regeneration.<\/li>\n<\/ul>\n<h2>Verwendung in der Lebensmittelindustrie<\/h2>\n<p>In der Ern\u00e4hrung wird Spinat\u00f6l als gesunde Erg\u00e4nzung zu Salaten, So\u00dfen und Pasten verwendet. Dank seines hohen Gehalts an Omega-3- und Omega-6-Fetts\u00e4uren tr\u00e4gt es zur <strong>Regulierung des Cholesterinspiegels<\/strong> bei und unterst\u00fctzt die Funktion von Herz und Nervensystem. Er ist leicht verdaulich und sein zarter, leicht nussiger Geschmack passt gut zu Gem\u00fcse und kalten Gerichten.  <\/p>\n","protected":false},"excerpt":{"rendered":"<p><em>Spinacia Oleracea Seed Oil (Spinacia Oleracea Samen\u00f6l<\/em>), kaltgepresst, erfreut sich zunehmender Beliebtheit bei Herstellern von Naturkosmetik und Reformkost. Es zeichnet sich durch seinen Reichtum an N\u00e4hrstoffen und seine leichte, schnell einziehende Textur aus. <\/p>\n","protected":false},"featured_media":19648,"template":"","meta":{"_acf_changed":false},"product_brand":[],"product_cat":[386,383],"product_tag":[],"class_list":{"0":"post-20171","1":"product","2":"type-product","3":"status-publish","4":"has-post-thumbnail","6":"product_cat-speiseole-und-kosmetikole","7":"product_cat-speiseole","9":"first","10":"instock","11":"shipping-taxable","12":"product-type-simple"},"acf":[],"yoast_head":"<!-- This site is optimized with the Yoast SEO plugin v27.4 - https:\/\/yoast.com\/product\/yoast-seo-wordpress\/ -->\n<title>Spinatsamen\u00f6l - Gro\u00dfhandelsvertrieb<\/title>\n<meta name=\"description\" content=\"Kaltgepresstes Spinatsamen\u00f6l ist eine vielseitige Zutat, die sowohl in der Kosmetik- als auch in der Lebensmittelindustrie verwendet wird.\" \/>\n<meta name=\"robots\" content=\"index, follow, max-snippet:-1, max-image-preview:large, max-video-preview:-1\" \/>\n<link rel=\"canonical\" href=\"https:\/\/naturalpoland.com\/de\/produkte\/produkte-der-lebensmittelindustrie\/speiseole\/kiefernsamenol\/\" \/>\n<meta property=\"og:locale\" content=\"de_DE\" \/>\n<meta property=\"og:type\" content=\"article\" \/>\n<meta property=\"og:title\" content=\"Spinatsamen\u00f6l - Gro\u00dfhandelsvertrieb\" \/>\n<meta property=\"og:description\" content=\"Kaltgepresstes Spinatsamen\u00f6l ist eine vielseitige Zutat, die sowohl in der Kosmetik- als auch in der Lebensmittelindustrie verwendet wird.\" \/>\n<meta property=\"og:url\" content=\"https:\/\/naturalpoland.com\/de\/produkte\/produkte-der-lebensmittelindustrie\/speiseole\/kiefernsamenol\/\" \/>\n<meta property=\"og:site_name\" content=\"NATURAL POLAND - IMPORT UND HANDEL VON ROHSTOFFEN\" \/>\n<meta property=\"article:publisher\" content=\"https:\/\/www.facebook.com\/naturalpoland.b2b\" \/>\n<meta property=\"article:modified_time\" content=\"2025-02-04T13:35:34+00:00\" \/>\n<meta property=\"og:image\" content=\"https:\/\/naturalpoland.com\/wp-content\/uploads\/2022\/10\/olej-z-nasion-szpinaku.jpg\" \/>\n\t<meta property=\"og:image:width\" content=\"800\" \/>\n\t<meta property=\"og:image:height\" content=\"800\" \/>\n\t<meta property=\"og:image:type\" content=\"image\/jpeg\" \/>\n<script type=\"application\/ld+json\" class=\"yoast-schema-graph\">{\"@context\":\"https:\\\/\\\/schema.org\",\"@graph\":[{\"@type\":\"WebPage\",\"@id\":\"https:\\\/\\\/naturalpoland.com\\\/de\\\/produkte\\\/produkte-der-lebensmittelindustrie\\\/speiseole\\\/kiefernsamenol\\\/\",\"url\":\"https:\\\/\\\/naturalpoland.com\\\/de\\\/produkte\\\/produkte-der-lebensmittelindustrie\\\/speiseole\\\/kiefernsamenol\\\/\",\"name\":\"Spinatsamen\u00f6l - Gro\u00dfhandelsvertrieb\",\"isPartOf\":{\"@id\":\"https:\\\/\\\/naturalpoland.com\\\/de\\\/#website\"},\"primaryImageOfPage\":{\"@id\":\"https:\\\/\\\/naturalpoland.com\\\/de\\\/produkte\\\/produkte-der-lebensmittelindustrie\\\/speiseole\\\/kiefernsamenol\\\/#primaryimage\"},\"image\":{\"@id\":\"https:\\\/\\\/naturalpoland.com\\\/de\\\/produkte\\\/produkte-der-lebensmittelindustrie\\\/speiseole\\\/kiefernsamenol\\\/#primaryimage\"},\"thumbnailUrl\":\"https:\\\/\\\/naturalpoland.com\\\/wp-content\\\/uploads\\\/2022\\\/10\\\/olej-z-nasion-szpinaku.jpg\",\"datePublished\":\"2022-10-20T07:46:33+00:00\",\"dateModified\":\"2025-02-04T13:35:34+00:00\",\"description\":\"Kaltgepresstes Spinatsamen\u00f6l ist eine vielseitige Zutat, die sowohl in der Kosmetik- als auch in der Lebensmittelindustrie verwendet wird.\",\"breadcrumb\":{\"@id\":\"https:\\\/\\\/naturalpoland.com\\\/de\\\/produkte\\\/produkte-der-lebensmittelindustrie\\\/speiseole\\\/kiefernsamenol\\\/#breadcrumb\"},\"inLanguage\":\"de\",\"potentialAction\":[{\"@type\":\"ReadAction\",\"target\":[\"https:\\\/\\\/naturalpoland.com\\\/de\\\/produkte\\\/produkte-der-lebensmittelindustrie\\\/speiseole\\\/kiefernsamenol\\\/\"]}]},{\"@type\":\"ImageObject\",\"inLanguage\":\"de\",\"@id\":\"https:\\\/\\\/naturalpoland.com\\\/de\\\/produkte\\\/produkte-der-lebensmittelindustrie\\\/speiseole\\\/kiefernsamenol\\\/#primaryimage\",\"url\":\"https:\\\/\\\/naturalpoland.com\\\/wp-content\\\/uploads\\\/2022\\\/10\\\/olej-z-nasion-szpinaku.jpg\",\"contentUrl\":\"https:\\\/\\\/naturalpoland.com\\\/wp-content\\\/uploads\\\/2022\\\/10\\\/olej-z-nasion-szpinaku.jpg\",\"width\":800,\"height\":800,\"caption\":\"Spinatsamen\u00f6l\"},{\"@type\":\"BreadcrumbList\",\"@id\":\"https:\\\/\\\/naturalpoland.com\\\/de\\\/produkte\\\/produkte-der-lebensmittelindustrie\\\/speiseole\\\/kiefernsamenol\\\/#breadcrumb\",\"itemListElement\":[{\"@type\":\"ListItem\",\"position\":1,\"name\":\"Startseite\",\"item\":\"https:\\\/\\\/naturalpoland.com\\\/de\\\/\"},{\"@type\":\"ListItem\",\"position\":2,\"name\":\"Produkte\",\"item\":\"https:\\\/\\\/naturalpoland.com\\\/de\\\/produkte\\\/\"},{\"@type\":\"ListItem\",\"position\":3,\"name\":\"Spinatsamen\u00f6l\"}]},{\"@type\":\"WebSite\",\"@id\":\"https:\\\/\\\/naturalpoland.com\\\/de\\\/#website\",\"url\":\"https:\\\/\\\/naturalpoland.com\\\/de\\\/\",\"name\":\"NATURAL POLAND - IMPORT UND HANDEL VON ROHSTOFFEN\",\"description\":\"Rohstoffe f\u00fcr die Lebensmittelindustrie, Kosmetikindustrie, Pharmaindustrie\",\"publisher\":{\"@id\":\"https:\\\/\\\/naturalpoland.com\\\/de\\\/#organization\"},\"potentialAction\":[{\"@type\":\"SearchAction\",\"target\":{\"@type\":\"EntryPoint\",\"urlTemplate\":\"https:\\\/\\\/naturalpoland.com\\\/de\\\/?s={search_term_string}\"},\"query-input\":{\"@type\":\"PropertyValueSpecification\",\"valueRequired\":true,\"valueName\":\"search_term_string\"}}],\"inLanguage\":\"de\"},{\"@type\":\"Organization\",\"@id\":\"https:\\\/\\\/naturalpoland.com\\\/de\\\/#organization\",\"name\":\"Natural Poland\",\"url\":\"https:\\\/\\\/naturalpoland.com\\\/de\\\/\",\"logo\":{\"@type\":\"ImageObject\",\"inLanguage\":\"de\",\"@id\":\"https:\\\/\\\/naturalpoland.com\\\/de\\\/#\\\/schema\\\/logo\\\/image\\\/\",\"url\":\"https:\\\/\\\/naturalpoland.com\\\/wp-content\\\/uploads\\\/2021\\\/05\\\/natural-poland-icon.png\",\"contentUrl\":\"https:\\\/\\\/naturalpoland.com\\\/wp-content\\\/uploads\\\/2021\\\/05\\\/natural-poland-icon.png\",\"width\":512,\"height\":512,\"caption\":\"Natural Poland\"},\"image\":{\"@id\":\"https:\\\/\\\/naturalpoland.com\\\/de\\\/#\\\/schema\\\/logo\\\/image\\\/\"},\"sameAs\":[\"https:\\\/\\\/www.facebook.com\\\/naturalpoland.b2b\",\"https:\\\/\\\/pl.linkedin.com\\\/company\\\/natural-poland\",\"https:\\\/\\\/www.youtube.com\\\/channel\\\/UCgeGGkvOMahZo-xu_MSEWxg\"]}]}<\/script>\n<!-- \/ Yoast SEO plugin. -->","yoast_head_json":{"title":"Spinatsamen\u00f6l - Gro\u00dfhandelsvertrieb","description":"Kaltgepresstes Spinatsamen\u00f6l ist eine vielseitige Zutat, die sowohl in der Kosmetik- als auch in der Lebensmittelindustrie verwendet wird.","robots":{"index":"index","follow":"follow","max-snippet":"max-snippet:-1","max-image-preview":"max-image-preview:large","max-video-preview":"max-video-preview:-1"},"canonical":"https:\/\/naturalpoland.com\/de\/produkte\/produkte-der-lebensmittelindustrie\/speiseole\/kiefernsamenol\/","og_locale":"de_DE","og_type":"article","og_title":"Spinatsamen\u00f6l - Gro\u00dfhandelsvertrieb","og_description":"Kaltgepresstes Spinatsamen\u00f6l ist eine vielseitige Zutat, die sowohl in der Kosmetik- als auch in der Lebensmittelindustrie verwendet wird.","og_url":"https:\/\/naturalpoland.com\/de\/produkte\/produkte-der-lebensmittelindustrie\/speiseole\/kiefernsamenol\/","og_site_name":"NATURAL POLAND - IMPORT UND HANDEL VON ROHSTOFFEN","article_publisher":"https:\/\/www.facebook.com\/naturalpoland.b2b","article_modified_time":"2025-02-04T13:35:34+00:00","og_image":[{"width":800,"height":800,"url":"https:\/\/naturalpoland.com\/wp-content\/uploads\/2022\/10\/olej-z-nasion-szpinaku.jpg","type":"image\/jpeg"}],"schema":{"@context":"https:\/\/schema.org","@graph":[{"@type":"WebPage","@id":"https:\/\/naturalpoland.com\/de\/produkte\/produkte-der-lebensmittelindustrie\/speiseole\/kiefernsamenol\/","url":"https:\/\/naturalpoland.com\/de\/produkte\/produkte-der-lebensmittelindustrie\/speiseole\/kiefernsamenol\/","name":"Spinatsamen\u00f6l - Gro\u00dfhandelsvertrieb","isPartOf":{"@id":"https:\/\/naturalpoland.com\/de\/#website"},"primaryImageOfPage":{"@id":"https:\/\/naturalpoland.com\/de\/produkte\/produkte-der-lebensmittelindustrie\/speiseole\/kiefernsamenol\/#primaryimage"},"image":{"@id":"https:\/\/naturalpoland.com\/de\/produkte\/produkte-der-lebensmittelindustrie\/speiseole\/kiefernsamenol\/#primaryimage"},"thumbnailUrl":"https:\/\/naturalpoland.com\/wp-content\/uploads\/2022\/10\/olej-z-nasion-szpinaku.jpg","datePublished":"2022-10-20T07:46:33+00:00","dateModified":"2025-02-04T13:35:34+00:00","description":"Kaltgepresstes Spinatsamen\u00f6l ist eine vielseitige Zutat, die sowohl in der Kosmetik- als auch in der Lebensmittelindustrie verwendet wird.","breadcrumb":{"@id":"https:\/\/naturalpoland.com\/de\/produkte\/produkte-der-lebensmittelindustrie\/speiseole\/kiefernsamenol\/#breadcrumb"},"inLanguage":"de","potentialAction":[{"@type":"ReadAction","target":["https:\/\/naturalpoland.com\/de\/produkte\/produkte-der-lebensmittelindustrie\/speiseole\/kiefernsamenol\/"]}]},{"@type":"ImageObject","inLanguage":"de","@id":"https:\/\/naturalpoland.com\/de\/produkte\/produkte-der-lebensmittelindustrie\/speiseole\/kiefernsamenol\/#primaryimage","url":"https:\/\/naturalpoland.com\/wp-content\/uploads\/2022\/10\/olej-z-nasion-szpinaku.jpg","contentUrl":"https:\/\/naturalpoland.com\/wp-content\/uploads\/2022\/10\/olej-z-nasion-szpinaku.jpg","width":800,"height":800,"caption":"Spinatsamen\u00f6l"},{"@type":"BreadcrumbList","@id":"https:\/\/naturalpoland.com\/de\/produkte\/produkte-der-lebensmittelindustrie\/speiseole\/kiefernsamenol\/#breadcrumb","itemListElement":[{"@type":"ListItem","position":1,"name":"Startseite","item":"https:\/\/naturalpoland.com\/de\/"},{"@type":"ListItem","position":2,"name":"Produkte","item":"https:\/\/naturalpoland.com\/de\/produkte\/"},{"@type":"ListItem","position":3,"name":"Spinatsamen\u00f6l"}]},{"@type":"WebSite","@id":"https:\/\/naturalpoland.com\/de\/#website","url":"https:\/\/naturalpoland.com\/de\/","name":"NATURAL POLAND - IMPORT UND HANDEL VON ROHSTOFFEN","description":"Rohstoffe f\u00fcr die Lebensmittelindustrie, Kosmetikindustrie, Pharmaindustrie","publisher":{"@id":"https:\/\/naturalpoland.com\/de\/#organization"},"potentialAction":[{"@type":"SearchAction","target":{"@type":"EntryPoint","urlTemplate":"https:\/\/naturalpoland.com\/de\/?s={search_term_string}"},"query-input":{"@type":"PropertyValueSpecification","valueRequired":true,"valueName":"search_term_string"}}],"inLanguage":"de"},{"@type":"Organization","@id":"https:\/\/naturalpoland.com\/de\/#organization","name":"Natural Poland","url":"https:\/\/naturalpoland.com\/de\/","logo":{"@type":"ImageObject","inLanguage":"de","@id":"https:\/\/naturalpoland.com\/de\/#\/schema\/logo\/image\/","url":"https:\/\/naturalpoland.com\/wp-content\/uploads\/2021\/05\/natural-poland-icon.png","contentUrl":"https:\/\/naturalpoland.com\/wp-content\/uploads\/2021\/05\/natural-poland-icon.png","width":512,"height":512,"caption":"Natural Poland"},"image":{"@id":"https:\/\/naturalpoland.com\/de\/#\/schema\/logo\/image\/"},"sameAs":["https:\/\/www.facebook.com\/naturalpoland.b2b","https:\/\/pl.linkedin.com\/company\/natural-poland","https:\/\/www.youtube.com\/channel\/UCgeGGkvOMahZo-xu_MSEWxg"]}]}},"_links":{"self":[{"href":"https:\/\/naturalpoland.com\/de\/wp-json\/wp\/v2\/product\/20171","targetHints":{"allow":["GET"]}}],"collection":[{"href":"https:\/\/naturalpoland.com\/de\/wp-json\/wp\/v2\/product"}],"about":[{"href":"https:\/\/naturalpoland.com\/de\/wp-json\/wp\/v2\/types\/product"}],"wp:featuredmedia":[{"embeddable":true,"href":"https:\/\/naturalpoland.com\/de\/wp-json\/wp\/v2\/media\/19648"}],"wp:attachment":[{"href":"https:\/\/naturalpoland.com\/de\/wp-json\/wp\/v2\/media?parent=20171"}],"wp:term":[{"taxonomy":"product_brand","embeddable":true,"href":"https:\/\/naturalpoland.com\/de\/wp-json\/wp\/v2\/product_brand?post=20171"},{"taxonomy":"product_cat","embeddable":true,"href":"https:\/\/naturalpoland.com\/de\/wp-json\/wp\/v2\/product_cat?post=20171"},{"taxonomy":"product_tag","embeddable":true,"href":"https:\/\/naturalpoland.com\/de\/wp-json\/wp\/v2\/product_tag?post=20171"}],"curies":[{"name":"wp","href":"https:\/\/api.w.org\/{rel}","templated":true}]}}