{"id":21118,"date":"2023-03-20T16:11:39","date_gmt":"2023-03-20T15:11:39","guid":{"rendered":"https:\/\/naturalpoland.pl\/produkty\/unkategorisiert\/kupferpeptide\/"},"modified":"2024-10-10T15:34:10","modified_gmt":"2024-10-10T13:34:10","slug":"peptide-kupfer","status":"publish","type":"product","link":"https:\/\/naturalpoland.com\/de\/produkte\/produkte-fur-die-kosmetikindustrie\/rohstoffe-fur-kosmetika\/peptide-kupfer\/","title":{"rendered":"Kupferpeptide"},"content":{"rendered":"<h2>Eigenschaften<\/h2>\n<p>GHK-Cu Kupferpeptide sind nat\u00fcrlich vorkommende Tripeptide (Glycin-Histidin-Lysin) im menschlichen K\u00f6rper, die die F\u00e4higkeit aufweisen, Kupfer zu binden. Mit diesem Element, das f\u00fcr das reibungslose Funktionieren des K\u00f6rpers unerl\u00e4sslich ist, ist die biologische Aktivit\u00e4t der Kupferpeptide verbunden.<\/p>\n<p>Durch die Bindung von Ionen und die Modulation des Kupferspiegels im Gewebe zeigt GHK-Cu die F\u00e4higkeit,<strong> die Kollagensynthese zu erh\u00f6hen<\/strong>, <strong>die Regeneration und die Ausdehnung von Blutgef\u00e4\u00dfen und Nerven zu stimulieren<\/strong>, die Elastinsynthese zu verbessern und eine positive Wirkung auf die hautbildenden Fibroblasten zu haben. Dar\u00fcber hinaus wurden auch <strong>entz\u00fcndungshemmende<\/strong> und <strong>tumorhemmende<\/strong> Wirkungen von Kupferpeptiden beobachtet.<\/p>\n<h2>Anmeldung<\/h2>\n<p>Die vorteilhaften Wirkungen auf die menschliche Haut machen Kupferpeptide <strong>in kosmetischen Anwendungen<\/strong> vielseitig einsetzbar. Dazu geh\u00f6ren nicht nur die typischen Hautpflegeeigenschaften wie die Verbesserung der Hautfestigkeit, die Gl\u00e4ttung von Falten und die Verbesserung des Hauttons. GHK-Cu eignet sich auch zur Beschleunigung der Regeneration und Heilung von Wunden, einschlie\u00dflich Geschw\u00fcren, sowie zur Beschleunigung des Haarwachstums und zur Verhinderung von Haarausfall.<\/p>\n<p>Copper Tripeptide-1 ist der ideale Wirkstoff f\u00fcr die Formulierung:<\/p>\n<ul>\n<li>Anti-Ageing-Cremes,<\/li>\n<li>Regenerative Seren,<\/li>\n<li>Pr\u00e4parate f\u00fcr empfindliche und problematische Haut,<\/li>\n<li>Produkte zur F\u00f6rderung der Wundheilung und Hautpflege nach dermatologischen Eingriffen.<\/li>\n<\/ul>\n","protected":false},"excerpt":{"rendered":"<p><strong>GHK-Cu<\/strong> <strong>Kupferpeptid<\/strong>(INICI: <strong>Copper Tripeptide-1<\/strong>) ist ein hoch gereinigtes blaues Kupferpeptid, das haupts\u00e4chlich in der Kosmetik verwendet wird. Es ist besonders beliebt in Hautpflegeformulierungen, die die Reparaturprozesse der Haut unterst\u00fctzen, die Kollagensynthese stimulieren und die Hautbarriere st\u00e4rken. <\/p>\n","protected":false},"featured_media":36456,"template":"","meta":{"_acf_changed":false},"product_brand":[],"product_cat":[381,2492],"product_tag":[],"class_list":{"0":"post-21118","1":"product","2":"type-product","3":"status-publish","4":"has-post-thumbnail","6":"product_cat-rohstoffe-fur-kosmetika","7":"product_cat-peptide","9":"first","10":"instock","11":"shipping-taxable","12":"product-type-simple"},"acf":[],"yoast_head":"<!-- This site is optimized with the Yoast SEO plugin v27.5 - https:\/\/yoast.com\/product\/yoast-seo-wordpress\/ -->\n<title>Kupferpeptide - NATURAL POLAND - IMPORT UND HANDEL VON ROHSTOFFEN<\/title>\n<meta name=\"description\" content=\"GHK-Cu Kupferpeptide (INICI: Copper Tripeptide-1) sind im menschlichen K\u00f6rper nat\u00fcrlich vorkommende Tripeptide, die die F\u00e4higkeit aufweisen, Kupfer zu binden.\" \/>\n<meta name=\"robots\" content=\"index, follow, max-snippet:-1, max-image-preview:large, max-video-preview:-1\" \/>\n<link rel=\"canonical\" href=\"https:\/\/naturalpoland.com\/de\/produkte\/produkte-fur-die-kosmetikindustrie\/rohstoffe-fur-kosmetika\/peptide-kupfer\/\" \/>\n<meta property=\"og:locale\" content=\"de_DE\" \/>\n<meta property=\"og:type\" content=\"article\" \/>\n<meta property=\"og:title\" content=\"Kupferpeptide - NATURAL POLAND - IMPORT UND HANDEL VON ROHSTOFFEN\" \/>\n<meta property=\"og:description\" content=\"GHK-Cu Kupferpeptide (INICI: Copper Tripeptide-1) sind im menschlichen K\u00f6rper nat\u00fcrlich vorkommende Tripeptide, die die F\u00e4higkeit aufweisen, Kupfer zu binden.\" \/>\n<meta property=\"og:url\" content=\"https:\/\/naturalpoland.com\/de\/produkte\/produkte-fur-die-kosmetikindustrie\/rohstoffe-fur-kosmetika\/peptide-kupfer\/\" \/>\n<meta property=\"og:site_name\" content=\"NATURAL POLAND - IMPORT UND HANDEL VON ROHSTOFFEN\" \/>\n<meta property=\"article:publisher\" content=\"https:\/\/www.facebook.com\/naturalpoland.b2b\" \/>\n<meta property=\"article:modified_time\" content=\"2024-10-10T13:34:10+00:00\" \/>\n<meta property=\"og:image\" content=\"https:\/\/naturalpoland.com\/wp-content\/uploads\/peptydy-miedziowe.webp\" \/>\n\t<meta property=\"og:image:width\" content=\"619\" \/>\n\t<meta property=\"og:image:height\" content=\"619\" \/>\n\t<meta property=\"og:image:type\" content=\"image\/webp\" \/>\n<script type=\"application\/ld+json\" class=\"yoast-schema-graph\">{\"@context\":\"https:\\\/\\\/schema.org\",\"@graph\":[{\"@type\":\"WebPage\",\"@id\":\"https:\\\/\\\/naturalpoland.com\\\/de\\\/produkte\\\/produkte-fur-die-kosmetikindustrie\\\/rohstoffe-fur-kosmetika\\\/peptide-kupfer\\\/\",\"url\":\"https:\\\/\\\/naturalpoland.com\\\/de\\\/produkte\\\/produkte-fur-die-kosmetikindustrie\\\/rohstoffe-fur-kosmetika\\\/peptide-kupfer\\\/\",\"name\":\"Kupferpeptide - NATURAL POLAND - IMPORT UND HANDEL VON ROHSTOFFEN\",\"isPartOf\":{\"@id\":\"https:\\\/\\\/naturalpoland.com\\\/de\\\/#website\"},\"primaryImageOfPage\":{\"@id\":\"https:\\\/\\\/naturalpoland.com\\\/de\\\/produkte\\\/produkte-fur-die-kosmetikindustrie\\\/rohstoffe-fur-kosmetika\\\/peptide-kupfer\\\/#primaryimage\"},\"image\":{\"@id\":\"https:\\\/\\\/naturalpoland.com\\\/de\\\/produkte\\\/produkte-fur-die-kosmetikindustrie\\\/rohstoffe-fur-kosmetika\\\/peptide-kupfer\\\/#primaryimage\"},\"thumbnailUrl\":\"https:\\\/\\\/naturalpoland.com\\\/wp-content\\\/uploads\\\/peptydy-miedziowe.webp\",\"datePublished\":\"2023-03-20T15:11:39+00:00\",\"dateModified\":\"2024-10-10T13:34:10+00:00\",\"description\":\"GHK-Cu Kupferpeptide (INICI: Copper Tripeptide-1) sind im menschlichen K\u00f6rper nat\u00fcrlich vorkommende Tripeptide, die die F\u00e4higkeit aufweisen, Kupfer zu binden.\",\"breadcrumb\":{\"@id\":\"https:\\\/\\\/naturalpoland.com\\\/de\\\/produkte\\\/produkte-fur-die-kosmetikindustrie\\\/rohstoffe-fur-kosmetika\\\/peptide-kupfer\\\/#breadcrumb\"},\"inLanguage\":\"de\",\"potentialAction\":[{\"@type\":\"ReadAction\",\"target\":[\"https:\\\/\\\/naturalpoland.com\\\/de\\\/produkte\\\/produkte-fur-die-kosmetikindustrie\\\/rohstoffe-fur-kosmetika\\\/peptide-kupfer\\\/\"]}]},{\"@type\":\"ImageObject\",\"inLanguage\":\"de\",\"@id\":\"https:\\\/\\\/naturalpoland.com\\\/de\\\/produkte\\\/produkte-fur-die-kosmetikindustrie\\\/rohstoffe-fur-kosmetika\\\/peptide-kupfer\\\/#primaryimage\",\"url\":\"https:\\\/\\\/naturalpoland.com\\\/wp-content\\\/uploads\\\/peptydy-miedziowe.webp\",\"contentUrl\":\"https:\\\/\\\/naturalpoland.com\\\/wp-content\\\/uploads\\\/peptydy-miedziowe.webp\",\"width\":619,\"height\":619,\"caption\":\"peptydy miedziowe\"},{\"@type\":\"BreadcrumbList\",\"@id\":\"https:\\\/\\\/naturalpoland.com\\\/de\\\/produkte\\\/produkte-fur-die-kosmetikindustrie\\\/rohstoffe-fur-kosmetika\\\/peptide-kupfer\\\/#breadcrumb\",\"itemListElement\":[{\"@type\":\"ListItem\",\"position\":1,\"name\":\"Startseite\",\"item\":\"https:\\\/\\\/naturalpoland.com\\\/de\\\/\"},{\"@type\":\"ListItem\",\"position\":2,\"name\":\"Produkte\",\"item\":\"https:\\\/\\\/naturalpoland.com\\\/de\\\/produkte\\\/\"},{\"@type\":\"ListItem\",\"position\":3,\"name\":\"Kupferpeptide\"}]},{\"@type\":\"WebSite\",\"@id\":\"https:\\\/\\\/naturalpoland.com\\\/de\\\/#website\",\"url\":\"https:\\\/\\\/naturalpoland.com\\\/de\\\/\",\"name\":\"NATURAL POLAND - IMPORT UND HANDEL VON ROHSTOFFEN\",\"description\":\"Rohstoffe f\u00fcr die Lebensmittelindustrie, Kosmetikindustrie, Pharmaindustrie\",\"publisher\":{\"@id\":\"https:\\\/\\\/naturalpoland.com\\\/de\\\/#organization\"},\"potentialAction\":[{\"@type\":\"SearchAction\",\"target\":{\"@type\":\"EntryPoint\",\"urlTemplate\":\"https:\\\/\\\/naturalpoland.com\\\/de\\\/?s={search_term_string}\"},\"query-input\":{\"@type\":\"PropertyValueSpecification\",\"valueRequired\":true,\"valueName\":\"search_term_string\"}}],\"inLanguage\":\"de\"},{\"@type\":\"Organization\",\"@id\":\"https:\\\/\\\/naturalpoland.com\\\/de\\\/#organization\",\"name\":\"Natural Poland\",\"url\":\"https:\\\/\\\/naturalpoland.com\\\/de\\\/\",\"logo\":{\"@type\":\"ImageObject\",\"inLanguage\":\"de\",\"@id\":\"https:\\\/\\\/naturalpoland.com\\\/de\\\/#\\\/schema\\\/logo\\\/image\\\/\",\"url\":\"https:\\\/\\\/naturalpoland.com\\\/wp-content\\\/uploads\\\/2021\\\/05\\\/natural-poland-icon.png\",\"contentUrl\":\"https:\\\/\\\/naturalpoland.com\\\/wp-content\\\/uploads\\\/2021\\\/05\\\/natural-poland-icon.png\",\"width\":512,\"height\":512,\"caption\":\"Natural Poland\"},\"image\":{\"@id\":\"https:\\\/\\\/naturalpoland.com\\\/de\\\/#\\\/schema\\\/logo\\\/image\\\/\"},\"sameAs\":[\"https:\\\/\\\/www.facebook.com\\\/naturalpoland.b2b\",\"https:\\\/\\\/pl.linkedin.com\\\/company\\\/natural-poland\",\"https:\\\/\\\/www.youtube.com\\\/channel\\\/UCgeGGkvOMahZo-xu_MSEWxg\"]}]}<\/script>\n<!-- \/ Yoast SEO plugin. -->","yoast_head_json":{"title":"Kupferpeptide - NATURAL POLAND - IMPORT UND HANDEL VON ROHSTOFFEN","description":"GHK-Cu Kupferpeptide (INICI: Copper Tripeptide-1) sind im menschlichen K\u00f6rper nat\u00fcrlich vorkommende Tripeptide, die die F\u00e4higkeit aufweisen, Kupfer zu binden.","robots":{"index":"index","follow":"follow","max-snippet":"max-snippet:-1","max-image-preview":"max-image-preview:large","max-video-preview":"max-video-preview:-1"},"canonical":"https:\/\/naturalpoland.com\/de\/produkte\/produkte-fur-die-kosmetikindustrie\/rohstoffe-fur-kosmetika\/peptide-kupfer\/","og_locale":"de_DE","og_type":"article","og_title":"Kupferpeptide - NATURAL POLAND - IMPORT UND HANDEL VON ROHSTOFFEN","og_description":"GHK-Cu Kupferpeptide (INICI: Copper Tripeptide-1) sind im menschlichen K\u00f6rper nat\u00fcrlich vorkommende Tripeptide, die die F\u00e4higkeit aufweisen, Kupfer zu binden.","og_url":"https:\/\/naturalpoland.com\/de\/produkte\/produkte-fur-die-kosmetikindustrie\/rohstoffe-fur-kosmetika\/peptide-kupfer\/","og_site_name":"NATURAL POLAND - IMPORT UND HANDEL VON ROHSTOFFEN","article_publisher":"https:\/\/www.facebook.com\/naturalpoland.b2b","article_modified_time":"2024-10-10T13:34:10+00:00","og_image":[{"width":619,"height":619,"url":"https:\/\/naturalpoland.com\/wp-content\/uploads\/peptydy-miedziowe.webp","type":"image\/webp"}],"schema":{"@context":"https:\/\/schema.org","@graph":[{"@type":"WebPage","@id":"https:\/\/naturalpoland.com\/de\/produkte\/produkte-fur-die-kosmetikindustrie\/rohstoffe-fur-kosmetika\/peptide-kupfer\/","url":"https:\/\/naturalpoland.com\/de\/produkte\/produkte-fur-die-kosmetikindustrie\/rohstoffe-fur-kosmetika\/peptide-kupfer\/","name":"Kupferpeptide - NATURAL POLAND - IMPORT UND HANDEL VON ROHSTOFFEN","isPartOf":{"@id":"https:\/\/naturalpoland.com\/de\/#website"},"primaryImageOfPage":{"@id":"https:\/\/naturalpoland.com\/de\/produkte\/produkte-fur-die-kosmetikindustrie\/rohstoffe-fur-kosmetika\/peptide-kupfer\/#primaryimage"},"image":{"@id":"https:\/\/naturalpoland.com\/de\/produkte\/produkte-fur-die-kosmetikindustrie\/rohstoffe-fur-kosmetika\/peptide-kupfer\/#primaryimage"},"thumbnailUrl":"https:\/\/naturalpoland.com\/wp-content\/uploads\/peptydy-miedziowe.webp","datePublished":"2023-03-20T15:11:39+00:00","dateModified":"2024-10-10T13:34:10+00:00","description":"GHK-Cu Kupferpeptide (INICI: Copper Tripeptide-1) sind im menschlichen K\u00f6rper nat\u00fcrlich vorkommende Tripeptide, die die F\u00e4higkeit aufweisen, Kupfer zu binden.","breadcrumb":{"@id":"https:\/\/naturalpoland.com\/de\/produkte\/produkte-fur-die-kosmetikindustrie\/rohstoffe-fur-kosmetika\/peptide-kupfer\/#breadcrumb"},"inLanguage":"de","potentialAction":[{"@type":"ReadAction","target":["https:\/\/naturalpoland.com\/de\/produkte\/produkte-fur-die-kosmetikindustrie\/rohstoffe-fur-kosmetika\/peptide-kupfer\/"]}]},{"@type":"ImageObject","inLanguage":"de","@id":"https:\/\/naturalpoland.com\/de\/produkte\/produkte-fur-die-kosmetikindustrie\/rohstoffe-fur-kosmetika\/peptide-kupfer\/#primaryimage","url":"https:\/\/naturalpoland.com\/wp-content\/uploads\/peptydy-miedziowe.webp","contentUrl":"https:\/\/naturalpoland.com\/wp-content\/uploads\/peptydy-miedziowe.webp","width":619,"height":619,"caption":"peptydy miedziowe"},{"@type":"BreadcrumbList","@id":"https:\/\/naturalpoland.com\/de\/produkte\/produkte-fur-die-kosmetikindustrie\/rohstoffe-fur-kosmetika\/peptide-kupfer\/#breadcrumb","itemListElement":[{"@type":"ListItem","position":1,"name":"Startseite","item":"https:\/\/naturalpoland.com\/de\/"},{"@type":"ListItem","position":2,"name":"Produkte","item":"https:\/\/naturalpoland.com\/de\/produkte\/"},{"@type":"ListItem","position":3,"name":"Kupferpeptide"}]},{"@type":"WebSite","@id":"https:\/\/naturalpoland.com\/de\/#website","url":"https:\/\/naturalpoland.com\/de\/","name":"NATURAL POLAND - IMPORT UND HANDEL VON ROHSTOFFEN","description":"Rohstoffe f\u00fcr die Lebensmittelindustrie, Kosmetikindustrie, Pharmaindustrie","publisher":{"@id":"https:\/\/naturalpoland.com\/de\/#organization"},"potentialAction":[{"@type":"SearchAction","target":{"@type":"EntryPoint","urlTemplate":"https:\/\/naturalpoland.com\/de\/?s={search_term_string}"},"query-input":{"@type":"PropertyValueSpecification","valueRequired":true,"valueName":"search_term_string"}}],"inLanguage":"de"},{"@type":"Organization","@id":"https:\/\/naturalpoland.com\/de\/#organization","name":"Natural Poland","url":"https:\/\/naturalpoland.com\/de\/","logo":{"@type":"ImageObject","inLanguage":"de","@id":"https:\/\/naturalpoland.com\/de\/#\/schema\/logo\/image\/","url":"https:\/\/naturalpoland.com\/wp-content\/uploads\/2021\/05\/natural-poland-icon.png","contentUrl":"https:\/\/naturalpoland.com\/wp-content\/uploads\/2021\/05\/natural-poland-icon.png","width":512,"height":512,"caption":"Natural Poland"},"image":{"@id":"https:\/\/naturalpoland.com\/de\/#\/schema\/logo\/image\/"},"sameAs":["https:\/\/www.facebook.com\/naturalpoland.b2b","https:\/\/pl.linkedin.com\/company\/natural-poland","https:\/\/www.youtube.com\/channel\/UCgeGGkvOMahZo-xu_MSEWxg"]}]}},"_links":{"self":[{"href":"https:\/\/naturalpoland.com\/de\/wp-json\/wp\/v2\/product\/21118","targetHints":{"allow":["GET"]}}],"collection":[{"href":"https:\/\/naturalpoland.com\/de\/wp-json\/wp\/v2\/product"}],"about":[{"href":"https:\/\/naturalpoland.com\/de\/wp-json\/wp\/v2\/types\/product"}],"wp:featuredmedia":[{"embeddable":true,"href":"https:\/\/naturalpoland.com\/de\/wp-json\/wp\/v2\/media\/36456"}],"wp:attachment":[{"href":"https:\/\/naturalpoland.com\/de\/wp-json\/wp\/v2\/media?parent=21118"}],"wp:term":[{"taxonomy":"product_brand","embeddable":true,"href":"https:\/\/naturalpoland.com\/de\/wp-json\/wp\/v2\/product_brand?post=21118"},{"taxonomy":"product_cat","embeddable":true,"href":"https:\/\/naturalpoland.com\/de\/wp-json\/wp\/v2\/product_cat?post=21118"},{"taxonomy":"product_tag","embeddable":true,"href":"https:\/\/naturalpoland.com\/de\/wp-json\/wp\/v2\/product_tag?post=21118"}],"curies":[{"name":"wp","href":"https:\/\/api.w.org\/{rel}","templated":true}]}}