{"id":21191,"date":"2023-03-06T14:56:55","date_gmt":"2023-03-24T07:39:14","guid":{"rendered":"https:\/\/naturalpoland.pl\/produkty\/unkategorisiert\/maehne-des-igels-loewenmaehne\/"},"modified":"2023-03-24T08:39:14","modified_gmt":"2023-03-24T07:39:14","slug":"soplow-schmuck-lowen-mane","status":"publish","type":"product","link":"https:\/\/naturalpoland.com\/de\/produkte\/produkte-fur-die-pharmaindustrie\/pilzextrakte\/soplow-schmuck-lowen-mane\/","title":{"rendered":"M\u00e4hne des Igels &#8211; L\u00f6wenm\u00e4hne"},"content":{"rendered":"<p>Die im Sonnenhut enthaltenen Terpenoide &#8211; Hericenone und Erinacine &#8211; stimulieren nachweislich die Synthese des Nervenwachstumsfaktors (NGF), der sich auf die Bildung neuer synaptischer Verbindungen im Gehirn auswirkt und somit die Entwicklung neurodegenerativer Erkrankungen hemmen kann. Die L\u00f6wenm\u00e4hne hat m\u00f6glicherweise auch eine antidepressive und angstl\u00f6sende Wirkung.<\/p>\n<h3>Eigenschaften der Igelspolie &#8211; L\u00f6wenm\u00e4hne<\/h3>\n<ul>\n<li>hat eine nootropische Wirkung, die die neuronale Produktion und die Neuroplastizit\u00e4t des Gehirns erh\u00f6ht<\/li>\n<li>verbessert das Ged\u00e4chtnis und die kognitiven F\u00e4higkeiten<\/li>\n<li>kann die Stimmung verbessern und \u00c4ngste abbauen<\/li>\n<li>reduziert Entz\u00fcndungen, sch\u00fctzt die Magenschleimhaut<\/li>\n<\/ul>\n","protected":false},"excerpt":{"rendered":"<p>Die <strong>L\u00f6wenm\u00e4hne (<em data-rich-text-format-boundary=\"true\">Hericium erinaceus<\/em>)<\/strong> ist einer der wichtigsten Pilze der traditionellen chinesischen Medizin. Sowohl der Pilz als auch das fermentierte Myzel produzieren mehrere Klassen bioaktiver Molek\u00fcle, darunter Polysaccharide, Proteine, Lektine, Phenole und Terpenoide.<\/p>\n","protected":false},"featured_media":20953,"template":"","meta":{"_acf_changed":false},"product_brand":[],"product_cat":[2055],"product_tag":[],"class_list":{"0":"post-21191","1":"product","2":"type-product","3":"status-publish","4":"has-post-thumbnail","6":"product_cat-pilzextrakte","7":"pa_czesc-rosliny-fruchtkorper","8":"pa_skladnik-aktywny-polysaccharide","10":"first","11":"instock","12":"shipping-taxable","13":"product-type-simple"},"acf":[],"yoast_head":"<!-- This site is optimized with the Yoast SEO plugin v27.5 - https:\/\/yoast.com\/product\/yoast-seo-wordpress\/ -->\n<title>M\u00e4hne des Igels - L\u00f6wenm\u00e4hne - Gro\u00dfhandelsvertrieb<\/title>\n<meta name=\"robots\" content=\"index, follow, max-snippet:-1, max-image-preview:large, max-video-preview:-1\" \/>\n<link rel=\"canonical\" href=\"https:\/\/naturalpoland.com\/de\/produkte\/produkte-fur-die-pharmaindustrie\/pilzextrakte\/soplow-schmuck-lowen-mane\/\" \/>\n<meta property=\"og:locale\" content=\"de_DE\" \/>\n<meta property=\"og:type\" content=\"article\" \/>\n<meta property=\"og:title\" content=\"M\u00e4hne des Igels - L\u00f6wenm\u00e4hne - Gro\u00dfhandelsvertrieb\" \/>\n<meta property=\"og:description\" content=\"Die L\u00f6wenm\u00e4hne (Hericium erinaceus) ist einer der wichtigsten Pilze der traditionellen chinesischen Medizin. Sowohl der Pilz als auch das fermentierte Myzel produzieren mehrere Klassen bioaktiver Molek\u00fcle, darunter Polysaccharide, Proteine, Lektine, Phenole und Terpenoide.\" \/>\n<meta property=\"og:url\" content=\"https:\/\/naturalpoland.com\/de\/produkte\/produkte-fur-die-pharmaindustrie\/pilzextrakte\/soplow-schmuck-lowen-mane\/\" \/>\n<meta property=\"og:site_name\" content=\"NATURAL POLAND - IMPORT UND HANDEL VON ROHSTOFFEN\" \/>\n<meta property=\"article:publisher\" content=\"https:\/\/www.facebook.com\/naturalpoland.b2b\" \/>\n<meta property=\"og:image\" content=\"https:\/\/naturalpoland.com\/wp-content\/uploads\/soplowka-jezowata-Lions-mane.jpg\" \/>\n\t<meta property=\"og:image:width\" content=\"650\" \/>\n\t<meta property=\"og:image:height\" content=\"650\" \/>\n\t<meta property=\"og:image:type\" content=\"image\/jpeg\" \/>\n<script type=\"application\/ld+json\" class=\"yoast-schema-graph\">{\"@context\":\"https:\\\/\\\/schema.org\",\"@graph\":[{\"@type\":\"WebPage\",\"@id\":\"https:\\\/\\\/naturalpoland.com\\\/de\\\/produkte\\\/produkte-fur-die-pharmaindustrie\\\/pilzextrakte\\\/soplow-schmuck-lowen-mane\\\/\",\"url\":\"https:\\\/\\\/naturalpoland.com\\\/de\\\/produkte\\\/produkte-fur-die-pharmaindustrie\\\/pilzextrakte\\\/soplow-schmuck-lowen-mane\\\/\",\"name\":\"M\u00e4hne des Igels - L\u00f6wenm\u00e4hne - Gro\u00dfhandelsvertrieb\",\"isPartOf\":{\"@id\":\"https:\\\/\\\/naturalpoland.com\\\/de\\\/#website\"},\"primaryImageOfPage\":{\"@id\":\"https:\\\/\\\/naturalpoland.com\\\/de\\\/produkte\\\/produkte-fur-die-pharmaindustrie\\\/pilzextrakte\\\/soplow-schmuck-lowen-mane\\\/#primaryimage\"},\"image\":{\"@id\":\"https:\\\/\\\/naturalpoland.com\\\/de\\\/produkte\\\/produkte-fur-die-pharmaindustrie\\\/pilzextrakte\\\/soplow-schmuck-lowen-mane\\\/#primaryimage\"},\"thumbnailUrl\":\"https:\\\/\\\/naturalpoland.com\\\/wp-content\\\/uploads\\\/soplowka-jezowata-Lions-mane.jpg\",\"datePublished\":\"2023-03-24T07:39:14+00:00\",\"breadcrumb\":{\"@id\":\"https:\\\/\\\/naturalpoland.com\\\/de\\\/produkte\\\/produkte-fur-die-pharmaindustrie\\\/pilzextrakte\\\/soplow-schmuck-lowen-mane\\\/#breadcrumb\"},\"inLanguage\":\"de\",\"potentialAction\":[{\"@type\":\"ReadAction\",\"target\":[\"https:\\\/\\\/naturalpoland.com\\\/de\\\/produkte\\\/produkte-fur-die-pharmaindustrie\\\/pilzextrakte\\\/soplow-schmuck-lowen-mane\\\/\"]}]},{\"@type\":\"ImageObject\",\"inLanguage\":\"de\",\"@id\":\"https:\\\/\\\/naturalpoland.com\\\/de\\\/produkte\\\/produkte-fur-die-pharmaindustrie\\\/pilzextrakte\\\/soplow-schmuck-lowen-mane\\\/#primaryimage\",\"url\":\"https:\\\/\\\/naturalpoland.com\\\/wp-content\\\/uploads\\\/soplowka-jezowata-Lions-mane.jpg\",\"contentUrl\":\"https:\\\/\\\/naturalpoland.com\\\/wp-content\\\/uploads\\\/soplowka-jezowata-Lions-mane.jpg\",\"width\":650,\"height\":650,\"caption\":\"Igelm\u00e4hne - L\u00f6wenm\u00e4hne (Hericium erinaceus)\"},{\"@type\":\"BreadcrumbList\",\"@id\":\"https:\\\/\\\/naturalpoland.com\\\/de\\\/produkte\\\/produkte-fur-die-pharmaindustrie\\\/pilzextrakte\\\/soplow-schmuck-lowen-mane\\\/#breadcrumb\",\"itemListElement\":[{\"@type\":\"ListItem\",\"position\":1,\"name\":\"Startseite\",\"item\":\"https:\\\/\\\/naturalpoland.com\\\/de\\\/\"},{\"@type\":\"ListItem\",\"position\":2,\"name\":\"Produkte\",\"item\":\"https:\\\/\\\/naturalpoland.com\\\/de\\\/produkte\\\/\"},{\"@type\":\"ListItem\",\"position\":3,\"name\":\"M\u00e4hne des Igels &#8211; L\u00f6wenm\u00e4hne\"}]},{\"@type\":\"WebSite\",\"@id\":\"https:\\\/\\\/naturalpoland.com\\\/de\\\/#website\",\"url\":\"https:\\\/\\\/naturalpoland.com\\\/de\\\/\",\"name\":\"NATURAL POLAND - IMPORT UND HANDEL VON ROHSTOFFEN\",\"description\":\"Rohstoffe f\u00fcr die Lebensmittelindustrie, Kosmetikindustrie, Pharmaindustrie\",\"publisher\":{\"@id\":\"https:\\\/\\\/naturalpoland.com\\\/de\\\/#organization\"},\"potentialAction\":[{\"@type\":\"SearchAction\",\"target\":{\"@type\":\"EntryPoint\",\"urlTemplate\":\"https:\\\/\\\/naturalpoland.com\\\/de\\\/?s={search_term_string}\"},\"query-input\":{\"@type\":\"PropertyValueSpecification\",\"valueRequired\":true,\"valueName\":\"search_term_string\"}}],\"inLanguage\":\"de\"},{\"@type\":\"Organization\",\"@id\":\"https:\\\/\\\/naturalpoland.com\\\/de\\\/#organization\",\"name\":\"Natural Poland\",\"url\":\"https:\\\/\\\/naturalpoland.com\\\/de\\\/\",\"logo\":{\"@type\":\"ImageObject\",\"inLanguage\":\"de\",\"@id\":\"https:\\\/\\\/naturalpoland.com\\\/de\\\/#\\\/schema\\\/logo\\\/image\\\/\",\"url\":\"https:\\\/\\\/naturalpoland.com\\\/wp-content\\\/uploads\\\/2021\\\/05\\\/natural-poland-icon.png\",\"contentUrl\":\"https:\\\/\\\/naturalpoland.com\\\/wp-content\\\/uploads\\\/2021\\\/05\\\/natural-poland-icon.png\",\"width\":512,\"height\":512,\"caption\":\"Natural Poland\"},\"image\":{\"@id\":\"https:\\\/\\\/naturalpoland.com\\\/de\\\/#\\\/schema\\\/logo\\\/image\\\/\"},\"sameAs\":[\"https:\\\/\\\/www.facebook.com\\\/naturalpoland.b2b\",\"https:\\\/\\\/pl.linkedin.com\\\/company\\\/natural-poland\",\"https:\\\/\\\/www.youtube.com\\\/channel\\\/UCgeGGkvOMahZo-xu_MSEWxg\"]}]}<\/script>\n<!-- \/ Yoast SEO plugin. -->","yoast_head_json":{"title":"M\u00e4hne des Igels - L\u00f6wenm\u00e4hne - Gro\u00dfhandelsvertrieb","robots":{"index":"index","follow":"follow","max-snippet":"max-snippet:-1","max-image-preview":"max-image-preview:large","max-video-preview":"max-video-preview:-1"},"canonical":"https:\/\/naturalpoland.com\/de\/produkte\/produkte-fur-die-pharmaindustrie\/pilzextrakte\/soplow-schmuck-lowen-mane\/","og_locale":"de_DE","og_type":"article","og_title":"M\u00e4hne des Igels - L\u00f6wenm\u00e4hne - Gro\u00dfhandelsvertrieb","og_description":"Die L\u00f6wenm\u00e4hne (Hericium erinaceus) ist einer der wichtigsten Pilze der traditionellen chinesischen Medizin. Sowohl der Pilz als auch das fermentierte Myzel produzieren mehrere Klassen bioaktiver Molek\u00fcle, darunter Polysaccharide, Proteine, Lektine, Phenole und Terpenoide.","og_url":"https:\/\/naturalpoland.com\/de\/produkte\/produkte-fur-die-pharmaindustrie\/pilzextrakte\/soplow-schmuck-lowen-mane\/","og_site_name":"NATURAL POLAND - IMPORT UND HANDEL VON ROHSTOFFEN","article_publisher":"https:\/\/www.facebook.com\/naturalpoland.b2b","og_image":[{"width":650,"height":650,"url":"https:\/\/naturalpoland.com\/wp-content\/uploads\/soplowka-jezowata-Lions-mane.jpg","type":"image\/jpeg"}],"schema":{"@context":"https:\/\/schema.org","@graph":[{"@type":"WebPage","@id":"https:\/\/naturalpoland.com\/de\/produkte\/produkte-fur-die-pharmaindustrie\/pilzextrakte\/soplow-schmuck-lowen-mane\/","url":"https:\/\/naturalpoland.com\/de\/produkte\/produkte-fur-die-pharmaindustrie\/pilzextrakte\/soplow-schmuck-lowen-mane\/","name":"M\u00e4hne des Igels - L\u00f6wenm\u00e4hne - Gro\u00dfhandelsvertrieb","isPartOf":{"@id":"https:\/\/naturalpoland.com\/de\/#website"},"primaryImageOfPage":{"@id":"https:\/\/naturalpoland.com\/de\/produkte\/produkte-fur-die-pharmaindustrie\/pilzextrakte\/soplow-schmuck-lowen-mane\/#primaryimage"},"image":{"@id":"https:\/\/naturalpoland.com\/de\/produkte\/produkte-fur-die-pharmaindustrie\/pilzextrakte\/soplow-schmuck-lowen-mane\/#primaryimage"},"thumbnailUrl":"https:\/\/naturalpoland.com\/wp-content\/uploads\/soplowka-jezowata-Lions-mane.jpg","datePublished":"2023-03-24T07:39:14+00:00","breadcrumb":{"@id":"https:\/\/naturalpoland.com\/de\/produkte\/produkte-fur-die-pharmaindustrie\/pilzextrakte\/soplow-schmuck-lowen-mane\/#breadcrumb"},"inLanguage":"de","potentialAction":[{"@type":"ReadAction","target":["https:\/\/naturalpoland.com\/de\/produkte\/produkte-fur-die-pharmaindustrie\/pilzextrakte\/soplow-schmuck-lowen-mane\/"]}]},{"@type":"ImageObject","inLanguage":"de","@id":"https:\/\/naturalpoland.com\/de\/produkte\/produkte-fur-die-pharmaindustrie\/pilzextrakte\/soplow-schmuck-lowen-mane\/#primaryimage","url":"https:\/\/naturalpoland.com\/wp-content\/uploads\/soplowka-jezowata-Lions-mane.jpg","contentUrl":"https:\/\/naturalpoland.com\/wp-content\/uploads\/soplowka-jezowata-Lions-mane.jpg","width":650,"height":650,"caption":"Igelm\u00e4hne - L\u00f6wenm\u00e4hne (Hericium erinaceus)"},{"@type":"BreadcrumbList","@id":"https:\/\/naturalpoland.com\/de\/produkte\/produkte-fur-die-pharmaindustrie\/pilzextrakte\/soplow-schmuck-lowen-mane\/#breadcrumb","itemListElement":[{"@type":"ListItem","position":1,"name":"Startseite","item":"https:\/\/naturalpoland.com\/de\/"},{"@type":"ListItem","position":2,"name":"Produkte","item":"https:\/\/naturalpoland.com\/de\/produkte\/"},{"@type":"ListItem","position":3,"name":"M\u00e4hne des Igels &#8211; L\u00f6wenm\u00e4hne"}]},{"@type":"WebSite","@id":"https:\/\/naturalpoland.com\/de\/#website","url":"https:\/\/naturalpoland.com\/de\/","name":"NATURAL POLAND - IMPORT UND HANDEL VON ROHSTOFFEN","description":"Rohstoffe f\u00fcr die Lebensmittelindustrie, Kosmetikindustrie, Pharmaindustrie","publisher":{"@id":"https:\/\/naturalpoland.com\/de\/#organization"},"potentialAction":[{"@type":"SearchAction","target":{"@type":"EntryPoint","urlTemplate":"https:\/\/naturalpoland.com\/de\/?s={search_term_string}"},"query-input":{"@type":"PropertyValueSpecification","valueRequired":true,"valueName":"search_term_string"}}],"inLanguage":"de"},{"@type":"Organization","@id":"https:\/\/naturalpoland.com\/de\/#organization","name":"Natural Poland","url":"https:\/\/naturalpoland.com\/de\/","logo":{"@type":"ImageObject","inLanguage":"de","@id":"https:\/\/naturalpoland.com\/de\/#\/schema\/logo\/image\/","url":"https:\/\/naturalpoland.com\/wp-content\/uploads\/2021\/05\/natural-poland-icon.png","contentUrl":"https:\/\/naturalpoland.com\/wp-content\/uploads\/2021\/05\/natural-poland-icon.png","width":512,"height":512,"caption":"Natural Poland"},"image":{"@id":"https:\/\/naturalpoland.com\/de\/#\/schema\/logo\/image\/"},"sameAs":["https:\/\/www.facebook.com\/naturalpoland.b2b","https:\/\/pl.linkedin.com\/company\/natural-poland","https:\/\/www.youtube.com\/channel\/UCgeGGkvOMahZo-xu_MSEWxg"]}]}},"_links":{"self":[{"href":"https:\/\/naturalpoland.com\/de\/wp-json\/wp\/v2\/product\/21191","targetHints":{"allow":["GET"]}}],"collection":[{"href":"https:\/\/naturalpoland.com\/de\/wp-json\/wp\/v2\/product"}],"about":[{"href":"https:\/\/naturalpoland.com\/de\/wp-json\/wp\/v2\/types\/product"}],"wp:featuredmedia":[{"embeddable":true,"href":"https:\/\/naturalpoland.com\/de\/wp-json\/wp\/v2\/media\/20953"}],"wp:attachment":[{"href":"https:\/\/naturalpoland.com\/de\/wp-json\/wp\/v2\/media?parent=21191"}],"wp:term":[{"taxonomy":"product_brand","embeddable":true,"href":"https:\/\/naturalpoland.com\/de\/wp-json\/wp\/v2\/product_brand?post=21191"},{"taxonomy":"product_cat","embeddable":true,"href":"https:\/\/naturalpoland.com\/de\/wp-json\/wp\/v2\/product_cat?post=21191"},{"taxonomy":"product_tag","embeddable":true,"href":"https:\/\/naturalpoland.com\/de\/wp-json\/wp\/v2\/product_tag?post=21191"}],"curies":[{"name":"wp","href":"https:\/\/api.w.org\/{rel}","templated":true}]}}