{"id":22832,"date":"2023-04-21T14:34:52","date_gmt":"2023-04-21T13:03:38","guid":{"rendered":"https:\/\/naturalpoland.pl\/produkty\/unkategorisiert\/tripeptid-38-palmitat\/"},"modified":"2024-02-07T12:18:52","modified_gmt":"2024-02-07T11:18:52","slug":"tripeptid-38-palmitat","status":"publish","type":"product","link":"https:\/\/naturalpoland.com\/de\/produkte\/produkte-fur-die-kosmetikindustrie\/aktive-substanzen\/tripeptid-38-palmitat\/","title":{"rendered":"Tripeptid-38-Palmitat"},"content":{"rendered":"<p><strong>Palmitoyl Tripeptide-38 (Palmitoyl Tripeptide-38)<\/strong> ist ein Signalpeptid, das nat\u00fcrlich in Laminin und Kollagen vorkommt. Es stimuliert die vermehrte Synthese von bis zu 6 wichtigen Hautbausteinen und wirkt sich zudem positiv auf die Reifung und Stabilisierung der Fasern aus. Diese Eigenschaften bedeuten, dass das Tripeptid-38-Palmitat nicht nur zur Gl\u00e4ttung von Falten beitr\u00e4gt, sondern auch die Bildung neuer Falten verhindert. Dieser unparf\u00fcmierte, leicht wasserl\u00f6sliche Inhaltsstoff eignet sich gut f\u00fcr Anti-Aging-Kosmetika, sowohl f\u00fcr reifere als auch f\u00fcr j\u00fcngere Menschen.<\/p>\n","protected":false},"excerpt":{"rendered":"<p>Peptide sind biologisch aktive Verbindungen, die in der Kosmetologie sehr beliebt sind. Ihre geringe Gr\u00f6\u00dfe, die das Eindringen in die Epidermis erleichtert, und ihre F\u00e4higkeit, auf die hauteigenen Zellen einzuwirken, machen sie zu einem hervorragenden Inhaltsstoff f\u00fcr Anti-Aging- und regenerative Kosmetika.<\/p>\n","protected":false},"featured_media":22797,"template":"","meta":{"_acf_changed":false},"product_brand":[],"product_cat":[1509,2492],"product_tag":[],"class_list":{"0":"post-22832","1":"product","2":"type-product","3":"status-publish","4":"has-post-thumbnail","6":"product_cat-aktive-substanzen","7":"product_cat-peptide","9":"first","10":"instock","11":"shipping-taxable","12":"product-type-simple"},"acf":[],"yoast_head":"<!-- This site is optimized with the Yoast SEO plugin v27.4 - https:\/\/yoast.com\/product\/yoast-seo-wordpress\/ -->\n<title>Tripeptid-38-Palmitat - Gro\u00dfhandelsvertrieb<\/title>\n<meta name=\"description\" content=\"Palmitoyl Tripeptide-38 (Palmitoyl Tripeptide-38) ist ein Signalpeptid, das nat\u00fcrlich in Laminin und Kollagen vorkommt.\" \/>\n<meta name=\"robots\" content=\"index, follow, max-snippet:-1, max-image-preview:large, max-video-preview:-1\" \/>\n<link rel=\"canonical\" href=\"https:\/\/naturalpoland.com\/de\/produkte\/produkte-fur-die-kosmetikindustrie\/aktive-substanzen\/tripeptid-38-palmitat\/\" \/>\n<meta property=\"og:locale\" content=\"de_DE\" \/>\n<meta property=\"og:type\" content=\"article\" \/>\n<meta property=\"og:title\" content=\"Tripeptid-38-Palmitat - Gro\u00dfhandelsvertrieb\" \/>\n<meta property=\"og:description\" content=\"Palmitoyl Tripeptide-38 (Palmitoyl Tripeptide-38) ist ein Signalpeptid, das nat\u00fcrlich in Laminin und Kollagen vorkommt.\" \/>\n<meta property=\"og:url\" content=\"https:\/\/naturalpoland.com\/de\/produkte\/produkte-fur-die-kosmetikindustrie\/aktive-substanzen\/tripeptid-38-palmitat\/\" \/>\n<meta property=\"og:site_name\" content=\"NATURAL POLAND - IMPORT UND HANDEL VON ROHSTOFFEN\" \/>\n<meta property=\"article:publisher\" content=\"https:\/\/www.facebook.com\/naturalpoland.b2b\" \/>\n<meta property=\"article:modified_time\" content=\"2024-02-07T11:18:52+00:00\" \/>\n<meta property=\"og:image\" content=\"https:\/\/naturalpoland.com\/wp-content\/uploads\/Palmitynian-tripeptydu-38.jpg\" \/>\n\t<meta property=\"og:image:width\" content=\"500\" \/>\n\t<meta property=\"og:image:height\" content=\"500\" \/>\n\t<meta property=\"og:image:type\" content=\"image\/jpeg\" \/>\n<script type=\"application\/ld+json\" class=\"yoast-schema-graph\">{\"@context\":\"https:\\\/\\\/schema.org\",\"@graph\":[{\"@type\":\"WebPage\",\"@id\":\"https:\\\/\\\/naturalpoland.com\\\/de\\\/produkte\\\/produkte-fur-die-kosmetikindustrie\\\/aktive-substanzen\\\/tripeptid-38-palmitat\\\/\",\"url\":\"https:\\\/\\\/naturalpoland.com\\\/de\\\/produkte\\\/produkte-fur-die-kosmetikindustrie\\\/aktive-substanzen\\\/tripeptid-38-palmitat\\\/\",\"name\":\"Tripeptid-38-Palmitat - Gro\u00dfhandelsvertrieb\",\"isPartOf\":{\"@id\":\"https:\\\/\\\/naturalpoland.com\\\/de\\\/#website\"},\"primaryImageOfPage\":{\"@id\":\"https:\\\/\\\/naturalpoland.com\\\/de\\\/produkte\\\/produkte-fur-die-kosmetikindustrie\\\/aktive-substanzen\\\/tripeptid-38-palmitat\\\/#primaryimage\"},\"image\":{\"@id\":\"https:\\\/\\\/naturalpoland.com\\\/de\\\/produkte\\\/produkte-fur-die-kosmetikindustrie\\\/aktive-substanzen\\\/tripeptid-38-palmitat\\\/#primaryimage\"},\"thumbnailUrl\":\"https:\\\/\\\/naturalpoland.com\\\/wp-content\\\/uploads\\\/Palmitynian-tripeptydu-38.jpg\",\"datePublished\":\"2023-04-21T13:03:38+00:00\",\"dateModified\":\"2024-02-07T11:18:52+00:00\",\"description\":\"Palmitoyl Tripeptide-38 (Palmitoyl Tripeptide-38) ist ein Signalpeptid, das nat\u00fcrlich in Laminin und Kollagen vorkommt.\",\"breadcrumb\":{\"@id\":\"https:\\\/\\\/naturalpoland.com\\\/de\\\/produkte\\\/produkte-fur-die-kosmetikindustrie\\\/aktive-substanzen\\\/tripeptid-38-palmitat\\\/#breadcrumb\"},\"inLanguage\":\"de\",\"potentialAction\":[{\"@type\":\"ReadAction\",\"target\":[\"https:\\\/\\\/naturalpoland.com\\\/de\\\/produkte\\\/produkte-fur-die-kosmetikindustrie\\\/aktive-substanzen\\\/tripeptid-38-palmitat\\\/\"]}]},{\"@type\":\"ImageObject\",\"inLanguage\":\"de\",\"@id\":\"https:\\\/\\\/naturalpoland.com\\\/de\\\/produkte\\\/produkte-fur-die-kosmetikindustrie\\\/aktive-substanzen\\\/tripeptid-38-palmitat\\\/#primaryimage\",\"url\":\"https:\\\/\\\/naturalpoland.com\\\/wp-content\\\/uploads\\\/Palmitynian-tripeptydu-38.jpg\",\"contentUrl\":\"https:\\\/\\\/naturalpoland.com\\\/wp-content\\\/uploads\\\/Palmitynian-tripeptydu-38.jpg\",\"width\":500,\"height\":500,\"caption\":\"Tripeptid-38-Palmitat\"},{\"@type\":\"BreadcrumbList\",\"@id\":\"https:\\\/\\\/naturalpoland.com\\\/de\\\/produkte\\\/produkte-fur-die-kosmetikindustrie\\\/aktive-substanzen\\\/tripeptid-38-palmitat\\\/#breadcrumb\",\"itemListElement\":[{\"@type\":\"ListItem\",\"position\":1,\"name\":\"Startseite\",\"item\":\"https:\\\/\\\/naturalpoland.com\\\/de\\\/\"},{\"@type\":\"ListItem\",\"position\":2,\"name\":\"Produkte\",\"item\":\"https:\\\/\\\/naturalpoland.com\\\/de\\\/produkte\\\/\"},{\"@type\":\"ListItem\",\"position\":3,\"name\":\"Tripeptid-38-Palmitat\"}]},{\"@type\":\"WebSite\",\"@id\":\"https:\\\/\\\/naturalpoland.com\\\/de\\\/#website\",\"url\":\"https:\\\/\\\/naturalpoland.com\\\/de\\\/\",\"name\":\"NATURAL POLAND - IMPORT UND HANDEL VON ROHSTOFFEN\",\"description\":\"Rohstoffe f\u00fcr die Lebensmittelindustrie, Kosmetikindustrie, Pharmaindustrie\",\"publisher\":{\"@id\":\"https:\\\/\\\/naturalpoland.com\\\/de\\\/#organization\"},\"potentialAction\":[{\"@type\":\"SearchAction\",\"target\":{\"@type\":\"EntryPoint\",\"urlTemplate\":\"https:\\\/\\\/naturalpoland.com\\\/de\\\/?s={search_term_string}\"},\"query-input\":{\"@type\":\"PropertyValueSpecification\",\"valueRequired\":true,\"valueName\":\"search_term_string\"}}],\"inLanguage\":\"de\"},{\"@type\":\"Organization\",\"@id\":\"https:\\\/\\\/naturalpoland.com\\\/de\\\/#organization\",\"name\":\"Natural Poland\",\"url\":\"https:\\\/\\\/naturalpoland.com\\\/de\\\/\",\"logo\":{\"@type\":\"ImageObject\",\"inLanguage\":\"de\",\"@id\":\"https:\\\/\\\/naturalpoland.com\\\/de\\\/#\\\/schema\\\/logo\\\/image\\\/\",\"url\":\"https:\\\/\\\/naturalpoland.com\\\/wp-content\\\/uploads\\\/2021\\\/05\\\/natural-poland-icon.png\",\"contentUrl\":\"https:\\\/\\\/naturalpoland.com\\\/wp-content\\\/uploads\\\/2021\\\/05\\\/natural-poland-icon.png\",\"width\":512,\"height\":512,\"caption\":\"Natural Poland\"},\"image\":{\"@id\":\"https:\\\/\\\/naturalpoland.com\\\/de\\\/#\\\/schema\\\/logo\\\/image\\\/\"},\"sameAs\":[\"https:\\\/\\\/www.facebook.com\\\/naturalpoland.b2b\",\"https:\\\/\\\/pl.linkedin.com\\\/company\\\/natural-poland\",\"https:\\\/\\\/www.youtube.com\\\/channel\\\/UCgeGGkvOMahZo-xu_MSEWxg\"]}]}<\/script>\n<!-- \/ Yoast SEO plugin. -->","yoast_head_json":{"title":"Tripeptid-38-Palmitat - Gro\u00dfhandelsvertrieb","description":"Palmitoyl Tripeptide-38 (Palmitoyl Tripeptide-38) ist ein Signalpeptid, das nat\u00fcrlich in Laminin und Kollagen vorkommt.","robots":{"index":"index","follow":"follow","max-snippet":"max-snippet:-1","max-image-preview":"max-image-preview:large","max-video-preview":"max-video-preview:-1"},"canonical":"https:\/\/naturalpoland.com\/de\/produkte\/produkte-fur-die-kosmetikindustrie\/aktive-substanzen\/tripeptid-38-palmitat\/","og_locale":"de_DE","og_type":"article","og_title":"Tripeptid-38-Palmitat - Gro\u00dfhandelsvertrieb","og_description":"Palmitoyl Tripeptide-38 (Palmitoyl Tripeptide-38) ist ein Signalpeptid, das nat\u00fcrlich in Laminin und Kollagen vorkommt.","og_url":"https:\/\/naturalpoland.com\/de\/produkte\/produkte-fur-die-kosmetikindustrie\/aktive-substanzen\/tripeptid-38-palmitat\/","og_site_name":"NATURAL POLAND - IMPORT UND HANDEL VON ROHSTOFFEN","article_publisher":"https:\/\/www.facebook.com\/naturalpoland.b2b","article_modified_time":"2024-02-07T11:18:52+00:00","og_image":[{"width":500,"height":500,"url":"https:\/\/naturalpoland.com\/wp-content\/uploads\/Palmitynian-tripeptydu-38.jpg","type":"image\/jpeg"}],"schema":{"@context":"https:\/\/schema.org","@graph":[{"@type":"WebPage","@id":"https:\/\/naturalpoland.com\/de\/produkte\/produkte-fur-die-kosmetikindustrie\/aktive-substanzen\/tripeptid-38-palmitat\/","url":"https:\/\/naturalpoland.com\/de\/produkte\/produkte-fur-die-kosmetikindustrie\/aktive-substanzen\/tripeptid-38-palmitat\/","name":"Tripeptid-38-Palmitat - Gro\u00dfhandelsvertrieb","isPartOf":{"@id":"https:\/\/naturalpoland.com\/de\/#website"},"primaryImageOfPage":{"@id":"https:\/\/naturalpoland.com\/de\/produkte\/produkte-fur-die-kosmetikindustrie\/aktive-substanzen\/tripeptid-38-palmitat\/#primaryimage"},"image":{"@id":"https:\/\/naturalpoland.com\/de\/produkte\/produkte-fur-die-kosmetikindustrie\/aktive-substanzen\/tripeptid-38-palmitat\/#primaryimage"},"thumbnailUrl":"https:\/\/naturalpoland.com\/wp-content\/uploads\/Palmitynian-tripeptydu-38.jpg","datePublished":"2023-04-21T13:03:38+00:00","dateModified":"2024-02-07T11:18:52+00:00","description":"Palmitoyl Tripeptide-38 (Palmitoyl Tripeptide-38) ist ein Signalpeptid, das nat\u00fcrlich in Laminin und Kollagen vorkommt.","breadcrumb":{"@id":"https:\/\/naturalpoland.com\/de\/produkte\/produkte-fur-die-kosmetikindustrie\/aktive-substanzen\/tripeptid-38-palmitat\/#breadcrumb"},"inLanguage":"de","potentialAction":[{"@type":"ReadAction","target":["https:\/\/naturalpoland.com\/de\/produkte\/produkte-fur-die-kosmetikindustrie\/aktive-substanzen\/tripeptid-38-palmitat\/"]}]},{"@type":"ImageObject","inLanguage":"de","@id":"https:\/\/naturalpoland.com\/de\/produkte\/produkte-fur-die-kosmetikindustrie\/aktive-substanzen\/tripeptid-38-palmitat\/#primaryimage","url":"https:\/\/naturalpoland.com\/wp-content\/uploads\/Palmitynian-tripeptydu-38.jpg","contentUrl":"https:\/\/naturalpoland.com\/wp-content\/uploads\/Palmitynian-tripeptydu-38.jpg","width":500,"height":500,"caption":"Tripeptid-38-Palmitat"},{"@type":"BreadcrumbList","@id":"https:\/\/naturalpoland.com\/de\/produkte\/produkte-fur-die-kosmetikindustrie\/aktive-substanzen\/tripeptid-38-palmitat\/#breadcrumb","itemListElement":[{"@type":"ListItem","position":1,"name":"Startseite","item":"https:\/\/naturalpoland.com\/de\/"},{"@type":"ListItem","position":2,"name":"Produkte","item":"https:\/\/naturalpoland.com\/de\/produkte\/"},{"@type":"ListItem","position":3,"name":"Tripeptid-38-Palmitat"}]},{"@type":"WebSite","@id":"https:\/\/naturalpoland.com\/de\/#website","url":"https:\/\/naturalpoland.com\/de\/","name":"NATURAL POLAND - IMPORT UND HANDEL VON ROHSTOFFEN","description":"Rohstoffe f\u00fcr die Lebensmittelindustrie, Kosmetikindustrie, Pharmaindustrie","publisher":{"@id":"https:\/\/naturalpoland.com\/de\/#organization"},"potentialAction":[{"@type":"SearchAction","target":{"@type":"EntryPoint","urlTemplate":"https:\/\/naturalpoland.com\/de\/?s={search_term_string}"},"query-input":{"@type":"PropertyValueSpecification","valueRequired":true,"valueName":"search_term_string"}}],"inLanguage":"de"},{"@type":"Organization","@id":"https:\/\/naturalpoland.com\/de\/#organization","name":"Natural Poland","url":"https:\/\/naturalpoland.com\/de\/","logo":{"@type":"ImageObject","inLanguage":"de","@id":"https:\/\/naturalpoland.com\/de\/#\/schema\/logo\/image\/","url":"https:\/\/naturalpoland.com\/wp-content\/uploads\/2021\/05\/natural-poland-icon.png","contentUrl":"https:\/\/naturalpoland.com\/wp-content\/uploads\/2021\/05\/natural-poland-icon.png","width":512,"height":512,"caption":"Natural Poland"},"image":{"@id":"https:\/\/naturalpoland.com\/de\/#\/schema\/logo\/image\/"},"sameAs":["https:\/\/www.facebook.com\/naturalpoland.b2b","https:\/\/pl.linkedin.com\/company\/natural-poland","https:\/\/www.youtube.com\/channel\/UCgeGGkvOMahZo-xu_MSEWxg"]}]}},"_links":{"self":[{"href":"https:\/\/naturalpoland.com\/de\/wp-json\/wp\/v2\/product\/22832","targetHints":{"allow":["GET"]}}],"collection":[{"href":"https:\/\/naturalpoland.com\/de\/wp-json\/wp\/v2\/product"}],"about":[{"href":"https:\/\/naturalpoland.com\/de\/wp-json\/wp\/v2\/types\/product"}],"wp:featuredmedia":[{"embeddable":true,"href":"https:\/\/naturalpoland.com\/de\/wp-json\/wp\/v2\/media\/22797"}],"wp:attachment":[{"href":"https:\/\/naturalpoland.com\/de\/wp-json\/wp\/v2\/media?parent=22832"}],"wp:term":[{"taxonomy":"product_brand","embeddable":true,"href":"https:\/\/naturalpoland.com\/de\/wp-json\/wp\/v2\/product_brand?post=22832"},{"taxonomy":"product_cat","embeddable":true,"href":"https:\/\/naturalpoland.com\/de\/wp-json\/wp\/v2\/product_cat?post=22832"},{"taxonomy":"product_tag","embeddable":true,"href":"https:\/\/naturalpoland.com\/de\/wp-json\/wp\/v2\/product_tag?post=22832"}],"curies":[{"name":"wp","href":"https:\/\/api.w.org\/{rel}","templated":true}]}}