{"id":22836,"date":"2023-04-21T14:52:48","date_gmt":"2023-04-21T12:52:48","guid":{"rendered":"https:\/\/naturalpoland.pl\/produkty\/unkategorisiert\/centella-asiatica-extrakt\/"},"modified":"2026-02-09T12:48:47","modified_gmt":"2026-02-09T11:48:47","slug":"aus-vacrota-asiatic","status":"publish","type":"product","link":"https:\/\/naturalpoland.com\/de\/produkte\/produkte-fur-die-pharmaindustrie\/nahrungserganzungmittel\/aus-vacrota-asiatic\/","title":{"rendered":"Centella asiatica-Extrakt"},"content":{"rendered":"<h2>Eigenschaften und Verwendung von Centella Asiatica-Extrakt<\/h2>\n<p>Seine einzigartigen Eigenschaften ergeben sich aus dem Vorhandensein von pentazyklischen <strong>Triterpensaponinen<\/strong>, <strong>Triterpengeninen<\/strong>, <strong><a href=\"https:\/\/naturalpoland.com\/artykuly\/produkty-naturalne\/czym-sa-i-jak-dzialaja-flawonoidy\/\">Flavonoiden<\/a><\/strong>, <strong>Phytosterolen<\/strong> und <strong>Tanninen<\/strong>, deren Zusammensetzung je nach Anbauland der Pflanze variieren kann. Triterpensaponine sind f\u00fcr ihre gef\u00e4\u00dfst\u00e4rkende Wirkung bekannt, die die Entstehung von Krampfadern verhindert. Die Anwendung des Extrakts wird f\u00fcr zu Couperose neigende, reife, empfindliche und trockene Haut empfohlen, da er nicht nur <strong>die Kapillaren st\u00e4rkt<\/strong>, sondern auch <strong>bei der Regeneration rissiger und gesch\u00e4digter Haut hilft,<\/strong> gl\u00e4ttet, reinigt und Reizungen lindert.   <\/p>\n<p>In der Dermatologie und Kosmetik <strong>f\u00f6rdert der Extrakt aus Centella Asiatica die Wundheilung<\/strong>, wirkt antibakteriell, entz\u00fcndungshemmend, feuchtigkeitsspendend und abschwellend. Er ist ein effektiver Bestandteil in Anti-Akne- und Anti-Aging-Produkten sowie in Pr\u00e4paraten f\u00fcr trockene, zu Reizungen neigende Haut und die Augenpartie. Zus\u00e4tzlich <strong>regt er die Kollagenproduktion an und stimuliert das Haarwachstum<\/strong> durch Verbesserung der Durchblutung der Kopfhaut.  <\/p>\n<h2>Anwendung:<\/h2>\n<p>Der Extrakt aus Centella Asiatica kann als Bestandteil von Cremes, Seren, Tonern, Masken sowie als aktiver Wirkstoff in Kosmetika f\u00fcr die Augenpartie, feuchtigkeitsspendenden Emulsionen und Anti-Falten-Kosmetika verwendet werden. Er eignet sich auch hervorragend f\u00fcr beruhigende Aftershave-Pr\u00e4parate und Produkte f\u00fcr reife und zu Couperose neigende Haut. <\/p>\n<h2>Gotu Kola Extrakt in Nahrungserg\u00e4nzungsmitteln<\/h2>\n<p>Nahrungserg\u00e4nzungsmittel mit Centella Asiatica Extrakt werden zur <strong>Behandlung von Verdauungsbeschwerden<\/strong> wie Durchfall oder Verdauungsst\u00f6rungen sowie bei <strong>Harnwegsentz\u00fcndungen<\/strong>, <strong>Bluthochdruck<\/strong> und <strong>Diabetes<\/strong> empfohlen. Dieser Extrakt ist auch hilfreich bei der Therapie verschiedener <strong>Hauterkrankungen<\/strong>, einschlie\u00dflich Psoriasis, Ekzemen, Lepra, Vitiligo oder altersbedingten Hautver\u00e4nderungen. <\/p>\n<h2>Zusammensetzung des Extrakts:<\/h2>\n<ul>\n<li><strong>Centella Asiatica Extrakt<\/strong> (5 %) \u2013 Hauptwirkstoff, reich an Saponinen mit entz\u00fcndungshemmender und antibakterieller Wirkung,<\/li>\n<li><strong>Aqua<\/strong> (40\u201350 %) \u2013 L\u00f6sungsmittel,<\/li>\n<li><strong>Glycerin<\/strong> (40\u201350 %) \u2013 feuchtigkeitsspendendes Feuchthaltemittel,<\/li>\n<li><strong>Sodium Benzoate<\/strong> (0,4 %) und <strong>Potassium Sorbate<\/strong> (0,2 %) \u2013 Konservierungsmittel, die das Produkt vor dem Wachstum von Mikroorganismen sch\u00fctzen und seine Haltbarkeit verl\u00e4ngern.<\/li>\n<\/ul>\n","protected":false},"excerpt":{"rendered":"<p>Der <strong>Extrakt aus dem Kraut der Centella Asiatica<\/strong>, auch bekannt als <strong>Gotu Kola<\/strong>, <strong>Indischer Wassernabel<\/strong> oder <strong>Tigergras<\/strong>, wird aus den oberirdischen Teilen dieser exotischen Pflanze gewonnen, die in tropischen und subtropischen Regionen vorkommt. Dieses Produkt ist f\u00fcr den Einsatz in Kosmetik und Pharmazie bestimmt. <\/p>\n","protected":false},"featured_media":22809,"template":"","meta":{"_acf_changed":false},"product_brand":[],"product_cat":[385,373],"product_tag":[],"class_list":{"0":"post-22836","1":"product","2":"type-product","3":"status-publish","4":"has-post-thumbnail","6":"product_cat-pflanzenextrakte","7":"product_cat-nahrungserganzungmittel","9":"first","10":"instock","11":"shipping-taxable","12":"product-type-simple"},"acf":[],"yoast_head":"<!-- This site is optimized with the Yoast SEO plugin v27.4 - https:\/\/yoast.com\/product\/yoast-seo-wordpress\/ -->\n<title>Centella asiatica-Extrakt - NATURAL POLAND - IMPORT UND HANDEL VON ROHSTOFFEN<\/title>\n<meta name=\"description\" content=\"Extrakt aus Centella asiatica wird wegen seiner vielf\u00e4ltigen positiven Eigenschaften weitreichend in der Kosmetik, traditionellen und modernen Medizin eingesetzt.\" \/>\n<meta name=\"robots\" content=\"index, follow, max-snippet:-1, max-image-preview:large, max-video-preview:-1\" \/>\n<link rel=\"canonical\" href=\"https:\/\/naturalpoland.com\/de\/produkte\/produkte-fur-die-pharmaindustrie\/nahrungserganzungmittel\/aus-vacrota-asiatic\/\" \/>\n<meta property=\"og:locale\" content=\"de_DE\" \/>\n<meta property=\"og:type\" content=\"article\" \/>\n<meta property=\"og:title\" content=\"Centella asiatica-Extrakt - NATURAL POLAND - IMPORT UND HANDEL VON ROHSTOFFEN\" \/>\n<meta property=\"og:description\" content=\"Extrakt aus Centella asiatica wird wegen seiner vielf\u00e4ltigen positiven Eigenschaften weitreichend in der Kosmetik, traditionellen und modernen Medizin eingesetzt.\" \/>\n<meta property=\"og:url\" content=\"https:\/\/naturalpoland.com\/de\/produkte\/produkte-fur-die-pharmaindustrie\/nahrungserganzungmittel\/aus-vacrota-asiatic\/\" \/>\n<meta property=\"og:site_name\" content=\"NATURAL POLAND - IMPORT UND HANDEL VON ROHSTOFFEN\" \/>\n<meta property=\"article:publisher\" content=\"https:\/\/www.facebook.com\/naturalpoland.b2b\" \/>\n<meta property=\"article:modified_time\" content=\"2026-02-09T11:48:47+00:00\" \/>\n<meta property=\"og:image\" content=\"https:\/\/naturalpoland.com\/wp-content\/uploads\/ekstrakt-z-wakroty-azjatyckiej.jpg\" \/>\n\t<meta property=\"og:image:width\" content=\"500\" \/>\n\t<meta property=\"og:image:height\" content=\"500\" \/>\n\t<meta property=\"og:image:type\" content=\"image\/jpeg\" \/>\n<script type=\"application\/ld+json\" class=\"yoast-schema-graph\">{\"@context\":\"https:\\\/\\\/schema.org\",\"@graph\":[{\"@type\":\"WebPage\",\"@id\":\"https:\\\/\\\/naturalpoland.com\\\/de\\\/produkte\\\/produkte-fur-die-pharmaindustrie\\\/nahrungserganzungmittel\\\/aus-vacrota-asiatic\\\/\",\"url\":\"https:\\\/\\\/naturalpoland.com\\\/de\\\/produkte\\\/produkte-fur-die-pharmaindustrie\\\/nahrungserganzungmittel\\\/aus-vacrota-asiatic\\\/\",\"name\":\"Centella asiatica-Extrakt - NATURAL POLAND - IMPORT UND HANDEL VON ROHSTOFFEN\",\"isPartOf\":{\"@id\":\"https:\\\/\\\/naturalpoland.com\\\/de\\\/#website\"},\"primaryImageOfPage\":{\"@id\":\"https:\\\/\\\/naturalpoland.com\\\/de\\\/produkte\\\/produkte-fur-die-pharmaindustrie\\\/nahrungserganzungmittel\\\/aus-vacrota-asiatic\\\/#primaryimage\"},\"image\":{\"@id\":\"https:\\\/\\\/naturalpoland.com\\\/de\\\/produkte\\\/produkte-fur-die-pharmaindustrie\\\/nahrungserganzungmittel\\\/aus-vacrota-asiatic\\\/#primaryimage\"},\"thumbnailUrl\":\"https:\\\/\\\/naturalpoland.com\\\/wp-content\\\/uploads\\\/ekstrakt-z-wakroty-azjatyckiej.jpg\",\"datePublished\":\"2023-04-21T12:52:48+00:00\",\"dateModified\":\"2026-02-09T11:48:47+00:00\",\"description\":\"Extrakt aus Centella asiatica wird wegen seiner vielf\u00e4ltigen positiven Eigenschaften weitreichend in der Kosmetik, traditionellen und modernen Medizin eingesetzt.\",\"breadcrumb\":{\"@id\":\"https:\\\/\\\/naturalpoland.com\\\/de\\\/produkte\\\/produkte-fur-die-pharmaindustrie\\\/nahrungserganzungmittel\\\/aus-vacrota-asiatic\\\/#breadcrumb\"},\"inLanguage\":\"de\",\"potentialAction\":[{\"@type\":\"ReadAction\",\"target\":[\"https:\\\/\\\/naturalpoland.com\\\/de\\\/produkte\\\/produkte-fur-die-pharmaindustrie\\\/nahrungserganzungmittel\\\/aus-vacrota-asiatic\\\/\"]}]},{\"@type\":\"ImageObject\",\"inLanguage\":\"de\",\"@id\":\"https:\\\/\\\/naturalpoland.com\\\/de\\\/produkte\\\/produkte-fur-die-pharmaindustrie\\\/nahrungserganzungmittel\\\/aus-vacrota-asiatic\\\/#primaryimage\",\"url\":\"https:\\\/\\\/naturalpoland.com\\\/wp-content\\\/uploads\\\/ekstrakt-z-wakroty-azjatyckiej.jpg\",\"contentUrl\":\"https:\\\/\\\/naturalpoland.com\\\/wp-content\\\/uploads\\\/ekstrakt-z-wakroty-azjatyckiej.jpg\",\"width\":500,\"height\":500,\"caption\":\"Centella asiatica-Extrakt\"},{\"@type\":\"BreadcrumbList\",\"@id\":\"https:\\\/\\\/naturalpoland.com\\\/de\\\/produkte\\\/produkte-fur-die-pharmaindustrie\\\/nahrungserganzungmittel\\\/aus-vacrota-asiatic\\\/#breadcrumb\",\"itemListElement\":[{\"@type\":\"ListItem\",\"position\":1,\"name\":\"Startseite\",\"item\":\"https:\\\/\\\/naturalpoland.com\\\/de\\\/\"},{\"@type\":\"ListItem\",\"position\":2,\"name\":\"Produkte\",\"item\":\"https:\\\/\\\/naturalpoland.com\\\/de\\\/produkte\\\/\"},{\"@type\":\"ListItem\",\"position\":3,\"name\":\"Centella asiatica-Extrakt\"}]},{\"@type\":\"WebSite\",\"@id\":\"https:\\\/\\\/naturalpoland.com\\\/de\\\/#website\",\"url\":\"https:\\\/\\\/naturalpoland.com\\\/de\\\/\",\"name\":\"NATURAL POLAND - IMPORT UND HANDEL VON ROHSTOFFEN\",\"description\":\"Rohstoffe f\u00fcr die Lebensmittelindustrie, Kosmetikindustrie, Pharmaindustrie\",\"publisher\":{\"@id\":\"https:\\\/\\\/naturalpoland.com\\\/de\\\/#organization\"},\"potentialAction\":[{\"@type\":\"SearchAction\",\"target\":{\"@type\":\"EntryPoint\",\"urlTemplate\":\"https:\\\/\\\/naturalpoland.com\\\/de\\\/?s={search_term_string}\"},\"query-input\":{\"@type\":\"PropertyValueSpecification\",\"valueRequired\":true,\"valueName\":\"search_term_string\"}}],\"inLanguage\":\"de\"},{\"@type\":\"Organization\",\"@id\":\"https:\\\/\\\/naturalpoland.com\\\/de\\\/#organization\",\"name\":\"Natural Poland\",\"url\":\"https:\\\/\\\/naturalpoland.com\\\/de\\\/\",\"logo\":{\"@type\":\"ImageObject\",\"inLanguage\":\"de\",\"@id\":\"https:\\\/\\\/naturalpoland.com\\\/de\\\/#\\\/schema\\\/logo\\\/image\\\/\",\"url\":\"https:\\\/\\\/naturalpoland.com\\\/wp-content\\\/uploads\\\/2021\\\/05\\\/natural-poland-icon.png\",\"contentUrl\":\"https:\\\/\\\/naturalpoland.com\\\/wp-content\\\/uploads\\\/2021\\\/05\\\/natural-poland-icon.png\",\"width\":512,\"height\":512,\"caption\":\"Natural Poland\"},\"image\":{\"@id\":\"https:\\\/\\\/naturalpoland.com\\\/de\\\/#\\\/schema\\\/logo\\\/image\\\/\"},\"sameAs\":[\"https:\\\/\\\/www.facebook.com\\\/naturalpoland.b2b\",\"https:\\\/\\\/pl.linkedin.com\\\/company\\\/natural-poland\",\"https:\\\/\\\/www.youtube.com\\\/channel\\\/UCgeGGkvOMahZo-xu_MSEWxg\"]}]}<\/script>\n<!-- \/ Yoast SEO plugin. -->","yoast_head_json":{"title":"Centella asiatica-Extrakt - NATURAL POLAND - IMPORT UND HANDEL VON ROHSTOFFEN","description":"Extrakt aus Centella asiatica wird wegen seiner vielf\u00e4ltigen positiven Eigenschaften weitreichend in der Kosmetik, traditionellen und modernen Medizin eingesetzt.","robots":{"index":"index","follow":"follow","max-snippet":"max-snippet:-1","max-image-preview":"max-image-preview:large","max-video-preview":"max-video-preview:-1"},"canonical":"https:\/\/naturalpoland.com\/de\/produkte\/produkte-fur-die-pharmaindustrie\/nahrungserganzungmittel\/aus-vacrota-asiatic\/","og_locale":"de_DE","og_type":"article","og_title":"Centella asiatica-Extrakt - NATURAL POLAND - IMPORT UND HANDEL VON ROHSTOFFEN","og_description":"Extrakt aus Centella asiatica wird wegen seiner vielf\u00e4ltigen positiven Eigenschaften weitreichend in der Kosmetik, traditionellen und modernen Medizin eingesetzt.","og_url":"https:\/\/naturalpoland.com\/de\/produkte\/produkte-fur-die-pharmaindustrie\/nahrungserganzungmittel\/aus-vacrota-asiatic\/","og_site_name":"NATURAL POLAND - IMPORT UND HANDEL VON ROHSTOFFEN","article_publisher":"https:\/\/www.facebook.com\/naturalpoland.b2b","article_modified_time":"2026-02-09T11:48:47+00:00","og_image":[{"width":500,"height":500,"url":"https:\/\/naturalpoland.com\/wp-content\/uploads\/ekstrakt-z-wakroty-azjatyckiej.jpg","type":"image\/jpeg"}],"schema":{"@context":"https:\/\/schema.org","@graph":[{"@type":"WebPage","@id":"https:\/\/naturalpoland.com\/de\/produkte\/produkte-fur-die-pharmaindustrie\/nahrungserganzungmittel\/aus-vacrota-asiatic\/","url":"https:\/\/naturalpoland.com\/de\/produkte\/produkte-fur-die-pharmaindustrie\/nahrungserganzungmittel\/aus-vacrota-asiatic\/","name":"Centella asiatica-Extrakt - NATURAL POLAND - IMPORT UND HANDEL VON ROHSTOFFEN","isPartOf":{"@id":"https:\/\/naturalpoland.com\/de\/#website"},"primaryImageOfPage":{"@id":"https:\/\/naturalpoland.com\/de\/produkte\/produkte-fur-die-pharmaindustrie\/nahrungserganzungmittel\/aus-vacrota-asiatic\/#primaryimage"},"image":{"@id":"https:\/\/naturalpoland.com\/de\/produkte\/produkte-fur-die-pharmaindustrie\/nahrungserganzungmittel\/aus-vacrota-asiatic\/#primaryimage"},"thumbnailUrl":"https:\/\/naturalpoland.com\/wp-content\/uploads\/ekstrakt-z-wakroty-azjatyckiej.jpg","datePublished":"2023-04-21T12:52:48+00:00","dateModified":"2026-02-09T11:48:47+00:00","description":"Extrakt aus Centella asiatica wird wegen seiner vielf\u00e4ltigen positiven Eigenschaften weitreichend in der Kosmetik, traditionellen und modernen Medizin eingesetzt.","breadcrumb":{"@id":"https:\/\/naturalpoland.com\/de\/produkte\/produkte-fur-die-pharmaindustrie\/nahrungserganzungmittel\/aus-vacrota-asiatic\/#breadcrumb"},"inLanguage":"de","potentialAction":[{"@type":"ReadAction","target":["https:\/\/naturalpoland.com\/de\/produkte\/produkte-fur-die-pharmaindustrie\/nahrungserganzungmittel\/aus-vacrota-asiatic\/"]}]},{"@type":"ImageObject","inLanguage":"de","@id":"https:\/\/naturalpoland.com\/de\/produkte\/produkte-fur-die-pharmaindustrie\/nahrungserganzungmittel\/aus-vacrota-asiatic\/#primaryimage","url":"https:\/\/naturalpoland.com\/wp-content\/uploads\/ekstrakt-z-wakroty-azjatyckiej.jpg","contentUrl":"https:\/\/naturalpoland.com\/wp-content\/uploads\/ekstrakt-z-wakroty-azjatyckiej.jpg","width":500,"height":500,"caption":"Centella asiatica-Extrakt"},{"@type":"BreadcrumbList","@id":"https:\/\/naturalpoland.com\/de\/produkte\/produkte-fur-die-pharmaindustrie\/nahrungserganzungmittel\/aus-vacrota-asiatic\/#breadcrumb","itemListElement":[{"@type":"ListItem","position":1,"name":"Startseite","item":"https:\/\/naturalpoland.com\/de\/"},{"@type":"ListItem","position":2,"name":"Produkte","item":"https:\/\/naturalpoland.com\/de\/produkte\/"},{"@type":"ListItem","position":3,"name":"Centella asiatica-Extrakt"}]},{"@type":"WebSite","@id":"https:\/\/naturalpoland.com\/de\/#website","url":"https:\/\/naturalpoland.com\/de\/","name":"NATURAL POLAND - IMPORT UND HANDEL VON ROHSTOFFEN","description":"Rohstoffe f\u00fcr die Lebensmittelindustrie, Kosmetikindustrie, Pharmaindustrie","publisher":{"@id":"https:\/\/naturalpoland.com\/de\/#organization"},"potentialAction":[{"@type":"SearchAction","target":{"@type":"EntryPoint","urlTemplate":"https:\/\/naturalpoland.com\/de\/?s={search_term_string}"},"query-input":{"@type":"PropertyValueSpecification","valueRequired":true,"valueName":"search_term_string"}}],"inLanguage":"de"},{"@type":"Organization","@id":"https:\/\/naturalpoland.com\/de\/#organization","name":"Natural Poland","url":"https:\/\/naturalpoland.com\/de\/","logo":{"@type":"ImageObject","inLanguage":"de","@id":"https:\/\/naturalpoland.com\/de\/#\/schema\/logo\/image\/","url":"https:\/\/naturalpoland.com\/wp-content\/uploads\/2021\/05\/natural-poland-icon.png","contentUrl":"https:\/\/naturalpoland.com\/wp-content\/uploads\/2021\/05\/natural-poland-icon.png","width":512,"height":512,"caption":"Natural Poland"},"image":{"@id":"https:\/\/naturalpoland.com\/de\/#\/schema\/logo\/image\/"},"sameAs":["https:\/\/www.facebook.com\/naturalpoland.b2b","https:\/\/pl.linkedin.com\/company\/natural-poland","https:\/\/www.youtube.com\/channel\/UCgeGGkvOMahZo-xu_MSEWxg"]}]}},"_links":{"self":[{"href":"https:\/\/naturalpoland.com\/de\/wp-json\/wp\/v2\/product\/22836","targetHints":{"allow":["GET"]}}],"collection":[{"href":"https:\/\/naturalpoland.com\/de\/wp-json\/wp\/v2\/product"}],"about":[{"href":"https:\/\/naturalpoland.com\/de\/wp-json\/wp\/v2\/types\/product"}],"wp:featuredmedia":[{"embeddable":true,"href":"https:\/\/naturalpoland.com\/de\/wp-json\/wp\/v2\/media\/22809"}],"wp:attachment":[{"href":"https:\/\/naturalpoland.com\/de\/wp-json\/wp\/v2\/media?parent=22836"}],"wp:term":[{"taxonomy":"product_brand","embeddable":true,"href":"https:\/\/naturalpoland.com\/de\/wp-json\/wp\/v2\/product_brand?post=22836"},{"taxonomy":"product_cat","embeddable":true,"href":"https:\/\/naturalpoland.com\/de\/wp-json\/wp\/v2\/product_cat?post=22836"},{"taxonomy":"product_tag","embeddable":true,"href":"https:\/\/naturalpoland.com\/de\/wp-json\/wp\/v2\/product_tag?post=22836"}],"curies":[{"name":"wp","href":"https:\/\/api.w.org\/{rel}","templated":true}]}}