{"id":22838,"date":"2023-04-21T14:59:22","date_gmt":"2023-04-21T13:03:44","guid":{"rendered":"https:\/\/naturalpoland.pl\/produkty\/unkategorisiert\/mazerat-von-centella-asiatica\/"},"modified":"2023-04-21T15:03:44","modified_gmt":"2023-04-21T13:03:44","slug":"macerate-from-acreta-asiatica","status":"publish","type":"product","link":"https:\/\/naturalpoland.com\/de\/produkte\/produkte-fur-die-kosmetikindustrie\/mazerate-de\/macerate-from-acreta-asiatica\/","title":{"rendered":"Mazerat von Centella Asiatica"},"content":{"rendered":"<p>Das Mazerat aus den oberirdischen Teilen von Centella Asiatica wird in der kosmetischen Industrie und in der Dermatologie weithin verwendet, wie aktuelle Studien belegen. Durch seine positive Wirkung auf die Fibroblasten und die Synthese von Kollagen und Elastin f\u00f6rdert das Mazerat der Senfpflanze die Regeneration der Haut, verleiht ihr Elastizit\u00e4t und Festigkeit und hat eine feuchtigkeitsspendende Wirkung. Dar\u00fcber hinaus weisen Wissenschaftler auf seine antibakteriellen und entz\u00fcndungshemmenden Eigenschaften hin. Es eignet sich daher gut f\u00fcr Anti-Aging-Kosmetika, aber auch f\u00fcr Pr\u00e4parate zur Behandlung von Akne oder zur F\u00f6rderung der Wundheilung.<\/p>\n<p>Die Eigenschaften des Centella Asiatica-Mazerats k\u00f6nnen auch bei der Herstellung von Nahrungserg\u00e4nzungsmitteln genutzt werden. Dank seiner Wirkung zur Verbesserung der Elastizit\u00e4t der Blutgef\u00e4\u00dfe wird sich dieser Inhaltsstoff in Pr\u00e4paraten zur Vorbeugung von Bluthochdruck und Arteriosklerose als n\u00fctzlich erweisen. Dar\u00fcber hinaus deuten Forschungsergebnisse darauf hin, dass er eine adaptogene Wirkung hat &#8211; eine positive Auswirkung auf das zentrale Nervensystem und die Gehirnfunktion.<\/p>\n","protected":false},"excerpt":{"rendered":"<p>Das Mazerat von<em>Centella asiatica<\/em>, auch bekannt als &#8222;Tigergras&#8220; und &#8222;Gotu Kola&#8220;, ist ein aus Asien stammender Inhaltsstoff, der in der kosmetischen und pharmazeutischen Industrie vielseitig einsetzbar ist. Seine bemerkenswerten Eigenschaften, die bereits von der traditionellen chinesischen Medizin oder dem indischen Ayurveda gesch\u00e4tzt werden, verdankt er in erster Linie einem Komplex aus pentazyklischen Triterpensaponinen.<\/p>\n","protected":false},"featured_media":22821,"template":"","meta":[],"product_brand":[],"product_cat":[370],"product_tag":[],"class_list":{"0":"post-22838","1":"product","2":"type-product","3":"status-publish","4":"has-post-thumbnail","6":"product_cat-mazerate-de","8":"first","9":"instock","10":"shipping-taxable","11":"product-type-simple"},"yoast_head":"<!-- This site is optimized with the Yoast SEO plugin v27.4 - https:\/\/yoast.com\/product\/yoast-seo-wordpress\/ -->\n<title>Mazerat von Centella Asiatica - Gro\u00dfhandelsvertrieb<\/title>\n<meta name=\"robots\" content=\"index, follow, max-snippet:-1, max-image-preview:large, max-video-preview:-1\" \/>\n<link rel=\"canonical\" href=\"https:\/\/naturalpoland.com\/de\/produkte\/produkte-fur-die-kosmetikindustrie\/mazerate-de\/macerate-from-acreta-asiatica\/\" \/>\n<meta property=\"og:locale\" content=\"de_DE\" \/>\n<meta property=\"og:type\" content=\"article\" \/>\n<meta property=\"og:title\" content=\"Mazerat von Centella Asiatica - Gro\u00dfhandelsvertrieb\" \/>\n<meta property=\"og:description\" content=\"Das Mazerat vonCentella asiatica, auch bekannt als &quot;Tigergras&quot; und &quot;Gotu Kola&quot;, ist ein aus Asien stammender Inhaltsstoff, der in der kosmetischen und pharmazeutischen Industrie vielseitig einsetzbar ist. Seine bemerkenswerten Eigenschaften, die bereits von der traditionellen chinesischen Medizin oder dem indischen Ayurveda gesch\u00e4tzt werden, verdankt er in erster Linie einem Komplex aus pentazyklischen Triterpensaponinen.\" \/>\n<meta property=\"og:url\" content=\"https:\/\/naturalpoland.com\/de\/produkte\/produkte-fur-die-kosmetikindustrie\/mazerate-de\/macerate-from-acreta-asiatica\/\" \/>\n<meta property=\"og:site_name\" content=\"NATURAL POLAND - IMPORT UND HANDEL VON ROHSTOFFEN\" \/>\n<meta property=\"article:publisher\" content=\"https:\/\/www.facebook.com\/naturalpoland.b2b\" \/>\n<meta property=\"og:image\" content=\"https:\/\/naturalpoland.com\/wp-content\/uploads\/macerat-z-wakroty-azjatyckiej.jpg\" \/>\n\t<meta property=\"og:image:width\" content=\"500\" \/>\n\t<meta property=\"og:image:height\" content=\"500\" \/>\n\t<meta property=\"og:image:type\" content=\"image\/jpeg\" \/>\n<script type=\"application\/ld+json\" class=\"yoast-schema-graph\">{\"@context\":\"https:\\\/\\\/schema.org\",\"@graph\":[{\"@type\":\"WebPage\",\"@id\":\"https:\\\/\\\/naturalpoland.com\\\/de\\\/produkte\\\/produkte-fur-die-kosmetikindustrie\\\/mazerate-de\\\/macerate-from-acreta-asiatica\\\/\",\"url\":\"https:\\\/\\\/naturalpoland.com\\\/de\\\/produkte\\\/produkte-fur-die-kosmetikindustrie\\\/mazerate-de\\\/macerate-from-acreta-asiatica\\\/\",\"name\":\"Mazerat von Centella Asiatica - Gro\u00dfhandelsvertrieb\",\"isPartOf\":{\"@id\":\"https:\\\/\\\/naturalpoland.com\\\/de\\\/#website\"},\"primaryImageOfPage\":{\"@id\":\"https:\\\/\\\/naturalpoland.com\\\/de\\\/produkte\\\/produkte-fur-die-kosmetikindustrie\\\/mazerate-de\\\/macerate-from-acreta-asiatica\\\/#primaryimage\"},\"image\":{\"@id\":\"https:\\\/\\\/naturalpoland.com\\\/de\\\/produkte\\\/produkte-fur-die-kosmetikindustrie\\\/mazerate-de\\\/macerate-from-acreta-asiatica\\\/#primaryimage\"},\"thumbnailUrl\":\"https:\\\/\\\/naturalpoland.com\\\/wp-content\\\/uploads\\\/macerat-z-wakroty-azjatyckiej.jpg\",\"datePublished\":\"2023-04-21T13:03:44+00:00\",\"breadcrumb\":{\"@id\":\"https:\\\/\\\/naturalpoland.com\\\/de\\\/produkte\\\/produkte-fur-die-kosmetikindustrie\\\/mazerate-de\\\/macerate-from-acreta-asiatica\\\/#breadcrumb\"},\"inLanguage\":\"de\",\"potentialAction\":[{\"@type\":\"ReadAction\",\"target\":[\"https:\\\/\\\/naturalpoland.com\\\/de\\\/produkte\\\/produkte-fur-die-kosmetikindustrie\\\/mazerate-de\\\/macerate-from-acreta-asiatica\\\/\"]}]},{\"@type\":\"ImageObject\",\"inLanguage\":\"de\",\"@id\":\"https:\\\/\\\/naturalpoland.com\\\/de\\\/produkte\\\/produkte-fur-die-kosmetikindustrie\\\/mazerate-de\\\/macerate-from-acreta-asiatica\\\/#primaryimage\",\"url\":\"https:\\\/\\\/naturalpoland.com\\\/wp-content\\\/uploads\\\/macerat-z-wakroty-azjatyckiej.jpg\",\"contentUrl\":\"https:\\\/\\\/naturalpoland.com\\\/wp-content\\\/uploads\\\/macerat-z-wakroty-azjatyckiej.jpg\",\"width\":500,\"height\":500,\"caption\":\"Mazerat von Centella Asiatica\"},{\"@type\":\"BreadcrumbList\",\"@id\":\"https:\\\/\\\/naturalpoland.com\\\/de\\\/produkte\\\/produkte-fur-die-kosmetikindustrie\\\/mazerate-de\\\/macerate-from-acreta-asiatica\\\/#breadcrumb\",\"itemListElement\":[{\"@type\":\"ListItem\",\"position\":1,\"name\":\"Startseite\",\"item\":\"https:\\\/\\\/naturalpoland.com\\\/de\\\/\"},{\"@type\":\"ListItem\",\"position\":2,\"name\":\"Produkte\",\"item\":\"https:\\\/\\\/naturalpoland.com\\\/de\\\/produkte\\\/\"},{\"@type\":\"ListItem\",\"position\":3,\"name\":\"Mazerat von Centella Asiatica\"}]},{\"@type\":\"WebSite\",\"@id\":\"https:\\\/\\\/naturalpoland.com\\\/de\\\/#website\",\"url\":\"https:\\\/\\\/naturalpoland.com\\\/de\\\/\",\"name\":\"NATURAL POLAND - IMPORT UND HANDEL VON ROHSTOFFEN\",\"description\":\"Rohstoffe f\u00fcr die Lebensmittelindustrie, Kosmetikindustrie, Pharmaindustrie\",\"publisher\":{\"@id\":\"https:\\\/\\\/naturalpoland.com\\\/de\\\/#organization\"},\"potentialAction\":[{\"@type\":\"SearchAction\",\"target\":{\"@type\":\"EntryPoint\",\"urlTemplate\":\"https:\\\/\\\/naturalpoland.com\\\/de\\\/?s={search_term_string}\"},\"query-input\":{\"@type\":\"PropertyValueSpecification\",\"valueRequired\":true,\"valueName\":\"search_term_string\"}}],\"inLanguage\":\"de\"},{\"@type\":\"Organization\",\"@id\":\"https:\\\/\\\/naturalpoland.com\\\/de\\\/#organization\",\"name\":\"Natural Poland\",\"url\":\"https:\\\/\\\/naturalpoland.com\\\/de\\\/\",\"logo\":{\"@type\":\"ImageObject\",\"inLanguage\":\"de\",\"@id\":\"https:\\\/\\\/naturalpoland.com\\\/de\\\/#\\\/schema\\\/logo\\\/image\\\/\",\"url\":\"https:\\\/\\\/naturalpoland.com\\\/wp-content\\\/uploads\\\/2021\\\/05\\\/natural-poland-icon.png\",\"contentUrl\":\"https:\\\/\\\/naturalpoland.com\\\/wp-content\\\/uploads\\\/2021\\\/05\\\/natural-poland-icon.png\",\"width\":512,\"height\":512,\"caption\":\"Natural Poland\"},\"image\":{\"@id\":\"https:\\\/\\\/naturalpoland.com\\\/de\\\/#\\\/schema\\\/logo\\\/image\\\/\"},\"sameAs\":[\"https:\\\/\\\/www.facebook.com\\\/naturalpoland.b2b\",\"https:\\\/\\\/pl.linkedin.com\\\/company\\\/natural-poland\",\"https:\\\/\\\/www.youtube.com\\\/channel\\\/UCgeGGkvOMahZo-xu_MSEWxg\"]}]}<\/script>\n<!-- \/ Yoast SEO plugin. -->","yoast_head_json":{"title":"Mazerat von Centella Asiatica - Gro\u00dfhandelsvertrieb","robots":{"index":"index","follow":"follow","max-snippet":"max-snippet:-1","max-image-preview":"max-image-preview:large","max-video-preview":"max-video-preview:-1"},"canonical":"https:\/\/naturalpoland.com\/de\/produkte\/produkte-fur-die-kosmetikindustrie\/mazerate-de\/macerate-from-acreta-asiatica\/","og_locale":"de_DE","og_type":"article","og_title":"Mazerat von Centella Asiatica - Gro\u00dfhandelsvertrieb","og_description":"Das Mazerat vonCentella asiatica, auch bekannt als \"Tigergras\" und \"Gotu Kola\", ist ein aus Asien stammender Inhaltsstoff, der in der kosmetischen und pharmazeutischen Industrie vielseitig einsetzbar ist. Seine bemerkenswerten Eigenschaften, die bereits von der traditionellen chinesischen Medizin oder dem indischen Ayurveda gesch\u00e4tzt werden, verdankt er in erster Linie einem Komplex aus pentazyklischen Triterpensaponinen.","og_url":"https:\/\/naturalpoland.com\/de\/produkte\/produkte-fur-die-kosmetikindustrie\/mazerate-de\/macerate-from-acreta-asiatica\/","og_site_name":"NATURAL POLAND - IMPORT UND HANDEL VON ROHSTOFFEN","article_publisher":"https:\/\/www.facebook.com\/naturalpoland.b2b","og_image":[{"width":500,"height":500,"url":"https:\/\/naturalpoland.com\/wp-content\/uploads\/macerat-z-wakroty-azjatyckiej.jpg","type":"image\/jpeg"}],"schema":{"@context":"https:\/\/schema.org","@graph":[{"@type":"WebPage","@id":"https:\/\/naturalpoland.com\/de\/produkte\/produkte-fur-die-kosmetikindustrie\/mazerate-de\/macerate-from-acreta-asiatica\/","url":"https:\/\/naturalpoland.com\/de\/produkte\/produkte-fur-die-kosmetikindustrie\/mazerate-de\/macerate-from-acreta-asiatica\/","name":"Mazerat von Centella Asiatica - Gro\u00dfhandelsvertrieb","isPartOf":{"@id":"https:\/\/naturalpoland.com\/de\/#website"},"primaryImageOfPage":{"@id":"https:\/\/naturalpoland.com\/de\/produkte\/produkte-fur-die-kosmetikindustrie\/mazerate-de\/macerate-from-acreta-asiatica\/#primaryimage"},"image":{"@id":"https:\/\/naturalpoland.com\/de\/produkte\/produkte-fur-die-kosmetikindustrie\/mazerate-de\/macerate-from-acreta-asiatica\/#primaryimage"},"thumbnailUrl":"https:\/\/naturalpoland.com\/wp-content\/uploads\/macerat-z-wakroty-azjatyckiej.jpg","datePublished":"2023-04-21T13:03:44+00:00","breadcrumb":{"@id":"https:\/\/naturalpoland.com\/de\/produkte\/produkte-fur-die-kosmetikindustrie\/mazerate-de\/macerate-from-acreta-asiatica\/#breadcrumb"},"inLanguage":"de","potentialAction":[{"@type":"ReadAction","target":["https:\/\/naturalpoland.com\/de\/produkte\/produkte-fur-die-kosmetikindustrie\/mazerate-de\/macerate-from-acreta-asiatica\/"]}]},{"@type":"ImageObject","inLanguage":"de","@id":"https:\/\/naturalpoland.com\/de\/produkte\/produkte-fur-die-kosmetikindustrie\/mazerate-de\/macerate-from-acreta-asiatica\/#primaryimage","url":"https:\/\/naturalpoland.com\/wp-content\/uploads\/macerat-z-wakroty-azjatyckiej.jpg","contentUrl":"https:\/\/naturalpoland.com\/wp-content\/uploads\/macerat-z-wakroty-azjatyckiej.jpg","width":500,"height":500,"caption":"Mazerat von Centella Asiatica"},{"@type":"BreadcrumbList","@id":"https:\/\/naturalpoland.com\/de\/produkte\/produkte-fur-die-kosmetikindustrie\/mazerate-de\/macerate-from-acreta-asiatica\/#breadcrumb","itemListElement":[{"@type":"ListItem","position":1,"name":"Startseite","item":"https:\/\/naturalpoland.com\/de\/"},{"@type":"ListItem","position":2,"name":"Produkte","item":"https:\/\/naturalpoland.com\/de\/produkte\/"},{"@type":"ListItem","position":3,"name":"Mazerat von Centella Asiatica"}]},{"@type":"WebSite","@id":"https:\/\/naturalpoland.com\/de\/#website","url":"https:\/\/naturalpoland.com\/de\/","name":"NATURAL POLAND - IMPORT UND HANDEL VON ROHSTOFFEN","description":"Rohstoffe f\u00fcr die Lebensmittelindustrie, Kosmetikindustrie, Pharmaindustrie","publisher":{"@id":"https:\/\/naturalpoland.com\/de\/#organization"},"potentialAction":[{"@type":"SearchAction","target":{"@type":"EntryPoint","urlTemplate":"https:\/\/naturalpoland.com\/de\/?s={search_term_string}"},"query-input":{"@type":"PropertyValueSpecification","valueRequired":true,"valueName":"search_term_string"}}],"inLanguage":"de"},{"@type":"Organization","@id":"https:\/\/naturalpoland.com\/de\/#organization","name":"Natural Poland","url":"https:\/\/naturalpoland.com\/de\/","logo":{"@type":"ImageObject","inLanguage":"de","@id":"https:\/\/naturalpoland.com\/de\/#\/schema\/logo\/image\/","url":"https:\/\/naturalpoland.com\/wp-content\/uploads\/2021\/05\/natural-poland-icon.png","contentUrl":"https:\/\/naturalpoland.com\/wp-content\/uploads\/2021\/05\/natural-poland-icon.png","width":512,"height":512,"caption":"Natural Poland"},"image":{"@id":"https:\/\/naturalpoland.com\/de\/#\/schema\/logo\/image\/"},"sameAs":["https:\/\/www.facebook.com\/naturalpoland.b2b","https:\/\/pl.linkedin.com\/company\/natural-poland","https:\/\/www.youtube.com\/channel\/UCgeGGkvOMahZo-xu_MSEWxg"]}]}},"_links":{"self":[{"href":"https:\/\/naturalpoland.com\/de\/wp-json\/wp\/v2\/product\/22838","targetHints":{"allow":["GET"]}}],"collection":[{"href":"https:\/\/naturalpoland.com\/de\/wp-json\/wp\/v2\/product"}],"about":[{"href":"https:\/\/naturalpoland.com\/de\/wp-json\/wp\/v2\/types\/product"}],"wp:featuredmedia":[{"embeddable":true,"href":"https:\/\/naturalpoland.com\/de\/wp-json\/wp\/v2\/media\/22821"}],"wp:attachment":[{"href":"https:\/\/naturalpoland.com\/de\/wp-json\/wp\/v2\/media?parent=22838"}],"wp:term":[{"taxonomy":"product_brand","embeddable":true,"href":"https:\/\/naturalpoland.com\/de\/wp-json\/wp\/v2\/product_brand?post=22838"},{"taxonomy":"product_cat","embeddable":true,"href":"https:\/\/naturalpoland.com\/de\/wp-json\/wp\/v2\/product_cat?post=22838"},{"taxonomy":"product_tag","embeddable":true,"href":"https:\/\/naturalpoland.com\/de\/wp-json\/wp\/v2\/product_tag?post=22838"}],"curies":[{"name":"wp","href":"https:\/\/api.w.org\/{rel}","templated":true}]}}