{"id":22869,"date":"2023-04-21T13:54:11","date_gmt":"2023-04-21T13:04:13","guid":{"rendered":"https:\/\/naturalpoland.pl\/produkty\/unkategorisiert\/extrakt-aus-rivierawurzel-standardisiert-auf-glucosylceramide-5\/"},"modified":"2023-04-21T15:04:13","modified_gmt":"2023-04-21T13:04:13","slug":"auszug-aus-der-wildblumenriviera","status":"publish","type":"product","link":"https:\/\/naturalpoland.com\/de\/produkte\/produkte-fur-die-pharmaindustrie\/nahrungserganzungmittel\/auszug-aus-der-wildblumenriviera\/","title":{"rendered":"Extrakt aus Rivierawurzel, standardisiert auf Glucosylceramide (5%)"},"content":{"rendered":"<p>Die therapeutischen und kosmetischen Eigenschaften des<em>Konjac-Kartoffelextrakts<\/em> sind vor allem auf das Vorhandensein von Glucomannan und Glucosylceramiden zur\u00fcckzuf\u00fchren, f\u00fcr die unser Produkt standardisiert ist<strong>(Mindestgehalt 5 %<\/strong>). Es kann in Nahrungserg\u00e4nzungsmitteln verwendet werden, die f\u00fcr diejenigen bestimmt sind, die \u00dcbergewicht abbauen oder die negativen gesundheitlichen Auswirkungen von \u00dcbergewicht bek\u00e4mpfen wollen. Es z\u00fcgelt den Appetit, verbessert den Stoffwechsel, entgiftet den K\u00f6rper, senkt den Cholesterin- und Triglyceridspiegel im Blut und tr\u00e4gt zur Aufrechterhaltung eines normalen Blutzuckerspiegels bei. Dar\u00fcber hinaus unterst\u00fctzt der Extrakt aus Oddball das Kreislauf- und Atmungssystem und hilft bei der Krebsvorsorge.<\/p>\n","protected":false},"excerpt":{"rendered":"<p><strong>Riviera-Quirkholz (<em>Amorphophallus konjac<\/em><\/strong> ) ist eine egoistische Pflanze, die urspr\u00fcnglich aus China stammt und heute auch in anderen asiatischen L\u00e4ndern weit verbreitet ist. Aufgrund ihrer gro\u00dfen Bl\u00fcten und ihres originellen Aussehens ist sie eine nat\u00fcrliche Kuriosit\u00e4t in botanischen G\u00e4rten und kann als Zierpflanze verwendet werden. Die Knollen und der aus ihnen gewonnene Extrakt werden aber auch in der Lebensmittel-, Pharma- und Kosmetikindustrie verwendet.<\/p>\n","protected":false},"featured_media":22760,"template":"","meta":{"_acf_changed":false},"product_brand":[],"product_cat":[385,373],"product_tag":[],"class_list":{"0":"post-22869","1":"product","2":"type-product","3":"status-publish","4":"has-post-thumbnail","6":"product_cat-pflanzenextrakte","7":"product_cat-nahrungserganzungmittel","8":"pa_certyfikaty-halal-de","9":"pa_certyfikaty-koscher-zertifizierung","11":"first","12":"instock","13":"shipping-taxable","14":"product-type-simple"},"acf":[],"yoast_head":"<!-- This site is optimized with the Yoast SEO plugin v27.5 - https:\/\/yoast.com\/product\/yoast-seo-wordpress\/ -->\n<title>Extrakt aus Rivierawurzel, standardisiert auf Glucosylceramide (5%) - Gro\u00dfhandelsvertrieb<\/title>\n<meta name=\"robots\" content=\"index, follow, max-snippet:-1, max-image-preview:large, max-video-preview:-1\" \/>\n<link rel=\"canonical\" href=\"https:\/\/naturalpoland.com\/de\/produkte\/produkte-fur-die-pharmaindustrie\/nahrungserganzungmittel\/auszug-aus-der-wildblumenriviera\/\" \/>\n<meta property=\"og:locale\" content=\"de_DE\" \/>\n<meta property=\"og:type\" content=\"article\" \/>\n<meta property=\"og:title\" content=\"Extrakt aus Rivierawurzel, standardisiert auf Glucosylceramide (5%) - Gro\u00dfhandelsvertrieb\" \/>\n<meta property=\"og:description\" content=\"Riviera-Quirkholz (Amorphophallus konjac ) ist eine egoistische Pflanze, die urspr\u00fcnglich aus China stammt und heute auch in anderen asiatischen L\u00e4ndern weit verbreitet ist. Aufgrund ihrer gro\u00dfen Bl\u00fcten und ihres originellen Aussehens ist sie eine nat\u00fcrliche Kuriosit\u00e4t in botanischen G\u00e4rten und kann als Zierpflanze verwendet werden. Die Knollen und der aus ihnen gewonnene Extrakt werden aber auch in der Lebensmittel-, Pharma- und Kosmetikindustrie verwendet.\" \/>\n<meta property=\"og:url\" content=\"https:\/\/naturalpoland.com\/de\/produkte\/produkte-fur-die-pharmaindustrie\/nahrungserganzungmittel\/auszug-aus-der-wildblumenriviera\/\" \/>\n<meta property=\"og:site_name\" content=\"NATURAL POLAND - IMPORT UND HANDEL VON ROHSTOFFEN\" \/>\n<meta property=\"article:publisher\" content=\"https:\/\/www.facebook.com\/naturalpoland.b2b\" \/>\n<meta property=\"og:image\" content=\"https:\/\/naturalpoland.com\/wp-content\/uploads\/ekstrakt-z-dziwidla-riviera.jpg\" \/>\n\t<meta property=\"og:image:width\" content=\"500\" \/>\n\t<meta property=\"og:image:height\" content=\"500\" \/>\n\t<meta property=\"og:image:type\" content=\"image\/jpeg\" \/>\n<script type=\"application\/ld+json\" class=\"yoast-schema-graph\">{\"@context\":\"https:\\\/\\\/schema.org\",\"@graph\":[{\"@type\":\"WebPage\",\"@id\":\"https:\\\/\\\/naturalpoland.com\\\/de\\\/produkte\\\/produkte-fur-die-pharmaindustrie\\\/nahrungserganzungmittel\\\/auszug-aus-der-wildblumenriviera\\\/\",\"url\":\"https:\\\/\\\/naturalpoland.com\\\/de\\\/produkte\\\/produkte-fur-die-pharmaindustrie\\\/nahrungserganzungmittel\\\/auszug-aus-der-wildblumenriviera\\\/\",\"name\":\"Extrakt aus Rivierawurzel, standardisiert auf Glucosylceramide (5%) - Gro\u00dfhandelsvertrieb\",\"isPartOf\":{\"@id\":\"https:\\\/\\\/naturalpoland.com\\\/de\\\/#website\"},\"primaryImageOfPage\":{\"@id\":\"https:\\\/\\\/naturalpoland.com\\\/de\\\/produkte\\\/produkte-fur-die-pharmaindustrie\\\/nahrungserganzungmittel\\\/auszug-aus-der-wildblumenriviera\\\/#primaryimage\"},\"image\":{\"@id\":\"https:\\\/\\\/naturalpoland.com\\\/de\\\/produkte\\\/produkte-fur-die-pharmaindustrie\\\/nahrungserganzungmittel\\\/auszug-aus-der-wildblumenriviera\\\/#primaryimage\"},\"thumbnailUrl\":\"https:\\\/\\\/naturalpoland.com\\\/wp-content\\\/uploads\\\/ekstrakt-z-dziwidla-riviera.jpg\",\"datePublished\":\"2023-04-21T13:04:13+00:00\",\"breadcrumb\":{\"@id\":\"https:\\\/\\\/naturalpoland.com\\\/de\\\/produkte\\\/produkte-fur-die-pharmaindustrie\\\/nahrungserganzungmittel\\\/auszug-aus-der-wildblumenriviera\\\/#breadcrumb\"},\"inLanguage\":\"de\",\"potentialAction\":[{\"@type\":\"ReadAction\",\"target\":[\"https:\\\/\\\/naturalpoland.com\\\/de\\\/produkte\\\/produkte-fur-die-pharmaindustrie\\\/nahrungserganzungmittel\\\/auszug-aus-der-wildblumenriviera\\\/\"]}]},{\"@type\":\"ImageObject\",\"inLanguage\":\"de\",\"@id\":\"https:\\\/\\\/naturalpoland.com\\\/de\\\/produkte\\\/produkte-fur-die-pharmaindustrie\\\/nahrungserganzungmittel\\\/auszug-aus-der-wildblumenriviera\\\/#primaryimage\",\"url\":\"https:\\\/\\\/naturalpoland.com\\\/wp-content\\\/uploads\\\/ekstrakt-z-dziwidla-riviera.jpg\",\"contentUrl\":\"https:\\\/\\\/naturalpoland.com\\\/wp-content\\\/uploads\\\/ekstrakt-z-dziwidla-riviera.jpg\",\"width\":500,\"height\":500,\"caption\":\"Auszug aus der Riviera Oddball\"},{\"@type\":\"BreadcrumbList\",\"@id\":\"https:\\\/\\\/naturalpoland.com\\\/de\\\/produkte\\\/produkte-fur-die-pharmaindustrie\\\/nahrungserganzungmittel\\\/auszug-aus-der-wildblumenriviera\\\/#breadcrumb\",\"itemListElement\":[{\"@type\":\"ListItem\",\"position\":1,\"name\":\"Startseite\",\"item\":\"https:\\\/\\\/naturalpoland.com\\\/de\\\/\"},{\"@type\":\"ListItem\",\"position\":2,\"name\":\"Produkte\",\"item\":\"https:\\\/\\\/naturalpoland.com\\\/de\\\/produkte\\\/\"},{\"@type\":\"ListItem\",\"position\":3,\"name\":\"Extrakt aus Rivierawurzel, standardisiert auf Glucosylceramide (5%)\"}]},{\"@type\":\"WebSite\",\"@id\":\"https:\\\/\\\/naturalpoland.com\\\/de\\\/#website\",\"url\":\"https:\\\/\\\/naturalpoland.com\\\/de\\\/\",\"name\":\"NATURAL POLAND - IMPORT UND HANDEL VON ROHSTOFFEN\",\"description\":\"Rohstoffe f\u00fcr die Lebensmittelindustrie, Kosmetikindustrie, Pharmaindustrie\",\"publisher\":{\"@id\":\"https:\\\/\\\/naturalpoland.com\\\/de\\\/#organization\"},\"potentialAction\":[{\"@type\":\"SearchAction\",\"target\":{\"@type\":\"EntryPoint\",\"urlTemplate\":\"https:\\\/\\\/naturalpoland.com\\\/de\\\/?s={search_term_string}\"},\"query-input\":{\"@type\":\"PropertyValueSpecification\",\"valueRequired\":true,\"valueName\":\"search_term_string\"}}],\"inLanguage\":\"de\"},{\"@type\":\"Organization\",\"@id\":\"https:\\\/\\\/naturalpoland.com\\\/de\\\/#organization\",\"name\":\"Natural Poland\",\"url\":\"https:\\\/\\\/naturalpoland.com\\\/de\\\/\",\"logo\":{\"@type\":\"ImageObject\",\"inLanguage\":\"de\",\"@id\":\"https:\\\/\\\/naturalpoland.com\\\/de\\\/#\\\/schema\\\/logo\\\/image\\\/\",\"url\":\"https:\\\/\\\/naturalpoland.com\\\/wp-content\\\/uploads\\\/2021\\\/05\\\/natural-poland-icon.png\",\"contentUrl\":\"https:\\\/\\\/naturalpoland.com\\\/wp-content\\\/uploads\\\/2021\\\/05\\\/natural-poland-icon.png\",\"width\":512,\"height\":512,\"caption\":\"Natural Poland\"},\"image\":{\"@id\":\"https:\\\/\\\/naturalpoland.com\\\/de\\\/#\\\/schema\\\/logo\\\/image\\\/\"},\"sameAs\":[\"https:\\\/\\\/www.facebook.com\\\/naturalpoland.b2b\",\"https:\\\/\\\/pl.linkedin.com\\\/company\\\/natural-poland\",\"https:\\\/\\\/www.youtube.com\\\/channel\\\/UCgeGGkvOMahZo-xu_MSEWxg\"]}]}<\/script>\n<!-- \/ Yoast SEO plugin. -->","yoast_head_json":{"title":"Extrakt aus Rivierawurzel, standardisiert auf Glucosylceramide (5%) - Gro\u00dfhandelsvertrieb","robots":{"index":"index","follow":"follow","max-snippet":"max-snippet:-1","max-image-preview":"max-image-preview:large","max-video-preview":"max-video-preview:-1"},"canonical":"https:\/\/naturalpoland.com\/de\/produkte\/produkte-fur-die-pharmaindustrie\/nahrungserganzungmittel\/auszug-aus-der-wildblumenriviera\/","og_locale":"de_DE","og_type":"article","og_title":"Extrakt aus Rivierawurzel, standardisiert auf Glucosylceramide (5%) - Gro\u00dfhandelsvertrieb","og_description":"Riviera-Quirkholz (Amorphophallus konjac ) ist eine egoistische Pflanze, die urspr\u00fcnglich aus China stammt und heute auch in anderen asiatischen L\u00e4ndern weit verbreitet ist. Aufgrund ihrer gro\u00dfen Bl\u00fcten und ihres originellen Aussehens ist sie eine nat\u00fcrliche Kuriosit\u00e4t in botanischen G\u00e4rten und kann als Zierpflanze verwendet werden. Die Knollen und der aus ihnen gewonnene Extrakt werden aber auch in der Lebensmittel-, Pharma- und Kosmetikindustrie verwendet.","og_url":"https:\/\/naturalpoland.com\/de\/produkte\/produkte-fur-die-pharmaindustrie\/nahrungserganzungmittel\/auszug-aus-der-wildblumenriviera\/","og_site_name":"NATURAL POLAND - IMPORT UND HANDEL VON ROHSTOFFEN","article_publisher":"https:\/\/www.facebook.com\/naturalpoland.b2b","og_image":[{"width":500,"height":500,"url":"https:\/\/naturalpoland.com\/wp-content\/uploads\/ekstrakt-z-dziwidla-riviera.jpg","type":"image\/jpeg"}],"schema":{"@context":"https:\/\/schema.org","@graph":[{"@type":"WebPage","@id":"https:\/\/naturalpoland.com\/de\/produkte\/produkte-fur-die-pharmaindustrie\/nahrungserganzungmittel\/auszug-aus-der-wildblumenriviera\/","url":"https:\/\/naturalpoland.com\/de\/produkte\/produkte-fur-die-pharmaindustrie\/nahrungserganzungmittel\/auszug-aus-der-wildblumenriviera\/","name":"Extrakt aus Rivierawurzel, standardisiert auf Glucosylceramide (5%) - Gro\u00dfhandelsvertrieb","isPartOf":{"@id":"https:\/\/naturalpoland.com\/de\/#website"},"primaryImageOfPage":{"@id":"https:\/\/naturalpoland.com\/de\/produkte\/produkte-fur-die-pharmaindustrie\/nahrungserganzungmittel\/auszug-aus-der-wildblumenriviera\/#primaryimage"},"image":{"@id":"https:\/\/naturalpoland.com\/de\/produkte\/produkte-fur-die-pharmaindustrie\/nahrungserganzungmittel\/auszug-aus-der-wildblumenriviera\/#primaryimage"},"thumbnailUrl":"https:\/\/naturalpoland.com\/wp-content\/uploads\/ekstrakt-z-dziwidla-riviera.jpg","datePublished":"2023-04-21T13:04:13+00:00","breadcrumb":{"@id":"https:\/\/naturalpoland.com\/de\/produkte\/produkte-fur-die-pharmaindustrie\/nahrungserganzungmittel\/auszug-aus-der-wildblumenriviera\/#breadcrumb"},"inLanguage":"de","potentialAction":[{"@type":"ReadAction","target":["https:\/\/naturalpoland.com\/de\/produkte\/produkte-fur-die-pharmaindustrie\/nahrungserganzungmittel\/auszug-aus-der-wildblumenriviera\/"]}]},{"@type":"ImageObject","inLanguage":"de","@id":"https:\/\/naturalpoland.com\/de\/produkte\/produkte-fur-die-pharmaindustrie\/nahrungserganzungmittel\/auszug-aus-der-wildblumenriviera\/#primaryimage","url":"https:\/\/naturalpoland.com\/wp-content\/uploads\/ekstrakt-z-dziwidla-riviera.jpg","contentUrl":"https:\/\/naturalpoland.com\/wp-content\/uploads\/ekstrakt-z-dziwidla-riviera.jpg","width":500,"height":500,"caption":"Auszug aus der Riviera Oddball"},{"@type":"BreadcrumbList","@id":"https:\/\/naturalpoland.com\/de\/produkte\/produkte-fur-die-pharmaindustrie\/nahrungserganzungmittel\/auszug-aus-der-wildblumenriviera\/#breadcrumb","itemListElement":[{"@type":"ListItem","position":1,"name":"Startseite","item":"https:\/\/naturalpoland.com\/de\/"},{"@type":"ListItem","position":2,"name":"Produkte","item":"https:\/\/naturalpoland.com\/de\/produkte\/"},{"@type":"ListItem","position":3,"name":"Extrakt aus Rivierawurzel, standardisiert auf Glucosylceramide (5%)"}]},{"@type":"WebSite","@id":"https:\/\/naturalpoland.com\/de\/#website","url":"https:\/\/naturalpoland.com\/de\/","name":"NATURAL POLAND - IMPORT UND HANDEL VON ROHSTOFFEN","description":"Rohstoffe f\u00fcr die Lebensmittelindustrie, Kosmetikindustrie, Pharmaindustrie","publisher":{"@id":"https:\/\/naturalpoland.com\/de\/#organization"},"potentialAction":[{"@type":"SearchAction","target":{"@type":"EntryPoint","urlTemplate":"https:\/\/naturalpoland.com\/de\/?s={search_term_string}"},"query-input":{"@type":"PropertyValueSpecification","valueRequired":true,"valueName":"search_term_string"}}],"inLanguage":"de"},{"@type":"Organization","@id":"https:\/\/naturalpoland.com\/de\/#organization","name":"Natural Poland","url":"https:\/\/naturalpoland.com\/de\/","logo":{"@type":"ImageObject","inLanguage":"de","@id":"https:\/\/naturalpoland.com\/de\/#\/schema\/logo\/image\/","url":"https:\/\/naturalpoland.com\/wp-content\/uploads\/2021\/05\/natural-poland-icon.png","contentUrl":"https:\/\/naturalpoland.com\/wp-content\/uploads\/2021\/05\/natural-poland-icon.png","width":512,"height":512,"caption":"Natural Poland"},"image":{"@id":"https:\/\/naturalpoland.com\/de\/#\/schema\/logo\/image\/"},"sameAs":["https:\/\/www.facebook.com\/naturalpoland.b2b","https:\/\/pl.linkedin.com\/company\/natural-poland","https:\/\/www.youtube.com\/channel\/UCgeGGkvOMahZo-xu_MSEWxg"]}]}},"_links":{"self":[{"href":"https:\/\/naturalpoland.com\/de\/wp-json\/wp\/v2\/product\/22869","targetHints":{"allow":["GET"]}}],"collection":[{"href":"https:\/\/naturalpoland.com\/de\/wp-json\/wp\/v2\/product"}],"about":[{"href":"https:\/\/naturalpoland.com\/de\/wp-json\/wp\/v2\/types\/product"}],"wp:featuredmedia":[{"embeddable":true,"href":"https:\/\/naturalpoland.com\/de\/wp-json\/wp\/v2\/media\/22760"}],"wp:attachment":[{"href":"https:\/\/naturalpoland.com\/de\/wp-json\/wp\/v2\/media?parent=22869"}],"wp:term":[{"taxonomy":"product_brand","embeddable":true,"href":"https:\/\/naturalpoland.com\/de\/wp-json\/wp\/v2\/product_brand?post=22869"},{"taxonomy":"product_cat","embeddable":true,"href":"https:\/\/naturalpoland.com\/de\/wp-json\/wp\/v2\/product_cat?post=22869"},{"taxonomy":"product_tag","embeddable":true,"href":"https:\/\/naturalpoland.com\/de\/wp-json\/wp\/v2\/product_tag?post=22869"}],"curies":[{"name":"wp","href":"https:\/\/api.w.org\/{rel}","templated":true}]}}