{"id":22872,"date":"2023-04-21T14:20:49","date_gmt":"2023-04-21T13:04:15","guid":{"rendered":"https:\/\/naturalpoland.pl\/produkty\/unkategorisiert\/mamey-sapote-oel\/"},"modified":"2023-04-21T15:04:15","modified_gmt":"2023-04-21T13:04:15","slug":"ol-der-mamey-sapote","status":"publish","type":"product","link":"https:\/\/naturalpoland.com\/de\/produkte\/speiseole-und-kosmetikole\/ol-der-mamey-sapote\/","title":{"rendered":"Mamey-Sapote-\u00d6l"},"content":{"rendered":"<p>Aufgrund seines hohen Gehalts an den Vitaminen A, B, C und E, einfach unges\u00e4ttigten \u00d6ls\u00e4uren und Verbindungen mit starker antioxidativer Wirkung ist das Mamey-Sapote-\u00d6l eine wertvolle Lebensmittelzutat. Dar\u00fcber hinaus zeichnet er sich durch ein s\u00fc\u00dfes, fruchtiges Aroma und einen milden, angenehmen Geschmack aus, der den zubereiteten Speisen einen einzigartigen Charakter verleiht.<\/p>\n<p>Mamey-Sapote-\u00d6l ist auch ein wertvoller kosmetischer Inhaltsstoff. Mit seiner leichten, wenig fettenden Textur und seinem Reichtum an N\u00e4hrstoffen eignet es sich sowohl f\u00fcr Haarpr\u00e4parate als auch als Inhaltsstoff in Hautpflegeprodukten. Es wirkt entz\u00fcndungshemmend, antimikrobiell und f\u00f6rdert die Zellregeneration, so dass es sich zur Behandlung von Schuppenflechte, Ekzemen und Schuppen, zur Pflege der Kopfhaut und f\u00fcr mehr Glanz und Elastizit\u00e4t des Haares eignet. Der hohe Gehalt an unges\u00e4ttigten Fetts\u00e4uren und Vitaminen macht das Mamey-Sapote-\u00d6l auch zu einem wirksamen Pflegemittel.<\/p>\n","protected":false},"excerpt":{"rendered":"<p>Kaltgepresstes Mamey-Sapote-\u00d6l wird aus den Fr\u00fcchten der in Mittelamerika beheimateten <em>Poutaria<\/em> <em>sapota<\/em> gewonnen. Diese exotische Zutat wird sowohl in der Lebensmittel- als auch in der Kosmetikindustrie h\u00e4ufig verwendet.<\/p>\n","protected":false},"featured_media":22773,"template":"","meta":{"_acf_changed":false},"product_brand":[],"product_cat":[386],"product_tag":[],"class_list":{"0":"post-22872","1":"product","2":"type-product","3":"status-publish","4":"has-post-thumbnail","6":"product_cat-speiseole-und-kosmetikole","8":"first","9":"instock","10":"shipping-taxable","11":"product-type-simple"},"acf":[],"yoast_head":"<!-- This site is optimized with the Yoast SEO plugin v27.4 - https:\/\/yoast.com\/product\/yoast-seo-wordpress\/ -->\n<title>Mamey-Sapote-\u00d6l - Gro\u00dfhandelsvertrieb<\/title>\n<meta name=\"robots\" content=\"index, follow, max-snippet:-1, max-image-preview:large, max-video-preview:-1\" \/>\n<link rel=\"canonical\" href=\"https:\/\/naturalpoland.com\/de\/produkte\/speiseole-und-kosmetikole\/ol-der-mamey-sapote\/\" \/>\n<meta property=\"og:locale\" content=\"de_DE\" \/>\n<meta property=\"og:type\" content=\"article\" \/>\n<meta property=\"og:title\" content=\"Mamey-Sapote-\u00d6l - Gro\u00dfhandelsvertrieb\" \/>\n<meta property=\"og:description\" content=\"Kaltgepresstes Mamey-Sapote-\u00d6l wird aus den Fr\u00fcchten der in Mittelamerika beheimateten Poutaria sapota gewonnen. Diese exotische Zutat wird sowohl in der Lebensmittel- als auch in der Kosmetikindustrie h\u00e4ufig verwendet.\" \/>\n<meta property=\"og:url\" content=\"https:\/\/naturalpoland.com\/de\/produkte\/speiseole-und-kosmetikole\/ol-der-mamey-sapote\/\" \/>\n<meta property=\"og:site_name\" content=\"NATURAL POLAND - IMPORT UND HANDEL VON ROHSTOFFEN\" \/>\n<meta property=\"article:publisher\" content=\"https:\/\/www.facebook.com\/naturalpoland.b2b\" \/>\n<meta property=\"og:image\" content=\"https:\/\/naturalpoland.com\/wp-content\/uploads\/olej-z-mamey-sapote.jpg\" \/>\n\t<meta property=\"og:image:width\" content=\"500\" \/>\n\t<meta property=\"og:image:height\" content=\"500\" \/>\n\t<meta property=\"og:image:type\" content=\"image\/jpeg\" \/>\n<script type=\"application\/ld+json\" class=\"yoast-schema-graph\">{\"@context\":\"https:\\\/\\\/schema.org\",\"@graph\":[{\"@type\":\"WebPage\",\"@id\":\"https:\\\/\\\/naturalpoland.com\\\/de\\\/produkte\\\/speiseole-und-kosmetikole\\\/ol-der-mamey-sapote\\\/\",\"url\":\"https:\\\/\\\/naturalpoland.com\\\/de\\\/produkte\\\/speiseole-und-kosmetikole\\\/ol-der-mamey-sapote\\\/\",\"name\":\"Mamey-Sapote-\u00d6l - Gro\u00dfhandelsvertrieb\",\"isPartOf\":{\"@id\":\"https:\\\/\\\/naturalpoland.com\\\/de\\\/#website\"},\"primaryImageOfPage\":{\"@id\":\"https:\\\/\\\/naturalpoland.com\\\/de\\\/produkte\\\/speiseole-und-kosmetikole\\\/ol-der-mamey-sapote\\\/#primaryimage\"},\"image\":{\"@id\":\"https:\\\/\\\/naturalpoland.com\\\/de\\\/produkte\\\/speiseole-und-kosmetikole\\\/ol-der-mamey-sapote\\\/#primaryimage\"},\"thumbnailUrl\":\"https:\\\/\\\/naturalpoland.com\\\/wp-content\\\/uploads\\\/olej-z-mamey-sapote.jpg\",\"datePublished\":\"2023-04-21T13:04:15+00:00\",\"breadcrumb\":{\"@id\":\"https:\\\/\\\/naturalpoland.com\\\/de\\\/produkte\\\/speiseole-und-kosmetikole\\\/ol-der-mamey-sapote\\\/#breadcrumb\"},\"inLanguage\":\"de\",\"potentialAction\":[{\"@type\":\"ReadAction\",\"target\":[\"https:\\\/\\\/naturalpoland.com\\\/de\\\/produkte\\\/speiseole-und-kosmetikole\\\/ol-der-mamey-sapote\\\/\"]}]},{\"@type\":\"ImageObject\",\"inLanguage\":\"de\",\"@id\":\"https:\\\/\\\/naturalpoland.com\\\/de\\\/produkte\\\/speiseole-und-kosmetikole\\\/ol-der-mamey-sapote\\\/#primaryimage\",\"url\":\"https:\\\/\\\/naturalpoland.com\\\/wp-content\\\/uploads\\\/olej-z-mamey-sapote.jpg\",\"contentUrl\":\"https:\\\/\\\/naturalpoland.com\\\/wp-content\\\/uploads\\\/olej-z-mamey-sapote.jpg\",\"width\":500,\"height\":500,\"caption\":\"Mamey Sapote-\u00d6l\"},{\"@type\":\"BreadcrumbList\",\"@id\":\"https:\\\/\\\/naturalpoland.com\\\/de\\\/produkte\\\/speiseole-und-kosmetikole\\\/ol-der-mamey-sapote\\\/#breadcrumb\",\"itemListElement\":[{\"@type\":\"ListItem\",\"position\":1,\"name\":\"Startseite\",\"item\":\"https:\\\/\\\/naturalpoland.com\\\/de\\\/\"},{\"@type\":\"ListItem\",\"position\":2,\"name\":\"Produkte\",\"item\":\"https:\\\/\\\/naturalpoland.com\\\/de\\\/produkte\\\/\"},{\"@type\":\"ListItem\",\"position\":3,\"name\":\"Mamey-Sapote-\u00d6l\"}]},{\"@type\":\"WebSite\",\"@id\":\"https:\\\/\\\/naturalpoland.com\\\/de\\\/#website\",\"url\":\"https:\\\/\\\/naturalpoland.com\\\/de\\\/\",\"name\":\"NATURAL POLAND - IMPORT UND HANDEL VON ROHSTOFFEN\",\"description\":\"Rohstoffe f\u00fcr die Lebensmittelindustrie, Kosmetikindustrie, Pharmaindustrie\",\"publisher\":{\"@id\":\"https:\\\/\\\/naturalpoland.com\\\/de\\\/#organization\"},\"potentialAction\":[{\"@type\":\"SearchAction\",\"target\":{\"@type\":\"EntryPoint\",\"urlTemplate\":\"https:\\\/\\\/naturalpoland.com\\\/de\\\/?s={search_term_string}\"},\"query-input\":{\"@type\":\"PropertyValueSpecification\",\"valueRequired\":true,\"valueName\":\"search_term_string\"}}],\"inLanguage\":\"de\"},{\"@type\":\"Organization\",\"@id\":\"https:\\\/\\\/naturalpoland.com\\\/de\\\/#organization\",\"name\":\"Natural Poland\",\"url\":\"https:\\\/\\\/naturalpoland.com\\\/de\\\/\",\"logo\":{\"@type\":\"ImageObject\",\"inLanguage\":\"de\",\"@id\":\"https:\\\/\\\/naturalpoland.com\\\/de\\\/#\\\/schema\\\/logo\\\/image\\\/\",\"url\":\"https:\\\/\\\/naturalpoland.com\\\/wp-content\\\/uploads\\\/2021\\\/05\\\/natural-poland-icon.png\",\"contentUrl\":\"https:\\\/\\\/naturalpoland.com\\\/wp-content\\\/uploads\\\/2021\\\/05\\\/natural-poland-icon.png\",\"width\":512,\"height\":512,\"caption\":\"Natural Poland\"},\"image\":{\"@id\":\"https:\\\/\\\/naturalpoland.com\\\/de\\\/#\\\/schema\\\/logo\\\/image\\\/\"},\"sameAs\":[\"https:\\\/\\\/www.facebook.com\\\/naturalpoland.b2b\",\"https:\\\/\\\/pl.linkedin.com\\\/company\\\/natural-poland\",\"https:\\\/\\\/www.youtube.com\\\/channel\\\/UCgeGGkvOMahZo-xu_MSEWxg\"]}]}<\/script>\n<!-- \/ Yoast SEO plugin. -->","yoast_head_json":{"title":"Mamey-Sapote-\u00d6l - Gro\u00dfhandelsvertrieb","robots":{"index":"index","follow":"follow","max-snippet":"max-snippet:-1","max-image-preview":"max-image-preview:large","max-video-preview":"max-video-preview:-1"},"canonical":"https:\/\/naturalpoland.com\/de\/produkte\/speiseole-und-kosmetikole\/ol-der-mamey-sapote\/","og_locale":"de_DE","og_type":"article","og_title":"Mamey-Sapote-\u00d6l - Gro\u00dfhandelsvertrieb","og_description":"Kaltgepresstes Mamey-Sapote-\u00d6l wird aus den Fr\u00fcchten der in Mittelamerika beheimateten Poutaria sapota gewonnen. Diese exotische Zutat wird sowohl in der Lebensmittel- als auch in der Kosmetikindustrie h\u00e4ufig verwendet.","og_url":"https:\/\/naturalpoland.com\/de\/produkte\/speiseole-und-kosmetikole\/ol-der-mamey-sapote\/","og_site_name":"NATURAL POLAND - IMPORT UND HANDEL VON ROHSTOFFEN","article_publisher":"https:\/\/www.facebook.com\/naturalpoland.b2b","og_image":[{"width":500,"height":500,"url":"https:\/\/naturalpoland.com\/wp-content\/uploads\/olej-z-mamey-sapote.jpg","type":"image\/jpeg"}],"schema":{"@context":"https:\/\/schema.org","@graph":[{"@type":"WebPage","@id":"https:\/\/naturalpoland.com\/de\/produkte\/speiseole-und-kosmetikole\/ol-der-mamey-sapote\/","url":"https:\/\/naturalpoland.com\/de\/produkte\/speiseole-und-kosmetikole\/ol-der-mamey-sapote\/","name":"Mamey-Sapote-\u00d6l - Gro\u00dfhandelsvertrieb","isPartOf":{"@id":"https:\/\/naturalpoland.com\/de\/#website"},"primaryImageOfPage":{"@id":"https:\/\/naturalpoland.com\/de\/produkte\/speiseole-und-kosmetikole\/ol-der-mamey-sapote\/#primaryimage"},"image":{"@id":"https:\/\/naturalpoland.com\/de\/produkte\/speiseole-und-kosmetikole\/ol-der-mamey-sapote\/#primaryimage"},"thumbnailUrl":"https:\/\/naturalpoland.com\/wp-content\/uploads\/olej-z-mamey-sapote.jpg","datePublished":"2023-04-21T13:04:15+00:00","breadcrumb":{"@id":"https:\/\/naturalpoland.com\/de\/produkte\/speiseole-und-kosmetikole\/ol-der-mamey-sapote\/#breadcrumb"},"inLanguage":"de","potentialAction":[{"@type":"ReadAction","target":["https:\/\/naturalpoland.com\/de\/produkte\/speiseole-und-kosmetikole\/ol-der-mamey-sapote\/"]}]},{"@type":"ImageObject","inLanguage":"de","@id":"https:\/\/naturalpoland.com\/de\/produkte\/speiseole-und-kosmetikole\/ol-der-mamey-sapote\/#primaryimage","url":"https:\/\/naturalpoland.com\/wp-content\/uploads\/olej-z-mamey-sapote.jpg","contentUrl":"https:\/\/naturalpoland.com\/wp-content\/uploads\/olej-z-mamey-sapote.jpg","width":500,"height":500,"caption":"Mamey Sapote-\u00d6l"},{"@type":"BreadcrumbList","@id":"https:\/\/naturalpoland.com\/de\/produkte\/speiseole-und-kosmetikole\/ol-der-mamey-sapote\/#breadcrumb","itemListElement":[{"@type":"ListItem","position":1,"name":"Startseite","item":"https:\/\/naturalpoland.com\/de\/"},{"@type":"ListItem","position":2,"name":"Produkte","item":"https:\/\/naturalpoland.com\/de\/produkte\/"},{"@type":"ListItem","position":3,"name":"Mamey-Sapote-\u00d6l"}]},{"@type":"WebSite","@id":"https:\/\/naturalpoland.com\/de\/#website","url":"https:\/\/naturalpoland.com\/de\/","name":"NATURAL POLAND - IMPORT UND HANDEL VON ROHSTOFFEN","description":"Rohstoffe f\u00fcr die Lebensmittelindustrie, Kosmetikindustrie, Pharmaindustrie","publisher":{"@id":"https:\/\/naturalpoland.com\/de\/#organization"},"potentialAction":[{"@type":"SearchAction","target":{"@type":"EntryPoint","urlTemplate":"https:\/\/naturalpoland.com\/de\/?s={search_term_string}"},"query-input":{"@type":"PropertyValueSpecification","valueRequired":true,"valueName":"search_term_string"}}],"inLanguage":"de"},{"@type":"Organization","@id":"https:\/\/naturalpoland.com\/de\/#organization","name":"Natural Poland","url":"https:\/\/naturalpoland.com\/de\/","logo":{"@type":"ImageObject","inLanguage":"de","@id":"https:\/\/naturalpoland.com\/de\/#\/schema\/logo\/image\/","url":"https:\/\/naturalpoland.com\/wp-content\/uploads\/2021\/05\/natural-poland-icon.png","contentUrl":"https:\/\/naturalpoland.com\/wp-content\/uploads\/2021\/05\/natural-poland-icon.png","width":512,"height":512,"caption":"Natural Poland"},"image":{"@id":"https:\/\/naturalpoland.com\/de\/#\/schema\/logo\/image\/"},"sameAs":["https:\/\/www.facebook.com\/naturalpoland.b2b","https:\/\/pl.linkedin.com\/company\/natural-poland","https:\/\/www.youtube.com\/channel\/UCgeGGkvOMahZo-xu_MSEWxg"]}]}},"_links":{"self":[{"href":"https:\/\/naturalpoland.com\/de\/wp-json\/wp\/v2\/product\/22872","targetHints":{"allow":["GET"]}}],"collection":[{"href":"https:\/\/naturalpoland.com\/de\/wp-json\/wp\/v2\/product"}],"about":[{"href":"https:\/\/naturalpoland.com\/de\/wp-json\/wp\/v2\/types\/product"}],"wp:featuredmedia":[{"embeddable":true,"href":"https:\/\/naturalpoland.com\/de\/wp-json\/wp\/v2\/media\/22773"}],"wp:attachment":[{"href":"https:\/\/naturalpoland.com\/de\/wp-json\/wp\/v2\/media?parent=22872"}],"wp:term":[{"taxonomy":"product_brand","embeddable":true,"href":"https:\/\/naturalpoland.com\/de\/wp-json\/wp\/v2\/product_brand?post=22872"},{"taxonomy":"product_cat","embeddable":true,"href":"https:\/\/naturalpoland.com\/de\/wp-json\/wp\/v2\/product_cat?post=22872"},{"taxonomy":"product_tag","embeddable":true,"href":"https:\/\/naturalpoland.com\/de\/wp-json\/wp\/v2\/product_tag?post=22872"}],"curies":[{"name":"wp","href":"https:\/\/api.w.org\/{rel}","templated":true}]}}