{"id":23740,"date":"2023-06-21T12:56:49","date_gmt":"2023-06-21T11:09:36","guid":{"rendered":"https:\/\/naturalpoland.com\/produkty\/unkategorisiert\/ajuga-turkestanica-extrakt\/"},"modified":"2023-06-21T13:09:36","modified_gmt":"2023-06-21T11:09:36","slug":"ajuga-turkestanica-extrakt","status":"publish","type":"product","link":"https:\/\/naturalpoland.com\/de\/produkte\/pflanzenextrakte\/ajuga-turkestanica-extrakt\/","title":{"rendered":"Ajuga Turkestanica-Extrakt"},"content":{"rendered":"<p>Ajuga Turkestanica-Extrakt ist ein Konzentrat von St\u00e4rke und Vitalit\u00e4t. Seine Zusammensetzung umfasst Ecdysteroide, nat\u00fcrliche Pflanzensteroiden, die eine anabole Wirkung haben und den Muskelaufbau unterst\u00fctzen. Zus\u00e4tzlich enth\u00e4lt Ajuga Turkestanica Phytoecdysteroide, die die Regeneration des K\u00f6rpers nach k\u00f6rperlicher Anstrengung beschleunigen, was ihn zu einer idealen Erg\u00e4nzung zur Ern\u00e4hrung von Sportlern und aktiven Menschen macht. Dar\u00fcber hinaus hat Ajuga Turkestanica die F\u00e4higkeit, das Immunsystem zu st\u00e4rken, dank der Anwesenheit von einzigartigen Inhaltsstoffen wie Turkesteron und Cyasteron.   <\/p>\n<h2>Was ist Turkesteron?<\/h2>\n<p>Turkesteron ist ein Phytoecdysteroid, das nat\u00fcrlich in Ajuga Turkestanica vorkommt. Es ist eine potente bioaktive Verbindung, die eine anabole Wirkung zeigt. Es beeinflusst den menschlichen K\u00f6rper \u00e4hnlich wie das Wachstumshormon, beschleunigt die Regenerationsprozesse und stimuliert die Entwicklung von Muskelgewebe. Daher wird Ajuga Turkestanica-Extrakt besonders von Sportlern und Menschen mit aktivem Lebensstil gesch\u00e4tzt. Unsere Standardisierung auf <strong>mindestens 10% Turkesterongehalt stellt<\/strong> sicher, dass jede Dosis des Produkts eine optimale Menge dieser Substanz liefert. Dies ist entscheidend f\u00fcr das Erreichen der gew\u00fcnschten Effekte und die Sicherheit der Anwendung. Aber Turkesteron hat eine viel breitere Anwendung als nur die Unterst\u00fctzung des Muskelaufbaus. Diese Verbindung beeinflusst auch die allgemeine Leistungsf\u00e4higkeit des K\u00f6rpers, hilft beim Erhalt des richtigen K\u00f6rpergewichts und wirkt sich positiv auf das Immunsystem aus. Es kann auch das Herz-Kreislauf-System unterst\u00fctzen und zu einer verbesserten Schlafqualit\u00e4t, psychischen Widerstandsf\u00e4higkeit und Stressbew\u00e4ltigung beitragen.   <\/p>\n<h2>Anwendung von Ajuga Turkestanica-Extrakt<\/h2>\n<p>Die Anwendung des Extrakts kann zu einer verbesserten Stimmung, mehr Energie und zur Bek\u00e4mpfung der Auswirkungen von oxidativem Stress beitragen. Der Extrakt kann als nat\u00fcrliches Nahrungserg\u00e4nzungsmittel zur Unterst\u00fctzung der Gesundheit jedes Einzelnen verwendet werden. Es wirkt sich positiv auf die Funktion des Herz-Kreislauf-Systems aus, unterst\u00fctzt die Verdauung und kann zur Verbesserung der Schlafqualit\u00e4t beitragen. Unser Ajuga Turkestanica-Extrakt wird nach h\u00f6chsten Qualit\u00e4tsstandards hergestellt. Wir stellen sicher, dass jede Produktcharge gr\u00fcndlich auf aktive Inhaltsstoffe \u00fcberpr\u00fcft wird, um seine Wirksamkeit und Sicherheit zu gew\u00e4hrleisten.<\/p>\n","protected":false},"excerpt":{"rendered":"<p><span class=\"ui-provider gs b c d e f g h i j k l m n o p q r s t u v w x y z ab ac ae af ag ah ai aj ak\" dir=\"ltr\">Ajuga Turkestanica ist ein einzigartiger Extrakt, der aus dem Herzen Zentralasiens stammt. Er enth\u00e4lt eine F\u00fclle von aktiven Inhaltsstoffen, einschlie\u00dflich eines der wirksamsten nat\u00fcrlichen aktiven Inhaltsstoffe &#8211; Turkesteron. Unser Produkt ist eine Quelle dieser au\u00dfergew\u00f6hnlichen Substanz, deren Gehalt wir auf mindestens 10% garantieren.  <\/span><\/p>\n","protected":false},"featured_media":23735,"template":"","meta":{"_acf_changed":false},"product_brand":[],"product_cat":[385],"product_tag":[],"class_list":{"0":"post-23740","1":"product","2":"type-product","3":"status-publish","4":"has-post-thumbnail","6":"product_cat-pflanzenextrakte","7":"pa_certyfikaty-halal-de","8":"pa_certyfikaty-koscher-zertifizierung","9":"pa_czesc-rosliny-ganze-pflanze","11":"first","12":"instock","13":"shipping-taxable","14":"product-type-simple"},"acf":[],"yoast_head":"<!-- This site is optimized with the Yoast SEO plugin v27.4 - https:\/\/yoast.com\/product\/yoast-seo-wordpress\/ -->\n<title>Ajuga Turkestanica-Extrakt - Gro\u00dfhandelsvertrieb<\/title>\n<meta name=\"description\" content=\"Unser Ajuga Turkestanica-Extrakt wird nach h\u00f6chsten Qualit\u00e4tsstandards hergestellt. Wir stellen sicher, dass jede Produktcharge auf aktive Inhaltsstoffe gepr\u00fcft wird.\" \/>\n<meta name=\"robots\" content=\"index, follow, max-snippet:-1, max-image-preview:large, max-video-preview:-1\" \/>\n<link rel=\"canonical\" href=\"https:\/\/naturalpoland.com\/de\/produkte\/pflanzenextrakte\/ajuga-turkestanica-extrakt\/\" \/>\n<meta property=\"og:locale\" content=\"de_DE\" \/>\n<meta property=\"og:type\" content=\"article\" \/>\n<meta property=\"og:title\" content=\"Ajuga Turkestanica-Extrakt - Gro\u00dfhandelsvertrieb\" \/>\n<meta property=\"og:description\" content=\"Unser Ajuga Turkestanica-Extrakt wird nach h\u00f6chsten Qualit\u00e4tsstandards hergestellt. Wir stellen sicher, dass jede Produktcharge auf aktive Inhaltsstoffe gepr\u00fcft wird.\" \/>\n<meta property=\"og:url\" content=\"https:\/\/naturalpoland.com\/de\/produkte\/pflanzenextrakte\/ajuga-turkestanica-extrakt\/\" \/>\n<meta property=\"og:site_name\" content=\"NATURAL POLAND - IMPORT UND HANDEL VON ROHSTOFFEN\" \/>\n<meta property=\"article:publisher\" content=\"https:\/\/www.facebook.com\/naturalpoland.b2b\" \/>\n<meta property=\"og:image\" content=\"https:\/\/naturalpoland.com\/wp-content\/uploads\/sjuga-turkestanica-ekstrakt.jpg\" \/>\n\t<meta property=\"og:image:width\" content=\"650\" \/>\n\t<meta property=\"og:image:height\" content=\"650\" \/>\n\t<meta property=\"og:image:type\" content=\"image\/jpeg\" \/>\n<script type=\"application\/ld+json\" class=\"yoast-schema-graph\">{\"@context\":\"https:\\\/\\\/schema.org\",\"@graph\":[{\"@type\":\"WebPage\",\"@id\":\"https:\\\/\\\/naturalpoland.com\\\/de\\\/produkte\\\/pflanzenextrakte\\\/ajuga-turkestanica-extrakt\\\/\",\"url\":\"https:\\\/\\\/naturalpoland.com\\\/de\\\/produkte\\\/pflanzenextrakte\\\/ajuga-turkestanica-extrakt\\\/\",\"name\":\"Ajuga Turkestanica-Extrakt - Gro\u00dfhandelsvertrieb\",\"isPartOf\":{\"@id\":\"https:\\\/\\\/naturalpoland.com\\\/de\\\/#website\"},\"primaryImageOfPage\":{\"@id\":\"https:\\\/\\\/naturalpoland.com\\\/de\\\/produkte\\\/pflanzenextrakte\\\/ajuga-turkestanica-extrakt\\\/#primaryimage\"},\"image\":{\"@id\":\"https:\\\/\\\/naturalpoland.com\\\/de\\\/produkte\\\/pflanzenextrakte\\\/ajuga-turkestanica-extrakt\\\/#primaryimage\"},\"thumbnailUrl\":\"https:\\\/\\\/naturalpoland.com\\\/wp-content\\\/uploads\\\/sjuga-turkestanica-ekstrakt.jpg\",\"datePublished\":\"2023-06-21T11:09:36+00:00\",\"description\":\"Unser Ajuga Turkestanica-Extrakt wird nach h\u00f6chsten Qualit\u00e4tsstandards hergestellt. Wir stellen sicher, dass jede Produktcharge auf aktive Inhaltsstoffe gepr\u00fcft wird.\",\"breadcrumb\":{\"@id\":\"https:\\\/\\\/naturalpoland.com\\\/de\\\/produkte\\\/pflanzenextrakte\\\/ajuga-turkestanica-extrakt\\\/#breadcrumb\"},\"inLanguage\":\"de\",\"potentialAction\":[{\"@type\":\"ReadAction\",\"target\":[\"https:\\\/\\\/naturalpoland.com\\\/de\\\/produkte\\\/pflanzenextrakte\\\/ajuga-turkestanica-extrakt\\\/\"]}]},{\"@type\":\"ImageObject\",\"inLanguage\":\"de\",\"@id\":\"https:\\\/\\\/naturalpoland.com\\\/de\\\/produkte\\\/pflanzenextrakte\\\/ajuga-turkestanica-extrakt\\\/#primaryimage\",\"url\":\"https:\\\/\\\/naturalpoland.com\\\/wp-content\\\/uploads\\\/sjuga-turkestanica-ekstrakt.jpg\",\"contentUrl\":\"https:\\\/\\\/naturalpoland.com\\\/wp-content\\\/uploads\\\/sjuga-turkestanica-ekstrakt.jpg\",\"width\":650,\"height\":650,\"caption\":\"Ajuga Turkestanica-Extrakt\"},{\"@type\":\"BreadcrumbList\",\"@id\":\"https:\\\/\\\/naturalpoland.com\\\/de\\\/produkte\\\/pflanzenextrakte\\\/ajuga-turkestanica-extrakt\\\/#breadcrumb\",\"itemListElement\":[{\"@type\":\"ListItem\",\"position\":1,\"name\":\"Startseite\",\"item\":\"https:\\\/\\\/naturalpoland.com\\\/de\\\/\"},{\"@type\":\"ListItem\",\"position\":2,\"name\":\"Produkte\",\"item\":\"https:\\\/\\\/naturalpoland.com\\\/de\\\/produkte\\\/\"},{\"@type\":\"ListItem\",\"position\":3,\"name\":\"Ajuga Turkestanica-Extrakt\"}]},{\"@type\":\"WebSite\",\"@id\":\"https:\\\/\\\/naturalpoland.com\\\/de\\\/#website\",\"url\":\"https:\\\/\\\/naturalpoland.com\\\/de\\\/\",\"name\":\"NATURAL POLAND - IMPORT UND HANDEL VON ROHSTOFFEN\",\"description\":\"Rohstoffe f\u00fcr die Lebensmittelindustrie, Kosmetikindustrie, Pharmaindustrie\",\"publisher\":{\"@id\":\"https:\\\/\\\/naturalpoland.com\\\/de\\\/#organization\"},\"potentialAction\":[{\"@type\":\"SearchAction\",\"target\":{\"@type\":\"EntryPoint\",\"urlTemplate\":\"https:\\\/\\\/naturalpoland.com\\\/de\\\/?s={search_term_string}\"},\"query-input\":{\"@type\":\"PropertyValueSpecification\",\"valueRequired\":true,\"valueName\":\"search_term_string\"}}],\"inLanguage\":\"de\"},{\"@type\":\"Organization\",\"@id\":\"https:\\\/\\\/naturalpoland.com\\\/de\\\/#organization\",\"name\":\"Natural Poland\",\"url\":\"https:\\\/\\\/naturalpoland.com\\\/de\\\/\",\"logo\":{\"@type\":\"ImageObject\",\"inLanguage\":\"de\",\"@id\":\"https:\\\/\\\/naturalpoland.com\\\/de\\\/#\\\/schema\\\/logo\\\/image\\\/\",\"url\":\"https:\\\/\\\/naturalpoland.com\\\/wp-content\\\/uploads\\\/2021\\\/05\\\/natural-poland-icon.png\",\"contentUrl\":\"https:\\\/\\\/naturalpoland.com\\\/wp-content\\\/uploads\\\/2021\\\/05\\\/natural-poland-icon.png\",\"width\":512,\"height\":512,\"caption\":\"Natural Poland\"},\"image\":{\"@id\":\"https:\\\/\\\/naturalpoland.com\\\/de\\\/#\\\/schema\\\/logo\\\/image\\\/\"},\"sameAs\":[\"https:\\\/\\\/www.facebook.com\\\/naturalpoland.b2b\",\"https:\\\/\\\/pl.linkedin.com\\\/company\\\/natural-poland\",\"https:\\\/\\\/www.youtube.com\\\/channel\\\/UCgeGGkvOMahZo-xu_MSEWxg\"]}]}<\/script>\n<!-- \/ Yoast SEO plugin. -->","yoast_head_json":{"title":"Ajuga Turkestanica-Extrakt - Gro\u00dfhandelsvertrieb","description":"Unser Ajuga Turkestanica-Extrakt wird nach h\u00f6chsten Qualit\u00e4tsstandards hergestellt. Wir stellen sicher, dass jede Produktcharge auf aktive Inhaltsstoffe gepr\u00fcft wird.","robots":{"index":"index","follow":"follow","max-snippet":"max-snippet:-1","max-image-preview":"max-image-preview:large","max-video-preview":"max-video-preview:-1"},"canonical":"https:\/\/naturalpoland.com\/de\/produkte\/pflanzenextrakte\/ajuga-turkestanica-extrakt\/","og_locale":"de_DE","og_type":"article","og_title":"Ajuga Turkestanica-Extrakt - Gro\u00dfhandelsvertrieb","og_description":"Unser Ajuga Turkestanica-Extrakt wird nach h\u00f6chsten Qualit\u00e4tsstandards hergestellt. Wir stellen sicher, dass jede Produktcharge auf aktive Inhaltsstoffe gepr\u00fcft wird.","og_url":"https:\/\/naturalpoland.com\/de\/produkte\/pflanzenextrakte\/ajuga-turkestanica-extrakt\/","og_site_name":"NATURAL POLAND - IMPORT UND HANDEL VON ROHSTOFFEN","article_publisher":"https:\/\/www.facebook.com\/naturalpoland.b2b","og_image":[{"width":650,"height":650,"url":"https:\/\/naturalpoland.com\/wp-content\/uploads\/sjuga-turkestanica-ekstrakt.jpg","type":"image\/jpeg"}],"schema":{"@context":"https:\/\/schema.org","@graph":[{"@type":"WebPage","@id":"https:\/\/naturalpoland.com\/de\/produkte\/pflanzenextrakte\/ajuga-turkestanica-extrakt\/","url":"https:\/\/naturalpoland.com\/de\/produkte\/pflanzenextrakte\/ajuga-turkestanica-extrakt\/","name":"Ajuga Turkestanica-Extrakt - Gro\u00dfhandelsvertrieb","isPartOf":{"@id":"https:\/\/naturalpoland.com\/de\/#website"},"primaryImageOfPage":{"@id":"https:\/\/naturalpoland.com\/de\/produkte\/pflanzenextrakte\/ajuga-turkestanica-extrakt\/#primaryimage"},"image":{"@id":"https:\/\/naturalpoland.com\/de\/produkte\/pflanzenextrakte\/ajuga-turkestanica-extrakt\/#primaryimage"},"thumbnailUrl":"https:\/\/naturalpoland.com\/wp-content\/uploads\/sjuga-turkestanica-ekstrakt.jpg","datePublished":"2023-06-21T11:09:36+00:00","description":"Unser Ajuga Turkestanica-Extrakt wird nach h\u00f6chsten Qualit\u00e4tsstandards hergestellt. Wir stellen sicher, dass jede Produktcharge auf aktive Inhaltsstoffe gepr\u00fcft wird.","breadcrumb":{"@id":"https:\/\/naturalpoland.com\/de\/produkte\/pflanzenextrakte\/ajuga-turkestanica-extrakt\/#breadcrumb"},"inLanguage":"de","potentialAction":[{"@type":"ReadAction","target":["https:\/\/naturalpoland.com\/de\/produkte\/pflanzenextrakte\/ajuga-turkestanica-extrakt\/"]}]},{"@type":"ImageObject","inLanguage":"de","@id":"https:\/\/naturalpoland.com\/de\/produkte\/pflanzenextrakte\/ajuga-turkestanica-extrakt\/#primaryimage","url":"https:\/\/naturalpoland.com\/wp-content\/uploads\/sjuga-turkestanica-ekstrakt.jpg","contentUrl":"https:\/\/naturalpoland.com\/wp-content\/uploads\/sjuga-turkestanica-ekstrakt.jpg","width":650,"height":650,"caption":"Ajuga Turkestanica-Extrakt"},{"@type":"BreadcrumbList","@id":"https:\/\/naturalpoland.com\/de\/produkte\/pflanzenextrakte\/ajuga-turkestanica-extrakt\/#breadcrumb","itemListElement":[{"@type":"ListItem","position":1,"name":"Startseite","item":"https:\/\/naturalpoland.com\/de\/"},{"@type":"ListItem","position":2,"name":"Produkte","item":"https:\/\/naturalpoland.com\/de\/produkte\/"},{"@type":"ListItem","position":3,"name":"Ajuga Turkestanica-Extrakt"}]},{"@type":"WebSite","@id":"https:\/\/naturalpoland.com\/de\/#website","url":"https:\/\/naturalpoland.com\/de\/","name":"NATURAL POLAND - IMPORT UND HANDEL VON ROHSTOFFEN","description":"Rohstoffe f\u00fcr die Lebensmittelindustrie, Kosmetikindustrie, Pharmaindustrie","publisher":{"@id":"https:\/\/naturalpoland.com\/de\/#organization"},"potentialAction":[{"@type":"SearchAction","target":{"@type":"EntryPoint","urlTemplate":"https:\/\/naturalpoland.com\/de\/?s={search_term_string}"},"query-input":{"@type":"PropertyValueSpecification","valueRequired":true,"valueName":"search_term_string"}}],"inLanguage":"de"},{"@type":"Organization","@id":"https:\/\/naturalpoland.com\/de\/#organization","name":"Natural Poland","url":"https:\/\/naturalpoland.com\/de\/","logo":{"@type":"ImageObject","inLanguage":"de","@id":"https:\/\/naturalpoland.com\/de\/#\/schema\/logo\/image\/","url":"https:\/\/naturalpoland.com\/wp-content\/uploads\/2021\/05\/natural-poland-icon.png","contentUrl":"https:\/\/naturalpoland.com\/wp-content\/uploads\/2021\/05\/natural-poland-icon.png","width":512,"height":512,"caption":"Natural Poland"},"image":{"@id":"https:\/\/naturalpoland.com\/de\/#\/schema\/logo\/image\/"},"sameAs":["https:\/\/www.facebook.com\/naturalpoland.b2b","https:\/\/pl.linkedin.com\/company\/natural-poland","https:\/\/www.youtube.com\/channel\/UCgeGGkvOMahZo-xu_MSEWxg"]}]}},"_links":{"self":[{"href":"https:\/\/naturalpoland.com\/de\/wp-json\/wp\/v2\/product\/23740","targetHints":{"allow":["GET"]}}],"collection":[{"href":"https:\/\/naturalpoland.com\/de\/wp-json\/wp\/v2\/product"}],"about":[{"href":"https:\/\/naturalpoland.com\/de\/wp-json\/wp\/v2\/types\/product"}],"wp:featuredmedia":[{"embeddable":true,"href":"https:\/\/naturalpoland.com\/de\/wp-json\/wp\/v2\/media\/23735"}],"wp:attachment":[{"href":"https:\/\/naturalpoland.com\/de\/wp-json\/wp\/v2\/media?parent=23740"}],"wp:term":[{"taxonomy":"product_brand","embeddable":true,"href":"https:\/\/naturalpoland.com\/de\/wp-json\/wp\/v2\/product_brand?post=23740"},{"taxonomy":"product_cat","embeddable":true,"href":"https:\/\/naturalpoland.com\/de\/wp-json\/wp\/v2\/product_cat?post=23740"},{"taxonomy":"product_tag","embeddable":true,"href":"https:\/\/naturalpoland.com\/de\/wp-json\/wp\/v2\/product_tag?post=23740"}],"curies":[{"name":"wp","href":"https:\/\/api.w.org\/{rel}","templated":true}]}}