{"id":24332,"date":"2023-07-20T10:54:49","date_gmt":"2023-07-20T13:32:21","guid":{"rendered":"https:\/\/naturalpoland.com\/produkty\/unkategorisiert\/inaktivierte-probiotika\/"},"modified":"2023-07-20T15:32:21","modified_gmt":"2023-07-20T13:32:21","slug":"probiotisch-aktivierte","status":"publish","type":"product","link":"https:\/\/naturalpoland.com\/de\/produkte\/produkte-fur-die-kosmetikindustrie\/probiotika-de\/probiotisch-aktivierte\/","title":{"rendered":"Inaktivierte Probiotika"},"content":{"rendered":"<p>Obwohl inaktivierte Probiotika &#8222;inaktiv&#8220; sind, bleibt ihre F\u00e4higkeit zur Interaktion mit dem Hautmikrobiom unver\u00e4ndert. Sie besiedeln die Haut nicht wie <strong><br \/>\n  <a href=\"https:\/\/naturalpoland.com\/de\/produkte\/produkte-fur-die-kosmetikindustrie\/probiotika-de\/probiotika\/\">lebende Probiotika<\/a><br \/>\n<\/strong>aber sie schaffen ein g\u00fcnstiges Milieu f\u00fcr gesunde Bakterien und helfen, das nat\u00fcrliche Gleichgewicht der Haut zu erhalten.<\/p>\n<p>Tyndalisierte Probiotika bieten viele Vorteile f\u00fcr die Haut. Sie wirken entz\u00fcndungshemmend, lindern Reizungen und R\u00f6tungen und sind damit ein hervorragender Inhaltsstoff f\u00fcr empfindliche, zu Entz\u00fcndungen neigende Haut oder bei Problemen wie Akne oder Ekzemen. Indem sie mit dem Mikrobiom der Haut interagieren, st\u00e4rken Probiotika die nat\u00fcrliche Barriere der Haut, helfen, Feuchtigkeit zu speichern und sch\u00fctzen vor negativen \u00e4u\u00dferen Faktoren.<\/p>\n<p>Inaktivierte Probiotika k\u00f6nnen leicht in verschiedene kosmetische Formulierungen eingearbeitet werden. Als Zusatz zu Cremes, Seren, Masken oder Lotionen bilden sie Produkte, die die Haut buchst\u00e4blich &#8222;f\u00fcttern&#8220; und sie mit den Inhaltsstoffen versorgen, die sie braucht, um gesund und sch\u00f6n zu bleiben.<\/p>\n","protected":false},"excerpt":{"rendered":"<p>Probiotika sind f\u00fcr ihren Nutzen f\u00fcr die Darmgesundheit bekannt, aber immer mehr wissenschaftliche Erkenntnisse weisen darauf hin, dass sie auch f\u00fcr die Hautgesundheit wichtig sind. <strong>Tyndalisierte<\/strong> <strong>Probiotika<\/strong>, auch bekannt als <strong>inaktivierte Probiotika<\/strong>, stellen eine innovative \u00c4ra in der Kosmetologie dar.<\/p>\n","protected":false},"featured_media":24303,"template":"","meta":{"_acf_changed":false},"product_brand":[],"product_cat":[2092],"product_tag":[],"class_list":{"0":"post-24332","1":"product","2":"type-product","3":"status-publish","4":"has-post-thumbnail","6":"product_cat-probiotika-de","8":"first","9":"instock","10":"shipping-taxable","11":"product-type-simple"},"acf":[],"yoast_head":"<!-- This site is optimized with the Yoast SEO plugin v27.6 - https:\/\/yoast.com\/product\/yoast-seo-wordpress\/ -->\n<title>Inaktivierte Probiotika - Gro\u00dfhandelsvertrieb<\/title>\n<meta name=\"description\" content=\"Inaktivierte Probiotika, ist ein innovativer kosmetischer Inhaltsstoff, der das Gleichgewicht des Hautmikrobioms aufrechterh\u00e4lt und Reizungen lindert.\" \/>\n<meta name=\"robots\" content=\"index, follow, max-snippet:-1, max-image-preview:large, max-video-preview:-1\" \/>\n<link rel=\"canonical\" href=\"https:\/\/naturalpoland.com\/de\/produkte\/produkte-fur-die-kosmetikindustrie\/probiotika-de\/probiotisch-aktivierte\/\" \/>\n<meta property=\"og:locale\" content=\"de_DE\" \/>\n<meta property=\"og:type\" content=\"article\" \/>\n<meta property=\"og:title\" content=\"Inaktivierte Probiotika - Gro\u00dfhandelsvertrieb\" \/>\n<meta property=\"og:description\" content=\"Inaktivierte Probiotika, ist ein innovativer kosmetischer Inhaltsstoff, der das Gleichgewicht des Hautmikrobioms aufrechterh\u00e4lt und Reizungen lindert.\" \/>\n<meta property=\"og:url\" content=\"https:\/\/naturalpoland.com\/de\/produkte\/produkte-fur-die-kosmetikindustrie\/probiotika-de\/probiotisch-aktivierte\/\" \/>\n<meta property=\"og:site_name\" content=\"NATURAL POLAND - IMPORT UND HANDEL VON ROHSTOFFEN\" \/>\n<meta property=\"article:publisher\" content=\"https:\/\/www.facebook.com\/naturalpoland.b2b\" \/>\n<meta property=\"og:image\" content=\"https:\/\/naturalpoland.com\/wp-content\/uploads\/tyndallized-probiotics.png\" \/>\n\t<meta property=\"og:image:width\" content=\"595\" \/>\n\t<meta property=\"og:image:height\" content=\"595\" \/>\n\t<meta property=\"og:image:type\" content=\"image\/png\" \/>\n<script type=\"application\/ld+json\" class=\"yoast-schema-graph\">{\"@context\":\"https:\\\/\\\/schema.org\",\"@graph\":[{\"@type\":\"WebPage\",\"@id\":\"https:\\\/\\\/naturalpoland.com\\\/de\\\/produkte\\\/produkte-fur-die-kosmetikindustrie\\\/probiotika-de\\\/probiotisch-aktivierte\\\/\",\"url\":\"https:\\\/\\\/naturalpoland.com\\\/de\\\/produkte\\\/produkte-fur-die-kosmetikindustrie\\\/probiotika-de\\\/probiotisch-aktivierte\\\/\",\"name\":\"Inaktivierte Probiotika - Gro\u00dfhandelsvertrieb\",\"isPartOf\":{\"@id\":\"https:\\\/\\\/naturalpoland.com\\\/de\\\/#website\"},\"primaryImageOfPage\":{\"@id\":\"https:\\\/\\\/naturalpoland.com\\\/de\\\/produkte\\\/produkte-fur-die-kosmetikindustrie\\\/probiotika-de\\\/probiotisch-aktivierte\\\/#primaryimage\"},\"image\":{\"@id\":\"https:\\\/\\\/naturalpoland.com\\\/de\\\/produkte\\\/produkte-fur-die-kosmetikindustrie\\\/probiotika-de\\\/probiotisch-aktivierte\\\/#primaryimage\"},\"thumbnailUrl\":\"https:\\\/\\\/naturalpoland.com\\\/wp-content\\\/uploads\\\/tyndallized-probiotics.png\",\"datePublished\":\"2023-07-20T13:32:21+00:00\",\"description\":\"Inaktivierte Probiotika, ist ein innovativer kosmetischer Inhaltsstoff, der das Gleichgewicht des Hautmikrobioms aufrechterh\u00e4lt und Reizungen lindert.\",\"breadcrumb\":{\"@id\":\"https:\\\/\\\/naturalpoland.com\\\/de\\\/produkte\\\/produkte-fur-die-kosmetikindustrie\\\/probiotika-de\\\/probiotisch-aktivierte\\\/#breadcrumb\"},\"inLanguage\":\"de\",\"potentialAction\":[{\"@type\":\"ReadAction\",\"target\":[\"https:\\\/\\\/naturalpoland.com\\\/de\\\/produkte\\\/produkte-fur-die-kosmetikindustrie\\\/probiotika-de\\\/probiotisch-aktivierte\\\/\"]}]},{\"@type\":\"ImageObject\",\"inLanguage\":\"de\",\"@id\":\"https:\\\/\\\/naturalpoland.com\\\/de\\\/produkte\\\/produkte-fur-die-kosmetikindustrie\\\/probiotika-de\\\/probiotisch-aktivierte\\\/#primaryimage\",\"url\":\"https:\\\/\\\/naturalpoland.com\\\/wp-content\\\/uploads\\\/tyndallized-probiotics.png\",\"contentUrl\":\"https:\\\/\\\/naturalpoland.com\\\/wp-content\\\/uploads\\\/tyndallized-probiotics.png\",\"width\":595,\"height\":595,\"caption\":\"inaktivierte Probiotika\"},{\"@type\":\"BreadcrumbList\",\"@id\":\"https:\\\/\\\/naturalpoland.com\\\/de\\\/produkte\\\/produkte-fur-die-kosmetikindustrie\\\/probiotika-de\\\/probiotisch-aktivierte\\\/#breadcrumb\",\"itemListElement\":[{\"@type\":\"ListItem\",\"position\":1,\"name\":\"Startseite\",\"item\":\"https:\\\/\\\/naturalpoland.com\\\/de\\\/\"},{\"@type\":\"ListItem\",\"position\":2,\"name\":\"Produkte\",\"item\":\"https:\\\/\\\/naturalpoland.com\\\/de\\\/produkte\\\/\"},{\"@type\":\"ListItem\",\"position\":3,\"name\":\"Inaktivierte Probiotika\"}]},{\"@type\":\"WebSite\",\"@id\":\"https:\\\/\\\/naturalpoland.com\\\/de\\\/#website\",\"url\":\"https:\\\/\\\/naturalpoland.com\\\/de\\\/\",\"name\":\"NATURAL POLAND - IMPORT UND HANDEL VON ROHSTOFFEN\",\"description\":\"Rohstoffe f\u00fcr die Lebensmittelindustrie, Kosmetikindustrie, Pharmaindustrie\",\"publisher\":{\"@id\":\"https:\\\/\\\/naturalpoland.com\\\/de\\\/#organization\"},\"potentialAction\":[{\"@type\":\"SearchAction\",\"target\":{\"@type\":\"EntryPoint\",\"urlTemplate\":\"https:\\\/\\\/naturalpoland.com\\\/de\\\/?s={search_term_string}\"},\"query-input\":{\"@type\":\"PropertyValueSpecification\",\"valueRequired\":true,\"valueName\":\"search_term_string\"}}],\"inLanguage\":\"de\"},{\"@type\":\"Organization\",\"@id\":\"https:\\\/\\\/naturalpoland.com\\\/de\\\/#organization\",\"name\":\"Natural Poland\",\"url\":\"https:\\\/\\\/naturalpoland.com\\\/de\\\/\",\"logo\":{\"@type\":\"ImageObject\",\"inLanguage\":\"de\",\"@id\":\"https:\\\/\\\/naturalpoland.com\\\/de\\\/#\\\/schema\\\/logo\\\/image\\\/\",\"url\":\"https:\\\/\\\/naturalpoland.com\\\/wp-content\\\/uploads\\\/2021\\\/05\\\/natural-poland-icon.png\",\"contentUrl\":\"https:\\\/\\\/naturalpoland.com\\\/wp-content\\\/uploads\\\/2021\\\/05\\\/natural-poland-icon.png\",\"width\":512,\"height\":512,\"caption\":\"Natural Poland\"},\"image\":{\"@id\":\"https:\\\/\\\/naturalpoland.com\\\/de\\\/#\\\/schema\\\/logo\\\/image\\\/\"},\"sameAs\":[\"https:\\\/\\\/www.facebook.com\\\/naturalpoland.b2b\",\"https:\\\/\\\/pl.linkedin.com\\\/company\\\/natural-poland\",\"https:\\\/\\\/www.youtube.com\\\/channel\\\/UCgeGGkvOMahZo-xu_MSEWxg\"]}]}<\/script>\n<!-- \/ Yoast SEO plugin. -->","yoast_head_json":{"title":"Inaktivierte Probiotika - Gro\u00dfhandelsvertrieb","description":"Inaktivierte Probiotika, ist ein innovativer kosmetischer Inhaltsstoff, der das Gleichgewicht des Hautmikrobioms aufrechterh\u00e4lt und Reizungen lindert.","robots":{"index":"index","follow":"follow","max-snippet":"max-snippet:-1","max-image-preview":"max-image-preview:large","max-video-preview":"max-video-preview:-1"},"canonical":"https:\/\/naturalpoland.com\/de\/produkte\/produkte-fur-die-kosmetikindustrie\/probiotika-de\/probiotisch-aktivierte\/","og_locale":"de_DE","og_type":"article","og_title":"Inaktivierte Probiotika - Gro\u00dfhandelsvertrieb","og_description":"Inaktivierte Probiotika, ist ein innovativer kosmetischer Inhaltsstoff, der das Gleichgewicht des Hautmikrobioms aufrechterh\u00e4lt und Reizungen lindert.","og_url":"https:\/\/naturalpoland.com\/de\/produkte\/produkte-fur-die-kosmetikindustrie\/probiotika-de\/probiotisch-aktivierte\/","og_site_name":"NATURAL POLAND - IMPORT UND HANDEL VON ROHSTOFFEN","article_publisher":"https:\/\/www.facebook.com\/naturalpoland.b2b","og_image":[{"width":595,"height":595,"url":"https:\/\/naturalpoland.com\/wp-content\/uploads\/tyndallized-probiotics.png","type":"image\/png"}],"schema":{"@context":"https:\/\/schema.org","@graph":[{"@type":"WebPage","@id":"https:\/\/naturalpoland.com\/de\/produkte\/produkte-fur-die-kosmetikindustrie\/probiotika-de\/probiotisch-aktivierte\/","url":"https:\/\/naturalpoland.com\/de\/produkte\/produkte-fur-die-kosmetikindustrie\/probiotika-de\/probiotisch-aktivierte\/","name":"Inaktivierte Probiotika - Gro\u00dfhandelsvertrieb","isPartOf":{"@id":"https:\/\/naturalpoland.com\/de\/#website"},"primaryImageOfPage":{"@id":"https:\/\/naturalpoland.com\/de\/produkte\/produkte-fur-die-kosmetikindustrie\/probiotika-de\/probiotisch-aktivierte\/#primaryimage"},"image":{"@id":"https:\/\/naturalpoland.com\/de\/produkte\/produkte-fur-die-kosmetikindustrie\/probiotika-de\/probiotisch-aktivierte\/#primaryimage"},"thumbnailUrl":"https:\/\/naturalpoland.com\/wp-content\/uploads\/tyndallized-probiotics.png","datePublished":"2023-07-20T13:32:21+00:00","description":"Inaktivierte Probiotika, ist ein innovativer kosmetischer Inhaltsstoff, der das Gleichgewicht des Hautmikrobioms aufrechterh\u00e4lt und Reizungen lindert.","breadcrumb":{"@id":"https:\/\/naturalpoland.com\/de\/produkte\/produkte-fur-die-kosmetikindustrie\/probiotika-de\/probiotisch-aktivierte\/#breadcrumb"},"inLanguage":"de","potentialAction":[{"@type":"ReadAction","target":["https:\/\/naturalpoland.com\/de\/produkte\/produkte-fur-die-kosmetikindustrie\/probiotika-de\/probiotisch-aktivierte\/"]}]},{"@type":"ImageObject","inLanguage":"de","@id":"https:\/\/naturalpoland.com\/de\/produkte\/produkte-fur-die-kosmetikindustrie\/probiotika-de\/probiotisch-aktivierte\/#primaryimage","url":"https:\/\/naturalpoland.com\/wp-content\/uploads\/tyndallized-probiotics.png","contentUrl":"https:\/\/naturalpoland.com\/wp-content\/uploads\/tyndallized-probiotics.png","width":595,"height":595,"caption":"inaktivierte Probiotika"},{"@type":"BreadcrumbList","@id":"https:\/\/naturalpoland.com\/de\/produkte\/produkte-fur-die-kosmetikindustrie\/probiotika-de\/probiotisch-aktivierte\/#breadcrumb","itemListElement":[{"@type":"ListItem","position":1,"name":"Startseite","item":"https:\/\/naturalpoland.com\/de\/"},{"@type":"ListItem","position":2,"name":"Produkte","item":"https:\/\/naturalpoland.com\/de\/produkte\/"},{"@type":"ListItem","position":3,"name":"Inaktivierte Probiotika"}]},{"@type":"WebSite","@id":"https:\/\/naturalpoland.com\/de\/#website","url":"https:\/\/naturalpoland.com\/de\/","name":"NATURAL POLAND - IMPORT UND HANDEL VON ROHSTOFFEN","description":"Rohstoffe f\u00fcr die Lebensmittelindustrie, Kosmetikindustrie, Pharmaindustrie","publisher":{"@id":"https:\/\/naturalpoland.com\/de\/#organization"},"potentialAction":[{"@type":"SearchAction","target":{"@type":"EntryPoint","urlTemplate":"https:\/\/naturalpoland.com\/de\/?s={search_term_string}"},"query-input":{"@type":"PropertyValueSpecification","valueRequired":true,"valueName":"search_term_string"}}],"inLanguage":"de"},{"@type":"Organization","@id":"https:\/\/naturalpoland.com\/de\/#organization","name":"Natural Poland","url":"https:\/\/naturalpoland.com\/de\/","logo":{"@type":"ImageObject","inLanguage":"de","@id":"https:\/\/naturalpoland.com\/de\/#\/schema\/logo\/image\/","url":"https:\/\/naturalpoland.com\/wp-content\/uploads\/2021\/05\/natural-poland-icon.png","contentUrl":"https:\/\/naturalpoland.com\/wp-content\/uploads\/2021\/05\/natural-poland-icon.png","width":512,"height":512,"caption":"Natural Poland"},"image":{"@id":"https:\/\/naturalpoland.com\/de\/#\/schema\/logo\/image\/"},"sameAs":["https:\/\/www.facebook.com\/naturalpoland.b2b","https:\/\/pl.linkedin.com\/company\/natural-poland","https:\/\/www.youtube.com\/channel\/UCgeGGkvOMahZo-xu_MSEWxg"]}]}},"_links":{"self":[{"href":"https:\/\/naturalpoland.com\/de\/wp-json\/wp\/v2\/product\/24332","targetHints":{"allow":["GET"]}}],"collection":[{"href":"https:\/\/naturalpoland.com\/de\/wp-json\/wp\/v2\/product"}],"about":[{"href":"https:\/\/naturalpoland.com\/de\/wp-json\/wp\/v2\/types\/product"}],"wp:featuredmedia":[{"embeddable":true,"href":"https:\/\/naturalpoland.com\/de\/wp-json\/wp\/v2\/media\/24303"}],"wp:attachment":[{"href":"https:\/\/naturalpoland.com\/de\/wp-json\/wp\/v2\/media?parent=24332"}],"wp:term":[{"taxonomy":"product_brand","embeddable":true,"href":"https:\/\/naturalpoland.com\/de\/wp-json\/wp\/v2\/product_brand?post=24332"},{"taxonomy":"product_cat","embeddable":true,"href":"https:\/\/naturalpoland.com\/de\/wp-json\/wp\/v2\/product_cat?post=24332"},{"taxonomy":"product_tag","embeddable":true,"href":"https:\/\/naturalpoland.com\/de\/wp-json\/wp\/v2\/product_tag?post=24332"}],"curies":[{"name":"wp","href":"https:\/\/api.w.org\/{rel}","templated":true}]}}