{"id":24513,"date":"2023-07-18T11:33:40","date_gmt":"2023-08-01T07:47:03","guid":{"rendered":"https:\/\/naturalpoland.com\/produkty\/unkategorisiert\/kreatin-monohydrat-2\/"},"modified":"2024-09-19T10:26:08","modified_gmt":"2024-09-19T08:26:08","slug":"kreatin-monohydrat","status":"publish","type":"product","link":"https:\/\/naturalpoland.com\/de\/produkte\/produkte-fur-die-pharmaindustrie\/nahrungserganzungmittel\/kreatin-monohydrat\/","title":{"rendered":"Kreatin-Monohydrat"},"content":{"rendered":"<h3>Was ist Kreatin-Monohydrat?<\/h3>\n<p>  Kreatinmonohydrat ist ein Nahrungserg\u00e4nzungsmittel, das die Welt der Fitness und des Bodybuildings revolutioniert hat. Seine wissenschaftlich nachgewiesenen Vorteile f\u00fcr die Gesundheit und die k\u00f6rperliche Leistungsf\u00e4higkeit haben es zu einem der beliebtesten und am h\u00e4ufigsten verwendeten Nahrungserg\u00e4nzungsmittel der Welt gemacht. Seine Rolle im K\u00f6rper darf nicht untersch\u00e4tzt werden &#8211; Kreatin tr\u00e4gt dazu bei, unsere Muskeln mit Energie zu versorgen, was f\u00fcr Ausdauer, Kraft und Muskelwachstum entscheidend ist. Kreatin-Monohydrat ist die reinste und wirksamste Form dieser Erg\u00e4nzung. Kreatin selbst ist eine nat\u00fcrlich im K\u00f6rper vorkommende Substanz, die zur Energieversorgung der Muskeln beitr\u00e4gt. Es wird in unseren Nieren, der Leber und der Bauchspeicheldr\u00fcse produziert und dann \u00fcber das Blut zu den Muskeln transportiert. Die nat\u00fcrliche Produktion von Kreatin reicht jedoch oft nicht aus, insbesondere bei intensivem Training. Eine Supplementierung mit Kreatinmonohydrat tr\u00e4gt dazu bei, den Bedarf an dieser Substanz zu decken und den Muskeln die zus\u00e4tzliche Energie zu liefern, die sie f\u00fcr ein intensives Training ben\u00f6tigen.  <\/p>\n<h3>Kreatin-Monohydrat &#8211; Vorteile<\/h3>\n<p>  Eine Supplementierung mit Kreatinmonohydrat hat viele Vorteile. Erstens <strong>hilft<\/strong> es <strong>, die muskul\u00e4re Ausdauer und Kraft zu steigern<\/strong>, was l\u00e4ngere und intensivere Trainingseinheiten erm\u00f6glicht.<br \/>\nZweitens <strong>hilft es, die Erholung der Muskeln nach dem Training zu beschleunigen<\/strong>, was f\u00fcr das Muskelwachstum entscheidend ist.<br \/>\nDrittens<strong> tr\u00e4gt<\/strong> Kreatinmonohydrat<strong> dazu bei, das Muskelvolumen zu vergr\u00f6\u00dfern<\/strong>, indem es die in den Muskelzellen gespeicherte Wassermenge erh\u00f6ht.   Dies l\u00e4sst die Muskeln gr\u00f6\u00dfer und voller aussehen. Kreatin-Monohydrat <strong>wird leicht absorbiert und ist sicher in der Anwendung<\/strong>. Es wird sowohl f\u00fcr Anf\u00e4nger im Krafttraining als auch f\u00fcr erfahrene Bodybuilder empfohlen. Unabh\u00e4ngig von Ihrem Fitnessniveau ist Kreatinmonohydrat eine wichtige Erg\u00e4nzung, die Ihnen hilft, Ihre Trainingsziele zu erreichen.  <\/p>\n<h3>Mikronisiertes Kreatin-Monohydrat<\/h3>\n<p>  Mikronisierung ist ein Prozess, bei dem die Molek\u00fcle einer Substanz in sehr kleine Partikel mit vergr\u00f6\u00dferter Oberfl\u00e4che zerlegt werden.<br \/>\nIm Fall von Kreatinmonohydrat f\u00fchrt die Mikronisierung zu <strong>einer feineren Struktur der Kreatinpartikel<\/strong>.<br \/>\nDadurch kann sich das Produkt leichter in Wasser oder anderen Fl\u00fcssigkeiten aufl\u00f6sen und ist somit leichter zu konsumieren.<br \/>\nDar\u00fcber hinaus kann mikronisiertes Kreatin besser vom K\u00f6rper aufgenommen werden, was zu effektiveren Trainingsergebnissen beitragen kann.     <\/p>\n<hr>\n<h2>CreaXorb\u2122 LSMe<\/h2>\n<p><strong>CreaXorb\u2122 LSMe<\/strong> ist ein fortschrittliches Produkt, das auf der BioSNEDS\u2122-Technologie basiert und die Bioverf\u00fcgbarkeit von Kreatinmonohydrat, einem bekannten Inhaltsstoff zur Unterst\u00fctzung der k\u00f6rperlichen Leistungsf\u00e4higkeit, der kognitiven Funktion und der neurologischen Gesundheit, deutlich erh\u00f6ht.  <\/p>\n<h3>Vorteile der BioSNEDS\u2122 Technologie<\/h3>\n<ul>\n<li>CreaXorb\u2122 ist 20-mal besser bioverf\u00fcgbar als herk\u00f6mmliches Kreatinmonohydrat. Das bedeutet, dass 250 mg aktives Kreatin in BioSNEDS\u2122 bio\u00e4quivalent zu 5.000 mg herk\u00f6mmlichem Kreatinmonohydrat sind.<\/li>\n<li>Mehr Dosen pro Kilogramm &#8211; 800 Dosen pro Kilogramm im Vergleich zu 196 Dosen von herk\u00f6mmlichem Kreatinmonohydrat.<\/li>\n<li>Erh\u00e4ltlich in Form von Pulvern und Emulsionen mit neutralem Geschmack und ohne Geruch.<\/li>\n<\/ul>\n<h3>Anwendung:<\/h3>\n<p>  Nahrungserg\u00e4nzungsmittel, funktionelle Lebensmittel, topische Kosmetika, Tiernahrung.  <\/p>\n<h3>Gesundheitliche Vorteile:<\/h3>\n<ul>\n<li>Verbessert die kognitive Funktion und die neurologische Gesundheit.<\/li>\n<li>Unterst\u00fctzt die Reparatur, Funktion, Ausdauer und das Wachstum der Muskeln.<\/li>\n<li>Unterst\u00fctzt die Energieproduktion und die Erholung nach dem Training.<\/li>\n<li>Unterst\u00fctzt die Gesundheit der Knochen.<\/li>\n<li>Es wirkt als antioxidative Unterst\u00fctzung.<\/li>\n<\/ul>\n","protected":false},"excerpt":{"rendered":"<p><strong>Kreatinmonohydrat<\/strong> ist ein hochwertiges Erg\u00e4nzungsmittel, das die Kraft, die Ausdauer und das Muskelvolumen steigert und f\u00fcr intensives Krafttraining unerl\u00e4sslich ist. Es handelt sich um ein <strong>mikronisiertes<\/strong> Produkt, das seine L\u00f6slichkeit und potenziell bessere Absorption verbessert und so zu effektiveren Trainingsergebnissen beitr\u00e4gt.<\/p>\n","protected":false},"featured_media":24202,"template":"","meta":{"_acf_changed":false},"product_brand":[],"product_cat":[387,373],"product_tag":[],"class_list":{"0":"post-24513","1":"product","2":"type-product","3":"status-publish","4":"has-post-thumbnail","6":"product_cat-aminosauren","7":"product_cat-nahrungserganzungmittel","8":"pa_grupa-substancji-nutrazeutika","9":"pa_technologia-biosneds-technologie","11":"first","12":"instock","13":"shipping-taxable","14":"product-type-simple"},"acf":[],"yoast_head":"<!-- This site is optimized with the Yoast SEO plugin v27.6 - https:\/\/yoast.com\/product\/yoast-seo-wordpress\/ -->\n<title>Kreatin-Monohydrat - NATURAL POLAND - IMPORT UND HANDEL VON ROHSTOFFEN<\/title>\n<meta name=\"description\" content=\"Mikronisiertes Kreatinmonohydrat ist ein Nahrungserg\u00e4nzungsmittel, das Kraft, Ausdauer und Muskelvolumen erh\u00f6ht. Es ist leicht verdaulich und sicher in der Anwendung.\" \/>\n<meta name=\"robots\" content=\"index, follow, max-snippet:-1, max-image-preview:large, max-video-preview:-1\" \/>\n<link rel=\"canonical\" href=\"https:\/\/naturalpoland.com\/de\/produkte\/produkte-fur-die-pharmaindustrie\/nahrungserganzungmittel\/kreatin-monohydrat\/\" \/>\n<meta property=\"og:locale\" content=\"de_DE\" \/>\n<meta property=\"og:type\" content=\"article\" \/>\n<meta property=\"og:title\" content=\"Kreatin-Monohydrat - NATURAL POLAND - IMPORT UND HANDEL VON ROHSTOFFEN\" \/>\n<meta property=\"og:description\" content=\"Mikronisiertes Kreatinmonohydrat ist ein Nahrungserg\u00e4nzungsmittel, das Kraft, Ausdauer und Muskelvolumen erh\u00f6ht. Es ist leicht verdaulich und sicher in der Anwendung.\" \/>\n<meta property=\"og:url\" content=\"https:\/\/naturalpoland.com\/de\/produkte\/produkte-fur-die-pharmaindustrie\/nahrungserganzungmittel\/kreatin-monohydrat\/\" \/>\n<meta property=\"og:site_name\" content=\"NATURAL POLAND - IMPORT UND HANDEL VON ROHSTOFFEN\" \/>\n<meta property=\"article:publisher\" content=\"https:\/\/www.facebook.com\/naturalpoland.b2b\" \/>\n<meta property=\"article:modified_time\" content=\"2024-09-19T08:26:08+00:00\" \/>\n<meta property=\"og:image\" content=\"https:\/\/naturalpoland.com\/wp-content\/uploads\/creatine-monohydrate.png\" \/>\n\t<meta property=\"og:image:width\" content=\"583\" \/>\n\t<meta property=\"og:image:height\" content=\"583\" \/>\n\t<meta property=\"og:image:type\" content=\"image\/png\" \/>\n<script type=\"application\/ld+json\" class=\"yoast-schema-graph\">{\"@context\":\"https:\\\/\\\/schema.org\",\"@graph\":[{\"@type\":\"WebPage\",\"@id\":\"https:\\\/\\\/naturalpoland.com\\\/de\\\/produkte\\\/produkte-fur-die-pharmaindustrie\\\/nahrungserganzungmittel\\\/kreatin-monohydrat\\\/\",\"url\":\"https:\\\/\\\/naturalpoland.com\\\/de\\\/produkte\\\/produkte-fur-die-pharmaindustrie\\\/nahrungserganzungmittel\\\/kreatin-monohydrat\\\/\",\"name\":\"Kreatin-Monohydrat - NATURAL POLAND - IMPORT UND HANDEL VON ROHSTOFFEN\",\"isPartOf\":{\"@id\":\"https:\\\/\\\/naturalpoland.com\\\/de\\\/#website\"},\"primaryImageOfPage\":{\"@id\":\"https:\\\/\\\/naturalpoland.com\\\/de\\\/produkte\\\/produkte-fur-die-pharmaindustrie\\\/nahrungserganzungmittel\\\/kreatin-monohydrat\\\/#primaryimage\"},\"image\":{\"@id\":\"https:\\\/\\\/naturalpoland.com\\\/de\\\/produkte\\\/produkte-fur-die-pharmaindustrie\\\/nahrungserganzungmittel\\\/kreatin-monohydrat\\\/#primaryimage\"},\"thumbnailUrl\":\"https:\\\/\\\/naturalpoland.com\\\/wp-content\\\/uploads\\\/creatine-monohydrate.png\",\"datePublished\":\"2023-08-01T07:47:03+00:00\",\"dateModified\":\"2024-09-19T08:26:08+00:00\",\"description\":\"Mikronisiertes Kreatinmonohydrat ist ein Nahrungserg\u00e4nzungsmittel, das Kraft, Ausdauer und Muskelvolumen erh\u00f6ht. Es ist leicht verdaulich und sicher in der Anwendung.\",\"breadcrumb\":{\"@id\":\"https:\\\/\\\/naturalpoland.com\\\/de\\\/produkte\\\/produkte-fur-die-pharmaindustrie\\\/nahrungserganzungmittel\\\/kreatin-monohydrat\\\/#breadcrumb\"},\"inLanguage\":\"de\",\"potentialAction\":[{\"@type\":\"ReadAction\",\"target\":[\"https:\\\/\\\/naturalpoland.com\\\/de\\\/produkte\\\/produkte-fur-die-pharmaindustrie\\\/nahrungserganzungmittel\\\/kreatin-monohydrat\\\/\"]}]},{\"@type\":\"ImageObject\",\"inLanguage\":\"de\",\"@id\":\"https:\\\/\\\/naturalpoland.com\\\/de\\\/produkte\\\/produkte-fur-die-pharmaindustrie\\\/nahrungserganzungmittel\\\/kreatin-monohydrat\\\/#primaryimage\",\"url\":\"https:\\\/\\\/naturalpoland.com\\\/wp-content\\\/uploads\\\/creatine-monohydrate.png\",\"contentUrl\":\"https:\\\/\\\/naturalpoland.com\\\/wp-content\\\/uploads\\\/creatine-monohydrate.png\",\"width\":583,\"height\":583,\"caption\":\"Kreatin-Monohydrat\"},{\"@type\":\"BreadcrumbList\",\"@id\":\"https:\\\/\\\/naturalpoland.com\\\/de\\\/produkte\\\/produkte-fur-die-pharmaindustrie\\\/nahrungserganzungmittel\\\/kreatin-monohydrat\\\/#breadcrumb\",\"itemListElement\":[{\"@type\":\"ListItem\",\"position\":1,\"name\":\"Startseite\",\"item\":\"https:\\\/\\\/naturalpoland.com\\\/de\\\/\"},{\"@type\":\"ListItem\",\"position\":2,\"name\":\"Produkte\",\"item\":\"https:\\\/\\\/naturalpoland.com\\\/de\\\/produkte\\\/\"},{\"@type\":\"ListItem\",\"position\":3,\"name\":\"Kreatin-Monohydrat\"}]},{\"@type\":\"WebSite\",\"@id\":\"https:\\\/\\\/naturalpoland.com\\\/de\\\/#website\",\"url\":\"https:\\\/\\\/naturalpoland.com\\\/de\\\/\",\"name\":\"NATURAL POLAND - IMPORT UND HANDEL VON ROHSTOFFEN\",\"description\":\"Rohstoffe f\u00fcr die Lebensmittelindustrie, Kosmetikindustrie, Pharmaindustrie\",\"publisher\":{\"@id\":\"https:\\\/\\\/naturalpoland.com\\\/de\\\/#organization\"},\"potentialAction\":[{\"@type\":\"SearchAction\",\"target\":{\"@type\":\"EntryPoint\",\"urlTemplate\":\"https:\\\/\\\/naturalpoland.com\\\/de\\\/?s={search_term_string}\"},\"query-input\":{\"@type\":\"PropertyValueSpecification\",\"valueRequired\":true,\"valueName\":\"search_term_string\"}}],\"inLanguage\":\"de\"},{\"@type\":\"Organization\",\"@id\":\"https:\\\/\\\/naturalpoland.com\\\/de\\\/#organization\",\"name\":\"Natural Poland\",\"url\":\"https:\\\/\\\/naturalpoland.com\\\/de\\\/\",\"logo\":{\"@type\":\"ImageObject\",\"inLanguage\":\"de\",\"@id\":\"https:\\\/\\\/naturalpoland.com\\\/de\\\/#\\\/schema\\\/logo\\\/image\\\/\",\"url\":\"https:\\\/\\\/naturalpoland.com\\\/wp-content\\\/uploads\\\/2021\\\/05\\\/natural-poland-icon.png\",\"contentUrl\":\"https:\\\/\\\/naturalpoland.com\\\/wp-content\\\/uploads\\\/2021\\\/05\\\/natural-poland-icon.png\",\"width\":512,\"height\":512,\"caption\":\"Natural Poland\"},\"image\":{\"@id\":\"https:\\\/\\\/naturalpoland.com\\\/de\\\/#\\\/schema\\\/logo\\\/image\\\/\"},\"sameAs\":[\"https:\\\/\\\/www.facebook.com\\\/naturalpoland.b2b\",\"https:\\\/\\\/pl.linkedin.com\\\/company\\\/natural-poland\",\"https:\\\/\\\/www.youtube.com\\\/channel\\\/UCgeGGkvOMahZo-xu_MSEWxg\"]}]}<\/script>\n<!-- \/ Yoast SEO plugin. -->","yoast_head_json":{"title":"Kreatin-Monohydrat - NATURAL POLAND - IMPORT UND HANDEL VON ROHSTOFFEN","description":"Mikronisiertes Kreatinmonohydrat ist ein Nahrungserg\u00e4nzungsmittel, das Kraft, Ausdauer und Muskelvolumen erh\u00f6ht. Es ist leicht verdaulich und sicher in der Anwendung.","robots":{"index":"index","follow":"follow","max-snippet":"max-snippet:-1","max-image-preview":"max-image-preview:large","max-video-preview":"max-video-preview:-1"},"canonical":"https:\/\/naturalpoland.com\/de\/produkte\/produkte-fur-die-pharmaindustrie\/nahrungserganzungmittel\/kreatin-monohydrat\/","og_locale":"de_DE","og_type":"article","og_title":"Kreatin-Monohydrat - NATURAL POLAND - IMPORT UND HANDEL VON ROHSTOFFEN","og_description":"Mikronisiertes Kreatinmonohydrat ist ein Nahrungserg\u00e4nzungsmittel, das Kraft, Ausdauer und Muskelvolumen erh\u00f6ht. Es ist leicht verdaulich und sicher in der Anwendung.","og_url":"https:\/\/naturalpoland.com\/de\/produkte\/produkte-fur-die-pharmaindustrie\/nahrungserganzungmittel\/kreatin-monohydrat\/","og_site_name":"NATURAL POLAND - IMPORT UND HANDEL VON ROHSTOFFEN","article_publisher":"https:\/\/www.facebook.com\/naturalpoland.b2b","article_modified_time":"2024-09-19T08:26:08+00:00","og_image":[{"width":583,"height":583,"url":"https:\/\/naturalpoland.com\/wp-content\/uploads\/creatine-monohydrate.png","type":"image\/png"}],"schema":{"@context":"https:\/\/schema.org","@graph":[{"@type":"WebPage","@id":"https:\/\/naturalpoland.com\/de\/produkte\/produkte-fur-die-pharmaindustrie\/nahrungserganzungmittel\/kreatin-monohydrat\/","url":"https:\/\/naturalpoland.com\/de\/produkte\/produkte-fur-die-pharmaindustrie\/nahrungserganzungmittel\/kreatin-monohydrat\/","name":"Kreatin-Monohydrat - NATURAL POLAND - IMPORT UND HANDEL VON ROHSTOFFEN","isPartOf":{"@id":"https:\/\/naturalpoland.com\/de\/#website"},"primaryImageOfPage":{"@id":"https:\/\/naturalpoland.com\/de\/produkte\/produkte-fur-die-pharmaindustrie\/nahrungserganzungmittel\/kreatin-monohydrat\/#primaryimage"},"image":{"@id":"https:\/\/naturalpoland.com\/de\/produkte\/produkte-fur-die-pharmaindustrie\/nahrungserganzungmittel\/kreatin-monohydrat\/#primaryimage"},"thumbnailUrl":"https:\/\/naturalpoland.com\/wp-content\/uploads\/creatine-monohydrate.png","datePublished":"2023-08-01T07:47:03+00:00","dateModified":"2024-09-19T08:26:08+00:00","description":"Mikronisiertes Kreatinmonohydrat ist ein Nahrungserg\u00e4nzungsmittel, das Kraft, Ausdauer und Muskelvolumen erh\u00f6ht. Es ist leicht verdaulich und sicher in der Anwendung.","breadcrumb":{"@id":"https:\/\/naturalpoland.com\/de\/produkte\/produkte-fur-die-pharmaindustrie\/nahrungserganzungmittel\/kreatin-monohydrat\/#breadcrumb"},"inLanguage":"de","potentialAction":[{"@type":"ReadAction","target":["https:\/\/naturalpoland.com\/de\/produkte\/produkte-fur-die-pharmaindustrie\/nahrungserganzungmittel\/kreatin-monohydrat\/"]}]},{"@type":"ImageObject","inLanguage":"de","@id":"https:\/\/naturalpoland.com\/de\/produkte\/produkte-fur-die-pharmaindustrie\/nahrungserganzungmittel\/kreatin-monohydrat\/#primaryimage","url":"https:\/\/naturalpoland.com\/wp-content\/uploads\/creatine-monohydrate.png","contentUrl":"https:\/\/naturalpoland.com\/wp-content\/uploads\/creatine-monohydrate.png","width":583,"height":583,"caption":"Kreatin-Monohydrat"},{"@type":"BreadcrumbList","@id":"https:\/\/naturalpoland.com\/de\/produkte\/produkte-fur-die-pharmaindustrie\/nahrungserganzungmittel\/kreatin-monohydrat\/#breadcrumb","itemListElement":[{"@type":"ListItem","position":1,"name":"Startseite","item":"https:\/\/naturalpoland.com\/de\/"},{"@type":"ListItem","position":2,"name":"Produkte","item":"https:\/\/naturalpoland.com\/de\/produkte\/"},{"@type":"ListItem","position":3,"name":"Kreatin-Monohydrat"}]},{"@type":"WebSite","@id":"https:\/\/naturalpoland.com\/de\/#website","url":"https:\/\/naturalpoland.com\/de\/","name":"NATURAL POLAND - IMPORT UND HANDEL VON ROHSTOFFEN","description":"Rohstoffe f\u00fcr die Lebensmittelindustrie, Kosmetikindustrie, Pharmaindustrie","publisher":{"@id":"https:\/\/naturalpoland.com\/de\/#organization"},"potentialAction":[{"@type":"SearchAction","target":{"@type":"EntryPoint","urlTemplate":"https:\/\/naturalpoland.com\/de\/?s={search_term_string}"},"query-input":{"@type":"PropertyValueSpecification","valueRequired":true,"valueName":"search_term_string"}}],"inLanguage":"de"},{"@type":"Organization","@id":"https:\/\/naturalpoland.com\/de\/#organization","name":"Natural Poland","url":"https:\/\/naturalpoland.com\/de\/","logo":{"@type":"ImageObject","inLanguage":"de","@id":"https:\/\/naturalpoland.com\/de\/#\/schema\/logo\/image\/","url":"https:\/\/naturalpoland.com\/wp-content\/uploads\/2021\/05\/natural-poland-icon.png","contentUrl":"https:\/\/naturalpoland.com\/wp-content\/uploads\/2021\/05\/natural-poland-icon.png","width":512,"height":512,"caption":"Natural Poland"},"image":{"@id":"https:\/\/naturalpoland.com\/de\/#\/schema\/logo\/image\/"},"sameAs":["https:\/\/www.facebook.com\/naturalpoland.b2b","https:\/\/pl.linkedin.com\/company\/natural-poland","https:\/\/www.youtube.com\/channel\/UCgeGGkvOMahZo-xu_MSEWxg"]}]}},"_links":{"self":[{"href":"https:\/\/naturalpoland.com\/de\/wp-json\/wp\/v2\/product\/24513","targetHints":{"allow":["GET"]}}],"collection":[{"href":"https:\/\/naturalpoland.com\/de\/wp-json\/wp\/v2\/product"}],"about":[{"href":"https:\/\/naturalpoland.com\/de\/wp-json\/wp\/v2\/types\/product"}],"wp:featuredmedia":[{"embeddable":true,"href":"https:\/\/naturalpoland.com\/de\/wp-json\/wp\/v2\/media\/24202"}],"wp:attachment":[{"href":"https:\/\/naturalpoland.com\/de\/wp-json\/wp\/v2\/media?parent=24513"}],"wp:term":[{"taxonomy":"product_brand","embeddable":true,"href":"https:\/\/naturalpoland.com\/de\/wp-json\/wp\/v2\/product_brand?post=24513"},{"taxonomy":"product_cat","embeddable":true,"href":"https:\/\/naturalpoland.com\/de\/wp-json\/wp\/v2\/product_cat?post=24513"},{"taxonomy":"product_tag","embeddable":true,"href":"https:\/\/naturalpoland.com\/de\/wp-json\/wp\/v2\/product_tag?post=24513"}],"curies":[{"name":"wp","href":"https:\/\/api.w.org\/{rel}","templated":true}]}}