{"id":24515,"date":"2023-07-18T11:22:36","date_gmt":"2023-08-01T07:47:04","guid":{"rendered":"https:\/\/naturalpoland.com\/produkty\/unkategorisiert\/vanille-butter\/"},"modified":"2023-08-01T09:47:04","modified_gmt":"2023-08-01T07:47:04","slug":"butter-vanille","status":"publish","type":"product","link":"https:\/\/naturalpoland.com\/de\/produkte\/produkte-fur-die-kosmetikindustrie\/kosmetische-buttersorten\/butter-vanille\/","title":{"rendered":"Vanille-Butter"},"content":{"rendered":"<h2>Zusammensetzung und Eigenschaften von Vanillebutter<\/h2>\n<p><strong>Vanille<\/strong> ist eine der begehrtesten Zutaten in der Welt der Aromen und Kosmetika. Sein reicher, s\u00fc\u00dfer Duft verleiht den Produkten Tiefe und Einzigartigkeit. Unsere Vanillebutter hebt diese Erfahrung auf ein neues Niveau und kombiniert die wohltuenden Eigenschaften von <strong><br \/>\n  <a href=\"https:\/\/naturalpoland.com\/de\/produkte\/produkte-fur-die-kosmetikindustrie\/kosmetische-ole\/mandel-ol\/\">S\u00fc\u00dfmandel\u00f6l<\/a><br \/>\n<\/strong><em>(Prunus Amygdalus Dulcis<\/em>), <strong><br \/>\n  <a href=\"https:\/\/naturalpoland.com\/de\/produkte\/speiseole-und-kosmetikole\/sonnenblumenkernol\/\">Sonnenblumen\u00f6l<\/a><br \/>\n<\/strong><em>(Helianthus Annuus<\/em>), <strong>hydriertem Pflanzen\u00f6l<\/strong><em>(Hydrogenated Vegetable Oil<\/em>) und <strong>Vanille\u00f6l<\/strong><em>(Vanilla Planifolia<\/em>). Das Ergebnis ist ein Produkt, das auf die Bed\u00fcrfnisse der Haut eingeht, sie mit den hochwertigsten N\u00e4hrstoffen versorgt und gleichzeitig das sinnliche Aroma der Vanille auf der Haut verteilt.<\/p>\n<p>Unsere Vanillebutter ist ein wahres Fest f\u00fcr die Sinne. Vanille\u00f6l verleiht ein s\u00fc\u00dfes, warmes Aroma, das Geist und K\u00f6rper beruhigt und sich positiv auf die Stimmung auswirkt. Die Verwendung von Vanille ist jedoch nicht nur eine Frage des Duftes &#8211; Vanille\u00f6l hat auch antioxidative Eigenschaften, die die Haut vor Sch\u00e4den durch freie Radikale sch\u00fctzen.<\/p>\n<p>S\u00fc\u00dfes Mandel\u00f6l und Sonnenblumen\u00f6l sind wertvolle Quellen f\u00fcr <strong><br \/>\n  <a href=\"https:\/\/naturalpoland.com\/de\/kategorie\/produkte-fur-die-pharmaindustrie\/vitamine\/\">Vitaminen<\/a><br \/>\n<\/strong> und unges\u00e4ttigten Fetts\u00e4uren, die f\u00fcr die Gesundheit der Haut wichtig sind. Sie unterst\u00fctzen die nat\u00fcrliche Schutzbarriere der Haut und tragen dazu bei, dass die Haut hydratisiert und geschmeidig bleibt.<\/p>\n<h2>Verwendung von Vanillebutter<\/h2>\n<p>Vanilla Butter hat eine cremige, reichhaltige Textur, die sich leicht verteilen l\u00e4sst und schnell einzieht, was die Anwendung sehr angenehm macht. Dabei hinterl\u00e4sst sie keinen Fettfilm auf der Haut und ist daher f\u00fcr alle Hauttypen geeignet &#8211; von trockener und reifer Haut bis hin zu normaler und fettiger Haut.<\/p>\n<p>Vanillebutter ist ein vielseitiges Produkt, das f\u00fcr Gesicht, K\u00f6rper und sogar f\u00fcr die Haarpflege verwendet werden kann. Es kann allein oder als Zutat in selbstgemachten Kosmetika &#8211; Masken, Lotionen oder Cremes &#8211; verwendet werden.<\/p>\n","protected":false},"excerpt":{"rendered":"<p>Vanillebutter ist ein luxuri\u00f6ses Kosmetikum, das die pflegenden Eigenschaften von Mandel- und Sonnenblumen\u00f6l mit dem beruhigenden Aroma der Vanille verbindet und der Haut tiefenwirksame Feuchtigkeit und au\u00dfergew\u00f6hnlichen Komfort bietet.<\/p>\n","protected":false},"featured_media":24190,"template":"","meta":{"_acf_changed":false},"product_brand":[],"product_cat":[389],"product_tag":[],"class_list":{"0":"post-24515","1":"product","2":"type-product","3":"status-publish","4":"has-post-thumbnail","6":"product_cat-kosmetische-buttersorten","8":"first","9":"instock","10":"shipping-taxable","11":"product-type-simple"},"acf":[],"yoast_head":"<!-- This site is optimized with the Yoast SEO plugin v27.5 - https:\/\/yoast.com\/product\/yoast-seo-wordpress\/ -->\n<title>Vanille-Butter - Gro\u00dfhandelsvertrieb<\/title>\n<meta name=\"description\" content=\"Vanilla Butter ist ein luxuri\u00f6ses Kosmetikum, das die pflegenden Eigenschaften von Mandel- und Sonnenblumen\u00f6l mit dem beruhigenden Aroma der Vanille verbindet,\" \/>\n<meta name=\"robots\" content=\"index, follow, max-snippet:-1, max-image-preview:large, max-video-preview:-1\" \/>\n<link rel=\"canonical\" href=\"https:\/\/naturalpoland.com\/de\/produkte\/produkte-fur-die-kosmetikindustrie\/kosmetische-buttersorten\/butter-vanille\/\" \/>\n<meta property=\"og:locale\" content=\"de_DE\" \/>\n<meta property=\"og:type\" content=\"article\" \/>\n<meta property=\"og:title\" content=\"Vanille-Butter - Gro\u00dfhandelsvertrieb\" \/>\n<meta property=\"og:description\" content=\"Vanilla Butter ist ein luxuri\u00f6ses Kosmetikum, das die pflegenden Eigenschaften von Mandel- und Sonnenblumen\u00f6l mit dem beruhigenden Aroma der Vanille verbindet,\" \/>\n<meta property=\"og:url\" content=\"https:\/\/naturalpoland.com\/de\/produkte\/produkte-fur-die-kosmetikindustrie\/kosmetische-buttersorten\/butter-vanille\/\" \/>\n<meta property=\"og:site_name\" content=\"NATURAL POLAND - IMPORT UND HANDEL VON ROHSTOFFEN\" \/>\n<meta property=\"article:publisher\" content=\"https:\/\/www.facebook.com\/naturalpoland.b2b\" \/>\n<meta property=\"og:image\" content=\"https:\/\/naturalpoland.com\/wp-content\/uploads\/vanilla-butter.png\" \/>\n\t<meta property=\"og:image:width\" content=\"583\" \/>\n\t<meta property=\"og:image:height\" content=\"583\" \/>\n\t<meta property=\"og:image:type\" content=\"image\/png\" \/>\n<script type=\"application\/ld+json\" class=\"yoast-schema-graph\">{\"@context\":\"https:\\\/\\\/schema.org\",\"@graph\":[{\"@type\":\"WebPage\",\"@id\":\"https:\\\/\\\/naturalpoland.com\\\/de\\\/produkte\\\/produkte-fur-die-kosmetikindustrie\\\/kosmetische-buttersorten\\\/butter-vanille\\\/\",\"url\":\"https:\\\/\\\/naturalpoland.com\\\/de\\\/produkte\\\/produkte-fur-die-kosmetikindustrie\\\/kosmetische-buttersorten\\\/butter-vanille\\\/\",\"name\":\"Vanille-Butter - Gro\u00dfhandelsvertrieb\",\"isPartOf\":{\"@id\":\"https:\\\/\\\/naturalpoland.com\\\/de\\\/#website\"},\"primaryImageOfPage\":{\"@id\":\"https:\\\/\\\/naturalpoland.com\\\/de\\\/produkte\\\/produkte-fur-die-kosmetikindustrie\\\/kosmetische-buttersorten\\\/butter-vanille\\\/#primaryimage\"},\"image\":{\"@id\":\"https:\\\/\\\/naturalpoland.com\\\/de\\\/produkte\\\/produkte-fur-die-kosmetikindustrie\\\/kosmetische-buttersorten\\\/butter-vanille\\\/#primaryimage\"},\"thumbnailUrl\":\"https:\\\/\\\/naturalpoland.com\\\/wp-content\\\/uploads\\\/vanilla-butter.png\",\"datePublished\":\"2023-08-01T07:47:04+00:00\",\"description\":\"Vanilla Butter ist ein luxuri\u00f6ses Kosmetikum, das die pflegenden Eigenschaften von Mandel- und Sonnenblumen\u00f6l mit dem beruhigenden Aroma der Vanille verbindet,\",\"breadcrumb\":{\"@id\":\"https:\\\/\\\/naturalpoland.com\\\/de\\\/produkte\\\/produkte-fur-die-kosmetikindustrie\\\/kosmetische-buttersorten\\\/butter-vanille\\\/#breadcrumb\"},\"inLanguage\":\"de\",\"potentialAction\":[{\"@type\":\"ReadAction\",\"target\":[\"https:\\\/\\\/naturalpoland.com\\\/de\\\/produkte\\\/produkte-fur-die-kosmetikindustrie\\\/kosmetische-buttersorten\\\/butter-vanille\\\/\"]}]},{\"@type\":\"ImageObject\",\"inLanguage\":\"de\",\"@id\":\"https:\\\/\\\/naturalpoland.com\\\/de\\\/produkte\\\/produkte-fur-die-kosmetikindustrie\\\/kosmetische-buttersorten\\\/butter-vanille\\\/#primaryimage\",\"url\":\"https:\\\/\\\/naturalpoland.com\\\/wp-content\\\/uploads\\\/vanilla-butter.png\",\"contentUrl\":\"https:\\\/\\\/naturalpoland.com\\\/wp-content\\\/uploads\\\/vanilla-butter.png\",\"width\":583,\"height\":583,\"caption\":\"Vanillebutter\"},{\"@type\":\"BreadcrumbList\",\"@id\":\"https:\\\/\\\/naturalpoland.com\\\/de\\\/produkte\\\/produkte-fur-die-kosmetikindustrie\\\/kosmetische-buttersorten\\\/butter-vanille\\\/#breadcrumb\",\"itemListElement\":[{\"@type\":\"ListItem\",\"position\":1,\"name\":\"Startseite\",\"item\":\"https:\\\/\\\/naturalpoland.com\\\/de\\\/\"},{\"@type\":\"ListItem\",\"position\":2,\"name\":\"Produkte\",\"item\":\"https:\\\/\\\/naturalpoland.com\\\/de\\\/produkte\\\/\"},{\"@type\":\"ListItem\",\"position\":3,\"name\":\"Vanille-Butter\"}]},{\"@type\":\"WebSite\",\"@id\":\"https:\\\/\\\/naturalpoland.com\\\/de\\\/#website\",\"url\":\"https:\\\/\\\/naturalpoland.com\\\/de\\\/\",\"name\":\"NATURAL POLAND - IMPORT UND HANDEL VON ROHSTOFFEN\",\"description\":\"Rohstoffe f\u00fcr die Lebensmittelindustrie, Kosmetikindustrie, Pharmaindustrie\",\"publisher\":{\"@id\":\"https:\\\/\\\/naturalpoland.com\\\/de\\\/#organization\"},\"potentialAction\":[{\"@type\":\"SearchAction\",\"target\":{\"@type\":\"EntryPoint\",\"urlTemplate\":\"https:\\\/\\\/naturalpoland.com\\\/de\\\/?s={search_term_string}\"},\"query-input\":{\"@type\":\"PropertyValueSpecification\",\"valueRequired\":true,\"valueName\":\"search_term_string\"}}],\"inLanguage\":\"de\"},{\"@type\":\"Organization\",\"@id\":\"https:\\\/\\\/naturalpoland.com\\\/de\\\/#organization\",\"name\":\"Natural Poland\",\"url\":\"https:\\\/\\\/naturalpoland.com\\\/de\\\/\",\"logo\":{\"@type\":\"ImageObject\",\"inLanguage\":\"de\",\"@id\":\"https:\\\/\\\/naturalpoland.com\\\/de\\\/#\\\/schema\\\/logo\\\/image\\\/\",\"url\":\"https:\\\/\\\/naturalpoland.com\\\/wp-content\\\/uploads\\\/2021\\\/05\\\/natural-poland-icon.png\",\"contentUrl\":\"https:\\\/\\\/naturalpoland.com\\\/wp-content\\\/uploads\\\/2021\\\/05\\\/natural-poland-icon.png\",\"width\":512,\"height\":512,\"caption\":\"Natural Poland\"},\"image\":{\"@id\":\"https:\\\/\\\/naturalpoland.com\\\/de\\\/#\\\/schema\\\/logo\\\/image\\\/\"},\"sameAs\":[\"https:\\\/\\\/www.facebook.com\\\/naturalpoland.b2b\",\"https:\\\/\\\/pl.linkedin.com\\\/company\\\/natural-poland\",\"https:\\\/\\\/www.youtube.com\\\/channel\\\/UCgeGGkvOMahZo-xu_MSEWxg\"]}]}<\/script>\n<!-- \/ Yoast SEO plugin. -->","yoast_head_json":{"title":"Vanille-Butter - Gro\u00dfhandelsvertrieb","description":"Vanilla Butter ist ein luxuri\u00f6ses Kosmetikum, das die pflegenden Eigenschaften von Mandel- und Sonnenblumen\u00f6l mit dem beruhigenden Aroma der Vanille verbindet,","robots":{"index":"index","follow":"follow","max-snippet":"max-snippet:-1","max-image-preview":"max-image-preview:large","max-video-preview":"max-video-preview:-1"},"canonical":"https:\/\/naturalpoland.com\/de\/produkte\/produkte-fur-die-kosmetikindustrie\/kosmetische-buttersorten\/butter-vanille\/","og_locale":"de_DE","og_type":"article","og_title":"Vanille-Butter - Gro\u00dfhandelsvertrieb","og_description":"Vanilla Butter ist ein luxuri\u00f6ses Kosmetikum, das die pflegenden Eigenschaften von Mandel- und Sonnenblumen\u00f6l mit dem beruhigenden Aroma der Vanille verbindet,","og_url":"https:\/\/naturalpoland.com\/de\/produkte\/produkte-fur-die-kosmetikindustrie\/kosmetische-buttersorten\/butter-vanille\/","og_site_name":"NATURAL POLAND - IMPORT UND HANDEL VON ROHSTOFFEN","article_publisher":"https:\/\/www.facebook.com\/naturalpoland.b2b","og_image":[{"width":583,"height":583,"url":"https:\/\/naturalpoland.com\/wp-content\/uploads\/vanilla-butter.png","type":"image\/png"}],"schema":{"@context":"https:\/\/schema.org","@graph":[{"@type":"WebPage","@id":"https:\/\/naturalpoland.com\/de\/produkte\/produkte-fur-die-kosmetikindustrie\/kosmetische-buttersorten\/butter-vanille\/","url":"https:\/\/naturalpoland.com\/de\/produkte\/produkte-fur-die-kosmetikindustrie\/kosmetische-buttersorten\/butter-vanille\/","name":"Vanille-Butter - Gro\u00dfhandelsvertrieb","isPartOf":{"@id":"https:\/\/naturalpoland.com\/de\/#website"},"primaryImageOfPage":{"@id":"https:\/\/naturalpoland.com\/de\/produkte\/produkte-fur-die-kosmetikindustrie\/kosmetische-buttersorten\/butter-vanille\/#primaryimage"},"image":{"@id":"https:\/\/naturalpoland.com\/de\/produkte\/produkte-fur-die-kosmetikindustrie\/kosmetische-buttersorten\/butter-vanille\/#primaryimage"},"thumbnailUrl":"https:\/\/naturalpoland.com\/wp-content\/uploads\/vanilla-butter.png","datePublished":"2023-08-01T07:47:04+00:00","description":"Vanilla Butter ist ein luxuri\u00f6ses Kosmetikum, das die pflegenden Eigenschaften von Mandel- und Sonnenblumen\u00f6l mit dem beruhigenden Aroma der Vanille verbindet,","breadcrumb":{"@id":"https:\/\/naturalpoland.com\/de\/produkte\/produkte-fur-die-kosmetikindustrie\/kosmetische-buttersorten\/butter-vanille\/#breadcrumb"},"inLanguage":"de","potentialAction":[{"@type":"ReadAction","target":["https:\/\/naturalpoland.com\/de\/produkte\/produkte-fur-die-kosmetikindustrie\/kosmetische-buttersorten\/butter-vanille\/"]}]},{"@type":"ImageObject","inLanguage":"de","@id":"https:\/\/naturalpoland.com\/de\/produkte\/produkte-fur-die-kosmetikindustrie\/kosmetische-buttersorten\/butter-vanille\/#primaryimage","url":"https:\/\/naturalpoland.com\/wp-content\/uploads\/vanilla-butter.png","contentUrl":"https:\/\/naturalpoland.com\/wp-content\/uploads\/vanilla-butter.png","width":583,"height":583,"caption":"Vanillebutter"},{"@type":"BreadcrumbList","@id":"https:\/\/naturalpoland.com\/de\/produkte\/produkte-fur-die-kosmetikindustrie\/kosmetische-buttersorten\/butter-vanille\/#breadcrumb","itemListElement":[{"@type":"ListItem","position":1,"name":"Startseite","item":"https:\/\/naturalpoland.com\/de\/"},{"@type":"ListItem","position":2,"name":"Produkte","item":"https:\/\/naturalpoland.com\/de\/produkte\/"},{"@type":"ListItem","position":3,"name":"Vanille-Butter"}]},{"@type":"WebSite","@id":"https:\/\/naturalpoland.com\/de\/#website","url":"https:\/\/naturalpoland.com\/de\/","name":"NATURAL POLAND - IMPORT UND HANDEL VON ROHSTOFFEN","description":"Rohstoffe f\u00fcr die Lebensmittelindustrie, Kosmetikindustrie, Pharmaindustrie","publisher":{"@id":"https:\/\/naturalpoland.com\/de\/#organization"},"potentialAction":[{"@type":"SearchAction","target":{"@type":"EntryPoint","urlTemplate":"https:\/\/naturalpoland.com\/de\/?s={search_term_string}"},"query-input":{"@type":"PropertyValueSpecification","valueRequired":true,"valueName":"search_term_string"}}],"inLanguage":"de"},{"@type":"Organization","@id":"https:\/\/naturalpoland.com\/de\/#organization","name":"Natural Poland","url":"https:\/\/naturalpoland.com\/de\/","logo":{"@type":"ImageObject","inLanguage":"de","@id":"https:\/\/naturalpoland.com\/de\/#\/schema\/logo\/image\/","url":"https:\/\/naturalpoland.com\/wp-content\/uploads\/2021\/05\/natural-poland-icon.png","contentUrl":"https:\/\/naturalpoland.com\/wp-content\/uploads\/2021\/05\/natural-poland-icon.png","width":512,"height":512,"caption":"Natural Poland"},"image":{"@id":"https:\/\/naturalpoland.com\/de\/#\/schema\/logo\/image\/"},"sameAs":["https:\/\/www.facebook.com\/naturalpoland.b2b","https:\/\/pl.linkedin.com\/company\/natural-poland","https:\/\/www.youtube.com\/channel\/UCgeGGkvOMahZo-xu_MSEWxg"]}]}},"_links":{"self":[{"href":"https:\/\/naturalpoland.com\/de\/wp-json\/wp\/v2\/product\/24515","targetHints":{"allow":["GET"]}}],"collection":[{"href":"https:\/\/naturalpoland.com\/de\/wp-json\/wp\/v2\/product"}],"about":[{"href":"https:\/\/naturalpoland.com\/de\/wp-json\/wp\/v2\/types\/product"}],"wp:featuredmedia":[{"embeddable":true,"href":"https:\/\/naturalpoland.com\/de\/wp-json\/wp\/v2\/media\/24190"}],"wp:attachment":[{"href":"https:\/\/naturalpoland.com\/de\/wp-json\/wp\/v2\/media?parent=24515"}],"wp:term":[{"taxonomy":"product_brand","embeddable":true,"href":"https:\/\/naturalpoland.com\/de\/wp-json\/wp\/v2\/product_brand?post=24515"},{"taxonomy":"product_cat","embeddable":true,"href":"https:\/\/naturalpoland.com\/de\/wp-json\/wp\/v2\/product_cat?post=24515"},{"taxonomy":"product_tag","embeddable":true,"href":"https:\/\/naturalpoland.com\/de\/wp-json\/wp\/v2\/product_tag?post=24515"}],"curies":[{"name":"wp","href":"https:\/\/api.w.org\/{rel}","templated":true}]}}