{"id":24599,"date":"2023-08-02T14:33:06","date_gmt":"2023-08-02T12:34:01","guid":{"rendered":"https:\/\/naturalpoland.com\/produkty\/unkategorisiert\/aprikosenwachs\/"},"modified":"2023-08-02T14:34:01","modified_gmt":"2023-08-02T12:34:01","slug":"wachs-morchel","status":"publish","type":"product","link":"https:\/\/naturalpoland.com\/de\/produkte\/wachse\/wachs-morchel\/","title":{"rendered":"Aprikosenwachs"},"content":{"rendered":"<p>Nat\u00fcrliches Aprikosenwachs, dank seines Gehalts an <strong><br \/>\n  <a href=\"https:\/\/naturalpoland.com\/de\/produkte\/produkte-fur-die-kosmetikindustrie\/kosmetische-ole\/aprikosenkern-ol\/\">Aprikosenkern\u00f6l<\/a><br \/>\n<\/strong>reich an essentiellen Fetts\u00e4uren wie \u00d6ls\u00e4ure und Linols\u00e4ure. Diese Inhaltsstoffe n\u00e4hren und befeuchten die Haut, verbessern ihre Elastizit\u00e4t und helfen, den richtigen Feuchtigkeitsgehalt zu erhalten.<\/p>\n<p>Dar\u00fcber hinaus hat das kosmetische Aprikosenwachs beruhigende und gl\u00e4ttende Eigenschaften. Sie beruhigt gereizte Haut, hilft, feine Linien und F\u00e4ltchen zu minimieren, und verleiht ihr ein strahlendes Aussehen.<\/p>\n<p>Ihre okklusiven Eigenschaften bilden einen zarten Film auf der Hautoberfl\u00e4che, der sie vor Wasserverlust, Unreinheiten und sch\u00e4dlichen \u00e4u\u00dferen Einfl\u00fcssen sch\u00fctzt. Dadurch ist die Haut besser gesch\u00fctzt und beh\u00e4lt l\u00e4nger ihre Jugendlichkeit.<\/p>\n<p>Es eignet sich f\u00fcr eine Vielzahl von kosmetischen Produkten &#8211; von Lotionen und Cremes bis hin zu Lippenpflegeprodukten und dekorativer Kosmetik.<\/p>\n","protected":false},"excerpt":{"rendered":"<p>Aprikosenwachs ist ein einzigartiger kosmetischer Inhaltsstoff, der aus Aprikosenkernen gewonnen wird. Angereichert mit Pflanzen\u00f6l erm\u00f6glicht es die Herstellung einer wachsartigen Formulierung, die sich ideal f\u00fcr eine breite Palette von kosmetischen Produkten eignet.<\/p>\n","protected":false},"featured_media":24593,"template":"","meta":{"_acf_changed":false},"product_brand":[],"product_cat":[391],"product_tag":[],"class_list":{"0":"post-24599","1":"product","2":"type-product","3":"status-publish","4":"has-post-thumbnail","6":"product_cat-wachse","8":"first","9":"instock","10":"shipping-taxable","11":"product-type-simple"},"acf":[],"yoast_head":"<!-- This site is optimized with the Yoast SEO plugin v27.4 - https:\/\/yoast.com\/product\/yoast-seo-wordpress\/ -->\n<title>Aprikosenwachs - Gro\u00dfhandelsvertrieb<\/title>\n<meta name=\"description\" content=\"Aprikosenwachs ist ein einzigartiger kosmetischer Inhaltsstoff, der aus Aprikosenkernen gewonnen wird. Es eignet sich perfekt f\u00fcr viele verschiedene kosmetische Formen.\" \/>\n<meta name=\"robots\" content=\"index, follow, max-snippet:-1, max-image-preview:large, max-video-preview:-1\" \/>\n<link rel=\"canonical\" href=\"https:\/\/naturalpoland.com\/de\/produkte\/wachse\/wachs-morchel\/\" \/>\n<meta property=\"og:locale\" content=\"de_DE\" \/>\n<meta property=\"og:type\" content=\"article\" \/>\n<meta property=\"og:title\" content=\"Aprikosenwachs - Gro\u00dfhandelsvertrieb\" \/>\n<meta property=\"og:description\" content=\"Aprikosenwachs ist ein einzigartiger kosmetischer Inhaltsstoff, der aus Aprikosenkernen gewonnen wird. Es eignet sich perfekt f\u00fcr viele verschiedene kosmetische Formen.\" \/>\n<meta property=\"og:url\" content=\"https:\/\/naturalpoland.com\/de\/produkte\/wachse\/wachs-morchel\/\" \/>\n<meta property=\"og:site_name\" content=\"NATURAL POLAND - IMPORT UND HANDEL VON ROHSTOFFEN\" \/>\n<meta property=\"article:publisher\" content=\"https:\/\/www.facebook.com\/naturalpoland.b2b\" \/>\n<meta property=\"og:image\" content=\"https:\/\/naturalpoland.com\/wp-content\/uploads\/apricot-wax.png\" \/>\n\t<meta property=\"og:image:width\" content=\"1024\" \/>\n\t<meta property=\"og:image:height\" content=\"1024\" \/>\n\t<meta property=\"og:image:type\" content=\"image\/png\" \/>\n<script type=\"application\/ld+json\" class=\"yoast-schema-graph\">{\"@context\":\"https:\\\/\\\/schema.org\",\"@graph\":[{\"@type\":\"WebPage\",\"@id\":\"https:\\\/\\\/naturalpoland.com\\\/de\\\/produkte\\\/wachse\\\/wachs-morchel\\\/\",\"url\":\"https:\\\/\\\/naturalpoland.com\\\/de\\\/produkte\\\/wachse\\\/wachs-morchel\\\/\",\"name\":\"Aprikosenwachs - Gro\u00dfhandelsvertrieb\",\"isPartOf\":{\"@id\":\"https:\\\/\\\/naturalpoland.com\\\/de\\\/#website\"},\"primaryImageOfPage\":{\"@id\":\"https:\\\/\\\/naturalpoland.com\\\/de\\\/produkte\\\/wachse\\\/wachs-morchel\\\/#primaryimage\"},\"image\":{\"@id\":\"https:\\\/\\\/naturalpoland.com\\\/de\\\/produkte\\\/wachse\\\/wachs-morchel\\\/#primaryimage\"},\"thumbnailUrl\":\"https:\\\/\\\/naturalpoland.com\\\/wp-content\\\/uploads\\\/apricot-wax.png\",\"datePublished\":\"2023-08-02T12:34:01+00:00\",\"description\":\"Aprikosenwachs ist ein einzigartiger kosmetischer Inhaltsstoff, der aus Aprikosenkernen gewonnen wird. Es eignet sich perfekt f\u00fcr viele verschiedene kosmetische Formen.\",\"breadcrumb\":{\"@id\":\"https:\\\/\\\/naturalpoland.com\\\/de\\\/produkte\\\/wachse\\\/wachs-morchel\\\/#breadcrumb\"},\"inLanguage\":\"de\",\"potentialAction\":[{\"@type\":\"ReadAction\",\"target\":[\"https:\\\/\\\/naturalpoland.com\\\/de\\\/produkte\\\/wachse\\\/wachs-morchel\\\/\"]}]},{\"@type\":\"ImageObject\",\"inLanguage\":\"de\",\"@id\":\"https:\\\/\\\/naturalpoland.com\\\/de\\\/produkte\\\/wachse\\\/wachs-morchel\\\/#primaryimage\",\"url\":\"https:\\\/\\\/naturalpoland.com\\\/wp-content\\\/uploads\\\/apricot-wax.png\",\"contentUrl\":\"https:\\\/\\\/naturalpoland.com\\\/wp-content\\\/uploads\\\/apricot-wax.png\",\"width\":1024,\"height\":1024,\"caption\":\"Aprikosenwachs\"},{\"@type\":\"BreadcrumbList\",\"@id\":\"https:\\\/\\\/naturalpoland.com\\\/de\\\/produkte\\\/wachse\\\/wachs-morchel\\\/#breadcrumb\",\"itemListElement\":[{\"@type\":\"ListItem\",\"position\":1,\"name\":\"Startseite\",\"item\":\"https:\\\/\\\/naturalpoland.com\\\/de\\\/\"},{\"@type\":\"ListItem\",\"position\":2,\"name\":\"Produkte\",\"item\":\"https:\\\/\\\/naturalpoland.com\\\/de\\\/produkte\\\/\"},{\"@type\":\"ListItem\",\"position\":3,\"name\":\"Aprikosenwachs\"}]},{\"@type\":\"WebSite\",\"@id\":\"https:\\\/\\\/naturalpoland.com\\\/de\\\/#website\",\"url\":\"https:\\\/\\\/naturalpoland.com\\\/de\\\/\",\"name\":\"NATURAL POLAND - IMPORT UND HANDEL VON ROHSTOFFEN\",\"description\":\"Rohstoffe f\u00fcr die Lebensmittelindustrie, Kosmetikindustrie, Pharmaindustrie\",\"publisher\":{\"@id\":\"https:\\\/\\\/naturalpoland.com\\\/de\\\/#organization\"},\"potentialAction\":[{\"@type\":\"SearchAction\",\"target\":{\"@type\":\"EntryPoint\",\"urlTemplate\":\"https:\\\/\\\/naturalpoland.com\\\/de\\\/?s={search_term_string}\"},\"query-input\":{\"@type\":\"PropertyValueSpecification\",\"valueRequired\":true,\"valueName\":\"search_term_string\"}}],\"inLanguage\":\"de\"},{\"@type\":\"Organization\",\"@id\":\"https:\\\/\\\/naturalpoland.com\\\/de\\\/#organization\",\"name\":\"Natural Poland\",\"url\":\"https:\\\/\\\/naturalpoland.com\\\/de\\\/\",\"logo\":{\"@type\":\"ImageObject\",\"inLanguage\":\"de\",\"@id\":\"https:\\\/\\\/naturalpoland.com\\\/de\\\/#\\\/schema\\\/logo\\\/image\\\/\",\"url\":\"https:\\\/\\\/naturalpoland.com\\\/wp-content\\\/uploads\\\/2021\\\/05\\\/natural-poland-icon.png\",\"contentUrl\":\"https:\\\/\\\/naturalpoland.com\\\/wp-content\\\/uploads\\\/2021\\\/05\\\/natural-poland-icon.png\",\"width\":512,\"height\":512,\"caption\":\"Natural Poland\"},\"image\":{\"@id\":\"https:\\\/\\\/naturalpoland.com\\\/de\\\/#\\\/schema\\\/logo\\\/image\\\/\"},\"sameAs\":[\"https:\\\/\\\/www.facebook.com\\\/naturalpoland.b2b\",\"https:\\\/\\\/pl.linkedin.com\\\/company\\\/natural-poland\",\"https:\\\/\\\/www.youtube.com\\\/channel\\\/UCgeGGkvOMahZo-xu_MSEWxg\"]}]}<\/script>\n<!-- \/ Yoast SEO plugin. -->","yoast_head_json":{"title":"Aprikosenwachs - Gro\u00dfhandelsvertrieb","description":"Aprikosenwachs ist ein einzigartiger kosmetischer Inhaltsstoff, der aus Aprikosenkernen gewonnen wird. Es eignet sich perfekt f\u00fcr viele verschiedene kosmetische Formen.","robots":{"index":"index","follow":"follow","max-snippet":"max-snippet:-1","max-image-preview":"max-image-preview:large","max-video-preview":"max-video-preview:-1"},"canonical":"https:\/\/naturalpoland.com\/de\/produkte\/wachse\/wachs-morchel\/","og_locale":"de_DE","og_type":"article","og_title":"Aprikosenwachs - Gro\u00dfhandelsvertrieb","og_description":"Aprikosenwachs ist ein einzigartiger kosmetischer Inhaltsstoff, der aus Aprikosenkernen gewonnen wird. Es eignet sich perfekt f\u00fcr viele verschiedene kosmetische Formen.","og_url":"https:\/\/naturalpoland.com\/de\/produkte\/wachse\/wachs-morchel\/","og_site_name":"NATURAL POLAND - IMPORT UND HANDEL VON ROHSTOFFEN","article_publisher":"https:\/\/www.facebook.com\/naturalpoland.b2b","og_image":[{"width":1024,"height":1024,"url":"https:\/\/naturalpoland.com\/wp-content\/uploads\/apricot-wax.png","type":"image\/png"}],"schema":{"@context":"https:\/\/schema.org","@graph":[{"@type":"WebPage","@id":"https:\/\/naturalpoland.com\/de\/produkte\/wachse\/wachs-morchel\/","url":"https:\/\/naturalpoland.com\/de\/produkte\/wachse\/wachs-morchel\/","name":"Aprikosenwachs - Gro\u00dfhandelsvertrieb","isPartOf":{"@id":"https:\/\/naturalpoland.com\/de\/#website"},"primaryImageOfPage":{"@id":"https:\/\/naturalpoland.com\/de\/produkte\/wachse\/wachs-morchel\/#primaryimage"},"image":{"@id":"https:\/\/naturalpoland.com\/de\/produkte\/wachse\/wachs-morchel\/#primaryimage"},"thumbnailUrl":"https:\/\/naturalpoland.com\/wp-content\/uploads\/apricot-wax.png","datePublished":"2023-08-02T12:34:01+00:00","description":"Aprikosenwachs ist ein einzigartiger kosmetischer Inhaltsstoff, der aus Aprikosenkernen gewonnen wird. Es eignet sich perfekt f\u00fcr viele verschiedene kosmetische Formen.","breadcrumb":{"@id":"https:\/\/naturalpoland.com\/de\/produkte\/wachse\/wachs-morchel\/#breadcrumb"},"inLanguage":"de","potentialAction":[{"@type":"ReadAction","target":["https:\/\/naturalpoland.com\/de\/produkte\/wachse\/wachs-morchel\/"]}]},{"@type":"ImageObject","inLanguage":"de","@id":"https:\/\/naturalpoland.com\/de\/produkte\/wachse\/wachs-morchel\/#primaryimage","url":"https:\/\/naturalpoland.com\/wp-content\/uploads\/apricot-wax.png","contentUrl":"https:\/\/naturalpoland.com\/wp-content\/uploads\/apricot-wax.png","width":1024,"height":1024,"caption":"Aprikosenwachs"},{"@type":"BreadcrumbList","@id":"https:\/\/naturalpoland.com\/de\/produkte\/wachse\/wachs-morchel\/#breadcrumb","itemListElement":[{"@type":"ListItem","position":1,"name":"Startseite","item":"https:\/\/naturalpoland.com\/de\/"},{"@type":"ListItem","position":2,"name":"Produkte","item":"https:\/\/naturalpoland.com\/de\/produkte\/"},{"@type":"ListItem","position":3,"name":"Aprikosenwachs"}]},{"@type":"WebSite","@id":"https:\/\/naturalpoland.com\/de\/#website","url":"https:\/\/naturalpoland.com\/de\/","name":"NATURAL POLAND - IMPORT UND HANDEL VON ROHSTOFFEN","description":"Rohstoffe f\u00fcr die Lebensmittelindustrie, Kosmetikindustrie, Pharmaindustrie","publisher":{"@id":"https:\/\/naturalpoland.com\/de\/#organization"},"potentialAction":[{"@type":"SearchAction","target":{"@type":"EntryPoint","urlTemplate":"https:\/\/naturalpoland.com\/de\/?s={search_term_string}"},"query-input":{"@type":"PropertyValueSpecification","valueRequired":true,"valueName":"search_term_string"}}],"inLanguage":"de"},{"@type":"Organization","@id":"https:\/\/naturalpoland.com\/de\/#organization","name":"Natural Poland","url":"https:\/\/naturalpoland.com\/de\/","logo":{"@type":"ImageObject","inLanguage":"de","@id":"https:\/\/naturalpoland.com\/de\/#\/schema\/logo\/image\/","url":"https:\/\/naturalpoland.com\/wp-content\/uploads\/2021\/05\/natural-poland-icon.png","contentUrl":"https:\/\/naturalpoland.com\/wp-content\/uploads\/2021\/05\/natural-poland-icon.png","width":512,"height":512,"caption":"Natural Poland"},"image":{"@id":"https:\/\/naturalpoland.com\/de\/#\/schema\/logo\/image\/"},"sameAs":["https:\/\/www.facebook.com\/naturalpoland.b2b","https:\/\/pl.linkedin.com\/company\/natural-poland","https:\/\/www.youtube.com\/channel\/UCgeGGkvOMahZo-xu_MSEWxg"]}]}},"_links":{"self":[{"href":"https:\/\/naturalpoland.com\/de\/wp-json\/wp\/v2\/product\/24599","targetHints":{"allow":["GET"]}}],"collection":[{"href":"https:\/\/naturalpoland.com\/de\/wp-json\/wp\/v2\/product"}],"about":[{"href":"https:\/\/naturalpoland.com\/de\/wp-json\/wp\/v2\/types\/product"}],"wp:featuredmedia":[{"embeddable":true,"href":"https:\/\/naturalpoland.com\/de\/wp-json\/wp\/v2\/media\/24593"}],"wp:attachment":[{"href":"https:\/\/naturalpoland.com\/de\/wp-json\/wp\/v2\/media?parent=24599"}],"wp:term":[{"taxonomy":"product_brand","embeddable":true,"href":"https:\/\/naturalpoland.com\/de\/wp-json\/wp\/v2\/product_brand?post=24599"},{"taxonomy":"product_cat","embeddable":true,"href":"https:\/\/naturalpoland.com\/de\/wp-json\/wp\/v2\/product_cat?post=24599"},{"taxonomy":"product_tag","embeddable":true,"href":"https:\/\/naturalpoland.com\/de\/wp-json\/wp\/v2\/product_tag?post=24599"}],"curies":[{"name":"wp","href":"https:\/\/api.w.org\/{rel}","templated":true}]}}