{"id":24622,"date":"2023-08-02T14:51:10","date_gmt":"2023-08-02T12:53:16","guid":{"rendered":"https:\/\/naturalpoland.com\/produkty\/unkategorisiert\/limonenwachs\/"},"modified":"2023-08-02T14:53:16","modified_gmt":"2023-08-02T12:53:16","slug":"wachs-kalk","status":"publish","type":"product","link":"https:\/\/naturalpoland.com\/de\/produkte\/wachse\/wachs-kalk\/","title":{"rendered":"Limonenwachs"},"content":{"rendered":"<p>Limettenkerne sind eine nat\u00fcrliche Quelle f\u00fcr starke Antioxidantien wie Vitamin C, die freie Radikale bek\u00e4mpfen und die Haut vor Umweltsch\u00e4den sch\u00fctzen.<\/p>\n<p>Limonenwachs ist au\u00dferdem reich an Fetts\u00e4uren, die die Haut feucht und weich halten. Dank seiner F\u00e4higkeit, eine Barriere auf der Haut zu bilden, hilft Limonenwachs, die Feuchtigkeit f\u00fcr eine lang anhaltende Hydratation zu speichern.<\/p>\n<p>Mit seinem erfrischenden und belebenden Limettenaroma ist dieses Wachs die perfekte Erg\u00e4nzung f\u00fcr Duftprodukte wie K\u00f6rperlotionen und Kerzen. Durch seine glatte und weiche Textur l\u00e4sst es sich leicht mit anderen Inhaltsstoffen mischen, was es zu einer idealen Zutat f\u00fcr die Herstellung einer Vielzahl von Kosmetika macht.<\/p>\n<p>Limonenwachs ist ein einzigartiger kosmetischer Inhaltsstoff, der die Haut intensiv mit Feuchtigkeit versorgt, sch\u00fctzt und n\u00e4hrt und gleichzeitig ein einzigartiges Zitrusaroma verstr\u00f6mt. Produkte mit dieser Substanz verbessern nicht nur das Hautbild, sondern regen auch die Sinne an.<\/p>\n","protected":false},"excerpt":{"rendered":"<p>Kosmetisches Kalkwachs ist ein \u00e4u\u00dferst wirksamer kosmetischer Inhaltsstoff, der aus Limettensamen gewonnen wird. Es ist eine vielseitige Erg\u00e4nzung f\u00fcr verschiedene kosmetische Formulierungen.<\/p>\n","protected":false},"featured_media":24615,"template":"","meta":{"_acf_changed":false},"product_brand":[],"product_cat":[391],"product_tag":[],"class_list":{"0":"post-24622","1":"product","2":"type-product","3":"status-publish","4":"has-post-thumbnail","6":"product_cat-wachse","8":"first","9":"instock","10":"shipping-taxable","11":"product-type-simple"},"acf":[],"yoast_head":"<!-- This site is optimized with the Yoast SEO plugin v27.4 - https:\/\/yoast.com\/product\/yoast-seo-wordpress\/ -->\n<title>Limonenwachs - Gro\u00dfhandelsvertrieb<\/title>\n<meta name=\"description\" content=\"Kosmetisches Kalkwachs wird aus Limettensamen hergestellt. Es ist eine wirksame, vielseitige Erg\u00e4nzung f\u00fcr eine Vielzahl von kosmetischen Formulierungen.\" \/>\n<meta name=\"robots\" content=\"index, follow, max-snippet:-1, max-image-preview:large, max-video-preview:-1\" \/>\n<link rel=\"canonical\" href=\"https:\/\/naturalpoland.com\/de\/produkte\/wachse\/wachs-kalk\/\" \/>\n<meta property=\"og:locale\" content=\"de_DE\" \/>\n<meta property=\"og:type\" content=\"article\" \/>\n<meta property=\"og:title\" content=\"Limonenwachs - Gro\u00dfhandelsvertrieb\" \/>\n<meta property=\"og:description\" content=\"Kosmetisches Kalkwachs wird aus Limettensamen hergestellt. Es ist eine wirksame, vielseitige Erg\u00e4nzung f\u00fcr eine Vielzahl von kosmetischen Formulierungen.\" \/>\n<meta property=\"og:url\" content=\"https:\/\/naturalpoland.com\/de\/produkte\/wachse\/wachs-kalk\/\" \/>\n<meta property=\"og:site_name\" content=\"NATURAL POLAND - IMPORT UND HANDEL VON ROHSTOFFEN\" \/>\n<meta property=\"article:publisher\" content=\"https:\/\/www.facebook.com\/naturalpoland.b2b\" \/>\n<meta property=\"og:image\" content=\"https:\/\/naturalpoland.com\/wp-content\/uploads\/citrus_aurantifolia_wax.png\" \/>\n\t<meta property=\"og:image:width\" content=\"1024\" \/>\n\t<meta property=\"og:image:height\" content=\"1024\" \/>\n\t<meta property=\"og:image:type\" content=\"image\/png\" \/>\n<script type=\"application\/ld+json\" class=\"yoast-schema-graph\">{\"@context\":\"https:\\\/\\\/schema.org\",\"@graph\":[{\"@type\":\"WebPage\",\"@id\":\"https:\\\/\\\/naturalpoland.com\\\/de\\\/produkte\\\/wachse\\\/wachs-kalk\\\/\",\"url\":\"https:\\\/\\\/naturalpoland.com\\\/de\\\/produkte\\\/wachse\\\/wachs-kalk\\\/\",\"name\":\"Limonenwachs - Gro\u00dfhandelsvertrieb\",\"isPartOf\":{\"@id\":\"https:\\\/\\\/naturalpoland.com\\\/de\\\/#website\"},\"primaryImageOfPage\":{\"@id\":\"https:\\\/\\\/naturalpoland.com\\\/de\\\/produkte\\\/wachse\\\/wachs-kalk\\\/#primaryimage\"},\"image\":{\"@id\":\"https:\\\/\\\/naturalpoland.com\\\/de\\\/produkte\\\/wachse\\\/wachs-kalk\\\/#primaryimage\"},\"thumbnailUrl\":\"https:\\\/\\\/naturalpoland.com\\\/wp-content\\\/uploads\\\/citrus_aurantifolia_wax.png\",\"datePublished\":\"2023-08-02T12:53:16+00:00\",\"description\":\"Kosmetisches Kalkwachs wird aus Limettensamen hergestellt. Es ist eine wirksame, vielseitige Erg\u00e4nzung f\u00fcr eine Vielzahl von kosmetischen Formulierungen.\",\"breadcrumb\":{\"@id\":\"https:\\\/\\\/naturalpoland.com\\\/de\\\/produkte\\\/wachse\\\/wachs-kalk\\\/#breadcrumb\"},\"inLanguage\":\"de\",\"potentialAction\":[{\"@type\":\"ReadAction\",\"target\":[\"https:\\\/\\\/naturalpoland.com\\\/de\\\/produkte\\\/wachse\\\/wachs-kalk\\\/\"]}]},{\"@type\":\"ImageObject\",\"inLanguage\":\"de\",\"@id\":\"https:\\\/\\\/naturalpoland.com\\\/de\\\/produkte\\\/wachse\\\/wachs-kalk\\\/#primaryimage\",\"url\":\"https:\\\/\\\/naturalpoland.com\\\/wp-content\\\/uploads\\\/citrus_aurantifolia_wax.png\",\"contentUrl\":\"https:\\\/\\\/naturalpoland.com\\\/wp-content\\\/uploads\\\/citrus_aurantifolia_wax.png\",\"width\":1024,\"height\":1024,\"caption\":\"Kalkwachs\"},{\"@type\":\"BreadcrumbList\",\"@id\":\"https:\\\/\\\/naturalpoland.com\\\/de\\\/produkte\\\/wachse\\\/wachs-kalk\\\/#breadcrumb\",\"itemListElement\":[{\"@type\":\"ListItem\",\"position\":1,\"name\":\"Startseite\",\"item\":\"https:\\\/\\\/naturalpoland.com\\\/de\\\/\"},{\"@type\":\"ListItem\",\"position\":2,\"name\":\"Produkte\",\"item\":\"https:\\\/\\\/naturalpoland.com\\\/de\\\/produkte\\\/\"},{\"@type\":\"ListItem\",\"position\":3,\"name\":\"Limonenwachs\"}]},{\"@type\":\"WebSite\",\"@id\":\"https:\\\/\\\/naturalpoland.com\\\/de\\\/#website\",\"url\":\"https:\\\/\\\/naturalpoland.com\\\/de\\\/\",\"name\":\"NATURAL POLAND - IMPORT UND HANDEL VON ROHSTOFFEN\",\"description\":\"Rohstoffe f\u00fcr die Lebensmittelindustrie, Kosmetikindustrie, Pharmaindustrie\",\"publisher\":{\"@id\":\"https:\\\/\\\/naturalpoland.com\\\/de\\\/#organization\"},\"potentialAction\":[{\"@type\":\"SearchAction\",\"target\":{\"@type\":\"EntryPoint\",\"urlTemplate\":\"https:\\\/\\\/naturalpoland.com\\\/de\\\/?s={search_term_string}\"},\"query-input\":{\"@type\":\"PropertyValueSpecification\",\"valueRequired\":true,\"valueName\":\"search_term_string\"}}],\"inLanguage\":\"de\"},{\"@type\":\"Organization\",\"@id\":\"https:\\\/\\\/naturalpoland.com\\\/de\\\/#organization\",\"name\":\"Natural Poland\",\"url\":\"https:\\\/\\\/naturalpoland.com\\\/de\\\/\",\"logo\":{\"@type\":\"ImageObject\",\"inLanguage\":\"de\",\"@id\":\"https:\\\/\\\/naturalpoland.com\\\/de\\\/#\\\/schema\\\/logo\\\/image\\\/\",\"url\":\"https:\\\/\\\/naturalpoland.com\\\/wp-content\\\/uploads\\\/2021\\\/05\\\/natural-poland-icon.png\",\"contentUrl\":\"https:\\\/\\\/naturalpoland.com\\\/wp-content\\\/uploads\\\/2021\\\/05\\\/natural-poland-icon.png\",\"width\":512,\"height\":512,\"caption\":\"Natural Poland\"},\"image\":{\"@id\":\"https:\\\/\\\/naturalpoland.com\\\/de\\\/#\\\/schema\\\/logo\\\/image\\\/\"},\"sameAs\":[\"https:\\\/\\\/www.facebook.com\\\/naturalpoland.b2b\",\"https:\\\/\\\/pl.linkedin.com\\\/company\\\/natural-poland\",\"https:\\\/\\\/www.youtube.com\\\/channel\\\/UCgeGGkvOMahZo-xu_MSEWxg\"]}]}<\/script>\n<!-- \/ Yoast SEO plugin. -->","yoast_head_json":{"title":"Limonenwachs - Gro\u00dfhandelsvertrieb","description":"Kosmetisches Kalkwachs wird aus Limettensamen hergestellt. Es ist eine wirksame, vielseitige Erg\u00e4nzung f\u00fcr eine Vielzahl von kosmetischen Formulierungen.","robots":{"index":"index","follow":"follow","max-snippet":"max-snippet:-1","max-image-preview":"max-image-preview:large","max-video-preview":"max-video-preview:-1"},"canonical":"https:\/\/naturalpoland.com\/de\/produkte\/wachse\/wachs-kalk\/","og_locale":"de_DE","og_type":"article","og_title":"Limonenwachs - Gro\u00dfhandelsvertrieb","og_description":"Kosmetisches Kalkwachs wird aus Limettensamen hergestellt. Es ist eine wirksame, vielseitige Erg\u00e4nzung f\u00fcr eine Vielzahl von kosmetischen Formulierungen.","og_url":"https:\/\/naturalpoland.com\/de\/produkte\/wachse\/wachs-kalk\/","og_site_name":"NATURAL POLAND - IMPORT UND HANDEL VON ROHSTOFFEN","article_publisher":"https:\/\/www.facebook.com\/naturalpoland.b2b","og_image":[{"width":1024,"height":1024,"url":"https:\/\/naturalpoland.com\/wp-content\/uploads\/citrus_aurantifolia_wax.png","type":"image\/png"}],"schema":{"@context":"https:\/\/schema.org","@graph":[{"@type":"WebPage","@id":"https:\/\/naturalpoland.com\/de\/produkte\/wachse\/wachs-kalk\/","url":"https:\/\/naturalpoland.com\/de\/produkte\/wachse\/wachs-kalk\/","name":"Limonenwachs - Gro\u00dfhandelsvertrieb","isPartOf":{"@id":"https:\/\/naturalpoland.com\/de\/#website"},"primaryImageOfPage":{"@id":"https:\/\/naturalpoland.com\/de\/produkte\/wachse\/wachs-kalk\/#primaryimage"},"image":{"@id":"https:\/\/naturalpoland.com\/de\/produkte\/wachse\/wachs-kalk\/#primaryimage"},"thumbnailUrl":"https:\/\/naturalpoland.com\/wp-content\/uploads\/citrus_aurantifolia_wax.png","datePublished":"2023-08-02T12:53:16+00:00","description":"Kosmetisches Kalkwachs wird aus Limettensamen hergestellt. Es ist eine wirksame, vielseitige Erg\u00e4nzung f\u00fcr eine Vielzahl von kosmetischen Formulierungen.","breadcrumb":{"@id":"https:\/\/naturalpoland.com\/de\/produkte\/wachse\/wachs-kalk\/#breadcrumb"},"inLanguage":"de","potentialAction":[{"@type":"ReadAction","target":["https:\/\/naturalpoland.com\/de\/produkte\/wachse\/wachs-kalk\/"]}]},{"@type":"ImageObject","inLanguage":"de","@id":"https:\/\/naturalpoland.com\/de\/produkte\/wachse\/wachs-kalk\/#primaryimage","url":"https:\/\/naturalpoland.com\/wp-content\/uploads\/citrus_aurantifolia_wax.png","contentUrl":"https:\/\/naturalpoland.com\/wp-content\/uploads\/citrus_aurantifolia_wax.png","width":1024,"height":1024,"caption":"Kalkwachs"},{"@type":"BreadcrumbList","@id":"https:\/\/naturalpoland.com\/de\/produkte\/wachse\/wachs-kalk\/#breadcrumb","itemListElement":[{"@type":"ListItem","position":1,"name":"Startseite","item":"https:\/\/naturalpoland.com\/de\/"},{"@type":"ListItem","position":2,"name":"Produkte","item":"https:\/\/naturalpoland.com\/de\/produkte\/"},{"@type":"ListItem","position":3,"name":"Limonenwachs"}]},{"@type":"WebSite","@id":"https:\/\/naturalpoland.com\/de\/#website","url":"https:\/\/naturalpoland.com\/de\/","name":"NATURAL POLAND - IMPORT UND HANDEL VON ROHSTOFFEN","description":"Rohstoffe f\u00fcr die Lebensmittelindustrie, Kosmetikindustrie, Pharmaindustrie","publisher":{"@id":"https:\/\/naturalpoland.com\/de\/#organization"},"potentialAction":[{"@type":"SearchAction","target":{"@type":"EntryPoint","urlTemplate":"https:\/\/naturalpoland.com\/de\/?s={search_term_string}"},"query-input":{"@type":"PropertyValueSpecification","valueRequired":true,"valueName":"search_term_string"}}],"inLanguage":"de"},{"@type":"Organization","@id":"https:\/\/naturalpoland.com\/de\/#organization","name":"Natural Poland","url":"https:\/\/naturalpoland.com\/de\/","logo":{"@type":"ImageObject","inLanguage":"de","@id":"https:\/\/naturalpoland.com\/de\/#\/schema\/logo\/image\/","url":"https:\/\/naturalpoland.com\/wp-content\/uploads\/2021\/05\/natural-poland-icon.png","contentUrl":"https:\/\/naturalpoland.com\/wp-content\/uploads\/2021\/05\/natural-poland-icon.png","width":512,"height":512,"caption":"Natural Poland"},"image":{"@id":"https:\/\/naturalpoland.com\/de\/#\/schema\/logo\/image\/"},"sameAs":["https:\/\/www.facebook.com\/naturalpoland.b2b","https:\/\/pl.linkedin.com\/company\/natural-poland","https:\/\/www.youtube.com\/channel\/UCgeGGkvOMahZo-xu_MSEWxg"]}]}},"_links":{"self":[{"href":"https:\/\/naturalpoland.com\/de\/wp-json\/wp\/v2\/product\/24622","targetHints":{"allow":["GET"]}}],"collection":[{"href":"https:\/\/naturalpoland.com\/de\/wp-json\/wp\/v2\/product"}],"about":[{"href":"https:\/\/naturalpoland.com\/de\/wp-json\/wp\/v2\/types\/product"}],"wp:featuredmedia":[{"embeddable":true,"href":"https:\/\/naturalpoland.com\/de\/wp-json\/wp\/v2\/media\/24615"}],"wp:attachment":[{"href":"https:\/\/naturalpoland.com\/de\/wp-json\/wp\/v2\/media?parent=24622"}],"wp:term":[{"taxonomy":"product_brand","embeddable":true,"href":"https:\/\/naturalpoland.com\/de\/wp-json\/wp\/v2\/product_brand?post=24622"},{"taxonomy":"product_cat","embeddable":true,"href":"https:\/\/naturalpoland.com\/de\/wp-json\/wp\/v2\/product_cat?post=24622"},{"taxonomy":"product_tag","embeddable":true,"href":"https:\/\/naturalpoland.com\/de\/wp-json\/wp\/v2\/product_tag?post=24622"}],"curies":[{"name":"wp","href":"https:\/\/api.w.org\/{rel}","templated":true}]}}