{"id":24778,"date":"2023-08-10T10:11:35","date_gmt":"2023-08-10T09:13:24","guid":{"rendered":"https:\/\/naturalpoland.com\/produkty\/unkategorisiert\/fischfutter\/"},"modified":"2023-08-10T11:13:24","modified_gmt":"2023-08-10T09:13:24","slug":"fischfutter","status":"publish","type":"product","link":"https:\/\/naturalpoland.com\/de\/produkte\/tierfutterprodukte\/fischfutter\/","title":{"rendered":"Fischfutter"},"content":{"rendered":"<p>Das <strong>Futter f\u00fcr Schildkr\u00f6ten<\/strong> wurde unter Ber\u00fccksichtigung ihrer spezifischen Stoffwechselbed\u00fcrfnisse zusammengestellt und enth\u00e4lt die richtige Menge an Vitaminen und Mineralien, die f\u00fcr ein gesundes Wachstum erforderlich sind.<\/p>\n<p>Unsere <strong>Teichfutter<\/strong>, sowohl in der Basis- als auch in der Premiumversion, wurden f\u00fcr eine Vielzahl von Arten entwickelt, von Karpfen bis hin zu empfindlicheren Zierfischen.<\/p>\n<p><strong>Granulat f\u00fcr exotische Fische und Buntbarsche<\/strong> liefert die richtigen N\u00e4hrstoffe, um diese faszinierenden Lebewesen farbenpr\u00e4chtig und gesund zu erhalten.<\/p>\n<p>&nbsp;<\/p>\n<h2><strong>Extrudate<\/strong><\/h2>\n<p>In der modernen Fischzucht sind Extrudate ein fester Bestandteil der Ern\u00e4hrung. Dabei handelt es sich um Produkte, die einem speziellen W\u00e4rmebehandlungsverfahren unterzogen wurden, das ihre Verdaulichkeit und ihren N\u00e4hrwert erh\u00f6ht.<\/p>\n<p>Unser <strong>Koi-Fischextrudat<\/strong> ist ein gesundes Futter, das nicht nur den N\u00e4hrstoffbedarf der Fische deckt, sondern auch zu ihrem gesunden Wachstum und ihrer sch\u00f6nen F\u00e4rbung beitr\u00e4gt. Mit unserem Angebot an verschiedenen Varianten &#8211; von Basic bis Premium &#8211; wollen wir auch die Anforderungen der anspruchsvollsten Landwirte erf\u00fcllen.<\/p>\n<p>&nbsp;<\/p>\n<h2><strong>  Algen<\/strong><\/h2>\n<p>In der Aquakultur werden Algen als wichtiger Bestandteil der Fischnahrung immer beliebter. Ihr N\u00e4hrwert und ihr Reichtum an Vitaminen und Mineralien machen sie nicht nur zu einem Lebensmittel, sondern auch zu einer nat\u00fcrlichen Erg\u00e4nzung, die zur Gesundheit und Vitalit\u00e4t der Fische beitr\u00e4gt.<\/p>\n<p><strong>Spirulina-Pulver<\/strong> ist eine ausgezeichnete Proteinquelle und enth\u00e4lt alle essentiellen Aminos\u00e4uren, die f\u00fcr ein gesundes Wachstum der Fische wichtig sind. Seine intensive Farbe tr\u00e4gt auch dazu bei, die Farbe der Fische zu bereichern und sie optisch ansprechender zu machen.<\/p>\n<p><strong>Ascophyllum-Mehl<\/strong> hingegen liefert Mineralien wie Jod, das f\u00fcr das reibungslose Funktionieren der Schilddr\u00fcse der Fische unerl\u00e4sslich ist.<\/p>\n<p>Dar\u00fcber hinaus wirken Algen als nat\u00fcrliche Probiotika, die die gesunde Mikroflora des Verdauungstrakts der Fische unterst\u00fctzen. Die Aufnahme von Algen in das Futter eines Fisches ist eine Investition in seine Gesundheit, Vitalit\u00e4t und verbesserte Aufzucht.<\/p>\n<p>&nbsp;<\/p>\n<h2><strong>Fischflocken<\/strong><\/h2>\n<p>Flocken sind eine der traditionellsten und g\u00e4ngigsten Fischfutterl\u00f6sungen. Ihre Vielfalt und ihr N\u00e4hrstoffreichtum machen sie zu einer hervorragenden Wahl f\u00fcr Z\u00fcchter und Aquarianer.<\/p>\n<p><strong>Tropical Fish Flakes<\/strong> und seine Premium-Version sind so konzipiert, dass sie alle f\u00fcr ein gesundes Fischwachstum erforderlichen N\u00e4hrstoffe liefern.<\/p>\n<p>Die Sorten <strong>Malawi Flake<\/strong> und <strong>Tanganyika Flake<\/strong> wurden f\u00fcr Fische aus diesen afrikanischen Regionen unter Ber\u00fccksichtigung ihrer besonderen Ern\u00e4hrungsbed\u00fcrfnisse entwickelt.<\/p>\n<p><strong>Kr\u00e4uterflocken<\/strong> mit <strong>Spirulina<\/strong> oder <strong>Artemia<\/strong> versorgen die Fische mit zus\u00e4tzlichen Vitaminen und Mineralien, um ihre Verdauung, ihr Wachstum und ihre allgemeine Kondition zu unterst\u00fctzen.<\/p>\n<p>Tintenfisch, <strong>Krill<\/strong> oder <strong>Goldfischflocken<\/strong> sind schmackhafte Leckerbissen, die die Ern\u00e4hrung der Fische bereichern und sie mit den Proteinen und Fetten versorgen, die sie zum Gedeihen brauchen.<\/p>\n<p>Pond <strong>Flakes<\/strong> sind ideal f\u00fcr Fische, die in Teichen und Weihern leben, und versorgen sie mit einer umfassenden Ern\u00e4hrung f\u00fcr jeden Tag.<\/p>\n<p>&nbsp;<\/p>\n<h2><strong>Fischtabletten<\/strong><\/h2>\n<p>Tabletten sind ein extrem konzentriertes Futter, das den Fischen eine reiche Dosis an N\u00e4hrstoffen in kompakter Form liefert.<\/p>\n<p>Die <strong>roten<\/strong> und <strong>gr\u00fcnen<\/strong> <strong>Basistabletten<\/strong> bieten das richtige Gleichgewicht an N\u00e4hrstoffen, die f\u00fcr die Gesundheit der Fische wichtig sind.<\/p>\n<p><strong>FD-Tabletten<\/strong> sind eine ausgezeichnete Proteinquelle und ideal f\u00fcr Raubfische.<\/p>\n<p><strong>Spirulina-Tabletten<\/strong> sind nicht nur eine reichhaltige Proteinquelle, sondern auch eine nat\u00fcrliche Quelle von Vitaminen, Mineralien und Antioxidantien, die die Gesundheit der Fische unterst\u00fctzen und zur Erhaltung einer sch\u00f6nen Farbe beitragen.<\/p>\n<p><strong>Die Premium-Tropenfisch-Tabletten<\/strong> hingegen sind die L\u00f6sung f\u00fcr die anspruchsvollsten Z\u00fcchter, die ihren Fischen die bestm\u00f6gliche Ern\u00e4hrung bieten wollen.<\/p>\n<p>Alle Tabletten sind auf die spezifischen Bed\u00fcrfnisse der verschiedenen Fischarten abgestimmt, so dass jeder Fischz\u00fcchter etwas Passendes f\u00fcr seinen Betrieb finden wird.<\/p>\n<p>&nbsp;<\/p>\n","protected":false},"excerpt":{"rendered":"<p>In der heutigen Aquakultur entscheidet die Qualit\u00e4t des Fischfutters \u00fcber die Gesundheit, Vitalit\u00e4t und Effizienz des Betriebs. Das richtige Futter versorgt die Fische mit einer gesunden Ern\u00e4hrung, die ihr Wachstum, ihre Farbe und ihre allgemeine Kondition f\u00f6rdert.<\/p>\n","protected":false},"featured_media":31319,"template":"","meta":{"_acf_changed":false},"product_brand":[],"product_cat":[2511],"product_tag":[],"class_list":{"0":"post-24778","1":"product","2":"type-product","3":"status-publish","4":"has-post-thumbnail","6":"product_cat-tierfutterprodukte","8":"first","9":"instock","10":"shipping-taxable","11":"product-type-simple"},"acf":[],"yoast_head":"<!-- This site is optimized with the Yoast SEO plugin v27.4 - https:\/\/yoast.com\/product\/yoast-seo-wordpress\/ -->\n<title>Fischfutter - Gro\u00dfhandelsvertrieb<\/title>\n<meta name=\"description\" content=\"Das richtige Fischfutter versorgt die Fische mit einer gesunden Ern\u00e4hrung, die ihr Wachstum, ihre Farbe und ihre allgemeine Kondition f\u00f6rdert. Sehen Sie sich unser Gro\u00dfhandelsangebot an.\" \/>\n<meta name=\"robots\" content=\"index, follow, max-snippet:-1, max-image-preview:large, max-video-preview:-1\" \/>\n<link rel=\"canonical\" href=\"https:\/\/naturalpoland.com\/de\/produkte\/tierfutterprodukte\/fischfutter\/\" \/>\n<meta property=\"og:locale\" content=\"de_DE\" \/>\n<meta property=\"og:type\" content=\"article\" \/>\n<meta property=\"og:title\" content=\"Fischfutter - Gro\u00dfhandelsvertrieb\" \/>\n<meta property=\"og:description\" content=\"Das richtige Fischfutter versorgt die Fische mit einer gesunden Ern\u00e4hrung, die ihr Wachstum, ihre Farbe und ihre allgemeine Kondition f\u00f6rdert. Sehen Sie sich unser Gro\u00dfhandelsangebot an.\" \/>\n<meta property=\"og:url\" content=\"https:\/\/naturalpoland.com\/de\/produkte\/tierfutterprodukte\/fischfutter\/\" \/>\n<meta property=\"og:site_name\" content=\"NATURAL POLAND - IMPORT UND HANDEL VON ROHSTOFFEN\" \/>\n<meta property=\"article:publisher\" content=\"https:\/\/www.facebook.com\/naturalpoland.b2b\" \/>\n<meta property=\"og:image\" content=\"https:\/\/naturalpoland.com\/wp-content\/uploads\/fish-food.jpg\" \/>\n\t<meta property=\"og:image:width\" content=\"500\" \/>\n\t<meta property=\"og:image:height\" content=\"500\" \/>\n\t<meta property=\"og:image:type\" content=\"image\/jpeg\" \/>\n<script type=\"application\/ld+json\" class=\"yoast-schema-graph\">{\"@context\":\"https:\\\/\\\/schema.org\",\"@graph\":[{\"@type\":\"WebPage\",\"@id\":\"https:\\\/\\\/naturalpoland.com\\\/de\\\/produkte\\\/tierfutterprodukte\\\/fischfutter\\\/\",\"url\":\"https:\\\/\\\/naturalpoland.com\\\/de\\\/produkte\\\/tierfutterprodukte\\\/fischfutter\\\/\",\"name\":\"Fischfutter - Gro\u00dfhandelsvertrieb\",\"isPartOf\":{\"@id\":\"https:\\\/\\\/naturalpoland.com\\\/de\\\/#website\"},\"primaryImageOfPage\":{\"@id\":\"https:\\\/\\\/naturalpoland.com\\\/de\\\/produkte\\\/tierfutterprodukte\\\/fischfutter\\\/#primaryimage\"},\"image\":{\"@id\":\"https:\\\/\\\/naturalpoland.com\\\/de\\\/produkte\\\/tierfutterprodukte\\\/fischfutter\\\/#primaryimage\"},\"thumbnailUrl\":\"https:\\\/\\\/naturalpoland.com\\\/wp-content\\\/uploads\\\/fish-food.jpg\",\"datePublished\":\"2023-08-10T09:13:24+00:00\",\"description\":\"Das richtige Fischfutter versorgt die Fische mit einer gesunden Ern\u00e4hrung, die ihr Wachstum, ihre Farbe und ihre allgemeine Kondition f\u00f6rdert. Sehen Sie sich unser Gro\u00dfhandelsangebot an.\",\"breadcrumb\":{\"@id\":\"https:\\\/\\\/naturalpoland.com\\\/de\\\/produkte\\\/tierfutterprodukte\\\/fischfutter\\\/#breadcrumb\"},\"inLanguage\":\"de\",\"potentialAction\":[{\"@type\":\"ReadAction\",\"target\":[\"https:\\\/\\\/naturalpoland.com\\\/de\\\/produkte\\\/tierfutterprodukte\\\/fischfutter\\\/\"]}]},{\"@type\":\"ImageObject\",\"inLanguage\":\"de\",\"@id\":\"https:\\\/\\\/naturalpoland.com\\\/de\\\/produkte\\\/tierfutterprodukte\\\/fischfutter\\\/#primaryimage\",\"url\":\"https:\\\/\\\/naturalpoland.com\\\/wp-content\\\/uploads\\\/fish-food.jpg\",\"contentUrl\":\"https:\\\/\\\/naturalpoland.com\\\/wp-content\\\/uploads\\\/fish-food.jpg\",\"width\":500,\"height\":500,\"caption\":\"fish food\"},{\"@type\":\"BreadcrumbList\",\"@id\":\"https:\\\/\\\/naturalpoland.com\\\/de\\\/produkte\\\/tierfutterprodukte\\\/fischfutter\\\/#breadcrumb\",\"itemListElement\":[{\"@type\":\"ListItem\",\"position\":1,\"name\":\"Startseite\",\"item\":\"https:\\\/\\\/naturalpoland.com\\\/de\\\/\"},{\"@type\":\"ListItem\",\"position\":2,\"name\":\"Produkte\",\"item\":\"https:\\\/\\\/naturalpoland.com\\\/de\\\/produkte\\\/\"},{\"@type\":\"ListItem\",\"position\":3,\"name\":\"Fischfutter\"}]},{\"@type\":\"WebSite\",\"@id\":\"https:\\\/\\\/naturalpoland.com\\\/de\\\/#website\",\"url\":\"https:\\\/\\\/naturalpoland.com\\\/de\\\/\",\"name\":\"NATURAL POLAND - IMPORT UND HANDEL VON ROHSTOFFEN\",\"description\":\"Rohstoffe f\u00fcr die Lebensmittelindustrie, Kosmetikindustrie, Pharmaindustrie\",\"publisher\":{\"@id\":\"https:\\\/\\\/naturalpoland.com\\\/de\\\/#organization\"},\"potentialAction\":[{\"@type\":\"SearchAction\",\"target\":{\"@type\":\"EntryPoint\",\"urlTemplate\":\"https:\\\/\\\/naturalpoland.com\\\/de\\\/?s={search_term_string}\"},\"query-input\":{\"@type\":\"PropertyValueSpecification\",\"valueRequired\":true,\"valueName\":\"search_term_string\"}}],\"inLanguage\":\"de\"},{\"@type\":\"Organization\",\"@id\":\"https:\\\/\\\/naturalpoland.com\\\/de\\\/#organization\",\"name\":\"Natural Poland\",\"url\":\"https:\\\/\\\/naturalpoland.com\\\/de\\\/\",\"logo\":{\"@type\":\"ImageObject\",\"inLanguage\":\"de\",\"@id\":\"https:\\\/\\\/naturalpoland.com\\\/de\\\/#\\\/schema\\\/logo\\\/image\\\/\",\"url\":\"https:\\\/\\\/naturalpoland.com\\\/wp-content\\\/uploads\\\/2021\\\/05\\\/natural-poland-icon.png\",\"contentUrl\":\"https:\\\/\\\/naturalpoland.com\\\/wp-content\\\/uploads\\\/2021\\\/05\\\/natural-poland-icon.png\",\"width\":512,\"height\":512,\"caption\":\"Natural Poland\"},\"image\":{\"@id\":\"https:\\\/\\\/naturalpoland.com\\\/de\\\/#\\\/schema\\\/logo\\\/image\\\/\"},\"sameAs\":[\"https:\\\/\\\/www.facebook.com\\\/naturalpoland.b2b\",\"https:\\\/\\\/pl.linkedin.com\\\/company\\\/natural-poland\",\"https:\\\/\\\/www.youtube.com\\\/channel\\\/UCgeGGkvOMahZo-xu_MSEWxg\"]}]}<\/script>\n<!-- \/ Yoast SEO plugin. -->","yoast_head_json":{"title":"Fischfutter - Gro\u00dfhandelsvertrieb","description":"Das richtige Fischfutter versorgt die Fische mit einer gesunden Ern\u00e4hrung, die ihr Wachstum, ihre Farbe und ihre allgemeine Kondition f\u00f6rdert. Sehen Sie sich unser Gro\u00dfhandelsangebot an.","robots":{"index":"index","follow":"follow","max-snippet":"max-snippet:-1","max-image-preview":"max-image-preview:large","max-video-preview":"max-video-preview:-1"},"canonical":"https:\/\/naturalpoland.com\/de\/produkte\/tierfutterprodukte\/fischfutter\/","og_locale":"de_DE","og_type":"article","og_title":"Fischfutter - Gro\u00dfhandelsvertrieb","og_description":"Das richtige Fischfutter versorgt die Fische mit einer gesunden Ern\u00e4hrung, die ihr Wachstum, ihre Farbe und ihre allgemeine Kondition f\u00f6rdert. Sehen Sie sich unser Gro\u00dfhandelsangebot an.","og_url":"https:\/\/naturalpoland.com\/de\/produkte\/tierfutterprodukte\/fischfutter\/","og_site_name":"NATURAL POLAND - IMPORT UND HANDEL VON ROHSTOFFEN","article_publisher":"https:\/\/www.facebook.com\/naturalpoland.b2b","og_image":[{"width":500,"height":500,"url":"https:\/\/naturalpoland.com\/wp-content\/uploads\/fish-food.jpg","type":"image\/jpeg"}],"schema":{"@context":"https:\/\/schema.org","@graph":[{"@type":"WebPage","@id":"https:\/\/naturalpoland.com\/de\/produkte\/tierfutterprodukte\/fischfutter\/","url":"https:\/\/naturalpoland.com\/de\/produkte\/tierfutterprodukte\/fischfutter\/","name":"Fischfutter - Gro\u00dfhandelsvertrieb","isPartOf":{"@id":"https:\/\/naturalpoland.com\/de\/#website"},"primaryImageOfPage":{"@id":"https:\/\/naturalpoland.com\/de\/produkte\/tierfutterprodukte\/fischfutter\/#primaryimage"},"image":{"@id":"https:\/\/naturalpoland.com\/de\/produkte\/tierfutterprodukte\/fischfutter\/#primaryimage"},"thumbnailUrl":"https:\/\/naturalpoland.com\/wp-content\/uploads\/fish-food.jpg","datePublished":"2023-08-10T09:13:24+00:00","description":"Das richtige Fischfutter versorgt die Fische mit einer gesunden Ern\u00e4hrung, die ihr Wachstum, ihre Farbe und ihre allgemeine Kondition f\u00f6rdert. Sehen Sie sich unser Gro\u00dfhandelsangebot an.","breadcrumb":{"@id":"https:\/\/naturalpoland.com\/de\/produkte\/tierfutterprodukte\/fischfutter\/#breadcrumb"},"inLanguage":"de","potentialAction":[{"@type":"ReadAction","target":["https:\/\/naturalpoland.com\/de\/produkte\/tierfutterprodukte\/fischfutter\/"]}]},{"@type":"ImageObject","inLanguage":"de","@id":"https:\/\/naturalpoland.com\/de\/produkte\/tierfutterprodukte\/fischfutter\/#primaryimage","url":"https:\/\/naturalpoland.com\/wp-content\/uploads\/fish-food.jpg","contentUrl":"https:\/\/naturalpoland.com\/wp-content\/uploads\/fish-food.jpg","width":500,"height":500,"caption":"fish food"},{"@type":"BreadcrumbList","@id":"https:\/\/naturalpoland.com\/de\/produkte\/tierfutterprodukte\/fischfutter\/#breadcrumb","itemListElement":[{"@type":"ListItem","position":1,"name":"Startseite","item":"https:\/\/naturalpoland.com\/de\/"},{"@type":"ListItem","position":2,"name":"Produkte","item":"https:\/\/naturalpoland.com\/de\/produkte\/"},{"@type":"ListItem","position":3,"name":"Fischfutter"}]},{"@type":"WebSite","@id":"https:\/\/naturalpoland.com\/de\/#website","url":"https:\/\/naturalpoland.com\/de\/","name":"NATURAL POLAND - IMPORT UND HANDEL VON ROHSTOFFEN","description":"Rohstoffe f\u00fcr die Lebensmittelindustrie, Kosmetikindustrie, Pharmaindustrie","publisher":{"@id":"https:\/\/naturalpoland.com\/de\/#organization"},"potentialAction":[{"@type":"SearchAction","target":{"@type":"EntryPoint","urlTemplate":"https:\/\/naturalpoland.com\/de\/?s={search_term_string}"},"query-input":{"@type":"PropertyValueSpecification","valueRequired":true,"valueName":"search_term_string"}}],"inLanguage":"de"},{"@type":"Organization","@id":"https:\/\/naturalpoland.com\/de\/#organization","name":"Natural Poland","url":"https:\/\/naturalpoland.com\/de\/","logo":{"@type":"ImageObject","inLanguage":"de","@id":"https:\/\/naturalpoland.com\/de\/#\/schema\/logo\/image\/","url":"https:\/\/naturalpoland.com\/wp-content\/uploads\/2021\/05\/natural-poland-icon.png","contentUrl":"https:\/\/naturalpoland.com\/wp-content\/uploads\/2021\/05\/natural-poland-icon.png","width":512,"height":512,"caption":"Natural Poland"},"image":{"@id":"https:\/\/naturalpoland.com\/de\/#\/schema\/logo\/image\/"},"sameAs":["https:\/\/www.facebook.com\/naturalpoland.b2b","https:\/\/pl.linkedin.com\/company\/natural-poland","https:\/\/www.youtube.com\/channel\/UCgeGGkvOMahZo-xu_MSEWxg"]}]}},"_links":{"self":[{"href":"https:\/\/naturalpoland.com\/de\/wp-json\/wp\/v2\/product\/24778","targetHints":{"allow":["GET"]}}],"collection":[{"href":"https:\/\/naturalpoland.com\/de\/wp-json\/wp\/v2\/product"}],"about":[{"href":"https:\/\/naturalpoland.com\/de\/wp-json\/wp\/v2\/types\/product"}],"wp:featuredmedia":[{"embeddable":true,"href":"https:\/\/naturalpoland.com\/de\/wp-json\/wp\/v2\/media\/31319"}],"wp:attachment":[{"href":"https:\/\/naturalpoland.com\/de\/wp-json\/wp\/v2\/media?parent=24778"}],"wp:term":[{"taxonomy":"product_brand","embeddable":true,"href":"https:\/\/naturalpoland.com\/de\/wp-json\/wp\/v2\/product_brand?post=24778"},{"taxonomy":"product_cat","embeddable":true,"href":"https:\/\/naturalpoland.com\/de\/wp-json\/wp\/v2\/product_cat?post=24778"},{"taxonomy":"product_tag","embeddable":true,"href":"https:\/\/naturalpoland.com\/de\/wp-json\/wp\/v2\/product_tag?post=24778"}],"curies":[{"name":"wp","href":"https:\/\/api.w.org\/{rel}","templated":true}]}}