{"id":24801,"date":"2023-08-08T12:01:43","date_gmt":"2023-08-10T09:14:54","guid":{"rendered":"https:\/\/naturalpoland.com\/produkty\/unkategorisiert\/fisch\/"},"modified":"2023-08-10T11:14:54","modified_gmt":"2023-08-10T09:14:54","slug":"fisch","status":"publish","type":"product","link":"https:\/\/naturalpoland.com\/de\/produkte\/tierfutterprodukte\/fisch\/","title":{"rendered":"Fisch"},"content":{"rendered":"<p><strong>Jungfische<\/strong> von 1 bis 3 cm L\u00e4nge und etwas gr\u00f6\u00dfere Fische von 4 bis 7 cm L\u00e4nge sind eine ideale Proteinquelle f\u00fcr kleine Raubtiere, fischfressende V\u00f6gel oder Reptilien.<\/p>\n<p>Die 4-7 cm langen <strong>Sprotten<\/strong> sind nicht nur f\u00fcr Katzen ein echter Leckerbissen. Sie sind ein beliebtes Futter in der Zucht vieler Tierarten und versorgen diese mit wichtigen N\u00e4hrstoffen.<\/p>\n<p><strong>Tubifex<\/strong> (FD) ist ein proteinreicher aquatischer Ringelwurm, der eine hervorragende Erg\u00e4nzung f\u00fcr die Ern\u00e4hrung vieler Aquarienfischarten darstellt. <strong>Mageres Fischmehl mit niedrigem Aschegehalt<\/strong> und <strong>CPSP 90<\/strong> sind qualitativ hochwertige Produkte, die erfolgreich als Zutaten f\u00fcr Heimtierfutter verwendet werden k\u00f6nnen und eine vollst\u00e4ndige Proteinquelle darstellen.<\/p>\n","protected":false},"excerpt":{"rendered":"<p><strong>Als tierische Nahrungserg\u00e4nzung<\/strong> ist <strong>Fisch<\/strong> reich an Proteinen, Omega-3-Fetts\u00e4uren und vielen anderen wichtigen N\u00e4hrstoffen, was ihn zu einem vollst\u00e4ndigen und abwechslungsreichen Nahrungsmittel macht.<\/p>\n","protected":false},"featured_media":24695,"template":"","meta":{"_acf_changed":false},"product_brand":[],"product_cat":[2511],"product_tag":[],"class_list":{"0":"post-24801","1":"product","2":"type-product","3":"status-publish","4":"has-post-thumbnail","6":"product_cat-tierfutterprodukte","8":"first","9":"instock","10":"shipping-taxable","11":"product-type-simple"},"acf":[],"yoast_head":"<!-- This site is optimized with the Yoast SEO plugin v27.4 - https:\/\/yoast.com\/product\/yoast-seo-wordpress\/ -->\n<title>Fisch - Gro\u00dfhandelsvertrieb<\/title>\n<meta name=\"description\" content=\"Fisch f\u00fcr Heimtierfutter ist reich an Proteinen, Omega-3-Fetts\u00e4uren und vielen anderen wichtigen N\u00e4hrstoffen, die ihn zu einem vollwertigen Futter machen.\" \/>\n<meta name=\"robots\" content=\"index, follow, max-snippet:-1, max-image-preview:large, max-video-preview:-1\" \/>\n<link rel=\"canonical\" href=\"https:\/\/naturalpoland.com\/de\/produkte\/tierfutterprodukte\/fisch\/\" \/>\n<meta property=\"og:locale\" content=\"de_DE\" \/>\n<meta property=\"og:type\" content=\"article\" \/>\n<meta property=\"og:title\" content=\"Fisch - Gro\u00dfhandelsvertrieb\" \/>\n<meta property=\"og:description\" content=\"Fisch f\u00fcr Heimtierfutter ist reich an Proteinen, Omega-3-Fetts\u00e4uren und vielen anderen wichtigen N\u00e4hrstoffen, die ihn zu einem vollwertigen Futter machen.\" \/>\n<meta property=\"og:url\" content=\"https:\/\/naturalpoland.com\/de\/produkte\/tierfutterprodukte\/fisch\/\" \/>\n<meta property=\"og:site_name\" content=\"NATURAL POLAND - IMPORT UND HANDEL VON ROHSTOFFEN\" \/>\n<meta property=\"article:publisher\" content=\"https:\/\/www.facebook.com\/naturalpoland.b2b\" \/>\n<meta property=\"og:image\" content=\"https:\/\/naturalpoland.com\/wp-content\/uploads\/ryby-do-karm-dla-zwierzat.png\" \/>\n\t<meta property=\"og:image:width\" content=\"575\" \/>\n\t<meta property=\"og:image:height\" content=\"575\" \/>\n\t<meta property=\"og:image:type\" content=\"image\/png\" \/>\n<script type=\"application\/ld+json\" class=\"yoast-schema-graph\">{\"@context\":\"https:\\\/\\\/schema.org\",\"@graph\":[{\"@type\":\"WebPage\",\"@id\":\"https:\\\/\\\/naturalpoland.com\\\/de\\\/produkte\\\/tierfutterprodukte\\\/fisch\\\/\",\"url\":\"https:\\\/\\\/naturalpoland.com\\\/de\\\/produkte\\\/tierfutterprodukte\\\/fisch\\\/\",\"name\":\"Fisch - Gro\u00dfhandelsvertrieb\",\"isPartOf\":{\"@id\":\"https:\\\/\\\/naturalpoland.com\\\/de\\\/#website\"},\"primaryImageOfPage\":{\"@id\":\"https:\\\/\\\/naturalpoland.com\\\/de\\\/produkte\\\/tierfutterprodukte\\\/fisch\\\/#primaryimage\"},\"image\":{\"@id\":\"https:\\\/\\\/naturalpoland.com\\\/de\\\/produkte\\\/tierfutterprodukte\\\/fisch\\\/#primaryimage\"},\"thumbnailUrl\":\"https:\\\/\\\/naturalpoland.com\\\/wp-content\\\/uploads\\\/ryby-do-karm-dla-zwierzat.png\",\"datePublished\":\"2023-08-10T09:14:54+00:00\",\"description\":\"Fisch f\u00fcr Heimtierfutter ist reich an Proteinen, Omega-3-Fetts\u00e4uren und vielen anderen wichtigen N\u00e4hrstoffen, die ihn zu einem vollwertigen Futter machen.\",\"breadcrumb\":{\"@id\":\"https:\\\/\\\/naturalpoland.com\\\/de\\\/produkte\\\/tierfutterprodukte\\\/fisch\\\/#breadcrumb\"},\"inLanguage\":\"de\",\"potentialAction\":[{\"@type\":\"ReadAction\",\"target\":[\"https:\\\/\\\/naturalpoland.com\\\/de\\\/produkte\\\/tierfutterprodukte\\\/fisch\\\/\"]}]},{\"@type\":\"ImageObject\",\"inLanguage\":\"de\",\"@id\":\"https:\\\/\\\/naturalpoland.com\\\/de\\\/produkte\\\/tierfutterprodukte\\\/fisch\\\/#primaryimage\",\"url\":\"https:\\\/\\\/naturalpoland.com\\\/wp-content\\\/uploads\\\/ryby-do-karm-dla-zwierzat.png\",\"contentUrl\":\"https:\\\/\\\/naturalpoland.com\\\/wp-content\\\/uploads\\\/ryby-do-karm-dla-zwierzat.png\",\"width\":575,\"height\":575,\"caption\":\"Fisch f\u00fcr Tierfutter\"},{\"@type\":\"BreadcrumbList\",\"@id\":\"https:\\\/\\\/naturalpoland.com\\\/de\\\/produkte\\\/tierfutterprodukte\\\/fisch\\\/#breadcrumb\",\"itemListElement\":[{\"@type\":\"ListItem\",\"position\":1,\"name\":\"Startseite\",\"item\":\"https:\\\/\\\/naturalpoland.com\\\/de\\\/\"},{\"@type\":\"ListItem\",\"position\":2,\"name\":\"Produkte\",\"item\":\"https:\\\/\\\/naturalpoland.com\\\/de\\\/produkte\\\/\"},{\"@type\":\"ListItem\",\"position\":3,\"name\":\"Fisch\"}]},{\"@type\":\"WebSite\",\"@id\":\"https:\\\/\\\/naturalpoland.com\\\/de\\\/#website\",\"url\":\"https:\\\/\\\/naturalpoland.com\\\/de\\\/\",\"name\":\"NATURAL POLAND - IMPORT UND HANDEL VON ROHSTOFFEN\",\"description\":\"Rohstoffe f\u00fcr die Lebensmittelindustrie, Kosmetikindustrie, Pharmaindustrie\",\"publisher\":{\"@id\":\"https:\\\/\\\/naturalpoland.com\\\/de\\\/#organization\"},\"potentialAction\":[{\"@type\":\"SearchAction\",\"target\":{\"@type\":\"EntryPoint\",\"urlTemplate\":\"https:\\\/\\\/naturalpoland.com\\\/de\\\/?s={search_term_string}\"},\"query-input\":{\"@type\":\"PropertyValueSpecification\",\"valueRequired\":true,\"valueName\":\"search_term_string\"}}],\"inLanguage\":\"de\"},{\"@type\":\"Organization\",\"@id\":\"https:\\\/\\\/naturalpoland.com\\\/de\\\/#organization\",\"name\":\"Natural Poland\",\"url\":\"https:\\\/\\\/naturalpoland.com\\\/de\\\/\",\"logo\":{\"@type\":\"ImageObject\",\"inLanguage\":\"de\",\"@id\":\"https:\\\/\\\/naturalpoland.com\\\/de\\\/#\\\/schema\\\/logo\\\/image\\\/\",\"url\":\"https:\\\/\\\/naturalpoland.com\\\/wp-content\\\/uploads\\\/2021\\\/05\\\/natural-poland-icon.png\",\"contentUrl\":\"https:\\\/\\\/naturalpoland.com\\\/wp-content\\\/uploads\\\/2021\\\/05\\\/natural-poland-icon.png\",\"width\":512,\"height\":512,\"caption\":\"Natural Poland\"},\"image\":{\"@id\":\"https:\\\/\\\/naturalpoland.com\\\/de\\\/#\\\/schema\\\/logo\\\/image\\\/\"},\"sameAs\":[\"https:\\\/\\\/www.facebook.com\\\/naturalpoland.b2b\",\"https:\\\/\\\/pl.linkedin.com\\\/company\\\/natural-poland\",\"https:\\\/\\\/www.youtube.com\\\/channel\\\/UCgeGGkvOMahZo-xu_MSEWxg\"]}]}<\/script>\n<!-- \/ Yoast SEO plugin. -->","yoast_head_json":{"title":"Fisch - Gro\u00dfhandelsvertrieb","description":"Fisch f\u00fcr Heimtierfutter ist reich an Proteinen, Omega-3-Fetts\u00e4uren und vielen anderen wichtigen N\u00e4hrstoffen, die ihn zu einem vollwertigen Futter machen.","robots":{"index":"index","follow":"follow","max-snippet":"max-snippet:-1","max-image-preview":"max-image-preview:large","max-video-preview":"max-video-preview:-1"},"canonical":"https:\/\/naturalpoland.com\/de\/produkte\/tierfutterprodukte\/fisch\/","og_locale":"de_DE","og_type":"article","og_title":"Fisch - Gro\u00dfhandelsvertrieb","og_description":"Fisch f\u00fcr Heimtierfutter ist reich an Proteinen, Omega-3-Fetts\u00e4uren und vielen anderen wichtigen N\u00e4hrstoffen, die ihn zu einem vollwertigen Futter machen.","og_url":"https:\/\/naturalpoland.com\/de\/produkte\/tierfutterprodukte\/fisch\/","og_site_name":"NATURAL POLAND - IMPORT UND HANDEL VON ROHSTOFFEN","article_publisher":"https:\/\/www.facebook.com\/naturalpoland.b2b","og_image":[{"width":575,"height":575,"url":"https:\/\/naturalpoland.com\/wp-content\/uploads\/ryby-do-karm-dla-zwierzat.png","type":"image\/png"}],"schema":{"@context":"https:\/\/schema.org","@graph":[{"@type":"WebPage","@id":"https:\/\/naturalpoland.com\/de\/produkte\/tierfutterprodukte\/fisch\/","url":"https:\/\/naturalpoland.com\/de\/produkte\/tierfutterprodukte\/fisch\/","name":"Fisch - Gro\u00dfhandelsvertrieb","isPartOf":{"@id":"https:\/\/naturalpoland.com\/de\/#website"},"primaryImageOfPage":{"@id":"https:\/\/naturalpoland.com\/de\/produkte\/tierfutterprodukte\/fisch\/#primaryimage"},"image":{"@id":"https:\/\/naturalpoland.com\/de\/produkte\/tierfutterprodukte\/fisch\/#primaryimage"},"thumbnailUrl":"https:\/\/naturalpoland.com\/wp-content\/uploads\/ryby-do-karm-dla-zwierzat.png","datePublished":"2023-08-10T09:14:54+00:00","description":"Fisch f\u00fcr Heimtierfutter ist reich an Proteinen, Omega-3-Fetts\u00e4uren und vielen anderen wichtigen N\u00e4hrstoffen, die ihn zu einem vollwertigen Futter machen.","breadcrumb":{"@id":"https:\/\/naturalpoland.com\/de\/produkte\/tierfutterprodukte\/fisch\/#breadcrumb"},"inLanguage":"de","potentialAction":[{"@type":"ReadAction","target":["https:\/\/naturalpoland.com\/de\/produkte\/tierfutterprodukte\/fisch\/"]}]},{"@type":"ImageObject","inLanguage":"de","@id":"https:\/\/naturalpoland.com\/de\/produkte\/tierfutterprodukte\/fisch\/#primaryimage","url":"https:\/\/naturalpoland.com\/wp-content\/uploads\/ryby-do-karm-dla-zwierzat.png","contentUrl":"https:\/\/naturalpoland.com\/wp-content\/uploads\/ryby-do-karm-dla-zwierzat.png","width":575,"height":575,"caption":"Fisch f\u00fcr Tierfutter"},{"@type":"BreadcrumbList","@id":"https:\/\/naturalpoland.com\/de\/produkte\/tierfutterprodukte\/fisch\/#breadcrumb","itemListElement":[{"@type":"ListItem","position":1,"name":"Startseite","item":"https:\/\/naturalpoland.com\/de\/"},{"@type":"ListItem","position":2,"name":"Produkte","item":"https:\/\/naturalpoland.com\/de\/produkte\/"},{"@type":"ListItem","position":3,"name":"Fisch"}]},{"@type":"WebSite","@id":"https:\/\/naturalpoland.com\/de\/#website","url":"https:\/\/naturalpoland.com\/de\/","name":"NATURAL POLAND - IMPORT UND HANDEL VON ROHSTOFFEN","description":"Rohstoffe f\u00fcr die Lebensmittelindustrie, Kosmetikindustrie, Pharmaindustrie","publisher":{"@id":"https:\/\/naturalpoland.com\/de\/#organization"},"potentialAction":[{"@type":"SearchAction","target":{"@type":"EntryPoint","urlTemplate":"https:\/\/naturalpoland.com\/de\/?s={search_term_string}"},"query-input":{"@type":"PropertyValueSpecification","valueRequired":true,"valueName":"search_term_string"}}],"inLanguage":"de"},{"@type":"Organization","@id":"https:\/\/naturalpoland.com\/de\/#organization","name":"Natural Poland","url":"https:\/\/naturalpoland.com\/de\/","logo":{"@type":"ImageObject","inLanguage":"de","@id":"https:\/\/naturalpoland.com\/de\/#\/schema\/logo\/image\/","url":"https:\/\/naturalpoland.com\/wp-content\/uploads\/2021\/05\/natural-poland-icon.png","contentUrl":"https:\/\/naturalpoland.com\/wp-content\/uploads\/2021\/05\/natural-poland-icon.png","width":512,"height":512,"caption":"Natural Poland"},"image":{"@id":"https:\/\/naturalpoland.com\/de\/#\/schema\/logo\/image\/"},"sameAs":["https:\/\/www.facebook.com\/naturalpoland.b2b","https:\/\/pl.linkedin.com\/company\/natural-poland","https:\/\/www.youtube.com\/channel\/UCgeGGkvOMahZo-xu_MSEWxg"]}]}},"_links":{"self":[{"href":"https:\/\/naturalpoland.com\/de\/wp-json\/wp\/v2\/product\/24801","targetHints":{"allow":["GET"]}}],"collection":[{"href":"https:\/\/naturalpoland.com\/de\/wp-json\/wp\/v2\/product"}],"about":[{"href":"https:\/\/naturalpoland.com\/de\/wp-json\/wp\/v2\/types\/product"}],"wp:featuredmedia":[{"embeddable":true,"href":"https:\/\/naturalpoland.com\/de\/wp-json\/wp\/v2\/media\/24695"}],"wp:attachment":[{"href":"https:\/\/naturalpoland.com\/de\/wp-json\/wp\/v2\/media?parent=24801"}],"wp:term":[{"taxonomy":"product_brand","embeddable":true,"href":"https:\/\/naturalpoland.com\/de\/wp-json\/wp\/v2\/product_brand?post=24801"},{"taxonomy":"product_cat","embeddable":true,"href":"https:\/\/naturalpoland.com\/de\/wp-json\/wp\/v2\/product_cat?post=24801"},{"taxonomy":"product_tag","embeddable":true,"href":"https:\/\/naturalpoland.com\/de\/wp-json\/wp\/v2\/product_tag?post=24801"}],"curies":[{"name":"wp","href":"https:\/\/api.w.org\/{rel}","templated":true}]}}