{"id":24855,"date":"2023-07-31T16:18:27","date_gmt":"2023-08-10T10:36:02","guid":{"rendered":"https:\/\/naturalpoland.com\/produkty\/unkategorisiert\/reduziertes-l-glutathion\/"},"modified":"2023-08-10T12:36:02","modified_gmt":"2023-08-10T10:36:02","slug":"reduziertes-l-glutathion","status":"publish","type":"product","link":"https:\/\/naturalpoland.com\/de\/produkte\/produkte-fur-die-kosmetikindustrie\/peptide\/reduziertes-l-glutathion\/","title":{"rendered":"Reduziertes L-Glutathion"},"content":{"rendered":"<h3>Auswirkungen von reduziertem L-Glutathion<\/h3>\n<p>Die Wirkung von reduziertem L-Glutathion beruht auf der <strong>Hemmung der Aktivit\u00e4t der Tyrosinase<\/strong>, eines Enzyms, das f\u00fcr die Melaninproduktion entscheidend ist. Melanin ist das Pigment, das f\u00fcr die Farbe der Haut verantwortlich ist, und seine \u00fcberm\u00e4\u00dfige Produktion kann zu unsch\u00f6nen Sommersprossen und Hyperpigmentierung f\u00fchren. Dank der Eigenschaften von L-Glutathion wird dieser Prozess gehemmt, was zu einem helleren Hautton f\u00fchrt.<\/p>\n<p>Reduziertes L-Glutathion ist ebenfalls ein Inhaltsstoff <strong>mit starken antioxidativen Eigenschaften<\/strong>, der dazu beitr\u00e4gt, die Haut vor Sch\u00e4den durch freie Radikale zu sch\u00fctzen. Freie Radikale sind einer der Hauptfaktoren, die den Alterungsprozess der Haut beschleunigen. Daher kann die Einnahme von L-Glutathion dazu beitragen, das jugendliche Aussehen der Haut l\u00e4nger zu erhalten.<\/p>\n","protected":false},"excerpt":{"rendered":"<p>Reduziertes L-Glutathion ist ein Wirkstoff, der in der modernen Hautpflege eine Schl\u00fcsselrolle spielt. Es hat aufhellende und sommersprossenentfernende Eigenschaften. Es wird in kosmetischen Produkten verwendet, die Verf\u00e4rbungen und einen ungleichm\u00e4\u00dfigen Hautton bek\u00e4mpfen sollen.<\/p>\n","protected":false},"featured_media":24636,"template":"","meta":[],"product_brand":[],"product_cat":[2492],"product_tag":[],"class_list":{"0":"post-24855","1":"product","2":"type-product","3":"status-publish","4":"has-post-thumbnail","6":"product_cat-peptide","8":"first","9":"instock","10":"shipping-taxable","11":"product-type-simple"},"yoast_head":"<!-- This site is optimized with the Yoast SEO plugin v27.4 - https:\/\/yoast.com\/product\/yoast-seo-wordpress\/ -->\n<title>Reduziertes L-Glutathion - Gro\u00dfhandelsvertrieb<\/title>\n<meta name=\"description\" content=\"Reduziertes L-Glutathion erscheint unter dem INCI-Namen: GLUTATHIONE. Seine Anwendung f\u00fchrt zu sichtbaren Ergebnissen bei der Reduzierung von Sommersprossen und Hyperpigmentierung.\" \/>\n<meta name=\"robots\" content=\"index, follow, max-snippet:-1, max-image-preview:large, max-video-preview:-1\" \/>\n<link rel=\"canonical\" href=\"https:\/\/naturalpoland.com\/de\/produkte\/produkte-fur-die-kosmetikindustrie\/peptide\/reduziertes-l-glutathion\/\" \/>\n<meta property=\"og:locale\" content=\"de_DE\" \/>\n<meta property=\"og:type\" content=\"article\" \/>\n<meta property=\"og:title\" content=\"Reduziertes L-Glutathion - Gro\u00dfhandelsvertrieb\" \/>\n<meta property=\"og:description\" content=\"Reduziertes L-Glutathion erscheint unter dem INCI-Namen: GLUTATHIONE. Seine Anwendung f\u00fchrt zu sichtbaren Ergebnissen bei der Reduzierung von Sommersprossen und Hyperpigmentierung.\" \/>\n<meta property=\"og:url\" content=\"https:\/\/naturalpoland.com\/de\/produkte\/produkte-fur-die-kosmetikindustrie\/peptide\/reduziertes-l-glutathion\/\" \/>\n<meta property=\"og:site_name\" content=\"NATURAL POLAND - IMPORT UND HANDEL VON ROHSTOFFEN\" \/>\n<meta property=\"article:publisher\" content=\"https:\/\/www.facebook.com\/naturalpoland.b2b\" \/>\n<meta property=\"og:image\" content=\"https:\/\/naturalpoland.com\/wp-content\/uploads\/GLUTATHIONE.png\" \/>\n\t<meta property=\"og:image:width\" content=\"591\" \/>\n\t<meta property=\"og:image:height\" content=\"591\" \/>\n\t<meta property=\"og:image:type\" content=\"image\/png\" \/>\n<script type=\"application\/ld+json\" class=\"yoast-schema-graph\">{\"@context\":\"https:\\\/\\\/schema.org\",\"@graph\":[{\"@type\":\"WebPage\",\"@id\":\"https:\\\/\\\/naturalpoland.com\\\/de\\\/produkte\\\/produkte-fur-die-kosmetikindustrie\\\/peptide\\\/reduziertes-l-glutathion\\\/\",\"url\":\"https:\\\/\\\/naturalpoland.com\\\/de\\\/produkte\\\/produkte-fur-die-kosmetikindustrie\\\/peptide\\\/reduziertes-l-glutathion\\\/\",\"name\":\"Reduziertes L-Glutathion - Gro\u00dfhandelsvertrieb\",\"isPartOf\":{\"@id\":\"https:\\\/\\\/naturalpoland.com\\\/de\\\/#website\"},\"primaryImageOfPage\":{\"@id\":\"https:\\\/\\\/naturalpoland.com\\\/de\\\/produkte\\\/produkte-fur-die-kosmetikindustrie\\\/peptide\\\/reduziertes-l-glutathion\\\/#primaryimage\"},\"image\":{\"@id\":\"https:\\\/\\\/naturalpoland.com\\\/de\\\/produkte\\\/produkte-fur-die-kosmetikindustrie\\\/peptide\\\/reduziertes-l-glutathion\\\/#primaryimage\"},\"thumbnailUrl\":\"https:\\\/\\\/naturalpoland.com\\\/wp-content\\\/uploads\\\/GLUTATHIONE.png\",\"datePublished\":\"2023-08-10T10:36:02+00:00\",\"description\":\"Reduziertes L-Glutathion erscheint unter dem INCI-Namen: GLUTATHIONE. Seine Anwendung f\u00fchrt zu sichtbaren Ergebnissen bei der Reduzierung von Sommersprossen und Hyperpigmentierung.\",\"breadcrumb\":{\"@id\":\"https:\\\/\\\/naturalpoland.com\\\/de\\\/produkte\\\/produkte-fur-die-kosmetikindustrie\\\/peptide\\\/reduziertes-l-glutathion\\\/#breadcrumb\"},\"inLanguage\":\"de\",\"potentialAction\":[{\"@type\":\"ReadAction\",\"target\":[\"https:\\\/\\\/naturalpoland.com\\\/de\\\/produkte\\\/produkte-fur-die-kosmetikindustrie\\\/peptide\\\/reduziertes-l-glutathion\\\/\"]}]},{\"@type\":\"ImageObject\",\"inLanguage\":\"de\",\"@id\":\"https:\\\/\\\/naturalpoland.com\\\/de\\\/produkte\\\/produkte-fur-die-kosmetikindustrie\\\/peptide\\\/reduziertes-l-glutathion\\\/#primaryimage\",\"url\":\"https:\\\/\\\/naturalpoland.com\\\/wp-content\\\/uploads\\\/GLUTATHIONE.png\",\"contentUrl\":\"https:\\\/\\\/naturalpoland.com\\\/wp-content\\\/uploads\\\/GLUTATHIONE.png\",\"width\":591,\"height\":591,\"caption\":\"reduziertes L-Glutathion\"},{\"@type\":\"BreadcrumbList\",\"@id\":\"https:\\\/\\\/naturalpoland.com\\\/de\\\/produkte\\\/produkte-fur-die-kosmetikindustrie\\\/peptide\\\/reduziertes-l-glutathion\\\/#breadcrumb\",\"itemListElement\":[{\"@type\":\"ListItem\",\"position\":1,\"name\":\"Startseite\",\"item\":\"https:\\\/\\\/naturalpoland.com\\\/de\\\/\"},{\"@type\":\"ListItem\",\"position\":2,\"name\":\"Produkte\",\"item\":\"https:\\\/\\\/naturalpoland.com\\\/de\\\/produkte\\\/\"},{\"@type\":\"ListItem\",\"position\":3,\"name\":\"Reduziertes L-Glutathion\"}]},{\"@type\":\"WebSite\",\"@id\":\"https:\\\/\\\/naturalpoland.com\\\/de\\\/#website\",\"url\":\"https:\\\/\\\/naturalpoland.com\\\/de\\\/\",\"name\":\"NATURAL POLAND - IMPORT UND HANDEL VON ROHSTOFFEN\",\"description\":\"Rohstoffe f\u00fcr die Lebensmittelindustrie, Kosmetikindustrie, Pharmaindustrie\",\"publisher\":{\"@id\":\"https:\\\/\\\/naturalpoland.com\\\/de\\\/#organization\"},\"potentialAction\":[{\"@type\":\"SearchAction\",\"target\":{\"@type\":\"EntryPoint\",\"urlTemplate\":\"https:\\\/\\\/naturalpoland.com\\\/de\\\/?s={search_term_string}\"},\"query-input\":{\"@type\":\"PropertyValueSpecification\",\"valueRequired\":true,\"valueName\":\"search_term_string\"}}],\"inLanguage\":\"de\"},{\"@type\":\"Organization\",\"@id\":\"https:\\\/\\\/naturalpoland.com\\\/de\\\/#organization\",\"name\":\"Natural Poland\",\"url\":\"https:\\\/\\\/naturalpoland.com\\\/de\\\/\",\"logo\":{\"@type\":\"ImageObject\",\"inLanguage\":\"de\",\"@id\":\"https:\\\/\\\/naturalpoland.com\\\/de\\\/#\\\/schema\\\/logo\\\/image\\\/\",\"url\":\"https:\\\/\\\/naturalpoland.com\\\/wp-content\\\/uploads\\\/2021\\\/05\\\/natural-poland-icon.png\",\"contentUrl\":\"https:\\\/\\\/naturalpoland.com\\\/wp-content\\\/uploads\\\/2021\\\/05\\\/natural-poland-icon.png\",\"width\":512,\"height\":512,\"caption\":\"Natural Poland\"},\"image\":{\"@id\":\"https:\\\/\\\/naturalpoland.com\\\/de\\\/#\\\/schema\\\/logo\\\/image\\\/\"},\"sameAs\":[\"https:\\\/\\\/www.facebook.com\\\/naturalpoland.b2b\",\"https:\\\/\\\/pl.linkedin.com\\\/company\\\/natural-poland\",\"https:\\\/\\\/www.youtube.com\\\/channel\\\/UCgeGGkvOMahZo-xu_MSEWxg\"]}]}<\/script>\n<!-- \/ Yoast SEO plugin. -->","yoast_head_json":{"title":"Reduziertes L-Glutathion - Gro\u00dfhandelsvertrieb","description":"Reduziertes L-Glutathion erscheint unter dem INCI-Namen: GLUTATHIONE. Seine Anwendung f\u00fchrt zu sichtbaren Ergebnissen bei der Reduzierung von Sommersprossen und Hyperpigmentierung.","robots":{"index":"index","follow":"follow","max-snippet":"max-snippet:-1","max-image-preview":"max-image-preview:large","max-video-preview":"max-video-preview:-1"},"canonical":"https:\/\/naturalpoland.com\/de\/produkte\/produkte-fur-die-kosmetikindustrie\/peptide\/reduziertes-l-glutathion\/","og_locale":"de_DE","og_type":"article","og_title":"Reduziertes L-Glutathion - Gro\u00dfhandelsvertrieb","og_description":"Reduziertes L-Glutathion erscheint unter dem INCI-Namen: GLUTATHIONE. Seine Anwendung f\u00fchrt zu sichtbaren Ergebnissen bei der Reduzierung von Sommersprossen und Hyperpigmentierung.","og_url":"https:\/\/naturalpoland.com\/de\/produkte\/produkte-fur-die-kosmetikindustrie\/peptide\/reduziertes-l-glutathion\/","og_site_name":"NATURAL POLAND - IMPORT UND HANDEL VON ROHSTOFFEN","article_publisher":"https:\/\/www.facebook.com\/naturalpoland.b2b","og_image":[{"width":591,"height":591,"url":"https:\/\/naturalpoland.com\/wp-content\/uploads\/GLUTATHIONE.png","type":"image\/png"}],"schema":{"@context":"https:\/\/schema.org","@graph":[{"@type":"WebPage","@id":"https:\/\/naturalpoland.com\/de\/produkte\/produkte-fur-die-kosmetikindustrie\/peptide\/reduziertes-l-glutathion\/","url":"https:\/\/naturalpoland.com\/de\/produkte\/produkte-fur-die-kosmetikindustrie\/peptide\/reduziertes-l-glutathion\/","name":"Reduziertes L-Glutathion - Gro\u00dfhandelsvertrieb","isPartOf":{"@id":"https:\/\/naturalpoland.com\/de\/#website"},"primaryImageOfPage":{"@id":"https:\/\/naturalpoland.com\/de\/produkte\/produkte-fur-die-kosmetikindustrie\/peptide\/reduziertes-l-glutathion\/#primaryimage"},"image":{"@id":"https:\/\/naturalpoland.com\/de\/produkte\/produkte-fur-die-kosmetikindustrie\/peptide\/reduziertes-l-glutathion\/#primaryimage"},"thumbnailUrl":"https:\/\/naturalpoland.com\/wp-content\/uploads\/GLUTATHIONE.png","datePublished":"2023-08-10T10:36:02+00:00","description":"Reduziertes L-Glutathion erscheint unter dem INCI-Namen: GLUTATHIONE. Seine Anwendung f\u00fchrt zu sichtbaren Ergebnissen bei der Reduzierung von Sommersprossen und Hyperpigmentierung.","breadcrumb":{"@id":"https:\/\/naturalpoland.com\/de\/produkte\/produkte-fur-die-kosmetikindustrie\/peptide\/reduziertes-l-glutathion\/#breadcrumb"},"inLanguage":"de","potentialAction":[{"@type":"ReadAction","target":["https:\/\/naturalpoland.com\/de\/produkte\/produkte-fur-die-kosmetikindustrie\/peptide\/reduziertes-l-glutathion\/"]}]},{"@type":"ImageObject","inLanguage":"de","@id":"https:\/\/naturalpoland.com\/de\/produkte\/produkte-fur-die-kosmetikindustrie\/peptide\/reduziertes-l-glutathion\/#primaryimage","url":"https:\/\/naturalpoland.com\/wp-content\/uploads\/GLUTATHIONE.png","contentUrl":"https:\/\/naturalpoland.com\/wp-content\/uploads\/GLUTATHIONE.png","width":591,"height":591,"caption":"reduziertes L-Glutathion"},{"@type":"BreadcrumbList","@id":"https:\/\/naturalpoland.com\/de\/produkte\/produkte-fur-die-kosmetikindustrie\/peptide\/reduziertes-l-glutathion\/#breadcrumb","itemListElement":[{"@type":"ListItem","position":1,"name":"Startseite","item":"https:\/\/naturalpoland.com\/de\/"},{"@type":"ListItem","position":2,"name":"Produkte","item":"https:\/\/naturalpoland.com\/de\/produkte\/"},{"@type":"ListItem","position":3,"name":"Reduziertes L-Glutathion"}]},{"@type":"WebSite","@id":"https:\/\/naturalpoland.com\/de\/#website","url":"https:\/\/naturalpoland.com\/de\/","name":"NATURAL POLAND - IMPORT UND HANDEL VON ROHSTOFFEN","description":"Rohstoffe f\u00fcr die Lebensmittelindustrie, Kosmetikindustrie, Pharmaindustrie","publisher":{"@id":"https:\/\/naturalpoland.com\/de\/#organization"},"potentialAction":[{"@type":"SearchAction","target":{"@type":"EntryPoint","urlTemplate":"https:\/\/naturalpoland.com\/de\/?s={search_term_string}"},"query-input":{"@type":"PropertyValueSpecification","valueRequired":true,"valueName":"search_term_string"}}],"inLanguage":"de"},{"@type":"Organization","@id":"https:\/\/naturalpoland.com\/de\/#organization","name":"Natural Poland","url":"https:\/\/naturalpoland.com\/de\/","logo":{"@type":"ImageObject","inLanguage":"de","@id":"https:\/\/naturalpoland.com\/de\/#\/schema\/logo\/image\/","url":"https:\/\/naturalpoland.com\/wp-content\/uploads\/2021\/05\/natural-poland-icon.png","contentUrl":"https:\/\/naturalpoland.com\/wp-content\/uploads\/2021\/05\/natural-poland-icon.png","width":512,"height":512,"caption":"Natural Poland"},"image":{"@id":"https:\/\/naturalpoland.com\/de\/#\/schema\/logo\/image\/"},"sameAs":["https:\/\/www.facebook.com\/naturalpoland.b2b","https:\/\/pl.linkedin.com\/company\/natural-poland","https:\/\/www.youtube.com\/channel\/UCgeGGkvOMahZo-xu_MSEWxg"]}]}},"_links":{"self":[{"href":"https:\/\/naturalpoland.com\/de\/wp-json\/wp\/v2\/product\/24855","targetHints":{"allow":["GET"]}}],"collection":[{"href":"https:\/\/naturalpoland.com\/de\/wp-json\/wp\/v2\/product"}],"about":[{"href":"https:\/\/naturalpoland.com\/de\/wp-json\/wp\/v2\/types\/product"}],"wp:featuredmedia":[{"embeddable":true,"href":"https:\/\/naturalpoland.com\/de\/wp-json\/wp\/v2\/media\/24636"}],"wp:attachment":[{"href":"https:\/\/naturalpoland.com\/de\/wp-json\/wp\/v2\/media?parent=24855"}],"wp:term":[{"taxonomy":"product_brand","embeddable":true,"href":"https:\/\/naturalpoland.com\/de\/wp-json\/wp\/v2\/product_brand?post=24855"},{"taxonomy":"product_cat","embeddable":true,"href":"https:\/\/naturalpoland.com\/de\/wp-json\/wp\/v2\/product_cat?post=24855"},{"taxonomy":"product_tag","embeddable":true,"href":"https:\/\/naturalpoland.com\/de\/wp-json\/wp\/v2\/product_tag?post=24855"}],"curies":[{"name":"wp","href":"https:\/\/api.w.org\/{rel}","templated":true}]}}