{"id":25023,"date":"2023-08-11T13:26:40","date_gmt":"2023-08-11T11:46:36","guid":{"rendered":"https:\/\/naturalpoland.com\/produkty\/unkategorisiert\/getrocknete-fruechte\/"},"modified":"2023-08-11T13:46:36","modified_gmt":"2023-08-11T11:46:36","slug":"getrocknete-fruchte","status":"publish","type":"product","link":"https:\/\/naturalpoland.com\/de\/produkte\/tierfutterprodukte\/getrocknete-fruchte\/","title":{"rendered":"Getrocknete Fr\u00fcchte"},"content":{"rendered":"<ul>\n<li><strong>Kernst\u00fcck der Apfelchips<\/strong>: der unverg\u00e4ngliche Geschmack von frischen \u00c4pfeln, eine Quelle von Vitamin C und Ballaststoffen.<\/li>\n<li><strong>Apfel-W\u00fcrfel<\/strong>: Konzentrierte Apfelvorteile in kompakter Form, ideal f\u00fcr Kleintiere.<\/li>\n<li><strong>Zerkleinerte Apfelchips<\/strong>: perfekt f\u00fcr die Futtermischung oder als eigenst\u00e4ndige Leckerei.<\/li>\n<li><strong>Ananas-W\u00fcrfel<\/strong>: Reich an Bromelain, einem Verdauungsenzym, das bei der Verdauung von Proteinen hilft.<\/li>\n<li><strong>Bananenchips gebrochen, unges\u00fc\u00dft<\/strong>: Nat\u00fcrliche S\u00fc\u00dfe ohne Zuckerzusatz, Kaliumquelle.<\/li>\n<li><strong>Ganze Bananenchips, unges\u00fc\u00dft<\/strong>: Schmackhaft und reich an Ballaststoffen &#8211; eine ausgezeichnete Wahl f\u00fcr Nager.<\/li>\n<li><strong>Birnenw\u00fcrfel<\/strong>: Sie liefern die Vitamine A und C sowie wichtige Mineralstoffe.<\/li>\n<li><strong>Erdbeere<\/strong>: Quelle von Antioxidantien, Vitamin C und Ballaststoffen.<\/li>\n<li><strong>Hagebuttenfr\u00fcchte und -schalen<\/strong>: Reich an Vitamin C, unterst\u00fctzt das Immunsystem.<\/li>\n<li><strong>Hagebuttenschalenpulver<\/strong>: Konzentrat der Vorteile der Hagebutte in einer Form, die leicht dem Futter beigef\u00fcgt werden kann.<\/li>\n<li><strong>Himbeere<\/strong>: Liefert wichtige Antioxidantien und ist eine reiche Quelle f\u00fcr Vitamin C.<\/li>\n<li><strong>Kokoschips und Kokosnussmehl<\/strong>: Eine Quelle gesunder Fette und Energie mit einem feinen Geschmack.<\/li>\n<li><strong>Mangow\u00fcrfel<\/strong>: Sie enthalten viele Vitamine und Mineralstoffe, darunter die Vitamine A, E und C.<\/li>\n<li><strong>Papa-W\u00fcrfel<\/strong>: Quelle von Lysin, einer essentiellen Aminos\u00e4ure, und den Vitaminen C und A.<\/li>\n<\/ul>\n","protected":false},"excerpt":{"rendered":"<p>Obst ist ein wichtiger Bestandteil der Ern\u00e4hrung vieler Tierarten, denn es liefert Vitamine, Mineralstoffe und nat\u00fcrlichen Zucker, der den K\u00f6rper mit Energie versorgt. Trockenobst beh\u00e4lt nicht nur seine N\u00e4hrwerteigenschaften, sondern ist auch l\u00e4nger haltbar und f\u00fcr viele Tiere ein Leckerbissen.<\/p>\n","protected":false},"featured_media":24998,"template":"","meta":{"_acf_changed":false},"product_brand":[],"product_cat":[2511],"product_tag":[],"class_list":{"0":"post-25023","1":"product","2":"type-product","3":"status-publish","4":"has-post-thumbnail","6":"product_cat-tierfutterprodukte","8":"first","9":"instock","10":"shipping-taxable","11":"product-type-simple"},"acf":[],"yoast_head":"<!-- This site is optimized with the Yoast SEO plugin v27.4 - https:\/\/yoast.com\/product\/yoast-seo-wordpress\/ -->\n<title>Getrocknete Fr\u00fcchte - Gro\u00dfhandelsvertrieb<\/title>\n<meta name=\"description\" content=\"Trockenobst beh\u00e4lt nicht nur seine N\u00e4hrwerteigenschaften, sondern ist auch l\u00e4nger haltbar und f\u00fcr viele Tiere ein Leckerbissen.\" \/>\n<meta name=\"robots\" content=\"index, follow, max-snippet:-1, max-image-preview:large, max-video-preview:-1\" \/>\n<link rel=\"canonical\" href=\"https:\/\/naturalpoland.com\/de\/produkte\/tierfutterprodukte\/getrocknete-fruchte\/\" \/>\n<meta property=\"og:locale\" content=\"de_DE\" \/>\n<meta property=\"og:type\" content=\"article\" \/>\n<meta property=\"og:title\" content=\"Getrocknete Fr\u00fcchte - Gro\u00dfhandelsvertrieb\" \/>\n<meta property=\"og:description\" content=\"Trockenobst beh\u00e4lt nicht nur seine N\u00e4hrwerteigenschaften, sondern ist auch l\u00e4nger haltbar und f\u00fcr viele Tiere ein Leckerbissen.\" \/>\n<meta property=\"og:url\" content=\"https:\/\/naturalpoland.com\/de\/produkte\/tierfutterprodukte\/getrocknete-fruchte\/\" \/>\n<meta property=\"og:site_name\" content=\"NATURAL POLAND - IMPORT UND HANDEL VON ROHSTOFFEN\" \/>\n<meta property=\"article:publisher\" content=\"https:\/\/www.facebook.com\/naturalpoland.b2b\" \/>\n<meta property=\"og:image\" content=\"https:\/\/naturalpoland.com\/wp-content\/uploads\/owoce-suszone.jpg\" \/>\n\t<meta property=\"og:image:width\" content=\"600\" \/>\n\t<meta property=\"og:image:height\" content=\"600\" \/>\n\t<meta property=\"og:image:type\" content=\"image\/jpeg\" \/>\n<script type=\"application\/ld+json\" class=\"yoast-schema-graph\">{\"@context\":\"https:\\\/\\\/schema.org\",\"@graph\":[{\"@type\":\"WebPage\",\"@id\":\"https:\\\/\\\/naturalpoland.com\\\/de\\\/produkte\\\/tierfutterprodukte\\\/getrocknete-fruchte\\\/\",\"url\":\"https:\\\/\\\/naturalpoland.com\\\/de\\\/produkte\\\/tierfutterprodukte\\\/getrocknete-fruchte\\\/\",\"name\":\"Getrocknete Fr\u00fcchte - Gro\u00dfhandelsvertrieb\",\"isPartOf\":{\"@id\":\"https:\\\/\\\/naturalpoland.com\\\/de\\\/#website\"},\"primaryImageOfPage\":{\"@id\":\"https:\\\/\\\/naturalpoland.com\\\/de\\\/produkte\\\/tierfutterprodukte\\\/getrocknete-fruchte\\\/#primaryimage\"},\"image\":{\"@id\":\"https:\\\/\\\/naturalpoland.com\\\/de\\\/produkte\\\/tierfutterprodukte\\\/getrocknete-fruchte\\\/#primaryimage\"},\"thumbnailUrl\":\"https:\\\/\\\/naturalpoland.com\\\/wp-content\\\/uploads\\\/owoce-suszone.jpg\",\"datePublished\":\"2023-08-11T11:46:36+00:00\",\"description\":\"Trockenobst beh\u00e4lt nicht nur seine N\u00e4hrwerteigenschaften, sondern ist auch l\u00e4nger haltbar und f\u00fcr viele Tiere ein Leckerbissen.\",\"breadcrumb\":{\"@id\":\"https:\\\/\\\/naturalpoland.com\\\/de\\\/produkte\\\/tierfutterprodukte\\\/getrocknete-fruchte\\\/#breadcrumb\"},\"inLanguage\":\"de\",\"potentialAction\":[{\"@type\":\"ReadAction\",\"target\":[\"https:\\\/\\\/naturalpoland.com\\\/de\\\/produkte\\\/tierfutterprodukte\\\/getrocknete-fruchte\\\/\"]}]},{\"@type\":\"ImageObject\",\"inLanguage\":\"de\",\"@id\":\"https:\\\/\\\/naturalpoland.com\\\/de\\\/produkte\\\/tierfutterprodukte\\\/getrocknete-fruchte\\\/#primaryimage\",\"url\":\"https:\\\/\\\/naturalpoland.com\\\/wp-content\\\/uploads\\\/owoce-suszone.jpg\",\"contentUrl\":\"https:\\\/\\\/naturalpoland.com\\\/wp-content\\\/uploads\\\/owoce-suszone.jpg\",\"width\":600,\"height\":600,\"caption\":\"Trockenfr\u00fcchte\"},{\"@type\":\"BreadcrumbList\",\"@id\":\"https:\\\/\\\/naturalpoland.com\\\/de\\\/produkte\\\/tierfutterprodukte\\\/getrocknete-fruchte\\\/#breadcrumb\",\"itemListElement\":[{\"@type\":\"ListItem\",\"position\":1,\"name\":\"Startseite\",\"item\":\"https:\\\/\\\/naturalpoland.com\\\/de\\\/\"},{\"@type\":\"ListItem\",\"position\":2,\"name\":\"Produkte\",\"item\":\"https:\\\/\\\/naturalpoland.com\\\/de\\\/produkte\\\/\"},{\"@type\":\"ListItem\",\"position\":3,\"name\":\"Getrocknete Fr\u00fcchte\"}]},{\"@type\":\"WebSite\",\"@id\":\"https:\\\/\\\/naturalpoland.com\\\/de\\\/#website\",\"url\":\"https:\\\/\\\/naturalpoland.com\\\/de\\\/\",\"name\":\"NATURAL POLAND - IMPORT UND HANDEL VON ROHSTOFFEN\",\"description\":\"Rohstoffe f\u00fcr die Lebensmittelindustrie, Kosmetikindustrie, Pharmaindustrie\",\"publisher\":{\"@id\":\"https:\\\/\\\/naturalpoland.com\\\/de\\\/#organization\"},\"potentialAction\":[{\"@type\":\"SearchAction\",\"target\":{\"@type\":\"EntryPoint\",\"urlTemplate\":\"https:\\\/\\\/naturalpoland.com\\\/de\\\/?s={search_term_string}\"},\"query-input\":{\"@type\":\"PropertyValueSpecification\",\"valueRequired\":true,\"valueName\":\"search_term_string\"}}],\"inLanguage\":\"de\"},{\"@type\":\"Organization\",\"@id\":\"https:\\\/\\\/naturalpoland.com\\\/de\\\/#organization\",\"name\":\"Natural Poland\",\"url\":\"https:\\\/\\\/naturalpoland.com\\\/de\\\/\",\"logo\":{\"@type\":\"ImageObject\",\"inLanguage\":\"de\",\"@id\":\"https:\\\/\\\/naturalpoland.com\\\/de\\\/#\\\/schema\\\/logo\\\/image\\\/\",\"url\":\"https:\\\/\\\/naturalpoland.com\\\/wp-content\\\/uploads\\\/2021\\\/05\\\/natural-poland-icon.png\",\"contentUrl\":\"https:\\\/\\\/naturalpoland.com\\\/wp-content\\\/uploads\\\/2021\\\/05\\\/natural-poland-icon.png\",\"width\":512,\"height\":512,\"caption\":\"Natural Poland\"},\"image\":{\"@id\":\"https:\\\/\\\/naturalpoland.com\\\/de\\\/#\\\/schema\\\/logo\\\/image\\\/\"},\"sameAs\":[\"https:\\\/\\\/www.facebook.com\\\/naturalpoland.b2b\",\"https:\\\/\\\/pl.linkedin.com\\\/company\\\/natural-poland\",\"https:\\\/\\\/www.youtube.com\\\/channel\\\/UCgeGGkvOMahZo-xu_MSEWxg\"]}]}<\/script>\n<!-- \/ Yoast SEO plugin. -->","yoast_head_json":{"title":"Getrocknete Fr\u00fcchte - Gro\u00dfhandelsvertrieb","description":"Trockenobst beh\u00e4lt nicht nur seine N\u00e4hrwerteigenschaften, sondern ist auch l\u00e4nger haltbar und f\u00fcr viele Tiere ein Leckerbissen.","robots":{"index":"index","follow":"follow","max-snippet":"max-snippet:-1","max-image-preview":"max-image-preview:large","max-video-preview":"max-video-preview:-1"},"canonical":"https:\/\/naturalpoland.com\/de\/produkte\/tierfutterprodukte\/getrocknete-fruchte\/","og_locale":"de_DE","og_type":"article","og_title":"Getrocknete Fr\u00fcchte - Gro\u00dfhandelsvertrieb","og_description":"Trockenobst beh\u00e4lt nicht nur seine N\u00e4hrwerteigenschaften, sondern ist auch l\u00e4nger haltbar und f\u00fcr viele Tiere ein Leckerbissen.","og_url":"https:\/\/naturalpoland.com\/de\/produkte\/tierfutterprodukte\/getrocknete-fruchte\/","og_site_name":"NATURAL POLAND - IMPORT UND HANDEL VON ROHSTOFFEN","article_publisher":"https:\/\/www.facebook.com\/naturalpoland.b2b","og_image":[{"width":600,"height":600,"url":"https:\/\/naturalpoland.com\/wp-content\/uploads\/owoce-suszone.jpg","type":"image\/jpeg"}],"schema":{"@context":"https:\/\/schema.org","@graph":[{"@type":"WebPage","@id":"https:\/\/naturalpoland.com\/de\/produkte\/tierfutterprodukte\/getrocknete-fruchte\/","url":"https:\/\/naturalpoland.com\/de\/produkte\/tierfutterprodukte\/getrocknete-fruchte\/","name":"Getrocknete Fr\u00fcchte - Gro\u00dfhandelsvertrieb","isPartOf":{"@id":"https:\/\/naturalpoland.com\/de\/#website"},"primaryImageOfPage":{"@id":"https:\/\/naturalpoland.com\/de\/produkte\/tierfutterprodukte\/getrocknete-fruchte\/#primaryimage"},"image":{"@id":"https:\/\/naturalpoland.com\/de\/produkte\/tierfutterprodukte\/getrocknete-fruchte\/#primaryimage"},"thumbnailUrl":"https:\/\/naturalpoland.com\/wp-content\/uploads\/owoce-suszone.jpg","datePublished":"2023-08-11T11:46:36+00:00","description":"Trockenobst beh\u00e4lt nicht nur seine N\u00e4hrwerteigenschaften, sondern ist auch l\u00e4nger haltbar und f\u00fcr viele Tiere ein Leckerbissen.","breadcrumb":{"@id":"https:\/\/naturalpoland.com\/de\/produkte\/tierfutterprodukte\/getrocknete-fruchte\/#breadcrumb"},"inLanguage":"de","potentialAction":[{"@type":"ReadAction","target":["https:\/\/naturalpoland.com\/de\/produkte\/tierfutterprodukte\/getrocknete-fruchte\/"]}]},{"@type":"ImageObject","inLanguage":"de","@id":"https:\/\/naturalpoland.com\/de\/produkte\/tierfutterprodukte\/getrocknete-fruchte\/#primaryimage","url":"https:\/\/naturalpoland.com\/wp-content\/uploads\/owoce-suszone.jpg","contentUrl":"https:\/\/naturalpoland.com\/wp-content\/uploads\/owoce-suszone.jpg","width":600,"height":600,"caption":"Trockenfr\u00fcchte"},{"@type":"BreadcrumbList","@id":"https:\/\/naturalpoland.com\/de\/produkte\/tierfutterprodukte\/getrocknete-fruchte\/#breadcrumb","itemListElement":[{"@type":"ListItem","position":1,"name":"Startseite","item":"https:\/\/naturalpoland.com\/de\/"},{"@type":"ListItem","position":2,"name":"Produkte","item":"https:\/\/naturalpoland.com\/de\/produkte\/"},{"@type":"ListItem","position":3,"name":"Getrocknete Fr\u00fcchte"}]},{"@type":"WebSite","@id":"https:\/\/naturalpoland.com\/de\/#website","url":"https:\/\/naturalpoland.com\/de\/","name":"NATURAL POLAND - IMPORT UND HANDEL VON ROHSTOFFEN","description":"Rohstoffe f\u00fcr die Lebensmittelindustrie, Kosmetikindustrie, Pharmaindustrie","publisher":{"@id":"https:\/\/naturalpoland.com\/de\/#organization"},"potentialAction":[{"@type":"SearchAction","target":{"@type":"EntryPoint","urlTemplate":"https:\/\/naturalpoland.com\/de\/?s={search_term_string}"},"query-input":{"@type":"PropertyValueSpecification","valueRequired":true,"valueName":"search_term_string"}}],"inLanguage":"de"},{"@type":"Organization","@id":"https:\/\/naturalpoland.com\/de\/#organization","name":"Natural Poland","url":"https:\/\/naturalpoland.com\/de\/","logo":{"@type":"ImageObject","inLanguage":"de","@id":"https:\/\/naturalpoland.com\/de\/#\/schema\/logo\/image\/","url":"https:\/\/naturalpoland.com\/wp-content\/uploads\/2021\/05\/natural-poland-icon.png","contentUrl":"https:\/\/naturalpoland.com\/wp-content\/uploads\/2021\/05\/natural-poland-icon.png","width":512,"height":512,"caption":"Natural Poland"},"image":{"@id":"https:\/\/naturalpoland.com\/de\/#\/schema\/logo\/image\/"},"sameAs":["https:\/\/www.facebook.com\/naturalpoland.b2b","https:\/\/pl.linkedin.com\/company\/natural-poland","https:\/\/www.youtube.com\/channel\/UCgeGGkvOMahZo-xu_MSEWxg"]}]}},"_links":{"self":[{"href":"https:\/\/naturalpoland.com\/de\/wp-json\/wp\/v2\/product\/25023","targetHints":{"allow":["GET"]}}],"collection":[{"href":"https:\/\/naturalpoland.com\/de\/wp-json\/wp\/v2\/product"}],"about":[{"href":"https:\/\/naturalpoland.com\/de\/wp-json\/wp\/v2\/types\/product"}],"wp:featuredmedia":[{"embeddable":true,"href":"https:\/\/naturalpoland.com\/de\/wp-json\/wp\/v2\/media\/24998"}],"wp:attachment":[{"href":"https:\/\/naturalpoland.com\/de\/wp-json\/wp\/v2\/media?parent=25023"}],"wp:term":[{"taxonomy":"product_brand","embeddable":true,"href":"https:\/\/naturalpoland.com\/de\/wp-json\/wp\/v2\/product_brand?post=25023"},{"taxonomy":"product_cat","embeddable":true,"href":"https:\/\/naturalpoland.com\/de\/wp-json\/wp\/v2\/product_cat?post=25023"},{"taxonomy":"product_tag","embeddable":true,"href":"https:\/\/naturalpoland.com\/de\/wp-json\/wp\/v2\/product_tag?post=25023"}],"curies":[{"name":"wp","href":"https:\/\/api.w.org\/{rel}","templated":true}]}}