{"id":25025,"date":"2023-08-11T13:40:20","date_gmt":"2023-08-11T11:46:36","guid":{"rendered":"https:\/\/naturalpoland.com\/produkty\/unkategorisiert\/beeren\/"},"modified":"2023-08-11T13:46:36","modified_gmt":"2023-08-11T11:46:36","slug":"beeren","status":"publish","type":"product","link":"https:\/\/naturalpoland.com\/de\/produkte\/tierfutterprodukte\/beeren\/","title":{"rendered":"Beeren"},"content":{"rendered":"<h3>Angebotene Produkte:<\/h3>\n<h4><strong>Aronia-Beeren<\/strong><\/h4>\n<p>Sie sind f\u00fcr ihre bemerkenswerten antioxidativen Eigenschaften bekannt. Die Aronia ist reich an den Vitaminen C, E und K sowie an Flavonoiden, die das Herz-Kreislauf-System unterst\u00fctzen.<\/p>\n<h4><strong>Vogelbeeren<\/strong><\/h4>\n<p>Obwohl sie eher s\u00e4uerlich schmecken, sind Vogelbeeren eine reichhaltige Quelle f\u00fcr Vitamin C und A und enthalten au\u00dferdem Verbindungen, die entz\u00fcndungshemmend wirken k\u00f6nnen.<\/p>\n<h4><strong>Schwarze Johannisbeere<\/strong><\/h4>\n<p>Diese kleinen, aber au\u00dfergew\u00f6hnlich nahrhaften Beeren liefern gro\u00dfe Mengen an Vitamin C und Antioxidantien, die die Gesundheit von Haut und Fell der Tiere unterst\u00fctzen.<\/p>\n<h4><strong>Goji-Beeren<\/strong><\/h4>\n<p>Die oft als &#8222;Superfood&#8220; bezeichneten Goji-Beeren sind reich an Eiwei\u00df, Ballaststoffen, Eisen und Vitaminen, insbesondere Vitamin C.<\/p>\n<h4><strong>Preiselbeeren<\/strong><\/h4>\n<p>Cranberries sind f\u00fcr ihre harntreibenden Eigenschaften bekannt und liefern au\u00dferdem Ballaststoffe, die Vitamine C und E sowie Mineralstoffe.<\/p>\n<h4><strong>Gew\u00f6hnlicher Wacholder<\/strong><\/h4>\n<p>Seine Beeren werden seit Jahrhunderten in der Volksmedizin verwendet. Sie enthalten Verbindungen, die die Gesundheit von Verdauung und Harnwegen der Tiere unterst\u00fctzen k\u00f6nnen.<\/p>\n<h4><strong>Wei\u00dfdornbeere<\/strong><\/h4>\n<p>Der Wei\u00dfdorn wird wegen seiner positiven Wirkung auf das Herz gesch\u00e4tzt. Seine Beeren enthalten Verbindungen, die das Herz-Kreislauf-System unterst\u00fctzen und den Blutdruck regulieren k\u00f6nnen.<\/p>\n<h4><strong>Schwarzer Holunder<\/strong><\/h4>\n<p>Bekannt f\u00fcr seine immunsystemst\u00e4rkende Wirkung. Holunderbeeren sind auch eine Quelle von Vitamin C und Antioxidantien, die die Zellgesundheit unterst\u00fctzen.<\/p>\n","protected":false},"excerpt":{"rendered":"<p>Beeren werden zunehmend als Zutat in der Tiernahrung anerkannt. Beeren sind reich an Antioxidantien, Vitaminen, Mineralien und Ballaststoffen und sind eine nat\u00fcrliche Quelle zahlreicher gesundheitsf\u00f6rdernder Eigenschaften, die die allgemeine Gesundheit von Haustieren unterst\u00fctzen, das Immunsystem st\u00e4rken und die Verdauung f\u00f6rdern.<\/p>\n","protected":false},"featured_media":25010,"template":"","meta":{"_acf_changed":false},"product_brand":[],"product_cat":[2511],"product_tag":[],"class_list":{"0":"post-25025","1":"product","2":"type-product","3":"status-publish","4":"has-post-thumbnail","6":"product_cat-tierfutterprodukte","8":"first","9":"instock","10":"shipping-taxable","11":"product-type-simple"},"acf":[],"yoast_head":"<!-- This site is optimized with the Yoast SEO plugin v27.6 - https:\/\/yoast.com\/product\/yoast-seo-wordpress\/ -->\n<title>Beeren - Gro\u00dfhandelsvertrieb<\/title>\n<meta name=\"description\" content=\"Beeren sind reich an Antioxidantien, Vitaminen, Mineralien und Ballaststoffen und sind eine nat\u00fcrliche Quelle zahlreicher gesundheitlicher Vorteile, die die allgemeine Gesundheit von Tieren unterst\u00fctzen.\" \/>\n<meta name=\"robots\" content=\"index, follow, max-snippet:-1, max-image-preview:large, max-video-preview:-1\" \/>\n<link rel=\"canonical\" href=\"https:\/\/naturalpoland.com\/de\/produkte\/tierfutterprodukte\/beeren\/\" \/>\n<meta property=\"og:locale\" content=\"de_DE\" \/>\n<meta property=\"og:type\" content=\"article\" \/>\n<meta property=\"og:title\" content=\"Beeren - Gro\u00dfhandelsvertrieb\" \/>\n<meta property=\"og:description\" content=\"Beeren sind reich an Antioxidantien, Vitaminen, Mineralien und Ballaststoffen und sind eine nat\u00fcrliche Quelle zahlreicher gesundheitlicher Vorteile, die die allgemeine Gesundheit von Tieren unterst\u00fctzen.\" \/>\n<meta property=\"og:url\" content=\"https:\/\/naturalpoland.com\/de\/produkte\/tierfutterprodukte\/beeren\/\" \/>\n<meta property=\"og:site_name\" content=\"NATURAL POLAND - IMPORT UND HANDEL VON ROHSTOFFEN\" \/>\n<meta property=\"article:publisher\" content=\"https:\/\/www.facebook.com\/naturalpoland.b2b\" \/>\n<meta property=\"og:image\" content=\"https:\/\/naturalpoland.com\/wp-content\/uploads\/jagody-dla-zwierzat.jpg\" \/>\n\t<meta property=\"og:image:width\" content=\"600\" \/>\n\t<meta property=\"og:image:height\" content=\"600\" \/>\n\t<meta property=\"og:image:type\" content=\"image\/jpeg\" \/>\n<script type=\"application\/ld+json\" class=\"yoast-schema-graph\">{\"@context\":\"https:\\\/\\\/schema.org\",\"@graph\":[{\"@type\":\"WebPage\",\"@id\":\"https:\\\/\\\/naturalpoland.com\\\/de\\\/produkte\\\/tierfutterprodukte\\\/beeren\\\/\",\"url\":\"https:\\\/\\\/naturalpoland.com\\\/de\\\/produkte\\\/tierfutterprodukte\\\/beeren\\\/\",\"name\":\"Beeren - Gro\u00dfhandelsvertrieb\",\"isPartOf\":{\"@id\":\"https:\\\/\\\/naturalpoland.com\\\/de\\\/#website\"},\"primaryImageOfPage\":{\"@id\":\"https:\\\/\\\/naturalpoland.com\\\/de\\\/produkte\\\/tierfutterprodukte\\\/beeren\\\/#primaryimage\"},\"image\":{\"@id\":\"https:\\\/\\\/naturalpoland.com\\\/de\\\/produkte\\\/tierfutterprodukte\\\/beeren\\\/#primaryimage\"},\"thumbnailUrl\":\"https:\\\/\\\/naturalpoland.com\\\/wp-content\\\/uploads\\\/jagody-dla-zwierzat.jpg\",\"datePublished\":\"2023-08-11T11:46:36+00:00\",\"description\":\"Beeren sind reich an Antioxidantien, Vitaminen, Mineralien und Ballaststoffen und sind eine nat\u00fcrliche Quelle zahlreicher gesundheitlicher Vorteile, die die allgemeine Gesundheit von Tieren unterst\u00fctzen.\",\"breadcrumb\":{\"@id\":\"https:\\\/\\\/naturalpoland.com\\\/de\\\/produkte\\\/tierfutterprodukte\\\/beeren\\\/#breadcrumb\"},\"inLanguage\":\"de\",\"potentialAction\":[{\"@type\":\"ReadAction\",\"target\":[\"https:\\\/\\\/naturalpoland.com\\\/de\\\/produkte\\\/tierfutterprodukte\\\/beeren\\\/\"]}]},{\"@type\":\"ImageObject\",\"inLanguage\":\"de\",\"@id\":\"https:\\\/\\\/naturalpoland.com\\\/de\\\/produkte\\\/tierfutterprodukte\\\/beeren\\\/#primaryimage\",\"url\":\"https:\\\/\\\/naturalpoland.com\\\/wp-content\\\/uploads\\\/jagody-dla-zwierzat.jpg\",\"contentUrl\":\"https:\\\/\\\/naturalpoland.com\\\/wp-content\\\/uploads\\\/jagody-dla-zwierzat.jpg\",\"width\":600,\"height\":600,\"caption\":\"Beeren f\u00fcr Tiere\"},{\"@type\":\"BreadcrumbList\",\"@id\":\"https:\\\/\\\/naturalpoland.com\\\/de\\\/produkte\\\/tierfutterprodukte\\\/beeren\\\/#breadcrumb\",\"itemListElement\":[{\"@type\":\"ListItem\",\"position\":1,\"name\":\"Startseite\",\"item\":\"https:\\\/\\\/naturalpoland.com\\\/de\\\/\"},{\"@type\":\"ListItem\",\"position\":2,\"name\":\"Produkte\",\"item\":\"https:\\\/\\\/naturalpoland.com\\\/de\\\/produkte\\\/\"},{\"@type\":\"ListItem\",\"position\":3,\"name\":\"Beeren\"}]},{\"@type\":\"WebSite\",\"@id\":\"https:\\\/\\\/naturalpoland.com\\\/de\\\/#website\",\"url\":\"https:\\\/\\\/naturalpoland.com\\\/de\\\/\",\"name\":\"NATURAL POLAND - IMPORT UND HANDEL VON ROHSTOFFEN\",\"description\":\"Rohstoffe f\u00fcr die Lebensmittelindustrie, Kosmetikindustrie, Pharmaindustrie\",\"publisher\":{\"@id\":\"https:\\\/\\\/naturalpoland.com\\\/de\\\/#organization\"},\"potentialAction\":[{\"@type\":\"SearchAction\",\"target\":{\"@type\":\"EntryPoint\",\"urlTemplate\":\"https:\\\/\\\/naturalpoland.com\\\/de\\\/?s={search_term_string}\"},\"query-input\":{\"@type\":\"PropertyValueSpecification\",\"valueRequired\":true,\"valueName\":\"search_term_string\"}}],\"inLanguage\":\"de\"},{\"@type\":\"Organization\",\"@id\":\"https:\\\/\\\/naturalpoland.com\\\/de\\\/#organization\",\"name\":\"Natural Poland\",\"url\":\"https:\\\/\\\/naturalpoland.com\\\/de\\\/\",\"logo\":{\"@type\":\"ImageObject\",\"inLanguage\":\"de\",\"@id\":\"https:\\\/\\\/naturalpoland.com\\\/de\\\/#\\\/schema\\\/logo\\\/image\\\/\",\"url\":\"https:\\\/\\\/naturalpoland.com\\\/wp-content\\\/uploads\\\/2021\\\/05\\\/natural-poland-icon.png\",\"contentUrl\":\"https:\\\/\\\/naturalpoland.com\\\/wp-content\\\/uploads\\\/2021\\\/05\\\/natural-poland-icon.png\",\"width\":512,\"height\":512,\"caption\":\"Natural Poland\"},\"image\":{\"@id\":\"https:\\\/\\\/naturalpoland.com\\\/de\\\/#\\\/schema\\\/logo\\\/image\\\/\"},\"sameAs\":[\"https:\\\/\\\/www.facebook.com\\\/naturalpoland.b2b\",\"https:\\\/\\\/pl.linkedin.com\\\/company\\\/natural-poland\",\"https:\\\/\\\/www.youtube.com\\\/channel\\\/UCgeGGkvOMahZo-xu_MSEWxg\"]}]}<\/script>\n<!-- \/ Yoast SEO plugin. -->","yoast_head_json":{"title":"Beeren - Gro\u00dfhandelsvertrieb","description":"Beeren sind reich an Antioxidantien, Vitaminen, Mineralien und Ballaststoffen und sind eine nat\u00fcrliche Quelle zahlreicher gesundheitlicher Vorteile, die die allgemeine Gesundheit von Tieren unterst\u00fctzen.","robots":{"index":"index","follow":"follow","max-snippet":"max-snippet:-1","max-image-preview":"max-image-preview:large","max-video-preview":"max-video-preview:-1"},"canonical":"https:\/\/naturalpoland.com\/de\/produkte\/tierfutterprodukte\/beeren\/","og_locale":"de_DE","og_type":"article","og_title":"Beeren - Gro\u00dfhandelsvertrieb","og_description":"Beeren sind reich an Antioxidantien, Vitaminen, Mineralien und Ballaststoffen und sind eine nat\u00fcrliche Quelle zahlreicher gesundheitlicher Vorteile, die die allgemeine Gesundheit von Tieren unterst\u00fctzen.","og_url":"https:\/\/naturalpoland.com\/de\/produkte\/tierfutterprodukte\/beeren\/","og_site_name":"NATURAL POLAND - IMPORT UND HANDEL VON ROHSTOFFEN","article_publisher":"https:\/\/www.facebook.com\/naturalpoland.b2b","og_image":[{"width":600,"height":600,"url":"https:\/\/naturalpoland.com\/wp-content\/uploads\/jagody-dla-zwierzat.jpg","type":"image\/jpeg"}],"schema":{"@context":"https:\/\/schema.org","@graph":[{"@type":"WebPage","@id":"https:\/\/naturalpoland.com\/de\/produkte\/tierfutterprodukte\/beeren\/","url":"https:\/\/naturalpoland.com\/de\/produkte\/tierfutterprodukte\/beeren\/","name":"Beeren - Gro\u00dfhandelsvertrieb","isPartOf":{"@id":"https:\/\/naturalpoland.com\/de\/#website"},"primaryImageOfPage":{"@id":"https:\/\/naturalpoland.com\/de\/produkte\/tierfutterprodukte\/beeren\/#primaryimage"},"image":{"@id":"https:\/\/naturalpoland.com\/de\/produkte\/tierfutterprodukte\/beeren\/#primaryimage"},"thumbnailUrl":"https:\/\/naturalpoland.com\/wp-content\/uploads\/jagody-dla-zwierzat.jpg","datePublished":"2023-08-11T11:46:36+00:00","description":"Beeren sind reich an Antioxidantien, Vitaminen, Mineralien und Ballaststoffen und sind eine nat\u00fcrliche Quelle zahlreicher gesundheitlicher Vorteile, die die allgemeine Gesundheit von Tieren unterst\u00fctzen.","breadcrumb":{"@id":"https:\/\/naturalpoland.com\/de\/produkte\/tierfutterprodukte\/beeren\/#breadcrumb"},"inLanguage":"de","potentialAction":[{"@type":"ReadAction","target":["https:\/\/naturalpoland.com\/de\/produkte\/tierfutterprodukte\/beeren\/"]}]},{"@type":"ImageObject","inLanguage":"de","@id":"https:\/\/naturalpoland.com\/de\/produkte\/tierfutterprodukte\/beeren\/#primaryimage","url":"https:\/\/naturalpoland.com\/wp-content\/uploads\/jagody-dla-zwierzat.jpg","contentUrl":"https:\/\/naturalpoland.com\/wp-content\/uploads\/jagody-dla-zwierzat.jpg","width":600,"height":600,"caption":"Beeren f\u00fcr Tiere"},{"@type":"BreadcrumbList","@id":"https:\/\/naturalpoland.com\/de\/produkte\/tierfutterprodukte\/beeren\/#breadcrumb","itemListElement":[{"@type":"ListItem","position":1,"name":"Startseite","item":"https:\/\/naturalpoland.com\/de\/"},{"@type":"ListItem","position":2,"name":"Produkte","item":"https:\/\/naturalpoland.com\/de\/produkte\/"},{"@type":"ListItem","position":3,"name":"Beeren"}]},{"@type":"WebSite","@id":"https:\/\/naturalpoland.com\/de\/#website","url":"https:\/\/naturalpoland.com\/de\/","name":"NATURAL POLAND - IMPORT UND HANDEL VON ROHSTOFFEN","description":"Rohstoffe f\u00fcr die Lebensmittelindustrie, Kosmetikindustrie, Pharmaindustrie","publisher":{"@id":"https:\/\/naturalpoland.com\/de\/#organization"},"potentialAction":[{"@type":"SearchAction","target":{"@type":"EntryPoint","urlTemplate":"https:\/\/naturalpoland.com\/de\/?s={search_term_string}"},"query-input":{"@type":"PropertyValueSpecification","valueRequired":true,"valueName":"search_term_string"}}],"inLanguage":"de"},{"@type":"Organization","@id":"https:\/\/naturalpoland.com\/de\/#organization","name":"Natural Poland","url":"https:\/\/naturalpoland.com\/de\/","logo":{"@type":"ImageObject","inLanguage":"de","@id":"https:\/\/naturalpoland.com\/de\/#\/schema\/logo\/image\/","url":"https:\/\/naturalpoland.com\/wp-content\/uploads\/2021\/05\/natural-poland-icon.png","contentUrl":"https:\/\/naturalpoland.com\/wp-content\/uploads\/2021\/05\/natural-poland-icon.png","width":512,"height":512,"caption":"Natural Poland"},"image":{"@id":"https:\/\/naturalpoland.com\/de\/#\/schema\/logo\/image\/"},"sameAs":["https:\/\/www.facebook.com\/naturalpoland.b2b","https:\/\/pl.linkedin.com\/company\/natural-poland","https:\/\/www.youtube.com\/channel\/UCgeGGkvOMahZo-xu_MSEWxg"]}]}},"_links":{"self":[{"href":"https:\/\/naturalpoland.com\/de\/wp-json\/wp\/v2\/product\/25025","targetHints":{"allow":["GET"]}}],"collection":[{"href":"https:\/\/naturalpoland.com\/de\/wp-json\/wp\/v2\/product"}],"about":[{"href":"https:\/\/naturalpoland.com\/de\/wp-json\/wp\/v2\/types\/product"}],"wp:featuredmedia":[{"embeddable":true,"href":"https:\/\/naturalpoland.com\/de\/wp-json\/wp\/v2\/media\/25010"}],"wp:attachment":[{"href":"https:\/\/naturalpoland.com\/de\/wp-json\/wp\/v2\/media?parent=25025"}],"wp:term":[{"taxonomy":"product_brand","embeddable":true,"href":"https:\/\/naturalpoland.com\/de\/wp-json\/wp\/v2\/product_brand?post=25025"},{"taxonomy":"product_cat","embeddable":true,"href":"https:\/\/naturalpoland.com\/de\/wp-json\/wp\/v2\/product_cat?post=25025"},{"taxonomy":"product_tag","embeddable":true,"href":"https:\/\/naturalpoland.com\/de\/wp-json\/wp\/v2\/product_tag?post=25025"}],"curies":[{"name":"wp","href":"https:\/\/api.w.org\/{rel}","templated":true}]}}