{"id":25026,"date":"2023-08-11T13:04:03","date_gmt":"2023-08-11T11:46:36","guid":{"rendered":"https:\/\/naturalpoland.com\/produkty\/unkategorisiert\/getrocknetes-gemuese\/"},"modified":"2023-08-11T13:46:36","modified_gmt":"2023-08-11T11:46:36","slug":"gemuse-getrocknet","status":"publish","type":"product","link":"https:\/\/naturalpoland.com\/de\/produkte\/tierfutterprodukte\/gemuse-getrocknet\/","title":{"rendered":"Getrocknetes Gem\u00fcse"},"content":{"rendered":"<p>Wir bieten eine gro\u00dfe Auswahl an getrocknetem Gem\u00fcse, das nach h\u00f6chsten Qualit\u00e4tsstandards verarbeitet wurde.<\/p>\n<ul>\n<li><strong>Bohnenflocken<\/strong>: Eine ausgezeichnete Quelle f\u00fcr Eiwei\u00df und Ballaststoffe. Ideal zur Anreicherung der Futtermischung.<\/li>\n<li><strong>Brokkoli<\/strong>: Reich an Vitaminen, einschlie\u00dflich Vitamin C und K, und Antioxidantien.<\/li>\n<li><strong>Erbsenflocken<\/strong>: Sie enthalten viel Eiwei\u00df und sind eine hervorragende Quelle f\u00fcr Ballaststoffe.<\/li>\n<li><strong>Gurkenscheiben<\/strong>: Eine gute Quelle f\u00fcr Kalium und Vitamin K.<\/li>\n<li><strong>Johannisbrot<\/strong>: Ein nat\u00fcrliches S\u00fc\u00dfungsmittel, reich an Vitaminen und Mineralien.<\/li>\n<li><strong>Karottenw\u00fcrfel und -scheiben<\/strong>: Liefern Beta-Carotin und B-Vitamine.<\/li>\n<li><strong>Kartoffelw\u00fcrfel und -flocken<\/strong>: Quelle von Vitamin C und Kalium.<\/li>\n<li><strong>K\u00fcrbisflocken<\/strong>: reich an Magnesium, Eisen und wertvollen Antioxidantien.<\/li>\n<li><strong>Lauchflocken<\/strong>: Sie liefern Eisen, Ballaststoffe und Vitamin A.<\/li>\n<li><strong>Rote und gr\u00fcne Paprika<\/strong>: reiche Quelle von Vitamin C und Beta-Carotin.<\/li>\n<li><strong>Pastinaken<\/strong>: Hoher Gehalt an Vitamin C, Fols\u00e4ure und Kalium.<\/li>\n<li><strong>R\u00fcbenwurzel<\/strong>: Enth\u00e4lt Betanin, das eine antioxidative Wirkung hat.<\/li>\n<li><strong>Sellerieflocken<\/strong>: Quelle von B-Vitaminen und Kalium.<\/li>\n<li><strong>S\u00fc\u00dfkartoffel<\/strong>: Reich an Vitamin A und Ballaststoffen.<\/li>\n<li><strong>Tomatenflocken<\/strong>: Eine Quelle f\u00fcr Licopene, ein Kalium-Antioxidans.<\/li>\n<li><strong>Topinambur<\/strong>: Liefert Inulin, einen pr\u00e4biotischen Ballaststoff.<\/li>\n<li><strong>Kohlflocken<\/strong>: Reich an Vitamin C und K.<\/li>\n<li><strong>Gew\u00fcrfelte Zucchini<\/strong>: Quelle von Vitamin C und Kalium.<\/li>\n<\/ul>\n","protected":false},"excerpt":{"rendered":"<p>Gem\u00fcse ist ein wichtiger Bestandteil der Ern\u00e4hrung vieler Tiere und versorgt sie mit wichtigen Vitaminen, Mineralien und Ballaststoffen. Durch das Trocknen von Gem\u00fcse bleiben diese wertvollen N\u00e4hrstoffe erhalten und die Haltbarkeit wird verl\u00e4ngert.<\/p>\n","protected":false},"featured_media":24986,"template":"","meta":{"_acf_changed":false},"product_brand":[],"product_cat":[2511],"product_tag":[],"class_list":{"0":"post-25026","1":"product","2":"type-product","3":"status-publish","4":"has-post-thumbnail","6":"product_cat-tierfutterprodukte","8":"first","9":"instock","10":"shipping-taxable","11":"product-type-simple"},"acf":[],"yoast_head":"<!-- This site is optimized with the Yoast SEO plugin v27.4 - https:\/\/yoast.com\/product\/yoast-seo-wordpress\/ -->\n<title>Getrocknetes Gem\u00fcse - Gro\u00dfhandelsvertrieb<\/title>\n<meta name=\"description\" content=\"Wir bieten eine gro\u00dfe Auswahl an getrocknetem Gem\u00fcse, das nach h\u00f6chsten Qualit\u00e4tsstandards verarbeitet wurde.\" \/>\n<meta name=\"robots\" content=\"index, follow, max-snippet:-1, max-image-preview:large, max-video-preview:-1\" \/>\n<link rel=\"canonical\" href=\"https:\/\/naturalpoland.com\/de\/produkte\/tierfutterprodukte\/gemuse-getrocknet\/\" \/>\n<meta property=\"og:locale\" content=\"de_DE\" \/>\n<meta property=\"og:type\" content=\"article\" \/>\n<meta property=\"og:title\" content=\"Getrocknetes Gem\u00fcse - Gro\u00dfhandelsvertrieb\" \/>\n<meta property=\"og:description\" content=\"Wir bieten eine gro\u00dfe Auswahl an getrocknetem Gem\u00fcse, das nach h\u00f6chsten Qualit\u00e4tsstandards verarbeitet wurde.\" \/>\n<meta property=\"og:url\" content=\"https:\/\/naturalpoland.com\/de\/produkte\/tierfutterprodukte\/gemuse-getrocknet\/\" \/>\n<meta property=\"og:site_name\" content=\"NATURAL POLAND - IMPORT UND HANDEL VON ROHSTOFFEN\" \/>\n<meta property=\"article:publisher\" content=\"https:\/\/www.facebook.com\/naturalpoland.b2b\" \/>\n<meta property=\"og:image\" content=\"https:\/\/naturalpoland.com\/wp-content\/uploads\/warzywa-suszone.jpg\" \/>\n\t<meta property=\"og:image:width\" content=\"600\" \/>\n\t<meta property=\"og:image:height\" content=\"600\" \/>\n\t<meta property=\"og:image:type\" content=\"image\/jpeg\" \/>\n<script type=\"application\/ld+json\" class=\"yoast-schema-graph\">{\"@context\":\"https:\\\/\\\/schema.org\",\"@graph\":[{\"@type\":\"WebPage\",\"@id\":\"https:\\\/\\\/naturalpoland.com\\\/de\\\/produkte\\\/tierfutterprodukte\\\/gemuse-getrocknet\\\/\",\"url\":\"https:\\\/\\\/naturalpoland.com\\\/de\\\/produkte\\\/tierfutterprodukte\\\/gemuse-getrocknet\\\/\",\"name\":\"Getrocknetes Gem\u00fcse - Gro\u00dfhandelsvertrieb\",\"isPartOf\":{\"@id\":\"https:\\\/\\\/naturalpoland.com\\\/de\\\/#website\"},\"primaryImageOfPage\":{\"@id\":\"https:\\\/\\\/naturalpoland.com\\\/de\\\/produkte\\\/tierfutterprodukte\\\/gemuse-getrocknet\\\/#primaryimage\"},\"image\":{\"@id\":\"https:\\\/\\\/naturalpoland.com\\\/de\\\/produkte\\\/tierfutterprodukte\\\/gemuse-getrocknet\\\/#primaryimage\"},\"thumbnailUrl\":\"https:\\\/\\\/naturalpoland.com\\\/wp-content\\\/uploads\\\/warzywa-suszone.jpg\",\"datePublished\":\"2023-08-11T11:46:36+00:00\",\"description\":\"Wir bieten eine gro\u00dfe Auswahl an getrocknetem Gem\u00fcse, das nach h\u00f6chsten Qualit\u00e4tsstandards verarbeitet wurde.\",\"breadcrumb\":{\"@id\":\"https:\\\/\\\/naturalpoland.com\\\/de\\\/produkte\\\/tierfutterprodukte\\\/gemuse-getrocknet\\\/#breadcrumb\"},\"inLanguage\":\"de\",\"potentialAction\":[{\"@type\":\"ReadAction\",\"target\":[\"https:\\\/\\\/naturalpoland.com\\\/de\\\/produkte\\\/tierfutterprodukte\\\/gemuse-getrocknet\\\/\"]}]},{\"@type\":\"ImageObject\",\"inLanguage\":\"de\",\"@id\":\"https:\\\/\\\/naturalpoland.com\\\/de\\\/produkte\\\/tierfutterprodukte\\\/gemuse-getrocknet\\\/#primaryimage\",\"url\":\"https:\\\/\\\/naturalpoland.com\\\/wp-content\\\/uploads\\\/warzywa-suszone.jpg\",\"contentUrl\":\"https:\\\/\\\/naturalpoland.com\\\/wp-content\\\/uploads\\\/warzywa-suszone.jpg\",\"width\":600,\"height\":600,\"caption\":\"Trockengem\u00fcse\"},{\"@type\":\"BreadcrumbList\",\"@id\":\"https:\\\/\\\/naturalpoland.com\\\/de\\\/produkte\\\/tierfutterprodukte\\\/gemuse-getrocknet\\\/#breadcrumb\",\"itemListElement\":[{\"@type\":\"ListItem\",\"position\":1,\"name\":\"Startseite\",\"item\":\"https:\\\/\\\/naturalpoland.com\\\/de\\\/\"},{\"@type\":\"ListItem\",\"position\":2,\"name\":\"Produkte\",\"item\":\"https:\\\/\\\/naturalpoland.com\\\/de\\\/produkte\\\/\"},{\"@type\":\"ListItem\",\"position\":3,\"name\":\"Getrocknetes Gem\u00fcse\"}]},{\"@type\":\"WebSite\",\"@id\":\"https:\\\/\\\/naturalpoland.com\\\/de\\\/#website\",\"url\":\"https:\\\/\\\/naturalpoland.com\\\/de\\\/\",\"name\":\"NATURAL POLAND - IMPORT UND HANDEL VON ROHSTOFFEN\",\"description\":\"Rohstoffe f\u00fcr die Lebensmittelindustrie, Kosmetikindustrie, Pharmaindustrie\",\"publisher\":{\"@id\":\"https:\\\/\\\/naturalpoland.com\\\/de\\\/#organization\"},\"potentialAction\":[{\"@type\":\"SearchAction\",\"target\":{\"@type\":\"EntryPoint\",\"urlTemplate\":\"https:\\\/\\\/naturalpoland.com\\\/de\\\/?s={search_term_string}\"},\"query-input\":{\"@type\":\"PropertyValueSpecification\",\"valueRequired\":true,\"valueName\":\"search_term_string\"}}],\"inLanguage\":\"de\"},{\"@type\":\"Organization\",\"@id\":\"https:\\\/\\\/naturalpoland.com\\\/de\\\/#organization\",\"name\":\"Natural Poland\",\"url\":\"https:\\\/\\\/naturalpoland.com\\\/de\\\/\",\"logo\":{\"@type\":\"ImageObject\",\"inLanguage\":\"de\",\"@id\":\"https:\\\/\\\/naturalpoland.com\\\/de\\\/#\\\/schema\\\/logo\\\/image\\\/\",\"url\":\"https:\\\/\\\/naturalpoland.com\\\/wp-content\\\/uploads\\\/2021\\\/05\\\/natural-poland-icon.png\",\"contentUrl\":\"https:\\\/\\\/naturalpoland.com\\\/wp-content\\\/uploads\\\/2021\\\/05\\\/natural-poland-icon.png\",\"width\":512,\"height\":512,\"caption\":\"Natural Poland\"},\"image\":{\"@id\":\"https:\\\/\\\/naturalpoland.com\\\/de\\\/#\\\/schema\\\/logo\\\/image\\\/\"},\"sameAs\":[\"https:\\\/\\\/www.facebook.com\\\/naturalpoland.b2b\",\"https:\\\/\\\/pl.linkedin.com\\\/company\\\/natural-poland\",\"https:\\\/\\\/www.youtube.com\\\/channel\\\/UCgeGGkvOMahZo-xu_MSEWxg\"]}]}<\/script>\n<!-- \/ Yoast SEO plugin. -->","yoast_head_json":{"title":"Getrocknetes Gem\u00fcse - Gro\u00dfhandelsvertrieb","description":"Wir bieten eine gro\u00dfe Auswahl an getrocknetem Gem\u00fcse, das nach h\u00f6chsten Qualit\u00e4tsstandards verarbeitet wurde.","robots":{"index":"index","follow":"follow","max-snippet":"max-snippet:-1","max-image-preview":"max-image-preview:large","max-video-preview":"max-video-preview:-1"},"canonical":"https:\/\/naturalpoland.com\/de\/produkte\/tierfutterprodukte\/gemuse-getrocknet\/","og_locale":"de_DE","og_type":"article","og_title":"Getrocknetes Gem\u00fcse - Gro\u00dfhandelsvertrieb","og_description":"Wir bieten eine gro\u00dfe Auswahl an getrocknetem Gem\u00fcse, das nach h\u00f6chsten Qualit\u00e4tsstandards verarbeitet wurde.","og_url":"https:\/\/naturalpoland.com\/de\/produkte\/tierfutterprodukte\/gemuse-getrocknet\/","og_site_name":"NATURAL POLAND - IMPORT UND HANDEL VON ROHSTOFFEN","article_publisher":"https:\/\/www.facebook.com\/naturalpoland.b2b","og_image":[{"width":600,"height":600,"url":"https:\/\/naturalpoland.com\/wp-content\/uploads\/warzywa-suszone.jpg","type":"image\/jpeg"}],"schema":{"@context":"https:\/\/schema.org","@graph":[{"@type":"WebPage","@id":"https:\/\/naturalpoland.com\/de\/produkte\/tierfutterprodukte\/gemuse-getrocknet\/","url":"https:\/\/naturalpoland.com\/de\/produkte\/tierfutterprodukte\/gemuse-getrocknet\/","name":"Getrocknetes Gem\u00fcse - Gro\u00dfhandelsvertrieb","isPartOf":{"@id":"https:\/\/naturalpoland.com\/de\/#website"},"primaryImageOfPage":{"@id":"https:\/\/naturalpoland.com\/de\/produkte\/tierfutterprodukte\/gemuse-getrocknet\/#primaryimage"},"image":{"@id":"https:\/\/naturalpoland.com\/de\/produkte\/tierfutterprodukte\/gemuse-getrocknet\/#primaryimage"},"thumbnailUrl":"https:\/\/naturalpoland.com\/wp-content\/uploads\/warzywa-suszone.jpg","datePublished":"2023-08-11T11:46:36+00:00","description":"Wir bieten eine gro\u00dfe Auswahl an getrocknetem Gem\u00fcse, das nach h\u00f6chsten Qualit\u00e4tsstandards verarbeitet wurde.","breadcrumb":{"@id":"https:\/\/naturalpoland.com\/de\/produkte\/tierfutterprodukte\/gemuse-getrocknet\/#breadcrumb"},"inLanguage":"de","potentialAction":[{"@type":"ReadAction","target":["https:\/\/naturalpoland.com\/de\/produkte\/tierfutterprodukte\/gemuse-getrocknet\/"]}]},{"@type":"ImageObject","inLanguage":"de","@id":"https:\/\/naturalpoland.com\/de\/produkte\/tierfutterprodukte\/gemuse-getrocknet\/#primaryimage","url":"https:\/\/naturalpoland.com\/wp-content\/uploads\/warzywa-suszone.jpg","contentUrl":"https:\/\/naturalpoland.com\/wp-content\/uploads\/warzywa-suszone.jpg","width":600,"height":600,"caption":"Trockengem\u00fcse"},{"@type":"BreadcrumbList","@id":"https:\/\/naturalpoland.com\/de\/produkte\/tierfutterprodukte\/gemuse-getrocknet\/#breadcrumb","itemListElement":[{"@type":"ListItem","position":1,"name":"Startseite","item":"https:\/\/naturalpoland.com\/de\/"},{"@type":"ListItem","position":2,"name":"Produkte","item":"https:\/\/naturalpoland.com\/de\/produkte\/"},{"@type":"ListItem","position":3,"name":"Getrocknetes Gem\u00fcse"}]},{"@type":"WebSite","@id":"https:\/\/naturalpoland.com\/de\/#website","url":"https:\/\/naturalpoland.com\/de\/","name":"NATURAL POLAND - IMPORT UND HANDEL VON ROHSTOFFEN","description":"Rohstoffe f\u00fcr die Lebensmittelindustrie, Kosmetikindustrie, Pharmaindustrie","publisher":{"@id":"https:\/\/naturalpoland.com\/de\/#organization"},"potentialAction":[{"@type":"SearchAction","target":{"@type":"EntryPoint","urlTemplate":"https:\/\/naturalpoland.com\/de\/?s={search_term_string}"},"query-input":{"@type":"PropertyValueSpecification","valueRequired":true,"valueName":"search_term_string"}}],"inLanguage":"de"},{"@type":"Organization","@id":"https:\/\/naturalpoland.com\/de\/#organization","name":"Natural Poland","url":"https:\/\/naturalpoland.com\/de\/","logo":{"@type":"ImageObject","inLanguage":"de","@id":"https:\/\/naturalpoland.com\/de\/#\/schema\/logo\/image\/","url":"https:\/\/naturalpoland.com\/wp-content\/uploads\/2021\/05\/natural-poland-icon.png","contentUrl":"https:\/\/naturalpoland.com\/wp-content\/uploads\/2021\/05\/natural-poland-icon.png","width":512,"height":512,"caption":"Natural Poland"},"image":{"@id":"https:\/\/naturalpoland.com\/de\/#\/schema\/logo\/image\/"},"sameAs":["https:\/\/www.facebook.com\/naturalpoland.b2b","https:\/\/pl.linkedin.com\/company\/natural-poland","https:\/\/www.youtube.com\/channel\/UCgeGGkvOMahZo-xu_MSEWxg"]}]}},"_links":{"self":[{"href":"https:\/\/naturalpoland.com\/de\/wp-json\/wp\/v2\/product\/25026","targetHints":{"allow":["GET"]}}],"collection":[{"href":"https:\/\/naturalpoland.com\/de\/wp-json\/wp\/v2\/product"}],"about":[{"href":"https:\/\/naturalpoland.com\/de\/wp-json\/wp\/v2\/types\/product"}],"wp:featuredmedia":[{"embeddable":true,"href":"https:\/\/naturalpoland.com\/de\/wp-json\/wp\/v2\/media\/24986"}],"wp:attachment":[{"href":"https:\/\/naturalpoland.com\/de\/wp-json\/wp\/v2\/media?parent=25026"}],"wp:term":[{"taxonomy":"product_brand","embeddable":true,"href":"https:\/\/naturalpoland.com\/de\/wp-json\/wp\/v2\/product_brand?post=25026"},{"taxonomy":"product_cat","embeddable":true,"href":"https:\/\/naturalpoland.com\/de\/wp-json\/wp\/v2\/product_cat?post=25026"},{"taxonomy":"product_tag","embeddable":true,"href":"https:\/\/naturalpoland.com\/de\/wp-json\/wp\/v2\/product_tag?post=25026"}],"curies":[{"name":"wp","href":"https:\/\/api.w.org\/{rel}","templated":true}]}}