{"id":25244,"date":"2023-09-01T09:36:08","date_gmt":"2023-09-01T07:36:08","guid":{"rendered":"https:\/\/naturalpoland.com\/produkty\/unkategorisiert\/kollagen\/"},"modified":"2026-03-23T11:23:28","modified_gmt":"2026-03-23T10:23:28","slug":"kollagen","status":"publish","type":"product","link":"https:\/\/naturalpoland.com\/de\/produkte\/produkte-fur-die-pharmaindustrie\/nahrungserganzungmittel\/kollagen\/","title":{"rendered":"Kollagen"},"content":{"rendered":"<h2>Fischkollagen<\/h2>\n<p><strong>Fischkollagenpeptid Typ I<\/strong> wird durch Hydrolyse von Gelatine aus Fischhaut gewonnen. Es ist ein reiner, nat\u00fcrlicher Inhaltsstoff mit einem hohen Proteingehalt von \u00fcber 94 % in der Trockenmasse. Es enth\u00e4lt 18 Aminos\u00e4uren (u. a. Glycin, Prolin, Hydroxyprolin, Arginin, Leucin, Lysin), von denen 7 essenziell sind.  <\/p>\n<p>Das Produkt ist als Pulver und Granulat erh\u00e4ltlich, wobei die granulierte Form eine schnellere L\u00f6slichkeit gew\u00e4hrleistet. Es kann in Nahrungserg\u00e4nzungsmitteln, kosmetischen Produkten sowie in funktionellen Lebensmitteln verwendet werden. <\/p>\n<p>&nbsp;<\/p>\n<h2 id=\"hydrolizat-kolagenu-z-indyka\">Truthahnkollagenhydrolysat<\/h2>\n<p>Die kontrollierte Hydrolyse von Kollagen tierischen Ursprungs f\u00fchrt zu einer Mischung von Peptiden unterschiedlicher Molekularmasse, die sich durch eine sehr gute Wasserl\u00f6slichkeit (auch bei niedrigen Temperaturen) und hohe Bioverf\u00fcgbarkeit auszeichnen.<\/p>\n<p>Das angebotene Kollagen enth\u00e4lt <strong>\u226590 % Protein<\/strong> und kann in verschiedenen Fraktionen (niedrige, mittlere Molekularmasse oder volles Spektrum) vorliegen. Das Produkt enth\u00e4lt nat\u00fcrlich vorkommende Strukturkomponenten: <strong>Hydroxyprolin<\/strong> und <strong>Prolin<\/strong>, <strong>Glycin<\/strong> (ca. 14,6 g\/100 g Protein) sowie <strong>Glutamins\u00e4ure<\/strong> (~11,4 g\/100 g). Zus\u00e4tzlich kann es Spuren von Verbindungen enthalten, die die Struktur des Bindegewebes unterst\u00fctzen, wie <strong>Chondroitinsulfat<\/strong> oder <strong>Glucosamin<\/strong>. Das Aminos\u00e4ureprofil umfasst auch essenzielle und verzweigtkettige Aminos\u00e4uren (<strong>BCAA<\/strong>), was seine Attraktivit\u00e4t f\u00fcr nutrazeutische Anwendungen erh\u00f6ht.   <\/p>\n<p>In Lebensmittel- und Nahrungserg\u00e4nzungsmittelformulierungen wird Truthahnkollagenhydrolysat als funktioneller Inhaltsstoff verwendet, der <strong>Geschmack und Geruch des Produkts nicht wesentlich beeinflusst.<\/strong> Es kann sowohl in Getr\u00e4nken als auch in Pulver- oder Kapselprodukten eingesetzt werden.<\/p>\n<p>Truthahnkollagenhydrolysat ist BRCGS Food, IFS Food, IFS Logistics und Halal zertifiziert.<\/p>\n<p>&nbsp;<\/p>\n<h2>Hydrolysiertes Rinderkollagen<\/h2>\n<p>Hydrolysiertes Rinderkollagen wird aus zertifizierten Rohstoffen aus der T\u00fcrkei gewonnen. Es ist ein Inhaltsstoff mit einem sehr hohen Proteingehalt von ca. 94,4 %, was seine Qualit\u00e4t und hohe Konzentration an aktiven Peptiden belegt. Dank eines fortschrittlichen Hydrolyseprozesses wird das Kollagen in kleine, leicht resorbierbare Peptide zerlegt, die sich durch hohe Bioverf\u00fcgbarkeit und hervorragende Wasserl\u00f6slichkeit auszeichnen. Viskosit\u00e4tsparameter im Bereich von 3,6\u20133,99 mPa\u00b7s erleichtern die Anwendung in verschiedenen Formulierungen, sowohl <strong>fl\u00fcssigen als auch pulverf\u00f6rmigen<\/strong>. Der Rohstoff zeichnet sich zudem durch eine <strong>sehr gute Transparenz der L\u00f6sung<\/strong> aus, was den Einsatz in funktionellen Getr\u00e4nken und Produkten erm\u00f6glicht, bei denen Transparenz entscheidend ist.     <\/p>\n<p>Kollagenpeptid ist praktisch <strong>geruchlos<\/strong> und <strong>farbneutral<\/strong>. Mikrobiologische Analysen best\u00e4tigen, dass das Produkt f\u00fcr <strong>Lebensmittel- und Kosmetikanwendungen<\/strong> absolut sicher ist. <\/p>\n<p>Kollagenpeptide, reich an Aminos\u00e4uren wie Glycin, Prolin und Hydroxyprolin, unterst\u00fctzen die <strong>Kollagensynthese in der Haut<\/strong>, verbessern deren Elastizit\u00e4t und Feuchtigkeitsgehalt und helfen, die Sichtbarkeit feiner Falten zu reduzieren. Der Rohstoff eignet sich auch hervorragend <strong>f\u00fcr Nahrungserg\u00e4nzungsmittel f\u00fcr Sportler und aktive Personen<\/strong>, da er die Regeneration des Bindegewebes, die Gelenkgesundheit und die Erholungsprozesse nach dem Training unterst\u00fctzt. In Lebensmitteln und Nutrazeutika machen sein neutraler Geschmack, seine Klarheit und leichte Mischbarkeit ihn zu einem attraktiven Rohstoff f\u00fcr die Herstellung von Kollagengetr\u00e4nken, Instantpulvern und funktionellen Riegeln.  <\/p>\n<p>In kosmetischen Anwendungen dient hydrolysiertes Kollagen als <strong>feuchtigkeitsspendender und gl\u00e4ttender Inhaltsstoff<\/strong>, der den Komfort und Zustand der Haut verbessert, insbesondere bei dehydrierter und st\u00e4rkungsbed\u00fcrftiger Haut. Es ist eine wertvolle Komponente in Cremes, Seren, Lotionen und Pflege masken. <\/p>\n<h2><\/h2>\n<h2>Eigenschaften von Kollagen<\/h2>\n<p>Die Hauptaufgabe von Kollagen ist es, dem K\u00f6rper Struktur, Festigkeit und Unterst\u00fctzung zu verleihen. Zu den spezifischen Aufgaben von Kollagen geh\u00f6ren: <strong>Fibroblasten bei der Bildung der Dermis<\/strong> (mittlere Hautschicht) zu unterst\u00fctzen, was das Wachstum neuer Zellen f\u00f6rdert, eine Schutzschicht f\u00fcr Organe zu bilden, der Haut Struktur, Festigkeit und Elastizit\u00e4t zu verleihen und an der Blutgerinnung beteiligt zu sein.<\/p>\n<p>In unserem Gro\u00dfhandelsangebot pr\u00e4sentieren wir Kollagen h\u00f6chster Qualit\u00e4t, dessen regelm\u00e4\u00dfiger Verzehr den Hautalterungsprozessen entgegenwirken, die Sichtbarkeit feiner Linien und Falten reduzieren sowie die Regeneration von Haaren und N\u00e4geln unterst\u00fctzen kann. Dank seiner Eigenschaften, die die Produktion neuer Hautzellen unterst\u00fctzen, ist Kollagen auch f\u00fcr die Wundheilung und Geweberegeneration von unsch\u00e4tzbarem Wert.<\/p>\n<p>Neben den kosmetischen Vorteilen ist Kollagen <strong>essenziell f\u00fcr die Gesundheit von Gelenken und B\u00e4ndern<\/strong>. Sein Verzehr kann helfen, Schmerzen zu lindern, die Gelenkflexibilit\u00e4t zu verbessern und die Knochengesundheit zu unterst\u00fctzen. <\/p>\n<p>&nbsp;<\/p>\n<h2>Wer sollte Kollagen erg\u00e4nzen?<\/h2>\n<p>Mit zunehmendem Alter produziert der K\u00f6rper weniger Kollagen, und bestehendes Kollagen wird schneller abgebaut. Frauen erleben nach der Menopause einen deutlichen R\u00fcckgang der Kollagenproduktion. Ein R\u00fcckgang der Kollagenproduktion nach dem 60. Lebensjahr ist ein nat\u00fcrliches Ph\u00e4nomen bei jedem Menschen. Eine proteinarme Ern\u00e4hrung kann dazu f\u00fchren, dass der Kollagenspiegel im K\u00f6rper nicht ausreicht. Dies kann sich durch Symptome wie faltige oder schlaffe Haut, Schwellungen um die Augen, geschw\u00e4chte Muskeln, steifere, weniger elastische Sehnen und B\u00e4nder, Gelenkschmerzen oder Arthrose aufgrund von Knorpelabnutzung oder Probleme mit dem Blutfluss bemerkbar machen.     <\/p>\n<p>Im Kontext der Nahrungserg\u00e4nzung wird Kollagen Personen empfohlen, die <strong>auf ihre Gesundheit und Sch\u00f6nheit achten<\/strong>, sowie <strong>aktiven Personen<\/strong>, <strong>Sportlern<\/strong> und <strong>\u00e4lteren Menschen<\/strong>.<\/p>\n<p>&nbsp;<\/p>\n<h2>Was zerst\u00f6rt Kollagen im K\u00f6rper?<\/h2>\n<p>Umweltfaktoren, die die Kollagensynthese reduzieren, sind u. a. <strong>Rauchen<\/strong>, das die Kollagenproduktion verringert. Es sch\u00e4digt Kollagen und Elastin, f\u00fchrt zur Faltenbildung und verlangsamt die Wundheilung. Nikotin verengt die Blutgef\u00e4\u00dfe nahe der Hautoberfl\u00e4che, wodurch die Zufuhr von Sauerstoff und N\u00e4hrstoffen behindert wird.   <\/p>\n<p>Ein weiterer ung\u00fcnstiger Faktor ist der <strong>\u00fcberm\u00e4\u00dfige Verzehr von Zucker und raffinierten Kohlenhydraten<\/strong>. Zucker verbindet sich mit Proteinen, und die entstandenen Molek\u00fcle sch\u00e4digen benachbarte Proteine und machen Kollagen schwach und br\u00fcchig. <\/p>\n<p>Auch die <strong>Exposition gegen\u00fcber ultravioletter Strahlung<\/strong> wirkt sich negativ auf die Kollagenstruktur in der Haut aus. Zu viel Sonnenlicht reduziert die Kollagenproduktion und beschleunigt dessen Abbau, was zur Faltenbildung f\u00fchrt. <\/p>\n<p>Andere Faktoren, die zu Kollagenmangel im K\u00f6rper f\u00fchren, sind <strong>Autoimmunerkrankungen<\/strong> (rheumatoide Arthritis, Lupus, Dermatomyositis und Sklerodermie) und <strong>genetische Mutationen<\/strong> (Ehlers-Danlos-Syndrom und Osteogenesis imperfecta).<\/p>\n<p>&nbsp;<\/p>\n<h2>Welches Kollagen w\u00e4hlen?<\/h2>\n<p>Es wurden <strong>etwa 28 Kollagentypen<\/strong> identifiziert. Sie unterscheiden sich in der Art und Weise, wie sich die Molek\u00fcle verbinden, den hinzugef\u00fcgten Zellkomponenten und dem Ort, an dem das Kollagen im K\u00f6rper verwendet wird. <\/p>\n<p>Die Hauptaminos\u00e4uren, aus denen Kollagen besteht, sind <strong>Prolin<\/strong>, <strong>Glycin<\/strong> und <strong>Hydroxyprolin<\/strong>. Alle Kollagenfasern haben mindestens eine Tripelhelixstruktur. <\/p>\n<p><strong>Im K\u00f6rper gibt es f\u00fcnf verschiedene Kollagentypen:<\/strong><\/p>\n<p>&#8211; <strong>Typ 1<\/strong> \u2013 macht etwa 90 % des gesamten Kollagens im K\u00f6rper aus. Es befindet sich in Haut, Bindegewebe, Sehnen, Z\u00e4hnen und Knochen. <\/p>\n<p>&#8211; <strong>Typ 2<\/strong> \u2013 befindet sich im Gelenkknorpel.<\/p>\n<p>&#8211; <strong>Typ 3<\/strong> \u2013 kommt in Muskel-, Organ- und Arterienstrukturen vor.<\/p>\n<p>&#8211; <strong>Typ 4<\/strong> \u2013 befindet sich in den Schichten und der Membran der Haut.<\/p>\n<p>&#8211; <strong>Typ 5<\/strong> \u2013 kommt in Haaren, der Hornhaut der Augen sowie in der Plazenta w\u00e4hrend der Schwangerschaft vor.<\/p>\n<p>Es sind verschiedene Arten von Kollagenpr\u00e4paraten erh\u00e4ltlich: <strong>tierisches<\/strong> und <strong>marines (aus Fisch)<\/strong> sowie <strong>veganes<\/strong>. Vegane Produkte liefern Kollagenvorl\u00e4ufer, da nat\u00fcrlich vorkommendes Kollagen ausschlie\u00dflich aus tierischen Quellen stammt. <\/p>\n<p>&nbsp;<\/p>\n<h2>Wie man Kollagen anwendet<\/h2>\n<p>Kollagen kann je nach Vorliebe Smoothies oder dem Morgenkaffee zugesetzt oder in Kapselform eingenommen werden. Die t\u00e4glich ben\u00f6tigte Menge an Kollagen h\u00e4ngt von seiner Art, Form und dem Grund der Supplementierung ab. <\/p>\n<p>J\u00fcngste Studien deuten darauf hin, dass hydrolysiertes Kollagen in Dosen von 2,5 g bis 15 g pro Tag sicher und wirksam ist. Eine geringere Dosis von 2,5 g kann sich positiv auf Gelenkschmerzen, Hautgesundheit und Hydratation auswirken, w\u00e4hrend 5 g pro Tag sich als vorteilhaft f\u00fcr die Knochengesundheit erwiesen haben; gr\u00f6\u00dfere Dosen von 15 g wurden zur Verbesserung der K\u00f6rperzusammensetzung und Muskelmasse eingesetzt. <\/p>\n<p>&nbsp;<\/p>\n<h2>Wie man den Kollagenspiegel im K\u00f6rper erh\u00f6ht<\/h2>\n<p>Kollagen kann dem K\u00f6rper durch eine ausgewogene Ern\u00e4hrung zugef\u00fchrt werden, die reich an H\u00fclsenfr\u00fcchten, Meeresfr\u00fcchten, Fleisch, Gefl\u00fcgel, Milchprodukten und Eiern ist. Es ist jedoch zu beachten, dass der K\u00f6rper die aufgenommenen Kollagenproteine in Aminos\u00e4uren zerlegt, aus denen er dann die fehlenden Proteine neu synthetisiert. Daher f\u00fchrt <strong>der Verzehr von kollagenreichen Lebensmitteln nicht direkt zu einem h\u00f6heren Kollagenspiegel im K\u00f6rper<\/strong>, wenn zu diesem Zeitpunkt andere Proteine ben\u00f6tigt werden. Dennoch gibt es viele Lebensmittel und Nahrungserg\u00e4nzungsmittel, die Inhaltsstoffe liefern, die die Kollagenproduktion unterst\u00fctzen. Diese enthalten die Aminos\u00e4uren Prolin und Glycin. Vitamin C, Zink und Kupfer sind ebenfalls f\u00fcr den Kollagenbildungsprozess unerl\u00e4sslich.     <\/p>\n<p>Neben der Ern\u00e4hrung kann man auch \u00fcber die <strong>Unterst\u00fctzung durch Nahrungserg\u00e4nzungsmittel<\/strong> nachdenken. Studien haben gezeigt, dass Kollagenpeptide wahrscheinlich wirksam sind, um die Hydratation und Elastizit\u00e4t der Haut zu verbessern. Sie sind wahrscheinlich auch wirksam bei der Linderung von Schmerzen und der Verbesserung der Gelenkfunktion bei Personen mit Kniearthrose.  <\/p>\n<hr>\n<h5 class=\"author-name uppercase pt-half\"><strong><small>M. Sc. Misza Kinsner<\/small><\/strong><\/h5>\n<p class=\"author-desc small\"><small>Doktorandin und wissenschaftliche Mitarbeiterin am Institut f\u00fcr Tierphysiologie und Ern\u00e4hrung in Jab\u0142onna mit Ausbildung in den Bereichen Humanern\u00e4hrung, Lebensmittelbewertung und Sicherheitssysteme in der Lebensmittelproduktion. Interessiert sich f\u00fcr Wissenschaft aus verschiedenen Bereichen, u. a. Physik, Biologie, Nutrigenomik und Nutrigenetik.  <\/small><\/p>\n<p>&nbsp;<\/p>\n","protected":false},"excerpt":{"rendered":"<p><strong>Kollagen<\/strong> ist das am h\u00e4ufigsten vorkommende Protein im K\u00f6rper; es befindet sich in Knochen, Haut, Muskeln und Sehnen. Es ist an Prozessen wie der Unterst\u00fctzung der Blutgerinnung, der Wundheilung und dem Schutz des Nervensystems beteiligt. Mit zunehmendem Alter nimmt die Kollagenproduktion nat\u00fcrlich ab, und die Einnahme von Nahrungserg\u00e4nzungsmitteln oder Lebensmitteln, die Kollagen enthalten, kann gesundheitliche und kosmetische Vorteile bringen.  <\/p>\n","protected":false},"featured_media":25238,"template":"","meta":{"_acf_changed":false},"product_brand":[],"product_cat":[373],"product_tag":[],"class_list":{"0":"post-25244","1":"product","2":"type-product","3":"status-publish","4":"has-post-thumbnail","6":"product_cat-nahrungserganzungmittel","8":"first","9":"instock","10":"shipping-taxable","11":"product-type-simple"},"acf":[],"yoast_head":"<!-- This site is optimized with the Yoast SEO plugin v27.4 - https:\/\/yoast.com\/product\/yoast-seo-wordpress\/ -->\n<title>Kollagen - NATURAL POLAND - IMPORT UND HANDEL VON ROHSTOFFEN<\/title>\n<meta name=\"description\" content=\"Kollagen ist ein unverzichtbarer Bestandteil von Nahrungserg\u00e4nzungsmitteln und unterst\u00fctzt die Gesundheit von Haut, Haaren, N\u00e4geln, Gelenken und Knochen.\" \/>\n<meta name=\"robots\" content=\"index, follow, max-snippet:-1, max-image-preview:large, max-video-preview:-1\" \/>\n<link rel=\"canonical\" href=\"https:\/\/naturalpoland.com\/de\/produkte\/produkte-fur-die-pharmaindustrie\/nahrungserganzungmittel\/kollagen\/\" \/>\n<meta property=\"og:locale\" content=\"de_DE\" \/>\n<meta property=\"og:type\" content=\"article\" \/>\n<meta property=\"og:title\" content=\"Kollagen - NATURAL POLAND - IMPORT UND HANDEL VON ROHSTOFFEN\" \/>\n<meta property=\"og:description\" content=\"Kollagen ist ein unverzichtbarer Bestandteil von Nahrungserg\u00e4nzungsmitteln und unterst\u00fctzt die Gesundheit von Haut, Haaren, N\u00e4geln, Gelenken und Knochen.\" \/>\n<meta property=\"og:url\" content=\"https:\/\/naturalpoland.com\/de\/produkte\/produkte-fur-die-pharmaindustrie\/nahrungserganzungmittel\/kollagen\/\" \/>\n<meta property=\"og:site_name\" content=\"NATURAL POLAND - IMPORT UND HANDEL VON ROHSTOFFEN\" \/>\n<meta property=\"article:publisher\" content=\"https:\/\/www.facebook.com\/naturalpoland.b2b\" \/>\n<meta property=\"article:modified_time\" content=\"2026-03-23T10:23:28+00:00\" \/>\n<meta property=\"og:image\" content=\"https:\/\/naturalpoland.com\/wp-content\/uploads\/collagen.jpg\" \/>\n\t<meta property=\"og:image:width\" content=\"592\" \/>\n\t<meta property=\"og:image:height\" content=\"592\" \/>\n\t<meta property=\"og:image:type\" content=\"image\/jpeg\" \/>\n<script type=\"application\/ld+json\" class=\"yoast-schema-graph\">{\"@context\":\"https:\\\/\\\/schema.org\",\"@graph\":[{\"@type\":\"WebPage\",\"@id\":\"https:\\\/\\\/naturalpoland.com\\\/de\\\/produkte\\\/produkte-fur-die-pharmaindustrie\\\/nahrungserganzungmittel\\\/kollagen\\\/\",\"url\":\"https:\\\/\\\/naturalpoland.com\\\/de\\\/produkte\\\/produkte-fur-die-pharmaindustrie\\\/nahrungserganzungmittel\\\/kollagen\\\/\",\"name\":\"Kollagen - NATURAL POLAND - IMPORT UND HANDEL VON ROHSTOFFEN\",\"isPartOf\":{\"@id\":\"https:\\\/\\\/naturalpoland.com\\\/de\\\/#website\"},\"primaryImageOfPage\":{\"@id\":\"https:\\\/\\\/naturalpoland.com\\\/de\\\/produkte\\\/produkte-fur-die-pharmaindustrie\\\/nahrungserganzungmittel\\\/kollagen\\\/#primaryimage\"},\"image\":{\"@id\":\"https:\\\/\\\/naturalpoland.com\\\/de\\\/produkte\\\/produkte-fur-die-pharmaindustrie\\\/nahrungserganzungmittel\\\/kollagen\\\/#primaryimage\"},\"thumbnailUrl\":\"https:\\\/\\\/naturalpoland.com\\\/wp-content\\\/uploads\\\/collagen.jpg\",\"datePublished\":\"2023-09-01T07:36:08+00:00\",\"dateModified\":\"2026-03-23T10:23:28+00:00\",\"description\":\"Kollagen ist ein unverzichtbarer Bestandteil von Nahrungserg\u00e4nzungsmitteln und unterst\u00fctzt die Gesundheit von Haut, Haaren, N\u00e4geln, Gelenken und Knochen.\",\"breadcrumb\":{\"@id\":\"https:\\\/\\\/naturalpoland.com\\\/de\\\/produkte\\\/produkte-fur-die-pharmaindustrie\\\/nahrungserganzungmittel\\\/kollagen\\\/#breadcrumb\"},\"inLanguage\":\"de\",\"potentialAction\":[{\"@type\":\"ReadAction\",\"target\":[\"https:\\\/\\\/naturalpoland.com\\\/de\\\/produkte\\\/produkte-fur-die-pharmaindustrie\\\/nahrungserganzungmittel\\\/kollagen\\\/\"]}]},{\"@type\":\"ImageObject\",\"inLanguage\":\"de\",\"@id\":\"https:\\\/\\\/naturalpoland.com\\\/de\\\/produkte\\\/produkte-fur-die-pharmaindustrie\\\/nahrungserganzungmittel\\\/kollagen\\\/#primaryimage\",\"url\":\"https:\\\/\\\/naturalpoland.com\\\/wp-content\\\/uploads\\\/collagen.jpg\",\"contentUrl\":\"https:\\\/\\\/naturalpoland.com\\\/wp-content\\\/uploads\\\/collagen.jpg\",\"width\":592,\"height\":592,\"caption\":\"Kollagen\"},{\"@type\":\"BreadcrumbList\",\"@id\":\"https:\\\/\\\/naturalpoland.com\\\/de\\\/produkte\\\/produkte-fur-die-pharmaindustrie\\\/nahrungserganzungmittel\\\/kollagen\\\/#breadcrumb\",\"itemListElement\":[{\"@type\":\"ListItem\",\"position\":1,\"name\":\"Startseite\",\"item\":\"https:\\\/\\\/naturalpoland.com\\\/de\\\/\"},{\"@type\":\"ListItem\",\"position\":2,\"name\":\"Produkte\",\"item\":\"https:\\\/\\\/naturalpoland.com\\\/de\\\/produkte\\\/\"},{\"@type\":\"ListItem\",\"position\":3,\"name\":\"Kollagen\"}]},{\"@type\":\"WebSite\",\"@id\":\"https:\\\/\\\/naturalpoland.com\\\/de\\\/#website\",\"url\":\"https:\\\/\\\/naturalpoland.com\\\/de\\\/\",\"name\":\"NATURAL POLAND - IMPORT UND HANDEL VON ROHSTOFFEN\",\"description\":\"Rohstoffe f\u00fcr die Lebensmittelindustrie, Kosmetikindustrie, Pharmaindustrie\",\"publisher\":{\"@id\":\"https:\\\/\\\/naturalpoland.com\\\/de\\\/#organization\"},\"potentialAction\":[{\"@type\":\"SearchAction\",\"target\":{\"@type\":\"EntryPoint\",\"urlTemplate\":\"https:\\\/\\\/naturalpoland.com\\\/de\\\/?s={search_term_string}\"},\"query-input\":{\"@type\":\"PropertyValueSpecification\",\"valueRequired\":true,\"valueName\":\"search_term_string\"}}],\"inLanguage\":\"de\"},{\"@type\":\"Organization\",\"@id\":\"https:\\\/\\\/naturalpoland.com\\\/de\\\/#organization\",\"name\":\"Natural Poland\",\"url\":\"https:\\\/\\\/naturalpoland.com\\\/de\\\/\",\"logo\":{\"@type\":\"ImageObject\",\"inLanguage\":\"de\",\"@id\":\"https:\\\/\\\/naturalpoland.com\\\/de\\\/#\\\/schema\\\/logo\\\/image\\\/\",\"url\":\"https:\\\/\\\/naturalpoland.com\\\/wp-content\\\/uploads\\\/2021\\\/05\\\/natural-poland-icon.png\",\"contentUrl\":\"https:\\\/\\\/naturalpoland.com\\\/wp-content\\\/uploads\\\/2021\\\/05\\\/natural-poland-icon.png\",\"width\":512,\"height\":512,\"caption\":\"Natural Poland\"},\"image\":{\"@id\":\"https:\\\/\\\/naturalpoland.com\\\/de\\\/#\\\/schema\\\/logo\\\/image\\\/\"},\"sameAs\":[\"https:\\\/\\\/www.facebook.com\\\/naturalpoland.b2b\",\"https:\\\/\\\/pl.linkedin.com\\\/company\\\/natural-poland\",\"https:\\\/\\\/www.youtube.com\\\/channel\\\/UCgeGGkvOMahZo-xu_MSEWxg\"]}]}<\/script>\n<!-- \/ Yoast SEO plugin. -->","yoast_head_json":{"title":"Kollagen - NATURAL POLAND - IMPORT UND HANDEL VON ROHSTOFFEN","description":"Kollagen ist ein unverzichtbarer Bestandteil von Nahrungserg\u00e4nzungsmitteln und unterst\u00fctzt die Gesundheit von Haut, Haaren, N\u00e4geln, Gelenken und Knochen.","robots":{"index":"index","follow":"follow","max-snippet":"max-snippet:-1","max-image-preview":"max-image-preview:large","max-video-preview":"max-video-preview:-1"},"canonical":"https:\/\/naturalpoland.com\/de\/produkte\/produkte-fur-die-pharmaindustrie\/nahrungserganzungmittel\/kollagen\/","og_locale":"de_DE","og_type":"article","og_title":"Kollagen - NATURAL POLAND - IMPORT UND HANDEL VON ROHSTOFFEN","og_description":"Kollagen ist ein unverzichtbarer Bestandteil von Nahrungserg\u00e4nzungsmitteln und unterst\u00fctzt die Gesundheit von Haut, Haaren, N\u00e4geln, Gelenken und Knochen.","og_url":"https:\/\/naturalpoland.com\/de\/produkte\/produkte-fur-die-pharmaindustrie\/nahrungserganzungmittel\/kollagen\/","og_site_name":"NATURAL POLAND - IMPORT UND HANDEL VON ROHSTOFFEN","article_publisher":"https:\/\/www.facebook.com\/naturalpoland.b2b","article_modified_time":"2026-03-23T10:23:28+00:00","og_image":[{"width":592,"height":592,"url":"https:\/\/naturalpoland.com\/wp-content\/uploads\/collagen.jpg","type":"image\/jpeg"}],"schema":{"@context":"https:\/\/schema.org","@graph":[{"@type":"WebPage","@id":"https:\/\/naturalpoland.com\/de\/produkte\/produkte-fur-die-pharmaindustrie\/nahrungserganzungmittel\/kollagen\/","url":"https:\/\/naturalpoland.com\/de\/produkte\/produkte-fur-die-pharmaindustrie\/nahrungserganzungmittel\/kollagen\/","name":"Kollagen - NATURAL POLAND - IMPORT UND HANDEL VON ROHSTOFFEN","isPartOf":{"@id":"https:\/\/naturalpoland.com\/de\/#website"},"primaryImageOfPage":{"@id":"https:\/\/naturalpoland.com\/de\/produkte\/produkte-fur-die-pharmaindustrie\/nahrungserganzungmittel\/kollagen\/#primaryimage"},"image":{"@id":"https:\/\/naturalpoland.com\/de\/produkte\/produkte-fur-die-pharmaindustrie\/nahrungserganzungmittel\/kollagen\/#primaryimage"},"thumbnailUrl":"https:\/\/naturalpoland.com\/wp-content\/uploads\/collagen.jpg","datePublished":"2023-09-01T07:36:08+00:00","dateModified":"2026-03-23T10:23:28+00:00","description":"Kollagen ist ein unverzichtbarer Bestandteil von Nahrungserg\u00e4nzungsmitteln und unterst\u00fctzt die Gesundheit von Haut, Haaren, N\u00e4geln, Gelenken und Knochen.","breadcrumb":{"@id":"https:\/\/naturalpoland.com\/de\/produkte\/produkte-fur-die-pharmaindustrie\/nahrungserganzungmittel\/kollagen\/#breadcrumb"},"inLanguage":"de","potentialAction":[{"@type":"ReadAction","target":["https:\/\/naturalpoland.com\/de\/produkte\/produkte-fur-die-pharmaindustrie\/nahrungserganzungmittel\/kollagen\/"]}]},{"@type":"ImageObject","inLanguage":"de","@id":"https:\/\/naturalpoland.com\/de\/produkte\/produkte-fur-die-pharmaindustrie\/nahrungserganzungmittel\/kollagen\/#primaryimage","url":"https:\/\/naturalpoland.com\/wp-content\/uploads\/collagen.jpg","contentUrl":"https:\/\/naturalpoland.com\/wp-content\/uploads\/collagen.jpg","width":592,"height":592,"caption":"Kollagen"},{"@type":"BreadcrumbList","@id":"https:\/\/naturalpoland.com\/de\/produkte\/produkte-fur-die-pharmaindustrie\/nahrungserganzungmittel\/kollagen\/#breadcrumb","itemListElement":[{"@type":"ListItem","position":1,"name":"Startseite","item":"https:\/\/naturalpoland.com\/de\/"},{"@type":"ListItem","position":2,"name":"Produkte","item":"https:\/\/naturalpoland.com\/de\/produkte\/"},{"@type":"ListItem","position":3,"name":"Kollagen"}]},{"@type":"WebSite","@id":"https:\/\/naturalpoland.com\/de\/#website","url":"https:\/\/naturalpoland.com\/de\/","name":"NATURAL POLAND - IMPORT UND HANDEL VON ROHSTOFFEN","description":"Rohstoffe f\u00fcr die Lebensmittelindustrie, Kosmetikindustrie, Pharmaindustrie","publisher":{"@id":"https:\/\/naturalpoland.com\/de\/#organization"},"potentialAction":[{"@type":"SearchAction","target":{"@type":"EntryPoint","urlTemplate":"https:\/\/naturalpoland.com\/de\/?s={search_term_string}"},"query-input":{"@type":"PropertyValueSpecification","valueRequired":true,"valueName":"search_term_string"}}],"inLanguage":"de"},{"@type":"Organization","@id":"https:\/\/naturalpoland.com\/de\/#organization","name":"Natural Poland","url":"https:\/\/naturalpoland.com\/de\/","logo":{"@type":"ImageObject","inLanguage":"de","@id":"https:\/\/naturalpoland.com\/de\/#\/schema\/logo\/image\/","url":"https:\/\/naturalpoland.com\/wp-content\/uploads\/2021\/05\/natural-poland-icon.png","contentUrl":"https:\/\/naturalpoland.com\/wp-content\/uploads\/2021\/05\/natural-poland-icon.png","width":512,"height":512,"caption":"Natural Poland"},"image":{"@id":"https:\/\/naturalpoland.com\/de\/#\/schema\/logo\/image\/"},"sameAs":["https:\/\/www.facebook.com\/naturalpoland.b2b","https:\/\/pl.linkedin.com\/company\/natural-poland","https:\/\/www.youtube.com\/channel\/UCgeGGkvOMahZo-xu_MSEWxg"]}]}},"_links":{"self":[{"href":"https:\/\/naturalpoland.com\/de\/wp-json\/wp\/v2\/product\/25244","targetHints":{"allow":["GET"]}}],"collection":[{"href":"https:\/\/naturalpoland.com\/de\/wp-json\/wp\/v2\/product"}],"about":[{"href":"https:\/\/naturalpoland.com\/de\/wp-json\/wp\/v2\/types\/product"}],"wp:featuredmedia":[{"embeddable":true,"href":"https:\/\/naturalpoland.com\/de\/wp-json\/wp\/v2\/media\/25238"}],"wp:attachment":[{"href":"https:\/\/naturalpoland.com\/de\/wp-json\/wp\/v2\/media?parent=25244"}],"wp:term":[{"taxonomy":"product_brand","embeddable":true,"href":"https:\/\/naturalpoland.com\/de\/wp-json\/wp\/v2\/product_brand?post=25244"},{"taxonomy":"product_cat","embeddable":true,"href":"https:\/\/naturalpoland.com\/de\/wp-json\/wp\/v2\/product_cat?post=25244"},{"taxonomy":"product_tag","embeddable":true,"href":"https:\/\/naturalpoland.com\/de\/wp-json\/wp\/v2\/product_tag?post=25244"}],"curies":[{"name":"wp","href":"https:\/\/api.w.org\/{rel}","templated":true}]}}